{"id":77606,"date":"2025-10-22T10:59:56","date_gmt":"2025-10-22T07:59:56","guid":{"rendered":"https:\/\/kidsplay.lt\/produktas\/woopie-pikniko-krepseliu-vaisiu-ir-darzoviu-rinkinys-xxl-103-vnt\/"},"modified":"2026-04-07T09:27:49","modified_gmt":"2026-04-07T06:27:49","slug":"woopie-pikniko-krepseliu-vaisiu-ir-darzoviu-rinkinys-xxl-103-vnt","status":"publish","type":"product","link":"https:\/\/kidsplay.lt\/lv\/products\/woopie-pikniko-krepseliu-vaisiu-ir-darzoviu-rinkinys-xxl-103-vnt\/","title":{"rendered":"WOOPIE pikniko krep\u0161eli\u0173 vaisi\u0173 ir dar\u017eovi\u0173 rinkinys XXL, 103 vnt."},"content":{"rendered":"<p>\u0160is vaiki\u0161kas\u00a0\u00a0i\u0161kyl\u0173 \u200b\u200bkrep\u0161elis i\u0161\u00a0\u201eWoopie\u201c\u00a0\u2013 tikras malonumas ma\u017eiesiems, kurie m\u0117gsta \u017eaisti su nameliais, apsipirkti ar gaminti! Tai puikus \u017eaislas praleisti laik\u0105 kartu kaip \u0161eima! Nusine\u0161kite krep\u0161el\u012f \u012f sod\u0105, teras\u0105, papl\u016bdim\u012f ar i\u0161kyl\u0105 parke ir surengkite nedidel\u012f vakar\u0117l\u012f lauke. Vaikai gali savaranki\u0161kai rinkti maist\u0105, ruo\u0161ti vai\u0161es me\u0161kiukams ir l\u0117l\u0117ms arba pavai\u0161inti t\u0117velius pica ir desertu. \u0160is rinkinys supa\u017eindina vaikus su vaidmen\u0173 \u017eaidim\u0173, socialin\u0117s s\u0105veikos ir kulinarini\u0173 nuotyki\u0173 pasauliu, kartu skatindamas j\u0173 vystym\u0105si. Valgymas lauke, net ir \u017eaid\u017eiant, moko maisto etiketo, dalijimosi ir ugdo socialin\u012f s\u0105moningum\u0105. Su\u00a0103 realisti\u0161komis detal\u0117mis\u00a0\u017eaidimas tampa ne\u012ftik\u0117tinai \u012fvairus ir \u012fkvepiantis. Rinkinys supakuotas\u00a0\u017eavingame i\u0161kyl\u0173 \u200b\u200bkrep\u0161elyje\u00a0su rankena ir u\u017erakinamu dangteliu, primenan\u010diame klasikin\u012f pint\u0105 krep\u0161\u012f \u2013 papuo\u0161t\u0105 raudonai baltu languotu ra\u0161tu ir n\u0117rini\u0173 juostele. J\u012f\u00a0lengva surinkti ir i\u0161ardyti\u00a0, tod\u0117l jis puikiai tinka tiek namams, tiek kelion\u0117ms. Pagamintas i\u0161\u00a0patvari\u0173, saugi\u0173 med\u017eiag\u0173\u00a0, atitinkan\u010di\u0173 visus vaik\u0173 saugos standartus, \u0161is rinkinys leid\u017eia j\u016bs\u0173 vaikui \u017eaisti vienam arba su broliais ir seserimis bei draugais, mokantis dalintis, planuoti valgius ir prekybos pagrind\u0173.<\/p>\n<p>Rakstur\u012bgs:<\/p>\n<p> \t&#8211; \u017daislas vaikams\u00a0nuo 3 met\u0173 am\u017eiaus<br \/>\n \t&#8211;\u00a0\u00a0Rinkinyje net 103 elementai\u00a0\u2013 daugyb\u0117 smagi\u0173 galimybi\u0173<br \/>\n \t&#8211;\u00a0 Rankomis sulankstytas\u00a0retro stiliaus\u00a0krep\u0161elis su rankena ir dekoracijomis<br \/>\n \t&#8211;\u00a0\u00a0Platus maisto produkt\u0173 asortimentas\u00a0: vaisiai, dar\u017eov\u0117s, m\u0117sa, saldumynai, g\u0117rimai<br \/>\n \t&#8211;\u00a0\u00a0\u017daidimo parduotuv\u0117s elementai\u00a0&#8211; popieriniai banknotai, monetos<br \/>\n \t&#8211;\u00a0\u00a0Saugios ir netoksi\u0161kos med\u017eiagos\u00a0&#8211; tinka ma\u017eiems vaikams<br \/>\n \t&#8211;\u00a0\u00a0Sulankstomas dizainas\u00a0lengvam laikymui ir transportavimui<br \/>\n \t&#8211;\u00a0\u00a0Realisti\u0161kos detal\u0117s ir spalvos\u00a0\u2013 pritraukia d\u0117mes\u012f ir skatina vaizduot\u0119<br \/>\n \t&#8211;\u00a0\u00a0Galimyb\u0117 \u017eaisti grup\u0117je\u00a0\u2013 padeda lavinti socialinius \u012fg\u016bd\u017eius<\/p>\n<p>Komplekt\u0101 ietilpst:<\/p>\n<p> \t&#8211; 1 sulankstomas pikniko krep\u0161ys su dekoratyvine apdaila<br \/>\n \t&#8211; Didel\u0117 pica, kuri\u0105 reikia supjaustyti grie\u017ein\u0117liais<br \/>\n \t&#8211; Spalvingi vaisiai (vynuog\u0117s, kriau\u0161\u0117s, bananai, obuoliai, avokadai, abrikosai)<br \/>\n \t&#8211; Dar\u017eov\u0117s (paprikos, bakla\u017eanai, morkos, agurkai, pomidorai)<br \/>\n \t&#8211; M\u0117sos produktai (vi\u0161tiena, de\u0161rel\u0117s, \u017euvis)<br \/>\n \t&#8211; Desertai (ledai, sausainiai, spurgos, \u0161okoladas, kruasanai)<br \/>\n \t&#8211; G\u0117rimai (kartonin\u0117s pakuot\u0117s, buteliai, stiklainiai, ke\u010dupas, sirupai)<br \/>\n \t&#8211; Peiliai, \u0161akut\u0117s, \u0161auk\u0161tai ir l\u0117k\u0161t\u0117s<br \/>\n \t&#8211; Banknotai ir monetos \u017eaidimui parduotuv\u0117je<\/p>\n<p>Rota\u013clieta att\u012bst\u0101s:<\/p>\n<p> \t&#8211; k\u016brybi\u0161kumas<br \/>\n \t&#8211; vaizduot\u0117<br \/>\n \t&#8211; loginis m\u0105stymas<br \/>\n \t&#8211; socialiniai \u012fg\u016bd\u017eiai ir bendravimas<br \/>\n \t&#8211; aki\u0173-rank\u0173 koordinacija<br \/>\n \t&#8211; spalv\u0173, form\u0173 ir maisto produkt\u0173 i\u0161manymas<br \/>\n \t&#8211; smulkiosios motorikos \u012fg\u016bd\u017eiai<\/p>\n<p>Pakuot\u0117s matmenys\u00a0: 30 x 14,7 x 20 (cm)<\/p>","protected":false},"excerpt":{"rendered":"<p>\u0160is vaiki\u0161kas\u00a0\u00a0i\u0161kyl\u0173 \u200b\u200bkrep\u0161elis i\u0161\u00a0\u201eWoopie\u201c\u00a0\u2013 tikras malonumas ma\u017eiesiems, kurie m\u0117gsta \u017eaisti su nameliais, apsipirkti ar gaminti! Tai puikus \u017eaislas praleisti laik\u0105<\/p>","protected":false},"featured_media":77608,"template":"","meta":{"_acf_changed":false,"_glsr_average":0,"_glsr_ranking":0,"_glsr_reviews":0},"product_brand":[],"product_cat":[399,229],"product_tag":[],"class_list":{"0":"post-77606","1":"product","2":"type-product","3":"status-publish","4":"has-post-thumbnail","6":"product_cat-vaidmenu-zaidimai-2","7":"product_cat-zaislai-vaikams","8":"\"style=\"background-color: #2ecc711c;\"","10":"first","11":"instock","12":"purchasable","13":"product-type-simple"},"acf":[],"yoast_head":"<!-- This site is optimized with the Yoast SEO plugin v27.3 - https:\/\/yoast.com\/product\/yoast-seo-wordpress\/ -->\n<title>WOOPIE pikniko krep\u0161eli\u0173 vaisi\u0173 ir dar\u017eovi\u0173 rinkinys XXL, 103 vnt.<\/title>\n<meta name=\"description\" content=\"WOOPIE pikniko krep\u0161eli\u0173 vaisi\u0173 ir dar\u017eovi\u0173 rinkinys XXL, 103 vnt. - KidsPlay. Did\u017eiausias vaik\u0173 \u017eaisl\u0173 pasirinkimas.\" \/>\n<meta name=\"robots\" content=\"index, follow, max-snippet:-1, max-image-preview:large, max-video-preview:-1\" \/>\n<link rel=\"canonical\" href=\"https:\/\/kidsplay.lt\/lv\/products\/woopie-pikniko-krepseliu-vaisiu-ir-darzoviu-rinkinys-xxl-103-vnt\/\" \/>\n<meta property=\"og:locale\" content=\"lv_LV\" \/>\n<meta property=\"og:type\" content=\"article\" \/>\n<meta property=\"og:title\" content=\"WOOPIE pikniko krep\u0161eli\u0173 vaisi\u0173 ir dar\u017eovi\u0173 rinkinys XXL, 103 vnt.\" \/>\n<meta property=\"og:description\" content=\"WOOPIE pikniko krep\u0161eli\u0173 vaisi\u0173 ir dar\u017eovi\u0173 rinkinys XXL, 103 vnt. - KidsPlay. Did\u017eiausias vaik\u0173 \u017eaisl\u0173 pasirinkimas.\" \/>\n<meta property=\"og:url\" content=\"https:\/\/kidsplay.lt\/lv\/products\/woopie-pikniko-krepseliu-vaisiu-ir-darzoviu-rinkinys-xxl-103-vnt\/\" \/>\n<meta property=\"og:site_name\" content=\"KidsPlay\" \/>\n<meta property=\"article:publisher\" content=\"https:\/\/www.facebook.com\/www.kidsplay.lt\" \/>\n<meta property=\"article:modified_time\" content=\"2026-04-07T06:27:49+00:00\" \/>\n<meta property=\"og:image\" content=\"https:\/\/kidsplay.lt\/wp-content\/uploads\/2025\/10\/WOOPIE-pikniko-krepseliu-vaisiu-ir-darzoviu-rinkinys-XXL-103-vnt.jpg\" \/>\n\t<meta property=\"og:image:width\" content=\"1000\" \/>\n\t<meta property=\"og:image:height\" content=\"1000\" \/>\n\t<meta property=\"og:image:type\" content=\"image\/jpeg\" \/>\n<meta name=\"twitter:card\" content=\"summary_large_image\" \/>\n<meta name=\"twitter:label1\" content=\"Est. reading time\" \/>\n\t<meta name=\"twitter:data1\" content=\"2 min\u016btes\" \/>\n<script type=\"application\/ld+json\" class=\"yoast-schema-graph\">{\"@context\":\"https:\\\/\\\/schema.org\",\"@graph\":[{\"@type\":\"WebPage\",\"@id\":\"https:\\\/\\\/kidsplay.lt\\\/produktas\\\/woopie-pikniko-krepseliu-vaisiu-ir-darzoviu-rinkinys-xxl-103-vnt\\\/\",\"url\":\"https:\\\/\\\/kidsplay.lt\\\/produktas\\\/woopie-pikniko-krepseliu-vaisiu-ir-darzoviu-rinkinys-xxl-103-vnt\\\/\",\"name\":\"WOOPIE pikniko krep\u0161eli\u0173 vaisi\u0173 ir dar\u017eovi\u0173 rinkinys XXL, 103 vnt.\",\"isPartOf\":{\"@id\":\"https:\\\/\\\/kidsplay.lt\\\/#website\"},\"primaryImageOfPage\":{\"@id\":\"https:\\\/\\\/kidsplay.lt\\\/produktas\\\/woopie-pikniko-krepseliu-vaisiu-ir-darzoviu-rinkinys-xxl-103-vnt\\\/#primaryimage\"},\"image\":{\"@id\":\"https:\\\/\\\/kidsplay.lt\\\/produktas\\\/woopie-pikniko-krepseliu-vaisiu-ir-darzoviu-rinkinys-xxl-103-vnt\\\/#primaryimage\"},\"thumbnailUrl\":\"https:\\\/\\\/kidsplay.lt\\\/wp-content\\\/uploads\\\/2025\\\/10\\\/WOOPIE-pikniko-krepseliu-vaisiu-ir-darzoviu-rinkinys-XXL-103-vnt.jpg\",\"datePublished\":\"2025-10-22T07:59:56+00:00\",\"dateModified\":\"2026-04-07T06:27:49+00:00\",\"description\":\"WOOPIE pikniko krep\u0161eli\u0173 vaisi\u0173 ir dar\u017eovi\u0173 rinkinys XXL, 103 vnt. - KidsPlay. Did\u017eiausias vaik\u0173 \u017eaisl\u0173 pasirinkimas.\",\"breadcrumb\":{\"@id\":\"https:\\\/\\\/kidsplay.lt\\\/produktas\\\/woopie-pikniko-krepseliu-vaisiu-ir-darzoviu-rinkinys-xxl-103-vnt\\\/#breadcrumb\"},\"inLanguage\":\"lv-LV\",\"potentialAction\":[{\"@type\":\"ReadAction\",\"target\":[\"https:\\\/\\\/kidsplay.lt\\\/produktas\\\/woopie-pikniko-krepseliu-vaisiu-ir-darzoviu-rinkinys-xxl-103-vnt\\\/\"]}]},{\"@type\":\"ImageObject\",\"inLanguage\":\"lv-LV\",\"@id\":\"https:\\\/\\\/kidsplay.lt\\\/produktas\\\/woopie-pikniko-krepseliu-vaisiu-ir-darzoviu-rinkinys-xxl-103-vnt\\\/#primaryimage\",\"url\":\"https:\\\/\\\/kidsplay.lt\\\/wp-content\\\/uploads\\\/2025\\\/10\\\/WOOPIE-pikniko-krepseliu-vaisiu-ir-darzoviu-rinkinys-XXL-103-vnt.jpg\",\"contentUrl\":\"https:\\\/\\\/kidsplay.lt\\\/wp-content\\\/uploads\\\/2025\\\/10\\\/WOOPIE-pikniko-krepseliu-vaisiu-ir-darzoviu-rinkinys-XXL-103-vnt.jpg\",\"width\":1000,\"height\":1000,\"caption\":\"WOOPIE pikniko krep\u0161eli\u0173 vaisi\u0173 ir dar\u017eovi\u0173 rinkinys XXL\"},{\"@type\":\"BreadcrumbList\",\"@id\":\"https:\\\/\\\/kidsplay.lt\\\/produktas\\\/woopie-pikniko-krepseliu-vaisiu-ir-darzoviu-rinkinys-xxl-103-vnt\\\/#breadcrumb\",\"itemListElement\":[{\"@type\":\"ListItem\",\"position\":1,\"name\":\"Pagrindinis\",\"item\":\"https:\\\/\\\/kidsplay.lt\\\/\"},{\"@type\":\"ListItem\",\"position\":2,\"name\":\"Parduotuv\u0117\",\"item\":\"https:\\\/\\\/kidsplay.lt\\\/parduotuve\\\/\"},{\"@type\":\"ListItem\",\"position\":3,\"name\":\"WOOPIE pikniko krep\u0161eli\u0173 vaisi\u0173 ir dar\u017eovi\u0173 rinkinys XXL, 103 vnt.\"}]},{\"@type\":\"WebSite\",\"@id\":\"https:\\\/\\\/kidsplay.lt\\\/#website\",\"url\":\"https:\\\/\\\/kidsplay.lt\\\/\",\"name\":\"Kidsplay.lt\",\"description\":\"\u012evairios prek\u0117s vaikams\",\"publisher\":{\"@id\":\"https:\\\/\\\/kidsplay.lt\\\/#organization\"},\"alternateName\":\"Kidsplay\",\"potentialAction\":[{\"@type\":\"SearchAction\",\"target\":{\"@type\":\"EntryPoint\",\"urlTemplate\":\"https:\\\/\\\/kidsplay.lt\\\/?s={search_term_string}\"},\"query-input\":{\"@type\":\"PropertyValueSpecification\",\"valueRequired\":true,\"valueName\":\"search_term_string\"}}],\"inLanguage\":\"lv-LV\"},{\"@type\":\"Organization\",\"@id\":\"https:\\\/\\\/kidsplay.lt\\\/#organization\",\"name\":\"KidsPlay\",\"url\":\"https:\\\/\\\/kidsplay.lt\\\/\",\"logo\":{\"@type\":\"ImageObject\",\"inLanguage\":\"lv-LV\",\"@id\":\"https:\\\/\\\/kidsplay.lt\\\/#\\\/schema\\\/logo\\\/image\\\/\",\"url\":\"https:\\\/\\\/kidsplay.lt\\\/wp-content\\\/uploads\\\/2023\\\/07\\\/kidsplay-logo.png\",\"contentUrl\":\"https:\\\/\\\/kidsplay.lt\\\/wp-content\\\/uploads\\\/2023\\\/07\\\/kidsplay-logo.png\",\"width\":451,\"height\":98,\"caption\":\"KidsPlay\"},\"image\":{\"@id\":\"https:\\\/\\\/kidsplay.lt\\\/#\\\/schema\\\/logo\\\/image\\\/\"},\"sameAs\":[\"https:\\\/\\\/www.facebook.com\\\/www.kidsplay.lt\"]}]}<\/script>\n<!-- \/ Yoast SEO plugin. -->","yoast_head_json":{"title":"WOOPIE pikniko krep\u0161eli\u0173 vaisi\u0173 ir dar\u017eovi\u0173 rinkinys XXL, 103 vnt.","description":"WOOPIE pikniko krep\u0161eli\u0173 vaisi\u0173 ir dar\u017eovi\u0173 rinkinys XXL, 103 vnt. - KidsPlay. Did\u017eiausias vaik\u0173 \u017eaisl\u0173 pasirinkimas.","robots":{"index":"index","follow":"follow","max-snippet":"max-snippet:-1","max-image-preview":"max-image-preview:large","max-video-preview":"max-video-preview:-1"},"canonical":"https:\/\/kidsplay.lt\/lv\/products\/woopie-pikniko-krepseliu-vaisiu-ir-darzoviu-rinkinys-xxl-103-vnt\/","og_locale":"lv_LV","og_type":"article","og_title":"WOOPIE pikniko krep\u0161eli\u0173 vaisi\u0173 ir dar\u017eovi\u0173 rinkinys XXL, 103 vnt.","og_description":"WOOPIE pikniko krep\u0161eli\u0173 vaisi\u0173 ir dar\u017eovi\u0173 rinkinys XXL, 103 vnt. - KidsPlay. Did\u017eiausias vaik\u0173 \u017eaisl\u0173 pasirinkimas.","og_url":"https:\/\/kidsplay.lt\/lv\/products\/woopie-pikniko-krepseliu-vaisiu-ir-darzoviu-rinkinys-xxl-103-vnt\/","og_site_name":"KidsPlay","article_publisher":"https:\/\/www.facebook.com\/www.kidsplay.lt","article_modified_time":"2026-04-07T06:27:49+00:00","og_image":[{"width":1000,"height":1000,"url":"https:\/\/kidsplay.lt\/wp-content\/uploads\/2025\/10\/WOOPIE-pikniko-krepseliu-vaisiu-ir-darzoviu-rinkinys-XXL-103-vnt.jpg","type":"image\/jpeg"}],"twitter_card":"summary_large_image","twitter_misc":{"Est. reading time":"2 min\u016btes"},"schema":{"@context":"https:\/\/schema.org","@graph":[{"@type":"WebPage","@id":"https:\/\/kidsplay.lt\/produktas\/woopie-pikniko-krepseliu-vaisiu-ir-darzoviu-rinkinys-xxl-103-vnt\/","url":"https:\/\/kidsplay.lt\/produktas\/woopie-pikniko-krepseliu-vaisiu-ir-darzoviu-rinkinys-xxl-103-vnt\/","name":"WOOPIE pikniko krep\u0161eli\u0173 vaisi\u0173 ir dar\u017eovi\u0173 rinkinys XXL, 103 vnt.","isPartOf":{"@id":"https:\/\/kidsplay.lt\/#website"},"primaryImageOfPage":{"@id":"https:\/\/kidsplay.lt\/produktas\/woopie-pikniko-krepseliu-vaisiu-ir-darzoviu-rinkinys-xxl-103-vnt\/#primaryimage"},"image":{"@id":"https:\/\/kidsplay.lt\/produktas\/woopie-pikniko-krepseliu-vaisiu-ir-darzoviu-rinkinys-xxl-103-vnt\/#primaryimage"},"thumbnailUrl":"https:\/\/kidsplay.lt\/wp-content\/uploads\/2025\/10\/WOOPIE-pikniko-krepseliu-vaisiu-ir-darzoviu-rinkinys-XXL-103-vnt.jpg","datePublished":"2025-10-22T07:59:56+00:00","dateModified":"2026-04-07T06:27:49+00:00","description":"WOOPIE pikniko krep\u0161eli\u0173 vaisi\u0173 ir dar\u017eovi\u0173 rinkinys XXL, 103 vnt. - KidsPlay. Did\u017eiausias vaik\u0173 \u017eaisl\u0173 pasirinkimas.","breadcrumb":{"@id":"https:\/\/kidsplay.lt\/produktas\/woopie-pikniko-krepseliu-vaisiu-ir-darzoviu-rinkinys-xxl-103-vnt\/#breadcrumb"},"inLanguage":"lv-LV","potentialAction":[{"@type":"ReadAction","target":["https:\/\/kidsplay.lt\/produktas\/woopie-pikniko-krepseliu-vaisiu-ir-darzoviu-rinkinys-xxl-103-vnt\/"]}]},{"@type":"ImageObject","inLanguage":"lv-LV","@id":"https:\/\/kidsplay.lt\/produktas\/woopie-pikniko-krepseliu-vaisiu-ir-darzoviu-rinkinys-xxl-103-vnt\/#primaryimage","url":"https:\/\/kidsplay.lt\/wp-content\/uploads\/2025\/10\/WOOPIE-pikniko-krepseliu-vaisiu-ir-darzoviu-rinkinys-XXL-103-vnt.jpg","contentUrl":"https:\/\/kidsplay.lt\/wp-content\/uploads\/2025\/10\/WOOPIE-pikniko-krepseliu-vaisiu-ir-darzoviu-rinkinys-XXL-103-vnt.jpg","width":1000,"height":1000,"caption":"WOOPIE pikniko krep\u0161eli\u0173 vaisi\u0173 ir dar\u017eovi\u0173 rinkinys XXL"},{"@type":"BreadcrumbList","@id":"https:\/\/kidsplay.lt\/produktas\/woopie-pikniko-krepseliu-vaisiu-ir-darzoviu-rinkinys-xxl-103-vnt\/#breadcrumb","itemListElement":[{"@type":"ListItem","position":1,"name":"Pagrindinis","item":"https:\/\/kidsplay.lt\/"},{"@type":"ListItem","position":2,"name":"Parduotuv\u0117","item":"https:\/\/kidsplay.lt\/parduotuve\/"},{"@type":"ListItem","position":3,"name":"WOOPIE pikniko krep\u0161eli\u0173 vaisi\u0173 ir dar\u017eovi\u0173 rinkinys XXL, 103 vnt."}]},{"@type":"WebSite","@id":"https:\/\/kidsplay.lt\/#website","url":"https:\/\/kidsplay.lt\/","name":"B\u0113rnu sp\u0113les.lv","description":"\u012evairios prek\u0117s vaikams","publisher":{"@id":"https:\/\/kidsplay.lt\/#organization"},"alternateName":"Kidsplay","potentialAction":[{"@type":"SearchAction","target":{"@type":"EntryPoint","urlTemplate":"https:\/\/kidsplay.lt\/?s={search_term_string}"},"query-input":{"@type":"PropertyValueSpecification","valueRequired":true,"valueName":"search_term_string"}}],"inLanguage":"lv-LV"},{"@type":"Organization","@id":"https:\/\/kidsplay.lt\/#organization","name":"B\u0113rnu sp\u0113le","url":"https:\/\/kidsplay.lt\/","logo":{"@type":"ImageObject","inLanguage":"lv-LV","@id":"https:\/\/kidsplay.lt\/#\/schema\/logo\/image\/","url":"https:\/\/kidsplay.lt\/wp-content\/uploads\/2023\/07\/kidsplay-logo.png","contentUrl":"https:\/\/kidsplay.lt\/wp-content\/uploads\/2023\/07\/kidsplay-logo.png","width":451,"height":98,"caption":"KidsPlay"},"image":{"@id":"https:\/\/kidsplay.lt\/#\/schema\/logo\/image\/"},"sameAs":["https:\/\/www.facebook.com\/www.kidsplay.lt"]}]}},"_links":{"self":[{"href":"https:\/\/kidsplay.lt\/lv\/wp-json\/wp\/v2\/product\/77606","targetHints":{"allow":["GET"]}}],"collection":[{"href":"https:\/\/kidsplay.lt\/lv\/wp-json\/wp\/v2\/product"}],"about":[{"href":"https:\/\/kidsplay.lt\/lv\/wp-json\/wp\/v2\/types\/product"}],"version-history":[{"count":1,"href":"https:\/\/kidsplay.lt\/lv\/wp-json\/wp\/v2\/product\/77606\/revisions"}],"predecessor-version":[{"id":77607,"href":"https:\/\/kidsplay.lt\/lv\/wp-json\/wp\/v2\/product\/77606\/revisions\/77607"}],"wp:featuredmedia":[{"embeddable":true,"href":"https:\/\/kidsplay.lt\/lv\/wp-json\/wp\/v2\/media\/77608"}],"wp:attachment":[{"href":"https:\/\/kidsplay.lt\/lv\/wp-json\/wp\/v2\/media?parent=77606"}],"wp:term":[{"taxonomy":"product_brand","embeddable":true,"href":"https:\/\/kidsplay.lt\/lv\/wp-json\/wp\/v2\/product_brand?post=77606"},{"taxonomy":"product_cat","embeddable":true,"href":"https:\/\/kidsplay.lt\/lv\/wp-json\/wp\/v2\/product_cat?post=77606"},{"taxonomy":"product_tag","embeddable":true,"href":"https:\/\/kidsplay.lt\/lv\/wp-json\/wp\/v2\/product_tag?post=77606"}],"curies":[{"name":"wp","href":"https:\/\/api.w.org\/{rel}","templated":true}]}}