{"id":77646,"date":"2025-10-22T11:11:58","date_gmt":"2025-10-22T08:11:58","guid":{"rendered":"https:\/\/kidsplay.lt\/produktas\/viga-polarb-medinis-vaikstyne-rozine-lavinamoji\/"},"modified":"2026-03-23T08:20:11","modified_gmt":"2026-03-23T06:20:11","slug":"viga-polarb-medinis-vaikstyne-rozine-lavinamoji","status":"publish","type":"product","link":"https:\/\/kidsplay.lt\/lv\/products\/viga-polarb-medinis-vaikstyne-rozine-lavinamoji\/","title":{"rendered":"VIGA PolarB medinis vaik\u0161tyn\u0117 ro\u017ein\u0117 lavinamoji"},"content":{"rendered":"<p>\u201e PolarB\u00a0\u201c\u00a0ro\u017einis vaik\u0161tyn\u0117\u00a0\u2013 puikus b\u016bdas smagiai praleisti laik\u0105 ir mokytis! Ji si\u016blo\u00a0interaktyvias veiklas,\u00a0tokias kaip \u017ei\u016br\u0117jimas \u012f veidrod\u012f, kalad\u0117li\u0173 sukimas, bar\u0161ku\u010dio ridenimas, form\u0173 derinimas ir grojimas cimbolais. Tai\u00a0skatina k\u016bdikius \u017eengti pirmuosius \u017eingsnius\u00a0\u2013 svarb\u0173 j\u0173 vystymosi etap\u0105. Be to, gale yra\u00a0prakti\u0161kas daiktad\u0117\u017e\u0117s skyrius\u00a0, puikiai tinkantis m\u0117gstamiausiems \u017eaislams laikyti.<\/p>\n<p>Rakstur\u012bgs:<\/p>\n<p> \t&#8211; vaikams\u00a0nuo 18 m\u0117nesi\u0173 am\u017eiaus<br \/>\n \t&#8211; pagaminta\u00a0i\u0161 med\u017eio<br \/>\n \t&#8211; daug interaktyvi\u0173\u00a0veikl\u0173<br \/>\n \t&#8211; padeda\u00a0mokytis vaik\u0161\u010dioti<br \/>\n \t&#8211; prakti\u0161kas\u00a0daiktad\u0117\u017e\u0117s skyrius<br \/>\n \t&#8211;\u00a0prislopintos spalvos<\/p>\n<p>Rota\u013clieta att\u012bst\u0101s:<\/p>\n<p> \t&#8211; stambiosios motorikos \u012fg\u016bd\u017eiai<br \/>\n \t&#8211; rank\u0173 ir aki\u0173 koordinacija<br \/>\n \t&#8211; geb\u0117jimas atpa\u017einti formas<br \/>\n \t&#8211; muzikin\u0117 klausa<\/p>","protected":false},"excerpt":{"rendered":"<p>\u201e PolarB\u00a0\u201c\u00a0ro\u017einis vaik\u0161tyn\u0117\u00a0\u2013 puikus b\u016bdas smagiai praleisti laik\u0105 ir mokytis! Ji si\u016blo\u00a0interaktyvias veiklas,\u00a0tokias kaip \u017ei\u016br\u0117jimas \u012f veidrod\u012f, kalad\u0117li\u0173 sukimas, bar\u0161ku\u010dio<\/p>","protected":false},"featured_media":77648,"template":"","meta":{"_acf_changed":false,"_glsr_average":0,"_glsr_ranking":0,"_glsr_reviews":0},"product_brand":[],"product_cat":[882,392],"product_tag":[],"class_list":{"0":"post-77646","1":"product","2":"type-product","3":"status-publish","4":"has-post-thumbnail","6":"product_cat-kudikiu-prieziura","7":"product_cat-stumdukai-ir-vaikstynes","8":"\"style=\"background-color: #2ecc711c;\"","10":"first","11":"outofstock","12":"sale","13":"purchasable","14":"product-type-simple"},"acf":[],"yoast_head":"<!-- This site is optimized with the Yoast SEO plugin v27.3 - https:\/\/yoast.com\/product\/yoast-seo-wordpress\/ -->\n<title>VIGA PolarB medinis vaik\u0161tyn\u0117 ro\u017ein\u0117 lavinamoji<\/title>\n<meta name=\"description\" content=\"VIGA PolarB medinis vaik\u0161tyn\u0117 ro\u017ein\u0117 lavinamoji - KidsPlay. Did\u017eiausias vaik\u0173 \u017eaisl\u0173 pasirinkimas.\" \/>\n<meta name=\"robots\" content=\"index, follow, max-snippet:-1, max-image-preview:large, max-video-preview:-1\" \/>\n<link rel=\"canonical\" href=\"https:\/\/kidsplay.lt\/lv\/products\/viga-polarb-medinis-vaikstyne-rozine-lavinamoji\/\" \/>\n<meta property=\"og:locale\" content=\"lv_LV\" \/>\n<meta property=\"og:type\" content=\"article\" \/>\n<meta property=\"og:title\" content=\"VIGA PolarB medinis vaik\u0161tyn\u0117 ro\u017ein\u0117 lavinamoji\" \/>\n<meta property=\"og:description\" content=\"VIGA PolarB medinis vaik\u0161tyn\u0117 ro\u017ein\u0117 lavinamoji - KidsPlay. Did\u017eiausias vaik\u0173 \u017eaisl\u0173 pasirinkimas.\" \/>\n<meta property=\"og:url\" content=\"https:\/\/kidsplay.lt\/lv\/products\/viga-polarb-medinis-vaikstyne-rozine-lavinamoji\/\" \/>\n<meta property=\"og:site_name\" content=\"KidsPlay\" \/>\n<meta property=\"article:publisher\" content=\"https:\/\/www.facebook.com\/www.kidsplay.lt\" \/>\n<meta property=\"article:modified_time\" content=\"2026-03-23T06:20:11+00:00\" \/>\n<meta property=\"og:image\" content=\"https:\/\/kidsplay.lt\/wp-content\/uploads\/2025\/10\/VIGA-PolarB-medinis-vaikstyne-rozine-lavinamoji.jpg\" \/>\n\t<meta property=\"og:image:width\" content=\"2560\" \/>\n\t<meta property=\"og:image:height\" content=\"2560\" \/>\n\t<meta property=\"og:image:type\" content=\"image\/jpeg\" \/>\n<meta name=\"twitter:card\" content=\"summary_large_image\" \/>\n<meta name=\"twitter:label1\" content=\"Est. reading time\" \/>\n\t<meta name=\"twitter:data1\" content=\"1 min\u016bte\" \/>\n<script type=\"application\/ld+json\" class=\"yoast-schema-graph\">{\"@context\":\"https:\\\/\\\/schema.org\",\"@graph\":[{\"@type\":\"WebPage\",\"@id\":\"https:\\\/\\\/kidsplay.lt\\\/produktas\\\/viga-polarb-medinis-vaikstyne-rozine-lavinamoji\\\/\",\"url\":\"https:\\\/\\\/kidsplay.lt\\\/produktas\\\/viga-polarb-medinis-vaikstyne-rozine-lavinamoji\\\/\",\"name\":\"VIGA PolarB medinis vaik\u0161tyn\u0117 ro\u017ein\u0117 lavinamoji\",\"isPartOf\":{\"@id\":\"https:\\\/\\\/kidsplay.lt\\\/#website\"},\"primaryImageOfPage\":{\"@id\":\"https:\\\/\\\/kidsplay.lt\\\/produktas\\\/viga-polarb-medinis-vaikstyne-rozine-lavinamoji\\\/#primaryimage\"},\"image\":{\"@id\":\"https:\\\/\\\/kidsplay.lt\\\/produktas\\\/viga-polarb-medinis-vaikstyne-rozine-lavinamoji\\\/#primaryimage\"},\"thumbnailUrl\":\"https:\\\/\\\/kidsplay.lt\\\/wp-content\\\/uploads\\\/2025\\\/10\\\/VIGA-PolarB-medinis-vaikstyne-rozine-lavinamoji.jpg\",\"datePublished\":\"2025-10-22T08:11:58+00:00\",\"dateModified\":\"2026-03-23T06:20:11+00:00\",\"description\":\"VIGA PolarB medinis vaik\u0161tyn\u0117 ro\u017ein\u0117 lavinamoji - KidsPlay. Did\u017eiausias vaik\u0173 \u017eaisl\u0173 pasirinkimas.\",\"breadcrumb\":{\"@id\":\"https:\\\/\\\/kidsplay.lt\\\/produktas\\\/viga-polarb-medinis-vaikstyne-rozine-lavinamoji\\\/#breadcrumb\"},\"inLanguage\":\"lv-LV\",\"potentialAction\":[{\"@type\":\"ReadAction\",\"target\":[\"https:\\\/\\\/kidsplay.lt\\\/produktas\\\/viga-polarb-medinis-vaikstyne-rozine-lavinamoji\\\/\"]}]},{\"@type\":\"ImageObject\",\"inLanguage\":\"lv-LV\",\"@id\":\"https:\\\/\\\/kidsplay.lt\\\/produktas\\\/viga-polarb-medinis-vaikstyne-rozine-lavinamoji\\\/#primaryimage\",\"url\":\"https:\\\/\\\/kidsplay.lt\\\/wp-content\\\/uploads\\\/2025\\\/10\\\/VIGA-PolarB-medinis-vaikstyne-rozine-lavinamoji.jpg\",\"contentUrl\":\"https:\\\/\\\/kidsplay.lt\\\/wp-content\\\/uploads\\\/2025\\\/10\\\/VIGA-PolarB-medinis-vaikstyne-rozine-lavinamoji.jpg\",\"width\":2560,\"height\":2560,\"caption\":\"VIGA PolarB medinis vaik\u0161tyn\u0117 ro\u017ein\u0117 lavinamoji\"},{\"@type\":\"BreadcrumbList\",\"@id\":\"https:\\\/\\\/kidsplay.lt\\\/produktas\\\/viga-polarb-medinis-vaikstyne-rozine-lavinamoji\\\/#breadcrumb\",\"itemListElement\":[{\"@type\":\"ListItem\",\"position\":1,\"name\":\"Pagrindinis\",\"item\":\"https:\\\/\\\/kidsplay.lt\\\/\"},{\"@type\":\"ListItem\",\"position\":2,\"name\":\"Parduotuv\u0117\",\"item\":\"https:\\\/\\\/kidsplay.lt\\\/parduotuve\\\/\"},{\"@type\":\"ListItem\",\"position\":3,\"name\":\"VIGA PolarB medinis vaik\u0161tyn\u0117 ro\u017ein\u0117 lavinamoji\"}]},{\"@type\":\"WebSite\",\"@id\":\"https:\\\/\\\/kidsplay.lt\\\/#website\",\"url\":\"https:\\\/\\\/kidsplay.lt\\\/\",\"name\":\"Kidsplay.lt\",\"description\":\"\u012evairios prek\u0117s vaikams\",\"publisher\":{\"@id\":\"https:\\\/\\\/kidsplay.lt\\\/#organization\"},\"alternateName\":\"Kidsplay\",\"potentialAction\":[{\"@type\":\"SearchAction\",\"target\":{\"@type\":\"EntryPoint\",\"urlTemplate\":\"https:\\\/\\\/kidsplay.lt\\\/?s={search_term_string}\"},\"query-input\":{\"@type\":\"PropertyValueSpecification\",\"valueRequired\":true,\"valueName\":\"search_term_string\"}}],\"inLanguage\":\"lv-LV\"},{\"@type\":\"Organization\",\"@id\":\"https:\\\/\\\/kidsplay.lt\\\/#organization\",\"name\":\"KidsPlay\",\"url\":\"https:\\\/\\\/kidsplay.lt\\\/\",\"logo\":{\"@type\":\"ImageObject\",\"inLanguage\":\"lv-LV\",\"@id\":\"https:\\\/\\\/kidsplay.lt\\\/#\\\/schema\\\/logo\\\/image\\\/\",\"url\":\"https:\\\/\\\/kidsplay.lt\\\/wp-content\\\/uploads\\\/2023\\\/07\\\/kidsplay-logo.png\",\"contentUrl\":\"https:\\\/\\\/kidsplay.lt\\\/wp-content\\\/uploads\\\/2023\\\/07\\\/kidsplay-logo.png\",\"width\":451,\"height\":98,\"caption\":\"KidsPlay\"},\"image\":{\"@id\":\"https:\\\/\\\/kidsplay.lt\\\/#\\\/schema\\\/logo\\\/image\\\/\"},\"sameAs\":[\"https:\\\/\\\/www.facebook.com\\\/www.kidsplay.lt\"]}]}<\/script>\n<!-- \/ Yoast SEO plugin. -->","yoast_head_json":{"title":"VIGA PolarB medinis vaik\u0161tyn\u0117 ro\u017ein\u0117 lavinamoji","description":"VIGA PolarB medinis vaik\u0161tyn\u0117 ro\u017ein\u0117 lavinamoji - KidsPlay. Did\u017eiausias vaik\u0173 \u017eaisl\u0173 pasirinkimas.","robots":{"index":"index","follow":"follow","max-snippet":"max-snippet:-1","max-image-preview":"max-image-preview:large","max-video-preview":"max-video-preview:-1"},"canonical":"https:\/\/kidsplay.lt\/lv\/products\/viga-polarb-medinis-vaikstyne-rozine-lavinamoji\/","og_locale":"lv_LV","og_type":"article","og_title":"VIGA PolarB medinis vaik\u0161tyn\u0117 ro\u017ein\u0117 lavinamoji","og_description":"VIGA PolarB medinis vaik\u0161tyn\u0117 ro\u017ein\u0117 lavinamoji - KidsPlay. Did\u017eiausias vaik\u0173 \u017eaisl\u0173 pasirinkimas.","og_url":"https:\/\/kidsplay.lt\/lv\/products\/viga-polarb-medinis-vaikstyne-rozine-lavinamoji\/","og_site_name":"KidsPlay","article_publisher":"https:\/\/www.facebook.com\/www.kidsplay.lt","article_modified_time":"2026-03-23T06:20:11+00:00","og_image":[{"width":2560,"height":2560,"url":"https:\/\/kidsplay.lt\/wp-content\/uploads\/2025\/10\/VIGA-PolarB-medinis-vaikstyne-rozine-lavinamoji.jpg","type":"image\/jpeg"}],"twitter_card":"summary_large_image","twitter_misc":{"Est. reading time":"1 min\u016bte"},"schema":{"@context":"https:\/\/schema.org","@graph":[{"@type":"WebPage","@id":"https:\/\/kidsplay.lt\/produktas\/viga-polarb-medinis-vaikstyne-rozine-lavinamoji\/","url":"https:\/\/kidsplay.lt\/produktas\/viga-polarb-medinis-vaikstyne-rozine-lavinamoji\/","name":"VIGA PolarB medinis vaik\u0161tyn\u0117 ro\u017ein\u0117 lavinamoji","isPartOf":{"@id":"https:\/\/kidsplay.lt\/#website"},"primaryImageOfPage":{"@id":"https:\/\/kidsplay.lt\/produktas\/viga-polarb-medinis-vaikstyne-rozine-lavinamoji\/#primaryimage"},"image":{"@id":"https:\/\/kidsplay.lt\/produktas\/viga-polarb-medinis-vaikstyne-rozine-lavinamoji\/#primaryimage"},"thumbnailUrl":"https:\/\/kidsplay.lt\/wp-content\/uploads\/2025\/10\/VIGA-PolarB-medinis-vaikstyne-rozine-lavinamoji.jpg","datePublished":"2025-10-22T08:11:58+00:00","dateModified":"2026-03-23T06:20:11+00:00","description":"VIGA PolarB medinis vaik\u0161tyn\u0117 ro\u017ein\u0117 lavinamoji - KidsPlay. Did\u017eiausias vaik\u0173 \u017eaisl\u0173 pasirinkimas.","breadcrumb":{"@id":"https:\/\/kidsplay.lt\/produktas\/viga-polarb-medinis-vaikstyne-rozine-lavinamoji\/#breadcrumb"},"inLanguage":"lv-LV","potentialAction":[{"@type":"ReadAction","target":["https:\/\/kidsplay.lt\/produktas\/viga-polarb-medinis-vaikstyne-rozine-lavinamoji\/"]}]},{"@type":"ImageObject","inLanguage":"lv-LV","@id":"https:\/\/kidsplay.lt\/produktas\/viga-polarb-medinis-vaikstyne-rozine-lavinamoji\/#primaryimage","url":"https:\/\/kidsplay.lt\/wp-content\/uploads\/2025\/10\/VIGA-PolarB-medinis-vaikstyne-rozine-lavinamoji.jpg","contentUrl":"https:\/\/kidsplay.lt\/wp-content\/uploads\/2025\/10\/VIGA-PolarB-medinis-vaikstyne-rozine-lavinamoji.jpg","width":2560,"height":2560,"caption":"VIGA PolarB medinis vaik\u0161tyn\u0117 ro\u017ein\u0117 lavinamoji"},{"@type":"BreadcrumbList","@id":"https:\/\/kidsplay.lt\/produktas\/viga-polarb-medinis-vaikstyne-rozine-lavinamoji\/#breadcrumb","itemListElement":[{"@type":"ListItem","position":1,"name":"Pagrindinis","item":"https:\/\/kidsplay.lt\/"},{"@type":"ListItem","position":2,"name":"Parduotuv\u0117","item":"https:\/\/kidsplay.lt\/parduotuve\/"},{"@type":"ListItem","position":3,"name":"VIGA PolarB medinis vaik\u0161tyn\u0117 ro\u017ein\u0117 lavinamoji"}]},{"@type":"WebSite","@id":"https:\/\/kidsplay.lt\/#website","url":"https:\/\/kidsplay.lt\/","name":"B\u0113rnu sp\u0113les.lv","description":"\u012evairios prek\u0117s vaikams","publisher":{"@id":"https:\/\/kidsplay.lt\/#organization"},"alternateName":"Kidsplay","potentialAction":[{"@type":"SearchAction","target":{"@type":"EntryPoint","urlTemplate":"https:\/\/kidsplay.lt\/?s={search_term_string}"},"query-input":{"@type":"PropertyValueSpecification","valueRequired":true,"valueName":"search_term_string"}}],"inLanguage":"lv-LV"},{"@type":"Organization","@id":"https:\/\/kidsplay.lt\/#organization","name":"B\u0113rnu sp\u0113le","url":"https:\/\/kidsplay.lt\/","logo":{"@type":"ImageObject","inLanguage":"lv-LV","@id":"https:\/\/kidsplay.lt\/#\/schema\/logo\/image\/","url":"https:\/\/kidsplay.lt\/wp-content\/uploads\/2023\/07\/kidsplay-logo.png","contentUrl":"https:\/\/kidsplay.lt\/wp-content\/uploads\/2023\/07\/kidsplay-logo.png","width":451,"height":98,"caption":"KidsPlay"},"image":{"@id":"https:\/\/kidsplay.lt\/#\/schema\/logo\/image\/"},"sameAs":["https:\/\/www.facebook.com\/www.kidsplay.lt"]}]}},"_links":{"self":[{"href":"https:\/\/kidsplay.lt\/lv\/wp-json\/wp\/v2\/product\/77646","targetHints":{"allow":["GET"]}}],"collection":[{"href":"https:\/\/kidsplay.lt\/lv\/wp-json\/wp\/v2\/product"}],"about":[{"href":"https:\/\/kidsplay.lt\/lv\/wp-json\/wp\/v2\/types\/product"}],"version-history":[{"count":1,"href":"https:\/\/kidsplay.lt\/lv\/wp-json\/wp\/v2\/product\/77646\/revisions"}],"predecessor-version":[{"id":77647,"href":"https:\/\/kidsplay.lt\/lv\/wp-json\/wp\/v2\/product\/77646\/revisions\/77647"}],"wp:featuredmedia":[{"embeddable":true,"href":"https:\/\/kidsplay.lt\/lv\/wp-json\/wp\/v2\/media\/77648"}],"wp:attachment":[{"href":"https:\/\/kidsplay.lt\/lv\/wp-json\/wp\/v2\/media?parent=77646"}],"wp:term":[{"taxonomy":"product_brand","embeddable":true,"href":"https:\/\/kidsplay.lt\/lv\/wp-json\/wp\/v2\/product_brand?post=77646"},{"taxonomy":"product_cat","embeddable":true,"href":"https:\/\/kidsplay.lt\/lv\/wp-json\/wp\/v2\/product_cat?post=77646"},{"taxonomy":"product_tag","embeddable":true,"href":"https:\/\/kidsplay.lt\/lv\/wp-json\/wp\/v2\/product_tag?post=77646"}],"curies":[{"name":"wp","href":"https:\/\/api.w.org\/{rel}","templated":true}]}}