{"id":77684,"date":"2025-10-22T11:15:33","date_gmt":"2025-10-22T08:15:33","guid":{"rendered":"https:\/\/kidsplay.lt\/produktas\/viga-medine-manipuliacine-sensorine-lenta-su-vienaragio-fsc-montessori-sertifikatu\/"},"modified":"2026-04-07T10:09:54","modified_gmt":"2026-04-07T07:09:54","slug":"viga-medine-manipuliacine-sensorine-lenta-su-vienaragio-fsc-montessori-sertifikatu","status":"publish","type":"product","link":"https:\/\/kidsplay.lt\/lv\/products\/viga-medine-manipuliacine-sensorine-lenta-su-vienaragio-fsc-montessori-sertifikatu\/","title":{"rendered":"VIGA koka manipulat\u012bv\u0101 sensorisk\u0101 t\u0101fele ar vienrad\u017ea FSC Montessori sertifik\u0101tu"},"content":{"rendered":"<p>Daugiafunkcin\u0117 sienin\u0117 lenta\u00a0su \u017eavingu vienaragio dizainu. \u0160i lenta yra \u017eaislas, kuriuo vienu metu gali \u017eaisti keli vaikai. Jie gali ne tik smagiai praleisti laik\u0105, bet ir daug ko i\u0161mokti. Ji padeda lavinti spalvas, garsus ir grafik\u0105. Ji taip pat lavina aki\u0173 ir rank\u0173 koordinacij\u0105 bei socialinius \u012fg\u016bd\u017eius. Puikus \u017eaisl\u0173 derinys mokykloms, ikimokyklin\u0117ms \u012fstaigoms, mokymosi centrams ir vie\u0161osioms erdv\u0117ms.<\/p>\n<p>Raksturojums:<\/p>\n<p> \t&#8211; ant vienaragio galvos yra medin\u0117\u00a0tarka su tekst\u016bra,<br \/>\n \t&#8211; medin\u0117s ranken\u0117l\u0117s\u00a0d\u0117ka\u00a0galite\u00a0pakeisti vienaragio\u00a0akis\u00a0,<br \/>\n \t&#8211; ant galvos vir\u0161aus yra\u00a0varpelis\u00a0, kuris skleid\u017eia gars\u0105, kai \u012f j\u012f mu\u0161ama,<br \/>\n \t&#8211; ant kar\u010di\u0173 yra\u00a0vaivoryk\u0161t\u0117s ksilofonas\u00a0su\u00a0lazdele,<br \/>\n \t&#8211; vienaragio sparnas u\u017epildo\u00a0tunel\u012f\u00a0magnetiniais\u00a0kamuoliukais\u00a0,\u00a0kuriuos galima judinti raudonu ra\u0161ikliu,<br \/>\n \t&#8211; spalvingas pynimas\u00a0eina per vis\u0105 gyv\u016bno k\u016bn\u0105\u00a0, taip pat kabo\u00a02 veidrod\u017eiai,<br \/>\n \t&#8211; pa\u010diame apa\u010dioje yra\u00a0medin\u0117s, spalvingos fig\u016br\u0117l\u0117s,<br \/>\n \t&#8211; vienaragio vaivoryk\u0161t\u0117s uodega yra padengta skirtingo\u00a0dyd\u017eio\u00a0krumpliara\u010diais\u00a0,<br \/>\n \t&#8211; lent\u0105 labai\u00a0lengva surinkti, i\u0161ardyti\u00a0ir\u00a0transportuoti,<br \/>\n \t&#8211; pagaminta i\u0161 lakuotos\u00a0medienos\u00a0,<br \/>\n \t&#8211; da\u017eyta\u00a0netoksi\u0161kais,\u00a0ry\u0161ki\u0173 spalv\u0173 da\u017eais.<\/p>\n<p>\u017daislas:<\/p>\n<p> \t&#8211; ugdo geb\u0117jim\u0105 logi\u0161kai m\u0105styti,<br \/>\n \t&#8211; padeda mokytis spalv\u0173,<br \/>\n \t&#8211; ugdo vaik\u0173 rankinius \u012fg\u016bd\u017eius,<br \/>\n \t&#8211; palaiko sensorinius \u012fg\u016bd\u017eius,<br \/>\n \t&#8211; lavina aki\u0173 ir rank\u0173 koordinacij\u0105,<br \/>\n \t\u2013 moko dirbti komandoje.<br \/>\n \t&#8211; palaiko geb\u0117jim\u0105 dalytis.<\/p>","protected":false},"excerpt":{"rendered":"<p>Daugiafunkcin\u0117 sienin\u0117 lenta\u00a0su \u017eavingu vienaragio dizainu. \u0160i lenta yra \u017eaislas, kuriuo vienu metu gali \u017eaisti keli vaikai. Jie gali ne<\/p>","protected":false},"featured_media":56013,"template":"","meta":{"_acf_changed":false,"_glsr_average":0,"_glsr_ranking":0,"_glsr_reviews":0},"product_brand":[],"product_cat":[549,229],"product_tag":[],"class_list":{"0":"post-77684","1":"product","2":"type-product","3":"status-publish","4":"has-post-thumbnail","6":"product_cat-manipuliacines-lentos","7":"product_cat-zaislai-vaikams","8":"\"style=\"background-color: #2ecc711c;\"","10":"first","11":"instock","12":"purchasable","13":"product-type-simple"},"acf":[],"yoast_head":"<!-- This site is optimized with the Yoast SEO plugin v27.3 - https:\/\/yoast.com\/product\/yoast-seo-wordpress\/ -->\n<title>VIGA medin\u0117 manipuliacin\u0117 sensorin\u0117 lenta su vienaragio FSC Montessori sertifikatu<\/title>\n<meta name=\"description\" content=\"VIGA medin\u0117 manipuliacin\u0117 sensorin\u0117 lenta su vienaragio FSC Montessori sertifikatu - KidsPlay. Did\u017eiausias vaik\u0173 \u017eaisl\u0173 pasirinkimas.\" \/>\n<meta name=\"robots\" content=\"index, follow, max-snippet:-1, max-image-preview:large, max-video-preview:-1\" \/>\n<link rel=\"canonical\" href=\"https:\/\/kidsplay.lt\/lv\/products\/viga-medine-manipuliacine-sensorine-lenta-su-vienaragio-fsc-montessori-sertifikatu\/\" \/>\n<meta property=\"og:locale\" content=\"lv_LV\" \/>\n<meta property=\"og:type\" content=\"article\" \/>\n<meta property=\"og:title\" content=\"VIGA medin\u0117 manipuliacin\u0117 sensorin\u0117 lenta su vienaragio FSC Montessori sertifikatu\" \/>\n<meta property=\"og:description\" content=\"VIGA medin\u0117 manipuliacin\u0117 sensorin\u0117 lenta su vienaragio FSC Montessori sertifikatu - KidsPlay. Did\u017eiausias vaik\u0173 \u017eaisl\u0173 pasirinkimas.\" \/>\n<meta property=\"og:url\" content=\"https:\/\/kidsplay.lt\/lv\/products\/viga-medine-manipuliacine-sensorine-lenta-su-vienaragio-fsc-montessori-sertifikatu\/\" \/>\n<meta property=\"og:site_name\" content=\"KidsPlay\" \/>\n<meta property=\"article:publisher\" content=\"https:\/\/www.facebook.com\/www.kidsplay.lt\" \/>\n<meta property=\"article:modified_time\" content=\"2026-04-07T07:09:54+00:00\" \/>\n<meta property=\"og:image\" content=\"https:\/\/kidsplay.lt\/wp-content\/uploads\/2024\/09\/Medines-sensorines-manipuliacines-lenta-vienaragis.jpg\" \/>\n\t<meta property=\"og:image:width\" content=\"2500\" \/>\n\t<meta property=\"og:image:height\" content=\"2500\" \/>\n\t<meta property=\"og:image:type\" content=\"image\/jpeg\" \/>\n<meta name=\"twitter:card\" content=\"summary_large_image\" \/>\n<meta name=\"twitter:label1\" content=\"Est. reading time\" \/>\n\t<meta name=\"twitter:data1\" content=\"1 min\u016bte\" \/>\n<script type=\"application\/ld+json\" class=\"yoast-schema-graph\">{\"@context\":\"https:\\\/\\\/schema.org\",\"@graph\":[{\"@type\":\"WebPage\",\"@id\":\"https:\\\/\\\/kidsplay.lt\\\/produktas\\\/viga-medine-manipuliacine-sensorine-lenta-su-vienaragio-fsc-montessori-sertifikatu\\\/\",\"url\":\"https:\\\/\\\/kidsplay.lt\\\/produktas\\\/viga-medine-manipuliacine-sensorine-lenta-su-vienaragio-fsc-montessori-sertifikatu\\\/\",\"name\":\"VIGA medin\u0117 manipuliacin\u0117 sensorin\u0117 lenta su vienaragio FSC Montessori sertifikatu\",\"isPartOf\":{\"@id\":\"https:\\\/\\\/kidsplay.lt\\\/#website\"},\"primaryImageOfPage\":{\"@id\":\"https:\\\/\\\/kidsplay.lt\\\/produktas\\\/viga-medine-manipuliacine-sensorine-lenta-su-vienaragio-fsc-montessori-sertifikatu\\\/#primaryimage\"},\"image\":{\"@id\":\"https:\\\/\\\/kidsplay.lt\\\/produktas\\\/viga-medine-manipuliacine-sensorine-lenta-su-vienaragio-fsc-montessori-sertifikatu\\\/#primaryimage\"},\"thumbnailUrl\":\"https:\\\/\\\/kidsplay.lt\\\/wp-content\\\/uploads\\\/2024\\\/09\\\/Medines-sensorines-manipuliacines-lenta-vienaragis.jpg\",\"datePublished\":\"2025-10-22T08:15:33+00:00\",\"dateModified\":\"2026-04-07T07:09:54+00:00\",\"description\":\"VIGA medin\u0117 manipuliacin\u0117 sensorin\u0117 lenta su vienaragio FSC Montessori sertifikatu - KidsPlay. Did\u017eiausias vaik\u0173 \u017eaisl\u0173 pasirinkimas.\",\"breadcrumb\":{\"@id\":\"https:\\\/\\\/kidsplay.lt\\\/produktas\\\/viga-medine-manipuliacine-sensorine-lenta-su-vienaragio-fsc-montessori-sertifikatu\\\/#breadcrumb\"},\"inLanguage\":\"lv-LV\",\"potentialAction\":[{\"@type\":\"ReadAction\",\"target\":[\"https:\\\/\\\/kidsplay.lt\\\/produktas\\\/viga-medine-manipuliacine-sensorine-lenta-su-vienaragio-fsc-montessori-sertifikatu\\\/\"]}]},{\"@type\":\"ImageObject\",\"inLanguage\":\"lv-LV\",\"@id\":\"https:\\\/\\\/kidsplay.lt\\\/produktas\\\/viga-medine-manipuliacine-sensorine-lenta-su-vienaragio-fsc-montessori-sertifikatu\\\/#primaryimage\",\"url\":\"https:\\\/\\\/kidsplay.lt\\\/wp-content\\\/uploads\\\/2024\\\/09\\\/Medines-sensorines-manipuliacines-lenta-vienaragis.jpg\",\"contentUrl\":\"https:\\\/\\\/kidsplay.lt\\\/wp-content\\\/uploads\\\/2024\\\/09\\\/Medines-sensorines-manipuliacines-lenta-vienaragis.jpg\",\"width\":2500,\"height\":2500,\"caption\":\"VIGA medin\u0117 manipuliacin\u0117 sensorin\u0117 lenta su vienaragio FSC Montessori sertifikatu\"},{\"@type\":\"BreadcrumbList\",\"@id\":\"https:\\\/\\\/kidsplay.lt\\\/produktas\\\/viga-medine-manipuliacine-sensorine-lenta-su-vienaragio-fsc-montessori-sertifikatu\\\/#breadcrumb\",\"itemListElement\":[{\"@type\":\"ListItem\",\"position\":1,\"name\":\"Pagrindinis\",\"item\":\"https:\\\/\\\/kidsplay.lt\\\/\"},{\"@type\":\"ListItem\",\"position\":2,\"name\":\"Parduotuv\u0117\",\"item\":\"https:\\\/\\\/kidsplay.lt\\\/parduotuve\\\/\"},{\"@type\":\"ListItem\",\"position\":3,\"name\":\"VIGA medin\u0117 manipuliacin\u0117 sensorin\u0117 lenta su vienaragio FSC Montessori sertifikatu\"}]},{\"@type\":\"WebSite\",\"@id\":\"https:\\\/\\\/kidsplay.lt\\\/#website\",\"url\":\"https:\\\/\\\/kidsplay.lt\\\/\",\"name\":\"Kidsplay.lt\",\"description\":\"\u012evairios prek\u0117s vaikams\",\"publisher\":{\"@id\":\"https:\\\/\\\/kidsplay.lt\\\/#organization\"},\"alternateName\":\"Kidsplay\",\"potentialAction\":[{\"@type\":\"SearchAction\",\"target\":{\"@type\":\"EntryPoint\",\"urlTemplate\":\"https:\\\/\\\/kidsplay.lt\\\/?s={search_term_string}\"},\"query-input\":{\"@type\":\"PropertyValueSpecification\",\"valueRequired\":true,\"valueName\":\"search_term_string\"}}],\"inLanguage\":\"lv-LV\"},{\"@type\":\"Organization\",\"@id\":\"https:\\\/\\\/kidsplay.lt\\\/#organization\",\"name\":\"KidsPlay\",\"url\":\"https:\\\/\\\/kidsplay.lt\\\/\",\"logo\":{\"@type\":\"ImageObject\",\"inLanguage\":\"lv-LV\",\"@id\":\"https:\\\/\\\/kidsplay.lt\\\/#\\\/schema\\\/logo\\\/image\\\/\",\"url\":\"https:\\\/\\\/kidsplay.lt\\\/wp-content\\\/uploads\\\/2023\\\/07\\\/kidsplay-logo.png\",\"contentUrl\":\"https:\\\/\\\/kidsplay.lt\\\/wp-content\\\/uploads\\\/2023\\\/07\\\/kidsplay-logo.png\",\"width\":451,\"height\":98,\"caption\":\"KidsPlay\"},\"image\":{\"@id\":\"https:\\\/\\\/kidsplay.lt\\\/#\\\/schema\\\/logo\\\/image\\\/\"},\"sameAs\":[\"https:\\\/\\\/www.facebook.com\\\/www.kidsplay.lt\"]}]}<\/script>\n<!-- \/ Yoast SEO plugin. -->","yoast_head_json":{"title":"VIGA koka manipulat\u012bv\u0101 sensorisk\u0101 t\u0101fele ar vienrad\u017ea FSC Montessori sertifik\u0101tu","description":"VIGA medin\u0117 manipuliacin\u0117 sensorin\u0117 lenta su vienaragio FSC Montessori sertifikatu - KidsPlay. Did\u017eiausias vaik\u0173 \u017eaisl\u0173 pasirinkimas.","robots":{"index":"index","follow":"follow","max-snippet":"max-snippet:-1","max-image-preview":"max-image-preview:large","max-video-preview":"max-video-preview:-1"},"canonical":"https:\/\/kidsplay.lt\/lv\/products\/viga-medine-manipuliacine-sensorine-lenta-su-vienaragio-fsc-montessori-sertifikatu\/","og_locale":"lv_LV","og_type":"article","og_title":"VIGA medin\u0117 manipuliacin\u0117 sensorin\u0117 lenta su vienaragio FSC Montessori sertifikatu","og_description":"VIGA medin\u0117 manipuliacin\u0117 sensorin\u0117 lenta su vienaragio FSC Montessori sertifikatu - KidsPlay. Did\u017eiausias vaik\u0173 \u017eaisl\u0173 pasirinkimas.","og_url":"https:\/\/kidsplay.lt\/lv\/products\/viga-medine-manipuliacine-sensorine-lenta-su-vienaragio-fsc-montessori-sertifikatu\/","og_site_name":"KidsPlay","article_publisher":"https:\/\/www.facebook.com\/www.kidsplay.lt","article_modified_time":"2026-04-07T07:09:54+00:00","og_image":[{"width":2500,"height":2500,"url":"https:\/\/kidsplay.lt\/wp-content\/uploads\/2024\/09\/Medines-sensorines-manipuliacines-lenta-vienaragis.jpg","type":"image\/jpeg"}],"twitter_card":"summary_large_image","twitter_misc":{"Est. reading time":"1 min\u016bte"},"schema":{"@context":"https:\/\/schema.org","@graph":[{"@type":"WebPage","@id":"https:\/\/kidsplay.lt\/produktas\/viga-medine-manipuliacine-sensorine-lenta-su-vienaragio-fsc-montessori-sertifikatu\/","url":"https:\/\/kidsplay.lt\/produktas\/viga-medine-manipuliacine-sensorine-lenta-su-vienaragio-fsc-montessori-sertifikatu\/","name":"VIGA koka manipulat\u012bv\u0101 sensorisk\u0101 t\u0101fele ar vienrad\u017ea FSC Montessori sertifik\u0101tu","isPartOf":{"@id":"https:\/\/kidsplay.lt\/#website"},"primaryImageOfPage":{"@id":"https:\/\/kidsplay.lt\/produktas\/viga-medine-manipuliacine-sensorine-lenta-su-vienaragio-fsc-montessori-sertifikatu\/#primaryimage"},"image":{"@id":"https:\/\/kidsplay.lt\/produktas\/viga-medine-manipuliacine-sensorine-lenta-su-vienaragio-fsc-montessori-sertifikatu\/#primaryimage"},"thumbnailUrl":"https:\/\/kidsplay.lt\/wp-content\/uploads\/2024\/09\/Medines-sensorines-manipuliacines-lenta-vienaragis.jpg","datePublished":"2025-10-22T08:15:33+00:00","dateModified":"2026-04-07T07:09:54+00:00","description":"VIGA medin\u0117 manipuliacin\u0117 sensorin\u0117 lenta su vienaragio FSC Montessori sertifikatu - KidsPlay. Did\u017eiausias vaik\u0173 \u017eaisl\u0173 pasirinkimas.","breadcrumb":{"@id":"https:\/\/kidsplay.lt\/produktas\/viga-medine-manipuliacine-sensorine-lenta-su-vienaragio-fsc-montessori-sertifikatu\/#breadcrumb"},"inLanguage":"lv-LV","potentialAction":[{"@type":"ReadAction","target":["https:\/\/kidsplay.lt\/produktas\/viga-medine-manipuliacine-sensorine-lenta-su-vienaragio-fsc-montessori-sertifikatu\/"]}]},{"@type":"ImageObject","inLanguage":"lv-LV","@id":"https:\/\/kidsplay.lt\/produktas\/viga-medine-manipuliacine-sensorine-lenta-su-vienaragio-fsc-montessori-sertifikatu\/#primaryimage","url":"https:\/\/kidsplay.lt\/wp-content\/uploads\/2024\/09\/Medines-sensorines-manipuliacines-lenta-vienaragis.jpg","contentUrl":"https:\/\/kidsplay.lt\/wp-content\/uploads\/2024\/09\/Medines-sensorines-manipuliacines-lenta-vienaragis.jpg","width":2500,"height":2500,"caption":"VIGA medin\u0117 manipuliacin\u0117 sensorin\u0117 lenta su vienaragio FSC Montessori sertifikatu"},{"@type":"BreadcrumbList","@id":"https:\/\/kidsplay.lt\/produktas\/viga-medine-manipuliacine-sensorine-lenta-su-vienaragio-fsc-montessori-sertifikatu\/#breadcrumb","itemListElement":[{"@type":"ListItem","position":1,"name":"Pagrindinis","item":"https:\/\/kidsplay.lt\/"},{"@type":"ListItem","position":2,"name":"Parduotuv\u0117","item":"https:\/\/kidsplay.lt\/parduotuve\/"},{"@type":"ListItem","position":3,"name":"VIGA medin\u0117 manipuliacin\u0117 sensorin\u0117 lenta su vienaragio FSC Montessori sertifikatu"}]},{"@type":"WebSite","@id":"https:\/\/kidsplay.lt\/#website","url":"https:\/\/kidsplay.lt\/","name":"B\u0113rnu sp\u0113les.lv","description":"\u012evairios prek\u0117s vaikams","publisher":{"@id":"https:\/\/kidsplay.lt\/#organization"},"alternateName":"Kidsplay","potentialAction":[{"@type":"SearchAction","target":{"@type":"EntryPoint","urlTemplate":"https:\/\/kidsplay.lt\/?s={search_term_string}"},"query-input":{"@type":"PropertyValueSpecification","valueRequired":true,"valueName":"search_term_string"}}],"inLanguage":"lv-LV"},{"@type":"Organization","@id":"https:\/\/kidsplay.lt\/#organization","name":"B\u0113rnu sp\u0113le","url":"https:\/\/kidsplay.lt\/","logo":{"@type":"ImageObject","inLanguage":"lv-LV","@id":"https:\/\/kidsplay.lt\/#\/schema\/logo\/image\/","url":"https:\/\/kidsplay.lt\/wp-content\/uploads\/2023\/07\/kidsplay-logo.png","contentUrl":"https:\/\/kidsplay.lt\/wp-content\/uploads\/2023\/07\/kidsplay-logo.png","width":451,"height":98,"caption":"KidsPlay"},"image":{"@id":"https:\/\/kidsplay.lt\/#\/schema\/logo\/image\/"},"sameAs":["https:\/\/www.facebook.com\/www.kidsplay.lt"]}]}},"_links":{"self":[{"href":"https:\/\/kidsplay.lt\/lv\/wp-json\/wp\/v2\/product\/77684","targetHints":{"allow":["GET"]}}],"collection":[{"href":"https:\/\/kidsplay.lt\/lv\/wp-json\/wp\/v2\/product"}],"about":[{"href":"https:\/\/kidsplay.lt\/lv\/wp-json\/wp\/v2\/types\/product"}],"version-history":[{"count":1,"href":"https:\/\/kidsplay.lt\/lv\/wp-json\/wp\/v2\/product\/77684\/revisions"}],"predecessor-version":[{"id":77685,"href":"https:\/\/kidsplay.lt\/lv\/wp-json\/wp\/v2\/product\/77684\/revisions\/77685"}],"wp:featuredmedia":[{"embeddable":true,"href":"https:\/\/kidsplay.lt\/lv\/wp-json\/wp\/v2\/media\/56013"}],"wp:attachment":[{"href":"https:\/\/kidsplay.lt\/lv\/wp-json\/wp\/v2\/media?parent=77684"}],"wp:term":[{"taxonomy":"product_brand","embeddable":true,"href":"https:\/\/kidsplay.lt\/lv\/wp-json\/wp\/v2\/product_brand?post=77684"},{"taxonomy":"product_cat","embeddable":true,"href":"https:\/\/kidsplay.lt\/lv\/wp-json\/wp\/v2\/product_cat?post=77684"},{"taxonomy":"product_tag","embeddable":true,"href":"https:\/\/kidsplay.lt\/lv\/wp-json\/wp\/v2\/product_tag?post=77684"}],"curies":[{"name":"wp","href":"https:\/\/api.w.org\/{rel}","templated":true}]}}