{"id":77686,"date":"2025-10-22T11:15:41","date_gmt":"2025-10-22T08:15:41","guid":{"rendered":"https:\/\/kidsplay.lt\/produktas\/viga-polarb-formu-rusiavimo-laikrodis-siulu-verimui-montessori\/"},"modified":"2026-04-20T10:47:42","modified_gmt":"2026-04-20T07:47:42","slug":"viga-polarb-formu-rusiavimo-laikrodis-siulu-verimui-montessori","status":"publish","type":"product","link":"https:\/\/kidsplay.lt\/lv\/products\/viga-polarb-formu-rusiavimo-laikrodis-siulu-verimui-montessori\/","title":{"rendered":"VIGA PolarB formu \u0161\u0137iro\u0161anas pulkstenis Montessori diegu v\u0113r\u0161anai"},"content":{"rendered":"<p>Dramblio formos laikrodis \u2013 tai \u017eaislas, kuriame dera \u017eaismingumas ir prakti\u0161kumas. Vaikai lengvai gal\u0117s \u017eengti pirmuosius \u017eingsnius mokantis skai\u010diuoti laik\u0105 klasikiniu laikrod\u017eiu, tuo pa\u010diu metu verdami spalvingus kalad\u0117les ant virvel\u0117s.<\/p>\n<p>Rakstur\u012bgs:<\/p>\n<p>\u2014 laikrod\u017eio ciferblato formos \u017eaislas turi 2 judan\u010dias rodykles, 12 geometrini\u0173 kalad\u0117li\u0173 ir virvel\u0119,<br \/>\n&#8211; vaiko u\u017eduotis yra priderinti kalad\u0117l\u0119 prie tinkamos formos,<br \/>\n&#8211; be to, vaikas i\u0161moks skai\u010diuoti iki 12 &#8211; jo u\u017eduotis &#8211; sud\u0117lioti kalad\u0117les did\u0117jan\u010dia tvarka,<br \/>\n&#8211; papildomai &#8211; laikrod\u017eio i\u0161pjovose yra tinkamas ta\u0161k\u0173 skai\u010dius &#8211; vaiko u\u017eduotis yra pad\u0117ti kalad\u0117l\u0119 su atitinkamu skai\u010diumi,<br \/>\n&#8211; kiekvienas kalad\u0117lis turi skyl\u0119, per kuri\u0105 juos galima perverti ant virvel\u0117s,<br \/>\n&#8211; pagaminta i\u0161 buko medienos ir da\u017eyta netoksi\u0161kais, prislopint\u0173 spalv\u0173 da\u017eais.<\/p>\n<p>Rota\u013clieta att\u012bst\u0101s:<\/p>\n<p>&#8211; koncentracija,<br \/>\n&#8211; aki\u0173-rank\u0173 koordinacija,<br \/>\n&#8211; motoriniai \u012fg\u016bd\u017eiai<br \/>\n&#8211; vikrumas,<br \/>\n&#8211; kognityviniai geb\u0117jimai, susij\u0119 su skai\u010diais, formomis ir laiko samprata.<\/p>","protected":false},"excerpt":{"rendered":"<p>Dramblio formos laikrodis \u2013 tai \u017eaislas, kuriame dera \u017eaismingumas ir prakti\u0161kumas. Vaikai lengvai gal\u0117s \u017eengti pirmuosius \u017eingsnius mokantis skai\u010diuoti laik\u0105<\/p>","protected":false},"featured_media":55101,"template":"","meta":{"_acf_changed":false,"_glsr_average":0,"_glsr_ranking":0,"_glsr_reviews":0},"product_brand":[],"product_cat":[884,72,883,229],"product_tag":[],"class_list":{"0":"post-77686","1":"product","2":"type-product","3":"status-publish","4":"has-post-thumbnail","6":"product_cat-edukaciniai-lavinamieji-mediniai-zaislai","7":"product_cat-ispardavimas","8":"product_cat-mediniai-zaislai-2","9":"product_cat-zaislai-vaikams","10":"\"style=\"background-color: #2ecc711c;\"","12":"first","13":"instock","14":"sale","15":"purchasable","16":"product-type-simple"},"acf":[],"yoast_head":"<!-- This site is optimized with the Yoast SEO plugin v27.4 - https:\/\/yoast.com\/product\/yoast-seo-wordpress\/ -->\n<title>VIGA PolarB form\u0173 r\u016b\u0161iavimo laikrodis si\u016bl\u0173 v\u0117rimui Montessori<\/title>\n<meta name=\"description\" content=\"VIGA PolarB form\u0173 r\u016b\u0161iavimo laikrodis si\u016bl\u0173 v\u0117rimui Montessori - KidsPlay. Did\u017eiausias vaik\u0173 \u017eaisl\u0173 pasirinkimas.\" \/>\n<meta name=\"robots\" content=\"index, follow, max-snippet:-1, max-image-preview:large, max-video-preview:-1\" \/>\n<link rel=\"canonical\" href=\"https:\/\/kidsplay.lt\/lv\/products\/viga-polarb-formu-rusiavimo-laikrodis-siulu-verimui-montessori\/\" \/>\n<meta property=\"og:locale\" content=\"lv_LV\" \/>\n<meta property=\"og:type\" content=\"article\" \/>\n<meta property=\"og:title\" content=\"VIGA PolarB form\u0173 r\u016b\u0161iavimo laikrodis si\u016bl\u0173 v\u0117rimui Montessori\" \/>\n<meta property=\"og:description\" content=\"VIGA PolarB form\u0173 r\u016b\u0161iavimo laikrodis si\u016bl\u0173 v\u0117rimui Montessori - KidsPlay. Did\u017eiausias vaik\u0173 \u017eaisl\u0173 pasirinkimas.\" \/>\n<meta property=\"og:url\" content=\"https:\/\/kidsplay.lt\/lv\/products\/viga-polarb-formu-rusiavimo-laikrodis-siulu-verimui-montessori\/\" \/>\n<meta property=\"og:site_name\" content=\"KidsPlay\" \/>\n<meta property=\"article:publisher\" content=\"https:\/\/www.facebook.com\/www.kidsplay.lt\" \/>\n<meta property=\"article:modified_time\" content=\"2026-04-20T07:47:42+00:00\" \/>\n<meta property=\"og:image\" content=\"https:\/\/kidsplay.lt\/wp-content\/uploads\/2024\/09\/Spalvingos-kaladeles-\u2013-laikrodzio-mokymasis.jpg\" \/>\n\t<meta property=\"og:image:width\" content=\"2192\" \/>\n\t<meta property=\"og:image:height\" content=\"2192\" \/>\n\t<meta property=\"og:image:type\" content=\"image\/jpeg\" \/>\n<meta name=\"twitter:card\" content=\"summary_large_image\" \/>\n<meta name=\"twitter:label1\" content=\"Est. reading time\" \/>\n\t<meta name=\"twitter:data1\" content=\"1 min\u016bte\" \/>\n<script type=\"application\/ld+json\" class=\"yoast-schema-graph\">{\"@context\":\"https:\\\/\\\/schema.org\",\"@graph\":[{\"@type\":\"WebPage\",\"@id\":\"https:\\\/\\\/kidsplay.lt\\\/produktas\\\/viga-polarb-formu-rusiavimo-laikrodis-siulu-verimui-montessori\\\/\",\"url\":\"https:\\\/\\\/kidsplay.lt\\\/produktas\\\/viga-polarb-formu-rusiavimo-laikrodis-siulu-verimui-montessori\\\/\",\"name\":\"VIGA PolarB form\u0173 r\u016b\u0161iavimo laikrodis si\u016bl\u0173 v\u0117rimui Montessori\",\"isPartOf\":{\"@id\":\"https:\\\/\\\/kidsplay.lt\\\/#website\"},\"primaryImageOfPage\":{\"@id\":\"https:\\\/\\\/kidsplay.lt\\\/produktas\\\/viga-polarb-formu-rusiavimo-laikrodis-siulu-verimui-montessori\\\/#primaryimage\"},\"image\":{\"@id\":\"https:\\\/\\\/kidsplay.lt\\\/produktas\\\/viga-polarb-formu-rusiavimo-laikrodis-siulu-verimui-montessori\\\/#primaryimage\"},\"thumbnailUrl\":\"https:\\\/\\\/kidsplay.lt\\\/wp-content\\\/uploads\\\/2024\\\/09\\\/Spalvingos-kaladeles-\u2013-laikrodzio-mokymasis.jpg\",\"datePublished\":\"2025-10-22T08:15:41+00:00\",\"dateModified\":\"2026-04-20T07:47:42+00:00\",\"description\":\"VIGA PolarB form\u0173 r\u016b\u0161iavimo laikrodis si\u016bl\u0173 v\u0117rimui Montessori - KidsPlay. Did\u017eiausias vaik\u0173 \u017eaisl\u0173 pasirinkimas.\",\"breadcrumb\":{\"@id\":\"https:\\\/\\\/kidsplay.lt\\\/produktas\\\/viga-polarb-formu-rusiavimo-laikrodis-siulu-verimui-montessori\\\/#breadcrumb\"},\"inLanguage\":\"lv-LV\",\"potentialAction\":[{\"@type\":\"ReadAction\",\"target\":[\"https:\\\/\\\/kidsplay.lt\\\/produktas\\\/viga-polarb-formu-rusiavimo-laikrodis-siulu-verimui-montessori\\\/\"]}]},{\"@type\":\"ImageObject\",\"inLanguage\":\"lv-LV\",\"@id\":\"https:\\\/\\\/kidsplay.lt\\\/produktas\\\/viga-polarb-formu-rusiavimo-laikrodis-siulu-verimui-montessori\\\/#primaryimage\",\"url\":\"https:\\\/\\\/kidsplay.lt\\\/wp-content\\\/uploads\\\/2024\\\/09\\\/Spalvingos-kaladeles-\u2013-laikrodzio-mokymasis.jpg\",\"contentUrl\":\"https:\\\/\\\/kidsplay.lt\\\/wp-content\\\/uploads\\\/2024\\\/09\\\/Spalvingos-kaladeles-\u2013-laikrodzio-mokymasis.jpg\",\"width\":2192,\"height\":2192,\"caption\":\"VIGA PolarB form\u0173 r\u016b\u0161iavimo laikrodis si\u016bl\u0173 v\u0117rimui Montessori\"},{\"@type\":\"BreadcrumbList\",\"@id\":\"https:\\\/\\\/kidsplay.lt\\\/produktas\\\/viga-polarb-formu-rusiavimo-laikrodis-siulu-verimui-montessori\\\/#breadcrumb\",\"itemListElement\":[{\"@type\":\"ListItem\",\"position\":1,\"name\":\"Pagrindinis\",\"item\":\"https:\\\/\\\/kidsplay.lt\\\/\"},{\"@type\":\"ListItem\",\"position\":2,\"name\":\"Parduotuv\u0117\",\"item\":\"https:\\\/\\\/kidsplay.lt\\\/parduotuve\\\/\"},{\"@type\":\"ListItem\",\"position\":3,\"name\":\"VIGA PolarB form\u0173 r\u016b\u0161iavimo laikrodis si\u016bl\u0173 v\u0117rimui Montessori\"}]},{\"@type\":\"WebSite\",\"@id\":\"https:\\\/\\\/kidsplay.lt\\\/#website\",\"url\":\"https:\\\/\\\/kidsplay.lt\\\/\",\"name\":\"Kidsplay.lt\",\"description\":\"\u012evairios prek\u0117s vaikams\",\"publisher\":{\"@id\":\"https:\\\/\\\/kidsplay.lt\\\/#organization\"},\"alternateName\":\"Kidsplay\",\"potentialAction\":[{\"@type\":\"SearchAction\",\"target\":{\"@type\":\"EntryPoint\",\"urlTemplate\":\"https:\\\/\\\/kidsplay.lt\\\/?s={search_term_string}\"},\"query-input\":{\"@type\":\"PropertyValueSpecification\",\"valueRequired\":true,\"valueName\":\"search_term_string\"}}],\"inLanguage\":\"lv-LV\"},{\"@type\":\"Organization\",\"@id\":\"https:\\\/\\\/kidsplay.lt\\\/#organization\",\"name\":\"KidsPlay\",\"url\":\"https:\\\/\\\/kidsplay.lt\\\/\",\"logo\":{\"@type\":\"ImageObject\",\"inLanguage\":\"lv-LV\",\"@id\":\"https:\\\/\\\/kidsplay.lt\\\/#\\\/schema\\\/logo\\\/image\\\/\",\"url\":\"https:\\\/\\\/kidsplay.lt\\\/wp-content\\\/uploads\\\/2023\\\/07\\\/kidsplay-logo.png\",\"contentUrl\":\"https:\\\/\\\/kidsplay.lt\\\/wp-content\\\/uploads\\\/2023\\\/07\\\/kidsplay-logo.png\",\"width\":451,\"height\":98,\"caption\":\"KidsPlay\"},\"image\":{\"@id\":\"https:\\\/\\\/kidsplay.lt\\\/#\\\/schema\\\/logo\\\/image\\\/\"},\"sameAs\":[\"https:\\\/\\\/www.facebook.com\\\/www.kidsplay.lt\"]}]}<\/script>\n<!-- \/ Yoast SEO plugin. -->","yoast_head_json":{"title":"VIGA PolarB formu \u0161\u0137iro\u0161anas pulkstenis Montessori diegu v\u0113r\u0161anai","description":"VIGA PolarB form\u0173 r\u016b\u0161iavimo laikrodis si\u016bl\u0173 v\u0117rimui Montessori - KidsPlay. Did\u017eiausias vaik\u0173 \u017eaisl\u0173 pasirinkimas.","robots":{"index":"index","follow":"follow","max-snippet":"max-snippet:-1","max-image-preview":"max-image-preview:large","max-video-preview":"max-video-preview:-1"},"canonical":"https:\/\/kidsplay.lt\/lv\/products\/viga-polarb-formu-rusiavimo-laikrodis-siulu-verimui-montessori\/","og_locale":"lv_LV","og_type":"article","og_title":"VIGA PolarB form\u0173 r\u016b\u0161iavimo laikrodis si\u016bl\u0173 v\u0117rimui Montessori","og_description":"VIGA PolarB form\u0173 r\u016b\u0161iavimo laikrodis si\u016bl\u0173 v\u0117rimui Montessori - KidsPlay. Did\u017eiausias vaik\u0173 \u017eaisl\u0173 pasirinkimas.","og_url":"https:\/\/kidsplay.lt\/lv\/products\/viga-polarb-formu-rusiavimo-laikrodis-siulu-verimui-montessori\/","og_site_name":"KidsPlay","article_publisher":"https:\/\/www.facebook.com\/www.kidsplay.lt","article_modified_time":"2026-04-20T07:47:42+00:00","og_image":[{"width":2192,"height":2192,"url":"https:\/\/kidsplay.lt\/wp-content\/uploads\/2024\/09\/Spalvingos-kaladeles-\u2013-laikrodzio-mokymasis.jpg","type":"image\/jpeg"}],"twitter_card":"summary_large_image","twitter_misc":{"Est. reading time":"1 min\u016bte"},"schema":{"@context":"https:\/\/schema.org","@graph":[{"@type":"WebPage","@id":"https:\/\/kidsplay.lt\/produktas\/viga-polarb-formu-rusiavimo-laikrodis-siulu-verimui-montessori\/","url":"https:\/\/kidsplay.lt\/produktas\/viga-polarb-formu-rusiavimo-laikrodis-siulu-verimui-montessori\/","name":"VIGA PolarB formu \u0161\u0137iro\u0161anas pulkstenis Montessori diegu v\u0113r\u0161anai","isPartOf":{"@id":"https:\/\/kidsplay.lt\/#website"},"primaryImageOfPage":{"@id":"https:\/\/kidsplay.lt\/produktas\/viga-polarb-formu-rusiavimo-laikrodis-siulu-verimui-montessori\/#primaryimage"},"image":{"@id":"https:\/\/kidsplay.lt\/produktas\/viga-polarb-formu-rusiavimo-laikrodis-siulu-verimui-montessori\/#primaryimage"},"thumbnailUrl":"https:\/\/kidsplay.lt\/wp-content\/uploads\/2024\/09\/Spalvingos-kaladeles-\u2013-laikrodzio-mokymasis.jpg","datePublished":"2025-10-22T08:15:41+00:00","dateModified":"2026-04-20T07:47:42+00:00","description":"VIGA PolarB form\u0173 r\u016b\u0161iavimo laikrodis si\u016bl\u0173 v\u0117rimui Montessori - KidsPlay. Did\u017eiausias vaik\u0173 \u017eaisl\u0173 pasirinkimas.","breadcrumb":{"@id":"https:\/\/kidsplay.lt\/produktas\/viga-polarb-formu-rusiavimo-laikrodis-siulu-verimui-montessori\/#breadcrumb"},"inLanguage":"lv-LV","potentialAction":[{"@type":"ReadAction","target":["https:\/\/kidsplay.lt\/produktas\/viga-polarb-formu-rusiavimo-laikrodis-siulu-verimui-montessori\/"]}]},{"@type":"ImageObject","inLanguage":"lv-LV","@id":"https:\/\/kidsplay.lt\/produktas\/viga-polarb-formu-rusiavimo-laikrodis-siulu-verimui-montessori\/#primaryimage","url":"https:\/\/kidsplay.lt\/wp-content\/uploads\/2024\/09\/Spalvingos-kaladeles-\u2013-laikrodzio-mokymasis.jpg","contentUrl":"https:\/\/kidsplay.lt\/wp-content\/uploads\/2024\/09\/Spalvingos-kaladeles-\u2013-laikrodzio-mokymasis.jpg","width":2192,"height":2192,"caption":"VIGA PolarB form\u0173 r\u016b\u0161iavimo laikrodis si\u016bl\u0173 v\u0117rimui Montessori"},{"@type":"BreadcrumbList","@id":"https:\/\/kidsplay.lt\/produktas\/viga-polarb-formu-rusiavimo-laikrodis-siulu-verimui-montessori\/#breadcrumb","itemListElement":[{"@type":"ListItem","position":1,"name":"Pagrindinis","item":"https:\/\/kidsplay.lt\/"},{"@type":"ListItem","position":2,"name":"Parduotuv\u0117","item":"https:\/\/kidsplay.lt\/parduotuve\/"},{"@type":"ListItem","position":3,"name":"VIGA PolarB form\u0173 r\u016b\u0161iavimo laikrodis si\u016bl\u0173 v\u0117rimui Montessori"}]},{"@type":"WebSite","@id":"https:\/\/kidsplay.lt\/#website","url":"https:\/\/kidsplay.lt\/","name":"B\u0113rnu sp\u0113les.lv","description":"\u012evairios prek\u0117s vaikams","publisher":{"@id":"https:\/\/kidsplay.lt\/#organization"},"alternateName":"Kidsplay","potentialAction":[{"@type":"SearchAction","target":{"@type":"EntryPoint","urlTemplate":"https:\/\/kidsplay.lt\/?s={search_term_string}"},"query-input":{"@type":"PropertyValueSpecification","valueRequired":true,"valueName":"search_term_string"}}],"inLanguage":"lv-LV"},{"@type":"Organization","@id":"https:\/\/kidsplay.lt\/#organization","name":"B\u0113rnu sp\u0113le","url":"https:\/\/kidsplay.lt\/","logo":{"@type":"ImageObject","inLanguage":"lv-LV","@id":"https:\/\/kidsplay.lt\/#\/schema\/logo\/image\/","url":"https:\/\/kidsplay.lt\/wp-content\/uploads\/2023\/07\/kidsplay-logo.png","contentUrl":"https:\/\/kidsplay.lt\/wp-content\/uploads\/2023\/07\/kidsplay-logo.png","width":451,"height":98,"caption":"KidsPlay"},"image":{"@id":"https:\/\/kidsplay.lt\/#\/schema\/logo\/image\/"},"sameAs":["https:\/\/www.facebook.com\/www.kidsplay.lt"]}]}},"_links":{"self":[{"href":"https:\/\/kidsplay.lt\/lv\/wp-json\/wp\/v2\/product\/77686","targetHints":{"allow":["GET"]}}],"collection":[{"href":"https:\/\/kidsplay.lt\/lv\/wp-json\/wp\/v2\/product"}],"about":[{"href":"https:\/\/kidsplay.lt\/lv\/wp-json\/wp\/v2\/types\/product"}],"version-history":[{"count":2,"href":"https:\/\/kidsplay.lt\/lv\/wp-json\/wp\/v2\/product\/77686\/revisions"}],"predecessor-version":[{"id":80744,"href":"https:\/\/kidsplay.lt\/lv\/wp-json\/wp\/v2\/product\/77686\/revisions\/80744"}],"wp:featuredmedia":[{"embeddable":true,"href":"https:\/\/kidsplay.lt\/lv\/wp-json\/wp\/v2\/media\/55101"}],"wp:attachment":[{"href":"https:\/\/kidsplay.lt\/lv\/wp-json\/wp\/v2\/media?parent=77686"}],"wp:term":[{"taxonomy":"product_brand","embeddable":true,"href":"https:\/\/kidsplay.lt\/lv\/wp-json\/wp\/v2\/product_brand?post=77686"},{"taxonomy":"product_cat","embeddable":true,"href":"https:\/\/kidsplay.lt\/lv\/wp-json\/wp\/v2\/product_cat?post=77686"},{"taxonomy":"product_tag","embeddable":true,"href":"https:\/\/kidsplay.lt\/lv\/wp-json\/wp\/v2\/product_tag?post=77686"}],"curies":[{"name":"wp","href":"https:\/\/api.w.org\/{rel}","templated":true}]}}