{"id":77702,"date":"2025-10-22T11:16:39","date_gmt":"2025-10-22T08:16:39","guid":{"rendered":"https:\/\/kidsplay.lt\/produktas\/viga-sensorines-manipuliacijos-meskiuku-lenta-fsc-montessori-sertifikatas\/"},"modified":"2026-04-13T14:30:50","modified_gmt":"2026-04-13T11:30:50","slug":"viga-sensorines-manipuliacijos-meskiuku-lenta-fsc-montessori-sertifikatas","status":"publish","type":"product","link":"https:\/\/kidsplay.lt\/lv\/products\/viga-sensorines-manipuliacijos-meskiuku-lenta-fsc-montessori-sertifikatas\/","title":{"rendered":"VIGA sensor\u0101s manipul\u0101cijas l\u0101\u010du d\u0113lis FSC Montessori sertifik\u0101ts"},"content":{"rendered":"<p>\u201eViga\u201c me\u0161kiuko sensorin\u0117s manipuliacijos lenta yra vienas i\u0161 pirmaujan\u010di\u0173 \u017eaisl\u0173, leisian\u010di\u0173 vaikams pasinerti \u012f \u012ftraukian\u010dio ir k\u016brybi\u0161ko \u017eaidimo pasaul\u012f.<br \/>\n\u0160i didel\u0117 medin\u0117 lenta si\u016blo kelet\u0105 veikl\u0173:<\/p>\n<p>Sukdami var\u017etus, vaikai lavina pir\u0161t\u0173 miklum\u0105. Du spalvingi var\u017etai, u\u017ed\u0117ti ant ilgo srieginio veleno, suteiks tikr\u0173 pramog\u0173 kiekvienam ma\u017eyliui.<\/p>\n<p> \t\u00a0\u00a0\u00a0 Veidrodis kiekvienam vaikui yra paslaptis \u2013 ar yra kas nors kitoje pus\u0117je?&#8230; bet palaukite&#8230; tai a\u0161! Smalsuoliai, dom\u0117damiesi savo i\u0161vaizda, aki\u0173 spalva ir nosies forma, ras pana\u0161um\u0173 su savo mama ir t\u0117\u010diu. Veidrodis yra visi\u0161kai saugus ma\u017eyliams.\u00a0\u00a0<\/p>\n<p> \t\u00a0\u00a0\u00a0 Labirintas \u2013 nukreipkite kamuol\u012f i\u0161 trikampio \u012f apskritim\u0105. Sukdamas labirinto rat\u0105, vaikas valdo kamuol\u012f per labirint\u0105, tuo pa\u010diu lavindamas rank\u0173 miklum\u0105 ir aki\u0173-rank\u0173 koordinacij\u0105.<\/p>\n<p> \t\u00a0\u00a0\u00a0 \u012erankiai, kuriuos vaikai gali laisvai surinkti, skatins k\u016brybi\u0161kum\u0105 ir kit\u0173 galim\u0173 i\u0161d\u0117stymo b\u016bd\u0173 tyrin\u0117jim\u0105. Tai puiki proga lavinti rank\u0173 miklum\u0105 ir aki\u0173 bei rank\u0173 koordinacij\u0105.<\/p>\n<p>Visas \u017eaislas pagamintas i\u0161 lakuotos medienos ir nuda\u017eytas vaikams saugiais ry\u0161ki\u0173 spalv\u0173 da\u017eais, kurie prad\u017eiugins kiekvien\u0105 naudotoj\u0105 ir suteiks daug d\u017eiaugsmo. Sukurtas vaik\u0173 motorikos vystymuisi, tai daugiafunkcis \u017eaislas, rekomenduojamas ikimokyklinio ugdymo \u012fstaigoms ir vie\u0161osioms erdv\u0117ms. \u201e<\/p>\n<p>Viga Toys\u201c yra registruotas prek\u0117s \u017eenklas, \u012fkurtas 2003 m. ir dabar atstovaujamas daugiau nei 60 pasaulio \u0161ali\u0173. J\u0173 novatori\u0161kos id\u0117jos peln\u0117 pripa\u017einim\u0105 Europoje, JAV, Australijoje ir Japonijoje. \u012emon\u0117s \u012fk\u016br\u0117jai atkreip\u0117 d\u0117mes\u012f \u012f tyrim\u0173 rezultatus, \u012frodan\u010dius ry\u0161\u012f tarp \u017eaidimo ir mokymosi ankstyvaisiais vaik\u0173 raidos metais. Siekdamas pad\u0117ti t\u0117vams ir \u0161vietimo \u012fstaigoms auginti vaikus ir apsaugoti juos nuo virtualaus pasaulio, kuris gali gerokai i\u0161kreipti realyb\u0119, gamintojas si\u016blo novatori\u0161k\u0105 gamini\u0173 asortiment\u0105, pagamint\u0105 i\u0161 nat\u016brali\u0173 med\u017eiag\u0173, gaut\u0173 taikant ekologi\u0161kus gamybos procesus. Medini\u0173 gamini\u0173 saugumas ir kokyb\u0117 yra \u201eViga\u201c prioritetas; gamintojas u\u017etikrina, kad \u017eaislams da\u017eyti naudojami da\u017eai atitikt\u0173 EN71 ir ASTM saugos standartus.<\/p>","protected":false},"excerpt":{"rendered":"<p>\u201eViga\u201c me\u0161kiuko sensorin\u0117s manipuliacijos lenta yra vienas i\u0161 pirmaujan\u010di\u0173 \u017eaisl\u0173, leisian\u010di\u0173 vaikams pasinerti \u012f \u012ftraukian\u010dio ir k\u016brybi\u0161ko \u017eaidimo pasaul\u012f. \u0160i<\/p>","protected":false},"featured_media":56046,"template":"","meta":{"_acf_changed":false,"_glsr_average":0,"_glsr_ranking":0,"_glsr_reviews":0},"product_brand":[],"product_cat":[549,229],"product_tag":[],"class_list":{"0":"post-77702","1":"product","2":"type-product","3":"status-publish","4":"has-post-thumbnail","6":"product_cat-manipuliacines-lentos","7":"product_cat-zaislai-vaikams","8":"\"style=\"background-color: #2ecc711c;\"","10":"first","11":"instock","12":"purchasable","13":"product-type-simple"},"acf":[],"yoast_head":"<!-- This site is optimized with the Yoast SEO plugin v27.4 - https:\/\/yoast.com\/product\/yoast-seo-wordpress\/ -->\n<title>VIGA sensorin\u0117s manipuliacijos me\u0161kiuk\u0173 lenta FSC Montessori sertifikatas<\/title>\n<meta name=\"description\" content=\"VIGA sensorin\u0117s manipuliacijos me\u0161kiuk\u0173 lenta FSC Montessori sertifikatas - KidsPlay. Did\u017eiausias vaik\u0173 \u017eaisl\u0173 pasirinkimas.\" \/>\n<meta name=\"robots\" content=\"index, follow, max-snippet:-1, max-image-preview:large, max-video-preview:-1\" \/>\n<link rel=\"canonical\" href=\"https:\/\/kidsplay.lt\/lv\/products\/viga-sensorines-manipuliacijos-meskiuku-lenta-fsc-montessori-sertifikatas\/\" \/>\n<meta property=\"og:locale\" content=\"lv_LV\" \/>\n<meta property=\"og:type\" content=\"article\" \/>\n<meta property=\"og:title\" content=\"VIGA sensorin\u0117s manipuliacijos me\u0161kiuk\u0173 lenta FSC Montessori sertifikatas\" \/>\n<meta property=\"og:description\" content=\"VIGA sensorin\u0117s manipuliacijos me\u0161kiuk\u0173 lenta FSC Montessori sertifikatas - KidsPlay. Did\u017eiausias vaik\u0173 \u017eaisl\u0173 pasirinkimas.\" \/>\n<meta property=\"og:url\" content=\"https:\/\/kidsplay.lt\/lv\/products\/viga-sensorines-manipuliacijos-meskiuku-lenta-fsc-montessori-sertifikatas\/\" \/>\n<meta property=\"og:site_name\" content=\"KidsPlay\" \/>\n<meta property=\"article:publisher\" content=\"https:\/\/www.facebook.com\/www.kidsplay.lt\" \/>\n<meta property=\"article:modified_time\" content=\"2026-04-13T11:30:50+00:00\" \/>\n<meta property=\"og:image\" content=\"https:\/\/kidsplay.lt\/wp-content\/uploads\/2024\/09\/Jutimine-manipuliavimo-lenta-meskinas.jpg\" \/>\n\t<meta property=\"og:image:width\" content=\"2500\" \/>\n\t<meta property=\"og:image:height\" content=\"2500\" \/>\n\t<meta property=\"og:image:type\" content=\"image\/jpeg\" \/>\n<meta name=\"twitter:card\" content=\"summary_large_image\" \/>\n<meta name=\"twitter:label1\" content=\"Est. reading time\" \/>\n\t<meta name=\"twitter:data1\" content=\"2 min\u016btes\" \/>\n<script type=\"application\/ld+json\" class=\"yoast-schema-graph\">{\"@context\":\"https:\\\/\\\/schema.org\",\"@graph\":[{\"@type\":\"WebPage\",\"@id\":\"https:\\\/\\\/kidsplay.lt\\\/produktas\\\/viga-sensorines-manipuliacijos-meskiuku-lenta-fsc-montessori-sertifikatas\\\/\",\"url\":\"https:\\\/\\\/kidsplay.lt\\\/produktas\\\/viga-sensorines-manipuliacijos-meskiuku-lenta-fsc-montessori-sertifikatas\\\/\",\"name\":\"VIGA sensorin\u0117s manipuliacijos me\u0161kiuk\u0173 lenta FSC Montessori sertifikatas\",\"isPartOf\":{\"@id\":\"https:\\\/\\\/kidsplay.lt\\\/#website\"},\"primaryImageOfPage\":{\"@id\":\"https:\\\/\\\/kidsplay.lt\\\/produktas\\\/viga-sensorines-manipuliacijos-meskiuku-lenta-fsc-montessori-sertifikatas\\\/#primaryimage\"},\"image\":{\"@id\":\"https:\\\/\\\/kidsplay.lt\\\/produktas\\\/viga-sensorines-manipuliacijos-meskiuku-lenta-fsc-montessori-sertifikatas\\\/#primaryimage\"},\"thumbnailUrl\":\"https:\\\/\\\/kidsplay.lt\\\/wp-content\\\/uploads\\\/2024\\\/09\\\/Jutimine-manipuliavimo-lenta-meskinas.jpg\",\"datePublished\":\"2025-10-22T08:16:39+00:00\",\"dateModified\":\"2026-04-13T11:30:50+00:00\",\"description\":\"VIGA sensorin\u0117s manipuliacijos me\u0161kiuk\u0173 lenta FSC Montessori sertifikatas - KidsPlay. Did\u017eiausias vaik\u0173 \u017eaisl\u0173 pasirinkimas.\",\"breadcrumb\":{\"@id\":\"https:\\\/\\\/kidsplay.lt\\\/produktas\\\/viga-sensorines-manipuliacijos-meskiuku-lenta-fsc-montessori-sertifikatas\\\/#breadcrumb\"},\"inLanguage\":\"lv-LV\",\"potentialAction\":[{\"@type\":\"ReadAction\",\"target\":[\"https:\\\/\\\/kidsplay.lt\\\/produktas\\\/viga-sensorines-manipuliacijos-meskiuku-lenta-fsc-montessori-sertifikatas\\\/\"]}]},{\"@type\":\"ImageObject\",\"inLanguage\":\"lv-LV\",\"@id\":\"https:\\\/\\\/kidsplay.lt\\\/produktas\\\/viga-sensorines-manipuliacijos-meskiuku-lenta-fsc-montessori-sertifikatas\\\/#primaryimage\",\"url\":\"https:\\\/\\\/kidsplay.lt\\\/wp-content\\\/uploads\\\/2024\\\/09\\\/Jutimine-manipuliavimo-lenta-meskinas.jpg\",\"contentUrl\":\"https:\\\/\\\/kidsplay.lt\\\/wp-content\\\/uploads\\\/2024\\\/09\\\/Jutimine-manipuliavimo-lenta-meskinas.jpg\",\"width\":2500,\"height\":2500,\"caption\":\"VIGA sensorin\u0117s manipuliacijos me\u0161kiuk\u0173 lenta FSC Montessori sertifikatas\"},{\"@type\":\"BreadcrumbList\",\"@id\":\"https:\\\/\\\/kidsplay.lt\\\/produktas\\\/viga-sensorines-manipuliacijos-meskiuku-lenta-fsc-montessori-sertifikatas\\\/#breadcrumb\",\"itemListElement\":[{\"@type\":\"ListItem\",\"position\":1,\"name\":\"Pagrindinis\",\"item\":\"https:\\\/\\\/kidsplay.lt\\\/\"},{\"@type\":\"ListItem\",\"position\":2,\"name\":\"Parduotuv\u0117\",\"item\":\"https:\\\/\\\/kidsplay.lt\\\/parduotuve\\\/\"},{\"@type\":\"ListItem\",\"position\":3,\"name\":\"VIGA sensorin\u0117s manipuliacijos me\u0161kiuk\u0173 lenta FSC Montessori sertifikatas\"}]},{\"@type\":\"WebSite\",\"@id\":\"https:\\\/\\\/kidsplay.lt\\\/#website\",\"url\":\"https:\\\/\\\/kidsplay.lt\\\/\",\"name\":\"Kidsplay.lt\",\"description\":\"\u012evairios prek\u0117s vaikams\",\"publisher\":{\"@id\":\"https:\\\/\\\/kidsplay.lt\\\/#organization\"},\"alternateName\":\"Kidsplay\",\"potentialAction\":[{\"@type\":\"SearchAction\",\"target\":{\"@type\":\"EntryPoint\",\"urlTemplate\":\"https:\\\/\\\/kidsplay.lt\\\/?s={search_term_string}\"},\"query-input\":{\"@type\":\"PropertyValueSpecification\",\"valueRequired\":true,\"valueName\":\"search_term_string\"}}],\"inLanguage\":\"lv-LV\"},{\"@type\":\"Organization\",\"@id\":\"https:\\\/\\\/kidsplay.lt\\\/#organization\",\"name\":\"KidsPlay\",\"url\":\"https:\\\/\\\/kidsplay.lt\\\/\",\"logo\":{\"@type\":\"ImageObject\",\"inLanguage\":\"lv-LV\",\"@id\":\"https:\\\/\\\/kidsplay.lt\\\/#\\\/schema\\\/logo\\\/image\\\/\",\"url\":\"https:\\\/\\\/kidsplay.lt\\\/wp-content\\\/uploads\\\/2023\\\/07\\\/kidsplay-logo.png\",\"contentUrl\":\"https:\\\/\\\/kidsplay.lt\\\/wp-content\\\/uploads\\\/2023\\\/07\\\/kidsplay-logo.png\",\"width\":451,\"height\":98,\"caption\":\"KidsPlay\"},\"image\":{\"@id\":\"https:\\\/\\\/kidsplay.lt\\\/#\\\/schema\\\/logo\\\/image\\\/\"},\"sameAs\":[\"https:\\\/\\\/www.facebook.com\\\/www.kidsplay.lt\"]}]}<\/script>\n<!-- \/ Yoast SEO plugin. -->","yoast_head_json":{"title":"VIGA sensor\u0101s manipul\u0101cijas l\u0101\u010du d\u0113lis FSC Montessori sertifik\u0101ts","description":"VIGA sensorin\u0117s manipuliacijos me\u0161kiuk\u0173 lenta FSC Montessori sertifikatas - KidsPlay. Did\u017eiausias vaik\u0173 \u017eaisl\u0173 pasirinkimas.","robots":{"index":"index","follow":"follow","max-snippet":"max-snippet:-1","max-image-preview":"max-image-preview:large","max-video-preview":"max-video-preview:-1"},"canonical":"https:\/\/kidsplay.lt\/lv\/products\/viga-sensorines-manipuliacijos-meskiuku-lenta-fsc-montessori-sertifikatas\/","og_locale":"lv_LV","og_type":"article","og_title":"VIGA sensorin\u0117s manipuliacijos me\u0161kiuk\u0173 lenta FSC Montessori sertifikatas","og_description":"VIGA sensorin\u0117s manipuliacijos me\u0161kiuk\u0173 lenta FSC Montessori sertifikatas - KidsPlay. Did\u017eiausias vaik\u0173 \u017eaisl\u0173 pasirinkimas.","og_url":"https:\/\/kidsplay.lt\/lv\/products\/viga-sensorines-manipuliacijos-meskiuku-lenta-fsc-montessori-sertifikatas\/","og_site_name":"KidsPlay","article_publisher":"https:\/\/www.facebook.com\/www.kidsplay.lt","article_modified_time":"2026-04-13T11:30:50+00:00","og_image":[{"width":2500,"height":2500,"url":"https:\/\/kidsplay.lt\/wp-content\/uploads\/2024\/09\/Jutimine-manipuliavimo-lenta-meskinas.jpg","type":"image\/jpeg"}],"twitter_card":"summary_large_image","twitter_misc":{"Est. reading time":"2 min\u016btes"},"schema":{"@context":"https:\/\/schema.org","@graph":[{"@type":"WebPage","@id":"https:\/\/kidsplay.lt\/produktas\/viga-sensorines-manipuliacijos-meskiuku-lenta-fsc-montessori-sertifikatas\/","url":"https:\/\/kidsplay.lt\/produktas\/viga-sensorines-manipuliacijos-meskiuku-lenta-fsc-montessori-sertifikatas\/","name":"VIGA sensor\u0101s manipul\u0101cijas l\u0101\u010du d\u0113lis FSC Montessori sertifik\u0101ts","isPartOf":{"@id":"https:\/\/kidsplay.lt\/#website"},"primaryImageOfPage":{"@id":"https:\/\/kidsplay.lt\/produktas\/viga-sensorines-manipuliacijos-meskiuku-lenta-fsc-montessori-sertifikatas\/#primaryimage"},"image":{"@id":"https:\/\/kidsplay.lt\/produktas\/viga-sensorines-manipuliacijos-meskiuku-lenta-fsc-montessori-sertifikatas\/#primaryimage"},"thumbnailUrl":"https:\/\/kidsplay.lt\/wp-content\/uploads\/2024\/09\/Jutimine-manipuliavimo-lenta-meskinas.jpg","datePublished":"2025-10-22T08:16:39+00:00","dateModified":"2026-04-13T11:30:50+00:00","description":"VIGA sensorin\u0117s manipuliacijos me\u0161kiuk\u0173 lenta FSC Montessori sertifikatas - KidsPlay. Did\u017eiausias vaik\u0173 \u017eaisl\u0173 pasirinkimas.","breadcrumb":{"@id":"https:\/\/kidsplay.lt\/produktas\/viga-sensorines-manipuliacijos-meskiuku-lenta-fsc-montessori-sertifikatas\/#breadcrumb"},"inLanguage":"lv-LV","potentialAction":[{"@type":"ReadAction","target":["https:\/\/kidsplay.lt\/produktas\/viga-sensorines-manipuliacijos-meskiuku-lenta-fsc-montessori-sertifikatas\/"]}]},{"@type":"ImageObject","inLanguage":"lv-LV","@id":"https:\/\/kidsplay.lt\/produktas\/viga-sensorines-manipuliacijos-meskiuku-lenta-fsc-montessori-sertifikatas\/#primaryimage","url":"https:\/\/kidsplay.lt\/wp-content\/uploads\/2024\/09\/Jutimine-manipuliavimo-lenta-meskinas.jpg","contentUrl":"https:\/\/kidsplay.lt\/wp-content\/uploads\/2024\/09\/Jutimine-manipuliavimo-lenta-meskinas.jpg","width":2500,"height":2500,"caption":"VIGA sensorin\u0117s manipuliacijos me\u0161kiuk\u0173 lenta FSC Montessori sertifikatas"},{"@type":"BreadcrumbList","@id":"https:\/\/kidsplay.lt\/produktas\/viga-sensorines-manipuliacijos-meskiuku-lenta-fsc-montessori-sertifikatas\/#breadcrumb","itemListElement":[{"@type":"ListItem","position":1,"name":"Pagrindinis","item":"https:\/\/kidsplay.lt\/"},{"@type":"ListItem","position":2,"name":"Parduotuv\u0117","item":"https:\/\/kidsplay.lt\/parduotuve\/"},{"@type":"ListItem","position":3,"name":"VIGA sensorin\u0117s manipuliacijos me\u0161kiuk\u0173 lenta FSC Montessori sertifikatas"}]},{"@type":"WebSite","@id":"https:\/\/kidsplay.lt\/#website","url":"https:\/\/kidsplay.lt\/","name":"B\u0113rnu sp\u0113les.lv","description":"\u012evairios prek\u0117s vaikams","publisher":{"@id":"https:\/\/kidsplay.lt\/#organization"},"alternateName":"Kidsplay","potentialAction":[{"@type":"SearchAction","target":{"@type":"EntryPoint","urlTemplate":"https:\/\/kidsplay.lt\/?s={search_term_string}"},"query-input":{"@type":"PropertyValueSpecification","valueRequired":true,"valueName":"search_term_string"}}],"inLanguage":"lv-LV"},{"@type":"Organization","@id":"https:\/\/kidsplay.lt\/#organization","name":"B\u0113rnu sp\u0113le","url":"https:\/\/kidsplay.lt\/","logo":{"@type":"ImageObject","inLanguage":"lv-LV","@id":"https:\/\/kidsplay.lt\/#\/schema\/logo\/image\/","url":"https:\/\/kidsplay.lt\/wp-content\/uploads\/2023\/07\/kidsplay-logo.png","contentUrl":"https:\/\/kidsplay.lt\/wp-content\/uploads\/2023\/07\/kidsplay-logo.png","width":451,"height":98,"caption":"KidsPlay"},"image":{"@id":"https:\/\/kidsplay.lt\/#\/schema\/logo\/image\/"},"sameAs":["https:\/\/www.facebook.com\/www.kidsplay.lt"]}]}},"_links":{"self":[{"href":"https:\/\/kidsplay.lt\/lv\/wp-json\/wp\/v2\/product\/77702","targetHints":{"allow":["GET"]}}],"collection":[{"href":"https:\/\/kidsplay.lt\/lv\/wp-json\/wp\/v2\/product"}],"about":[{"href":"https:\/\/kidsplay.lt\/lv\/wp-json\/wp\/v2\/types\/product"}],"version-history":[{"count":1,"href":"https:\/\/kidsplay.lt\/lv\/wp-json\/wp\/v2\/product\/77702\/revisions"}],"predecessor-version":[{"id":77703,"href":"https:\/\/kidsplay.lt\/lv\/wp-json\/wp\/v2\/product\/77702\/revisions\/77703"}],"wp:featuredmedia":[{"embeddable":true,"href":"https:\/\/kidsplay.lt\/lv\/wp-json\/wp\/v2\/media\/56046"}],"wp:attachment":[{"href":"https:\/\/kidsplay.lt\/lv\/wp-json\/wp\/v2\/media?parent=77702"}],"wp:term":[{"taxonomy":"product_brand","embeddable":true,"href":"https:\/\/kidsplay.lt\/lv\/wp-json\/wp\/v2\/product_brand?post=77702"},{"taxonomy":"product_cat","embeddable":true,"href":"https:\/\/kidsplay.lt\/lv\/wp-json\/wp\/v2\/product_cat?post=77702"},{"taxonomy":"product_tag","embeddable":true,"href":"https:\/\/kidsplay.lt\/lv\/wp-json\/wp\/v2\/product_tag?post=77702"}],"curies":[{"name":"wp","href":"https:\/\/api.w.org\/{rel}","templated":true}]}}