{"id":77712,"date":"2025-10-23T07:36:49","date_gmt":"2025-10-23T04:36:49","guid":{"rendered":"https:\/\/kidsplay.lt\/?post_type=product&#038;p=77712"},"modified":"2026-02-25T15:51:10","modified_gmt":"2026-02-25T13:51:10","slug":"3-sonu-laphu-lovos-apsauga-200x180-cm","status":"publish","type":"product","link":"https:\/\/kidsplay.lt\/lv\/products\/3-sonu-laphu-lovos-apsauga-200x180-cm\/","title":{"rendered":"3 \u0161on\u0173 Laphu lovos apsauga 200X180 cm"},"content":{"rendered":"<div class=\"mpof_ki myre_zn myre_8v_l m389_6m_l\">\n<div class=\"mp4t_16_s mryx_16_s mr3m_1 mli2_1 mh85_56 mh85_0_l\">\n<div class=\"mgn2_16 _0d3bd_am0a-\">\n<h2><span dir=\"auto\">Vaiki\u0161kos lovos apsauginis tur\u0117klas 200*180cm. 3 \u0161onai. Lapchu<\/span><\/h2>\n<\/div>\n<\/div>\n<\/div>\n<div class=\"mpof_ki myre_zn myre_8v_l m389_6m_l\">\n<div class=\"mp4t_16_s mryx_16_s mr3m_1 mli2_1 mh85_56 mh85_0_l\">\n<div class=\"mgn2_16 _0d3bd_am0a-\">\n<p><span dir=\"auto\">3 dali\u0173 barjeras (U formos)<\/span><\/p>\n<p><span dir=\"auto\">Montavimas ant bet kokio tipo lovos.<\/span><\/p>\n<p><span dir=\"auto\">Universalaus barjero \u012frengimas<\/span><\/p>\n<p><span dir=\"auto\">\u2734\ufe0fParuo\u0161imas:<\/span><\/p>\n<p><span dir=\"auto\">Pad\u0117kite sulankstyt\u0105 tur\u0117kl\u0105 ant lovos r\u0117mo \/ lygaus pavir\u0161iaus.<\/span><\/p>\n<p><span dir=\"auto\">Prispauskite \u010diu\u017ein\u012f priekyje (stabilizavimas be \u012franki\u0173).<\/span><\/p>\n<\/div>\n<\/div>\n<div class=\"mp4t_16_s mryx_16_s mr3m_1 mli2_1 mh85_56 mh85_0_l\">\n<div class=\"mg9e_8 mj7a_8 mg9e_0_s mvrt_0_s mj7a_0_s mh36_0_s mzmg_6m munh_16_l m3h2_16_l\">\n<div class=\"mp4t_0 mryx_0 munh_56 m3h2_56\">\n<div class=\"mp7g_oh\"><button class=\"mg9e_0 mvrt_0 mj7a_0 mh36_0 mp4t_0 m3h2_0 mryx_0 munh_0 mqen_m6 mpof_z0 mx7m_0 m7er_k4 mse2_k4 msts_pt\" data-analytics-interaction=\"true\" data-analytics-interaction-label=\"zoomable-image-open\" aria-disabled=\"true\"><img decoding=\"async\" class=\"msub_k4 mupj_5k mjru_k4 mse2_k4 mp7g_f6 mq1m_0 mj7u_0 m7er_k4 mqen_m6 m31c_d8 m0ux_fp lazyloaded\" src=\"https:\/\/a.allegroimg.com\/original\/110dfe\/71a5e4984a0e83500a74dcae2fc2\/Barierka-ochronna-na-lozku-200-180cm-3-strony-Lapchu\" sizes=\"(min-width: 1200px) 560px, (min-width: 992px) 50vw, 100vw\" srcset=\"https:\/\/a.allegroimg.com\/s360\/110dfe\/71a5e4984a0e83500a74dcae2fc2\/Barierka-ochronna-na-lozku-200-180cm-3-strony-Lapchu 360w,https:\/\/a.allegroimg.com\/s720\/110dfe\/71a5e4984a0e83500a74dcae2fc2\/Barierka-ochronna-na-lozku-200-180cm-3-strony-Lapchu 720w,https:\/\/a.allegroimg.com\/s1024\/110dfe\/71a5e4984a0e83500a74dcae2fc2\/Barierka-ochronna-na-lozku-200-180cm-3-strony-Lapchu 1024w,https:\/\/a.allegroimg.com\/s1440\/110dfe\/71a5e4984a0e83500a74dcae2fc2\/Barierka-ochronna-na-lozku-200-180cm-3-strony-Lapchu 1200w,https:\/\/a.allegroimg.com\/original\/110dfe\/71a5e4984a0e83500a74dcae2fc2\/Barierka-ochronna-na-lozku-200-180cm-3-strony-Lapchu 1200w\" alt=\"Lovos apsauginis tur\u0117klas 200 * 180 cm. 3 \u0161onai. Lapchu\" width=\"1200px\" data-srcset=\"\" \/><\/button><\/div>\n<\/div>\n<\/div>\n<\/div>\n<\/div>\n<div class=\"mpof_ki myre_zn myre_8v_l m389_6m_l\">\n<div class=\"mp4t_16_s mryx_16_s mr3m_1 mli2_1 mh85_56 mh85_0_l\">\n<div class=\"mgn2_16 _0d3bd_am0a-\">\n<p><span dir=\"auto\">\u2734\ufe0fModuli\u0173 derinimas:<\/span><\/p>\n<p><span dir=\"auto\">Nor\u0117dami sujungti kelias u\u017etvaras, naudokite jungtis.<\/span><\/p>\n<p><span dir=\"auto\">Operacin\u0117s funkcijos<\/span><\/p>\n<p><span dir=\"auto\">\u2734\ufe0f\u0160oninio poslinkio sistema:<\/span><\/p>\n<p><span dir=\"auto\">Abi pus\u0117s skland\u017eiai susilanksto \u2192 lengva prieiga prie lovos.<\/span><\/p>\n<p><span dir=\"auto\">Apsauga: trij\u0173 pakop\u0173 u\u017eraktas.<\/span><\/p>\n<p><span dir=\"auto\">\u2734\ufe0fPl\u0117tra:<\/span><\/p>\n<p><span dir=\"auto\">Sujungus 2+ barjerus, sukuriamas i\u0161tisinis apsauginis barjeras.<\/span><\/p>\n<\/div>\n<\/div>\n<div class=\"mp4t_16_s mryx_16_s mr3m_1 mli2_1 mh85_56 mh85_0_l\">\n<div class=\"mg9e_8 mj7a_8 mg9e_0_s mvrt_0_s mj7a_0_s mh36_0_s mzmg_6m munh_16_l m3h2_16_l\">\n<div class=\"mp4t_0 mryx_0 munh_56 m3h2_56\">\n<div class=\"mp7g_oh\"><button class=\"mg9e_0 mvrt_0 mj7a_0 mh36_0 mp4t_0 m3h2_0 mryx_0 munh_0 mqen_m6 mpof_z0 mx7m_0 m7er_k4 mse2_k4 msts_pt\" data-analytics-interaction=\"true\" data-analytics-interaction-label=\"zoomable-image-open\" aria-disabled=\"true\"><img decoding=\"async\" class=\"msub_k4 mupj_5k mjru_k4 mse2_k4 mp7g_f6 mq1m_0 mj7u_0 m7er_k4 mqen_m6 m31c_d8 m0ux_fp lazyloaded\" src=\"https:\/\/a.allegroimg.com\/original\/114c6c\/fe2ee6624fd8a74d08d489f58116\/Barierka-ochronna-na-lozku-200-180cm-3-strony-Lapchu-Wysokosc-produktu-50-cm\" sizes=\"(min-width: 1200px) 560px, (min-width: 992px) 50vw, 100vw\" srcset=\"https:\/\/a.allegroimg.com\/s360\/114c6c\/fe2ee6624fd8a74d08d489f58116\/Barierka-ochronna-na-lozku-200-180cm-3-strony-Lapchu-Wysokosc-produktu-50-cm 360w,https:\/\/a.allegroimg.com\/s720\/114c6c\/fe2ee6624fd8a74d08d489f58116\/Barierka-ochronna-na-lozku-200-180cm-3-strony-Lapchu-Wysokosc-produktu-50-cm 720w,https:\/\/a.allegroimg.com\/s1024\/114c6c\/fe2ee6624fd8a74d08d489f58116\/Barierka-ochronna-na-lozku-200-180cm-3-strony-Lapchu-Wysokosc-produktu-50-cm 758w,https:\/\/a.allegroimg.com\/original\/114c6c\/fe2ee6624fd8a74d08d489f58116\/Barierka-ochronna-na-lozku-200-180cm-3-strony-Lapchu-Wysokosc-produktu-50-cm 758w\" alt=\"Lovos apsauginis tur\u0117klas 200 * 180 cm. 3 \u0161onai. Lapchu. Gaminio auk\u0161tis 50 cm.\" width=\"758px\" data-srcset=\"\" \/><\/button><\/div>\n<\/div>\n<\/div>\n<\/div>\n<\/div>\n<div class=\"mpof_ki myre_zn myre_8v_l m389_6m_l\">\n<div class=\"mp4t_16_s mryx_16_s mr3m_1 mli2_1 mh85_56 mh85_0_l\">\n<div class=\"mgn2_16 _0d3bd_am0a-\">\n<p><span dir=\"auto\">\u2747\ufe0fSud\u0117tyje yra:<\/span><\/p>\n<p><span dir=\"auto\">&#8211; 1 pus\u0117 180 cm<\/span><\/p>\n<p><span dir=\"auto\">&#8211; 2 \u0161onai po 200 cm<\/span><\/p>\n<p><span dir=\"auto\">\u2747\ufe0fSpecifikacija:<\/span><\/p>\n<p><span dir=\"auto\">\u2747\ufe0f Tur\u0117kl\u0173 auk\u0161tis: 60\u201375 cm (auk\u0161tis vir\u0161 \u010diu\u017einio 50 cm)<\/span><\/p>\n<p><span dir=\"auto\">\u2747\ufe0f U\u017etvaras galima derinti tik su \u201ePopular\u201c serijos u\u017etvarais, j\u0173 negalima derinti su kit\u0173 tip\u0173 u\u017etvarais (Premium, Economy).<\/span><\/p>\n<p><span dir=\"auto\">\u2747\ufe0fPakuot\u0117s svoris (1 vnt.): 3 kg<\/span><\/p>\n<p><span dir=\"auto\">): 73 x 20 x 5 cm<\/span><\/p>\n<\/div>\n<\/div>\n<div class=\"mp4t_16_s mryx_16_s mr3m_1 mli2_1 mh85_56 mh85_0_l\">\n<div class=\"mg9e_8 mj7a_8 mg9e_0_s mvrt_0_s mj7a_0_s mh36_0_s mzmg_6m munh_16_l m3h2_16_l\">\n<div class=\"mp4t_0 mryx_0 munh_56 m3h2_56\">\n<div class=\"mp7g_oh\"><button class=\"mg9e_0 mvrt_0 mj7a_0 mh36_0 mp4t_0 m3h2_0 mryx_0 munh_0 mqen_m6 mpof_z0 mx7m_0 m7er_k4 mse2_k4 msts_pt\" data-analytics-interaction=\"true\" data-analytics-interaction-label=\"zoomable-image-open\" aria-disabled=\"true\"><img decoding=\"async\" class=\"msub_k4 mupj_5k mjru_k4 mse2_k4 mp7g_f6 mq1m_0 mj7u_0 m7er_k4 mqen_m6 m31c_d8 m0ux_fp lazyloaded\" src=\"https:\/\/a.allegroimg.com\/original\/118450\/cdd5969f4656b34c5eb8af2b197b\/Barierka-ochronna-na-lozku-200-180cm-3-strony-Lapchu-Waga-produktu-z-opakowaniem-jednostkowym-8-kg\" sizes=\"(min-width: 1200px) 560px, (min-width: 992px) 50vw, 100vw\" srcset=\"https:\/\/a.allegroimg.com\/s360\/118450\/cdd5969f4656b34c5eb8af2b197b\/Barierka-ochronna-na-lozku-200-180cm-3-strony-Lapchu-Waga-produktu-z-opakowaniem-jednostkowym-8-kg 340w,https:\/\/a.allegroimg.com\/s720\/118450\/cdd5969f4656b34c5eb8af2b197b\/Barierka-ochronna-na-lozku-200-180cm-3-strony-Lapchu-Waga-produktu-z-opakowaniem-jednostkowym-8-kg 680w,https:\/\/a.allegroimg.com\/s1024\/118450\/cdd5969f4656b34c5eb8af2b197b\/Barierka-ochronna-na-lozku-200-180cm-3-strony-Lapchu-Waga-produktu-z-opakowaniem-jednostkowym-8-kg 790w,https:\/\/a.allegroimg.com\/original\/118450\/cdd5969f4656b34c5eb8af2b197b\/Barierka-ochronna-na-lozku-200-180cm-3-strony-Lapchu-Waga-produktu-z-opakowaniem-jednostkowym-8-kg 790w\" alt=\"Lovos apsauginis tur\u0117klas 200 * 180 cm. 3 \u0161onai. Gaminio svoris su individualia pakuote: 8 kg.\" width=\"790px\" data-srcset=\"\" \/><\/button><\/div>\n<\/div>\n<\/div>\n<\/div>\n<\/div>\n<div class=\"mpof_ki myre_zn myre_8v_l m389_6m_l\">\n<div class=\"mp4t_16_s mryx_16_s mr3m_1 mli2_1 mh85_56 mh85_0_l\">\n<div class=\"mgn2_16 _0d3bd_am0a-\">\n<p><span dir=\"auto\">\u2022 Med\u017eiaga:<\/span><\/p>\n<p><span dir=\"auto\">\u2022 audinys &#8211; 100 % poliesteris<\/span><\/p>\n<p><span dir=\"auto\">\u2022 tinklelis &#8211; 100 % poliesteris |<\/span><\/p>\n<p><span dir=\"auto\">\u2022 priedai \u2013 metaliniai vamzd\u017eiai, plastikiniai elementai (PP), mink\u0161ti elementai (EPE putplastis).<\/span><\/p>\n<p><span dir=\"auto\">\u2022 Tinka vaikams su augintiniais. Tamsiai pilkos spalvos barjerai nepritraukia augintini\u0173 plauk\u0173.<\/span><\/p>\n<\/div>\n<\/div>\n<div class=\"mp4t_16_s mryx_16_s mr3m_1 mli2_1 mh85_56 mh85_0_l\">\n<div class=\"mg9e_8 mj7a_8 mg9e_0_s mvrt_0_s mj7a_0_s mh36_0_s mzmg_6m munh_16_l m3h2_16_l\">\n<div class=\"mp4t_0 mryx_0 munh_56 m3h2_56\">\n<div class=\"mp7g_oh\"><button class=\"mg9e_0 mvrt_0 mj7a_0 mh36_0 mp4t_0 m3h2_0 mryx_0 munh_0 mqen_m6 mpof_z0 mx7m_0 m7er_k4 mse2_k4 msts_pt\" data-analytics-interaction=\"true\" data-analytics-interaction-label=\"zoomable-image-open\" aria-disabled=\"true\"><img decoding=\"async\" class=\"msub_k4 mupj_5k mjru_k4 mse2_k4 mp7g_f6 mq1m_0 mj7u_0 m7er_k4 mqen_m6 m31c_d8 m0ux_fp lazyloaded\" src=\"https:\/\/a.allegroimg.com\/original\/1156a8\/932e2c0e4c2fa15caaadb0bc9154\/Barierka-ochronna-na-lozku-200-180cm-3-strony-Lapchu-Szerokosc-produktu-200-cm\" sizes=\"(min-width: 1200px) 560px, (min-width: 992px) 50vw, 100vw\" srcset=\"https:\/\/a.allegroimg.com\/s360\/1156a8\/932e2c0e4c2fa15caaadb0bc9154\/Barierka-ochronna-na-lozku-200-180cm-3-strony-Lapchu-Szerokosc-produktu-200-cm 327w,https:\/\/a.allegroimg.com\/s720\/1156a8\/932e2c0e4c2fa15caaadb0bc9154\/Barierka-ochronna-na-lozku-200-180cm-3-strony-Lapchu-Szerokosc-produktu-200-cm 655w,https:\/\/a.allegroimg.com\/s1024\/1156a8\/932e2c0e4c2fa15caaadb0bc9154\/Barierka-ochronna-na-lozku-200-180cm-3-strony-Lapchu-Szerokosc-produktu-200-cm 790w,https:\/\/a.allegroimg.com\/original\/1156a8\/932e2c0e4c2fa15caaadb0bc9154\/Barierka-ochronna-na-lozku-200-180cm-3-strony-Lapchu-Szerokosc-produktu-200-cm 790w\" alt=\"Lovos apsauginis tur\u0117klas 200 * 180 cm. 3 \u0161onai. Lapchu. Gaminio plotis 200 cm.\" width=\"790px\" data-srcset=\"\" \/><\/button><\/div>\n<\/div>\n<\/div>\n<\/div>\n<\/div>","protected":false},"excerpt":{"rendered":"<p>Vaiki\u0161kos lovos apsauginis tur\u0117klas 200*180cm. 3 \u0161onai. Lapchu 3 dali\u0173 barjeras (U formos) Montavimas ant bet kokio tipo lovos. Universalaus<\/p>","protected":false},"featured_media":77713,"template":"","meta":{"_acf_changed":false,"_glsr_average":0,"_glsr_ranking":0,"_glsr_reviews":0},"product_brand":[],"product_cat":[458],"product_tag":[],"class_list":{"0":"post-77712","1":"product","2":"type-product","3":"status-publish","4":"has-post-thumbnail","6":"product_cat-ramiam-uzmigimui","7":"\"style=\"background-color: #2ecc711c;\"","9":"first","10":"instock","11":"shipping-taxable","12":"purchasable","13":"product-type-simple"},"acf":[],"yoast_head":"<!-- This site is optimized with the Yoast SEO plugin v27.3 - https:\/\/yoast.com\/product\/yoast-seo-wordpress\/ -->\n<title>3 \u0161on\u0173 Laphu lovos apsauga 200X180 cm - KidsPlay<\/title>\n<meta name=\"description\" content=\"3 \u0161on\u0173 Laphu lovos apsauga 200X180 cm - KidsPlay. Did\u017eiausias vaik\u0173 \u017eaisl\u0173 pasirinkimas.\" \/>\n<meta name=\"robots\" content=\"index, follow, max-snippet:-1, max-image-preview:large, max-video-preview:-1\" \/>\n<link rel=\"canonical\" href=\"https:\/\/kidsplay.lt\/lv\/products\/3-sonu-laphu-lovos-apsauga-200x180-cm\/\" \/>\n<meta property=\"og:locale\" content=\"lv_LV\" \/>\n<meta property=\"og:type\" content=\"article\" \/>\n<meta property=\"og:title\" content=\"3 \u0161on\u0173 Laphu lovos apsauga 200X180 cm - KidsPlay\" \/>\n<meta property=\"og:description\" content=\"3 \u0161on\u0173 Laphu lovos apsauga 200X180 cm - KidsPlay. Did\u017eiausias vaik\u0173 \u017eaisl\u0173 pasirinkimas.\" \/>\n<meta property=\"og:url\" content=\"https:\/\/kidsplay.lt\/lv\/products\/3-sonu-laphu-lovos-apsauga-200x180-cm\/\" \/>\n<meta property=\"og:site_name\" content=\"KidsPlay\" \/>\n<meta property=\"article:publisher\" content=\"https:\/\/www.facebook.com\/www.kidsplay.lt\" \/>\n<meta property=\"article:modified_time\" content=\"2026-02-25T13:51:10+00:00\" \/>\n<meta property=\"og:image\" content=\"https:\/\/kidsplay.lt\/wp-content\/uploads\/2025\/10\/Screenshot_441-1.png\" \/>\n\t<meta property=\"og:image:width\" content=\"564\" \/>\n\t<meta property=\"og:image:height\" content=\"400\" \/>\n\t<meta property=\"og:image:type\" content=\"image\/png\" \/>\n<meta name=\"twitter:card\" content=\"summary_large_image\" \/>\n<meta name=\"twitter:label1\" content=\"Est. reading time\" \/>\n\t<meta name=\"twitter:data1\" content=\"2 min\u016btes\" \/>\n<script type=\"application\/ld+json\" class=\"yoast-schema-graph\">{\"@context\":\"https:\\\/\\\/schema.org\",\"@graph\":[{\"@type\":\"WebPage\",\"@id\":\"https:\\\/\\\/kidsplay.lt\\\/produktas\\\/3-sonu-laphu-lovos-apsauga-200x180-cm\\\/\",\"url\":\"https:\\\/\\\/kidsplay.lt\\\/produktas\\\/3-sonu-laphu-lovos-apsauga-200x180-cm\\\/\",\"name\":\"3 \u0161on\u0173 Laphu lovos apsauga 200X180 cm - KidsPlay\",\"isPartOf\":{\"@id\":\"https:\\\/\\\/kidsplay.lt\\\/#website\"},\"primaryImageOfPage\":{\"@id\":\"https:\\\/\\\/kidsplay.lt\\\/produktas\\\/3-sonu-laphu-lovos-apsauga-200x180-cm\\\/#primaryimage\"},\"image\":{\"@id\":\"https:\\\/\\\/kidsplay.lt\\\/produktas\\\/3-sonu-laphu-lovos-apsauga-200x180-cm\\\/#primaryimage\"},\"thumbnailUrl\":\"https:\\\/\\\/kidsplay.lt\\\/wp-content\\\/uploads\\\/2025\\\/10\\\/Screenshot_441-1.png\",\"datePublished\":\"2025-10-23T04:36:49+00:00\",\"dateModified\":\"2026-02-25T13:51:10+00:00\",\"description\":\"3 \u0161on\u0173 Laphu lovos apsauga 200X180 cm - KidsPlay. Did\u017eiausias vaik\u0173 \u017eaisl\u0173 pasirinkimas.\",\"breadcrumb\":{\"@id\":\"https:\\\/\\\/kidsplay.lt\\\/produktas\\\/3-sonu-laphu-lovos-apsauga-200x180-cm\\\/#breadcrumb\"},\"inLanguage\":\"lv-LV\",\"potentialAction\":[{\"@type\":\"ReadAction\",\"target\":[\"https:\\\/\\\/kidsplay.lt\\\/produktas\\\/3-sonu-laphu-lovos-apsauga-200x180-cm\\\/\"]}]},{\"@type\":\"ImageObject\",\"inLanguage\":\"lv-LV\",\"@id\":\"https:\\\/\\\/kidsplay.lt\\\/produktas\\\/3-sonu-laphu-lovos-apsauga-200x180-cm\\\/#primaryimage\",\"url\":\"https:\\\/\\\/kidsplay.lt\\\/wp-content\\\/uploads\\\/2025\\\/10\\\/Screenshot_441-1.png\",\"contentUrl\":\"https:\\\/\\\/kidsplay.lt\\\/wp-content\\\/uploads\\\/2025\\\/10\\\/Screenshot_441-1.png\",\"width\":564,\"height\":400},{\"@type\":\"BreadcrumbList\",\"@id\":\"https:\\\/\\\/kidsplay.lt\\\/produktas\\\/3-sonu-laphu-lovos-apsauga-200x180-cm\\\/#breadcrumb\",\"itemListElement\":[{\"@type\":\"ListItem\",\"position\":1,\"name\":\"Pagrindinis\",\"item\":\"https:\\\/\\\/kidsplay.lt\\\/\"},{\"@type\":\"ListItem\",\"position\":2,\"name\":\"Parduotuv\u0117\",\"item\":\"https:\\\/\\\/kidsplay.lt\\\/parduotuve\\\/\"},{\"@type\":\"ListItem\",\"position\":3,\"name\":\"3 \u0161on\u0173 Laphu lovos apsauga 200X180 cm\"}]},{\"@type\":\"WebSite\",\"@id\":\"https:\\\/\\\/kidsplay.lt\\\/#website\",\"url\":\"https:\\\/\\\/kidsplay.lt\\\/\",\"name\":\"Kidsplay.lt\",\"description\":\"\u012evairios prek\u0117s vaikams\",\"publisher\":{\"@id\":\"https:\\\/\\\/kidsplay.lt\\\/#organization\"},\"alternateName\":\"Kidsplay\",\"potentialAction\":[{\"@type\":\"SearchAction\",\"target\":{\"@type\":\"EntryPoint\",\"urlTemplate\":\"https:\\\/\\\/kidsplay.lt\\\/?s={search_term_string}\"},\"query-input\":{\"@type\":\"PropertyValueSpecification\",\"valueRequired\":true,\"valueName\":\"search_term_string\"}}],\"inLanguage\":\"lv-LV\"},{\"@type\":\"Organization\",\"@id\":\"https:\\\/\\\/kidsplay.lt\\\/#organization\",\"name\":\"KidsPlay\",\"url\":\"https:\\\/\\\/kidsplay.lt\\\/\",\"logo\":{\"@type\":\"ImageObject\",\"inLanguage\":\"lv-LV\",\"@id\":\"https:\\\/\\\/kidsplay.lt\\\/#\\\/schema\\\/logo\\\/image\\\/\",\"url\":\"https:\\\/\\\/kidsplay.lt\\\/wp-content\\\/uploads\\\/2023\\\/07\\\/kidsplay-logo.png\",\"contentUrl\":\"https:\\\/\\\/kidsplay.lt\\\/wp-content\\\/uploads\\\/2023\\\/07\\\/kidsplay-logo.png\",\"width\":451,\"height\":98,\"caption\":\"KidsPlay\"},\"image\":{\"@id\":\"https:\\\/\\\/kidsplay.lt\\\/#\\\/schema\\\/logo\\\/image\\\/\"},\"sameAs\":[\"https:\\\/\\\/www.facebook.com\\\/www.kidsplay.lt\"]}]}<\/script>\n<!-- \/ Yoast SEO plugin. -->","yoast_head_json":{"title":"3 \u0161on\u0173 Laphu lovos apsauga 200X180 cm - KidsPlay","description":"3 \u0161on\u0173 Laphu lovos apsauga 200X180 cm - KidsPlay. Did\u017eiausias vaik\u0173 \u017eaisl\u0173 pasirinkimas.","robots":{"index":"index","follow":"follow","max-snippet":"max-snippet:-1","max-image-preview":"max-image-preview:large","max-video-preview":"max-video-preview:-1"},"canonical":"https:\/\/kidsplay.lt\/lv\/products\/3-sonu-laphu-lovos-apsauga-200x180-cm\/","og_locale":"lv_LV","og_type":"article","og_title":"3 \u0161on\u0173 Laphu lovos apsauga 200X180 cm - KidsPlay","og_description":"3 \u0161on\u0173 Laphu lovos apsauga 200X180 cm - KidsPlay. Did\u017eiausias vaik\u0173 \u017eaisl\u0173 pasirinkimas.","og_url":"https:\/\/kidsplay.lt\/lv\/products\/3-sonu-laphu-lovos-apsauga-200x180-cm\/","og_site_name":"KidsPlay","article_publisher":"https:\/\/www.facebook.com\/www.kidsplay.lt","article_modified_time":"2026-02-25T13:51:10+00:00","og_image":[{"width":564,"height":400,"url":"https:\/\/kidsplay.lt\/wp-content\/uploads\/2025\/10\/Screenshot_441-1.png","type":"image\/png"}],"twitter_card":"summary_large_image","twitter_misc":{"Est. reading time":"2 min\u016btes"},"schema":{"@context":"https:\/\/schema.org","@graph":[{"@type":"WebPage","@id":"https:\/\/kidsplay.lt\/produktas\/3-sonu-laphu-lovos-apsauga-200x180-cm\/","url":"https:\/\/kidsplay.lt\/produktas\/3-sonu-laphu-lovos-apsauga-200x180-cm\/","name":"3 \u0161on\u0173 Laphu lovos apsauga 200X180 cm - KidsPlay","isPartOf":{"@id":"https:\/\/kidsplay.lt\/#website"},"primaryImageOfPage":{"@id":"https:\/\/kidsplay.lt\/produktas\/3-sonu-laphu-lovos-apsauga-200x180-cm\/#primaryimage"},"image":{"@id":"https:\/\/kidsplay.lt\/produktas\/3-sonu-laphu-lovos-apsauga-200x180-cm\/#primaryimage"},"thumbnailUrl":"https:\/\/kidsplay.lt\/wp-content\/uploads\/2025\/10\/Screenshot_441-1.png","datePublished":"2025-10-23T04:36:49+00:00","dateModified":"2026-02-25T13:51:10+00:00","description":"3 \u0161on\u0173 Laphu lovos apsauga 200X180 cm - KidsPlay. Did\u017eiausias vaik\u0173 \u017eaisl\u0173 pasirinkimas.","breadcrumb":{"@id":"https:\/\/kidsplay.lt\/produktas\/3-sonu-laphu-lovos-apsauga-200x180-cm\/#breadcrumb"},"inLanguage":"lv-LV","potentialAction":[{"@type":"ReadAction","target":["https:\/\/kidsplay.lt\/produktas\/3-sonu-laphu-lovos-apsauga-200x180-cm\/"]}]},{"@type":"ImageObject","inLanguage":"lv-LV","@id":"https:\/\/kidsplay.lt\/produktas\/3-sonu-laphu-lovos-apsauga-200x180-cm\/#primaryimage","url":"https:\/\/kidsplay.lt\/wp-content\/uploads\/2025\/10\/Screenshot_441-1.png","contentUrl":"https:\/\/kidsplay.lt\/wp-content\/uploads\/2025\/10\/Screenshot_441-1.png","width":564,"height":400},{"@type":"BreadcrumbList","@id":"https:\/\/kidsplay.lt\/produktas\/3-sonu-laphu-lovos-apsauga-200x180-cm\/#breadcrumb","itemListElement":[{"@type":"ListItem","position":1,"name":"Pagrindinis","item":"https:\/\/kidsplay.lt\/"},{"@type":"ListItem","position":2,"name":"Parduotuv\u0117","item":"https:\/\/kidsplay.lt\/parduotuve\/"},{"@type":"ListItem","position":3,"name":"3 \u0161on\u0173 Laphu lovos apsauga 200X180 cm"}]},{"@type":"WebSite","@id":"https:\/\/kidsplay.lt\/#website","url":"https:\/\/kidsplay.lt\/","name":"B\u0113rnu sp\u0113les.lv","description":"\u012evairios prek\u0117s vaikams","publisher":{"@id":"https:\/\/kidsplay.lt\/#organization"},"alternateName":"Kidsplay","potentialAction":[{"@type":"SearchAction","target":{"@type":"EntryPoint","urlTemplate":"https:\/\/kidsplay.lt\/?s={search_term_string}"},"query-input":{"@type":"PropertyValueSpecification","valueRequired":true,"valueName":"search_term_string"}}],"inLanguage":"lv-LV"},{"@type":"Organization","@id":"https:\/\/kidsplay.lt\/#organization","name":"B\u0113rnu sp\u0113le","url":"https:\/\/kidsplay.lt\/","logo":{"@type":"ImageObject","inLanguage":"lv-LV","@id":"https:\/\/kidsplay.lt\/#\/schema\/logo\/image\/","url":"https:\/\/kidsplay.lt\/wp-content\/uploads\/2023\/07\/kidsplay-logo.png","contentUrl":"https:\/\/kidsplay.lt\/wp-content\/uploads\/2023\/07\/kidsplay-logo.png","width":451,"height":98,"caption":"KidsPlay"},"image":{"@id":"https:\/\/kidsplay.lt\/#\/schema\/logo\/image\/"},"sameAs":["https:\/\/www.facebook.com\/www.kidsplay.lt"]}]}},"_links":{"self":[{"href":"https:\/\/kidsplay.lt\/lv\/wp-json\/wp\/v2\/product\/77712","targetHints":{"allow":["GET"]}}],"collection":[{"href":"https:\/\/kidsplay.lt\/lv\/wp-json\/wp\/v2\/product"}],"about":[{"href":"https:\/\/kidsplay.lt\/lv\/wp-json\/wp\/v2\/types\/product"}],"version-history":[{"count":1,"href":"https:\/\/kidsplay.lt\/lv\/wp-json\/wp\/v2\/product\/77712\/revisions"}],"predecessor-version":[{"id":77717,"href":"https:\/\/kidsplay.lt\/lv\/wp-json\/wp\/v2\/product\/77712\/revisions\/77717"}],"wp:featuredmedia":[{"embeddable":true,"href":"https:\/\/kidsplay.lt\/lv\/wp-json\/wp\/v2\/media\/77713"}],"wp:attachment":[{"href":"https:\/\/kidsplay.lt\/lv\/wp-json\/wp\/v2\/media?parent=77712"}],"wp:term":[{"taxonomy":"product_brand","embeddable":true,"href":"https:\/\/kidsplay.lt\/lv\/wp-json\/wp\/v2\/product_brand?post=77712"},{"taxonomy":"product_cat","embeddable":true,"href":"https:\/\/kidsplay.lt\/lv\/wp-json\/wp\/v2\/product_cat?post=77712"},{"taxonomy":"product_tag","embeddable":true,"href":"https:\/\/kidsplay.lt\/lv\/wp-json\/wp\/v2\/product_tag?post=77712"}],"curies":[{"name":"wp","href":"https:\/\/api.w.org\/{rel}","templated":true}]}}