{"id":77735,"date":"2025-10-23T12:59:49","date_gmt":"2025-10-23T09:59:49","guid":{"rendered":"https:\/\/kidsplay.lt\/produktas\/viga-medine-manipuliacine-sensorine-lenta-mokymasis-skaiciuoti\/"},"modified":"2026-04-07T10:01:08","modified_gmt":"2026-04-07T07:01:08","slug":"viga-medine-manipuliacine-sensorine-lenta-mokymasis-skaiciuoti","status":"publish","type":"product","link":"https:\/\/kidsplay.lt\/lv\/products\/viga-medine-manipuliacine-sensorine-lenta-mokymasis-skaiciuoti\/","title":{"rendered":"VIGA medin\u0117 manipuliacin\u0117 sensorin\u0117 lenta mokymasis skai\u010diuoti"},"content":{"rendered":"<p>Tyrin\u0117kite \u017eaisming\u0105 skai\u010di\u0173 ir spalv\u0173 pasaul\u012f su \u0161ia interaktyvia\u00a0medine VIGA lenta ! \u0160is lavinamasis \u017eaislas sukurtas tam, kad prakti\u0161kai ir smagiai mokyt\u0173 vaikus skai\u010diuoti, atpa\u017einti spalvas ir tikslius judesius.\u00a0Magnetinio ra\u0161iklio\u00a0pagalba\u00a0j\u016bs\u0173 vaikas judins spalvingus karoliukus, priderindamas juos prie atitinkam\u0173 skai\u010di\u0173 ir takeli\u0173. Tai puikus b\u016bdas vienu metu lavinti matematikos ir rank\u0173 \u012fg\u016bd\u017eius! Lenta yra\u00a0patvari, saugi ir lengvai tvirtinama prie sienos\u00a0, taupant grind\u0173 viet\u0105.<br \/>\nRakstur\u012bgs:<\/p>\n<p> \t&#8211; \u017daislas vaikams\u00a0nuo 2 met\u0173 am\u017eiaus\u00a0.<br \/>\n \t&#8211; Prie sienos pritvirtinta\u00a0sienin\u0117 lenta\u00a0taupo viet\u0105 ant grind\u0173.<br \/>\n \t&#8211; Apima\u00a0magnetin\u012f ra\u0161ikl\u012f,\u00a0prie lentos pritvirtint\u0105 virvele.<br \/>\n \t&#8211;\u00a0Magnetinis labirintas\u00a0su skai\u010diais nuo 0 iki 9.<br \/>\n \t&#8211;\u00a0Spalvoti karoliukai\u00a0skai\u010diavimui ir r\u016b\u0161iavimui.<br \/>\n \t&#8211; \u017daislas yra\u00a0patvarus ir saugus\u00a0.<\/p>\n<p>Komplekt\u0101 ietilpst:<\/p>\n<p> \t&#8211; Medin\u0117 lenta.<br \/>\n \t&#8211; Magnetinis ra\u0161iklis.<br \/>\n \t&#8211; Spalvingi karoliukai.<\/p>\n<p>Rota\u013clieta att\u012bst\u0101s:<\/p>\n<p> \t&#8211; Geb\u0117jimas skai\u010diuoti ir atpa\u017einti skai\u010dius.<br \/>\n \t&#8211; Spalv\u0173 atpa\u017einimas ir r\u016b\u0161iavimas.<br \/>\n \t&#8211; Motoriniai \u012fg\u016bd\u017eiai: tikslumas, aki\u0173 ir rank\u0173 koordinacija.<br \/>\n \t&#8211; Loginis m\u0105stymas ir kantryb\u0117.<br \/>\n \t&#8211; Smalsumas ir k\u016brybi\u0161kumas.<\/p>","protected":false},"excerpt":{"rendered":"<p>Tyrin\u0117kite \u017eaisming\u0105 skai\u010di\u0173 ir spalv\u0173 pasaul\u012f su \u0161ia interaktyvia\u00a0medine VIGA lenta ! \u0160is lavinamasis \u017eaislas sukurtas tam, kad prakti\u0161kai ir<\/p>","protected":false},"featured_media":77737,"template":"","meta":{"_acf_changed":false,"_glsr_average":0,"_glsr_ranking":0,"_glsr_reviews":0},"product_brand":[],"product_cat":[673,229],"product_tag":[],"class_list":{"0":"post-77735","1":"product","2":"type-product","3":"status-publish","4":"has-post-thumbnail","6":"product_cat-ugdomosios-priemones","7":"product_cat-zaislai-vaikams","8":"\"style=\"background-color: #2ecc711c;\"","10":"first","11":"instock","12":"purchasable","13":"product-type-simple"},"acf":[],"yoast_head":"<!-- This site is optimized with the Yoast SEO plugin v27.3 - https:\/\/yoast.com\/product\/yoast-seo-wordpress\/ -->\n<title>VIGA medin\u0117 manipuliacin\u0117 sensorin\u0117 lenta mokymasis skai\u010diuoti<\/title>\n<meta name=\"description\" content=\"VIGA medin\u0117 manipuliacin\u0117 sensorin\u0117 lenta mokymasis skai\u010diuoti - KidsPlay. Did\u017eiausias vaik\u0173 \u017eaisl\u0173 pasirinkimas.\" \/>\n<meta name=\"robots\" content=\"index, follow, max-snippet:-1, max-image-preview:large, max-video-preview:-1\" \/>\n<link rel=\"canonical\" href=\"https:\/\/kidsplay.lt\/lv\/products\/viga-medine-manipuliacine-sensorine-lenta-mokymasis-skaiciuoti\/\" \/>\n<meta property=\"og:locale\" content=\"lv_LV\" \/>\n<meta property=\"og:type\" content=\"article\" \/>\n<meta property=\"og:title\" content=\"VIGA medin\u0117 manipuliacin\u0117 sensorin\u0117 lenta mokymasis skai\u010diuoti\" \/>\n<meta property=\"og:description\" content=\"VIGA medin\u0117 manipuliacin\u0117 sensorin\u0117 lenta mokymasis skai\u010diuoti - KidsPlay. Did\u017eiausias vaik\u0173 \u017eaisl\u0173 pasirinkimas.\" \/>\n<meta property=\"og:url\" content=\"https:\/\/kidsplay.lt\/lv\/products\/viga-medine-manipuliacine-sensorine-lenta-mokymasis-skaiciuoti\/\" \/>\n<meta property=\"og:site_name\" content=\"KidsPlay\" \/>\n<meta property=\"article:publisher\" content=\"https:\/\/www.facebook.com\/www.kidsplay.lt\" \/>\n<meta property=\"article:modified_time\" content=\"2026-04-07T07:01:08+00:00\" \/>\n<meta property=\"og:image\" content=\"https:\/\/kidsplay.lt\/wp-content\/uploads\/2025\/10\/VIGA-medine-manipuliacine-sensorine-lenta-mokymasis-skaiciuoti.jpg\" \/>\n\t<meta property=\"og:image:width\" content=\"1000\" \/>\n\t<meta property=\"og:image:height\" content=\"1000\" \/>\n\t<meta property=\"og:image:type\" content=\"image\/jpeg\" \/>\n<meta name=\"twitter:card\" content=\"summary_large_image\" \/>\n<meta name=\"twitter:label1\" content=\"Est. reading time\" \/>\n\t<meta name=\"twitter:data1\" content=\"1 min\u016bte\" \/>\n<script type=\"application\/ld+json\" class=\"yoast-schema-graph\">{\"@context\":\"https:\\\/\\\/schema.org\",\"@graph\":[{\"@type\":\"WebPage\",\"@id\":\"https:\\\/\\\/kidsplay.lt\\\/produktas\\\/viga-medine-manipuliacine-sensorine-lenta-mokymasis-skaiciuoti\\\/\",\"url\":\"https:\\\/\\\/kidsplay.lt\\\/produktas\\\/viga-medine-manipuliacine-sensorine-lenta-mokymasis-skaiciuoti\\\/\",\"name\":\"VIGA medin\u0117 manipuliacin\u0117 sensorin\u0117 lenta mokymasis skai\u010diuoti\",\"isPartOf\":{\"@id\":\"https:\\\/\\\/kidsplay.lt\\\/#website\"},\"primaryImageOfPage\":{\"@id\":\"https:\\\/\\\/kidsplay.lt\\\/produktas\\\/viga-medine-manipuliacine-sensorine-lenta-mokymasis-skaiciuoti\\\/#primaryimage\"},\"image\":{\"@id\":\"https:\\\/\\\/kidsplay.lt\\\/produktas\\\/viga-medine-manipuliacine-sensorine-lenta-mokymasis-skaiciuoti\\\/#primaryimage\"},\"thumbnailUrl\":\"https:\\\/\\\/kidsplay.lt\\\/wp-content\\\/uploads\\\/2025\\\/10\\\/VIGA-medine-manipuliacine-sensorine-lenta-mokymasis-skaiciuoti.jpg\",\"datePublished\":\"2025-10-23T09:59:49+00:00\",\"dateModified\":\"2026-04-07T07:01:08+00:00\",\"description\":\"VIGA medin\u0117 manipuliacin\u0117 sensorin\u0117 lenta mokymasis skai\u010diuoti - KidsPlay. Did\u017eiausias vaik\u0173 \u017eaisl\u0173 pasirinkimas.\",\"breadcrumb\":{\"@id\":\"https:\\\/\\\/kidsplay.lt\\\/produktas\\\/viga-medine-manipuliacine-sensorine-lenta-mokymasis-skaiciuoti\\\/#breadcrumb\"},\"inLanguage\":\"lv-LV\",\"potentialAction\":[{\"@type\":\"ReadAction\",\"target\":[\"https:\\\/\\\/kidsplay.lt\\\/produktas\\\/viga-medine-manipuliacine-sensorine-lenta-mokymasis-skaiciuoti\\\/\"]}]},{\"@type\":\"ImageObject\",\"inLanguage\":\"lv-LV\",\"@id\":\"https:\\\/\\\/kidsplay.lt\\\/produktas\\\/viga-medine-manipuliacine-sensorine-lenta-mokymasis-skaiciuoti\\\/#primaryimage\",\"url\":\"https:\\\/\\\/kidsplay.lt\\\/wp-content\\\/uploads\\\/2025\\\/10\\\/VIGA-medine-manipuliacine-sensorine-lenta-mokymasis-skaiciuoti.jpg\",\"contentUrl\":\"https:\\\/\\\/kidsplay.lt\\\/wp-content\\\/uploads\\\/2025\\\/10\\\/VIGA-medine-manipuliacine-sensorine-lenta-mokymasis-skaiciuoti.jpg\",\"width\":1000,\"height\":1000,\"caption\":\"VIGA medin\u0117 manipuliacin\u0117 sensorin\u0117 lenta mokymasis skai\u010diuoti\"},{\"@type\":\"BreadcrumbList\",\"@id\":\"https:\\\/\\\/kidsplay.lt\\\/produktas\\\/viga-medine-manipuliacine-sensorine-lenta-mokymasis-skaiciuoti\\\/#breadcrumb\",\"itemListElement\":[{\"@type\":\"ListItem\",\"position\":1,\"name\":\"Pagrindinis\",\"item\":\"https:\\\/\\\/kidsplay.lt\\\/\"},{\"@type\":\"ListItem\",\"position\":2,\"name\":\"Parduotuv\u0117\",\"item\":\"https:\\\/\\\/kidsplay.lt\\\/parduotuve\\\/\"},{\"@type\":\"ListItem\",\"position\":3,\"name\":\"VIGA medin\u0117 manipuliacin\u0117 sensorin\u0117 lenta mokymasis skai\u010diuoti\"}]},{\"@type\":\"WebSite\",\"@id\":\"https:\\\/\\\/kidsplay.lt\\\/#website\",\"url\":\"https:\\\/\\\/kidsplay.lt\\\/\",\"name\":\"Kidsplay.lt\",\"description\":\"\u012evairios prek\u0117s vaikams\",\"publisher\":{\"@id\":\"https:\\\/\\\/kidsplay.lt\\\/#organization\"},\"alternateName\":\"Kidsplay\",\"potentialAction\":[{\"@type\":\"SearchAction\",\"target\":{\"@type\":\"EntryPoint\",\"urlTemplate\":\"https:\\\/\\\/kidsplay.lt\\\/?s={search_term_string}\"},\"query-input\":{\"@type\":\"PropertyValueSpecification\",\"valueRequired\":true,\"valueName\":\"search_term_string\"}}],\"inLanguage\":\"lv-LV\"},{\"@type\":\"Organization\",\"@id\":\"https:\\\/\\\/kidsplay.lt\\\/#organization\",\"name\":\"KidsPlay\",\"url\":\"https:\\\/\\\/kidsplay.lt\\\/\",\"logo\":{\"@type\":\"ImageObject\",\"inLanguage\":\"lv-LV\",\"@id\":\"https:\\\/\\\/kidsplay.lt\\\/#\\\/schema\\\/logo\\\/image\\\/\",\"url\":\"https:\\\/\\\/kidsplay.lt\\\/wp-content\\\/uploads\\\/2023\\\/07\\\/kidsplay-logo.png\",\"contentUrl\":\"https:\\\/\\\/kidsplay.lt\\\/wp-content\\\/uploads\\\/2023\\\/07\\\/kidsplay-logo.png\",\"width\":451,\"height\":98,\"caption\":\"KidsPlay\"},\"image\":{\"@id\":\"https:\\\/\\\/kidsplay.lt\\\/#\\\/schema\\\/logo\\\/image\\\/\"},\"sameAs\":[\"https:\\\/\\\/www.facebook.com\\\/www.kidsplay.lt\"]}]}<\/script>\n<!-- \/ Yoast SEO plugin. -->","yoast_head_json":{"title":"VIGA medin\u0117 manipuliacin\u0117 sensorin\u0117 lenta mokymasis skai\u010diuoti","description":"VIGA medin\u0117 manipuliacin\u0117 sensorin\u0117 lenta mokymasis skai\u010diuoti - KidsPlay. Did\u017eiausias vaik\u0173 \u017eaisl\u0173 pasirinkimas.","robots":{"index":"index","follow":"follow","max-snippet":"max-snippet:-1","max-image-preview":"max-image-preview:large","max-video-preview":"max-video-preview:-1"},"canonical":"https:\/\/kidsplay.lt\/lv\/products\/viga-medine-manipuliacine-sensorine-lenta-mokymasis-skaiciuoti\/","og_locale":"lv_LV","og_type":"article","og_title":"VIGA medin\u0117 manipuliacin\u0117 sensorin\u0117 lenta mokymasis skai\u010diuoti","og_description":"VIGA medin\u0117 manipuliacin\u0117 sensorin\u0117 lenta mokymasis skai\u010diuoti - KidsPlay. Did\u017eiausias vaik\u0173 \u017eaisl\u0173 pasirinkimas.","og_url":"https:\/\/kidsplay.lt\/lv\/products\/viga-medine-manipuliacine-sensorine-lenta-mokymasis-skaiciuoti\/","og_site_name":"KidsPlay","article_publisher":"https:\/\/www.facebook.com\/www.kidsplay.lt","article_modified_time":"2026-04-07T07:01:08+00:00","og_image":[{"width":1000,"height":1000,"url":"https:\/\/kidsplay.lt\/wp-content\/uploads\/2025\/10\/VIGA-medine-manipuliacine-sensorine-lenta-mokymasis-skaiciuoti.jpg","type":"image\/jpeg"}],"twitter_card":"summary_large_image","twitter_misc":{"Est. reading time":"1 min\u016bte"},"schema":{"@context":"https:\/\/schema.org","@graph":[{"@type":"WebPage","@id":"https:\/\/kidsplay.lt\/produktas\/viga-medine-manipuliacine-sensorine-lenta-mokymasis-skaiciuoti\/","url":"https:\/\/kidsplay.lt\/produktas\/viga-medine-manipuliacine-sensorine-lenta-mokymasis-skaiciuoti\/","name":"VIGA medin\u0117 manipuliacin\u0117 sensorin\u0117 lenta mokymasis skai\u010diuoti","isPartOf":{"@id":"https:\/\/kidsplay.lt\/#website"},"primaryImageOfPage":{"@id":"https:\/\/kidsplay.lt\/produktas\/viga-medine-manipuliacine-sensorine-lenta-mokymasis-skaiciuoti\/#primaryimage"},"image":{"@id":"https:\/\/kidsplay.lt\/produktas\/viga-medine-manipuliacine-sensorine-lenta-mokymasis-skaiciuoti\/#primaryimage"},"thumbnailUrl":"https:\/\/kidsplay.lt\/wp-content\/uploads\/2025\/10\/VIGA-medine-manipuliacine-sensorine-lenta-mokymasis-skaiciuoti.jpg","datePublished":"2025-10-23T09:59:49+00:00","dateModified":"2026-04-07T07:01:08+00:00","description":"VIGA medin\u0117 manipuliacin\u0117 sensorin\u0117 lenta mokymasis skai\u010diuoti - KidsPlay. Did\u017eiausias vaik\u0173 \u017eaisl\u0173 pasirinkimas.","breadcrumb":{"@id":"https:\/\/kidsplay.lt\/produktas\/viga-medine-manipuliacine-sensorine-lenta-mokymasis-skaiciuoti\/#breadcrumb"},"inLanguage":"lv-LV","potentialAction":[{"@type":"ReadAction","target":["https:\/\/kidsplay.lt\/produktas\/viga-medine-manipuliacine-sensorine-lenta-mokymasis-skaiciuoti\/"]}]},{"@type":"ImageObject","inLanguage":"lv-LV","@id":"https:\/\/kidsplay.lt\/produktas\/viga-medine-manipuliacine-sensorine-lenta-mokymasis-skaiciuoti\/#primaryimage","url":"https:\/\/kidsplay.lt\/wp-content\/uploads\/2025\/10\/VIGA-medine-manipuliacine-sensorine-lenta-mokymasis-skaiciuoti.jpg","contentUrl":"https:\/\/kidsplay.lt\/wp-content\/uploads\/2025\/10\/VIGA-medine-manipuliacine-sensorine-lenta-mokymasis-skaiciuoti.jpg","width":1000,"height":1000,"caption":"VIGA medin\u0117 manipuliacin\u0117 sensorin\u0117 lenta mokymasis skai\u010diuoti"},{"@type":"BreadcrumbList","@id":"https:\/\/kidsplay.lt\/produktas\/viga-medine-manipuliacine-sensorine-lenta-mokymasis-skaiciuoti\/#breadcrumb","itemListElement":[{"@type":"ListItem","position":1,"name":"Pagrindinis","item":"https:\/\/kidsplay.lt\/"},{"@type":"ListItem","position":2,"name":"Parduotuv\u0117","item":"https:\/\/kidsplay.lt\/parduotuve\/"},{"@type":"ListItem","position":3,"name":"VIGA medin\u0117 manipuliacin\u0117 sensorin\u0117 lenta mokymasis skai\u010diuoti"}]},{"@type":"WebSite","@id":"https:\/\/kidsplay.lt\/#website","url":"https:\/\/kidsplay.lt\/","name":"B\u0113rnu sp\u0113les.lv","description":"\u012evairios prek\u0117s vaikams","publisher":{"@id":"https:\/\/kidsplay.lt\/#organization"},"alternateName":"Kidsplay","potentialAction":[{"@type":"SearchAction","target":{"@type":"EntryPoint","urlTemplate":"https:\/\/kidsplay.lt\/?s={search_term_string}"},"query-input":{"@type":"PropertyValueSpecification","valueRequired":true,"valueName":"search_term_string"}}],"inLanguage":"lv-LV"},{"@type":"Organization","@id":"https:\/\/kidsplay.lt\/#organization","name":"B\u0113rnu sp\u0113le","url":"https:\/\/kidsplay.lt\/","logo":{"@type":"ImageObject","inLanguage":"lv-LV","@id":"https:\/\/kidsplay.lt\/#\/schema\/logo\/image\/","url":"https:\/\/kidsplay.lt\/wp-content\/uploads\/2023\/07\/kidsplay-logo.png","contentUrl":"https:\/\/kidsplay.lt\/wp-content\/uploads\/2023\/07\/kidsplay-logo.png","width":451,"height":98,"caption":"KidsPlay"},"image":{"@id":"https:\/\/kidsplay.lt\/#\/schema\/logo\/image\/"},"sameAs":["https:\/\/www.facebook.com\/www.kidsplay.lt"]}]}},"_links":{"self":[{"href":"https:\/\/kidsplay.lt\/lv\/wp-json\/wp\/v2\/product\/77735","targetHints":{"allow":["GET"]}}],"collection":[{"href":"https:\/\/kidsplay.lt\/lv\/wp-json\/wp\/v2\/product"}],"about":[{"href":"https:\/\/kidsplay.lt\/lv\/wp-json\/wp\/v2\/types\/product"}],"version-history":[{"count":1,"href":"https:\/\/kidsplay.lt\/lv\/wp-json\/wp\/v2\/product\/77735\/revisions"}],"predecessor-version":[{"id":77736,"href":"https:\/\/kidsplay.lt\/lv\/wp-json\/wp\/v2\/product\/77735\/revisions\/77736"}],"wp:featuredmedia":[{"embeddable":true,"href":"https:\/\/kidsplay.lt\/lv\/wp-json\/wp\/v2\/media\/77737"}],"wp:attachment":[{"href":"https:\/\/kidsplay.lt\/lv\/wp-json\/wp\/v2\/media?parent=77735"}],"wp:term":[{"taxonomy":"product_brand","embeddable":true,"href":"https:\/\/kidsplay.lt\/lv\/wp-json\/wp\/v2\/product_brand?post=77735"},{"taxonomy":"product_cat","embeddable":true,"href":"https:\/\/kidsplay.lt\/lv\/wp-json\/wp\/v2\/product_cat?post=77735"},{"taxonomy":"product_tag","embeddable":true,"href":"https:\/\/kidsplay.lt\/lv\/wp-json\/wp\/v2\/product_tag?post=77735"}],"curies":[{"name":"wp","href":"https:\/\/api.w.org\/{rel}","templated":true}]}}