{"id":77740,"date":"2025-10-23T13:00:08","date_gmt":"2025-10-23T10:00:08","guid":{"rendered":"https:\/\/kidsplay.lt\/produktas\/viga-medine-sensorine-manipuliavimo-lenta-gravitacine-tekme\/"},"modified":"2026-04-13T14:22:25","modified_gmt":"2026-04-13T11:22:25","slug":"viga-medine-sensorine-manipuliavimo-lenta-gravitacine-tekme","status":"publish","type":"product","link":"https:\/\/kidsplay.lt\/lv\/products\/viga-medine-sensorine-manipuliavimo-lenta-gravitacine-tekme\/","title":{"rendered":"VIGA koka sensor\u0101s manipul\u0101cijas d\u0113lis &quot;Gravit\u0101cijas pl\u016bsma&quot;\u201e"},"content":{"rendered":"<p>Atraskite \u017eav\u0173 gravitacijos pasaul\u012f su \u0161ia interaktyvia\u00a0medine VIGA lenta\u00a0! \u0160is lavinamasis \u017eaislas sukurtas ma\u017eiesiems tyrin\u0117tojams, kurie m\u0117gsta eksperimentuoti ir mokytis apie juos supant\u012f pasaul\u012f.\u00a0Magnetiniu ra\u0161ikliu\u00a0j\u016bs\u0173 vaikas judins spalvingus diskus, steb\u0117damas j\u0173 jud\u0117jim\u0105 dviem skirtingais keliais. Vienas yra tiesus, kitas pilnas kreivi\u0173, tod\u0117l j\u016bs\u0173 ma\u017eylis supras, kaip gravitacija veikia greit\u012f. Puikiai tinka vaiko kambariui, dar\u017eeliui ar \u017eaidim\u0173 kambariui. Lenta yra\u00a0patvari, saugi ir tvirtinama prie sienos\u00a0, taupant grind\u0173 viet\u0105.<br \/>\nRakstur\u012bgs:<\/p>\n<p> \t&#8211; \u017daislas vaikams\u00a0nuo 2 met\u0173 am\u017eiaus\u00a0.<br \/>\n \t&#8211; Prie sienos pritvirtinta\u00a0sienin\u0117 lenta\u00a0taupo viet\u0105 ant grind\u0173.<br \/>\n \t&#8211; Apima\u00a0magnetin\u012f ra\u0161ikl\u012f,\u00a0prie lentos pritvirtint\u0105 virvele.<br \/>\n \t&#8211; Dvi\u00a0skirtingos trasos\u00a0: tiesios ir vingiuotos.<br \/>\n \t&#8211;\u00a0\u0160e\u0161i spalvingi diskai\u00a0slydimui.<br \/>\n \t&#8211; \u017daislas yra\u00a0patvarus ir saugus\u00a0.<\/p>\n<p>Komplekt\u0101 ietilpst:<\/p>\n<p> \t&#8211; Medin\u0117 lenta.<br \/>\n \t&#8211; Magnetinis ra\u0161iklis.<br \/>\n \t&#8211; \u0160e\u0161i spalvoti diskai.<\/p>\n<p>Rota\u013clieta att\u012bst\u0101s:<\/p>\n<p> \t&#8211; Motoriniai \u012fg\u016bd\u017eiai: tikslumas, aki\u0173 ir rank\u0173 koordinacija.<br \/>\n \t&#8211; Susikaupimas ir kantryb\u0117.<br \/>\n \t&#8211; Loginis m\u0105stymas.<br \/>\n \t&#8211; Gravitacijos rei\u0161kinio supratimas.<br \/>\n \t&#8211; K\u016brybi\u0161kumas ir smalsumas.<\/p>","protected":false},"excerpt":{"rendered":"<p>Atraskite \u017eav\u0173 gravitacijos pasaul\u012f su \u0161ia interaktyvia\u00a0medine VIGA lenta\u00a0! \u0160is lavinamasis \u017eaislas sukurtas ma\u017eiesiems tyrin\u0117tojams, kurie m\u0117gsta eksperimentuoti ir mokytis<\/p>","protected":false},"featured_media":77742,"template":"","meta":{"_acf_changed":false,"_glsr_average":0,"_glsr_ranking":0,"_glsr_reviews":0},"product_brand":[],"product_cat":[673,229],"product_tag":[],"class_list":{"0":"post-77740","1":"product","2":"type-product","3":"status-publish","4":"has-post-thumbnail","6":"product_cat-ugdomosios-priemones","7":"product_cat-zaislai-vaikams","8":"\"style=\"background-color: #2ecc711c;\"","10":"first","11":"instock","12":"purchasable","13":"product-type-simple"},"acf":[],"yoast_head":"<!-- This site is optimized with the Yoast SEO plugin v27.3 - https:\/\/yoast.com\/product\/yoast-seo-wordpress\/ -->\n<title>VIGA medin\u0117 sensorin\u0117 manipuliavimo lenta \u201eGravitacin\u0117 t\u0117km\u0117\u201c<\/title>\n<meta name=\"description\" content=\"VIGA medin\u0117 sensorin\u0117 manipuliavimo lenta \u201eGravitacin\u0117 t\u0117km\u0117\u201c - KidsPlay. Did\u017eiausias vaik\u0173 \u017eaisl\u0173 pasirinkimas.\" \/>\n<meta name=\"robots\" content=\"index, follow, max-snippet:-1, max-image-preview:large, max-video-preview:-1\" \/>\n<link rel=\"canonical\" href=\"https:\/\/kidsplay.lt\/lv\/products\/viga-medine-sensorine-manipuliavimo-lenta-gravitacine-tekme\/\" \/>\n<meta property=\"og:locale\" content=\"lv_LV\" \/>\n<meta property=\"og:type\" content=\"article\" \/>\n<meta property=\"og:title\" content=\"VIGA medin\u0117 sensorin\u0117 manipuliavimo lenta \u201eGravitacin\u0117 t\u0117km\u0117\u201c\" \/>\n<meta property=\"og:description\" content=\"VIGA medin\u0117 sensorin\u0117 manipuliavimo lenta \u201eGravitacin\u0117 t\u0117km\u0117\u201c - KidsPlay. Did\u017eiausias vaik\u0173 \u017eaisl\u0173 pasirinkimas.\" \/>\n<meta property=\"og:url\" content=\"https:\/\/kidsplay.lt\/lv\/products\/viga-medine-sensorine-manipuliavimo-lenta-gravitacine-tekme\/\" \/>\n<meta property=\"og:site_name\" content=\"KidsPlay\" \/>\n<meta property=\"article:publisher\" content=\"https:\/\/www.facebook.com\/www.kidsplay.lt\" \/>\n<meta property=\"article:modified_time\" content=\"2026-04-13T11:22:25+00:00\" \/>\n<meta property=\"og:image\" content=\"https:\/\/kidsplay.lt\/wp-content\/uploads\/2025\/10\/VIGA-medine-sensorine-manipuliavimo-lenta-\u201eGravitacine-tekme.jpg\" \/>\n\t<meta property=\"og:image:width\" content=\"1000\" \/>\n\t<meta property=\"og:image:height\" content=\"1000\" \/>\n\t<meta property=\"og:image:type\" content=\"image\/jpeg\" \/>\n<meta name=\"twitter:card\" content=\"summary_large_image\" \/>\n<meta name=\"twitter:label1\" content=\"Est. reading time\" \/>\n\t<meta name=\"twitter:data1\" content=\"1 min\u016bte\" \/>\n<script type=\"application\/ld+json\" class=\"yoast-schema-graph\">{\"@context\":\"https:\\\/\\\/schema.org\",\"@graph\":[{\"@type\":\"WebPage\",\"@id\":\"https:\\\/\\\/kidsplay.lt\\\/produktas\\\/viga-medine-sensorine-manipuliavimo-lenta-gravitacine-tekme\\\/\",\"url\":\"https:\\\/\\\/kidsplay.lt\\\/produktas\\\/viga-medine-sensorine-manipuliavimo-lenta-gravitacine-tekme\\\/\",\"name\":\"VIGA medin\u0117 sensorin\u0117 manipuliavimo lenta \u201eGravitacin\u0117 t\u0117km\u0117\u201c\",\"isPartOf\":{\"@id\":\"https:\\\/\\\/kidsplay.lt\\\/#website\"},\"primaryImageOfPage\":{\"@id\":\"https:\\\/\\\/kidsplay.lt\\\/produktas\\\/viga-medine-sensorine-manipuliavimo-lenta-gravitacine-tekme\\\/#primaryimage\"},\"image\":{\"@id\":\"https:\\\/\\\/kidsplay.lt\\\/produktas\\\/viga-medine-sensorine-manipuliavimo-lenta-gravitacine-tekme\\\/#primaryimage\"},\"thumbnailUrl\":\"https:\\\/\\\/kidsplay.lt\\\/wp-content\\\/uploads\\\/2025\\\/10\\\/VIGA-medine-sensorine-manipuliavimo-lenta-\u201eGravitacine-tekme.jpg\",\"datePublished\":\"2025-10-23T10:00:08+00:00\",\"dateModified\":\"2026-04-13T11:22:25+00:00\",\"description\":\"VIGA medin\u0117 sensorin\u0117 manipuliavimo lenta \u201eGravitacin\u0117 t\u0117km\u0117\u201c - KidsPlay. Did\u017eiausias vaik\u0173 \u017eaisl\u0173 pasirinkimas.\",\"breadcrumb\":{\"@id\":\"https:\\\/\\\/kidsplay.lt\\\/produktas\\\/viga-medine-sensorine-manipuliavimo-lenta-gravitacine-tekme\\\/#breadcrumb\"},\"inLanguage\":\"lv-LV\",\"potentialAction\":[{\"@type\":\"ReadAction\",\"target\":[\"https:\\\/\\\/kidsplay.lt\\\/produktas\\\/viga-medine-sensorine-manipuliavimo-lenta-gravitacine-tekme\\\/\"]}]},{\"@type\":\"ImageObject\",\"inLanguage\":\"lv-LV\",\"@id\":\"https:\\\/\\\/kidsplay.lt\\\/produktas\\\/viga-medine-sensorine-manipuliavimo-lenta-gravitacine-tekme\\\/#primaryimage\",\"url\":\"https:\\\/\\\/kidsplay.lt\\\/wp-content\\\/uploads\\\/2025\\\/10\\\/VIGA-medine-sensorine-manipuliavimo-lenta-\u201eGravitacine-tekme.jpg\",\"contentUrl\":\"https:\\\/\\\/kidsplay.lt\\\/wp-content\\\/uploads\\\/2025\\\/10\\\/VIGA-medine-sensorine-manipuliavimo-lenta-\u201eGravitacine-tekme.jpg\",\"width\":1000,\"height\":1000,\"caption\":\"VIGA medin\u0117 sensorin\u0117 manipuliavimo lenta \u201eGravitacin\u0117 t\u0117km\u0117\u201c\"},{\"@type\":\"BreadcrumbList\",\"@id\":\"https:\\\/\\\/kidsplay.lt\\\/produktas\\\/viga-medine-sensorine-manipuliavimo-lenta-gravitacine-tekme\\\/#breadcrumb\",\"itemListElement\":[{\"@type\":\"ListItem\",\"position\":1,\"name\":\"Pagrindinis\",\"item\":\"https:\\\/\\\/kidsplay.lt\\\/\"},{\"@type\":\"ListItem\",\"position\":2,\"name\":\"Parduotuv\u0117\",\"item\":\"https:\\\/\\\/kidsplay.lt\\\/parduotuve\\\/\"},{\"@type\":\"ListItem\",\"position\":3,\"name\":\"VIGA medin\u0117 sensorin\u0117 manipuliavimo lenta \u201eGravitacin\u0117 t\u0117km\u0117\u201c\"}]},{\"@type\":\"WebSite\",\"@id\":\"https:\\\/\\\/kidsplay.lt\\\/#website\",\"url\":\"https:\\\/\\\/kidsplay.lt\\\/\",\"name\":\"Kidsplay.lt\",\"description\":\"\u012evairios prek\u0117s vaikams\",\"publisher\":{\"@id\":\"https:\\\/\\\/kidsplay.lt\\\/#organization\"},\"alternateName\":\"Kidsplay\",\"potentialAction\":[{\"@type\":\"SearchAction\",\"target\":{\"@type\":\"EntryPoint\",\"urlTemplate\":\"https:\\\/\\\/kidsplay.lt\\\/?s={search_term_string}\"},\"query-input\":{\"@type\":\"PropertyValueSpecification\",\"valueRequired\":true,\"valueName\":\"search_term_string\"}}],\"inLanguage\":\"lv-LV\"},{\"@type\":\"Organization\",\"@id\":\"https:\\\/\\\/kidsplay.lt\\\/#organization\",\"name\":\"KidsPlay\",\"url\":\"https:\\\/\\\/kidsplay.lt\\\/\",\"logo\":{\"@type\":\"ImageObject\",\"inLanguage\":\"lv-LV\",\"@id\":\"https:\\\/\\\/kidsplay.lt\\\/#\\\/schema\\\/logo\\\/image\\\/\",\"url\":\"https:\\\/\\\/kidsplay.lt\\\/wp-content\\\/uploads\\\/2023\\\/07\\\/kidsplay-logo.png\",\"contentUrl\":\"https:\\\/\\\/kidsplay.lt\\\/wp-content\\\/uploads\\\/2023\\\/07\\\/kidsplay-logo.png\",\"width\":451,\"height\":98,\"caption\":\"KidsPlay\"},\"image\":{\"@id\":\"https:\\\/\\\/kidsplay.lt\\\/#\\\/schema\\\/logo\\\/image\\\/\"},\"sameAs\":[\"https:\\\/\\\/www.facebook.com\\\/www.kidsplay.lt\"]}]}<\/script>\n<!-- \/ Yoast SEO plugin. -->","yoast_head_json":{"title":"VIGA koka sensor\u0101s manipul\u0101cijas d\u0113lis &quot;Gravit\u0101cijas pl\u016bsma&quot;\u201e","description":"VIGA medin\u0117 sensorin\u0117 manipuliavimo lenta \u201eGravitacin\u0117 t\u0117km\u0117\u201c - KidsPlay. Did\u017eiausias vaik\u0173 \u017eaisl\u0173 pasirinkimas.","robots":{"index":"index","follow":"follow","max-snippet":"max-snippet:-1","max-image-preview":"max-image-preview:large","max-video-preview":"max-video-preview:-1"},"canonical":"https:\/\/kidsplay.lt\/lv\/products\/viga-medine-sensorine-manipuliavimo-lenta-gravitacine-tekme\/","og_locale":"lv_LV","og_type":"article","og_title":"VIGA medin\u0117 sensorin\u0117 manipuliavimo lenta \u201eGravitacin\u0117 t\u0117km\u0117\u201c","og_description":"VIGA medin\u0117 sensorin\u0117 manipuliavimo lenta \u201eGravitacin\u0117 t\u0117km\u0117\u201c - KidsPlay. Did\u017eiausias vaik\u0173 \u017eaisl\u0173 pasirinkimas.","og_url":"https:\/\/kidsplay.lt\/lv\/products\/viga-medine-sensorine-manipuliavimo-lenta-gravitacine-tekme\/","og_site_name":"KidsPlay","article_publisher":"https:\/\/www.facebook.com\/www.kidsplay.lt","article_modified_time":"2026-04-13T11:22:25+00:00","og_image":[{"width":1000,"height":1000,"url":"https:\/\/kidsplay.lt\/wp-content\/uploads\/2025\/10\/VIGA-medine-sensorine-manipuliavimo-lenta-\u201eGravitacine-tekme.jpg","type":"image\/jpeg"}],"twitter_card":"summary_large_image","twitter_misc":{"Est. reading time":"1 min\u016bte"},"schema":{"@context":"https:\/\/schema.org","@graph":[{"@type":"WebPage","@id":"https:\/\/kidsplay.lt\/produktas\/viga-medine-sensorine-manipuliavimo-lenta-gravitacine-tekme\/","url":"https:\/\/kidsplay.lt\/produktas\/viga-medine-sensorine-manipuliavimo-lenta-gravitacine-tekme\/","name":"VIGA koka sensor\u0101s manipul\u0101cijas d\u0113lis &quot;Gravit\u0101cijas pl\u016bsma&quot;\u201e","isPartOf":{"@id":"https:\/\/kidsplay.lt\/#website"},"primaryImageOfPage":{"@id":"https:\/\/kidsplay.lt\/produktas\/viga-medine-sensorine-manipuliavimo-lenta-gravitacine-tekme\/#primaryimage"},"image":{"@id":"https:\/\/kidsplay.lt\/produktas\/viga-medine-sensorine-manipuliavimo-lenta-gravitacine-tekme\/#primaryimage"},"thumbnailUrl":"https:\/\/kidsplay.lt\/wp-content\/uploads\/2025\/10\/VIGA-medine-sensorine-manipuliavimo-lenta-\u201eGravitacine-tekme.jpg","datePublished":"2025-10-23T10:00:08+00:00","dateModified":"2026-04-13T11:22:25+00:00","description":"VIGA medin\u0117 sensorin\u0117 manipuliavimo lenta \u201eGravitacin\u0117 t\u0117km\u0117\u201c - KidsPlay. Did\u017eiausias vaik\u0173 \u017eaisl\u0173 pasirinkimas.","breadcrumb":{"@id":"https:\/\/kidsplay.lt\/produktas\/viga-medine-sensorine-manipuliavimo-lenta-gravitacine-tekme\/#breadcrumb"},"inLanguage":"lv-LV","potentialAction":[{"@type":"ReadAction","target":["https:\/\/kidsplay.lt\/produktas\/viga-medine-sensorine-manipuliavimo-lenta-gravitacine-tekme\/"]}]},{"@type":"ImageObject","inLanguage":"lv-LV","@id":"https:\/\/kidsplay.lt\/produktas\/viga-medine-sensorine-manipuliavimo-lenta-gravitacine-tekme\/#primaryimage","url":"https:\/\/kidsplay.lt\/wp-content\/uploads\/2025\/10\/VIGA-medine-sensorine-manipuliavimo-lenta-\u201eGravitacine-tekme.jpg","contentUrl":"https:\/\/kidsplay.lt\/wp-content\/uploads\/2025\/10\/VIGA-medine-sensorine-manipuliavimo-lenta-\u201eGravitacine-tekme.jpg","width":1000,"height":1000,"caption":"VIGA medin\u0117 sensorin\u0117 manipuliavimo lenta \u201eGravitacin\u0117 t\u0117km\u0117\u201c"},{"@type":"BreadcrumbList","@id":"https:\/\/kidsplay.lt\/produktas\/viga-medine-sensorine-manipuliavimo-lenta-gravitacine-tekme\/#breadcrumb","itemListElement":[{"@type":"ListItem","position":1,"name":"Pagrindinis","item":"https:\/\/kidsplay.lt\/"},{"@type":"ListItem","position":2,"name":"Parduotuv\u0117","item":"https:\/\/kidsplay.lt\/parduotuve\/"},{"@type":"ListItem","position":3,"name":"VIGA medin\u0117 sensorin\u0117 manipuliavimo lenta \u201eGravitacin\u0117 t\u0117km\u0117\u201c"}]},{"@type":"WebSite","@id":"https:\/\/kidsplay.lt\/#website","url":"https:\/\/kidsplay.lt\/","name":"B\u0113rnu sp\u0113les.lv","description":"\u012evairios prek\u0117s vaikams","publisher":{"@id":"https:\/\/kidsplay.lt\/#organization"},"alternateName":"Kidsplay","potentialAction":[{"@type":"SearchAction","target":{"@type":"EntryPoint","urlTemplate":"https:\/\/kidsplay.lt\/?s={search_term_string}"},"query-input":{"@type":"PropertyValueSpecification","valueRequired":true,"valueName":"search_term_string"}}],"inLanguage":"lv-LV"},{"@type":"Organization","@id":"https:\/\/kidsplay.lt\/#organization","name":"B\u0113rnu sp\u0113le","url":"https:\/\/kidsplay.lt\/","logo":{"@type":"ImageObject","inLanguage":"lv-LV","@id":"https:\/\/kidsplay.lt\/#\/schema\/logo\/image\/","url":"https:\/\/kidsplay.lt\/wp-content\/uploads\/2023\/07\/kidsplay-logo.png","contentUrl":"https:\/\/kidsplay.lt\/wp-content\/uploads\/2023\/07\/kidsplay-logo.png","width":451,"height":98,"caption":"KidsPlay"},"image":{"@id":"https:\/\/kidsplay.lt\/#\/schema\/logo\/image\/"},"sameAs":["https:\/\/www.facebook.com\/www.kidsplay.lt"]}]}},"_links":{"self":[{"href":"https:\/\/kidsplay.lt\/lv\/wp-json\/wp\/v2\/product\/77740","targetHints":{"allow":["GET"]}}],"collection":[{"href":"https:\/\/kidsplay.lt\/lv\/wp-json\/wp\/v2\/product"}],"about":[{"href":"https:\/\/kidsplay.lt\/lv\/wp-json\/wp\/v2\/types\/product"}],"version-history":[{"count":1,"href":"https:\/\/kidsplay.lt\/lv\/wp-json\/wp\/v2\/product\/77740\/revisions"}],"predecessor-version":[{"id":77741,"href":"https:\/\/kidsplay.lt\/lv\/wp-json\/wp\/v2\/product\/77740\/revisions\/77741"}],"wp:featuredmedia":[{"embeddable":true,"href":"https:\/\/kidsplay.lt\/lv\/wp-json\/wp\/v2\/media\/77742"}],"wp:attachment":[{"href":"https:\/\/kidsplay.lt\/lv\/wp-json\/wp\/v2\/media?parent=77740"}],"wp:term":[{"taxonomy":"product_brand","embeddable":true,"href":"https:\/\/kidsplay.lt\/lv\/wp-json\/wp\/v2\/product_brand?post=77740"},{"taxonomy":"product_cat","embeddable":true,"href":"https:\/\/kidsplay.lt\/lv\/wp-json\/wp\/v2\/product_cat?post=77740"},{"taxonomy":"product_tag","embeddable":true,"href":"https:\/\/kidsplay.lt\/lv\/wp-json\/wp\/v2\/product_tag?post=77740"}],"curies":[{"name":"wp","href":"https:\/\/api.w.org\/{rel}","templated":true}]}}