{"id":77760,"date":"2025-10-23T13:01:31","date_gmt":"2025-10-23T10:01:31","guid":{"rendered":"https:\/\/kidsplay.lt\/produktas\/woopie-boulingas-vaikams-gyvunai-ir-skaiciai-8-vnt\/"},"modified":"2026-04-13T14:22:42","modified_gmt":"2026-04-13T11:22:42","slug":"woopie-boulingas-vaikams-gyvunai-ir-skaiciai-8-vnt","status":"publish","type":"product","link":"https:\/\/kidsplay.lt\/lv\/products\/woopie-boulingas-vaikams-gyvunai-ir-skaiciai-8-vnt\/","title":{"rendered":"WOOPIE boulings b\u0113rniem Dz\u012bvnieki un skait\u013ci 8 gab."},"content":{"rendered":"<p>Surengkite boulingo turnyr\u0105\u00a0savo nam\u0173 jaukumoje su \u0161iuo \u201e\u00a0Woopie\u201c\u00a0rinkiniu ! Boulingas \u2013 puiki pramoga visai \u0161eimai, o dabar \u0161iuo klasikiniu \u017eaidimu galite m\u0117gautis nei\u0161eidami i\u0161 nam\u0173. Puikiai tinka lietingoms dienoms, \u0161eimos susib\u016brimams ar vakarams terasoje \u2013 tai puikus b\u016bdas aktyviai praleisti laik\u0105, nepriklausomai nuo dalyvi\u0173 am\u017eiaus. \u0160is nam\u0173 naudojimo rinkinys yra ne tik puiki pramoga, bet ir b\u016bdas lavinti\u00a0koordinacij\u0105, tikslum\u0105 bei sveik\u0105 konkurencij\u0105\u00a0. Viskas, ko reikia nepamir\u0161tamam turnyrui surengti, yra viename prakti\u0161kame rinkinyje.<br \/>\nNustatytos charakteristikos:<\/p>\n<p> \t\u017daislas nuo\u00a03 met\u0173 am\u017eiaus<br \/>\n \tBoulingas yra \u017eaidimas, kur\u012f gali \u017eaisti visi, nepriklausomai nuo am\u017eiaus, tod\u0117l jis puikiai tinka\u00a0\u0161eimos susib\u016brimams ir vakar\u0117liams\u00a0.<br \/>\n \tPuikiai tinka naudoti namuose, terasoje ar sode, leid\u017eia organizuoti turnyrus neeinant \u012f boulingo tak\u0105<br \/>\n \tD\u0117l kompakti\u0161ko dyd\u017eio ir lengvai surenkamo kilim\u0117lio galite greitai pasiruo\u0161ti \u017eaidimui, o po \u017eaidimo rinkin\u012f galima lengvai laikyti.<\/p>","protected":false},"excerpt":{"rendered":"<p>Surengkite boulingo turnyr\u0105\u00a0savo nam\u0173 jaukumoje su \u0161iuo \u201e\u00a0Woopie\u201c\u00a0rinkiniu ! Boulingas \u2013 puiki pramoga visai \u0161eimai, o dabar \u0161iuo klasikiniu \u017eaidimu<\/p>","protected":false},"featured_media":77762,"template":"","meta":{"_acf_changed":false,"_glsr_average":0,"_glsr_ranking":0,"_glsr_reviews":0},"product_brand":[],"product_cat":[445,229],"product_tag":[],"class_list":{"0":"post-77760","1":"product","2":"type-product","3":"status-publish","4":"has-post-thumbnail","6":"product_cat-stalo-zaidimai","7":"product_cat-zaislai-vaikams","8":"\"style=\"background-color: #2ecc711c;\"","10":"first","11":"instock","12":"purchasable","13":"product-type-simple"},"acf":[],"yoast_head":"<!-- This site is optimized with the Yoast SEO plugin v27.4 - https:\/\/yoast.com\/product\/yoast-seo-wordpress\/ -->\n<title>WOOPIE boulingas vaikams Gyv\u016bnai ir skai\u010diai 8 vnt.<\/title>\n<meta name=\"description\" content=\"WOOPIE boulingas vaikams Gyv\u016bnai ir skai\u010diai 8 vnt. - KidsPlay. Did\u017eiausias vaik\u0173 \u017eaisl\u0173 pasirinkimas.\" \/>\n<meta name=\"robots\" content=\"index, follow, max-snippet:-1, max-image-preview:large, max-video-preview:-1\" \/>\n<link rel=\"canonical\" href=\"https:\/\/kidsplay.lt\/lv\/products\/woopie-boulingas-vaikams-gyvunai-ir-skaiciai-8-vnt\/\" \/>\n<meta property=\"og:locale\" content=\"lv_LV\" \/>\n<meta property=\"og:type\" content=\"article\" \/>\n<meta property=\"og:title\" content=\"WOOPIE boulingas vaikams Gyv\u016bnai ir skai\u010diai 8 vnt.\" \/>\n<meta property=\"og:description\" content=\"WOOPIE boulingas vaikams Gyv\u016bnai ir skai\u010diai 8 vnt. - KidsPlay. Did\u017eiausias vaik\u0173 \u017eaisl\u0173 pasirinkimas.\" \/>\n<meta property=\"og:url\" content=\"https:\/\/kidsplay.lt\/lv\/products\/woopie-boulingas-vaikams-gyvunai-ir-skaiciai-8-vnt\/\" \/>\n<meta property=\"og:site_name\" content=\"KidsPlay\" \/>\n<meta property=\"article:publisher\" content=\"https:\/\/www.facebook.com\/www.kidsplay.lt\" \/>\n<meta property=\"article:modified_time\" content=\"2026-04-13T11:22:42+00:00\" \/>\n<meta property=\"og:image\" content=\"https:\/\/kidsplay.lt\/wp-content\/uploads\/2025\/10\/WOOPIE-boulingas-vaikams-Gyvunai-ir-skaiciai-8-vnt.jpg\" \/>\n\t<meta property=\"og:image:width\" content=\"1000\" \/>\n\t<meta property=\"og:image:height\" content=\"1000\" \/>\n\t<meta property=\"og:image:type\" content=\"image\/jpeg\" \/>\n<meta name=\"twitter:card\" content=\"summary_large_image\" \/>\n<meta name=\"twitter:label1\" content=\"Est. reading time\" \/>\n\t<meta name=\"twitter:data1\" content=\"1 min\u016bte\" \/>\n<script type=\"application\/ld+json\" class=\"yoast-schema-graph\">{\"@context\":\"https:\\\/\\\/schema.org\",\"@graph\":[{\"@type\":\"WebPage\",\"@id\":\"https:\\\/\\\/kidsplay.lt\\\/produktas\\\/woopie-boulingas-vaikams-gyvunai-ir-skaiciai-8-vnt\\\/\",\"url\":\"https:\\\/\\\/kidsplay.lt\\\/produktas\\\/woopie-boulingas-vaikams-gyvunai-ir-skaiciai-8-vnt\\\/\",\"name\":\"WOOPIE boulingas vaikams Gyv\u016bnai ir skai\u010diai 8 vnt.\",\"isPartOf\":{\"@id\":\"https:\\\/\\\/kidsplay.lt\\\/#website\"},\"primaryImageOfPage\":{\"@id\":\"https:\\\/\\\/kidsplay.lt\\\/produktas\\\/woopie-boulingas-vaikams-gyvunai-ir-skaiciai-8-vnt\\\/#primaryimage\"},\"image\":{\"@id\":\"https:\\\/\\\/kidsplay.lt\\\/produktas\\\/woopie-boulingas-vaikams-gyvunai-ir-skaiciai-8-vnt\\\/#primaryimage\"},\"thumbnailUrl\":\"https:\\\/\\\/kidsplay.lt\\\/wp-content\\\/uploads\\\/2025\\\/10\\\/WOOPIE-boulingas-vaikams-Gyvunai-ir-skaiciai-8-vnt.jpg\",\"datePublished\":\"2025-10-23T10:01:31+00:00\",\"dateModified\":\"2026-04-13T11:22:42+00:00\",\"description\":\"WOOPIE boulingas vaikams Gyv\u016bnai ir skai\u010diai 8 vnt. - KidsPlay. Did\u017eiausias vaik\u0173 \u017eaisl\u0173 pasirinkimas.\",\"breadcrumb\":{\"@id\":\"https:\\\/\\\/kidsplay.lt\\\/produktas\\\/woopie-boulingas-vaikams-gyvunai-ir-skaiciai-8-vnt\\\/#breadcrumb\"},\"inLanguage\":\"lv-LV\",\"potentialAction\":[{\"@type\":\"ReadAction\",\"target\":[\"https:\\\/\\\/kidsplay.lt\\\/produktas\\\/woopie-boulingas-vaikams-gyvunai-ir-skaiciai-8-vnt\\\/\"]}]},{\"@type\":\"ImageObject\",\"inLanguage\":\"lv-LV\",\"@id\":\"https:\\\/\\\/kidsplay.lt\\\/produktas\\\/woopie-boulingas-vaikams-gyvunai-ir-skaiciai-8-vnt\\\/#primaryimage\",\"url\":\"https:\\\/\\\/kidsplay.lt\\\/wp-content\\\/uploads\\\/2025\\\/10\\\/WOOPIE-boulingas-vaikams-Gyvunai-ir-skaiciai-8-vnt.jpg\",\"contentUrl\":\"https:\\\/\\\/kidsplay.lt\\\/wp-content\\\/uploads\\\/2025\\\/10\\\/WOOPIE-boulingas-vaikams-Gyvunai-ir-skaiciai-8-vnt.jpg\",\"width\":1000,\"height\":1000,\"caption\":\"WOOPIE boulingas vaikams Gyv\u016bnai ir skai\u010diai 8 vnt.\"},{\"@type\":\"BreadcrumbList\",\"@id\":\"https:\\\/\\\/kidsplay.lt\\\/produktas\\\/woopie-boulingas-vaikams-gyvunai-ir-skaiciai-8-vnt\\\/#breadcrumb\",\"itemListElement\":[{\"@type\":\"ListItem\",\"position\":1,\"name\":\"Pagrindinis\",\"item\":\"https:\\\/\\\/kidsplay.lt\\\/\"},{\"@type\":\"ListItem\",\"position\":2,\"name\":\"Parduotuv\u0117\",\"item\":\"https:\\\/\\\/kidsplay.lt\\\/parduotuve\\\/\"},{\"@type\":\"ListItem\",\"position\":3,\"name\":\"WOOPIE boulingas vaikams Gyv\u016bnai ir skai\u010diai 8 vnt.\"}]},{\"@type\":\"WebSite\",\"@id\":\"https:\\\/\\\/kidsplay.lt\\\/#website\",\"url\":\"https:\\\/\\\/kidsplay.lt\\\/\",\"name\":\"Kidsplay.lt\",\"description\":\"\u012evairios prek\u0117s vaikams\",\"publisher\":{\"@id\":\"https:\\\/\\\/kidsplay.lt\\\/#organization\"},\"alternateName\":\"Kidsplay\",\"potentialAction\":[{\"@type\":\"SearchAction\",\"target\":{\"@type\":\"EntryPoint\",\"urlTemplate\":\"https:\\\/\\\/kidsplay.lt\\\/?s={search_term_string}\"},\"query-input\":{\"@type\":\"PropertyValueSpecification\",\"valueRequired\":true,\"valueName\":\"search_term_string\"}}],\"inLanguage\":\"lv-LV\"},{\"@type\":\"Organization\",\"@id\":\"https:\\\/\\\/kidsplay.lt\\\/#organization\",\"name\":\"KidsPlay\",\"url\":\"https:\\\/\\\/kidsplay.lt\\\/\",\"logo\":{\"@type\":\"ImageObject\",\"inLanguage\":\"lv-LV\",\"@id\":\"https:\\\/\\\/kidsplay.lt\\\/#\\\/schema\\\/logo\\\/image\\\/\",\"url\":\"https:\\\/\\\/kidsplay.lt\\\/wp-content\\\/uploads\\\/2023\\\/07\\\/kidsplay-logo.png\",\"contentUrl\":\"https:\\\/\\\/kidsplay.lt\\\/wp-content\\\/uploads\\\/2023\\\/07\\\/kidsplay-logo.png\",\"width\":451,\"height\":98,\"caption\":\"KidsPlay\"},\"image\":{\"@id\":\"https:\\\/\\\/kidsplay.lt\\\/#\\\/schema\\\/logo\\\/image\\\/\"},\"sameAs\":[\"https:\\\/\\\/www.facebook.com\\\/www.kidsplay.lt\"]}]}<\/script>\n<!-- \/ Yoast SEO plugin. -->","yoast_head_json":{"title":"WOOPIE boulings b\u0113rniem Dz\u012bvnieki un skait\u013ci 8 gab.","description":"WOOPIE boulingas vaikams Gyv\u016bnai ir skai\u010diai 8 vnt. - KidsPlay. Did\u017eiausias vaik\u0173 \u017eaisl\u0173 pasirinkimas.","robots":{"index":"index","follow":"follow","max-snippet":"max-snippet:-1","max-image-preview":"max-image-preview:large","max-video-preview":"max-video-preview:-1"},"canonical":"https:\/\/kidsplay.lt\/lv\/products\/woopie-boulingas-vaikams-gyvunai-ir-skaiciai-8-vnt\/","og_locale":"lv_LV","og_type":"article","og_title":"WOOPIE boulingas vaikams Gyv\u016bnai ir skai\u010diai 8 vnt.","og_description":"WOOPIE boulingas vaikams Gyv\u016bnai ir skai\u010diai 8 vnt. - KidsPlay. Did\u017eiausias vaik\u0173 \u017eaisl\u0173 pasirinkimas.","og_url":"https:\/\/kidsplay.lt\/lv\/products\/woopie-boulingas-vaikams-gyvunai-ir-skaiciai-8-vnt\/","og_site_name":"KidsPlay","article_publisher":"https:\/\/www.facebook.com\/www.kidsplay.lt","article_modified_time":"2026-04-13T11:22:42+00:00","og_image":[{"width":1000,"height":1000,"url":"https:\/\/kidsplay.lt\/wp-content\/uploads\/2025\/10\/WOOPIE-boulingas-vaikams-Gyvunai-ir-skaiciai-8-vnt.jpg","type":"image\/jpeg"}],"twitter_card":"summary_large_image","twitter_misc":{"Est. reading time":"1 min\u016bte"},"schema":{"@context":"https:\/\/schema.org","@graph":[{"@type":"WebPage","@id":"https:\/\/kidsplay.lt\/produktas\/woopie-boulingas-vaikams-gyvunai-ir-skaiciai-8-vnt\/","url":"https:\/\/kidsplay.lt\/produktas\/woopie-boulingas-vaikams-gyvunai-ir-skaiciai-8-vnt\/","name":"WOOPIE boulings b\u0113rniem Dz\u012bvnieki un skait\u013ci 8 gab.","isPartOf":{"@id":"https:\/\/kidsplay.lt\/#website"},"primaryImageOfPage":{"@id":"https:\/\/kidsplay.lt\/produktas\/woopie-boulingas-vaikams-gyvunai-ir-skaiciai-8-vnt\/#primaryimage"},"image":{"@id":"https:\/\/kidsplay.lt\/produktas\/woopie-boulingas-vaikams-gyvunai-ir-skaiciai-8-vnt\/#primaryimage"},"thumbnailUrl":"https:\/\/kidsplay.lt\/wp-content\/uploads\/2025\/10\/WOOPIE-boulingas-vaikams-Gyvunai-ir-skaiciai-8-vnt.jpg","datePublished":"2025-10-23T10:01:31+00:00","dateModified":"2026-04-13T11:22:42+00:00","description":"WOOPIE boulingas vaikams Gyv\u016bnai ir skai\u010diai 8 vnt. - KidsPlay. Did\u017eiausias vaik\u0173 \u017eaisl\u0173 pasirinkimas.","breadcrumb":{"@id":"https:\/\/kidsplay.lt\/produktas\/woopie-boulingas-vaikams-gyvunai-ir-skaiciai-8-vnt\/#breadcrumb"},"inLanguage":"lv-LV","potentialAction":[{"@type":"ReadAction","target":["https:\/\/kidsplay.lt\/produktas\/woopie-boulingas-vaikams-gyvunai-ir-skaiciai-8-vnt\/"]}]},{"@type":"ImageObject","inLanguage":"lv-LV","@id":"https:\/\/kidsplay.lt\/produktas\/woopie-boulingas-vaikams-gyvunai-ir-skaiciai-8-vnt\/#primaryimage","url":"https:\/\/kidsplay.lt\/wp-content\/uploads\/2025\/10\/WOOPIE-boulingas-vaikams-Gyvunai-ir-skaiciai-8-vnt.jpg","contentUrl":"https:\/\/kidsplay.lt\/wp-content\/uploads\/2025\/10\/WOOPIE-boulingas-vaikams-Gyvunai-ir-skaiciai-8-vnt.jpg","width":1000,"height":1000,"caption":"WOOPIE boulingas vaikams Gyv\u016bnai ir skai\u010diai 8 vnt."},{"@type":"BreadcrumbList","@id":"https:\/\/kidsplay.lt\/produktas\/woopie-boulingas-vaikams-gyvunai-ir-skaiciai-8-vnt\/#breadcrumb","itemListElement":[{"@type":"ListItem","position":1,"name":"Pagrindinis","item":"https:\/\/kidsplay.lt\/"},{"@type":"ListItem","position":2,"name":"Parduotuv\u0117","item":"https:\/\/kidsplay.lt\/parduotuve\/"},{"@type":"ListItem","position":3,"name":"WOOPIE boulingas vaikams Gyv\u016bnai ir skai\u010diai 8 vnt."}]},{"@type":"WebSite","@id":"https:\/\/kidsplay.lt\/#website","url":"https:\/\/kidsplay.lt\/","name":"B\u0113rnu sp\u0113les.lv","description":"\u012evairios prek\u0117s vaikams","publisher":{"@id":"https:\/\/kidsplay.lt\/#organization"},"alternateName":"Kidsplay","potentialAction":[{"@type":"SearchAction","target":{"@type":"EntryPoint","urlTemplate":"https:\/\/kidsplay.lt\/?s={search_term_string}"},"query-input":{"@type":"PropertyValueSpecification","valueRequired":true,"valueName":"search_term_string"}}],"inLanguage":"lv-LV"},{"@type":"Organization","@id":"https:\/\/kidsplay.lt\/#organization","name":"B\u0113rnu sp\u0113le","url":"https:\/\/kidsplay.lt\/","logo":{"@type":"ImageObject","inLanguage":"lv-LV","@id":"https:\/\/kidsplay.lt\/#\/schema\/logo\/image\/","url":"https:\/\/kidsplay.lt\/wp-content\/uploads\/2023\/07\/kidsplay-logo.png","contentUrl":"https:\/\/kidsplay.lt\/wp-content\/uploads\/2023\/07\/kidsplay-logo.png","width":451,"height":98,"caption":"KidsPlay"},"image":{"@id":"https:\/\/kidsplay.lt\/#\/schema\/logo\/image\/"},"sameAs":["https:\/\/www.facebook.com\/www.kidsplay.lt"]}]}},"_links":{"self":[{"href":"https:\/\/kidsplay.lt\/lv\/wp-json\/wp\/v2\/product\/77760","targetHints":{"allow":["GET"]}}],"collection":[{"href":"https:\/\/kidsplay.lt\/lv\/wp-json\/wp\/v2\/product"}],"about":[{"href":"https:\/\/kidsplay.lt\/lv\/wp-json\/wp\/v2\/types\/product"}],"version-history":[{"count":1,"href":"https:\/\/kidsplay.lt\/lv\/wp-json\/wp\/v2\/product\/77760\/revisions"}],"predecessor-version":[{"id":77761,"href":"https:\/\/kidsplay.lt\/lv\/wp-json\/wp\/v2\/product\/77760\/revisions\/77761"}],"wp:featuredmedia":[{"embeddable":true,"href":"https:\/\/kidsplay.lt\/lv\/wp-json\/wp\/v2\/media\/77762"}],"wp:attachment":[{"href":"https:\/\/kidsplay.lt\/lv\/wp-json\/wp\/v2\/media?parent=77760"}],"wp:term":[{"taxonomy":"product_brand","embeddable":true,"href":"https:\/\/kidsplay.lt\/lv\/wp-json\/wp\/v2\/product_brand?post=77760"},{"taxonomy":"product_cat","embeddable":true,"href":"https:\/\/kidsplay.lt\/lv\/wp-json\/wp\/v2\/product_cat?post=77760"},{"taxonomy":"product_tag","embeddable":true,"href":"https:\/\/kidsplay.lt\/lv\/wp-json\/wp\/v2\/product_tag?post=77760"}],"curies":[{"name":"wp","href":"https:\/\/api.w.org\/{rel}","templated":true}]}}