{"id":77800,"date":"2025-10-23T13:04:09","date_gmt":"2025-10-23T10:04:09","guid":{"rendered":"https:\/\/kidsplay.lt\/produktas\/viga-medinis-kamuoliuko-gaudymo-tasku-rinkinys\/"},"modified":"2026-04-13T13:39:52","modified_gmt":"2026-04-13T10:39:52","slug":"viga-medinis-kamuoliuko-gaudymo-tasku-rinkinys","status":"publish","type":"product","link":"https:\/\/kidsplay.lt\/lv\/products\/viga-medinis-kamuoliuko-gaudymo-tasku-rinkinys\/","title":{"rendered":"VIGA medinis kamuoliuko gaudymo ta\u0161k\u0173 rinkinys"},"content":{"rendered":"<p>Supa\u017eindinkite savo vaik\u0105 su aktyvaus \u017eaidimo pasauliu su\u00a0VIGA\u00a0mediniu\u00a0kamuoliuko gaudymo \u017eaidimo irkl\u0173 rinkiniu\u00a0\u00a0! \u0160\u012f unikal\u0173 rinkin\u012f sudaro dvi skirting\u0173, \u012fdomi\u0173 form\u0173 medin\u0117s irklent\u0117s:\u00a0viena ilga ir viena kvadratin\u0117\u00a0. Irkl\u0173 skylut\u0117s pa\u017eym\u0117tos ta\u0161kais (10, 20, 30, 40, 50), tod\u0117l \u017eaid\u0117jai gali var\u017eytis ir\u00a0rinkti ta\u0161kus\u00a0mu\u0161dami kamuol\u012f. Rinkin\u012f sudaro du mink\u0161ti\u00a0kamuoliuk\u0173 mai\u0161eliai\u00a0, kurie virvel\u0117mis tvirtai pritvirtinti prie irkl\u0173, tod\u0117l j\u0173\u00a0saugu ir ne\u012fmanoma pamesti\u00a0. \u0160is \u017eaislas lavina j\u016bs\u0173 vaiko\u00a0aki\u0173 ir rank\u0173 koordinacij\u0105 , erdvin\u012f suvokim\u0105, susikaupim\u0105 ir\u00a0savireguliacijos\u00a0\u012fg\u016bd\u017eius\u00a0. \u017daidimas apima kamuoliuko m\u0117tym\u0105 taip, kad jis \u012fkrist\u0173 \u012f kuo ma\u017eesn\u0119 skylut\u0119, garantuojant\u00a0auk\u0161tesn\u012f rezultat\u0105 ir pasitenkinim\u0105\u00a0. Tai puikus b\u016bdas praleisti laik\u0105 lauke ar namuose, kartu lavinant\u00a0motorinius \u012fg\u016bd\u017eius ir login\u012f m\u0105stym\u0105\u00a0.<\/p>\n<p>Rakstur\u012bgs:<\/p>\n<p>&#8211; \u017daislas vaikams\u00a0nuo 3 met\u0173 am\u017eiaus\u00a0.<br \/>\n&#8211; Rinkin\u012f sudaro du\u00a0mediniai irklai ir du kamuoliukai\/mai\u0161eliai\u00a0ant virveli\u0173.<br \/>\n&#8211; Irklai turi\u00a0skylutes su \u012frai\u017eomis\u00a0(10, 20, 30, 40, 50) ir yra\u00a0dviej\u0173 skirting\u0173 form\u0173\u00a0.<br \/>\n&#8211; Kamuoliukai yra mink\u0161ti ir\u00a0visam laikui pritvirtinti virvel\u0117mis\u00a0, kurios u\u017etikrina saugum\u0105 ir apsaugo nuo pametimo.<br \/>\n&#8211; \u017daislas\u00a0pagamintas i\u0161 tvirtos medienos,\u00a0kruop\u0161\u010diai apgalvojus detales.<\/p>\n<p>Komplekt\u0101 ietilpst:<\/p>\n<p>&#8211; Kvadratin\u0117s formos irklas su kamuoliuku\/mai\u0161u.<br \/>\n&#8211; Ilgos formos irklas su kamuoliuku\/mai\u0161u<\/p>\n<p>Rota\u013clieta att\u012bst\u0101s:<\/p>\n<p>&#8211; Aki\u0173 ir rank\u0173 koordinacija.<br \/>\n&#8211; Erdvinis suvokimas.<br \/>\n&#8211; Savireguliacija ir susikaupimas.<br \/>\n&#8211; Motoriniai \u012fg\u016bd\u017eiai ir metim\u0173 tikslumas.<br \/>\n&#8211; Sveika konkurencija ir kantryb\u0117.<\/p>","protected":false},"excerpt":{"rendered":"<p>Supa\u017eindinkite savo vaik\u0105 su aktyvaus \u017eaidimo pasauliu su\u00a0VIGA\u00a0mediniu\u00a0kamuoliuko gaudymo \u017eaidimo irkl\u0173 rinkiniu\u00a0\u00a0! \u0160\u012f unikal\u0173 rinkin\u012f sudaro dvi skirting\u0173, \u012fdomi\u0173 form\u0173<\/p>","protected":false},"featured_media":77802,"template":"","meta":{"_acf_changed":false,"_glsr_average":0,"_glsr_ranking":0,"_glsr_reviews":0},"product_brand":[],"product_cat":[406,883,229],"product_tag":[],"class_list":{"0":"post-77800","1":"product","2":"type-product","3":"status-publish","4":"has-post-thumbnail","6":"product_cat-mediniai-zaidimai","7":"product_cat-mediniai-zaislai-2","8":"product_cat-zaislai-vaikams","9":"\"style=\"background-color: #2ecc711c;\"","11":"first","12":"instock","13":"purchasable","14":"product-type-simple"},"acf":[],"yoast_head":"<!-- This site is optimized with the Yoast SEO plugin v27.4 - https:\/\/yoast.com\/product\/yoast-seo-wordpress\/ -->\n<title>VIGA medinis kamuoliuko gaudymo ta\u0161k\u0173 rinkinys<\/title>\n<meta name=\"description\" content=\"VIGA medinis kamuoliuko gaudymo ta\u0161k\u0173 rinkinys - KidsPlay. Did\u017eiausias vaik\u0173 \u017eaisl\u0173 pasirinkimas.\" \/>\n<meta name=\"robots\" content=\"index, follow, max-snippet:-1, max-image-preview:large, max-video-preview:-1\" \/>\n<link rel=\"canonical\" href=\"https:\/\/kidsplay.lt\/lv\/products\/viga-medinis-kamuoliuko-gaudymo-tasku-rinkinys\/\" \/>\n<meta property=\"og:locale\" content=\"lv_LV\" \/>\n<meta property=\"og:type\" content=\"article\" \/>\n<meta property=\"og:title\" content=\"VIGA medinis kamuoliuko gaudymo ta\u0161k\u0173 rinkinys\" \/>\n<meta property=\"og:description\" content=\"VIGA medinis kamuoliuko gaudymo ta\u0161k\u0173 rinkinys - KidsPlay. Did\u017eiausias vaik\u0173 \u017eaisl\u0173 pasirinkimas.\" \/>\n<meta property=\"og:url\" content=\"https:\/\/kidsplay.lt\/lv\/products\/viga-medinis-kamuoliuko-gaudymo-tasku-rinkinys\/\" \/>\n<meta property=\"og:site_name\" content=\"KidsPlay\" \/>\n<meta property=\"article:publisher\" content=\"https:\/\/www.facebook.com\/www.kidsplay.lt\" \/>\n<meta property=\"article:modified_time\" content=\"2026-04-13T10:39:52+00:00\" \/>\n<meta property=\"og:image\" content=\"https:\/\/kidsplay.lt\/wp-content\/uploads\/2025\/10\/VIGA-medinis-kamuoliuko-gaudymo-tasku-rinkinys.jpg\" \/>\n\t<meta property=\"og:image:width\" content=\"1000\" \/>\n\t<meta property=\"og:image:height\" content=\"1000\" \/>\n\t<meta property=\"og:image:type\" content=\"image\/jpeg\" \/>\n<meta name=\"twitter:card\" content=\"summary_large_image\" \/>\n<meta name=\"twitter:label1\" content=\"Est. reading time\" \/>\n\t<meta name=\"twitter:data1\" content=\"2 min\u016btes\" \/>\n<script type=\"application\/ld+json\" class=\"yoast-schema-graph\">{\"@context\":\"https:\\\/\\\/schema.org\",\"@graph\":[{\"@type\":\"WebPage\",\"@id\":\"https:\\\/\\\/kidsplay.lt\\\/produktas\\\/viga-medinis-kamuoliuko-gaudymo-tasku-rinkinys\\\/\",\"url\":\"https:\\\/\\\/kidsplay.lt\\\/produktas\\\/viga-medinis-kamuoliuko-gaudymo-tasku-rinkinys\\\/\",\"name\":\"VIGA medinis kamuoliuko gaudymo ta\u0161k\u0173 rinkinys\",\"isPartOf\":{\"@id\":\"https:\\\/\\\/kidsplay.lt\\\/#website\"},\"primaryImageOfPage\":{\"@id\":\"https:\\\/\\\/kidsplay.lt\\\/produktas\\\/viga-medinis-kamuoliuko-gaudymo-tasku-rinkinys\\\/#primaryimage\"},\"image\":{\"@id\":\"https:\\\/\\\/kidsplay.lt\\\/produktas\\\/viga-medinis-kamuoliuko-gaudymo-tasku-rinkinys\\\/#primaryimage\"},\"thumbnailUrl\":\"https:\\\/\\\/kidsplay.lt\\\/wp-content\\\/uploads\\\/2025\\\/10\\\/VIGA-medinis-kamuoliuko-gaudymo-tasku-rinkinys.jpg\",\"datePublished\":\"2025-10-23T10:04:09+00:00\",\"dateModified\":\"2026-04-13T10:39:52+00:00\",\"description\":\"VIGA medinis kamuoliuko gaudymo ta\u0161k\u0173 rinkinys - KidsPlay. Did\u017eiausias vaik\u0173 \u017eaisl\u0173 pasirinkimas.\",\"breadcrumb\":{\"@id\":\"https:\\\/\\\/kidsplay.lt\\\/produktas\\\/viga-medinis-kamuoliuko-gaudymo-tasku-rinkinys\\\/#breadcrumb\"},\"inLanguage\":\"lv-LV\",\"potentialAction\":[{\"@type\":\"ReadAction\",\"target\":[\"https:\\\/\\\/kidsplay.lt\\\/produktas\\\/viga-medinis-kamuoliuko-gaudymo-tasku-rinkinys\\\/\"]}]},{\"@type\":\"ImageObject\",\"inLanguage\":\"lv-LV\",\"@id\":\"https:\\\/\\\/kidsplay.lt\\\/produktas\\\/viga-medinis-kamuoliuko-gaudymo-tasku-rinkinys\\\/#primaryimage\",\"url\":\"https:\\\/\\\/kidsplay.lt\\\/wp-content\\\/uploads\\\/2025\\\/10\\\/VIGA-medinis-kamuoliuko-gaudymo-tasku-rinkinys.jpg\",\"contentUrl\":\"https:\\\/\\\/kidsplay.lt\\\/wp-content\\\/uploads\\\/2025\\\/10\\\/VIGA-medinis-kamuoliuko-gaudymo-tasku-rinkinys.jpg\",\"width\":1000,\"height\":1000,\"caption\":\"VIGA medinis kamuoliuko gaudymo ta\u0161k\u0173 rinkinys\"},{\"@type\":\"BreadcrumbList\",\"@id\":\"https:\\\/\\\/kidsplay.lt\\\/produktas\\\/viga-medinis-kamuoliuko-gaudymo-tasku-rinkinys\\\/#breadcrumb\",\"itemListElement\":[{\"@type\":\"ListItem\",\"position\":1,\"name\":\"Pagrindinis\",\"item\":\"https:\\\/\\\/kidsplay.lt\\\/\"},{\"@type\":\"ListItem\",\"position\":2,\"name\":\"Parduotuv\u0117\",\"item\":\"https:\\\/\\\/kidsplay.lt\\\/parduotuve\\\/\"},{\"@type\":\"ListItem\",\"position\":3,\"name\":\"VIGA medinis kamuoliuko gaudymo ta\u0161k\u0173 rinkinys\"}]},{\"@type\":\"WebSite\",\"@id\":\"https:\\\/\\\/kidsplay.lt\\\/#website\",\"url\":\"https:\\\/\\\/kidsplay.lt\\\/\",\"name\":\"Kidsplay.lt\",\"description\":\"\u012evairios prek\u0117s vaikams\",\"publisher\":{\"@id\":\"https:\\\/\\\/kidsplay.lt\\\/#organization\"},\"alternateName\":\"Kidsplay\",\"potentialAction\":[{\"@type\":\"SearchAction\",\"target\":{\"@type\":\"EntryPoint\",\"urlTemplate\":\"https:\\\/\\\/kidsplay.lt\\\/?s={search_term_string}\"},\"query-input\":{\"@type\":\"PropertyValueSpecification\",\"valueRequired\":true,\"valueName\":\"search_term_string\"}}],\"inLanguage\":\"lv-LV\"},{\"@type\":\"Organization\",\"@id\":\"https:\\\/\\\/kidsplay.lt\\\/#organization\",\"name\":\"KidsPlay\",\"url\":\"https:\\\/\\\/kidsplay.lt\\\/\",\"logo\":{\"@type\":\"ImageObject\",\"inLanguage\":\"lv-LV\",\"@id\":\"https:\\\/\\\/kidsplay.lt\\\/#\\\/schema\\\/logo\\\/image\\\/\",\"url\":\"https:\\\/\\\/kidsplay.lt\\\/wp-content\\\/uploads\\\/2023\\\/07\\\/kidsplay-logo.png\",\"contentUrl\":\"https:\\\/\\\/kidsplay.lt\\\/wp-content\\\/uploads\\\/2023\\\/07\\\/kidsplay-logo.png\",\"width\":451,\"height\":98,\"caption\":\"KidsPlay\"},\"image\":{\"@id\":\"https:\\\/\\\/kidsplay.lt\\\/#\\\/schema\\\/logo\\\/image\\\/\"},\"sameAs\":[\"https:\\\/\\\/www.facebook.com\\\/www.kidsplay.lt\"]}]}<\/script>\n<!-- \/ Yoast SEO plugin. -->","yoast_head_json":{"title":"VIGA medinis kamuoliuko gaudymo ta\u0161k\u0173 rinkinys","description":"VIGA medinis kamuoliuko gaudymo ta\u0161k\u0173 rinkinys - KidsPlay. Did\u017eiausias vaik\u0173 \u017eaisl\u0173 pasirinkimas.","robots":{"index":"index","follow":"follow","max-snippet":"max-snippet:-1","max-image-preview":"max-image-preview:large","max-video-preview":"max-video-preview:-1"},"canonical":"https:\/\/kidsplay.lt\/lv\/products\/viga-medinis-kamuoliuko-gaudymo-tasku-rinkinys\/","og_locale":"lv_LV","og_type":"article","og_title":"VIGA medinis kamuoliuko gaudymo ta\u0161k\u0173 rinkinys","og_description":"VIGA medinis kamuoliuko gaudymo ta\u0161k\u0173 rinkinys - KidsPlay. Did\u017eiausias vaik\u0173 \u017eaisl\u0173 pasirinkimas.","og_url":"https:\/\/kidsplay.lt\/lv\/products\/viga-medinis-kamuoliuko-gaudymo-tasku-rinkinys\/","og_site_name":"KidsPlay","article_publisher":"https:\/\/www.facebook.com\/www.kidsplay.lt","article_modified_time":"2026-04-13T10:39:52+00:00","og_image":[{"width":1000,"height":1000,"url":"https:\/\/kidsplay.lt\/wp-content\/uploads\/2025\/10\/VIGA-medinis-kamuoliuko-gaudymo-tasku-rinkinys.jpg","type":"image\/jpeg"}],"twitter_card":"summary_large_image","twitter_misc":{"Est. reading time":"2 min\u016btes"},"schema":{"@context":"https:\/\/schema.org","@graph":[{"@type":"WebPage","@id":"https:\/\/kidsplay.lt\/produktas\/viga-medinis-kamuoliuko-gaudymo-tasku-rinkinys\/","url":"https:\/\/kidsplay.lt\/produktas\/viga-medinis-kamuoliuko-gaudymo-tasku-rinkinys\/","name":"VIGA medinis kamuoliuko gaudymo ta\u0161k\u0173 rinkinys","isPartOf":{"@id":"https:\/\/kidsplay.lt\/#website"},"primaryImageOfPage":{"@id":"https:\/\/kidsplay.lt\/produktas\/viga-medinis-kamuoliuko-gaudymo-tasku-rinkinys\/#primaryimage"},"image":{"@id":"https:\/\/kidsplay.lt\/produktas\/viga-medinis-kamuoliuko-gaudymo-tasku-rinkinys\/#primaryimage"},"thumbnailUrl":"https:\/\/kidsplay.lt\/wp-content\/uploads\/2025\/10\/VIGA-medinis-kamuoliuko-gaudymo-tasku-rinkinys.jpg","datePublished":"2025-10-23T10:04:09+00:00","dateModified":"2026-04-13T10:39:52+00:00","description":"VIGA medinis kamuoliuko gaudymo ta\u0161k\u0173 rinkinys - KidsPlay. Did\u017eiausias vaik\u0173 \u017eaisl\u0173 pasirinkimas.","breadcrumb":{"@id":"https:\/\/kidsplay.lt\/produktas\/viga-medinis-kamuoliuko-gaudymo-tasku-rinkinys\/#breadcrumb"},"inLanguage":"lv-LV","potentialAction":[{"@type":"ReadAction","target":["https:\/\/kidsplay.lt\/produktas\/viga-medinis-kamuoliuko-gaudymo-tasku-rinkinys\/"]}]},{"@type":"ImageObject","inLanguage":"lv-LV","@id":"https:\/\/kidsplay.lt\/produktas\/viga-medinis-kamuoliuko-gaudymo-tasku-rinkinys\/#primaryimage","url":"https:\/\/kidsplay.lt\/wp-content\/uploads\/2025\/10\/VIGA-medinis-kamuoliuko-gaudymo-tasku-rinkinys.jpg","contentUrl":"https:\/\/kidsplay.lt\/wp-content\/uploads\/2025\/10\/VIGA-medinis-kamuoliuko-gaudymo-tasku-rinkinys.jpg","width":1000,"height":1000,"caption":"VIGA medinis kamuoliuko gaudymo ta\u0161k\u0173 rinkinys"},{"@type":"BreadcrumbList","@id":"https:\/\/kidsplay.lt\/produktas\/viga-medinis-kamuoliuko-gaudymo-tasku-rinkinys\/#breadcrumb","itemListElement":[{"@type":"ListItem","position":1,"name":"Pagrindinis","item":"https:\/\/kidsplay.lt\/"},{"@type":"ListItem","position":2,"name":"Parduotuv\u0117","item":"https:\/\/kidsplay.lt\/parduotuve\/"},{"@type":"ListItem","position":3,"name":"VIGA medinis kamuoliuko gaudymo ta\u0161k\u0173 rinkinys"}]},{"@type":"WebSite","@id":"https:\/\/kidsplay.lt\/#website","url":"https:\/\/kidsplay.lt\/","name":"B\u0113rnu sp\u0113les.lv","description":"\u012evairios prek\u0117s vaikams","publisher":{"@id":"https:\/\/kidsplay.lt\/#organization"},"alternateName":"Kidsplay","potentialAction":[{"@type":"SearchAction","target":{"@type":"EntryPoint","urlTemplate":"https:\/\/kidsplay.lt\/?s={search_term_string}"},"query-input":{"@type":"PropertyValueSpecification","valueRequired":true,"valueName":"search_term_string"}}],"inLanguage":"lv-LV"},{"@type":"Organization","@id":"https:\/\/kidsplay.lt\/#organization","name":"B\u0113rnu sp\u0113le","url":"https:\/\/kidsplay.lt\/","logo":{"@type":"ImageObject","inLanguage":"lv-LV","@id":"https:\/\/kidsplay.lt\/#\/schema\/logo\/image\/","url":"https:\/\/kidsplay.lt\/wp-content\/uploads\/2023\/07\/kidsplay-logo.png","contentUrl":"https:\/\/kidsplay.lt\/wp-content\/uploads\/2023\/07\/kidsplay-logo.png","width":451,"height":98,"caption":"KidsPlay"},"image":{"@id":"https:\/\/kidsplay.lt\/#\/schema\/logo\/image\/"},"sameAs":["https:\/\/www.facebook.com\/www.kidsplay.lt"]}]}},"_links":{"self":[{"href":"https:\/\/kidsplay.lt\/lv\/wp-json\/wp\/v2\/product\/77800","targetHints":{"allow":["GET"]}}],"collection":[{"href":"https:\/\/kidsplay.lt\/lv\/wp-json\/wp\/v2\/product"}],"about":[{"href":"https:\/\/kidsplay.lt\/lv\/wp-json\/wp\/v2\/types\/product"}],"version-history":[{"count":2,"href":"https:\/\/kidsplay.lt\/lv\/wp-json\/wp\/v2\/product\/77800\/revisions"}],"predecessor-version":[{"id":83490,"href":"https:\/\/kidsplay.lt\/lv\/wp-json\/wp\/v2\/product\/77800\/revisions\/83490"}],"wp:featuredmedia":[{"embeddable":true,"href":"https:\/\/kidsplay.lt\/lv\/wp-json\/wp\/v2\/media\/77802"}],"wp:attachment":[{"href":"https:\/\/kidsplay.lt\/lv\/wp-json\/wp\/v2\/media?parent=77800"}],"wp:term":[{"taxonomy":"product_brand","embeddable":true,"href":"https:\/\/kidsplay.lt\/lv\/wp-json\/wp\/v2\/product_brand?post=77800"},{"taxonomy":"product_cat","embeddable":true,"href":"https:\/\/kidsplay.lt\/lv\/wp-json\/wp\/v2\/product_cat?post=77800"},{"taxonomy":"product_tag","embeddable":true,"href":"https:\/\/kidsplay.lt\/lv\/wp-json\/wp\/v2\/product_tag?post=77800"}],"curies":[{"name":"wp","href":"https:\/\/api.w.org\/{rel}","templated":true}]}}