{"id":77840,"date":"2025-10-23T13:39:17","date_gmt":"2025-10-23T10:39:17","guid":{"rendered":"https:\/\/kidsplay.lt\/produktas\/viga-medine-zebro-manipuliacine-lenta-fsc-montessori-sertifikatas\/"},"modified":"2026-04-13T14:29:27","modified_gmt":"2026-04-13T11:29:27","slug":"viga-medine-zebro-manipuliacine-lenta-montessori","status":"publish","type":"product","link":"https:\/\/kidsplay.lt\/lv\/products\/viga-medine-zebro-manipuliacine-lenta-montessori\/","title":{"rendered":"VIGA koka zebras manipulat\u012bvais d\u0113lis Montessori"},"content":{"rendered":"<p>\u201eViga\u201c medinis zebro formos sieninis \u017eaidimas \u201eSuderink formas\u201c yra vienas i\u0161 pirmaujan\u010di\u0173 \u017eaisl\u0173, kuris leis j\u016bs\u0173 vaikui pasinerti \u012f \u012ftraukian\u010dio ir k\u016brybi\u0161ko \u017eaidimo pasaul\u012f. \u0160is r\u016b\u0161iavimo stiliaus \u017eaidimas turi medinius i\u0161ky\u0161ulius, ant kuri\u0173 ant virvel\u0117s u\u017ededama atitinkama kalad\u0117l\u0117s forma. \u0160is \u017eaidimas supa\u017eindins j\u016bs\u0173 vaik\u0105 su \u012fdomiu \u017eaidimu ir pagerins jo geb\u0117jim\u0105 atpa\u017einti spalvas ir formas. Tai privalumai, kuri\u0173 negali pakeisti joks kitas \u017eaislas. \u0160is spalvingas \u017eaidimas lavina vaizduot\u0119 ir login\u012f m\u0105stym\u0105.<\/p>\n<p>Mediena lakuota ir da\u017eyta vaikams saugiais ry\u0161ki\u0173 spalv\u0173 da\u017eais, kurie prad\u017eiugins kiekvien\u0105 vartotoj\u0105 ir suteiks daug pramog\u0173.<\/p>","protected":false},"excerpt":{"rendered":"<p>\u201eViga\u201c medinis zebro formos sieninis \u017eaidimas \u201eSuderink formas\u201c yra vienas i\u0161 pirmaujan\u010di\u0173 \u017eaisl\u0173, kuris leis j\u016bs\u0173 vaikui pasinerti \u012f \u012ftraukian\u010dio<\/p>","protected":false},"featured_media":56541,"template":"","meta":{"_acf_changed":false,"_glsr_average":0,"_glsr_ranking":0,"_glsr_reviews":0},"product_brand":[],"product_cat":[549,229],"product_tag":[],"class_list":{"0":"post-77840","1":"product","2":"type-product","3":"status-publish","4":"has-post-thumbnail","6":"product_cat-manipuliacines-lentos","7":"product_cat-zaislai-vaikams","8":"\"style=\"background-color: #2ecc711c;\"","10":"first","11":"instock","12":"purchasable","13":"product-type-simple"},"acf":[],"yoast_head":"<!-- This site is optimized with the Yoast SEO plugin v27.4 - https:\/\/yoast.com\/product\/yoast-seo-wordpress\/ -->\n<title>VIGA medin\u0117 zebro manipuliacin\u0117 lenta Montessori<\/title>\n<meta name=\"description\" content=\"VIGA medin\u0117 zebro manipuliacin\u0117 lenta FSC Montessori sertifikatas - KidsPlay. Did\u017eiausias vaik\u0173 \u017eaisl\u0173 pasirinkimas.\" \/>\n<meta name=\"robots\" content=\"index, follow, max-snippet:-1, max-image-preview:large, max-video-preview:-1\" \/>\n<link rel=\"canonical\" href=\"https:\/\/kidsplay.lt\/lv\/products\/viga-medine-zebro-manipuliacine-lenta-montessori\/\" \/>\n<meta property=\"og:locale\" content=\"lv_LV\" \/>\n<meta property=\"og:type\" content=\"article\" \/>\n<meta property=\"og:title\" content=\"VIGA medin\u0117 zebro manipuliacin\u0117 lenta Montessori\" \/>\n<meta property=\"og:description\" content=\"VIGA medin\u0117 zebro manipuliacin\u0117 lenta FSC Montessori sertifikatas - KidsPlay. Did\u017eiausias vaik\u0173 \u017eaisl\u0173 pasirinkimas.\" \/>\n<meta property=\"og:url\" content=\"https:\/\/kidsplay.lt\/lv\/products\/viga-medine-zebro-manipuliacine-lenta-montessori\/\" \/>\n<meta property=\"og:site_name\" content=\"KidsPlay\" \/>\n<meta property=\"article:publisher\" content=\"https:\/\/www.facebook.com\/www.kidsplay.lt\" \/>\n<meta property=\"article:modified_time\" content=\"2026-04-13T11:29:27+00:00\" \/>\n<meta property=\"og:image\" content=\"https:\/\/kidsplay.lt\/wp-content\/uploads\/2024\/09\/Manipuliacine-lenta-zebras.jpg\" \/>\n\t<meta property=\"og:image:width\" content=\"1821\" \/>\n\t<meta property=\"og:image:height\" content=\"2371\" \/>\n\t<meta property=\"og:image:type\" content=\"image\/jpeg\" \/>\n<meta name=\"twitter:card\" content=\"summary_large_image\" \/>\n<meta name=\"twitter:label1\" content=\"Est. reading time\" \/>\n\t<meta name=\"twitter:data1\" content=\"1 min\u016bte\" \/>\n<script type=\"application\/ld+json\" class=\"yoast-schema-graph\">{\"@context\":\"https:\\\/\\\/schema.org\",\"@graph\":[{\"@type\":\"WebPage\",\"@id\":\"https:\\\/\\\/kidsplay.lt\\\/produktas\\\/viga-medine-zebro-manipuliacine-lenta-montessori\\\/\",\"url\":\"https:\\\/\\\/kidsplay.lt\\\/produktas\\\/viga-medine-zebro-manipuliacine-lenta-montessori\\\/\",\"name\":\"VIGA medin\u0117 zebro manipuliacin\u0117 lenta Montessori\",\"isPartOf\":{\"@id\":\"https:\\\/\\\/kidsplay.lt\\\/#website\"},\"primaryImageOfPage\":{\"@id\":\"https:\\\/\\\/kidsplay.lt\\\/produktas\\\/viga-medine-zebro-manipuliacine-lenta-montessori\\\/#primaryimage\"},\"image\":{\"@id\":\"https:\\\/\\\/kidsplay.lt\\\/produktas\\\/viga-medine-zebro-manipuliacine-lenta-montessori\\\/#primaryimage\"},\"thumbnailUrl\":\"https:\\\/\\\/kidsplay.lt\\\/wp-content\\\/uploads\\\/2024\\\/09\\\/Manipuliacine-lenta-zebras.jpg\",\"datePublished\":\"2025-10-23T10:39:17+00:00\",\"dateModified\":\"2026-04-13T11:29:27+00:00\",\"description\":\"VIGA medin\u0117 zebro manipuliacin\u0117 lenta FSC Montessori sertifikatas - KidsPlay. Did\u017eiausias vaik\u0173 \u017eaisl\u0173 pasirinkimas.\",\"breadcrumb\":{\"@id\":\"https:\\\/\\\/kidsplay.lt\\\/produktas\\\/viga-medine-zebro-manipuliacine-lenta-montessori\\\/#breadcrumb\"},\"inLanguage\":\"lv-LV\",\"potentialAction\":[{\"@type\":\"ReadAction\",\"target\":[\"https:\\\/\\\/kidsplay.lt\\\/produktas\\\/viga-medine-zebro-manipuliacine-lenta-montessori\\\/\"]}]},{\"@type\":\"ImageObject\",\"inLanguage\":\"lv-LV\",\"@id\":\"https:\\\/\\\/kidsplay.lt\\\/produktas\\\/viga-medine-zebro-manipuliacine-lenta-montessori\\\/#primaryimage\",\"url\":\"https:\\\/\\\/kidsplay.lt\\\/wp-content\\\/uploads\\\/2024\\\/09\\\/Manipuliacine-lenta-zebras.jpg\",\"contentUrl\":\"https:\\\/\\\/kidsplay.lt\\\/wp-content\\\/uploads\\\/2024\\\/09\\\/Manipuliacine-lenta-zebras.jpg\",\"width\":1821,\"height\":2371,\"caption\":\"VIGA medin\u0117 zebro manipuliacin\u0117 lenta FSC Montessori sertifikatas\"},{\"@type\":\"BreadcrumbList\",\"@id\":\"https:\\\/\\\/kidsplay.lt\\\/produktas\\\/viga-medine-zebro-manipuliacine-lenta-montessori\\\/#breadcrumb\",\"itemListElement\":[{\"@type\":\"ListItem\",\"position\":1,\"name\":\"Pagrindinis\",\"item\":\"https:\\\/\\\/kidsplay.lt\\\/\"},{\"@type\":\"ListItem\",\"position\":2,\"name\":\"Parduotuv\u0117\",\"item\":\"https:\\\/\\\/kidsplay.lt\\\/parduotuve\\\/\"},{\"@type\":\"ListItem\",\"position\":3,\"name\":\"VIGA medin\u0117 zebro manipuliacin\u0117 lenta Montessori\"}]},{\"@type\":\"WebSite\",\"@id\":\"https:\\\/\\\/kidsplay.lt\\\/#website\",\"url\":\"https:\\\/\\\/kidsplay.lt\\\/\",\"name\":\"Kidsplay.lt\",\"description\":\"\u012evairios prek\u0117s vaikams\",\"publisher\":{\"@id\":\"https:\\\/\\\/kidsplay.lt\\\/#organization\"},\"alternateName\":\"Kidsplay\",\"potentialAction\":[{\"@type\":\"SearchAction\",\"target\":{\"@type\":\"EntryPoint\",\"urlTemplate\":\"https:\\\/\\\/kidsplay.lt\\\/?s={search_term_string}\"},\"query-input\":{\"@type\":\"PropertyValueSpecification\",\"valueRequired\":true,\"valueName\":\"search_term_string\"}}],\"inLanguage\":\"lv-LV\"},{\"@type\":\"Organization\",\"@id\":\"https:\\\/\\\/kidsplay.lt\\\/#organization\",\"name\":\"KidsPlay\",\"url\":\"https:\\\/\\\/kidsplay.lt\\\/\",\"logo\":{\"@type\":\"ImageObject\",\"inLanguage\":\"lv-LV\",\"@id\":\"https:\\\/\\\/kidsplay.lt\\\/#\\\/schema\\\/logo\\\/image\\\/\",\"url\":\"https:\\\/\\\/kidsplay.lt\\\/wp-content\\\/uploads\\\/2023\\\/07\\\/kidsplay-logo.png\",\"contentUrl\":\"https:\\\/\\\/kidsplay.lt\\\/wp-content\\\/uploads\\\/2023\\\/07\\\/kidsplay-logo.png\",\"width\":451,\"height\":98,\"caption\":\"KidsPlay\"},\"image\":{\"@id\":\"https:\\\/\\\/kidsplay.lt\\\/#\\\/schema\\\/logo\\\/image\\\/\"},\"sameAs\":[\"https:\\\/\\\/www.facebook.com\\\/www.kidsplay.lt\"]}]}<\/script>\n<!-- \/ Yoast SEO plugin. -->","yoast_head_json":{"title":"VIGA koka zebras manipulat\u012bvais d\u0113lis Montessori","description":"VIGA medin\u0117 zebro manipuliacin\u0117 lenta FSC Montessori sertifikatas - KidsPlay. Did\u017eiausias vaik\u0173 \u017eaisl\u0173 pasirinkimas.","robots":{"index":"index","follow":"follow","max-snippet":"max-snippet:-1","max-image-preview":"max-image-preview:large","max-video-preview":"max-video-preview:-1"},"canonical":"https:\/\/kidsplay.lt\/lv\/products\/viga-medine-zebro-manipuliacine-lenta-montessori\/","og_locale":"lv_LV","og_type":"article","og_title":"VIGA medin\u0117 zebro manipuliacin\u0117 lenta Montessori","og_description":"VIGA medin\u0117 zebro manipuliacin\u0117 lenta FSC Montessori sertifikatas - KidsPlay. Did\u017eiausias vaik\u0173 \u017eaisl\u0173 pasirinkimas.","og_url":"https:\/\/kidsplay.lt\/lv\/products\/viga-medine-zebro-manipuliacine-lenta-montessori\/","og_site_name":"KidsPlay","article_publisher":"https:\/\/www.facebook.com\/www.kidsplay.lt","article_modified_time":"2026-04-13T11:29:27+00:00","og_image":[{"width":1821,"height":2371,"url":"https:\/\/kidsplay.lt\/wp-content\/uploads\/2024\/09\/Manipuliacine-lenta-zebras.jpg","type":"image\/jpeg"}],"twitter_card":"summary_large_image","twitter_misc":{"Est. reading time":"1 min\u016bte"},"schema":{"@context":"https:\/\/schema.org","@graph":[{"@type":"WebPage","@id":"https:\/\/kidsplay.lt\/produktas\/viga-medine-zebro-manipuliacine-lenta-montessori\/","url":"https:\/\/kidsplay.lt\/produktas\/viga-medine-zebro-manipuliacine-lenta-montessori\/","name":"VIGA koka zebras manipulat\u012bvais d\u0113lis Montessori","isPartOf":{"@id":"https:\/\/kidsplay.lt\/#website"},"primaryImageOfPage":{"@id":"https:\/\/kidsplay.lt\/produktas\/viga-medine-zebro-manipuliacine-lenta-montessori\/#primaryimage"},"image":{"@id":"https:\/\/kidsplay.lt\/produktas\/viga-medine-zebro-manipuliacine-lenta-montessori\/#primaryimage"},"thumbnailUrl":"https:\/\/kidsplay.lt\/wp-content\/uploads\/2024\/09\/Manipuliacine-lenta-zebras.jpg","datePublished":"2025-10-23T10:39:17+00:00","dateModified":"2026-04-13T11:29:27+00:00","description":"VIGA medin\u0117 zebro manipuliacin\u0117 lenta FSC Montessori sertifikatas - KidsPlay. Did\u017eiausias vaik\u0173 \u017eaisl\u0173 pasirinkimas.","breadcrumb":{"@id":"https:\/\/kidsplay.lt\/produktas\/viga-medine-zebro-manipuliacine-lenta-montessori\/#breadcrumb"},"inLanguage":"lv-LV","potentialAction":[{"@type":"ReadAction","target":["https:\/\/kidsplay.lt\/produktas\/viga-medine-zebro-manipuliacine-lenta-montessori\/"]}]},{"@type":"ImageObject","inLanguage":"lv-LV","@id":"https:\/\/kidsplay.lt\/produktas\/viga-medine-zebro-manipuliacine-lenta-montessori\/#primaryimage","url":"https:\/\/kidsplay.lt\/wp-content\/uploads\/2024\/09\/Manipuliacine-lenta-zebras.jpg","contentUrl":"https:\/\/kidsplay.lt\/wp-content\/uploads\/2024\/09\/Manipuliacine-lenta-zebras.jpg","width":1821,"height":2371,"caption":"VIGA medin\u0117 zebro manipuliacin\u0117 lenta FSC Montessori sertifikatas"},{"@type":"BreadcrumbList","@id":"https:\/\/kidsplay.lt\/produktas\/viga-medine-zebro-manipuliacine-lenta-montessori\/#breadcrumb","itemListElement":[{"@type":"ListItem","position":1,"name":"Pagrindinis","item":"https:\/\/kidsplay.lt\/"},{"@type":"ListItem","position":2,"name":"Parduotuv\u0117","item":"https:\/\/kidsplay.lt\/parduotuve\/"},{"@type":"ListItem","position":3,"name":"VIGA medin\u0117 zebro manipuliacin\u0117 lenta Montessori"}]},{"@type":"WebSite","@id":"https:\/\/kidsplay.lt\/#website","url":"https:\/\/kidsplay.lt\/","name":"B\u0113rnu sp\u0113les.lv","description":"\u012evairios prek\u0117s vaikams","publisher":{"@id":"https:\/\/kidsplay.lt\/#organization"},"alternateName":"Kidsplay","potentialAction":[{"@type":"SearchAction","target":{"@type":"EntryPoint","urlTemplate":"https:\/\/kidsplay.lt\/?s={search_term_string}"},"query-input":{"@type":"PropertyValueSpecification","valueRequired":true,"valueName":"search_term_string"}}],"inLanguage":"lv-LV"},{"@type":"Organization","@id":"https:\/\/kidsplay.lt\/#organization","name":"B\u0113rnu sp\u0113le","url":"https:\/\/kidsplay.lt\/","logo":{"@type":"ImageObject","inLanguage":"lv-LV","@id":"https:\/\/kidsplay.lt\/#\/schema\/logo\/image\/","url":"https:\/\/kidsplay.lt\/wp-content\/uploads\/2023\/07\/kidsplay-logo.png","contentUrl":"https:\/\/kidsplay.lt\/wp-content\/uploads\/2023\/07\/kidsplay-logo.png","width":451,"height":98,"caption":"KidsPlay"},"image":{"@id":"https:\/\/kidsplay.lt\/#\/schema\/logo\/image\/"},"sameAs":["https:\/\/www.facebook.com\/www.kidsplay.lt"]}]}},"_links":{"self":[{"href":"https:\/\/kidsplay.lt\/lv\/wp-json\/wp\/v2\/product\/77840","targetHints":{"allow":["GET"]}}],"collection":[{"href":"https:\/\/kidsplay.lt\/lv\/wp-json\/wp\/v2\/product"}],"about":[{"href":"https:\/\/kidsplay.lt\/lv\/wp-json\/wp\/v2\/types\/product"}],"version-history":[{"count":3,"href":"https:\/\/kidsplay.lt\/lv\/wp-json\/wp\/v2\/product\/77840\/revisions"}],"predecessor-version":[{"id":83494,"href":"https:\/\/kidsplay.lt\/lv\/wp-json\/wp\/v2\/product\/77840\/revisions\/83494"}],"wp:featuredmedia":[{"embeddable":true,"href":"https:\/\/kidsplay.lt\/lv\/wp-json\/wp\/v2\/media\/56541"}],"wp:attachment":[{"href":"https:\/\/kidsplay.lt\/lv\/wp-json\/wp\/v2\/media?parent=77840"}],"wp:term":[{"taxonomy":"product_brand","embeddable":true,"href":"https:\/\/kidsplay.lt\/lv\/wp-json\/wp\/v2\/product_brand?post=77840"},{"taxonomy":"product_cat","embeddable":true,"href":"https:\/\/kidsplay.lt\/lv\/wp-json\/wp\/v2\/product_cat?post=77840"},{"taxonomy":"product_tag","embeddable":true,"href":"https:\/\/kidsplay.lt\/lv\/wp-json\/wp\/v2\/product_tag?post=77840"}],"curies":[{"name":"wp","href":"https:\/\/api.w.org\/{rel}","templated":true}]}}