{"id":77861,"date":"2025-10-23T13:42:59","date_gmt":"2025-10-23T10:42:59","guid":{"rendered":"https:\/\/kidsplay.lt\/produktas\/viga-medine-zirafos-manipuliavimo-lenta-su-fsc-montessori-sertifikatu\/"},"modified":"2026-04-07T10:10:12","modified_gmt":"2026-04-07T07:10:12","slug":"viga-medine-zirafos-manipuliavimo-lenta-su-fsc-montessori-sertifikatu","status":"publish","type":"product","link":"https:\/\/kidsplay.lt\/lv\/products\/viga-medine-zirafos-manipuliavimo-lenta-su-fsc-montessori-sertifikatu\/","title":{"rendered":"VIGA medin\u0117 \u017eirafos manipuliavimo lenta su FSC Montessori sertifikatu"},"content":{"rendered":"<p>\u0160i prie sienos\u00a0tvirtinama panel\u0117\u00a0su linksma \u017eirafa yra\u00a0smagus ir lavinamasis\u00a0\u017eaislas i\u0161\u00a0\u201eViga Toys\u201c\u00a0.\u00a0\u017dirafos pilve yra\u00a0d\u0117lion\u0117s detal\u0117s,\u00a0vaizduojan\u010dios \u012fvairius vaisius. Judindami detales, vaikai atranda, kokie skan\u0117stai yra viduje. \u0160i lenta papuo\u0161 vaiko kambar\u012f, dar\u017eel\u012f, \u017eaidim\u0173 aik\u0161tel\u0119, parduotuv\u0119 ar gydytojo kabinet\u0105.<\/p>\n<p>Rakstur\u012bgs:<\/p>\n<p> \t&#8211; skydelis yra \u017eaislas, vaizduojantis linksm\u0105 \u017eiraf\u0105 su d\u0117lione ant pilvo su nupie\u0161tais vaisiais, kuriuos galima judinti aplink lent\u0105.<br \/>\n \t&#8211; Visas daiktas pagamintas i\u0161 buko medienos ir nuda\u017eytas netoksi\u0161kais,\u00a0ry\u0161ki\u0173 spalv\u0173 da\u017eais, kurie pritrauks d\u0117mes\u012f ir skatins \u017eaidim\u0105, tuo pa\u010diu suteikdami\u00a0saugumo\u00a0jausm\u0105\u00a0.<\/p>\n<p>Rota\u013clieta att\u012bst\u0101s:<\/p>\n<p> \t&#8211; rankiniai \u012fg\u016bd\u017eiai,<br \/>\n \t&#8211; kognityviniai geb\u0117jimai,<br \/>\n \t&#8211; vaizduot\u0117,<br \/>\n \t&#8211; smulkiosios motorikos \u012fg\u016bd\u017eiai.<\/p>","protected":false},"excerpt":{"rendered":"<p>\u0160i prie sienos\u00a0tvirtinama panel\u0117\u00a0su linksma \u017eirafa yra\u00a0smagus ir lavinamasis\u00a0\u017eaislas i\u0161\u00a0\u201eViga Toys\u201c\u00a0.\u00a0\u017dirafos pilve yra\u00a0d\u0117lion\u0117s detal\u0117s,\u00a0vaizduojan\u010dios \u012fvairius vaisius. Judindami detales, vaikai atranda,<\/p>","protected":false},"featured_media":56033,"template":"","meta":{"_acf_changed":false,"_glsr_average":0,"_glsr_ranking":0,"_glsr_reviews":0},"product_brand":[],"product_cat":[549,229],"product_tag":[],"class_list":{"0":"post-77861","1":"product","2":"type-product","3":"status-publish","4":"has-post-thumbnail","6":"product_cat-manipuliacines-lentos","7":"product_cat-zaislai-vaikams","8":"\"style=\"background-color: #2ecc711c;\"","10":"first","11":"instock","12":"purchasable","13":"product-type-simple"},"acf":[],"yoast_head":"<!-- This site is optimized with the Yoast SEO plugin v27.3 - https:\/\/yoast.com\/product\/yoast-seo-wordpress\/ -->\n<title>VIGA medin\u0117 \u017eirafos manipuliavimo lenta su FSC Montessori sertifikatu<\/title>\n<meta name=\"description\" content=\"VIGA medin\u0117 \u017eirafos manipuliavimo lenta su FSC Montessori sertifikatu - KidsPlay. Did\u017eiausias vaik\u0173 \u017eaisl\u0173 pasirinkimas.\" \/>\n<meta name=\"robots\" content=\"index, follow, max-snippet:-1, max-image-preview:large, max-video-preview:-1\" \/>\n<link rel=\"canonical\" href=\"https:\/\/kidsplay.lt\/lv\/products\/viga-medine-zirafos-manipuliavimo-lenta-su-fsc-montessori-sertifikatu\/\" \/>\n<meta property=\"og:locale\" content=\"lv_LV\" \/>\n<meta property=\"og:type\" content=\"article\" \/>\n<meta property=\"og:title\" content=\"VIGA medin\u0117 \u017eirafos manipuliavimo lenta su FSC Montessori sertifikatu\" \/>\n<meta property=\"og:description\" content=\"VIGA medin\u0117 \u017eirafos manipuliavimo lenta su FSC Montessori sertifikatu - KidsPlay. Did\u017eiausias vaik\u0173 \u017eaisl\u0173 pasirinkimas.\" \/>\n<meta property=\"og:url\" content=\"https:\/\/kidsplay.lt\/lv\/products\/viga-medine-zirafos-manipuliavimo-lenta-su-fsc-montessori-sertifikatu\/\" \/>\n<meta property=\"og:site_name\" content=\"KidsPlay\" \/>\n<meta property=\"article:publisher\" content=\"https:\/\/www.facebook.com\/www.kidsplay.lt\" \/>\n<meta property=\"article:modified_time\" content=\"2026-04-07T07:10:12+00:00\" \/>\n<meta property=\"og:image\" content=\"https:\/\/kidsplay.lt\/wp-content\/uploads\/2024\/09\/Medines-zirafos-edukacine-lentos.jpg\" \/>\n\t<meta property=\"og:image:width\" content=\"1138\" \/>\n\t<meta property=\"og:image:height\" content=\"1679\" \/>\n\t<meta property=\"og:image:type\" content=\"image\/jpeg\" \/>\n<meta name=\"twitter:card\" content=\"summary_large_image\" \/>\n<meta name=\"twitter:label1\" content=\"Est. reading time\" \/>\n\t<meta name=\"twitter:data1\" content=\"1 min\u016bte\" \/>\n<script type=\"application\/ld+json\" class=\"yoast-schema-graph\">{\"@context\":\"https:\\\/\\\/schema.org\",\"@graph\":[{\"@type\":\"WebPage\",\"@id\":\"https:\\\/\\\/kidsplay.lt\\\/produktas\\\/viga-medine-zirafos-manipuliavimo-lenta-su-fsc-montessori-sertifikatu\\\/\",\"url\":\"https:\\\/\\\/kidsplay.lt\\\/produktas\\\/viga-medine-zirafos-manipuliavimo-lenta-su-fsc-montessori-sertifikatu\\\/\",\"name\":\"VIGA medin\u0117 \u017eirafos manipuliavimo lenta su FSC Montessori sertifikatu\",\"isPartOf\":{\"@id\":\"https:\\\/\\\/kidsplay.lt\\\/#website\"},\"primaryImageOfPage\":{\"@id\":\"https:\\\/\\\/kidsplay.lt\\\/produktas\\\/viga-medine-zirafos-manipuliavimo-lenta-su-fsc-montessori-sertifikatu\\\/#primaryimage\"},\"image\":{\"@id\":\"https:\\\/\\\/kidsplay.lt\\\/produktas\\\/viga-medine-zirafos-manipuliavimo-lenta-su-fsc-montessori-sertifikatu\\\/#primaryimage\"},\"thumbnailUrl\":\"https:\\\/\\\/kidsplay.lt\\\/wp-content\\\/uploads\\\/2024\\\/09\\\/Medines-zirafos-edukacine-lentos.jpg\",\"datePublished\":\"2025-10-23T10:42:59+00:00\",\"dateModified\":\"2026-04-07T07:10:12+00:00\",\"description\":\"VIGA medin\u0117 \u017eirafos manipuliavimo lenta su FSC Montessori sertifikatu - KidsPlay. Did\u017eiausias vaik\u0173 \u017eaisl\u0173 pasirinkimas.\",\"breadcrumb\":{\"@id\":\"https:\\\/\\\/kidsplay.lt\\\/produktas\\\/viga-medine-zirafos-manipuliavimo-lenta-su-fsc-montessori-sertifikatu\\\/#breadcrumb\"},\"inLanguage\":\"lv-LV\",\"potentialAction\":[{\"@type\":\"ReadAction\",\"target\":[\"https:\\\/\\\/kidsplay.lt\\\/produktas\\\/viga-medine-zirafos-manipuliavimo-lenta-su-fsc-montessori-sertifikatu\\\/\"]}]},{\"@type\":\"ImageObject\",\"inLanguage\":\"lv-LV\",\"@id\":\"https:\\\/\\\/kidsplay.lt\\\/produktas\\\/viga-medine-zirafos-manipuliavimo-lenta-su-fsc-montessori-sertifikatu\\\/#primaryimage\",\"url\":\"https:\\\/\\\/kidsplay.lt\\\/wp-content\\\/uploads\\\/2024\\\/09\\\/Medines-zirafos-edukacine-lentos.jpg\",\"contentUrl\":\"https:\\\/\\\/kidsplay.lt\\\/wp-content\\\/uploads\\\/2024\\\/09\\\/Medines-zirafos-edukacine-lentos.jpg\",\"width\":1138,\"height\":1679,\"caption\":\"VIGA medin\u0117 \u017eirafos manipuliavimo lenta su FSC Montessori sertifikatu\"},{\"@type\":\"BreadcrumbList\",\"@id\":\"https:\\\/\\\/kidsplay.lt\\\/produktas\\\/viga-medine-zirafos-manipuliavimo-lenta-su-fsc-montessori-sertifikatu\\\/#breadcrumb\",\"itemListElement\":[{\"@type\":\"ListItem\",\"position\":1,\"name\":\"Pagrindinis\",\"item\":\"https:\\\/\\\/kidsplay.lt\\\/\"},{\"@type\":\"ListItem\",\"position\":2,\"name\":\"Parduotuv\u0117\",\"item\":\"https:\\\/\\\/kidsplay.lt\\\/parduotuve\\\/\"},{\"@type\":\"ListItem\",\"position\":3,\"name\":\"VIGA medin\u0117 \u017eirafos manipuliavimo lenta su FSC Montessori sertifikatu\"}]},{\"@type\":\"WebSite\",\"@id\":\"https:\\\/\\\/kidsplay.lt\\\/#website\",\"url\":\"https:\\\/\\\/kidsplay.lt\\\/\",\"name\":\"Kidsplay.lt\",\"description\":\"\u012evairios prek\u0117s vaikams\",\"publisher\":{\"@id\":\"https:\\\/\\\/kidsplay.lt\\\/#organization\"},\"alternateName\":\"Kidsplay\",\"potentialAction\":[{\"@type\":\"SearchAction\",\"target\":{\"@type\":\"EntryPoint\",\"urlTemplate\":\"https:\\\/\\\/kidsplay.lt\\\/?s={search_term_string}\"},\"query-input\":{\"@type\":\"PropertyValueSpecification\",\"valueRequired\":true,\"valueName\":\"search_term_string\"}}],\"inLanguage\":\"lv-LV\"},{\"@type\":\"Organization\",\"@id\":\"https:\\\/\\\/kidsplay.lt\\\/#organization\",\"name\":\"KidsPlay\",\"url\":\"https:\\\/\\\/kidsplay.lt\\\/\",\"logo\":{\"@type\":\"ImageObject\",\"inLanguage\":\"lv-LV\",\"@id\":\"https:\\\/\\\/kidsplay.lt\\\/#\\\/schema\\\/logo\\\/image\\\/\",\"url\":\"https:\\\/\\\/kidsplay.lt\\\/wp-content\\\/uploads\\\/2023\\\/07\\\/kidsplay-logo.png\",\"contentUrl\":\"https:\\\/\\\/kidsplay.lt\\\/wp-content\\\/uploads\\\/2023\\\/07\\\/kidsplay-logo.png\",\"width\":451,\"height\":98,\"caption\":\"KidsPlay\"},\"image\":{\"@id\":\"https:\\\/\\\/kidsplay.lt\\\/#\\\/schema\\\/logo\\\/image\\\/\"},\"sameAs\":[\"https:\\\/\\\/www.facebook.com\\\/www.kidsplay.lt\"]}]}<\/script>\n<!-- \/ Yoast SEO plugin. -->","yoast_head_json":{"title":"VIGA medin\u0117 \u017eirafos manipuliavimo lenta su FSC Montessori sertifikatu","description":"VIGA medin\u0117 \u017eirafos manipuliavimo lenta su FSC Montessori sertifikatu - KidsPlay. Did\u017eiausias vaik\u0173 \u017eaisl\u0173 pasirinkimas.","robots":{"index":"index","follow":"follow","max-snippet":"max-snippet:-1","max-image-preview":"max-image-preview:large","max-video-preview":"max-video-preview:-1"},"canonical":"https:\/\/kidsplay.lt\/lv\/products\/viga-medine-zirafos-manipuliavimo-lenta-su-fsc-montessori-sertifikatu\/","og_locale":"lv_LV","og_type":"article","og_title":"VIGA medin\u0117 \u017eirafos manipuliavimo lenta su FSC Montessori sertifikatu","og_description":"VIGA medin\u0117 \u017eirafos manipuliavimo lenta su FSC Montessori sertifikatu - KidsPlay. Did\u017eiausias vaik\u0173 \u017eaisl\u0173 pasirinkimas.","og_url":"https:\/\/kidsplay.lt\/lv\/products\/viga-medine-zirafos-manipuliavimo-lenta-su-fsc-montessori-sertifikatu\/","og_site_name":"KidsPlay","article_publisher":"https:\/\/www.facebook.com\/www.kidsplay.lt","article_modified_time":"2026-04-07T07:10:12+00:00","og_image":[{"width":1138,"height":1679,"url":"https:\/\/kidsplay.lt\/wp-content\/uploads\/2024\/09\/Medines-zirafos-edukacine-lentos.jpg","type":"image\/jpeg"}],"twitter_card":"summary_large_image","twitter_misc":{"Est. reading time":"1 min\u016bte"},"schema":{"@context":"https:\/\/schema.org","@graph":[{"@type":"WebPage","@id":"https:\/\/kidsplay.lt\/produktas\/viga-medine-zirafos-manipuliavimo-lenta-su-fsc-montessori-sertifikatu\/","url":"https:\/\/kidsplay.lt\/produktas\/viga-medine-zirafos-manipuliavimo-lenta-su-fsc-montessori-sertifikatu\/","name":"VIGA medin\u0117 \u017eirafos manipuliavimo lenta su FSC Montessori sertifikatu","isPartOf":{"@id":"https:\/\/kidsplay.lt\/#website"},"primaryImageOfPage":{"@id":"https:\/\/kidsplay.lt\/produktas\/viga-medine-zirafos-manipuliavimo-lenta-su-fsc-montessori-sertifikatu\/#primaryimage"},"image":{"@id":"https:\/\/kidsplay.lt\/produktas\/viga-medine-zirafos-manipuliavimo-lenta-su-fsc-montessori-sertifikatu\/#primaryimage"},"thumbnailUrl":"https:\/\/kidsplay.lt\/wp-content\/uploads\/2024\/09\/Medines-zirafos-edukacine-lentos.jpg","datePublished":"2025-10-23T10:42:59+00:00","dateModified":"2026-04-07T07:10:12+00:00","description":"VIGA medin\u0117 \u017eirafos manipuliavimo lenta su FSC Montessori sertifikatu - KidsPlay. Did\u017eiausias vaik\u0173 \u017eaisl\u0173 pasirinkimas.","breadcrumb":{"@id":"https:\/\/kidsplay.lt\/produktas\/viga-medine-zirafos-manipuliavimo-lenta-su-fsc-montessori-sertifikatu\/#breadcrumb"},"inLanguage":"lv-LV","potentialAction":[{"@type":"ReadAction","target":["https:\/\/kidsplay.lt\/produktas\/viga-medine-zirafos-manipuliavimo-lenta-su-fsc-montessori-sertifikatu\/"]}]},{"@type":"ImageObject","inLanguage":"lv-LV","@id":"https:\/\/kidsplay.lt\/produktas\/viga-medine-zirafos-manipuliavimo-lenta-su-fsc-montessori-sertifikatu\/#primaryimage","url":"https:\/\/kidsplay.lt\/wp-content\/uploads\/2024\/09\/Medines-zirafos-edukacine-lentos.jpg","contentUrl":"https:\/\/kidsplay.lt\/wp-content\/uploads\/2024\/09\/Medines-zirafos-edukacine-lentos.jpg","width":1138,"height":1679,"caption":"VIGA medin\u0117 \u017eirafos manipuliavimo lenta su FSC Montessori sertifikatu"},{"@type":"BreadcrumbList","@id":"https:\/\/kidsplay.lt\/produktas\/viga-medine-zirafos-manipuliavimo-lenta-su-fsc-montessori-sertifikatu\/#breadcrumb","itemListElement":[{"@type":"ListItem","position":1,"name":"Pagrindinis","item":"https:\/\/kidsplay.lt\/"},{"@type":"ListItem","position":2,"name":"Parduotuv\u0117","item":"https:\/\/kidsplay.lt\/parduotuve\/"},{"@type":"ListItem","position":3,"name":"VIGA medin\u0117 \u017eirafos manipuliavimo lenta su FSC Montessori sertifikatu"}]},{"@type":"WebSite","@id":"https:\/\/kidsplay.lt\/#website","url":"https:\/\/kidsplay.lt\/","name":"B\u0113rnu sp\u0113les.lv","description":"\u012evairios prek\u0117s vaikams","publisher":{"@id":"https:\/\/kidsplay.lt\/#organization"},"alternateName":"Kidsplay","potentialAction":[{"@type":"SearchAction","target":{"@type":"EntryPoint","urlTemplate":"https:\/\/kidsplay.lt\/?s={search_term_string}"},"query-input":{"@type":"PropertyValueSpecification","valueRequired":true,"valueName":"search_term_string"}}],"inLanguage":"lv-LV"},{"@type":"Organization","@id":"https:\/\/kidsplay.lt\/#organization","name":"B\u0113rnu sp\u0113le","url":"https:\/\/kidsplay.lt\/","logo":{"@type":"ImageObject","inLanguage":"lv-LV","@id":"https:\/\/kidsplay.lt\/#\/schema\/logo\/image\/","url":"https:\/\/kidsplay.lt\/wp-content\/uploads\/2023\/07\/kidsplay-logo.png","contentUrl":"https:\/\/kidsplay.lt\/wp-content\/uploads\/2023\/07\/kidsplay-logo.png","width":451,"height":98,"caption":"KidsPlay"},"image":{"@id":"https:\/\/kidsplay.lt\/#\/schema\/logo\/image\/"},"sameAs":["https:\/\/www.facebook.com\/www.kidsplay.lt"]}]}},"_links":{"self":[{"href":"https:\/\/kidsplay.lt\/lv\/wp-json\/wp\/v2\/product\/77861","targetHints":{"allow":["GET"]}}],"collection":[{"href":"https:\/\/kidsplay.lt\/lv\/wp-json\/wp\/v2\/product"}],"about":[{"href":"https:\/\/kidsplay.lt\/lv\/wp-json\/wp\/v2\/types\/product"}],"version-history":[{"count":1,"href":"https:\/\/kidsplay.lt\/lv\/wp-json\/wp\/v2\/product\/77861\/revisions"}],"predecessor-version":[{"id":77862,"href":"https:\/\/kidsplay.lt\/lv\/wp-json\/wp\/v2\/product\/77861\/revisions\/77862"}],"wp:featuredmedia":[{"embeddable":true,"href":"https:\/\/kidsplay.lt\/lv\/wp-json\/wp\/v2\/media\/56033"}],"wp:attachment":[{"href":"https:\/\/kidsplay.lt\/lv\/wp-json\/wp\/v2\/media?parent=77861"}],"wp:term":[{"taxonomy":"product_brand","embeddable":true,"href":"https:\/\/kidsplay.lt\/lv\/wp-json\/wp\/v2\/product_brand?post=77861"},{"taxonomy":"product_cat","embeddable":true,"href":"https:\/\/kidsplay.lt\/lv\/wp-json\/wp\/v2\/product_cat?post=77861"},{"taxonomy":"product_tag","embeddable":true,"href":"https:\/\/kidsplay.lt\/lv\/wp-json\/wp\/v2\/product_tag?post=77861"}],"curies":[{"name":"wp","href":"https:\/\/api.w.org\/{rel}","templated":true}]}}