{"id":77863,"date":"2025-10-23T13:43:14","date_gmt":"2025-10-23T10:43:14","guid":{"rendered":"https:\/\/kidsplay.lt\/produktas\/viga-medine-manipuliacine-lenta-arkliui-fsc-montessori-sertifikatas\/"},"modified":"2026-04-07T10:10:18","modified_gmt":"2026-04-07T07:10:18","slug":"viga-medine-manipuliacine-lenta-arkliui-fsc-montessori-sertifikatas","status":"publish","type":"product","link":"https:\/\/kidsplay.lt\/lv\/products\/viga-medine-manipuliacine-lenta-arkliui-fsc-montessori-sertifikatas\/","title":{"rendered":"VIGA koka manipulat\u012bvais d\u0113lis zirgam, FSC Montessori sertifik\u0101ts"},"content":{"rendered":"<p>\u201eViga\u201c medinis arkliuk\u0173 \u017eaidimas su pasukimu ir krumpliara\u010diais\u00a0yra vienas i\u0161 pirmaujan\u010di\u0173 \u017eaisl\u0173, kuris supa\u017eindins j\u016bs\u0173 vaik\u0105 su \u012ftraukian\u010dio ir k\u016brybi\u0161ko \u017eaidimo pasauliu. \u017daidime yra mediniai krumpliara\u010diai ir karoliukais i\u0161margintas vielos ra\u0161tas. Karoliukus galima m\u0117tyti svirtimi ra\u0161to prad\u017eioje. \u0160is \u017eaidimas supa\u017eindins j\u016bs\u0173 vaik\u0105 su \u012fdomiu \u017eaidimu ir pagerins jo spalv\u0173 bei form\u0173 atpa\u017einim\u0105. Tai privalumai, kuriems negali prilygti joks kitas \u017eaislas. \u0160is spalvingas \u017eaidimas lavina vaizduot\u0119 ir login\u012f m\u0105stym\u0105.<\/p>\n<p>Mediena lakuota ir da\u017eyta vaikams saugiais da\u017eais ry\u0161kiomis spalvomis, kurios prad\u017eiugins kiekvien\u0105 vartotoj\u0105 ir suteiks daug d\u017eiaugsmo.<\/p>\n<p>\u201eViga\u201c\u00a0yra registruotas prek\u0117s \u017eenklas, \u012fkurtas 2003 m., ir jau yra atstovaujamas daugiau nei 60 pasaulio \u0161ali\u0173. J\u0173 novatori\u0161kos id\u0117jos peln\u0117 pripa\u017einim\u0105 Europoje, JAV, Australijoje ir Japonijoje. \u012emon\u0117s \u012fk\u016br\u0117jai pabr\u0117\u017e\u0117 tyrim\u0173 rezultatus, rodan\u010dius ry\u0161\u012f tarp \u017eaidimo ir mokymosi ankstyvaisiais vaik\u0173 metais. Siekdamas pad\u0117ti t\u0117vams ir \u0161vietimo \u012fstaigoms auginti vaikus ir apsaugoti juos nuo virtualaus pasaulio, kuris gali gerokai i\u0161kreipti realyb\u0119, gamintojas si\u016blo novatori\u0161k\u0105 gamini\u0173, pagamint\u0173 i\u0161 nat\u016brali\u0173 med\u017eiag\u0173, gaut\u0173 taikant ekologi\u0161kus gamybos procesus, asortiment\u0105. Medini\u0173 gamini\u0173 saugumas ir kokyb\u0117 yra \u201eVigi\u201c prioritetas, tod\u0117l gamintojas u\u017etikrina, kad \u017eaislams da\u017eyti naudojami da\u017eai atitikt\u0173 EN71 ir ASTM saugos standartus.<\/p>","protected":false},"excerpt":{"rendered":"<p>\u201eViga\u201c medinis arkliuk\u0173 \u017eaidimas su pasukimu ir krumpliara\u010diais\u00a0yra vienas i\u0161 pirmaujan\u010di\u0173 \u017eaisl\u0173, kuris supa\u017eindins j\u016bs\u0173 vaik\u0105 su \u012ftraukian\u010dio ir k\u016brybi\u0161ko<\/p>","protected":false},"featured_media":60130,"template":"","meta":{"_acf_changed":false,"_glsr_average":0,"_glsr_ranking":0,"_glsr_reviews":0},"product_brand":[],"product_cat":[549,229],"product_tag":[],"class_list":{"0":"post-77863","1":"product","2":"type-product","3":"status-publish","4":"has-post-thumbnail","6":"product_cat-manipuliacines-lentos","7":"product_cat-zaislai-vaikams","8":"\"style=\"background-color: #2ecc711c;\"","10":"first","11":"instock","12":"purchasable","13":"product-type-simple"},"acf":[],"yoast_head":"<!-- This site is optimized with the Yoast SEO plugin v27.3 - https:\/\/yoast.com\/product\/yoast-seo-wordpress\/ -->\n<title>VIGA medin\u0117 manipuliacin\u0117 lenta arkliui, FSC Montessori sertifikatas<\/title>\n<meta name=\"description\" content=\"VIGA medin\u0117 manipuliacin\u0117 lenta arkliui, FSC Montessori sertifikatas - KidsPlay. Did\u017eiausias vaik\u0173 \u017eaisl\u0173 pasirinkimas.\" \/>\n<meta name=\"robots\" content=\"index, follow, max-snippet:-1, max-image-preview:large, max-video-preview:-1\" \/>\n<link rel=\"canonical\" href=\"https:\/\/kidsplay.lt\/lv\/products\/viga-medine-manipuliacine-lenta-arkliui-fsc-montessori-sertifikatas\/\" \/>\n<meta property=\"og:locale\" content=\"lv_LV\" \/>\n<meta property=\"og:type\" content=\"article\" \/>\n<meta property=\"og:title\" content=\"VIGA medin\u0117 manipuliacin\u0117 lenta arkliui, FSC Montessori sertifikatas\" \/>\n<meta property=\"og:description\" content=\"VIGA medin\u0117 manipuliacin\u0117 lenta arkliui, FSC Montessori sertifikatas - KidsPlay. Did\u017eiausias vaik\u0173 \u017eaisl\u0173 pasirinkimas.\" \/>\n<meta property=\"og:url\" content=\"https:\/\/kidsplay.lt\/lv\/products\/viga-medine-manipuliacine-lenta-arkliui-fsc-montessori-sertifikatas\/\" \/>\n<meta property=\"og:site_name\" content=\"KidsPlay\" \/>\n<meta property=\"article:publisher\" content=\"https:\/\/www.facebook.com\/www.kidsplay.lt\" \/>\n<meta property=\"article:modified_time\" content=\"2026-04-07T07:10:18+00:00\" \/>\n<meta property=\"og:image\" content=\"https:\/\/kidsplay.lt\/wp-content\/uploads\/2024\/12\/Edukacine-lenta-arklys.jpg\" \/>\n\t<meta property=\"og:image:width\" content=\"1153\" \/>\n\t<meta property=\"og:image:height\" content=\"1702\" \/>\n\t<meta property=\"og:image:type\" content=\"image\/jpeg\" \/>\n<meta name=\"twitter:card\" content=\"summary_large_image\" \/>\n<meta name=\"twitter:label1\" content=\"Est. reading time\" \/>\n\t<meta name=\"twitter:data1\" content=\"1 min\u016bte\" \/>\n<script type=\"application\/ld+json\" class=\"yoast-schema-graph\">{\"@context\":\"https:\\\/\\\/schema.org\",\"@graph\":[{\"@type\":\"WebPage\",\"@id\":\"https:\\\/\\\/kidsplay.lt\\\/produktas\\\/viga-medine-manipuliacine-lenta-arkliui-fsc-montessori-sertifikatas\\\/\",\"url\":\"https:\\\/\\\/kidsplay.lt\\\/produktas\\\/viga-medine-manipuliacine-lenta-arkliui-fsc-montessori-sertifikatas\\\/\",\"name\":\"VIGA medin\u0117 manipuliacin\u0117 lenta arkliui, FSC Montessori sertifikatas\",\"isPartOf\":{\"@id\":\"https:\\\/\\\/kidsplay.lt\\\/#website\"},\"primaryImageOfPage\":{\"@id\":\"https:\\\/\\\/kidsplay.lt\\\/produktas\\\/viga-medine-manipuliacine-lenta-arkliui-fsc-montessori-sertifikatas\\\/#primaryimage\"},\"image\":{\"@id\":\"https:\\\/\\\/kidsplay.lt\\\/produktas\\\/viga-medine-manipuliacine-lenta-arkliui-fsc-montessori-sertifikatas\\\/#primaryimage\"},\"thumbnailUrl\":\"https:\\\/\\\/kidsplay.lt\\\/wp-content\\\/uploads\\\/2024\\\/12\\\/Edukacine-lenta-arklys.jpg\",\"datePublished\":\"2025-10-23T10:43:14+00:00\",\"dateModified\":\"2026-04-07T07:10:18+00:00\",\"description\":\"VIGA medin\u0117 manipuliacin\u0117 lenta arkliui, FSC Montessori sertifikatas - KidsPlay. Did\u017eiausias vaik\u0173 \u017eaisl\u0173 pasirinkimas.\",\"breadcrumb\":{\"@id\":\"https:\\\/\\\/kidsplay.lt\\\/produktas\\\/viga-medine-manipuliacine-lenta-arkliui-fsc-montessori-sertifikatas\\\/#breadcrumb\"},\"inLanguage\":\"lv-LV\",\"potentialAction\":[{\"@type\":\"ReadAction\",\"target\":[\"https:\\\/\\\/kidsplay.lt\\\/produktas\\\/viga-medine-manipuliacine-lenta-arkliui-fsc-montessori-sertifikatas\\\/\"]}]},{\"@type\":\"ImageObject\",\"inLanguage\":\"lv-LV\",\"@id\":\"https:\\\/\\\/kidsplay.lt\\\/produktas\\\/viga-medine-manipuliacine-lenta-arkliui-fsc-montessori-sertifikatas\\\/#primaryimage\",\"url\":\"https:\\\/\\\/kidsplay.lt\\\/wp-content\\\/uploads\\\/2024\\\/12\\\/Edukacine-lenta-arklys.jpg\",\"contentUrl\":\"https:\\\/\\\/kidsplay.lt\\\/wp-content\\\/uploads\\\/2024\\\/12\\\/Edukacine-lenta-arklys.jpg\",\"width\":1153,\"height\":1702,\"caption\":\"VIGA medin\u0117 manipuliacin\u0117 lenta arkliui\"},{\"@type\":\"BreadcrumbList\",\"@id\":\"https:\\\/\\\/kidsplay.lt\\\/produktas\\\/viga-medine-manipuliacine-lenta-arkliui-fsc-montessori-sertifikatas\\\/#breadcrumb\",\"itemListElement\":[{\"@type\":\"ListItem\",\"position\":1,\"name\":\"Pagrindinis\",\"item\":\"https:\\\/\\\/kidsplay.lt\\\/\"},{\"@type\":\"ListItem\",\"position\":2,\"name\":\"Parduotuv\u0117\",\"item\":\"https:\\\/\\\/kidsplay.lt\\\/parduotuve\\\/\"},{\"@type\":\"ListItem\",\"position\":3,\"name\":\"VIGA medin\u0117 manipuliacin\u0117 lenta arkliui, FSC Montessori sertifikatas\"}]},{\"@type\":\"WebSite\",\"@id\":\"https:\\\/\\\/kidsplay.lt\\\/#website\",\"url\":\"https:\\\/\\\/kidsplay.lt\\\/\",\"name\":\"Kidsplay.lt\",\"description\":\"\u012evairios prek\u0117s vaikams\",\"publisher\":{\"@id\":\"https:\\\/\\\/kidsplay.lt\\\/#organization\"},\"alternateName\":\"Kidsplay\",\"potentialAction\":[{\"@type\":\"SearchAction\",\"target\":{\"@type\":\"EntryPoint\",\"urlTemplate\":\"https:\\\/\\\/kidsplay.lt\\\/?s={search_term_string}\"},\"query-input\":{\"@type\":\"PropertyValueSpecification\",\"valueRequired\":true,\"valueName\":\"search_term_string\"}}],\"inLanguage\":\"lv-LV\"},{\"@type\":\"Organization\",\"@id\":\"https:\\\/\\\/kidsplay.lt\\\/#organization\",\"name\":\"KidsPlay\",\"url\":\"https:\\\/\\\/kidsplay.lt\\\/\",\"logo\":{\"@type\":\"ImageObject\",\"inLanguage\":\"lv-LV\",\"@id\":\"https:\\\/\\\/kidsplay.lt\\\/#\\\/schema\\\/logo\\\/image\\\/\",\"url\":\"https:\\\/\\\/kidsplay.lt\\\/wp-content\\\/uploads\\\/2023\\\/07\\\/kidsplay-logo.png\",\"contentUrl\":\"https:\\\/\\\/kidsplay.lt\\\/wp-content\\\/uploads\\\/2023\\\/07\\\/kidsplay-logo.png\",\"width\":451,\"height\":98,\"caption\":\"KidsPlay\"},\"image\":{\"@id\":\"https:\\\/\\\/kidsplay.lt\\\/#\\\/schema\\\/logo\\\/image\\\/\"},\"sameAs\":[\"https:\\\/\\\/www.facebook.com\\\/www.kidsplay.lt\"]}]}<\/script>\n<!-- \/ Yoast SEO plugin. -->","yoast_head_json":{"title":"VIGA koka manipulat\u012bvais d\u0113lis zirgam, FSC Montessori sertifik\u0101ts","description":"VIGA medin\u0117 manipuliacin\u0117 lenta arkliui, FSC Montessori sertifikatas - KidsPlay. Did\u017eiausias vaik\u0173 \u017eaisl\u0173 pasirinkimas.","robots":{"index":"index","follow":"follow","max-snippet":"max-snippet:-1","max-image-preview":"max-image-preview:large","max-video-preview":"max-video-preview:-1"},"canonical":"https:\/\/kidsplay.lt\/lv\/products\/viga-medine-manipuliacine-lenta-arkliui-fsc-montessori-sertifikatas\/","og_locale":"lv_LV","og_type":"article","og_title":"VIGA medin\u0117 manipuliacin\u0117 lenta arkliui, FSC Montessori sertifikatas","og_description":"VIGA medin\u0117 manipuliacin\u0117 lenta arkliui, FSC Montessori sertifikatas - KidsPlay. Did\u017eiausias vaik\u0173 \u017eaisl\u0173 pasirinkimas.","og_url":"https:\/\/kidsplay.lt\/lv\/products\/viga-medine-manipuliacine-lenta-arkliui-fsc-montessori-sertifikatas\/","og_site_name":"KidsPlay","article_publisher":"https:\/\/www.facebook.com\/www.kidsplay.lt","article_modified_time":"2026-04-07T07:10:18+00:00","og_image":[{"width":1153,"height":1702,"url":"https:\/\/kidsplay.lt\/wp-content\/uploads\/2024\/12\/Edukacine-lenta-arklys.jpg","type":"image\/jpeg"}],"twitter_card":"summary_large_image","twitter_misc":{"Est. reading time":"1 min\u016bte"},"schema":{"@context":"https:\/\/schema.org","@graph":[{"@type":"WebPage","@id":"https:\/\/kidsplay.lt\/produktas\/viga-medine-manipuliacine-lenta-arkliui-fsc-montessori-sertifikatas\/","url":"https:\/\/kidsplay.lt\/produktas\/viga-medine-manipuliacine-lenta-arkliui-fsc-montessori-sertifikatas\/","name":"VIGA koka manipulat\u012bvais d\u0113lis zirgam, FSC Montessori sertifik\u0101ts","isPartOf":{"@id":"https:\/\/kidsplay.lt\/#website"},"primaryImageOfPage":{"@id":"https:\/\/kidsplay.lt\/produktas\/viga-medine-manipuliacine-lenta-arkliui-fsc-montessori-sertifikatas\/#primaryimage"},"image":{"@id":"https:\/\/kidsplay.lt\/produktas\/viga-medine-manipuliacine-lenta-arkliui-fsc-montessori-sertifikatas\/#primaryimage"},"thumbnailUrl":"https:\/\/kidsplay.lt\/wp-content\/uploads\/2024\/12\/Edukacine-lenta-arklys.jpg","datePublished":"2025-10-23T10:43:14+00:00","dateModified":"2026-04-07T07:10:18+00:00","description":"VIGA medin\u0117 manipuliacin\u0117 lenta arkliui, FSC Montessori sertifikatas - KidsPlay. Did\u017eiausias vaik\u0173 \u017eaisl\u0173 pasirinkimas.","breadcrumb":{"@id":"https:\/\/kidsplay.lt\/produktas\/viga-medine-manipuliacine-lenta-arkliui-fsc-montessori-sertifikatas\/#breadcrumb"},"inLanguage":"lv-LV","potentialAction":[{"@type":"ReadAction","target":["https:\/\/kidsplay.lt\/produktas\/viga-medine-manipuliacine-lenta-arkliui-fsc-montessori-sertifikatas\/"]}]},{"@type":"ImageObject","inLanguage":"lv-LV","@id":"https:\/\/kidsplay.lt\/produktas\/viga-medine-manipuliacine-lenta-arkliui-fsc-montessori-sertifikatas\/#primaryimage","url":"https:\/\/kidsplay.lt\/wp-content\/uploads\/2024\/12\/Edukacine-lenta-arklys.jpg","contentUrl":"https:\/\/kidsplay.lt\/wp-content\/uploads\/2024\/12\/Edukacine-lenta-arklys.jpg","width":1153,"height":1702,"caption":"VIGA medin\u0117 manipuliacin\u0117 lenta arkliui"},{"@type":"BreadcrumbList","@id":"https:\/\/kidsplay.lt\/produktas\/viga-medine-manipuliacine-lenta-arkliui-fsc-montessori-sertifikatas\/#breadcrumb","itemListElement":[{"@type":"ListItem","position":1,"name":"Pagrindinis","item":"https:\/\/kidsplay.lt\/"},{"@type":"ListItem","position":2,"name":"Parduotuv\u0117","item":"https:\/\/kidsplay.lt\/parduotuve\/"},{"@type":"ListItem","position":3,"name":"VIGA medin\u0117 manipuliacin\u0117 lenta arkliui, FSC Montessori sertifikatas"}]},{"@type":"WebSite","@id":"https:\/\/kidsplay.lt\/#website","url":"https:\/\/kidsplay.lt\/","name":"B\u0113rnu sp\u0113les.lv","description":"\u012evairios prek\u0117s vaikams","publisher":{"@id":"https:\/\/kidsplay.lt\/#organization"},"alternateName":"Kidsplay","potentialAction":[{"@type":"SearchAction","target":{"@type":"EntryPoint","urlTemplate":"https:\/\/kidsplay.lt\/?s={search_term_string}"},"query-input":{"@type":"PropertyValueSpecification","valueRequired":true,"valueName":"search_term_string"}}],"inLanguage":"lv-LV"},{"@type":"Organization","@id":"https:\/\/kidsplay.lt\/#organization","name":"B\u0113rnu sp\u0113le","url":"https:\/\/kidsplay.lt\/","logo":{"@type":"ImageObject","inLanguage":"lv-LV","@id":"https:\/\/kidsplay.lt\/#\/schema\/logo\/image\/","url":"https:\/\/kidsplay.lt\/wp-content\/uploads\/2023\/07\/kidsplay-logo.png","contentUrl":"https:\/\/kidsplay.lt\/wp-content\/uploads\/2023\/07\/kidsplay-logo.png","width":451,"height":98,"caption":"KidsPlay"},"image":{"@id":"https:\/\/kidsplay.lt\/#\/schema\/logo\/image\/"},"sameAs":["https:\/\/www.facebook.com\/www.kidsplay.lt"]}]}},"_links":{"self":[{"href":"https:\/\/kidsplay.lt\/lv\/wp-json\/wp\/v2\/product\/77863","targetHints":{"allow":["GET"]}}],"collection":[{"href":"https:\/\/kidsplay.lt\/lv\/wp-json\/wp\/v2\/product"}],"about":[{"href":"https:\/\/kidsplay.lt\/lv\/wp-json\/wp\/v2\/types\/product"}],"version-history":[{"count":1,"href":"https:\/\/kidsplay.lt\/lv\/wp-json\/wp\/v2\/product\/77863\/revisions"}],"predecessor-version":[{"id":77864,"href":"https:\/\/kidsplay.lt\/lv\/wp-json\/wp\/v2\/product\/77863\/revisions\/77864"}],"wp:featuredmedia":[{"embeddable":true,"href":"https:\/\/kidsplay.lt\/lv\/wp-json\/wp\/v2\/media\/60130"}],"wp:attachment":[{"href":"https:\/\/kidsplay.lt\/lv\/wp-json\/wp\/v2\/media?parent=77863"}],"wp:term":[{"taxonomy":"product_brand","embeddable":true,"href":"https:\/\/kidsplay.lt\/lv\/wp-json\/wp\/v2\/product_brand?post=77863"},{"taxonomy":"product_cat","embeddable":true,"href":"https:\/\/kidsplay.lt\/lv\/wp-json\/wp\/v2\/product_cat?post=77863"},{"taxonomy":"product_tag","embeddable":true,"href":"https:\/\/kidsplay.lt\/lv\/wp-json\/wp\/v2\/product_tag?post=77863"}],"curies":[{"name":"wp","href":"https:\/\/api.w.org\/{rel}","templated":true}]}}