{"id":77865,"date":"2025-10-23T13:43:23","date_gmt":"2025-10-23T10:43:23","guid":{"rendered":"https:\/\/kidsplay.lt\/produktas\/viga-medine-delione-augantys-gyvunai-ir-augalai\/"},"modified":"2026-04-07T11:27:06","modified_gmt":"2026-04-07T08:27:06","slug":"viga-medine-delione-augantys-gyvunai-ir-augalai","status":"publish","type":"product","link":"https:\/\/kidsplay.lt\/lv\/products\/viga-medine-delione-augantys-gyvunai-ir-augalai\/","title":{"rendered":"VIGA koka puzle Augo\u0161i dz\u012bvnieki un augi"},"content":{"rendered":"<p>\u0160i d\u0117lion\u0117 skirta pagerinti vaik\u0173 atmint\u012f, analitinius \u012fg\u016bd\u017eius ir login\u012f m\u0105stym\u0105.<\/p>\n<p>Rinkin\u012f sudaro 24 medin\u0117s detal\u0117s su spalvingais paveiksl\u0117liais, vaizduojan\u010diais gyv\u016bn\u0173 gyvenimo etapus nuo gimimo.<\/p>\n<p>Pagaminta i\u0161 auk\u0161\u010diausios kokyb\u0117s medienos ir nuda\u017eyta vaikams saugiais ry\u0161ki\u0173 spalv\u0173 da\u017eais, ji tikrai prad\u017eiugins kiekvien\u0105 vartotoj\u0105 ir suteiks daug d\u017eiaugsmo.<\/p>","protected":false},"excerpt":{"rendered":"<p>\u0160i d\u0117lion\u0117 skirta pagerinti vaik\u0173 atmint\u012f, analitinius \u012fg\u016bd\u017eius ir login\u012f m\u0105stym\u0105. Rinkin\u012f sudaro 24 medin\u0117s detal\u0117s su spalvingais paveiksl\u0117liais, vaizduojan\u010diais<\/p>","protected":false},"featured_media":77867,"template":"","meta":{"_acf_changed":false,"_glsr_average":0,"_glsr_ranking":0,"_glsr_reviews":0},"product_brand":[],"product_cat":[72,397,883,229],"product_tag":[],"class_list":{"0":"post-77865","1":"product","2":"type-product","3":"status-publish","4":"has-post-thumbnail","6":"product_cat-ispardavimas","7":"product_cat-medines-deliones-mediniai-zaislai","8":"product_cat-mediniai-zaislai-2","9":"product_cat-zaislai-vaikams","10":"\"style=\"background-color: #2ecc711c;\"","12":"first","13":"instock","14":"sale","15":"purchasable","16":"product-type-simple"},"acf":[],"yoast_head":"<!-- This site is optimized with the Yoast SEO plugin v27.3 - https:\/\/yoast.com\/product\/yoast-seo-wordpress\/ -->\n<title>VIGA medin\u0117 d\u0117lion\u0117 Augantys gyv\u016bnai ir augalai<\/title>\n<meta name=\"description\" content=\"VIGA medin\u0117 d\u0117lion\u0117 Augantys gyv\u016bnai ir augalai - KidsPlay. Did\u017eiausias vaik\u0173 \u017eaisl\u0173 pasirinkimas.\" \/>\n<meta name=\"robots\" content=\"index, follow, max-snippet:-1, max-image-preview:large, max-video-preview:-1\" \/>\n<link rel=\"canonical\" href=\"https:\/\/kidsplay.lt\/lv\/products\/viga-medine-delione-augantys-gyvunai-ir-augalai\/\" \/>\n<meta property=\"og:locale\" content=\"lv_LV\" \/>\n<meta property=\"og:type\" content=\"article\" \/>\n<meta property=\"og:title\" content=\"VIGA medin\u0117 d\u0117lion\u0117 Augantys gyv\u016bnai ir augalai\" \/>\n<meta property=\"og:description\" content=\"VIGA medin\u0117 d\u0117lion\u0117 Augantys gyv\u016bnai ir augalai - KidsPlay. Did\u017eiausias vaik\u0173 \u017eaisl\u0173 pasirinkimas.\" \/>\n<meta property=\"og:url\" content=\"https:\/\/kidsplay.lt\/lv\/products\/viga-medine-delione-augantys-gyvunai-ir-augalai\/\" \/>\n<meta property=\"og:site_name\" content=\"KidsPlay\" \/>\n<meta property=\"article:publisher\" content=\"https:\/\/www.facebook.com\/www.kidsplay.lt\" \/>\n<meta property=\"article:modified_time\" content=\"2026-04-07T08:27:06+00:00\" \/>\n<meta property=\"og:image\" content=\"https:\/\/kidsplay.lt\/wp-content\/uploads\/2025\/10\/VIGA-medine-delione-Augantys-gyvunai-ir-augalai.jpg\" \/>\n\t<meta property=\"og:image:width\" content=\"798\" \/>\n\t<meta property=\"og:image:height\" content=\"720\" \/>\n\t<meta property=\"og:image:type\" content=\"image\/jpeg\" \/>\n<meta name=\"twitter:card\" content=\"summary_large_image\" \/>\n<meta name=\"twitter:label1\" content=\"Est. reading time\" \/>\n\t<meta name=\"twitter:data1\" content=\"1 min\u016bte\" \/>\n<script type=\"application\/ld+json\" class=\"yoast-schema-graph\">{\"@context\":\"https:\\\/\\\/schema.org\",\"@graph\":[{\"@type\":\"WebPage\",\"@id\":\"https:\\\/\\\/kidsplay.lt\\\/produktas\\\/viga-medine-delione-augantys-gyvunai-ir-augalai\\\/\",\"url\":\"https:\\\/\\\/kidsplay.lt\\\/produktas\\\/viga-medine-delione-augantys-gyvunai-ir-augalai\\\/\",\"name\":\"VIGA medin\u0117 d\u0117lion\u0117 Augantys gyv\u016bnai ir augalai\",\"isPartOf\":{\"@id\":\"https:\\\/\\\/kidsplay.lt\\\/#website\"},\"primaryImageOfPage\":{\"@id\":\"https:\\\/\\\/kidsplay.lt\\\/produktas\\\/viga-medine-delione-augantys-gyvunai-ir-augalai\\\/#primaryimage\"},\"image\":{\"@id\":\"https:\\\/\\\/kidsplay.lt\\\/produktas\\\/viga-medine-delione-augantys-gyvunai-ir-augalai\\\/#primaryimage\"},\"thumbnailUrl\":\"https:\\\/\\\/kidsplay.lt\\\/wp-content\\\/uploads\\\/2025\\\/10\\\/VIGA-medine-delione-Augantys-gyvunai-ir-augalai.jpg\",\"datePublished\":\"2025-10-23T10:43:23+00:00\",\"dateModified\":\"2026-04-07T08:27:06+00:00\",\"description\":\"VIGA medin\u0117 d\u0117lion\u0117 Augantys gyv\u016bnai ir augalai - KidsPlay. Did\u017eiausias vaik\u0173 \u017eaisl\u0173 pasirinkimas.\",\"breadcrumb\":{\"@id\":\"https:\\\/\\\/kidsplay.lt\\\/produktas\\\/viga-medine-delione-augantys-gyvunai-ir-augalai\\\/#breadcrumb\"},\"inLanguage\":\"lv-LV\",\"potentialAction\":[{\"@type\":\"ReadAction\",\"target\":[\"https:\\\/\\\/kidsplay.lt\\\/produktas\\\/viga-medine-delione-augantys-gyvunai-ir-augalai\\\/\"]}]},{\"@type\":\"ImageObject\",\"inLanguage\":\"lv-LV\",\"@id\":\"https:\\\/\\\/kidsplay.lt\\\/produktas\\\/viga-medine-delione-augantys-gyvunai-ir-augalai\\\/#primaryimage\",\"url\":\"https:\\\/\\\/kidsplay.lt\\\/wp-content\\\/uploads\\\/2025\\\/10\\\/VIGA-medine-delione-Augantys-gyvunai-ir-augalai.jpg\",\"contentUrl\":\"https:\\\/\\\/kidsplay.lt\\\/wp-content\\\/uploads\\\/2025\\\/10\\\/VIGA-medine-delione-Augantys-gyvunai-ir-augalai.jpg\",\"width\":798,\"height\":720,\"caption\":\"VIGA medin\u0117 d\u0117lion\u0117 Augantys gyv\u016bnai ir augalai\"},{\"@type\":\"BreadcrumbList\",\"@id\":\"https:\\\/\\\/kidsplay.lt\\\/produktas\\\/viga-medine-delione-augantys-gyvunai-ir-augalai\\\/#breadcrumb\",\"itemListElement\":[{\"@type\":\"ListItem\",\"position\":1,\"name\":\"Pagrindinis\",\"item\":\"https:\\\/\\\/kidsplay.lt\\\/\"},{\"@type\":\"ListItem\",\"position\":2,\"name\":\"Parduotuv\u0117\",\"item\":\"https:\\\/\\\/kidsplay.lt\\\/parduotuve\\\/\"},{\"@type\":\"ListItem\",\"position\":3,\"name\":\"VIGA medin\u0117 d\u0117lion\u0117 Augantys gyv\u016bnai ir augalai\"}]},{\"@type\":\"WebSite\",\"@id\":\"https:\\\/\\\/kidsplay.lt\\\/#website\",\"url\":\"https:\\\/\\\/kidsplay.lt\\\/\",\"name\":\"Kidsplay.lt\",\"description\":\"\u012evairios prek\u0117s vaikams\",\"publisher\":{\"@id\":\"https:\\\/\\\/kidsplay.lt\\\/#organization\"},\"alternateName\":\"Kidsplay\",\"potentialAction\":[{\"@type\":\"SearchAction\",\"target\":{\"@type\":\"EntryPoint\",\"urlTemplate\":\"https:\\\/\\\/kidsplay.lt\\\/?s={search_term_string}\"},\"query-input\":{\"@type\":\"PropertyValueSpecification\",\"valueRequired\":true,\"valueName\":\"search_term_string\"}}],\"inLanguage\":\"lv-LV\"},{\"@type\":\"Organization\",\"@id\":\"https:\\\/\\\/kidsplay.lt\\\/#organization\",\"name\":\"KidsPlay\",\"url\":\"https:\\\/\\\/kidsplay.lt\\\/\",\"logo\":{\"@type\":\"ImageObject\",\"inLanguage\":\"lv-LV\",\"@id\":\"https:\\\/\\\/kidsplay.lt\\\/#\\\/schema\\\/logo\\\/image\\\/\",\"url\":\"https:\\\/\\\/kidsplay.lt\\\/wp-content\\\/uploads\\\/2023\\\/07\\\/kidsplay-logo.png\",\"contentUrl\":\"https:\\\/\\\/kidsplay.lt\\\/wp-content\\\/uploads\\\/2023\\\/07\\\/kidsplay-logo.png\",\"width\":451,\"height\":98,\"caption\":\"KidsPlay\"},\"image\":{\"@id\":\"https:\\\/\\\/kidsplay.lt\\\/#\\\/schema\\\/logo\\\/image\\\/\"},\"sameAs\":[\"https:\\\/\\\/www.facebook.com\\\/www.kidsplay.lt\"]}]}<\/script>\n<!-- \/ Yoast SEO plugin. -->","yoast_head_json":{"title":"VIGA koka puzle Augo\u0161i dz\u012bvnieki un augi","description":"VIGA medin\u0117 d\u0117lion\u0117 Augantys gyv\u016bnai ir augalai - KidsPlay. Did\u017eiausias vaik\u0173 \u017eaisl\u0173 pasirinkimas.","robots":{"index":"index","follow":"follow","max-snippet":"max-snippet:-1","max-image-preview":"max-image-preview:large","max-video-preview":"max-video-preview:-1"},"canonical":"https:\/\/kidsplay.lt\/lv\/products\/viga-medine-delione-augantys-gyvunai-ir-augalai\/","og_locale":"lv_LV","og_type":"article","og_title":"VIGA medin\u0117 d\u0117lion\u0117 Augantys gyv\u016bnai ir augalai","og_description":"VIGA medin\u0117 d\u0117lion\u0117 Augantys gyv\u016bnai ir augalai - KidsPlay. Did\u017eiausias vaik\u0173 \u017eaisl\u0173 pasirinkimas.","og_url":"https:\/\/kidsplay.lt\/lv\/products\/viga-medine-delione-augantys-gyvunai-ir-augalai\/","og_site_name":"KidsPlay","article_publisher":"https:\/\/www.facebook.com\/www.kidsplay.lt","article_modified_time":"2026-04-07T08:27:06+00:00","og_image":[{"width":798,"height":720,"url":"https:\/\/kidsplay.lt\/wp-content\/uploads\/2025\/10\/VIGA-medine-delione-Augantys-gyvunai-ir-augalai.jpg","type":"image\/jpeg"}],"twitter_card":"summary_large_image","twitter_misc":{"Est. reading time":"1 min\u016bte"},"schema":{"@context":"https:\/\/schema.org","@graph":[{"@type":"WebPage","@id":"https:\/\/kidsplay.lt\/produktas\/viga-medine-delione-augantys-gyvunai-ir-augalai\/","url":"https:\/\/kidsplay.lt\/produktas\/viga-medine-delione-augantys-gyvunai-ir-augalai\/","name":"VIGA koka puzle Augo\u0161i dz\u012bvnieki un augi","isPartOf":{"@id":"https:\/\/kidsplay.lt\/#website"},"primaryImageOfPage":{"@id":"https:\/\/kidsplay.lt\/produktas\/viga-medine-delione-augantys-gyvunai-ir-augalai\/#primaryimage"},"image":{"@id":"https:\/\/kidsplay.lt\/produktas\/viga-medine-delione-augantys-gyvunai-ir-augalai\/#primaryimage"},"thumbnailUrl":"https:\/\/kidsplay.lt\/wp-content\/uploads\/2025\/10\/VIGA-medine-delione-Augantys-gyvunai-ir-augalai.jpg","datePublished":"2025-10-23T10:43:23+00:00","dateModified":"2026-04-07T08:27:06+00:00","description":"VIGA medin\u0117 d\u0117lion\u0117 Augantys gyv\u016bnai ir augalai - KidsPlay. Did\u017eiausias vaik\u0173 \u017eaisl\u0173 pasirinkimas.","breadcrumb":{"@id":"https:\/\/kidsplay.lt\/produktas\/viga-medine-delione-augantys-gyvunai-ir-augalai\/#breadcrumb"},"inLanguage":"lv-LV","potentialAction":[{"@type":"ReadAction","target":["https:\/\/kidsplay.lt\/produktas\/viga-medine-delione-augantys-gyvunai-ir-augalai\/"]}]},{"@type":"ImageObject","inLanguage":"lv-LV","@id":"https:\/\/kidsplay.lt\/produktas\/viga-medine-delione-augantys-gyvunai-ir-augalai\/#primaryimage","url":"https:\/\/kidsplay.lt\/wp-content\/uploads\/2025\/10\/VIGA-medine-delione-Augantys-gyvunai-ir-augalai.jpg","contentUrl":"https:\/\/kidsplay.lt\/wp-content\/uploads\/2025\/10\/VIGA-medine-delione-Augantys-gyvunai-ir-augalai.jpg","width":798,"height":720,"caption":"VIGA medin\u0117 d\u0117lion\u0117 Augantys gyv\u016bnai ir augalai"},{"@type":"BreadcrumbList","@id":"https:\/\/kidsplay.lt\/produktas\/viga-medine-delione-augantys-gyvunai-ir-augalai\/#breadcrumb","itemListElement":[{"@type":"ListItem","position":1,"name":"Pagrindinis","item":"https:\/\/kidsplay.lt\/"},{"@type":"ListItem","position":2,"name":"Parduotuv\u0117","item":"https:\/\/kidsplay.lt\/parduotuve\/"},{"@type":"ListItem","position":3,"name":"VIGA medin\u0117 d\u0117lion\u0117 Augantys gyv\u016bnai ir augalai"}]},{"@type":"WebSite","@id":"https:\/\/kidsplay.lt\/#website","url":"https:\/\/kidsplay.lt\/","name":"B\u0113rnu sp\u0113les.lv","description":"\u012evairios prek\u0117s vaikams","publisher":{"@id":"https:\/\/kidsplay.lt\/#organization"},"alternateName":"Kidsplay","potentialAction":[{"@type":"SearchAction","target":{"@type":"EntryPoint","urlTemplate":"https:\/\/kidsplay.lt\/?s={search_term_string}"},"query-input":{"@type":"PropertyValueSpecification","valueRequired":true,"valueName":"search_term_string"}}],"inLanguage":"lv-LV"},{"@type":"Organization","@id":"https:\/\/kidsplay.lt\/#organization","name":"B\u0113rnu sp\u0113le","url":"https:\/\/kidsplay.lt\/","logo":{"@type":"ImageObject","inLanguage":"lv-LV","@id":"https:\/\/kidsplay.lt\/#\/schema\/logo\/image\/","url":"https:\/\/kidsplay.lt\/wp-content\/uploads\/2023\/07\/kidsplay-logo.png","contentUrl":"https:\/\/kidsplay.lt\/wp-content\/uploads\/2023\/07\/kidsplay-logo.png","width":451,"height":98,"caption":"KidsPlay"},"image":{"@id":"https:\/\/kidsplay.lt\/#\/schema\/logo\/image\/"},"sameAs":["https:\/\/www.facebook.com\/www.kidsplay.lt"]}]}},"_links":{"self":[{"href":"https:\/\/kidsplay.lt\/lv\/wp-json\/wp\/v2\/product\/77865","targetHints":{"allow":["GET"]}}],"collection":[{"href":"https:\/\/kidsplay.lt\/lv\/wp-json\/wp\/v2\/product"}],"about":[{"href":"https:\/\/kidsplay.lt\/lv\/wp-json\/wp\/v2\/types\/product"}],"version-history":[{"count":2,"href":"https:\/\/kidsplay.lt\/lv\/wp-json\/wp\/v2\/product\/77865\/revisions"}],"predecessor-version":[{"id":80722,"href":"https:\/\/kidsplay.lt\/lv\/wp-json\/wp\/v2\/product\/77865\/revisions\/80722"}],"wp:featuredmedia":[{"embeddable":true,"href":"https:\/\/kidsplay.lt\/lv\/wp-json\/wp\/v2\/media\/77867"}],"wp:attachment":[{"href":"https:\/\/kidsplay.lt\/lv\/wp-json\/wp\/v2\/media?parent=77865"}],"wp:term":[{"taxonomy":"product_brand","embeddable":true,"href":"https:\/\/kidsplay.lt\/lv\/wp-json\/wp\/v2\/product_brand?post=77865"},{"taxonomy":"product_cat","embeddable":true,"href":"https:\/\/kidsplay.lt\/lv\/wp-json\/wp\/v2\/product_cat?post=77865"},{"taxonomy":"product_tag","embeddable":true,"href":"https:\/\/kidsplay.lt\/lv\/wp-json\/wp\/v2\/product_tag?post=77865"}],"curies":[{"name":"wp","href":"https:\/\/api.w.org\/{rel}","templated":true}]}}