{"id":77879,"date":"2025-10-23T13:44:33","date_gmt":"2025-10-23T10:44:33","guid":{"rendered":"https:\/\/kidsplay.lt\/produktas\/viga-medines-formos-montessori-siulams-ir-raisteliams\/"},"modified":"2026-04-07T10:10:43","modified_gmt":"2026-04-07T07:10:43","slug":"viga-medines-formos-montessori-siulams-ir-raisteliams","status":"publish","type":"product","link":"https:\/\/kidsplay.lt\/lv\/products\/viga-medines-formos-montessori-siulams-ir-raisteliams\/","title":{"rendered":"VIGA medin\u0117s formos Montessori si\u016blams ir rai\u0161teliams"},"content":{"rendered":"<p>\u201e Viga\u00a0\u00a0\u201c\u00a0\u017eaislai su rai\u0161teliais\u00a0yra puiki priemon\u0117 lavinti smulki\u0105j\u0105 motorik\u0105. Smulkioji motorika yra atsakinga u\u017e tikslum\u0105, koordinacij\u0105 ir rank\u0173 j\u0117g\u0105. Vaikai, turintys labai i\u0161vystytus rank\u0173 \u012fg\u016bd\u017eius, yra labiau link\u0119 spr\u0119sti mokymosi i\u0161\u0161\u016bkius, grei\u010diau ra\u0161o ir geriau pie\u0161ia, o tai rei\u0161kia geresnius akademinius rezultatus ir savivert\u0119.<\/p>\n<p>Rakstur\u012bgs:<\/p>\n<p> \t&#8211;\u00a0rinkinyje yra\u00a08 skirtingos formos ir 8 skirting\u0173 spalv\u0173 virvel\u0117s,\u00a0kurias galima suverti ant i\u0161kirpt\u0173\u00a0geometrini\u0173 fig\u016br\u0173,<\/p>\n<p> \t&#8211; vaiko u\u017eduotis \u2013 suderinti spalvas ir suverti virvel\u0119 \u012f atitinkam\u0105 form\u0105,<\/p>\n<p> \t&#8211;\u00a0Visas daiktas pagamintas i\u0161 lakuotos medienos ir da\u017eytas netoksi\u0161kais, ry\u0161ki\u0173 spalv\u0173 da\u017eais, kurie patenkins kiekvien\u0105 vartotoj\u0105 ir suteiks daug d\u017eiaugsmo \u017eaid\u017eiant.<\/p>\n<p>Rota\u013clieta att\u012bst\u0101s:<\/p>\n<p> \t&#8211; smulkiosios motorikos \u012fg\u016bd\u017eiai,<br \/>\n \t&#8211; aki\u0173 ir rank\u0173 koordinacija,<br \/>\n \t&#8211; rankiniai \u012fg\u016bd\u017eiai,<br \/>\n \t&#8211; spalv\u0173 atpa\u017einimas.<\/p>","protected":false},"excerpt":{"rendered":"<p>\u201e Viga\u00a0\u00a0\u201c\u00a0\u017eaislai su rai\u0161teliais\u00a0yra puiki priemon\u0117 lavinti smulki\u0105j\u0105 motorik\u0105. Smulkioji motorika yra atsakinga u\u017e tikslum\u0105, koordinacij\u0105 ir rank\u0173 j\u0117g\u0105. Vaikai,<\/p>","protected":false},"featured_media":77881,"template":"","meta":{"_acf_changed":false,"_glsr_average":0,"_glsr_ranking":0,"_glsr_reviews":0},"product_brand":[],"product_cat":[884,883,229],"product_tag":[],"class_list":{"0":"post-77879","1":"product","2":"type-product","3":"status-publish","4":"has-post-thumbnail","6":"product_cat-edukaciniai-lavinamieji-mediniai-zaislai","7":"product_cat-mediniai-zaislai-2","8":"product_cat-zaislai-vaikams","9":"\"style=\"background-color: #2ecc711c;\"","11":"first","12":"instock","13":"purchasable","14":"product-type-simple"},"acf":[],"yoast_head":"<!-- This site is optimized with the Yoast SEO plugin v27.3 - https:\/\/yoast.com\/product\/yoast-seo-wordpress\/ -->\n<title>VIGA medin\u0117s formos Montessori si\u016blams ir rai\u0161teliams<\/title>\n<meta name=\"description\" content=\"VIGA medin\u0117s formos Montessori si\u016blams ir rai\u0161teliams - KidsPlay. Did\u017eiausias vaik\u0173 \u017eaisl\u0173 pasirinkimas.\" \/>\n<meta name=\"robots\" content=\"index, follow, max-snippet:-1, max-image-preview:large, max-video-preview:-1\" \/>\n<link rel=\"canonical\" href=\"https:\/\/kidsplay.lt\/lv\/products\/viga-medines-formos-montessori-siulams-ir-raisteliams\/\" \/>\n<meta property=\"og:locale\" content=\"lv_LV\" \/>\n<meta property=\"og:type\" content=\"article\" \/>\n<meta property=\"og:title\" content=\"VIGA medin\u0117s formos Montessori si\u016blams ir rai\u0161teliams\" \/>\n<meta property=\"og:description\" content=\"VIGA medin\u0117s formos Montessori si\u016blams ir rai\u0161teliams - KidsPlay. Did\u017eiausias vaik\u0173 \u017eaisl\u0173 pasirinkimas.\" \/>\n<meta property=\"og:url\" content=\"https:\/\/kidsplay.lt\/lv\/products\/viga-medines-formos-montessori-siulams-ir-raisteliams\/\" \/>\n<meta property=\"og:site_name\" content=\"KidsPlay\" \/>\n<meta property=\"article:publisher\" content=\"https:\/\/www.facebook.com\/www.kidsplay.lt\" \/>\n<meta property=\"article:modified_time\" content=\"2026-04-07T07:10:43+00:00\" \/>\n<meta property=\"og:image\" content=\"https:\/\/kidsplay.lt\/wp-content\/uploads\/2025\/10\/VIGA-medines-formos-Montessori-siulams-ir-raisteliams.jpg\" \/>\n\t<meta property=\"og:image:width\" content=\"2560\" \/>\n\t<meta property=\"og:image:height\" content=\"2560\" \/>\n\t<meta property=\"og:image:type\" content=\"image\/jpeg\" \/>\n<meta name=\"twitter:card\" content=\"summary_large_image\" \/>\n<meta name=\"twitter:label1\" content=\"Est. reading time\" \/>\n\t<meta name=\"twitter:data1\" content=\"1 min\u016bte\" \/>\n<script type=\"application\/ld+json\" class=\"yoast-schema-graph\">{\"@context\":\"https:\\\/\\\/schema.org\",\"@graph\":[{\"@type\":\"WebPage\",\"@id\":\"https:\\\/\\\/kidsplay.lt\\\/produktas\\\/viga-medines-formos-montessori-siulams-ir-raisteliams\\\/\",\"url\":\"https:\\\/\\\/kidsplay.lt\\\/produktas\\\/viga-medines-formos-montessori-siulams-ir-raisteliams\\\/\",\"name\":\"VIGA medin\u0117s formos Montessori si\u016blams ir rai\u0161teliams\",\"isPartOf\":{\"@id\":\"https:\\\/\\\/kidsplay.lt\\\/#website\"},\"primaryImageOfPage\":{\"@id\":\"https:\\\/\\\/kidsplay.lt\\\/produktas\\\/viga-medines-formos-montessori-siulams-ir-raisteliams\\\/#primaryimage\"},\"image\":{\"@id\":\"https:\\\/\\\/kidsplay.lt\\\/produktas\\\/viga-medines-formos-montessori-siulams-ir-raisteliams\\\/#primaryimage\"},\"thumbnailUrl\":\"https:\\\/\\\/kidsplay.lt\\\/wp-content\\\/uploads\\\/2025\\\/10\\\/VIGA-medines-formos-Montessori-siulams-ir-raisteliams.jpg\",\"datePublished\":\"2025-10-23T10:44:33+00:00\",\"dateModified\":\"2026-04-07T07:10:43+00:00\",\"description\":\"VIGA medin\u0117s formos Montessori si\u016blams ir rai\u0161teliams - KidsPlay. Did\u017eiausias vaik\u0173 \u017eaisl\u0173 pasirinkimas.\",\"breadcrumb\":{\"@id\":\"https:\\\/\\\/kidsplay.lt\\\/produktas\\\/viga-medines-formos-montessori-siulams-ir-raisteliams\\\/#breadcrumb\"},\"inLanguage\":\"lv-LV\",\"potentialAction\":[{\"@type\":\"ReadAction\",\"target\":[\"https:\\\/\\\/kidsplay.lt\\\/produktas\\\/viga-medines-formos-montessori-siulams-ir-raisteliams\\\/\"]}]},{\"@type\":\"ImageObject\",\"inLanguage\":\"lv-LV\",\"@id\":\"https:\\\/\\\/kidsplay.lt\\\/produktas\\\/viga-medines-formos-montessori-siulams-ir-raisteliams\\\/#primaryimage\",\"url\":\"https:\\\/\\\/kidsplay.lt\\\/wp-content\\\/uploads\\\/2025\\\/10\\\/VIGA-medines-formos-Montessori-siulams-ir-raisteliams.jpg\",\"contentUrl\":\"https:\\\/\\\/kidsplay.lt\\\/wp-content\\\/uploads\\\/2025\\\/10\\\/VIGA-medines-formos-Montessori-siulams-ir-raisteliams.jpg\",\"width\":2560,\"height\":2560,\"caption\":\"VIGA medin\u0117s formos Montessori si\u016blams ir rai\u0161teliams\"},{\"@type\":\"BreadcrumbList\",\"@id\":\"https:\\\/\\\/kidsplay.lt\\\/produktas\\\/viga-medines-formos-montessori-siulams-ir-raisteliams\\\/#breadcrumb\",\"itemListElement\":[{\"@type\":\"ListItem\",\"position\":1,\"name\":\"Pagrindinis\",\"item\":\"https:\\\/\\\/kidsplay.lt\\\/\"},{\"@type\":\"ListItem\",\"position\":2,\"name\":\"Parduotuv\u0117\",\"item\":\"https:\\\/\\\/kidsplay.lt\\\/parduotuve\\\/\"},{\"@type\":\"ListItem\",\"position\":3,\"name\":\"VIGA medin\u0117s formos Montessori si\u016blams ir rai\u0161teliams\"}]},{\"@type\":\"WebSite\",\"@id\":\"https:\\\/\\\/kidsplay.lt\\\/#website\",\"url\":\"https:\\\/\\\/kidsplay.lt\\\/\",\"name\":\"Kidsplay.lt\",\"description\":\"\u012evairios prek\u0117s vaikams\",\"publisher\":{\"@id\":\"https:\\\/\\\/kidsplay.lt\\\/#organization\"},\"alternateName\":\"Kidsplay\",\"potentialAction\":[{\"@type\":\"SearchAction\",\"target\":{\"@type\":\"EntryPoint\",\"urlTemplate\":\"https:\\\/\\\/kidsplay.lt\\\/?s={search_term_string}\"},\"query-input\":{\"@type\":\"PropertyValueSpecification\",\"valueRequired\":true,\"valueName\":\"search_term_string\"}}],\"inLanguage\":\"lv-LV\"},{\"@type\":\"Organization\",\"@id\":\"https:\\\/\\\/kidsplay.lt\\\/#organization\",\"name\":\"KidsPlay\",\"url\":\"https:\\\/\\\/kidsplay.lt\\\/\",\"logo\":{\"@type\":\"ImageObject\",\"inLanguage\":\"lv-LV\",\"@id\":\"https:\\\/\\\/kidsplay.lt\\\/#\\\/schema\\\/logo\\\/image\\\/\",\"url\":\"https:\\\/\\\/kidsplay.lt\\\/wp-content\\\/uploads\\\/2023\\\/07\\\/kidsplay-logo.png\",\"contentUrl\":\"https:\\\/\\\/kidsplay.lt\\\/wp-content\\\/uploads\\\/2023\\\/07\\\/kidsplay-logo.png\",\"width\":451,\"height\":98,\"caption\":\"KidsPlay\"},\"image\":{\"@id\":\"https:\\\/\\\/kidsplay.lt\\\/#\\\/schema\\\/logo\\\/image\\\/\"},\"sameAs\":[\"https:\\\/\\\/www.facebook.com\\\/www.kidsplay.lt\"]}]}<\/script>\n<!-- \/ Yoast SEO plugin. -->","yoast_head_json":{"title":"VIGA medin\u0117s formos Montessori si\u016blams ir rai\u0161teliams","description":"VIGA medin\u0117s formos Montessori si\u016blams ir rai\u0161teliams - KidsPlay. Did\u017eiausias vaik\u0173 \u017eaisl\u0173 pasirinkimas.","robots":{"index":"index","follow":"follow","max-snippet":"max-snippet:-1","max-image-preview":"max-image-preview:large","max-video-preview":"max-video-preview:-1"},"canonical":"https:\/\/kidsplay.lt\/lv\/products\/viga-medines-formos-montessori-siulams-ir-raisteliams\/","og_locale":"lv_LV","og_type":"article","og_title":"VIGA medin\u0117s formos Montessori si\u016blams ir rai\u0161teliams","og_description":"VIGA medin\u0117s formos Montessori si\u016blams ir rai\u0161teliams - KidsPlay. Did\u017eiausias vaik\u0173 \u017eaisl\u0173 pasirinkimas.","og_url":"https:\/\/kidsplay.lt\/lv\/products\/viga-medines-formos-montessori-siulams-ir-raisteliams\/","og_site_name":"KidsPlay","article_publisher":"https:\/\/www.facebook.com\/www.kidsplay.lt","article_modified_time":"2026-04-07T07:10:43+00:00","og_image":[{"width":2560,"height":2560,"url":"https:\/\/kidsplay.lt\/wp-content\/uploads\/2025\/10\/VIGA-medines-formos-Montessori-siulams-ir-raisteliams.jpg","type":"image\/jpeg"}],"twitter_card":"summary_large_image","twitter_misc":{"Est. reading time":"1 min\u016bte"},"schema":{"@context":"https:\/\/schema.org","@graph":[{"@type":"WebPage","@id":"https:\/\/kidsplay.lt\/produktas\/viga-medines-formos-montessori-siulams-ir-raisteliams\/","url":"https:\/\/kidsplay.lt\/produktas\/viga-medines-formos-montessori-siulams-ir-raisteliams\/","name":"VIGA medin\u0117s formos Montessori si\u016blams ir rai\u0161teliams","isPartOf":{"@id":"https:\/\/kidsplay.lt\/#website"},"primaryImageOfPage":{"@id":"https:\/\/kidsplay.lt\/produktas\/viga-medines-formos-montessori-siulams-ir-raisteliams\/#primaryimage"},"image":{"@id":"https:\/\/kidsplay.lt\/produktas\/viga-medines-formos-montessori-siulams-ir-raisteliams\/#primaryimage"},"thumbnailUrl":"https:\/\/kidsplay.lt\/wp-content\/uploads\/2025\/10\/VIGA-medines-formos-Montessori-siulams-ir-raisteliams.jpg","datePublished":"2025-10-23T10:44:33+00:00","dateModified":"2026-04-07T07:10:43+00:00","description":"VIGA medin\u0117s formos Montessori si\u016blams ir rai\u0161teliams - KidsPlay. Did\u017eiausias vaik\u0173 \u017eaisl\u0173 pasirinkimas.","breadcrumb":{"@id":"https:\/\/kidsplay.lt\/produktas\/viga-medines-formos-montessori-siulams-ir-raisteliams\/#breadcrumb"},"inLanguage":"lv-LV","potentialAction":[{"@type":"ReadAction","target":["https:\/\/kidsplay.lt\/produktas\/viga-medines-formos-montessori-siulams-ir-raisteliams\/"]}]},{"@type":"ImageObject","inLanguage":"lv-LV","@id":"https:\/\/kidsplay.lt\/produktas\/viga-medines-formos-montessori-siulams-ir-raisteliams\/#primaryimage","url":"https:\/\/kidsplay.lt\/wp-content\/uploads\/2025\/10\/VIGA-medines-formos-Montessori-siulams-ir-raisteliams.jpg","contentUrl":"https:\/\/kidsplay.lt\/wp-content\/uploads\/2025\/10\/VIGA-medines-formos-Montessori-siulams-ir-raisteliams.jpg","width":2560,"height":2560,"caption":"VIGA medin\u0117s formos Montessori si\u016blams ir rai\u0161teliams"},{"@type":"BreadcrumbList","@id":"https:\/\/kidsplay.lt\/produktas\/viga-medines-formos-montessori-siulams-ir-raisteliams\/#breadcrumb","itemListElement":[{"@type":"ListItem","position":1,"name":"Pagrindinis","item":"https:\/\/kidsplay.lt\/"},{"@type":"ListItem","position":2,"name":"Parduotuv\u0117","item":"https:\/\/kidsplay.lt\/parduotuve\/"},{"@type":"ListItem","position":3,"name":"VIGA medin\u0117s formos Montessori si\u016blams ir rai\u0161teliams"}]},{"@type":"WebSite","@id":"https:\/\/kidsplay.lt\/#website","url":"https:\/\/kidsplay.lt\/","name":"B\u0113rnu sp\u0113les.lv","description":"\u012evairios prek\u0117s vaikams","publisher":{"@id":"https:\/\/kidsplay.lt\/#organization"},"alternateName":"Kidsplay","potentialAction":[{"@type":"SearchAction","target":{"@type":"EntryPoint","urlTemplate":"https:\/\/kidsplay.lt\/?s={search_term_string}"},"query-input":{"@type":"PropertyValueSpecification","valueRequired":true,"valueName":"search_term_string"}}],"inLanguage":"lv-LV"},{"@type":"Organization","@id":"https:\/\/kidsplay.lt\/#organization","name":"B\u0113rnu sp\u0113le","url":"https:\/\/kidsplay.lt\/","logo":{"@type":"ImageObject","inLanguage":"lv-LV","@id":"https:\/\/kidsplay.lt\/#\/schema\/logo\/image\/","url":"https:\/\/kidsplay.lt\/wp-content\/uploads\/2023\/07\/kidsplay-logo.png","contentUrl":"https:\/\/kidsplay.lt\/wp-content\/uploads\/2023\/07\/kidsplay-logo.png","width":451,"height":98,"caption":"KidsPlay"},"image":{"@id":"https:\/\/kidsplay.lt\/#\/schema\/logo\/image\/"},"sameAs":["https:\/\/www.facebook.com\/www.kidsplay.lt"]}]}},"_links":{"self":[{"href":"https:\/\/kidsplay.lt\/lv\/wp-json\/wp\/v2\/product\/77879","targetHints":{"allow":["GET"]}}],"collection":[{"href":"https:\/\/kidsplay.lt\/lv\/wp-json\/wp\/v2\/product"}],"about":[{"href":"https:\/\/kidsplay.lt\/lv\/wp-json\/wp\/v2\/types\/product"}],"version-history":[{"count":1,"href":"https:\/\/kidsplay.lt\/lv\/wp-json\/wp\/v2\/product\/77879\/revisions"}],"predecessor-version":[{"id":77880,"href":"https:\/\/kidsplay.lt\/lv\/wp-json\/wp\/v2\/product\/77879\/revisions\/77880"}],"wp:featuredmedia":[{"embeddable":true,"href":"https:\/\/kidsplay.lt\/lv\/wp-json\/wp\/v2\/media\/77881"}],"wp:attachment":[{"href":"https:\/\/kidsplay.lt\/lv\/wp-json\/wp\/v2\/media?parent=77879"}],"wp:term":[{"taxonomy":"product_brand","embeddable":true,"href":"https:\/\/kidsplay.lt\/lv\/wp-json\/wp\/v2\/product_brand?post=77879"},{"taxonomy":"product_cat","embeddable":true,"href":"https:\/\/kidsplay.lt\/lv\/wp-json\/wp\/v2\/product_cat?post=77879"},{"taxonomy":"product_tag","embeddable":true,"href":"https:\/\/kidsplay.lt\/lv\/wp-json\/wp\/v2\/product_tag?post=77879"}],"curies":[{"name":"wp","href":"https:\/\/api.w.org\/{rel}","templated":true}]}}