{"id":77898,"date":"2025-10-23T13:46:38","date_gmt":"2025-10-23T10:46:38","guid":{"rendered":"https:\/\/kidsplay.lt\/produktas\/little-tikes-zaidimu-aikstele-su-ciuozykla\/"},"modified":"2026-04-07T10:11:53","modified_gmt":"2026-04-07T07:11:53","slug":"little-tikes-zaidimu-aikstele-su-ciuozykla","status":"publish","type":"product","link":"https:\/\/kidsplay.lt\/lv\/products\/little-tikes-zaidimu-aikstele-su-ciuozykla\/","title":{"rendered":"\u201eLittle Tikes\u201c \u017eaidim\u0173 aik\u0161tel\u0117 su \u010diuo\u017eykla"},"content":{"rendered":"<p>\u012eranga ir savyb\u0117s:<\/p>\n<p>&#8211; \u017eaidim\u0173 aik\u0161tel\u0117je yra\u00a0120 cm \u010diuo\u017eykla<\/p>\n<p>&#8211; du \u012f\u0117jimai \u012f bok\u0161t\u0105<\/p>\n<p>&#8211; dviej\u0173 lygi\u0173 platformos<\/p>\n<p>-laiptai<\/p>\n<p>-Kvadrat\u0105 galima pastatyti sode arba u\u017edaroje patalpoje<\/p>\n<p>-papildomas traukos objektas yra tunelis,\u00a0pritvirtintas prie susipynusios<\/p>\n<p>\u201eLittle Tikes\u201c\u00a0produktai\u00a0\u00a0\u00a0\u017einomi ir m\u0117gstami visuose \u017eemynuose, daugyb\u0117s nam\u0173 \u016bkiuose tarp daugyb\u0117s besi\u0161ypsan\u010di\u0173 vaik\u0173 ir patenkint\u0173 t\u0117v\u0173.\u00a0\u00a0\u201eLittle Tikes\u201c\u00a0\u00a0gamina gaminius, kurie atitinka visus b\u016btinus saugos standartus. Atsi\u017evelgiant \u012f ilgaam\u017ei\u0161kum\u0105, \u017eaislai yra kuriami ir gaminami naudojant tinkamiausi\u0105 technologij\u0105 \u2013 rotacin\u012f liejim\u0105, garantuojant\u012f daugyb\u0119 met\u0173 smagi\u0173 pramog\u0173.<\/p>","protected":false},"excerpt":{"rendered":"<p>\u012eranga ir savyb\u0117s: &#8211; \u017eaidim\u0173 aik\u0161tel\u0117je yra\u00a0120 cm \u010diuo\u017eykla &#8211; du \u012f\u0117jimai \u012f bok\u0161t\u0105 &#8211; dviej\u0173 lygi\u0173 platformos -laiptai -Kvadrat\u0105<\/p>","protected":false},"featured_media":77900,"template":"","meta":{"_acf_changed":false,"_glsr_average":0,"_glsr_ranking":0,"_glsr_reviews":0},"product_brand":[],"product_cat":[233,382],"product_tag":[],"class_list":{"0":"post-77898","1":"product","2":"type-product","3":"status-publish","4":"has-post-thumbnail","6":"product_cat-lauko-pramogos","7":"product_cat-zaidimu-aiksteles","8":"\"style=\"background-color: #2ecc711c;\"","10":"first","11":"instock","12":"purchasable","13":"product-type-simple"},"acf":[],"yoast_head":"<!-- This site is optimized with the Yoast SEO plugin v27.3 - https:\/\/yoast.com\/product\/yoast-seo-wordpress\/ -->\n<title>\u201eLittle Tikes\u201c \u017eaidim\u0173 aik\u0161tel\u0117 su \u010diuo\u017eykla<\/title>\n<meta name=\"description\" content=\"\u201eLittle Tikes\u201c \u017eaidim\u0173 aik\u0161tel\u0117 su \u010diuo\u017eykla - KidsPlay. Did\u017eiausias vaik\u0173 \u017eaisl\u0173 pasirinkimas.\" \/>\n<meta name=\"robots\" content=\"index, follow, max-snippet:-1, max-image-preview:large, max-video-preview:-1\" \/>\n<link rel=\"canonical\" href=\"https:\/\/kidsplay.lt\/lv\/products\/little-tikes-zaidimu-aikstele-su-ciuozykla\/\" \/>\n<meta property=\"og:locale\" content=\"lv_LV\" \/>\n<meta property=\"og:type\" content=\"article\" \/>\n<meta property=\"og:title\" content=\"\u201eLittle Tikes\u201c \u017eaidim\u0173 aik\u0161tel\u0117 su \u010diuo\u017eykla\" \/>\n<meta property=\"og:description\" content=\"\u201eLittle Tikes\u201c \u017eaidim\u0173 aik\u0161tel\u0117 su \u010diuo\u017eykla - KidsPlay. Did\u017eiausias vaik\u0173 \u017eaisl\u0173 pasirinkimas.\" \/>\n<meta property=\"og:url\" content=\"https:\/\/kidsplay.lt\/lv\/products\/little-tikes-zaidimu-aikstele-su-ciuozykla\/\" \/>\n<meta property=\"og:site_name\" content=\"KidsPlay\" \/>\n<meta property=\"article:publisher\" content=\"https:\/\/www.facebook.com\/www.kidsplay.lt\" \/>\n<meta property=\"article:modified_time\" content=\"2026-04-07T07:11:53+00:00\" \/>\n<meta property=\"og:image\" content=\"https:\/\/kidsplay.lt\/wp-content\/uploads\/2025\/10\/\u201eLittle-Tikes-zaidimu-aikstele-su-ciuozykla.jpg\" \/>\n\t<meta property=\"og:image:width\" content=\"2560\" \/>\n\t<meta property=\"og:image:height\" content=\"1555\" \/>\n\t<meta property=\"og:image:type\" content=\"image\/jpeg\" \/>\n<meta name=\"twitter:card\" content=\"summary_large_image\" \/>\n<script type=\"application\/ld+json\" class=\"yoast-schema-graph\">{\"@context\":\"https:\\\/\\\/schema.org\",\"@graph\":[{\"@type\":\"WebPage\",\"@id\":\"https:\\\/\\\/kidsplay.lt\\\/produktas\\\/little-tikes-zaidimu-aikstele-su-ciuozykla\\\/\",\"url\":\"https:\\\/\\\/kidsplay.lt\\\/produktas\\\/little-tikes-zaidimu-aikstele-su-ciuozykla\\\/\",\"name\":\"\u201eLittle Tikes\u201c \u017eaidim\u0173 aik\u0161tel\u0117 su \u010diuo\u017eykla\",\"isPartOf\":{\"@id\":\"https:\\\/\\\/kidsplay.lt\\\/#website\"},\"primaryImageOfPage\":{\"@id\":\"https:\\\/\\\/kidsplay.lt\\\/produktas\\\/little-tikes-zaidimu-aikstele-su-ciuozykla\\\/#primaryimage\"},\"image\":{\"@id\":\"https:\\\/\\\/kidsplay.lt\\\/produktas\\\/little-tikes-zaidimu-aikstele-su-ciuozykla\\\/#primaryimage\"},\"thumbnailUrl\":\"https:\\\/\\\/kidsplay.lt\\\/wp-content\\\/uploads\\\/2025\\\/10\\\/\u201eLittle-Tikes-zaidimu-aikstele-su-ciuozykla.jpg\",\"datePublished\":\"2025-10-23T10:46:38+00:00\",\"dateModified\":\"2026-04-07T07:11:53+00:00\",\"description\":\"\u201eLittle Tikes\u201c \u017eaidim\u0173 aik\u0161tel\u0117 su \u010diuo\u017eykla - KidsPlay. Did\u017eiausias vaik\u0173 \u017eaisl\u0173 pasirinkimas.\",\"breadcrumb\":{\"@id\":\"https:\\\/\\\/kidsplay.lt\\\/produktas\\\/little-tikes-zaidimu-aikstele-su-ciuozykla\\\/#breadcrumb\"},\"inLanguage\":\"lv-LV\",\"potentialAction\":[{\"@type\":\"ReadAction\",\"target\":[\"https:\\\/\\\/kidsplay.lt\\\/produktas\\\/little-tikes-zaidimu-aikstele-su-ciuozykla\\\/\"]}]},{\"@type\":\"ImageObject\",\"inLanguage\":\"lv-LV\",\"@id\":\"https:\\\/\\\/kidsplay.lt\\\/produktas\\\/little-tikes-zaidimu-aikstele-su-ciuozykla\\\/#primaryimage\",\"url\":\"https:\\\/\\\/kidsplay.lt\\\/wp-content\\\/uploads\\\/2025\\\/10\\\/\u201eLittle-Tikes-zaidimu-aikstele-su-ciuozykla.jpg\",\"contentUrl\":\"https:\\\/\\\/kidsplay.lt\\\/wp-content\\\/uploads\\\/2025\\\/10\\\/\u201eLittle-Tikes-zaidimu-aikstele-su-ciuozykla.jpg\",\"width\":2560,\"height\":1555,\"caption\":\"\u201eLittle Tikes\u201c \u017eaidim\u0173 aik\u0161tel\u0117 su \u010diuo\u017eykla\"},{\"@type\":\"BreadcrumbList\",\"@id\":\"https:\\\/\\\/kidsplay.lt\\\/produktas\\\/little-tikes-zaidimu-aikstele-su-ciuozykla\\\/#breadcrumb\",\"itemListElement\":[{\"@type\":\"ListItem\",\"position\":1,\"name\":\"Pagrindinis\",\"item\":\"https:\\\/\\\/kidsplay.lt\\\/\"},{\"@type\":\"ListItem\",\"position\":2,\"name\":\"Parduotuv\u0117\",\"item\":\"https:\\\/\\\/kidsplay.lt\\\/parduotuve\\\/\"},{\"@type\":\"ListItem\",\"position\":3,\"name\":\"\u201eLittle Tikes\u201c \u017eaidim\u0173 aik\u0161tel\u0117 su \u010diuo\u017eykla\"}]},{\"@type\":\"WebSite\",\"@id\":\"https:\\\/\\\/kidsplay.lt\\\/#website\",\"url\":\"https:\\\/\\\/kidsplay.lt\\\/\",\"name\":\"Kidsplay.lt\",\"description\":\"\u012evairios prek\u0117s vaikams\",\"publisher\":{\"@id\":\"https:\\\/\\\/kidsplay.lt\\\/#organization\"},\"alternateName\":\"Kidsplay\",\"potentialAction\":[{\"@type\":\"SearchAction\",\"target\":{\"@type\":\"EntryPoint\",\"urlTemplate\":\"https:\\\/\\\/kidsplay.lt\\\/?s={search_term_string}\"},\"query-input\":{\"@type\":\"PropertyValueSpecification\",\"valueRequired\":true,\"valueName\":\"search_term_string\"}}],\"inLanguage\":\"lv-LV\"},{\"@type\":\"Organization\",\"@id\":\"https:\\\/\\\/kidsplay.lt\\\/#organization\",\"name\":\"KidsPlay\",\"url\":\"https:\\\/\\\/kidsplay.lt\\\/\",\"logo\":{\"@type\":\"ImageObject\",\"inLanguage\":\"lv-LV\",\"@id\":\"https:\\\/\\\/kidsplay.lt\\\/#\\\/schema\\\/logo\\\/image\\\/\",\"url\":\"https:\\\/\\\/kidsplay.lt\\\/wp-content\\\/uploads\\\/2023\\\/07\\\/kidsplay-logo.png\",\"contentUrl\":\"https:\\\/\\\/kidsplay.lt\\\/wp-content\\\/uploads\\\/2023\\\/07\\\/kidsplay-logo.png\",\"width\":451,\"height\":98,\"caption\":\"KidsPlay\"},\"image\":{\"@id\":\"https:\\\/\\\/kidsplay.lt\\\/#\\\/schema\\\/logo\\\/image\\\/\"},\"sameAs\":[\"https:\\\/\\\/www.facebook.com\\\/www.kidsplay.lt\"]}]}<\/script>\n<!-- \/ Yoast SEO plugin. -->","yoast_head_json":{"title":"\u201eLittle Tikes\u201c \u017eaidim\u0173 aik\u0161tel\u0117 su \u010diuo\u017eykla","description":"\u201eLittle Tikes\u201c \u017eaidim\u0173 aik\u0161tel\u0117 su \u010diuo\u017eykla - KidsPlay. Did\u017eiausias vaik\u0173 \u017eaisl\u0173 pasirinkimas.","robots":{"index":"index","follow":"follow","max-snippet":"max-snippet:-1","max-image-preview":"max-image-preview:large","max-video-preview":"max-video-preview:-1"},"canonical":"https:\/\/kidsplay.lt\/lv\/products\/little-tikes-zaidimu-aikstele-su-ciuozykla\/","og_locale":"lv_LV","og_type":"article","og_title":"\u201eLittle Tikes\u201c \u017eaidim\u0173 aik\u0161tel\u0117 su \u010diuo\u017eykla","og_description":"\u201eLittle Tikes\u201c \u017eaidim\u0173 aik\u0161tel\u0117 su \u010diuo\u017eykla - KidsPlay. Did\u017eiausias vaik\u0173 \u017eaisl\u0173 pasirinkimas.","og_url":"https:\/\/kidsplay.lt\/lv\/products\/little-tikes-zaidimu-aikstele-su-ciuozykla\/","og_site_name":"KidsPlay","article_publisher":"https:\/\/www.facebook.com\/www.kidsplay.lt","article_modified_time":"2026-04-07T07:11:53+00:00","og_image":[{"width":2560,"height":1555,"url":"https:\/\/kidsplay.lt\/wp-content\/uploads\/2025\/10\/\u201eLittle-Tikes-zaidimu-aikstele-su-ciuozykla.jpg","type":"image\/jpeg"}],"twitter_card":"summary_large_image","schema":{"@context":"https:\/\/schema.org","@graph":[{"@type":"WebPage","@id":"https:\/\/kidsplay.lt\/produktas\/little-tikes-zaidimu-aikstele-su-ciuozykla\/","url":"https:\/\/kidsplay.lt\/produktas\/little-tikes-zaidimu-aikstele-su-ciuozykla\/","name":"\u201eLittle Tikes\u201c \u017eaidim\u0173 aik\u0161tel\u0117 su \u010diuo\u017eykla","isPartOf":{"@id":"https:\/\/kidsplay.lt\/#website"},"primaryImageOfPage":{"@id":"https:\/\/kidsplay.lt\/produktas\/little-tikes-zaidimu-aikstele-su-ciuozykla\/#primaryimage"},"image":{"@id":"https:\/\/kidsplay.lt\/produktas\/little-tikes-zaidimu-aikstele-su-ciuozykla\/#primaryimage"},"thumbnailUrl":"https:\/\/kidsplay.lt\/wp-content\/uploads\/2025\/10\/\u201eLittle-Tikes-zaidimu-aikstele-su-ciuozykla.jpg","datePublished":"2025-10-23T10:46:38+00:00","dateModified":"2026-04-07T07:11:53+00:00","description":"\u201eLittle Tikes\u201c \u017eaidim\u0173 aik\u0161tel\u0117 su \u010diuo\u017eykla - KidsPlay. Did\u017eiausias vaik\u0173 \u017eaisl\u0173 pasirinkimas.","breadcrumb":{"@id":"https:\/\/kidsplay.lt\/produktas\/little-tikes-zaidimu-aikstele-su-ciuozykla\/#breadcrumb"},"inLanguage":"lv-LV","potentialAction":[{"@type":"ReadAction","target":["https:\/\/kidsplay.lt\/produktas\/little-tikes-zaidimu-aikstele-su-ciuozykla\/"]}]},{"@type":"ImageObject","inLanguage":"lv-LV","@id":"https:\/\/kidsplay.lt\/produktas\/little-tikes-zaidimu-aikstele-su-ciuozykla\/#primaryimage","url":"https:\/\/kidsplay.lt\/wp-content\/uploads\/2025\/10\/\u201eLittle-Tikes-zaidimu-aikstele-su-ciuozykla.jpg","contentUrl":"https:\/\/kidsplay.lt\/wp-content\/uploads\/2025\/10\/\u201eLittle-Tikes-zaidimu-aikstele-su-ciuozykla.jpg","width":2560,"height":1555,"caption":"\u201eLittle Tikes\u201c \u017eaidim\u0173 aik\u0161tel\u0117 su \u010diuo\u017eykla"},{"@type":"BreadcrumbList","@id":"https:\/\/kidsplay.lt\/produktas\/little-tikes-zaidimu-aikstele-su-ciuozykla\/#breadcrumb","itemListElement":[{"@type":"ListItem","position":1,"name":"Pagrindinis","item":"https:\/\/kidsplay.lt\/"},{"@type":"ListItem","position":2,"name":"Parduotuv\u0117","item":"https:\/\/kidsplay.lt\/parduotuve\/"},{"@type":"ListItem","position":3,"name":"\u201eLittle Tikes\u201c \u017eaidim\u0173 aik\u0161tel\u0117 su \u010diuo\u017eykla"}]},{"@type":"WebSite","@id":"https:\/\/kidsplay.lt\/#website","url":"https:\/\/kidsplay.lt\/","name":"B\u0113rnu sp\u0113les.lv","description":"\u012evairios prek\u0117s vaikams","publisher":{"@id":"https:\/\/kidsplay.lt\/#organization"},"alternateName":"Kidsplay","potentialAction":[{"@type":"SearchAction","target":{"@type":"EntryPoint","urlTemplate":"https:\/\/kidsplay.lt\/?s={search_term_string}"},"query-input":{"@type":"PropertyValueSpecification","valueRequired":true,"valueName":"search_term_string"}}],"inLanguage":"lv-LV"},{"@type":"Organization","@id":"https:\/\/kidsplay.lt\/#organization","name":"B\u0113rnu sp\u0113le","url":"https:\/\/kidsplay.lt\/","logo":{"@type":"ImageObject","inLanguage":"lv-LV","@id":"https:\/\/kidsplay.lt\/#\/schema\/logo\/image\/","url":"https:\/\/kidsplay.lt\/wp-content\/uploads\/2023\/07\/kidsplay-logo.png","contentUrl":"https:\/\/kidsplay.lt\/wp-content\/uploads\/2023\/07\/kidsplay-logo.png","width":451,"height":98,"caption":"KidsPlay"},"image":{"@id":"https:\/\/kidsplay.lt\/#\/schema\/logo\/image\/"},"sameAs":["https:\/\/www.facebook.com\/www.kidsplay.lt"]}]}},"_links":{"self":[{"href":"https:\/\/kidsplay.lt\/lv\/wp-json\/wp\/v2\/product\/77898","targetHints":{"allow":["GET"]}}],"collection":[{"href":"https:\/\/kidsplay.lt\/lv\/wp-json\/wp\/v2\/product"}],"about":[{"href":"https:\/\/kidsplay.lt\/lv\/wp-json\/wp\/v2\/types\/product"}],"version-history":[{"count":1,"href":"https:\/\/kidsplay.lt\/lv\/wp-json\/wp\/v2\/product\/77898\/revisions"}],"predecessor-version":[{"id":77899,"href":"https:\/\/kidsplay.lt\/lv\/wp-json\/wp\/v2\/product\/77898\/revisions\/77899"}],"wp:featuredmedia":[{"embeddable":true,"href":"https:\/\/kidsplay.lt\/lv\/wp-json\/wp\/v2\/media\/77900"}],"wp:attachment":[{"href":"https:\/\/kidsplay.lt\/lv\/wp-json\/wp\/v2\/media?parent=77898"}],"wp:term":[{"taxonomy":"product_brand","embeddable":true,"href":"https:\/\/kidsplay.lt\/lv\/wp-json\/wp\/v2\/product_brand?post=77898"},{"taxonomy":"product_cat","embeddable":true,"href":"https:\/\/kidsplay.lt\/lv\/wp-json\/wp\/v2\/product_cat?post=77898"},{"taxonomy":"product_tag","embeddable":true,"href":"https:\/\/kidsplay.lt\/lv\/wp-json\/wp\/v2\/product_tag?post=77898"}],"curies":[{"name":"wp","href":"https:\/\/api.w.org\/{rel}","templated":true}]}}