{"id":77907,"date":"2025-10-23T13:48:27","date_gmt":"2025-10-23T10:48:27","guid":{"rendered":"https:\/\/kidsplay.lt\/produktas\/falk-maurice-vaziuojamasis-traktorius-zalias\/"},"modified":"2026-04-07T10:12:23","modified_gmt":"2026-04-07T07:12:23","slug":"falk-maurice-vaziuojamasis-traktorius-zalias","status":"publish","type":"product","link":"https:\/\/kidsplay.lt\/lv\/products\/falk-maurice-vaziuojamasis-traktorius-zalias\/","title":{"rendered":"FALK Maurice va\u017eiuojamasis traktorius, \u017ealias"},"content":{"rendered":"<p>\u201eMaurice\u201c\u00a0\u2013 tai \u017eavus pranc\u016bzi\u0161ko prek\u0117s \u017eenklo\u00a0\u201eFalk\u201c\u00a0traktorius , kuris lyd\u0117s j\u016bs\u0173 vaik\u0105 \u017eengiant pirmuosius \u017eingsnius.\u00a0Ry\u0161kios spalvos\u00a0ir\u00a0apvalios formos\u00a0prad\u017eiugins kiekvien\u0105 ma\u017eyl\u012f. Traktoriaus u\u017evedimas ma\u017eu\u00a0garso ranken\u0117le\u00a0ir signalo paspaudimas ant vairo \u2013 puiki pirmoji mokymosi patirtis, kuri lavins j\u016bs\u0173 vaiko\u00a0motorinius \u012fg\u016bd\u017eius\u00a0ir\u00a0klaus\u0105\u00a0. Va\u017eiuodamas traktoriumi, \u017eaisdamas su vairu su signalu ir vairuojamais ratukais, j\u016bs\u0173 vaikas lavins\u00a0koordinacij\u0105 ir pusiausvyr\u0105\u00a0. Stov\u0117damas gale, jis gali naudotis ergonomi\u0161ku atlo\u0161u, kad\u00a0i\u0161mokt\u0173 vaik\u0161\u010dioti\u00a0\u017eaisdamas, be baim\u0117s ir\u00a0visi\u0161kai saugiai\u00a0. Po s\u0117dyne yra nedidelis\u00a0skyrius\u00a0lobiams laikyti.<\/p>\n<p>Rakstur\u012bgs:<\/p>\n<p> \t&#8211;\u00a0nuo 12 m\u0117nesi\u0173 am\u017eiaus<br \/>\n \t&#8211; va\u017eiuokl\u0117\u00a0\u00a0taip pat\u00a0atlieka vaiki\u0161ko ve\u017eim\u0117lio funkcij\u0105\u00a0,\u00a0padedan\u010di\u0105\u00a0vaikui mokytis vaik\u0161\u010dioti<br \/>\n \t&#8211; va\u017eiuojamoji transporto priemon\u0117 su vairu<br \/>\n \t&#8211; turi\u00a0patogi\u0105 s\u0117dyn\u0119 su vieta\u00a0smulkiems daiktams<br \/>\n \t&#8211;\u00a0atlo\u0161as su rankena,\u00a0kad vaikas gal\u0117t\u0173 stumti<br \/>\n \t&#8211; priekyje ir gale yra special\u016bs i\u0161siki\u0161imai, kad neapvirst\u0173<br \/>\n \t&#8211; s\u0117dyn\u0117s auk\u0161tis nuo grind\u0173 &#8211; 23 cm<br \/>\n \t&#8211; rankenos auk\u0161tis &#8211; 46 cm<br \/>\n \t&#8211; va\u017eiuojamoji dalis pagaminta i\u0161 80 % perdirbto plastiko<\/p>\n<p>\u201eFalk\u201c\u00a0\u00a0yra pirmaujantis auk\u0161tos kokyb\u0117s pedalais varom\u0173 transporto priemoni\u0173 gamintojas Europoje. J\u0173 gamini\u0173 asortiment\u0105 sudaro traktoriai, licencijuoti toki\u0173 preki\u0173 \u017eenkl\u0173 kaip\u00a0\u201eClaas\u201c, \u201eRenault\u201c, \u201eMcCormick\u201c, \u201eKubota\u201c, \u201eCase IH\u201c\u00a0ir kit\u0173. Visos transporto priemon\u0117s gaminamos\u00a0Pranc\u016bzijoje\u00a0i\u0161 auk\u0161tos kokyb\u0117s med\u017eiag\u0173.<\/p>","protected":false},"excerpt":{"rendered":"<p>\u201eMaurice\u201c\u00a0\u2013 tai \u017eavus pranc\u016bzi\u0161ko prek\u0117s \u017eenklo\u00a0\u201eFalk\u201c\u00a0traktorius , kuris lyd\u0117s j\u016bs\u0173 vaik\u0105 \u017eengiant pirmuosius \u017eingsnius.\u00a0Ry\u0161kios spalvos\u00a0ir\u00a0apvalios formos\u00a0prad\u017eiugins kiekvien\u0105 ma\u017eyl\u012f. Traktoriaus u\u017evedimas<\/p>","protected":false},"featured_media":60579,"template":"","meta":{"_acf_changed":false,"_glsr_average":0,"_glsr_ranking":0,"_glsr_reviews":0},"product_brand":[],"product_cat":[237,238],"product_tag":[],"class_list":{"0":"post-77907","1":"product","2":"type-product","3":"status-publish","4":"has-post-thumbnail","6":"product_cat-judejimo-priemones","7":"product_cat-stumdomos-masineles","8":"\"style=\"background-color: #2ecc711c;\"","10":"first","11":"instock","12":"purchasable","13":"product-type-simple"},"acf":[],"yoast_head":"<!-- This site is optimized with the Yoast SEO plugin v27.3 - https:\/\/yoast.com\/product\/yoast-seo-wordpress\/ -->\n<title>FALK Maurice va\u017eiuojamasis traktorius, \u017ealias<\/title>\n<meta name=\"description\" content=\"FALK Maurice va\u017eiuojamasis traktorius, \u017ealias - KidsPlay. Did\u017eiausias vaik\u0173 \u017eaisl\u0173 pasirinkimas.\" \/>\n<meta name=\"robots\" content=\"index, follow, max-snippet:-1, max-image-preview:large, max-video-preview:-1\" \/>\n<link rel=\"canonical\" href=\"https:\/\/kidsplay.lt\/lv\/products\/falk-maurice-vaziuojamasis-traktorius-zalias\/\" \/>\n<meta property=\"og:locale\" content=\"lv_LV\" \/>\n<meta property=\"og:type\" content=\"article\" \/>\n<meta property=\"og:title\" content=\"FALK Maurice va\u017eiuojamasis traktorius, \u017ealias\" \/>\n<meta property=\"og:description\" content=\"FALK Maurice va\u017eiuojamasis traktorius, \u017ealias - KidsPlay. Did\u017eiausias vaik\u0173 \u017eaisl\u0173 pasirinkimas.\" \/>\n<meta property=\"og:url\" content=\"https:\/\/kidsplay.lt\/lv\/products\/falk-maurice-vaziuojamasis-traktorius-zalias\/\" \/>\n<meta property=\"og:site_name\" content=\"KidsPlay\" \/>\n<meta property=\"article:publisher\" content=\"https:\/\/www.facebook.com\/www.kidsplay.lt\" \/>\n<meta property=\"article:modified_time\" content=\"2026-04-07T07:12:23+00:00\" \/>\n<meta property=\"og:image\" content=\"https:\/\/kidsplay.lt\/wp-content\/uploads\/2025\/03\/Vaziuojamasis-traktorius-Green-Stumoklis.jpg\" \/>\n\t<meta property=\"og:image:width\" content=\"2500\" \/>\n\t<meta property=\"og:image:height\" content=\"2500\" \/>\n\t<meta property=\"og:image:type\" content=\"image\/jpeg\" \/>\n<meta name=\"twitter:card\" content=\"summary_large_image\" \/>\n<meta name=\"twitter:label1\" content=\"Est. reading time\" \/>\n\t<meta name=\"twitter:data1\" content=\"1 min\u016bte\" \/>\n<script type=\"application\/ld+json\" class=\"yoast-schema-graph\">{\"@context\":\"https:\\\/\\\/schema.org\",\"@graph\":[{\"@type\":\"WebPage\",\"@id\":\"https:\\\/\\\/kidsplay.lt\\\/produktas\\\/falk-maurice-vaziuojamasis-traktorius-zalias\\\/\",\"url\":\"https:\\\/\\\/kidsplay.lt\\\/produktas\\\/falk-maurice-vaziuojamasis-traktorius-zalias\\\/\",\"name\":\"FALK Maurice va\u017eiuojamasis traktorius, \u017ealias\",\"isPartOf\":{\"@id\":\"https:\\\/\\\/kidsplay.lt\\\/#website\"},\"primaryImageOfPage\":{\"@id\":\"https:\\\/\\\/kidsplay.lt\\\/produktas\\\/falk-maurice-vaziuojamasis-traktorius-zalias\\\/#primaryimage\"},\"image\":{\"@id\":\"https:\\\/\\\/kidsplay.lt\\\/produktas\\\/falk-maurice-vaziuojamasis-traktorius-zalias\\\/#primaryimage\"},\"thumbnailUrl\":\"https:\\\/\\\/kidsplay.lt\\\/wp-content\\\/uploads\\\/2025\\\/03\\\/Vaziuojamasis-traktorius-Green-Stumoklis.jpg\",\"datePublished\":\"2025-10-23T10:48:27+00:00\",\"dateModified\":\"2026-04-07T07:12:23+00:00\",\"description\":\"FALK Maurice va\u017eiuojamasis traktorius, \u017ealias - KidsPlay. Did\u017eiausias vaik\u0173 \u017eaisl\u0173 pasirinkimas.\",\"breadcrumb\":{\"@id\":\"https:\\\/\\\/kidsplay.lt\\\/produktas\\\/falk-maurice-vaziuojamasis-traktorius-zalias\\\/#breadcrumb\"},\"inLanguage\":\"lv-LV\",\"potentialAction\":[{\"@type\":\"ReadAction\",\"target\":[\"https:\\\/\\\/kidsplay.lt\\\/produktas\\\/falk-maurice-vaziuojamasis-traktorius-zalias\\\/\"]}]},{\"@type\":\"ImageObject\",\"inLanguage\":\"lv-LV\",\"@id\":\"https:\\\/\\\/kidsplay.lt\\\/produktas\\\/falk-maurice-vaziuojamasis-traktorius-zalias\\\/#primaryimage\",\"url\":\"https:\\\/\\\/kidsplay.lt\\\/wp-content\\\/uploads\\\/2025\\\/03\\\/Vaziuojamasis-traktorius-Green-Stumoklis.jpg\",\"contentUrl\":\"https:\\\/\\\/kidsplay.lt\\\/wp-content\\\/uploads\\\/2025\\\/03\\\/Vaziuojamasis-traktorius-Green-Stumoklis.jpg\",\"width\":2500,\"height\":2500,\"caption\":\"FALK Maurice va\u017eiuojamasis traktorius\"},{\"@type\":\"BreadcrumbList\",\"@id\":\"https:\\\/\\\/kidsplay.lt\\\/produktas\\\/falk-maurice-vaziuojamasis-traktorius-zalias\\\/#breadcrumb\",\"itemListElement\":[{\"@type\":\"ListItem\",\"position\":1,\"name\":\"Pagrindinis\",\"item\":\"https:\\\/\\\/kidsplay.lt\\\/\"},{\"@type\":\"ListItem\",\"position\":2,\"name\":\"Parduotuv\u0117\",\"item\":\"https:\\\/\\\/kidsplay.lt\\\/parduotuve\\\/\"},{\"@type\":\"ListItem\",\"position\":3,\"name\":\"FALK Maurice va\u017eiuojamasis traktorius, \u017ealias\"}]},{\"@type\":\"WebSite\",\"@id\":\"https:\\\/\\\/kidsplay.lt\\\/#website\",\"url\":\"https:\\\/\\\/kidsplay.lt\\\/\",\"name\":\"Kidsplay.lt\",\"description\":\"\u012evairios prek\u0117s vaikams\",\"publisher\":{\"@id\":\"https:\\\/\\\/kidsplay.lt\\\/#organization\"},\"alternateName\":\"Kidsplay\",\"potentialAction\":[{\"@type\":\"SearchAction\",\"target\":{\"@type\":\"EntryPoint\",\"urlTemplate\":\"https:\\\/\\\/kidsplay.lt\\\/?s={search_term_string}\"},\"query-input\":{\"@type\":\"PropertyValueSpecification\",\"valueRequired\":true,\"valueName\":\"search_term_string\"}}],\"inLanguage\":\"lv-LV\"},{\"@type\":\"Organization\",\"@id\":\"https:\\\/\\\/kidsplay.lt\\\/#organization\",\"name\":\"KidsPlay\",\"url\":\"https:\\\/\\\/kidsplay.lt\\\/\",\"logo\":{\"@type\":\"ImageObject\",\"inLanguage\":\"lv-LV\",\"@id\":\"https:\\\/\\\/kidsplay.lt\\\/#\\\/schema\\\/logo\\\/image\\\/\",\"url\":\"https:\\\/\\\/kidsplay.lt\\\/wp-content\\\/uploads\\\/2023\\\/07\\\/kidsplay-logo.png\",\"contentUrl\":\"https:\\\/\\\/kidsplay.lt\\\/wp-content\\\/uploads\\\/2023\\\/07\\\/kidsplay-logo.png\",\"width\":451,\"height\":98,\"caption\":\"KidsPlay\"},\"image\":{\"@id\":\"https:\\\/\\\/kidsplay.lt\\\/#\\\/schema\\\/logo\\\/image\\\/\"},\"sameAs\":[\"https:\\\/\\\/www.facebook.com\\\/www.kidsplay.lt\"]}]}<\/script>\n<!-- \/ Yoast SEO plugin. -->","yoast_head_json":{"title":"FALK Maurice va\u017eiuojamasis traktorius, \u017ealias","description":"FALK Maurice va\u017eiuojamasis traktorius, \u017ealias - KidsPlay. Did\u017eiausias vaik\u0173 \u017eaisl\u0173 pasirinkimas.","robots":{"index":"index","follow":"follow","max-snippet":"max-snippet:-1","max-image-preview":"max-image-preview:large","max-video-preview":"max-video-preview:-1"},"canonical":"https:\/\/kidsplay.lt\/lv\/products\/falk-maurice-vaziuojamasis-traktorius-zalias\/","og_locale":"lv_LV","og_type":"article","og_title":"FALK Maurice va\u017eiuojamasis traktorius, \u017ealias","og_description":"FALK Maurice va\u017eiuojamasis traktorius, \u017ealias - KidsPlay. Did\u017eiausias vaik\u0173 \u017eaisl\u0173 pasirinkimas.","og_url":"https:\/\/kidsplay.lt\/lv\/products\/falk-maurice-vaziuojamasis-traktorius-zalias\/","og_site_name":"KidsPlay","article_publisher":"https:\/\/www.facebook.com\/www.kidsplay.lt","article_modified_time":"2026-04-07T07:12:23+00:00","og_image":[{"width":2500,"height":2500,"url":"https:\/\/kidsplay.lt\/wp-content\/uploads\/2025\/03\/Vaziuojamasis-traktorius-Green-Stumoklis.jpg","type":"image\/jpeg"}],"twitter_card":"summary_large_image","twitter_misc":{"Est. reading time":"1 min\u016bte"},"schema":{"@context":"https:\/\/schema.org","@graph":[{"@type":"WebPage","@id":"https:\/\/kidsplay.lt\/produktas\/falk-maurice-vaziuojamasis-traktorius-zalias\/","url":"https:\/\/kidsplay.lt\/produktas\/falk-maurice-vaziuojamasis-traktorius-zalias\/","name":"FALK Maurice va\u017eiuojamasis traktorius, \u017ealias","isPartOf":{"@id":"https:\/\/kidsplay.lt\/#website"},"primaryImageOfPage":{"@id":"https:\/\/kidsplay.lt\/produktas\/falk-maurice-vaziuojamasis-traktorius-zalias\/#primaryimage"},"image":{"@id":"https:\/\/kidsplay.lt\/produktas\/falk-maurice-vaziuojamasis-traktorius-zalias\/#primaryimage"},"thumbnailUrl":"https:\/\/kidsplay.lt\/wp-content\/uploads\/2025\/03\/Vaziuojamasis-traktorius-Green-Stumoklis.jpg","datePublished":"2025-10-23T10:48:27+00:00","dateModified":"2026-04-07T07:12:23+00:00","description":"FALK Maurice va\u017eiuojamasis traktorius, \u017ealias - KidsPlay. Did\u017eiausias vaik\u0173 \u017eaisl\u0173 pasirinkimas.","breadcrumb":{"@id":"https:\/\/kidsplay.lt\/produktas\/falk-maurice-vaziuojamasis-traktorius-zalias\/#breadcrumb"},"inLanguage":"lv-LV","potentialAction":[{"@type":"ReadAction","target":["https:\/\/kidsplay.lt\/produktas\/falk-maurice-vaziuojamasis-traktorius-zalias\/"]}]},{"@type":"ImageObject","inLanguage":"lv-LV","@id":"https:\/\/kidsplay.lt\/produktas\/falk-maurice-vaziuojamasis-traktorius-zalias\/#primaryimage","url":"https:\/\/kidsplay.lt\/wp-content\/uploads\/2025\/03\/Vaziuojamasis-traktorius-Green-Stumoklis.jpg","contentUrl":"https:\/\/kidsplay.lt\/wp-content\/uploads\/2025\/03\/Vaziuojamasis-traktorius-Green-Stumoklis.jpg","width":2500,"height":2500,"caption":"FALK Maurice va\u017eiuojamasis traktorius"},{"@type":"BreadcrumbList","@id":"https:\/\/kidsplay.lt\/produktas\/falk-maurice-vaziuojamasis-traktorius-zalias\/#breadcrumb","itemListElement":[{"@type":"ListItem","position":1,"name":"Pagrindinis","item":"https:\/\/kidsplay.lt\/"},{"@type":"ListItem","position":2,"name":"Parduotuv\u0117","item":"https:\/\/kidsplay.lt\/parduotuve\/"},{"@type":"ListItem","position":3,"name":"FALK Maurice va\u017eiuojamasis traktorius, \u017ealias"}]},{"@type":"WebSite","@id":"https:\/\/kidsplay.lt\/#website","url":"https:\/\/kidsplay.lt\/","name":"B\u0113rnu sp\u0113les.lv","description":"\u012evairios prek\u0117s vaikams","publisher":{"@id":"https:\/\/kidsplay.lt\/#organization"},"alternateName":"Kidsplay","potentialAction":[{"@type":"SearchAction","target":{"@type":"EntryPoint","urlTemplate":"https:\/\/kidsplay.lt\/?s={search_term_string}"},"query-input":{"@type":"PropertyValueSpecification","valueRequired":true,"valueName":"search_term_string"}}],"inLanguage":"lv-LV"},{"@type":"Organization","@id":"https:\/\/kidsplay.lt\/#organization","name":"B\u0113rnu sp\u0113le","url":"https:\/\/kidsplay.lt\/","logo":{"@type":"ImageObject","inLanguage":"lv-LV","@id":"https:\/\/kidsplay.lt\/#\/schema\/logo\/image\/","url":"https:\/\/kidsplay.lt\/wp-content\/uploads\/2023\/07\/kidsplay-logo.png","contentUrl":"https:\/\/kidsplay.lt\/wp-content\/uploads\/2023\/07\/kidsplay-logo.png","width":451,"height":98,"caption":"KidsPlay"},"image":{"@id":"https:\/\/kidsplay.lt\/#\/schema\/logo\/image\/"},"sameAs":["https:\/\/www.facebook.com\/www.kidsplay.lt"]}]}},"_links":{"self":[{"href":"https:\/\/kidsplay.lt\/lv\/wp-json\/wp\/v2\/product\/77907","targetHints":{"allow":["GET"]}}],"collection":[{"href":"https:\/\/kidsplay.lt\/lv\/wp-json\/wp\/v2\/product"}],"about":[{"href":"https:\/\/kidsplay.lt\/lv\/wp-json\/wp\/v2\/types\/product"}],"version-history":[{"count":1,"href":"https:\/\/kidsplay.lt\/lv\/wp-json\/wp\/v2\/product\/77907\/revisions"}],"predecessor-version":[{"id":77908,"href":"https:\/\/kidsplay.lt\/lv\/wp-json\/wp\/v2\/product\/77907\/revisions\/77908"}],"wp:featuredmedia":[{"embeddable":true,"href":"https:\/\/kidsplay.lt\/lv\/wp-json\/wp\/v2\/media\/60579"}],"wp:attachment":[{"href":"https:\/\/kidsplay.lt\/lv\/wp-json\/wp\/v2\/media?parent=77907"}],"wp:term":[{"taxonomy":"product_brand","embeddable":true,"href":"https:\/\/kidsplay.lt\/lv\/wp-json\/wp\/v2\/product_brand?post=77907"},{"taxonomy":"product_cat","embeddable":true,"href":"https:\/\/kidsplay.lt\/lv\/wp-json\/wp\/v2\/product_cat?post=77907"},{"taxonomy":"product_tag","embeddable":true,"href":"https:\/\/kidsplay.lt\/lv\/wp-json\/wp\/v2\/product_tag?post=77907"}],"curies":[{"name":"wp","href":"https:\/\/api.w.org\/{rel}","templated":true}]}}