{"id":77928,"date":"2025-10-23T13:50:04","date_gmt":"2025-10-23T10:50:04","guid":{"rendered":"https:\/\/kidsplay.lt\/produktas\/falk-traktorius-su-priekaba-claas-arion-ekskavatorius-kausas-krautuva\/"},"modified":"2026-04-07T10:12:41","modified_gmt":"2026-04-07T07:12:41","slug":"falk-traktorius-su-priekaba-claas-arion-ekskavatorius-kausas-krautuva","status":"publish","type":"product","link":"https:\/\/kidsplay.lt\/lv\/products\/falk-traktorius-su-priekaba-claas-arion-ekskavatorius-kausas-krautuva\/","title":{"rendered":"FALK traktorius su priekaba CLAAS Arion ekskavatorius-kau\u0161as + krautuva"},"content":{"rendered":"<p>\u201e Falk\u00a0\u00a0\u201c\u00a0CLAAS Farmer traktorius su priekaba\u00a0\u00a0yra daugelio jaun\u0173 traktori\u0173 vairuotoj\u0173 svajon\u0117s i\u0161sipildymas.\u00a0Kruop\u0161\u010diai pagamintas\u00a0, atsi\u017evelgiant \u012f ma\u017eiausias detales,\u00a0jo nevengt\u0173 joks\u00a0\u016bkininkas . \u0160i pedalais varoma transporto priemon\u0117 yra puiki dovana bet kuriam ma\u017eyliui. \u0160is naujausias\u00a0CLAAS traktorius\u00a0vaikams su\u00a0kau\u0161u\u00a0,\u00a0krautuvu\u00a0ir\u00a0priekaba\u00a0yra pagamintas i\u0161\u00a0auk\u0161tos kokyb\u0117s plastiko\u00a0. Tinka vaikams\u00a0nuo 2 met\u0173\u00a0, kiekvienas jaunas traktori\u0173 vairuotojas pamils \u200b\u200b\u0161\u012f model\u012f,\u00a0pasi\u017eymint\u012f originalia spalv\u0173 gama\u00a0.<\/p>\n<p>Rakstur\u012bgs:<\/p>\n<p> \t&#8211; vaikams\u00a0nuo 2 met\u0173 am\u017eiaus\u00a0,<br \/>\n \t&#8211; maksimali apkrova iki\u00a030 kg,<br \/>\n \t&#8211; signalas\u00a0ant vairo,<br \/>\n \t&#8211; grandinin\u0117 pavara\u00a0prie galin\u0117s a\u0161ies,<br \/>\n \t&#8211; nuimama\u00a0CLAAS priekaba,<br \/>\n \t&#8211; vairuojama priekin\u0117 a\u0161is,<br \/>\n \t&#8211; priekinis judantis kau\u0161as\u00a0,<br \/>\n \t&#8211; \u012frengtas funkcionalus krautuvas<br \/>\n \t&#8211; ratai pagaminti i\u0161\u00a0auk\u0161tos kokyb\u0117s plastiko,<br \/>\n \t&#8211; stabilus ir saugus,<br \/>\n \t&#8211; produktas daliniam surinkimui.<\/p>\n<p>Komplekt\u0101 ietilpst:<\/p>\n<p> \t&#8211; FALK CLAAS Arion pedalinis traktorius<br \/>\n \t&#8211; Nuimama priekaba<br \/>\n \t&#8211; Priekinio krautuvo kau\u0161as<br \/>\n \t&#8211; Galinis ekskavatorius<\/p>\n<p>Rota\u013clieta att\u012bst\u0101s:<\/p>\n<p> \t&#8211; motoriniai \u012fg\u016bd\u017eiai ir motorin\u0117 koordinacija<br \/>\n \t&#8211; savaranki\u0161kumas ir pasitik\u0117jimas savimi<br \/>\n \t&#8211; vaizduot\u0117 ir k\u016brybi\u0161kumas (vaidmen\u0173 \u017eaidimai)<br \/>\n \t&#8211; geb\u0117jimas va\u017eiuoti minant pedalus<br \/>\n \t&#8211; fizinis aktyvumas gryname ore<\/p>","protected":false},"excerpt":{"rendered":"<p>\u201e Falk\u00a0\u00a0\u201c\u00a0CLAAS Farmer traktorius su priekaba\u00a0\u00a0yra daugelio jaun\u0173 traktori\u0173 vairuotoj\u0173 svajon\u0117s i\u0161sipildymas.\u00a0Kruop\u0161\u010diai pagamintas\u00a0, atsi\u017evelgiant \u012f ma\u017eiausias detales,\u00a0jo nevengt\u0173 joks\u00a0\u016bkininkas .<\/p>","protected":false},"featured_media":77930,"template":"","meta":{"_acf_changed":false,"_glsr_average":0,"_glsr_ranking":0,"_glsr_reviews":0},"product_brand":[],"product_cat":[237,393],"product_tag":[],"class_list":{"0":"post-77928","1":"product","2":"type-product","3":"status-publish","4":"has-post-thumbnail","6":"product_cat-judejimo-priemones","7":"product_cat-zaisliniai-traktoriai","8":"\"style=\"background-color: #2ecc711c;\"","10":"first","11":"instock","12":"purchasable","13":"product-type-simple"},"acf":[],"yoast_head":"<!-- This site is optimized with the Yoast SEO plugin v27.3 - https:\/\/yoast.com\/product\/yoast-seo-wordpress\/ -->\n<title>FALK traktorius su priekaba CLAAS Arion ekskavatorius-kau\u0161as + krautuva<\/title>\n<meta name=\"description\" content=\"FALK traktorius su priekaba CLAAS Arion ekskavatorius-kau\u0161as + krautuva - KidsPlay. Did\u017eiausias vaik\u0173 \u017eaisl\u0173 pasirinkimas.\" \/>\n<meta name=\"robots\" content=\"index, follow, max-snippet:-1, max-image-preview:large, max-video-preview:-1\" \/>\n<link rel=\"canonical\" href=\"https:\/\/kidsplay.lt\/lv\/products\/falk-traktorius-su-priekaba-claas-arion-ekskavatorius-kausas-krautuva\/\" \/>\n<meta property=\"og:locale\" content=\"lv_LV\" \/>\n<meta property=\"og:type\" content=\"article\" \/>\n<meta property=\"og:title\" content=\"FALK traktorius su priekaba CLAAS Arion ekskavatorius-kau\u0161as + krautuva\" \/>\n<meta property=\"og:description\" content=\"FALK traktorius su priekaba CLAAS Arion ekskavatorius-kau\u0161as + krautuva - KidsPlay. Did\u017eiausias vaik\u0173 \u017eaisl\u0173 pasirinkimas.\" \/>\n<meta property=\"og:url\" content=\"https:\/\/kidsplay.lt\/lv\/products\/falk-traktorius-su-priekaba-claas-arion-ekskavatorius-kausas-krautuva\/\" \/>\n<meta property=\"og:site_name\" content=\"KidsPlay\" \/>\n<meta property=\"article:publisher\" content=\"https:\/\/www.facebook.com\/www.kidsplay.lt\" \/>\n<meta property=\"article:modified_time\" content=\"2026-04-07T07:12:41+00:00\" \/>\n<meta property=\"og:image\" content=\"https:\/\/kidsplay.lt\/wp-content\/uploads\/2025\/10\/FALK-traktorius-su-priekaba-CLAAS-Arion-ekskavatorius-kausas-krautuva.jpg\" \/>\n\t<meta property=\"og:image:width\" content=\"1100\" \/>\n\t<meta property=\"og:image:height\" content=\"1100\" \/>\n\t<meta property=\"og:image:type\" content=\"image\/jpeg\" \/>\n<meta name=\"twitter:card\" content=\"summary_large_image\" \/>\n<meta name=\"twitter:label1\" content=\"Est. reading time\" \/>\n\t<meta name=\"twitter:data1\" content=\"1 min\u016bte\" \/>\n<script type=\"application\/ld+json\" class=\"yoast-schema-graph\">{\"@context\":\"https:\\\/\\\/schema.org\",\"@graph\":[{\"@type\":\"WebPage\",\"@id\":\"https:\\\/\\\/kidsplay.lt\\\/produktas\\\/falk-traktorius-su-priekaba-claas-arion-ekskavatorius-kausas-krautuva\\\/\",\"url\":\"https:\\\/\\\/kidsplay.lt\\\/produktas\\\/falk-traktorius-su-priekaba-claas-arion-ekskavatorius-kausas-krautuva\\\/\",\"name\":\"FALK traktorius su priekaba CLAAS Arion ekskavatorius-kau\u0161as + krautuva\",\"isPartOf\":{\"@id\":\"https:\\\/\\\/kidsplay.lt\\\/#website\"},\"primaryImageOfPage\":{\"@id\":\"https:\\\/\\\/kidsplay.lt\\\/produktas\\\/falk-traktorius-su-priekaba-claas-arion-ekskavatorius-kausas-krautuva\\\/#primaryimage\"},\"image\":{\"@id\":\"https:\\\/\\\/kidsplay.lt\\\/produktas\\\/falk-traktorius-su-priekaba-claas-arion-ekskavatorius-kausas-krautuva\\\/#primaryimage\"},\"thumbnailUrl\":\"https:\\\/\\\/kidsplay.lt\\\/wp-content\\\/uploads\\\/2025\\\/10\\\/FALK-traktorius-su-priekaba-CLAAS-Arion-ekskavatorius-kausas-krautuva.jpg\",\"datePublished\":\"2025-10-23T10:50:04+00:00\",\"dateModified\":\"2026-04-07T07:12:41+00:00\",\"description\":\"FALK traktorius su priekaba CLAAS Arion ekskavatorius-kau\u0161as + krautuva - KidsPlay. Did\u017eiausias vaik\u0173 \u017eaisl\u0173 pasirinkimas.\",\"breadcrumb\":{\"@id\":\"https:\\\/\\\/kidsplay.lt\\\/produktas\\\/falk-traktorius-su-priekaba-claas-arion-ekskavatorius-kausas-krautuva\\\/#breadcrumb\"},\"inLanguage\":\"lv-LV\",\"potentialAction\":[{\"@type\":\"ReadAction\",\"target\":[\"https:\\\/\\\/kidsplay.lt\\\/produktas\\\/falk-traktorius-su-priekaba-claas-arion-ekskavatorius-kausas-krautuva\\\/\"]}]},{\"@type\":\"ImageObject\",\"inLanguage\":\"lv-LV\",\"@id\":\"https:\\\/\\\/kidsplay.lt\\\/produktas\\\/falk-traktorius-su-priekaba-claas-arion-ekskavatorius-kausas-krautuva\\\/#primaryimage\",\"url\":\"https:\\\/\\\/kidsplay.lt\\\/wp-content\\\/uploads\\\/2025\\\/10\\\/FALK-traktorius-su-priekaba-CLAAS-Arion-ekskavatorius-kausas-krautuva.jpg\",\"contentUrl\":\"https:\\\/\\\/kidsplay.lt\\\/wp-content\\\/uploads\\\/2025\\\/10\\\/FALK-traktorius-su-priekaba-CLAAS-Arion-ekskavatorius-kausas-krautuva.jpg\",\"width\":1100,\"height\":1100,\"caption\":\"FALK traktorius su priekaba CLAAS Arion ekskavatorius-kau\u0161as + krautuva\"},{\"@type\":\"BreadcrumbList\",\"@id\":\"https:\\\/\\\/kidsplay.lt\\\/produktas\\\/falk-traktorius-su-priekaba-claas-arion-ekskavatorius-kausas-krautuva\\\/#breadcrumb\",\"itemListElement\":[{\"@type\":\"ListItem\",\"position\":1,\"name\":\"Pagrindinis\",\"item\":\"https:\\\/\\\/kidsplay.lt\\\/\"},{\"@type\":\"ListItem\",\"position\":2,\"name\":\"Parduotuv\u0117\",\"item\":\"https:\\\/\\\/kidsplay.lt\\\/parduotuve\\\/\"},{\"@type\":\"ListItem\",\"position\":3,\"name\":\"FALK traktorius su priekaba CLAAS Arion ekskavatorius-kau\u0161as + krautuva\"}]},{\"@type\":\"WebSite\",\"@id\":\"https:\\\/\\\/kidsplay.lt\\\/#website\",\"url\":\"https:\\\/\\\/kidsplay.lt\\\/\",\"name\":\"Kidsplay.lt\",\"description\":\"\u012evairios prek\u0117s vaikams\",\"publisher\":{\"@id\":\"https:\\\/\\\/kidsplay.lt\\\/#organization\"},\"alternateName\":\"Kidsplay\",\"potentialAction\":[{\"@type\":\"SearchAction\",\"target\":{\"@type\":\"EntryPoint\",\"urlTemplate\":\"https:\\\/\\\/kidsplay.lt\\\/?s={search_term_string}\"},\"query-input\":{\"@type\":\"PropertyValueSpecification\",\"valueRequired\":true,\"valueName\":\"search_term_string\"}}],\"inLanguage\":\"lv-LV\"},{\"@type\":\"Organization\",\"@id\":\"https:\\\/\\\/kidsplay.lt\\\/#organization\",\"name\":\"KidsPlay\",\"url\":\"https:\\\/\\\/kidsplay.lt\\\/\",\"logo\":{\"@type\":\"ImageObject\",\"inLanguage\":\"lv-LV\",\"@id\":\"https:\\\/\\\/kidsplay.lt\\\/#\\\/schema\\\/logo\\\/image\\\/\",\"url\":\"https:\\\/\\\/kidsplay.lt\\\/wp-content\\\/uploads\\\/2023\\\/07\\\/kidsplay-logo.png\",\"contentUrl\":\"https:\\\/\\\/kidsplay.lt\\\/wp-content\\\/uploads\\\/2023\\\/07\\\/kidsplay-logo.png\",\"width\":451,\"height\":98,\"caption\":\"KidsPlay\"},\"image\":{\"@id\":\"https:\\\/\\\/kidsplay.lt\\\/#\\\/schema\\\/logo\\\/image\\\/\"},\"sameAs\":[\"https:\\\/\\\/www.facebook.com\\\/www.kidsplay.lt\"]}]}<\/script>\n<!-- \/ Yoast SEO plugin. -->","yoast_head_json":{"title":"FALK traktorius su priekaba CLAAS Arion ekskavatorius-kau\u0161as + krautuva","description":"FALK traktorius su priekaba CLAAS Arion ekskavatorius-kau\u0161as + krautuva - KidsPlay. Did\u017eiausias vaik\u0173 \u017eaisl\u0173 pasirinkimas.","robots":{"index":"index","follow":"follow","max-snippet":"max-snippet:-1","max-image-preview":"max-image-preview:large","max-video-preview":"max-video-preview:-1"},"canonical":"https:\/\/kidsplay.lt\/lv\/products\/falk-traktorius-su-priekaba-claas-arion-ekskavatorius-kausas-krautuva\/","og_locale":"lv_LV","og_type":"article","og_title":"FALK traktorius su priekaba CLAAS Arion ekskavatorius-kau\u0161as + krautuva","og_description":"FALK traktorius su priekaba CLAAS Arion ekskavatorius-kau\u0161as + krautuva - KidsPlay. Did\u017eiausias vaik\u0173 \u017eaisl\u0173 pasirinkimas.","og_url":"https:\/\/kidsplay.lt\/lv\/products\/falk-traktorius-su-priekaba-claas-arion-ekskavatorius-kausas-krautuva\/","og_site_name":"KidsPlay","article_publisher":"https:\/\/www.facebook.com\/www.kidsplay.lt","article_modified_time":"2026-04-07T07:12:41+00:00","og_image":[{"width":1100,"height":1100,"url":"https:\/\/kidsplay.lt\/wp-content\/uploads\/2025\/10\/FALK-traktorius-su-priekaba-CLAAS-Arion-ekskavatorius-kausas-krautuva.jpg","type":"image\/jpeg"}],"twitter_card":"summary_large_image","twitter_misc":{"Est. reading time":"1 min\u016bte"},"schema":{"@context":"https:\/\/schema.org","@graph":[{"@type":"WebPage","@id":"https:\/\/kidsplay.lt\/produktas\/falk-traktorius-su-priekaba-claas-arion-ekskavatorius-kausas-krautuva\/","url":"https:\/\/kidsplay.lt\/produktas\/falk-traktorius-su-priekaba-claas-arion-ekskavatorius-kausas-krautuva\/","name":"FALK traktorius su priekaba CLAAS Arion ekskavatorius-kau\u0161as + krautuva","isPartOf":{"@id":"https:\/\/kidsplay.lt\/#website"},"primaryImageOfPage":{"@id":"https:\/\/kidsplay.lt\/produktas\/falk-traktorius-su-priekaba-claas-arion-ekskavatorius-kausas-krautuva\/#primaryimage"},"image":{"@id":"https:\/\/kidsplay.lt\/produktas\/falk-traktorius-su-priekaba-claas-arion-ekskavatorius-kausas-krautuva\/#primaryimage"},"thumbnailUrl":"https:\/\/kidsplay.lt\/wp-content\/uploads\/2025\/10\/FALK-traktorius-su-priekaba-CLAAS-Arion-ekskavatorius-kausas-krautuva.jpg","datePublished":"2025-10-23T10:50:04+00:00","dateModified":"2026-04-07T07:12:41+00:00","description":"FALK traktorius su priekaba CLAAS Arion ekskavatorius-kau\u0161as + krautuva - KidsPlay. Did\u017eiausias vaik\u0173 \u017eaisl\u0173 pasirinkimas.","breadcrumb":{"@id":"https:\/\/kidsplay.lt\/produktas\/falk-traktorius-su-priekaba-claas-arion-ekskavatorius-kausas-krautuva\/#breadcrumb"},"inLanguage":"lv-LV","potentialAction":[{"@type":"ReadAction","target":["https:\/\/kidsplay.lt\/produktas\/falk-traktorius-su-priekaba-claas-arion-ekskavatorius-kausas-krautuva\/"]}]},{"@type":"ImageObject","inLanguage":"lv-LV","@id":"https:\/\/kidsplay.lt\/produktas\/falk-traktorius-su-priekaba-claas-arion-ekskavatorius-kausas-krautuva\/#primaryimage","url":"https:\/\/kidsplay.lt\/wp-content\/uploads\/2025\/10\/FALK-traktorius-su-priekaba-CLAAS-Arion-ekskavatorius-kausas-krautuva.jpg","contentUrl":"https:\/\/kidsplay.lt\/wp-content\/uploads\/2025\/10\/FALK-traktorius-su-priekaba-CLAAS-Arion-ekskavatorius-kausas-krautuva.jpg","width":1100,"height":1100,"caption":"FALK traktorius su priekaba CLAAS Arion ekskavatorius-kau\u0161as + krautuva"},{"@type":"BreadcrumbList","@id":"https:\/\/kidsplay.lt\/produktas\/falk-traktorius-su-priekaba-claas-arion-ekskavatorius-kausas-krautuva\/#breadcrumb","itemListElement":[{"@type":"ListItem","position":1,"name":"Pagrindinis","item":"https:\/\/kidsplay.lt\/"},{"@type":"ListItem","position":2,"name":"Parduotuv\u0117","item":"https:\/\/kidsplay.lt\/parduotuve\/"},{"@type":"ListItem","position":3,"name":"FALK traktorius su priekaba CLAAS Arion ekskavatorius-kau\u0161as + krautuva"}]},{"@type":"WebSite","@id":"https:\/\/kidsplay.lt\/#website","url":"https:\/\/kidsplay.lt\/","name":"B\u0113rnu sp\u0113les.lv","description":"\u012evairios prek\u0117s vaikams","publisher":{"@id":"https:\/\/kidsplay.lt\/#organization"},"alternateName":"Kidsplay","potentialAction":[{"@type":"SearchAction","target":{"@type":"EntryPoint","urlTemplate":"https:\/\/kidsplay.lt\/?s={search_term_string}"},"query-input":{"@type":"PropertyValueSpecification","valueRequired":true,"valueName":"search_term_string"}}],"inLanguage":"lv-LV"},{"@type":"Organization","@id":"https:\/\/kidsplay.lt\/#organization","name":"B\u0113rnu sp\u0113le","url":"https:\/\/kidsplay.lt\/","logo":{"@type":"ImageObject","inLanguage":"lv-LV","@id":"https:\/\/kidsplay.lt\/#\/schema\/logo\/image\/","url":"https:\/\/kidsplay.lt\/wp-content\/uploads\/2023\/07\/kidsplay-logo.png","contentUrl":"https:\/\/kidsplay.lt\/wp-content\/uploads\/2023\/07\/kidsplay-logo.png","width":451,"height":98,"caption":"KidsPlay"},"image":{"@id":"https:\/\/kidsplay.lt\/#\/schema\/logo\/image\/"},"sameAs":["https:\/\/www.facebook.com\/www.kidsplay.lt"]}]}},"_links":{"self":[{"href":"https:\/\/kidsplay.lt\/lv\/wp-json\/wp\/v2\/product\/77928","targetHints":{"allow":["GET"]}}],"collection":[{"href":"https:\/\/kidsplay.lt\/lv\/wp-json\/wp\/v2\/product"}],"about":[{"href":"https:\/\/kidsplay.lt\/lv\/wp-json\/wp\/v2\/types\/product"}],"version-history":[{"count":1,"href":"https:\/\/kidsplay.lt\/lv\/wp-json\/wp\/v2\/product\/77928\/revisions"}],"predecessor-version":[{"id":77929,"href":"https:\/\/kidsplay.lt\/lv\/wp-json\/wp\/v2\/product\/77928\/revisions\/77929"}],"wp:featuredmedia":[{"embeddable":true,"href":"https:\/\/kidsplay.lt\/lv\/wp-json\/wp\/v2\/media\/77930"}],"wp:attachment":[{"href":"https:\/\/kidsplay.lt\/lv\/wp-json\/wp\/v2\/media?parent=77928"}],"wp:term":[{"taxonomy":"product_brand","embeddable":true,"href":"https:\/\/kidsplay.lt\/lv\/wp-json\/wp\/v2\/product_brand?post=77928"},{"taxonomy":"product_cat","embeddable":true,"href":"https:\/\/kidsplay.lt\/lv\/wp-json\/wp\/v2\/product_cat?post=77928"},{"taxonomy":"product_tag","embeddable":true,"href":"https:\/\/kidsplay.lt\/lv\/wp-json\/wp\/v2\/product_tag?post=77928"}],"curies":[{"name":"wp","href":"https:\/\/api.w.org\/{rel}","templated":true}]}}