{"id":77933,"date":"2025-10-23T13:50:53","date_gmt":"2025-10-23T10:50:53","guid":{"rendered":"https:\/\/kidsplay.lt\/produktas\/woopie-juros-gyvunu-figureliu-rinkinys-33-vnt\/"},"modified":"2026-03-08T17:30:33","modified_gmt":"2026-03-08T15:30:33","slug":"woopie-juros-gyvunu-figureliu-rinkinys-33-vnt","status":"publish","type":"product","link":"https:\/\/kidsplay.lt\/lv\/products\/woopie-juros-gyvunu-figureliu-rinkinys-33-vnt\/","title":{"rendered":"WOOPIE j\u016bras dz\u012bvnieku fig\u016bri\u0146u komplekts, 33 gab."},"content":{"rendered":"<p>WOOPIE\u00a0fig\u016br\u0117li\u0173 rinkinys\u00a0\u2013 puikus pasirinkimas bet kuriam j\u016bros gyv\u016bn\u0173 gerb\u0117jui. Rinkin\u012f sudaro\u00a021\u00a0j\u016bros gyv\u016bnas, 10 augal\u0173, \u017eaidim\u0173 kilim\u0117lis\u00a0ir\u00a0akmuo\u00a0. \u0160ios\u00a0realisti\u0161kai\u00a0atrodan\u010dios fig\u016br\u0117l\u0117s papildys jauno kolekcininko kolekcij\u0105, atliks\u00a0edukacinius tikslus\u00a0ir\u00a0suteiks pramog\u0173\u00a0, kurios prapl\u0117s j\u016bs\u0173 vaiko vaizduot\u0119 ir k\u016brybi\u0161kum\u0105.<\/p>\n<p>Rakstur\u012bgs:<\/p>\n<p> \t- rota\u013clieta no 3 gadu vecuma<br \/>\n \t&#8211; Rinkinyje\u00a0yra 33 detal\u0117s<br \/>\n \t&#8211; j\u016br\u0173 gyv\u016bn\u0173 fig\u016br\u0117l\u0117s<br \/>\n \t&#8211; tvirtas meistri\u0161kumas<br \/>\n \t&#8211; tiksli reprodukcija<br \/>\n \t&#8211; puikus papildymas kolekcionieriui<\/p>","protected":false},"excerpt":{"rendered":"<p>WOOPIE\u00a0fig\u016br\u0117li\u0173 rinkinys\u00a0\u2013 puikus pasirinkimas bet kuriam j\u016bros gyv\u016bn\u0173 gerb\u0117jui. Rinkin\u012f sudaro\u00a021\u00a0j\u016bros gyv\u016bnas, 10 augal\u0173, \u017eaidim\u0173 kilim\u0117lis\u00a0ir\u00a0akmuo\u00a0. \u0160ios\u00a0realisti\u0161kai\u00a0atrodan\u010dios fig\u016br\u0117l\u0117s papildys jauno<\/p>","protected":false},"featured_media":77935,"template":"","meta":{"_acf_changed":false,"_glsr_average":0,"_glsr_ranking":0,"_glsr_reviews":0},"product_brand":[],"product_cat":[436,229],"product_tag":[],"class_list":{"0":"post-77933","1":"product","2":"type-product","3":"status-publish","4":"has-post-thumbnail","6":"product_cat-kolekcionuojamos-figureles","7":"product_cat-zaislai-vaikams","8":"\"style=\"background-color: #2ecc711c;\"","10":"first","11":"outofstock","12":"purchasable","13":"product-type-simple"},"acf":[],"yoast_head":"<!-- This site is optimized with the Yoast SEO plugin v27.3 - https:\/\/yoast.com\/product\/yoast-seo-wordpress\/ -->\n<title>WOOPIE j\u016bros gyv\u016bn\u0173 fig\u016br\u0117li\u0173 rinkinys, 33 vnt.<\/title>\n<meta name=\"description\" content=\"WOOPIE j\u016bros gyv\u016bn\u0173 fig\u016br\u0117li\u0173 rinkinys, 33 vnt. - KidsPlay. Did\u017eiausias vaik\u0173 \u017eaisl\u0173 pasirinkimas.\" \/>\n<meta name=\"robots\" content=\"index, follow, max-snippet:-1, max-image-preview:large, max-video-preview:-1\" \/>\n<link rel=\"canonical\" href=\"https:\/\/kidsplay.lt\/lv\/products\/woopie-juros-gyvunu-figureliu-rinkinys-33-vnt\/\" \/>\n<meta property=\"og:locale\" content=\"lv_LV\" \/>\n<meta property=\"og:type\" content=\"article\" \/>\n<meta property=\"og:title\" content=\"WOOPIE j\u016bros gyv\u016bn\u0173 fig\u016br\u0117li\u0173 rinkinys, 33 vnt.\" \/>\n<meta property=\"og:description\" content=\"WOOPIE j\u016bros gyv\u016bn\u0173 fig\u016br\u0117li\u0173 rinkinys, 33 vnt. - KidsPlay. Did\u017eiausias vaik\u0173 \u017eaisl\u0173 pasirinkimas.\" \/>\n<meta property=\"og:url\" content=\"https:\/\/kidsplay.lt\/lv\/products\/woopie-juros-gyvunu-figureliu-rinkinys-33-vnt\/\" \/>\n<meta property=\"og:site_name\" content=\"KidsPlay\" \/>\n<meta property=\"article:publisher\" content=\"https:\/\/www.facebook.com\/www.kidsplay.lt\" \/>\n<meta property=\"article:modified_time\" content=\"2026-03-08T15:30:33+00:00\" \/>\n<meta property=\"og:image\" content=\"https:\/\/kidsplay.lt\/wp-content\/uploads\/2025\/10\/WOOPIE-juros-gyvunu-figureliu-rinkinys-33-vnt.jpg\" \/>\n\t<meta property=\"og:image:width\" content=\"2560\" \/>\n\t<meta property=\"og:image:height\" content=\"2560\" \/>\n\t<meta property=\"og:image:type\" content=\"image\/jpeg\" \/>\n<meta name=\"twitter:card\" content=\"summary_large_image\" \/>\n<script type=\"application\/ld+json\" class=\"yoast-schema-graph\">{\"@context\":\"https:\\\/\\\/schema.org\",\"@graph\":[{\"@type\":\"WebPage\",\"@id\":\"https:\\\/\\\/kidsplay.lt\\\/produktas\\\/woopie-juros-gyvunu-figureliu-rinkinys-33-vnt\\\/\",\"url\":\"https:\\\/\\\/kidsplay.lt\\\/produktas\\\/woopie-juros-gyvunu-figureliu-rinkinys-33-vnt\\\/\",\"name\":\"WOOPIE j\u016bros gyv\u016bn\u0173 fig\u016br\u0117li\u0173 rinkinys, 33 vnt.\",\"isPartOf\":{\"@id\":\"https:\\\/\\\/kidsplay.lt\\\/#website\"},\"primaryImageOfPage\":{\"@id\":\"https:\\\/\\\/kidsplay.lt\\\/produktas\\\/woopie-juros-gyvunu-figureliu-rinkinys-33-vnt\\\/#primaryimage\"},\"image\":{\"@id\":\"https:\\\/\\\/kidsplay.lt\\\/produktas\\\/woopie-juros-gyvunu-figureliu-rinkinys-33-vnt\\\/#primaryimage\"},\"thumbnailUrl\":\"https:\\\/\\\/kidsplay.lt\\\/wp-content\\\/uploads\\\/2025\\\/10\\\/WOOPIE-juros-gyvunu-figureliu-rinkinys-33-vnt.jpg\",\"datePublished\":\"2025-10-23T10:50:53+00:00\",\"dateModified\":\"2026-03-08T15:30:33+00:00\",\"description\":\"WOOPIE j\u016bros gyv\u016bn\u0173 fig\u016br\u0117li\u0173 rinkinys, 33 vnt. - KidsPlay. Did\u017eiausias vaik\u0173 \u017eaisl\u0173 pasirinkimas.\",\"breadcrumb\":{\"@id\":\"https:\\\/\\\/kidsplay.lt\\\/produktas\\\/woopie-juros-gyvunu-figureliu-rinkinys-33-vnt\\\/#breadcrumb\"},\"inLanguage\":\"lv-LV\",\"potentialAction\":[{\"@type\":\"ReadAction\",\"target\":[\"https:\\\/\\\/kidsplay.lt\\\/produktas\\\/woopie-juros-gyvunu-figureliu-rinkinys-33-vnt\\\/\"]}]},{\"@type\":\"ImageObject\",\"inLanguage\":\"lv-LV\",\"@id\":\"https:\\\/\\\/kidsplay.lt\\\/produktas\\\/woopie-juros-gyvunu-figureliu-rinkinys-33-vnt\\\/#primaryimage\",\"url\":\"https:\\\/\\\/kidsplay.lt\\\/wp-content\\\/uploads\\\/2025\\\/10\\\/WOOPIE-juros-gyvunu-figureliu-rinkinys-33-vnt.jpg\",\"contentUrl\":\"https:\\\/\\\/kidsplay.lt\\\/wp-content\\\/uploads\\\/2025\\\/10\\\/WOOPIE-juros-gyvunu-figureliu-rinkinys-33-vnt.jpg\",\"width\":2560,\"height\":2560,\"caption\":\"WOOPIE j\u016bros gyv\u016bn\u0173 fig\u016br\u0117li\u0173 rinkinys\"},{\"@type\":\"BreadcrumbList\",\"@id\":\"https:\\\/\\\/kidsplay.lt\\\/produktas\\\/woopie-juros-gyvunu-figureliu-rinkinys-33-vnt\\\/#breadcrumb\",\"itemListElement\":[{\"@type\":\"ListItem\",\"position\":1,\"name\":\"Pagrindinis\",\"item\":\"https:\\\/\\\/kidsplay.lt\\\/\"},{\"@type\":\"ListItem\",\"position\":2,\"name\":\"Parduotuv\u0117\",\"item\":\"https:\\\/\\\/kidsplay.lt\\\/parduotuve\\\/\"},{\"@type\":\"ListItem\",\"position\":3,\"name\":\"WOOPIE j\u016bros gyv\u016bn\u0173 fig\u016br\u0117li\u0173 rinkinys, 33 vnt.\"}]},{\"@type\":\"WebSite\",\"@id\":\"https:\\\/\\\/kidsplay.lt\\\/#website\",\"url\":\"https:\\\/\\\/kidsplay.lt\\\/\",\"name\":\"Kidsplay.lt\",\"description\":\"\u012evairios prek\u0117s vaikams\",\"publisher\":{\"@id\":\"https:\\\/\\\/kidsplay.lt\\\/#organization\"},\"alternateName\":\"Kidsplay\",\"potentialAction\":[{\"@type\":\"SearchAction\",\"target\":{\"@type\":\"EntryPoint\",\"urlTemplate\":\"https:\\\/\\\/kidsplay.lt\\\/?s={search_term_string}\"},\"query-input\":{\"@type\":\"PropertyValueSpecification\",\"valueRequired\":true,\"valueName\":\"search_term_string\"}}],\"inLanguage\":\"lv-LV\"},{\"@type\":\"Organization\",\"@id\":\"https:\\\/\\\/kidsplay.lt\\\/#organization\",\"name\":\"KidsPlay\",\"url\":\"https:\\\/\\\/kidsplay.lt\\\/\",\"logo\":{\"@type\":\"ImageObject\",\"inLanguage\":\"lv-LV\",\"@id\":\"https:\\\/\\\/kidsplay.lt\\\/#\\\/schema\\\/logo\\\/image\\\/\",\"url\":\"https:\\\/\\\/kidsplay.lt\\\/wp-content\\\/uploads\\\/2023\\\/07\\\/kidsplay-logo.png\",\"contentUrl\":\"https:\\\/\\\/kidsplay.lt\\\/wp-content\\\/uploads\\\/2023\\\/07\\\/kidsplay-logo.png\",\"width\":451,\"height\":98,\"caption\":\"KidsPlay\"},\"image\":{\"@id\":\"https:\\\/\\\/kidsplay.lt\\\/#\\\/schema\\\/logo\\\/image\\\/\"},\"sameAs\":[\"https:\\\/\\\/www.facebook.com\\\/www.kidsplay.lt\"]}]}<\/script>\n<!-- \/ Yoast SEO plugin. -->","yoast_head_json":{"title":"WOOPIE j\u016bras dz\u012bvnieku fig\u016bri\u0146u komplekts, 33 gab.","description":"WOOPIE j\u016bros gyv\u016bn\u0173 fig\u016br\u0117li\u0173 rinkinys, 33 vnt. - KidsPlay. Did\u017eiausias vaik\u0173 \u017eaisl\u0173 pasirinkimas.","robots":{"index":"index","follow":"follow","max-snippet":"max-snippet:-1","max-image-preview":"max-image-preview:large","max-video-preview":"max-video-preview:-1"},"canonical":"https:\/\/kidsplay.lt\/lv\/products\/woopie-juros-gyvunu-figureliu-rinkinys-33-vnt\/","og_locale":"lv_LV","og_type":"article","og_title":"WOOPIE j\u016bros gyv\u016bn\u0173 fig\u016br\u0117li\u0173 rinkinys, 33 vnt.","og_description":"WOOPIE j\u016bros gyv\u016bn\u0173 fig\u016br\u0117li\u0173 rinkinys, 33 vnt. - KidsPlay. Did\u017eiausias vaik\u0173 \u017eaisl\u0173 pasirinkimas.","og_url":"https:\/\/kidsplay.lt\/lv\/products\/woopie-juros-gyvunu-figureliu-rinkinys-33-vnt\/","og_site_name":"KidsPlay","article_publisher":"https:\/\/www.facebook.com\/www.kidsplay.lt","article_modified_time":"2026-03-08T15:30:33+00:00","og_image":[{"width":2560,"height":2560,"url":"https:\/\/kidsplay.lt\/wp-content\/uploads\/2025\/10\/WOOPIE-juros-gyvunu-figureliu-rinkinys-33-vnt.jpg","type":"image\/jpeg"}],"twitter_card":"summary_large_image","schema":{"@context":"https:\/\/schema.org","@graph":[{"@type":"WebPage","@id":"https:\/\/kidsplay.lt\/produktas\/woopie-juros-gyvunu-figureliu-rinkinys-33-vnt\/","url":"https:\/\/kidsplay.lt\/produktas\/woopie-juros-gyvunu-figureliu-rinkinys-33-vnt\/","name":"WOOPIE j\u016bras dz\u012bvnieku fig\u016bri\u0146u komplekts, 33 gab.","isPartOf":{"@id":"https:\/\/kidsplay.lt\/#website"},"primaryImageOfPage":{"@id":"https:\/\/kidsplay.lt\/produktas\/woopie-juros-gyvunu-figureliu-rinkinys-33-vnt\/#primaryimage"},"image":{"@id":"https:\/\/kidsplay.lt\/produktas\/woopie-juros-gyvunu-figureliu-rinkinys-33-vnt\/#primaryimage"},"thumbnailUrl":"https:\/\/kidsplay.lt\/wp-content\/uploads\/2025\/10\/WOOPIE-juros-gyvunu-figureliu-rinkinys-33-vnt.jpg","datePublished":"2025-10-23T10:50:53+00:00","dateModified":"2026-03-08T15:30:33+00:00","description":"WOOPIE j\u016bros gyv\u016bn\u0173 fig\u016br\u0117li\u0173 rinkinys, 33 vnt. - KidsPlay. Did\u017eiausias vaik\u0173 \u017eaisl\u0173 pasirinkimas.","breadcrumb":{"@id":"https:\/\/kidsplay.lt\/produktas\/woopie-juros-gyvunu-figureliu-rinkinys-33-vnt\/#breadcrumb"},"inLanguage":"lv-LV","potentialAction":[{"@type":"ReadAction","target":["https:\/\/kidsplay.lt\/produktas\/woopie-juros-gyvunu-figureliu-rinkinys-33-vnt\/"]}]},{"@type":"ImageObject","inLanguage":"lv-LV","@id":"https:\/\/kidsplay.lt\/produktas\/woopie-juros-gyvunu-figureliu-rinkinys-33-vnt\/#primaryimage","url":"https:\/\/kidsplay.lt\/wp-content\/uploads\/2025\/10\/WOOPIE-juros-gyvunu-figureliu-rinkinys-33-vnt.jpg","contentUrl":"https:\/\/kidsplay.lt\/wp-content\/uploads\/2025\/10\/WOOPIE-juros-gyvunu-figureliu-rinkinys-33-vnt.jpg","width":2560,"height":2560,"caption":"WOOPIE j\u016bros gyv\u016bn\u0173 fig\u016br\u0117li\u0173 rinkinys"},{"@type":"BreadcrumbList","@id":"https:\/\/kidsplay.lt\/produktas\/woopie-juros-gyvunu-figureliu-rinkinys-33-vnt\/#breadcrumb","itemListElement":[{"@type":"ListItem","position":1,"name":"Pagrindinis","item":"https:\/\/kidsplay.lt\/"},{"@type":"ListItem","position":2,"name":"Parduotuv\u0117","item":"https:\/\/kidsplay.lt\/parduotuve\/"},{"@type":"ListItem","position":3,"name":"WOOPIE j\u016bros gyv\u016bn\u0173 fig\u016br\u0117li\u0173 rinkinys, 33 vnt."}]},{"@type":"WebSite","@id":"https:\/\/kidsplay.lt\/#website","url":"https:\/\/kidsplay.lt\/","name":"B\u0113rnu sp\u0113les.lv","description":"\u012evairios prek\u0117s vaikams","publisher":{"@id":"https:\/\/kidsplay.lt\/#organization"},"alternateName":"Kidsplay","potentialAction":[{"@type":"SearchAction","target":{"@type":"EntryPoint","urlTemplate":"https:\/\/kidsplay.lt\/?s={search_term_string}"},"query-input":{"@type":"PropertyValueSpecification","valueRequired":true,"valueName":"search_term_string"}}],"inLanguage":"lv-LV"},{"@type":"Organization","@id":"https:\/\/kidsplay.lt\/#organization","name":"B\u0113rnu sp\u0113le","url":"https:\/\/kidsplay.lt\/","logo":{"@type":"ImageObject","inLanguage":"lv-LV","@id":"https:\/\/kidsplay.lt\/#\/schema\/logo\/image\/","url":"https:\/\/kidsplay.lt\/wp-content\/uploads\/2023\/07\/kidsplay-logo.png","contentUrl":"https:\/\/kidsplay.lt\/wp-content\/uploads\/2023\/07\/kidsplay-logo.png","width":451,"height":98,"caption":"KidsPlay"},"image":{"@id":"https:\/\/kidsplay.lt\/#\/schema\/logo\/image\/"},"sameAs":["https:\/\/www.facebook.com\/www.kidsplay.lt"]}]}},"_links":{"self":[{"href":"https:\/\/kidsplay.lt\/lv\/wp-json\/wp\/v2\/product\/77933","targetHints":{"allow":["GET"]}}],"collection":[{"href":"https:\/\/kidsplay.lt\/lv\/wp-json\/wp\/v2\/product"}],"about":[{"href":"https:\/\/kidsplay.lt\/lv\/wp-json\/wp\/v2\/types\/product"}],"version-history":[{"count":1,"href":"https:\/\/kidsplay.lt\/lv\/wp-json\/wp\/v2\/product\/77933\/revisions"}],"predecessor-version":[{"id":77934,"href":"https:\/\/kidsplay.lt\/lv\/wp-json\/wp\/v2\/product\/77933\/revisions\/77934"}],"wp:featuredmedia":[{"embeddable":true,"href":"https:\/\/kidsplay.lt\/lv\/wp-json\/wp\/v2\/media\/77935"}],"wp:attachment":[{"href":"https:\/\/kidsplay.lt\/lv\/wp-json\/wp\/v2\/media?parent=77933"}],"wp:term":[{"taxonomy":"product_brand","embeddable":true,"href":"https:\/\/kidsplay.lt\/lv\/wp-json\/wp\/v2\/product_brand?post=77933"},{"taxonomy":"product_cat","embeddable":true,"href":"https:\/\/kidsplay.lt\/lv\/wp-json\/wp\/v2\/product_cat?post=77933"},{"taxonomy":"product_tag","embeddable":true,"href":"https:\/\/kidsplay.lt\/lv\/wp-json\/wp\/v2\/product_tag?post=77933"}],"curies":[{"name":"wp","href":"https:\/\/api.w.org\/{rel}","templated":true}]}}