{"id":77938,"date":"2025-10-23T13:51:13","date_gmt":"2025-10-23T10:51:13","guid":{"rendered":"https:\/\/kidsplay.lt\/produktas\/viga-svietimo-tarybos-sistemos-pilies-fsc-sertifikatas\/"},"modified":"2026-04-13T14:33:33","modified_gmt":"2026-04-13T11:33:33","slug":"viga-svietimo-tarybos-sistemos-pilies-fsc-sertifikatas","status":"publish","type":"product","link":"https:\/\/kidsplay.lt\/lv\/products\/viga-svietimo-tarybos-sistemos-pilies-fsc-sertifikatas\/","title":{"rendered":"VIGA \u0161vietimo tarybos sistemos pilies FSC sertifikatas"},"content":{"rendered":"<p>VIGA\u00a0pilies\u00a0magnetini\u0173 sienos lent\u0173 rinkin\u012f sudaro\u00a0medin\u0117s lentos su bok\u0161teliais ir med\u017eio vir\u0161\u016bne, taip pat keturios magnetin\u0117s lentos. \u0160is stebuklingas rinkinys su\u017eadins kiekvieno vaiko\u00a0vaizduot\u0119\u00a0, suteiks\u00a0d\u017eiaugsmo\u00a0ir i\u0161skirtinio\u00a0\u012fg\u016bd\u017ei\u0173 ugdymo.\u00a0\u00a0 Jo d\u0117ka ma\u017eyliai tur\u0117s daugyb\u0119 galimybi\u0173\u00a0k\u016brybi\u0161kai i\u0161reik\u0161ti save\u00a0, lavinti\u00a0vaizduot\u0119\u00a0ir \u012fgyti nauj\u0173\u00a0\u017eini\u0173\u00a0.<\/p>\n<p>Sukurtos atsi\u017evelgiant \u012f did\u017eiausius vaik\u0173 l\u016bkes\u010dius, \u201eVIGA Zamek\u201c magnetin\u0117s sien\u0173 lentos pasi\u017eymi\u00a0patvarumu d\u0117l moderni\u0173\u00a0technologij\u0173\u00a0naudojimo\u00a0.\u00a0Apval\u016bs\u00a0kampai\u00a0u\u017etikrina\u00a0saugum\u0105\u00a0\u017eaidimo metu, o patogus\u00a0laikymo konteineris\u00a0lentos apa\u010dioje padeda palaikyti\u00a0tvark\u0105\u00a0\u017eaidim\u0173 aik\u0161tel\u0117je .<\/p>\n<p>K\u0105 mes praktikuojame:<\/p>\n<p> \t&#8211; smulkiosios motorikos \u012fg\u016bd\u017eiai<br \/>\n \t&#8211; k\u016brybi\u0161kumas<br \/>\n \t&#8211; erdvin\u0117 vaizduot\u0117<br \/>\n \t&#8211; meniniai geb\u0117jimai<br \/>\n \t\u2013 leid\u017eia toliau mokytis<\/p>\n<p>\u012e komplekt\u0105 ne\u012feina nuotraukose parodyti papildomi magnetiniai kalad\u0117l\u0117s.\u00a0\u00a0Rinkin\u012f sudaro 4 magnetin\u0117s lentos, 4 dekoratyviniai elementai ir 4 lent\u0173 laikikliai.<\/p>\n<p>\u201eViga\u201c \u2013 tai prek\u0117s \u017eenklas, \u012fregistruotas 2003 m. ir jau atstovaujamas daugiau nei 60 pasaulio \u0161ali\u0173. J\u0173 novatori\u0161kos id\u0117jos peln\u0117 pripa\u017einim\u0105 Europoje, JAV, Australijoje ir Japonijoje. \u012emon\u0117s \u012fk\u016br\u0117jai atkreip\u0117 d\u0117mes\u012f \u012f tyrim\u0173 rezultatus, \u012frodan\u010dius ry\u0161\u012f tarp \u017eaidimo ir mokymosi ankstyvaisiais vaik\u0173 metais. Siekdamas pad\u0117ti t\u0117vams ir \u0161vietimo \u012fstaigoms auginti vaikus ir apsaugoti juos nuo virtualaus pasaulio, kuris gali gerokai i\u0161kreipti realyb\u0119, gamintojas si\u016blo novatori\u0161k\u0105 gamini\u0173 asortiment\u0105, pagamint\u0105 i\u0161 nat\u016brali\u0173 med\u017eiag\u0173, gaut\u0173 taikant ekologi\u0161kus gamybos procesus. \u201eViga\u201c medini\u0173 gamini\u0173 saugumas ir kokyb\u0117 yra prioritetas; gamintojas u\u017etikrina, kad j\u0173 \u017eaislams da\u017eyti naudojami da\u017eai atitikt\u0173 EN71 ir ASTM saugos standartus.<\/p>","protected":false},"excerpt":{"rendered":"<p>VIGA\u00a0pilies\u00a0magnetini\u0173 sienos lent\u0173 rinkin\u012f sudaro\u00a0medin\u0117s lentos su bok\u0161teliais ir med\u017eio vir\u0161\u016bne, taip pat keturios magnetin\u0117s lentos. \u0160is stebuklingas rinkinys su\u017eadins<\/p>","protected":false},"featured_media":56028,"template":"","meta":{"_acf_changed":false,"_glsr_average":0,"_glsr_ranking":0,"_glsr_reviews":0},"product_brand":[],"product_cat":[673,229],"product_tag":[],"class_list":{"0":"post-77938","1":"product","2":"type-product","3":"status-publish","4":"has-post-thumbnail","6":"product_cat-ugdomosios-priemones","7":"product_cat-zaislai-vaikams","8":"\"style=\"background-color: #2ecc711c;\"","10":"first","11":"instock","12":"purchasable","13":"product-type-simple"},"acf":[],"yoast_head":"<!-- This site is optimized with the Yoast SEO plugin v27.4 - https:\/\/yoast.com\/product\/yoast-seo-wordpress\/ -->\n<title>VIGA \u0161vietimo tarybos sistemos pilies FSC sertifikatas<\/title>\n<meta name=\"description\" content=\"VIGA \u0161vietimo tarybos sistemos pilies FSC sertifikatas - KidsPlay. Did\u017eiausias vaik\u0173 \u017eaisl\u0173 pasirinkimas.\" \/>\n<meta name=\"robots\" content=\"index, follow, max-snippet:-1, max-image-preview:large, max-video-preview:-1\" \/>\n<link rel=\"canonical\" href=\"https:\/\/kidsplay.lt\/lv\/products\/viga-svietimo-tarybos-sistemos-pilies-fsc-sertifikatas\/\" \/>\n<meta property=\"og:locale\" content=\"lv_LV\" \/>\n<meta property=\"og:type\" content=\"article\" \/>\n<meta property=\"og:title\" content=\"VIGA \u0161vietimo tarybos sistemos pilies FSC sertifikatas\" \/>\n<meta property=\"og:description\" content=\"VIGA \u0161vietimo tarybos sistemos pilies FSC sertifikatas - KidsPlay. Did\u017eiausias vaik\u0173 \u017eaisl\u0173 pasirinkimas.\" \/>\n<meta property=\"og:url\" content=\"https:\/\/kidsplay.lt\/lv\/products\/viga-svietimo-tarybos-sistemos-pilies-fsc-sertifikatas\/\" \/>\n<meta property=\"og:site_name\" content=\"KidsPlay\" \/>\n<meta property=\"article:publisher\" content=\"https:\/\/www.facebook.com\/www.kidsplay.lt\" \/>\n<meta property=\"article:modified_time\" content=\"2026-04-13T11:33:33+00:00\" \/>\n<meta property=\"og:image\" content=\"https:\/\/kidsplay.lt\/wp-content\/uploads\/2024\/09\/Svietimo-tarybos-sistema.jpg\" \/>\n\t<meta property=\"og:image:width\" content=\"2560\" \/>\n\t<meta property=\"og:image:height\" content=\"2560\" \/>\n\t<meta property=\"og:image:type\" content=\"image\/jpeg\" \/>\n<meta name=\"twitter:card\" content=\"summary_large_image\" \/>\n<meta name=\"twitter:label1\" content=\"Est. reading time\" \/>\n\t<meta name=\"twitter:data1\" content=\"1 min\u016bte\" \/>\n<script type=\"application\/ld+json\" class=\"yoast-schema-graph\">{\"@context\":\"https:\\\/\\\/schema.org\",\"@graph\":[{\"@type\":\"WebPage\",\"@id\":\"https:\\\/\\\/kidsplay.lt\\\/produktas\\\/viga-svietimo-tarybos-sistemos-pilies-fsc-sertifikatas\\\/\",\"url\":\"https:\\\/\\\/kidsplay.lt\\\/produktas\\\/viga-svietimo-tarybos-sistemos-pilies-fsc-sertifikatas\\\/\",\"name\":\"VIGA \u0161vietimo tarybos sistemos pilies FSC sertifikatas\",\"isPartOf\":{\"@id\":\"https:\\\/\\\/kidsplay.lt\\\/#website\"},\"primaryImageOfPage\":{\"@id\":\"https:\\\/\\\/kidsplay.lt\\\/produktas\\\/viga-svietimo-tarybos-sistemos-pilies-fsc-sertifikatas\\\/#primaryimage\"},\"image\":{\"@id\":\"https:\\\/\\\/kidsplay.lt\\\/produktas\\\/viga-svietimo-tarybos-sistemos-pilies-fsc-sertifikatas\\\/#primaryimage\"},\"thumbnailUrl\":\"https:\\\/\\\/kidsplay.lt\\\/wp-content\\\/uploads\\\/2024\\\/09\\\/Svietimo-tarybos-sistema.jpg\",\"datePublished\":\"2025-10-23T10:51:13+00:00\",\"dateModified\":\"2026-04-13T11:33:33+00:00\",\"description\":\"VIGA \u0161vietimo tarybos sistemos pilies FSC sertifikatas - KidsPlay. Did\u017eiausias vaik\u0173 \u017eaisl\u0173 pasirinkimas.\",\"breadcrumb\":{\"@id\":\"https:\\\/\\\/kidsplay.lt\\\/produktas\\\/viga-svietimo-tarybos-sistemos-pilies-fsc-sertifikatas\\\/#breadcrumb\"},\"inLanguage\":\"lv-LV\",\"potentialAction\":[{\"@type\":\"ReadAction\",\"target\":[\"https:\\\/\\\/kidsplay.lt\\\/produktas\\\/viga-svietimo-tarybos-sistemos-pilies-fsc-sertifikatas\\\/\"]}]},{\"@type\":\"ImageObject\",\"inLanguage\":\"lv-LV\",\"@id\":\"https:\\\/\\\/kidsplay.lt\\\/produktas\\\/viga-svietimo-tarybos-sistemos-pilies-fsc-sertifikatas\\\/#primaryimage\",\"url\":\"https:\\\/\\\/kidsplay.lt\\\/wp-content\\\/uploads\\\/2024\\\/09\\\/Svietimo-tarybos-sistema.jpg\",\"contentUrl\":\"https:\\\/\\\/kidsplay.lt\\\/wp-content\\\/uploads\\\/2024\\\/09\\\/Svietimo-tarybos-sistema.jpg\",\"width\":2560,\"height\":2560,\"caption\":\"VIGA \u0161vietimo tarybos sistemos pilies FSC sertifikatas\"},{\"@type\":\"BreadcrumbList\",\"@id\":\"https:\\\/\\\/kidsplay.lt\\\/produktas\\\/viga-svietimo-tarybos-sistemos-pilies-fsc-sertifikatas\\\/#breadcrumb\",\"itemListElement\":[{\"@type\":\"ListItem\",\"position\":1,\"name\":\"Pagrindinis\",\"item\":\"https:\\\/\\\/kidsplay.lt\\\/\"},{\"@type\":\"ListItem\",\"position\":2,\"name\":\"Parduotuv\u0117\",\"item\":\"https:\\\/\\\/kidsplay.lt\\\/parduotuve\\\/\"},{\"@type\":\"ListItem\",\"position\":3,\"name\":\"VIGA \u0161vietimo tarybos sistemos pilies FSC sertifikatas\"}]},{\"@type\":\"WebSite\",\"@id\":\"https:\\\/\\\/kidsplay.lt\\\/#website\",\"url\":\"https:\\\/\\\/kidsplay.lt\\\/\",\"name\":\"Kidsplay.lt\",\"description\":\"\u012evairios prek\u0117s vaikams\",\"publisher\":{\"@id\":\"https:\\\/\\\/kidsplay.lt\\\/#organization\"},\"alternateName\":\"Kidsplay\",\"potentialAction\":[{\"@type\":\"SearchAction\",\"target\":{\"@type\":\"EntryPoint\",\"urlTemplate\":\"https:\\\/\\\/kidsplay.lt\\\/?s={search_term_string}\"},\"query-input\":{\"@type\":\"PropertyValueSpecification\",\"valueRequired\":true,\"valueName\":\"search_term_string\"}}],\"inLanguage\":\"lv-LV\"},{\"@type\":\"Organization\",\"@id\":\"https:\\\/\\\/kidsplay.lt\\\/#organization\",\"name\":\"KidsPlay\",\"url\":\"https:\\\/\\\/kidsplay.lt\\\/\",\"logo\":{\"@type\":\"ImageObject\",\"inLanguage\":\"lv-LV\",\"@id\":\"https:\\\/\\\/kidsplay.lt\\\/#\\\/schema\\\/logo\\\/image\\\/\",\"url\":\"https:\\\/\\\/kidsplay.lt\\\/wp-content\\\/uploads\\\/2023\\\/07\\\/kidsplay-logo.png\",\"contentUrl\":\"https:\\\/\\\/kidsplay.lt\\\/wp-content\\\/uploads\\\/2023\\\/07\\\/kidsplay-logo.png\",\"width\":451,\"height\":98,\"caption\":\"KidsPlay\"},\"image\":{\"@id\":\"https:\\\/\\\/kidsplay.lt\\\/#\\\/schema\\\/logo\\\/image\\\/\"},\"sameAs\":[\"https:\\\/\\\/www.facebook.com\\\/www.kidsplay.lt\"]}]}<\/script>\n<!-- \/ Yoast SEO plugin. -->","yoast_head_json":{"title":"VIGA \u0161vietimo tarybos sistemos pilies FSC sertifikatas","description":"VIGA \u0161vietimo tarybos sistemos pilies FSC sertifikatas - KidsPlay. Did\u017eiausias vaik\u0173 \u017eaisl\u0173 pasirinkimas.","robots":{"index":"index","follow":"follow","max-snippet":"max-snippet:-1","max-image-preview":"max-image-preview:large","max-video-preview":"max-video-preview:-1"},"canonical":"https:\/\/kidsplay.lt\/lv\/products\/viga-svietimo-tarybos-sistemos-pilies-fsc-sertifikatas\/","og_locale":"lv_LV","og_type":"article","og_title":"VIGA \u0161vietimo tarybos sistemos pilies FSC sertifikatas","og_description":"VIGA \u0161vietimo tarybos sistemos pilies FSC sertifikatas - KidsPlay. Did\u017eiausias vaik\u0173 \u017eaisl\u0173 pasirinkimas.","og_url":"https:\/\/kidsplay.lt\/lv\/products\/viga-svietimo-tarybos-sistemos-pilies-fsc-sertifikatas\/","og_site_name":"KidsPlay","article_publisher":"https:\/\/www.facebook.com\/www.kidsplay.lt","article_modified_time":"2026-04-13T11:33:33+00:00","og_image":[{"width":2560,"height":2560,"url":"https:\/\/kidsplay.lt\/wp-content\/uploads\/2024\/09\/Svietimo-tarybos-sistema.jpg","type":"image\/jpeg"}],"twitter_card":"summary_large_image","twitter_misc":{"Est. reading time":"1 min\u016bte"},"schema":{"@context":"https:\/\/schema.org","@graph":[{"@type":"WebPage","@id":"https:\/\/kidsplay.lt\/produktas\/viga-svietimo-tarybos-sistemos-pilies-fsc-sertifikatas\/","url":"https:\/\/kidsplay.lt\/produktas\/viga-svietimo-tarybos-sistemos-pilies-fsc-sertifikatas\/","name":"VIGA \u0161vietimo tarybos sistemos pilies FSC sertifikatas","isPartOf":{"@id":"https:\/\/kidsplay.lt\/#website"},"primaryImageOfPage":{"@id":"https:\/\/kidsplay.lt\/produktas\/viga-svietimo-tarybos-sistemos-pilies-fsc-sertifikatas\/#primaryimage"},"image":{"@id":"https:\/\/kidsplay.lt\/produktas\/viga-svietimo-tarybos-sistemos-pilies-fsc-sertifikatas\/#primaryimage"},"thumbnailUrl":"https:\/\/kidsplay.lt\/wp-content\/uploads\/2024\/09\/Svietimo-tarybos-sistema.jpg","datePublished":"2025-10-23T10:51:13+00:00","dateModified":"2026-04-13T11:33:33+00:00","description":"VIGA \u0161vietimo tarybos sistemos pilies FSC sertifikatas - KidsPlay. Did\u017eiausias vaik\u0173 \u017eaisl\u0173 pasirinkimas.","breadcrumb":{"@id":"https:\/\/kidsplay.lt\/produktas\/viga-svietimo-tarybos-sistemos-pilies-fsc-sertifikatas\/#breadcrumb"},"inLanguage":"lv-LV","potentialAction":[{"@type":"ReadAction","target":["https:\/\/kidsplay.lt\/produktas\/viga-svietimo-tarybos-sistemos-pilies-fsc-sertifikatas\/"]}]},{"@type":"ImageObject","inLanguage":"lv-LV","@id":"https:\/\/kidsplay.lt\/produktas\/viga-svietimo-tarybos-sistemos-pilies-fsc-sertifikatas\/#primaryimage","url":"https:\/\/kidsplay.lt\/wp-content\/uploads\/2024\/09\/Svietimo-tarybos-sistema.jpg","contentUrl":"https:\/\/kidsplay.lt\/wp-content\/uploads\/2024\/09\/Svietimo-tarybos-sistema.jpg","width":2560,"height":2560,"caption":"VIGA \u0161vietimo tarybos sistemos pilies FSC sertifikatas"},{"@type":"BreadcrumbList","@id":"https:\/\/kidsplay.lt\/produktas\/viga-svietimo-tarybos-sistemos-pilies-fsc-sertifikatas\/#breadcrumb","itemListElement":[{"@type":"ListItem","position":1,"name":"Pagrindinis","item":"https:\/\/kidsplay.lt\/"},{"@type":"ListItem","position":2,"name":"Parduotuv\u0117","item":"https:\/\/kidsplay.lt\/parduotuve\/"},{"@type":"ListItem","position":3,"name":"VIGA \u0161vietimo tarybos sistemos pilies FSC sertifikatas"}]},{"@type":"WebSite","@id":"https:\/\/kidsplay.lt\/#website","url":"https:\/\/kidsplay.lt\/","name":"B\u0113rnu sp\u0113les.lv","description":"\u012evairios prek\u0117s vaikams","publisher":{"@id":"https:\/\/kidsplay.lt\/#organization"},"alternateName":"Kidsplay","potentialAction":[{"@type":"SearchAction","target":{"@type":"EntryPoint","urlTemplate":"https:\/\/kidsplay.lt\/?s={search_term_string}"},"query-input":{"@type":"PropertyValueSpecification","valueRequired":true,"valueName":"search_term_string"}}],"inLanguage":"lv-LV"},{"@type":"Organization","@id":"https:\/\/kidsplay.lt\/#organization","name":"B\u0113rnu sp\u0113le","url":"https:\/\/kidsplay.lt\/","logo":{"@type":"ImageObject","inLanguage":"lv-LV","@id":"https:\/\/kidsplay.lt\/#\/schema\/logo\/image\/","url":"https:\/\/kidsplay.lt\/wp-content\/uploads\/2023\/07\/kidsplay-logo.png","contentUrl":"https:\/\/kidsplay.lt\/wp-content\/uploads\/2023\/07\/kidsplay-logo.png","width":451,"height":98,"caption":"KidsPlay"},"image":{"@id":"https:\/\/kidsplay.lt\/#\/schema\/logo\/image\/"},"sameAs":["https:\/\/www.facebook.com\/www.kidsplay.lt"]}]}},"_links":{"self":[{"href":"https:\/\/kidsplay.lt\/lv\/wp-json\/wp\/v2\/product\/77938","targetHints":{"allow":["GET"]}}],"collection":[{"href":"https:\/\/kidsplay.lt\/lv\/wp-json\/wp\/v2\/product"}],"about":[{"href":"https:\/\/kidsplay.lt\/lv\/wp-json\/wp\/v2\/types\/product"}],"version-history":[{"count":1,"href":"https:\/\/kidsplay.lt\/lv\/wp-json\/wp\/v2\/product\/77938\/revisions"}],"predecessor-version":[{"id":77939,"href":"https:\/\/kidsplay.lt\/lv\/wp-json\/wp\/v2\/product\/77938\/revisions\/77939"}],"wp:featuredmedia":[{"embeddable":true,"href":"https:\/\/kidsplay.lt\/lv\/wp-json\/wp\/v2\/media\/56028"}],"wp:attachment":[{"href":"https:\/\/kidsplay.lt\/lv\/wp-json\/wp\/v2\/media?parent=77938"}],"wp:term":[{"taxonomy":"product_brand","embeddable":true,"href":"https:\/\/kidsplay.lt\/lv\/wp-json\/wp\/v2\/product_brand?post=77938"},{"taxonomy":"product_cat","embeddable":true,"href":"https:\/\/kidsplay.lt\/lv\/wp-json\/wp\/v2\/product_cat?post=77938"},{"taxonomy":"product_tag","embeddable":true,"href":"https:\/\/kidsplay.lt\/lv\/wp-json\/wp\/v2\/product_tag?post=77938"}],"curies":[{"name":"wp","href":"https:\/\/api.w.org\/{rel}","templated":true}]}}