{"id":77960,"date":"2025-10-23T13:52:33","date_gmt":"2025-10-23T10:52:33","guid":{"rendered":"https:\/\/kidsplay.lt\/produktas\/woopie-baby-sensoriniai-kaladeles-suspaudimo-delione-gyvunu-garsai-12-vnt\/"},"modified":"2026-03-15T07:47:50","modified_gmt":"2026-03-15T05:47:50","slug":"woopie-baby-sensoriniai-kaladeles-suspaudimo-delione-gyvunu-garsai-12-vnt","status":"publish","type":"product","link":"https:\/\/kidsplay.lt\/lv\/products\/woopie-baby-sensoriniai-kaladeles-suspaudimo-delione-gyvunu-garsai-12-vnt\/","title":{"rendered":"WOOPIE BABY Sensoriniai kalad\u0117l\u0117s Suspaudimo D\u0117lion\u0117 Gyv\u016bn\u0173 Garsai 12 vnt."},"content":{"rendered":"<p>WOOPIE sensorini\u0173 kalad\u0117li\u0173 d\u0117lion\u0117\u00a0su\u017eav\u0117s kiekvien\u0105 ma\u017eyl\u012f. J\u0173 patrauklios formos ir spalvos puikiai skatina\u00a0regos, klausos ir\u00a0smulkiosios motorikos\u00a0\u012fg\u016bd\u017ei\u0173, taip pat\u00a0lyt\u0117jimo poj\u016b\u010dio vystym\u0105si.\u00a0Kalad\u0117l\u0117s yra i\u0161gaubtos formos,\u00a0vaizduojan\u010dios gyv\u016bnus\u00a0. Jos yra\u00a0mink\u0161tos\u00a0ir\u00a0malonios\u00a0liesti, o suspaudus\u00a0skleid\u017eia garsus\u00a0. D\u0117l savo strukt\u016bros jos taip pat puikiai tinka kaip\u00a0kramtukas\u00a0. Gyv\u016bn\u0173 atvaizdai padeda vaikams susipa\u017einti su\u00a0gamtos pasauliu.\u00a0\u0160is gaminys, pasi\u017eymintis gra\u017eiomis, prislopintomis spalvomis, tinka\u00a012 m\u0117nesi\u0173 ir vyresniems vaikams.<\/p>\n<p>Rakstur\u012bgs:<\/p>\n<p> \t&#8211; vaikams\u00a0nuo 12 m\u0117nesi\u0173\u00a0am\u017eiaus<br \/>\n \t&#8211; sensoriniai blokai, sudaryti i\u0161\u00a012 element\u0173<br \/>\n \t&#8211; pagaminta i\u0161\u00a0auk\u0161tos kokyb\u0117s med\u017eiagos\u00a0(gumos)<br \/>\n \t&#8211; i\u0161gaubtos formos su\u00a0gyv\u016bn\u0173 atvaizdais<br \/>\n \t&#8211; \u012fvairios tekst\u016bros ir spalvos\u00a0lavina vaiko poj\u016b\u010dius<br \/>\n \t&#8211; mink\u0161ti ir malon\u016bs liesti\u00a0&#8211;\u00a0girg\u017edantys elementai\u00a0skleid\u017eia garsus, kai suspaud\u017eiami<br \/>\n \t&#8211; puikiai tinka kaip kramtukas<\/p>\n<p>Komplekt\u0101 ietilpst:<\/p>\n<p> \t&#8211; 12 mink\u0161t\u0173 sensorini\u0173 blokeli\u0173<br \/>\n \t&#8211; kartonin\u0117 d\u0117\u017eut\u0117,\u00a0puikiai tinkanti dovanai!<\/p>\n<p>Rota\u013clieta att\u012bst\u0101s:<\/p>\n<p> \t&#8211; aki\u0173 ir klausos koordinacija<br \/>\n \t&#8211; motoriniai \u012fg\u016bd\u017eiai<br \/>\n \t&#8211; lyt\u0117jimo poj\u016btis<br \/>\n \t&#8211; koncentracija<br \/>\n \t&#8211; mokytis loginio m\u0105stymo<br \/>\n \t&#8211; moko bendradarbiauti ir geb\u0117ti dalytis<\/p>","protected":false},"excerpt":{"rendered":"<p>WOOPIE sensorini\u0173 kalad\u0117li\u0173 d\u0117lion\u0117\u00a0su\u017eav\u0117s kiekvien\u0105 ma\u017eyl\u012f. J\u0173 patrauklios formos ir spalvos puikiai skatina\u00a0regos, klausos ir\u00a0smulkiosios motorikos\u00a0\u012fg\u016bd\u017ei\u0173, taip pat\u00a0lyt\u0117jimo poj\u016b\u010dio vystym\u0105si.\u00a0Kalad\u0117l\u0117s<\/p>","protected":false},"featured_media":77962,"template":"","meta":{"_acf_changed":false,"_glsr_average":0,"_glsr_ranking":0,"_glsr_reviews":0},"product_brand":[],"product_cat":[396,229],"product_tag":[],"class_list":{"0":"post-77960","1":"product","2":"type-product","3":"status-publish","4":"has-post-thumbnail","6":"product_cat-kudikiu-zaislai-vaikams2","7":"product_cat-zaislai-vaikams","8":"\"style=\"background-color: #2ecc711c;\"","10":"first","11":"outofstock","12":"purchasable","13":"product-type-simple"},"acf":[],"yoast_head":"<!-- This site is optimized with the Yoast SEO plugin v27.3 - https:\/\/yoast.com\/product\/yoast-seo-wordpress\/ -->\n<title>WOOPIE BABY Sensoriniai kalad\u0117l\u0117s Suspaudimo D\u0117lion\u0117 Gyv\u016bn\u0173 Garsai 12 vnt.<\/title>\n<meta name=\"description\" content=\"WOOPIE BABY Sensoriniai kalad\u0117l\u0117s Suspaudimo D\u0117lion\u0117 Gyv\u016bn\u0173 Garsai 12 vnt. - KidsPlay. Did\u017eiausias vaik\u0173 \u017eaisl\u0173 pasirinkimas.\" \/>\n<meta name=\"robots\" content=\"index, follow, max-snippet:-1, max-image-preview:large, max-video-preview:-1\" \/>\n<link rel=\"canonical\" href=\"https:\/\/kidsplay.lt\/lv\/products\/woopie-baby-sensoriniai-kaladeles-suspaudimo-delione-gyvunu-garsai-12-vnt\/\" \/>\n<meta property=\"og:locale\" content=\"lv_LV\" \/>\n<meta property=\"og:type\" content=\"article\" \/>\n<meta property=\"og:title\" content=\"WOOPIE BABY Sensoriniai kalad\u0117l\u0117s Suspaudimo D\u0117lion\u0117 Gyv\u016bn\u0173 Garsai 12 vnt.\" \/>\n<meta property=\"og:description\" content=\"WOOPIE BABY Sensoriniai kalad\u0117l\u0117s Suspaudimo D\u0117lion\u0117 Gyv\u016bn\u0173 Garsai 12 vnt. - KidsPlay. Did\u017eiausias vaik\u0173 \u017eaisl\u0173 pasirinkimas.\" \/>\n<meta property=\"og:url\" content=\"https:\/\/kidsplay.lt\/lv\/products\/woopie-baby-sensoriniai-kaladeles-suspaudimo-delione-gyvunu-garsai-12-vnt\/\" \/>\n<meta property=\"og:site_name\" content=\"KidsPlay\" \/>\n<meta property=\"article:publisher\" content=\"https:\/\/www.facebook.com\/www.kidsplay.lt\" \/>\n<meta property=\"article:modified_time\" content=\"2026-03-15T05:47:50+00:00\" \/>\n<meta property=\"og:image\" content=\"https:\/\/kidsplay.lt\/wp-content\/uploads\/2025\/10\/WOOPIE-BABY-Sensoriniai-kaladeles-Suspaudimo-Delione-Gyvunu-Garsai-12-vnt.jpg\" \/>\n\t<meta property=\"og:image:width\" content=\"555\" \/>\n\t<meta property=\"og:image:height\" content=\"555\" \/>\n\t<meta property=\"og:image:type\" content=\"image\/jpeg\" \/>\n<meta name=\"twitter:card\" content=\"summary_large_image\" \/>\n<meta name=\"twitter:label1\" content=\"Est. reading time\" \/>\n\t<meta name=\"twitter:data1\" content=\"1 min\u016bte\" \/>\n<script type=\"application\/ld+json\" class=\"yoast-schema-graph\">{\"@context\":\"https:\\\/\\\/schema.org\",\"@graph\":[{\"@type\":\"WebPage\",\"@id\":\"https:\\\/\\\/kidsplay.lt\\\/produktas\\\/woopie-baby-sensoriniai-kaladeles-suspaudimo-delione-gyvunu-garsai-12-vnt\\\/\",\"url\":\"https:\\\/\\\/kidsplay.lt\\\/produktas\\\/woopie-baby-sensoriniai-kaladeles-suspaudimo-delione-gyvunu-garsai-12-vnt\\\/\",\"name\":\"WOOPIE BABY Sensoriniai kalad\u0117l\u0117s Suspaudimo D\u0117lion\u0117 Gyv\u016bn\u0173 Garsai 12 vnt.\",\"isPartOf\":{\"@id\":\"https:\\\/\\\/kidsplay.lt\\\/#website\"},\"primaryImageOfPage\":{\"@id\":\"https:\\\/\\\/kidsplay.lt\\\/produktas\\\/woopie-baby-sensoriniai-kaladeles-suspaudimo-delione-gyvunu-garsai-12-vnt\\\/#primaryimage\"},\"image\":{\"@id\":\"https:\\\/\\\/kidsplay.lt\\\/produktas\\\/woopie-baby-sensoriniai-kaladeles-suspaudimo-delione-gyvunu-garsai-12-vnt\\\/#primaryimage\"},\"thumbnailUrl\":\"https:\\\/\\\/kidsplay.lt\\\/wp-content\\\/uploads\\\/2025\\\/10\\\/WOOPIE-BABY-Sensoriniai-kaladeles-Suspaudimo-Delione-Gyvunu-Garsai-12-vnt.jpg\",\"datePublished\":\"2025-10-23T10:52:33+00:00\",\"dateModified\":\"2026-03-15T05:47:50+00:00\",\"description\":\"WOOPIE BABY Sensoriniai kalad\u0117l\u0117s Suspaudimo D\u0117lion\u0117 Gyv\u016bn\u0173 Garsai 12 vnt. - KidsPlay. Did\u017eiausias vaik\u0173 \u017eaisl\u0173 pasirinkimas.\",\"breadcrumb\":{\"@id\":\"https:\\\/\\\/kidsplay.lt\\\/produktas\\\/woopie-baby-sensoriniai-kaladeles-suspaudimo-delione-gyvunu-garsai-12-vnt\\\/#breadcrumb\"},\"inLanguage\":\"lv-LV\",\"potentialAction\":[{\"@type\":\"ReadAction\",\"target\":[\"https:\\\/\\\/kidsplay.lt\\\/produktas\\\/woopie-baby-sensoriniai-kaladeles-suspaudimo-delione-gyvunu-garsai-12-vnt\\\/\"]}]},{\"@type\":\"ImageObject\",\"inLanguage\":\"lv-LV\",\"@id\":\"https:\\\/\\\/kidsplay.lt\\\/produktas\\\/woopie-baby-sensoriniai-kaladeles-suspaudimo-delione-gyvunu-garsai-12-vnt\\\/#primaryimage\",\"url\":\"https:\\\/\\\/kidsplay.lt\\\/wp-content\\\/uploads\\\/2025\\\/10\\\/WOOPIE-BABY-Sensoriniai-kaladeles-Suspaudimo-Delione-Gyvunu-Garsai-12-vnt.jpg\",\"contentUrl\":\"https:\\\/\\\/kidsplay.lt\\\/wp-content\\\/uploads\\\/2025\\\/10\\\/WOOPIE-BABY-Sensoriniai-kaladeles-Suspaudimo-Delione-Gyvunu-Garsai-12-vnt.jpg\",\"width\":555,\"height\":555,\"caption\":\"WOOPIE BABY Sensoriniai kalad\u0117l\u0117s Suspaudimo D\u0117lion\u0117 Gyv\u016bn\u0173 Garsai 12 vnt.\"},{\"@type\":\"BreadcrumbList\",\"@id\":\"https:\\\/\\\/kidsplay.lt\\\/produktas\\\/woopie-baby-sensoriniai-kaladeles-suspaudimo-delione-gyvunu-garsai-12-vnt\\\/#breadcrumb\",\"itemListElement\":[{\"@type\":\"ListItem\",\"position\":1,\"name\":\"Pagrindinis\",\"item\":\"https:\\\/\\\/kidsplay.lt\\\/\"},{\"@type\":\"ListItem\",\"position\":2,\"name\":\"Parduotuv\u0117\",\"item\":\"https:\\\/\\\/kidsplay.lt\\\/parduotuve\\\/\"},{\"@type\":\"ListItem\",\"position\":3,\"name\":\"WOOPIE BABY Sensoriniai kalad\u0117l\u0117s Suspaudimo D\u0117lion\u0117 Gyv\u016bn\u0173 Garsai 12 vnt.\"}]},{\"@type\":\"WebSite\",\"@id\":\"https:\\\/\\\/kidsplay.lt\\\/#website\",\"url\":\"https:\\\/\\\/kidsplay.lt\\\/\",\"name\":\"Kidsplay.lt\",\"description\":\"\u012evairios prek\u0117s vaikams\",\"publisher\":{\"@id\":\"https:\\\/\\\/kidsplay.lt\\\/#organization\"},\"alternateName\":\"Kidsplay\",\"potentialAction\":[{\"@type\":\"SearchAction\",\"target\":{\"@type\":\"EntryPoint\",\"urlTemplate\":\"https:\\\/\\\/kidsplay.lt\\\/?s={search_term_string}\"},\"query-input\":{\"@type\":\"PropertyValueSpecification\",\"valueRequired\":true,\"valueName\":\"search_term_string\"}}],\"inLanguage\":\"lv-LV\"},{\"@type\":\"Organization\",\"@id\":\"https:\\\/\\\/kidsplay.lt\\\/#organization\",\"name\":\"KidsPlay\",\"url\":\"https:\\\/\\\/kidsplay.lt\\\/\",\"logo\":{\"@type\":\"ImageObject\",\"inLanguage\":\"lv-LV\",\"@id\":\"https:\\\/\\\/kidsplay.lt\\\/#\\\/schema\\\/logo\\\/image\\\/\",\"url\":\"https:\\\/\\\/kidsplay.lt\\\/wp-content\\\/uploads\\\/2023\\\/07\\\/kidsplay-logo.png\",\"contentUrl\":\"https:\\\/\\\/kidsplay.lt\\\/wp-content\\\/uploads\\\/2023\\\/07\\\/kidsplay-logo.png\",\"width\":451,\"height\":98,\"caption\":\"KidsPlay\"},\"image\":{\"@id\":\"https:\\\/\\\/kidsplay.lt\\\/#\\\/schema\\\/logo\\\/image\\\/\"},\"sameAs\":[\"https:\\\/\\\/www.facebook.com\\\/www.kidsplay.lt\"]}]}<\/script>\n<!-- \/ Yoast SEO plugin. -->","yoast_head_json":{"title":"WOOPIE BABY Sensoriniai kalad\u0117l\u0117s Suspaudimo D\u0117lion\u0117 Gyv\u016bn\u0173 Garsai 12 vnt.","description":"WOOPIE BABY Sensoriniai kalad\u0117l\u0117s Suspaudimo D\u0117lion\u0117 Gyv\u016bn\u0173 Garsai 12 vnt. - KidsPlay. Did\u017eiausias vaik\u0173 \u017eaisl\u0173 pasirinkimas.","robots":{"index":"index","follow":"follow","max-snippet":"max-snippet:-1","max-image-preview":"max-image-preview:large","max-video-preview":"max-video-preview:-1"},"canonical":"https:\/\/kidsplay.lt\/lv\/products\/woopie-baby-sensoriniai-kaladeles-suspaudimo-delione-gyvunu-garsai-12-vnt\/","og_locale":"lv_LV","og_type":"article","og_title":"WOOPIE BABY Sensoriniai kalad\u0117l\u0117s Suspaudimo D\u0117lion\u0117 Gyv\u016bn\u0173 Garsai 12 vnt.","og_description":"WOOPIE BABY Sensoriniai kalad\u0117l\u0117s Suspaudimo D\u0117lion\u0117 Gyv\u016bn\u0173 Garsai 12 vnt. - KidsPlay. Did\u017eiausias vaik\u0173 \u017eaisl\u0173 pasirinkimas.","og_url":"https:\/\/kidsplay.lt\/lv\/products\/woopie-baby-sensoriniai-kaladeles-suspaudimo-delione-gyvunu-garsai-12-vnt\/","og_site_name":"KidsPlay","article_publisher":"https:\/\/www.facebook.com\/www.kidsplay.lt","article_modified_time":"2026-03-15T05:47:50+00:00","og_image":[{"width":555,"height":555,"url":"https:\/\/kidsplay.lt\/wp-content\/uploads\/2025\/10\/WOOPIE-BABY-Sensoriniai-kaladeles-Suspaudimo-Delione-Gyvunu-Garsai-12-vnt.jpg","type":"image\/jpeg"}],"twitter_card":"summary_large_image","twitter_misc":{"Est. reading time":"1 min\u016bte"},"schema":{"@context":"https:\/\/schema.org","@graph":[{"@type":"WebPage","@id":"https:\/\/kidsplay.lt\/produktas\/woopie-baby-sensoriniai-kaladeles-suspaudimo-delione-gyvunu-garsai-12-vnt\/","url":"https:\/\/kidsplay.lt\/produktas\/woopie-baby-sensoriniai-kaladeles-suspaudimo-delione-gyvunu-garsai-12-vnt\/","name":"WOOPIE BABY Sensoriniai kalad\u0117l\u0117s Suspaudimo D\u0117lion\u0117 Gyv\u016bn\u0173 Garsai 12 vnt.","isPartOf":{"@id":"https:\/\/kidsplay.lt\/#website"},"primaryImageOfPage":{"@id":"https:\/\/kidsplay.lt\/produktas\/woopie-baby-sensoriniai-kaladeles-suspaudimo-delione-gyvunu-garsai-12-vnt\/#primaryimage"},"image":{"@id":"https:\/\/kidsplay.lt\/produktas\/woopie-baby-sensoriniai-kaladeles-suspaudimo-delione-gyvunu-garsai-12-vnt\/#primaryimage"},"thumbnailUrl":"https:\/\/kidsplay.lt\/wp-content\/uploads\/2025\/10\/WOOPIE-BABY-Sensoriniai-kaladeles-Suspaudimo-Delione-Gyvunu-Garsai-12-vnt.jpg","datePublished":"2025-10-23T10:52:33+00:00","dateModified":"2026-03-15T05:47:50+00:00","description":"WOOPIE BABY Sensoriniai kalad\u0117l\u0117s Suspaudimo D\u0117lion\u0117 Gyv\u016bn\u0173 Garsai 12 vnt. - KidsPlay. Did\u017eiausias vaik\u0173 \u017eaisl\u0173 pasirinkimas.","breadcrumb":{"@id":"https:\/\/kidsplay.lt\/produktas\/woopie-baby-sensoriniai-kaladeles-suspaudimo-delione-gyvunu-garsai-12-vnt\/#breadcrumb"},"inLanguage":"lv-LV","potentialAction":[{"@type":"ReadAction","target":["https:\/\/kidsplay.lt\/produktas\/woopie-baby-sensoriniai-kaladeles-suspaudimo-delione-gyvunu-garsai-12-vnt\/"]}]},{"@type":"ImageObject","inLanguage":"lv-LV","@id":"https:\/\/kidsplay.lt\/produktas\/woopie-baby-sensoriniai-kaladeles-suspaudimo-delione-gyvunu-garsai-12-vnt\/#primaryimage","url":"https:\/\/kidsplay.lt\/wp-content\/uploads\/2025\/10\/WOOPIE-BABY-Sensoriniai-kaladeles-Suspaudimo-Delione-Gyvunu-Garsai-12-vnt.jpg","contentUrl":"https:\/\/kidsplay.lt\/wp-content\/uploads\/2025\/10\/WOOPIE-BABY-Sensoriniai-kaladeles-Suspaudimo-Delione-Gyvunu-Garsai-12-vnt.jpg","width":555,"height":555,"caption":"WOOPIE BABY Sensoriniai kalad\u0117l\u0117s Suspaudimo D\u0117lion\u0117 Gyv\u016bn\u0173 Garsai 12 vnt."},{"@type":"BreadcrumbList","@id":"https:\/\/kidsplay.lt\/produktas\/woopie-baby-sensoriniai-kaladeles-suspaudimo-delione-gyvunu-garsai-12-vnt\/#breadcrumb","itemListElement":[{"@type":"ListItem","position":1,"name":"Pagrindinis","item":"https:\/\/kidsplay.lt\/"},{"@type":"ListItem","position":2,"name":"Parduotuv\u0117","item":"https:\/\/kidsplay.lt\/parduotuve\/"},{"@type":"ListItem","position":3,"name":"WOOPIE BABY Sensoriniai kalad\u0117l\u0117s Suspaudimo D\u0117lion\u0117 Gyv\u016bn\u0173 Garsai 12 vnt."}]},{"@type":"WebSite","@id":"https:\/\/kidsplay.lt\/#website","url":"https:\/\/kidsplay.lt\/","name":"B\u0113rnu sp\u0113les.lv","description":"\u012evairios prek\u0117s vaikams","publisher":{"@id":"https:\/\/kidsplay.lt\/#organization"},"alternateName":"Kidsplay","potentialAction":[{"@type":"SearchAction","target":{"@type":"EntryPoint","urlTemplate":"https:\/\/kidsplay.lt\/?s={search_term_string}"},"query-input":{"@type":"PropertyValueSpecification","valueRequired":true,"valueName":"search_term_string"}}],"inLanguage":"lv-LV"},{"@type":"Organization","@id":"https:\/\/kidsplay.lt\/#organization","name":"B\u0113rnu sp\u0113le","url":"https:\/\/kidsplay.lt\/","logo":{"@type":"ImageObject","inLanguage":"lv-LV","@id":"https:\/\/kidsplay.lt\/#\/schema\/logo\/image\/","url":"https:\/\/kidsplay.lt\/wp-content\/uploads\/2023\/07\/kidsplay-logo.png","contentUrl":"https:\/\/kidsplay.lt\/wp-content\/uploads\/2023\/07\/kidsplay-logo.png","width":451,"height":98,"caption":"KidsPlay"},"image":{"@id":"https:\/\/kidsplay.lt\/#\/schema\/logo\/image\/"},"sameAs":["https:\/\/www.facebook.com\/www.kidsplay.lt"]}]}},"_links":{"self":[{"href":"https:\/\/kidsplay.lt\/lv\/wp-json\/wp\/v2\/product\/77960","targetHints":{"allow":["GET"]}}],"collection":[{"href":"https:\/\/kidsplay.lt\/lv\/wp-json\/wp\/v2\/product"}],"about":[{"href":"https:\/\/kidsplay.lt\/lv\/wp-json\/wp\/v2\/types\/product"}],"version-history":[{"count":1,"href":"https:\/\/kidsplay.lt\/lv\/wp-json\/wp\/v2\/product\/77960\/revisions"}],"predecessor-version":[{"id":77961,"href":"https:\/\/kidsplay.lt\/lv\/wp-json\/wp\/v2\/product\/77960\/revisions\/77961"}],"wp:featuredmedia":[{"embeddable":true,"href":"https:\/\/kidsplay.lt\/lv\/wp-json\/wp\/v2\/media\/77962"}],"wp:attachment":[{"href":"https:\/\/kidsplay.lt\/lv\/wp-json\/wp\/v2\/media?parent=77960"}],"wp:term":[{"taxonomy":"product_brand","embeddable":true,"href":"https:\/\/kidsplay.lt\/lv\/wp-json\/wp\/v2\/product_brand?post=77960"},{"taxonomy":"product_cat","embeddable":true,"href":"https:\/\/kidsplay.lt\/lv\/wp-json\/wp\/v2\/product_cat?post=77960"},{"taxonomy":"product_tag","embeddable":true,"href":"https:\/\/kidsplay.lt\/lv\/wp-json\/wp\/v2\/product_tag?post=77960"}],"curies":[{"name":"wp","href":"https:\/\/api.w.org\/{rel}","templated":true}]}}