{"id":77970,"date":"2025-10-23T13:53:37","date_gmt":"2025-10-23T10:53:37","guid":{"rendered":"https:\/\/kidsplay.lt\/produktas\/viga-medinis-edukacinis-muzikinis-sensorinis-stalas-7in1\/"},"modified":"2026-04-07T10:13:22","modified_gmt":"2026-04-07T07:13:22","slug":"viga-medinis-edukacinis-muzikinis-sensorinis-stalas-7in1","status":"publish","type":"product","link":"https:\/\/kidsplay.lt\/lv\/products\/viga-medinis-edukacinis-muzikinis-sensorinis-stalas-7in1\/","title":{"rendered":"Viga koka izgl\u012btojo\u0161ais muzik\u0101lais sensoriskais galds 7in1"},"content":{"rendered":"<p>Atraskite magi\u0161k\u0105 gars\u0173 pasaul\u012f su\u00a0m\u016bs\u0173 mediniu muzikos stalu!\u00a0\u0160is interaktyvus \u017eaislas yra puikus b\u016bdas\u00a0lavinti j\u016bs\u0173 vaiko muzikin\u0119 klaus\u0105, ritmo poj\u016bt\u012f\u00a0ir k\u016brybi\u0161kum\u0105\u00a0. Kiekviename stalo elemente yra\u00a0skirting\u0173, \u017eavi\u0173 instrument\u0173\u00a0, kurie skatina eksperimentuoti ir kurti savo melodijas.<\/p>\n<p>\u2705 Charakteristikos:<\/p>\n<p>\u2714\ufe0f\u00a0\u00a0\u017eaislas vaikams\u00a0nuo 18 m\u0117nesi\u0173 am\u017eiaus<br \/>\n\u2714\ufe0f\u00a0gra\u017eios pastelin\u0117s spalvos<br \/>\n\u2714\ufe0f\u00a0pagamintas i\u0161 med\u017eio, da\u017eytas saugiais da\u017eais<br \/>\n\u2714\ufe0f\u00a0skatina motorin\u012f ir protin\u012f vystym\u0105si<br \/>\n\u2714\ufe0f\u00a0\u00a0pagamintas i\u0161 med\u017eio, saugiu vaikui b\u016bdu<\/p>\n<p>\u2705\u00a0Stalo ypatyb\u0117s:<\/p>\n<p>\u2714\ufe0f\u00a0L\u0117k\u0161t\u0117s:\u00a0Spalvingos plytel\u0117s skleid\u017eia ai\u0161kius, melodingus garsus, supa\u017eindindamos vaikus su muzikos pasauliu.<br \/>\n\u2714\ufe0f\u00a0L\u0117k\u0161t\u0117:\u00a0Metalin\u0117 l\u0117k\u0161t\u0117 su sodriu garsu, puikiai tinka ritmui barbenti.<br \/>\n\u2714\ufe0f\u00a0B\u016bgnas:\u00a0Medinis b\u016bgnas su \u0161iltu, giliu garsu, puikiai tinka ritmo mokymuisi.<br \/>\n\u2714\ufe0f\u00a0Varpeliai:\u00a0Mink\u0161ti, metaliniai varpeliai su maloniu, raminan\u010diu garsu.<br \/>\n\u2714\ufe0f\u00a0Guiro:\u00a0Medinis mu\u0161amasis instrumentas, kuris trinant skleid\u017eia savit\u0105 gars\u0105.<br \/>\n\u2714\ufe0f\u00a0Bar\u0161kutis:Medinis bar\u0161kutis su \u0161velniu, ritmingu garsu, puikiai tinka jauniausiems muzikantams.<br \/>\n\u2714\ufe0f\u00a0B\u016bgn\u0173 lazdel\u0117s:Dvi medin\u0117s b\u016bgn\u0173 lazdel\u0117s, puikiai tinkan\u010dios ritmui barbenti ir garsams tyrin\u0117ti.<\/p>","protected":false},"excerpt":{"rendered":"<p>Atraskite magi\u0161k\u0105 gars\u0173 pasaul\u012f su\u00a0m\u016bs\u0173 mediniu muzikos stalu!\u00a0\u0160is interaktyvus \u017eaislas yra puikus b\u016bdas\u00a0lavinti j\u016bs\u0173 vaiko muzikin\u0119 klaus\u0105, ritmo poj\u016bt\u012f\u00a0ir k\u016brybi\u0161kum\u0105\u00a0.<\/p>","protected":false},"featured_media":77972,"template":"","meta":{"_acf_changed":false,"_glsr_average":0,"_glsr_ranking":0,"_glsr_reviews":0},"product_brand":[],"product_cat":[675,449,229],"product_tag":[],"class_list":{"0":"post-77970","1":"product","2":"type-product","3":"status-publish","4":"has-post-thumbnail","6":"product_cat-edukaciniai-staliukai","7":"product_cat-muzikiniai","8":"product_cat-zaislai-vaikams","9":"\"style=\"background-color: #2ecc711c;\"","11":"first","12":"instock","13":"purchasable","14":"product-type-simple"},"acf":[],"yoast_head":"<!-- This site is optimized with the Yoast SEO plugin v27.3 - https:\/\/yoast.com\/product\/yoast-seo-wordpress\/ -->\n<title>Viga medinis edukacinis muzikinis sensorinis stalas 7in1<\/title>\n<meta name=\"description\" content=\"Viga medinis edukacinis muzikinis sensorinis stalas 7in1 - KidsPlay. Did\u017eiausias vaik\u0173 \u017eaisl\u0173 pasirinkimas.\" \/>\n<meta name=\"robots\" content=\"index, follow, max-snippet:-1, max-image-preview:large, max-video-preview:-1\" \/>\n<link rel=\"canonical\" href=\"https:\/\/kidsplay.lt\/lv\/products\/viga-medinis-edukacinis-muzikinis-sensorinis-stalas-7in1\/\" \/>\n<meta property=\"og:locale\" content=\"lv_LV\" \/>\n<meta property=\"og:type\" content=\"article\" \/>\n<meta property=\"og:title\" content=\"Viga medinis edukacinis muzikinis sensorinis stalas 7in1\" \/>\n<meta property=\"og:description\" content=\"Viga medinis edukacinis muzikinis sensorinis stalas 7in1 - KidsPlay. Did\u017eiausias vaik\u0173 \u017eaisl\u0173 pasirinkimas.\" \/>\n<meta property=\"og:url\" content=\"https:\/\/kidsplay.lt\/lv\/products\/viga-medinis-edukacinis-muzikinis-sensorinis-stalas-7in1\/\" \/>\n<meta property=\"og:site_name\" content=\"KidsPlay\" \/>\n<meta property=\"article:publisher\" content=\"https:\/\/www.facebook.com\/www.kidsplay.lt\" \/>\n<meta property=\"article:modified_time\" content=\"2026-04-07T07:13:22+00:00\" \/>\n<meta property=\"og:image\" content=\"https:\/\/kidsplay.lt\/wp-content\/uploads\/2025\/10\/Viga-medinis-edukacinis-muzikinis-sensorinis-stalas-7in1.jpg\" \/>\n\t<meta property=\"og:image:width\" content=\"2560\" \/>\n\t<meta property=\"og:image:height\" content=\"2560\" \/>\n\t<meta property=\"og:image:type\" content=\"image\/jpeg\" \/>\n<meta name=\"twitter:card\" content=\"summary_large_image\" \/>\n<meta name=\"twitter:label1\" content=\"Est. reading time\" \/>\n\t<meta name=\"twitter:data1\" content=\"1 min\u016bte\" \/>\n<script type=\"application\/ld+json\" class=\"yoast-schema-graph\">{\"@context\":\"https:\\\/\\\/schema.org\",\"@graph\":[{\"@type\":\"WebPage\",\"@id\":\"https:\\\/\\\/kidsplay.lt\\\/produktas\\\/viga-medinis-edukacinis-muzikinis-sensorinis-stalas-7in1\\\/\",\"url\":\"https:\\\/\\\/kidsplay.lt\\\/produktas\\\/viga-medinis-edukacinis-muzikinis-sensorinis-stalas-7in1\\\/\",\"name\":\"Viga medinis edukacinis muzikinis sensorinis stalas 7in1\",\"isPartOf\":{\"@id\":\"https:\\\/\\\/kidsplay.lt\\\/#website\"},\"primaryImageOfPage\":{\"@id\":\"https:\\\/\\\/kidsplay.lt\\\/produktas\\\/viga-medinis-edukacinis-muzikinis-sensorinis-stalas-7in1\\\/#primaryimage\"},\"image\":{\"@id\":\"https:\\\/\\\/kidsplay.lt\\\/produktas\\\/viga-medinis-edukacinis-muzikinis-sensorinis-stalas-7in1\\\/#primaryimage\"},\"thumbnailUrl\":\"https:\\\/\\\/kidsplay.lt\\\/wp-content\\\/uploads\\\/2025\\\/10\\\/Viga-medinis-edukacinis-muzikinis-sensorinis-stalas-7in1.jpg\",\"datePublished\":\"2025-10-23T10:53:37+00:00\",\"dateModified\":\"2026-04-07T07:13:22+00:00\",\"description\":\"Viga medinis edukacinis muzikinis sensorinis stalas 7in1 - KidsPlay. Did\u017eiausias vaik\u0173 \u017eaisl\u0173 pasirinkimas.\",\"breadcrumb\":{\"@id\":\"https:\\\/\\\/kidsplay.lt\\\/produktas\\\/viga-medinis-edukacinis-muzikinis-sensorinis-stalas-7in1\\\/#breadcrumb\"},\"inLanguage\":\"lv-LV\",\"potentialAction\":[{\"@type\":\"ReadAction\",\"target\":[\"https:\\\/\\\/kidsplay.lt\\\/produktas\\\/viga-medinis-edukacinis-muzikinis-sensorinis-stalas-7in1\\\/\"]}]},{\"@type\":\"ImageObject\",\"inLanguage\":\"lv-LV\",\"@id\":\"https:\\\/\\\/kidsplay.lt\\\/produktas\\\/viga-medinis-edukacinis-muzikinis-sensorinis-stalas-7in1\\\/#primaryimage\",\"url\":\"https:\\\/\\\/kidsplay.lt\\\/wp-content\\\/uploads\\\/2025\\\/10\\\/Viga-medinis-edukacinis-muzikinis-sensorinis-stalas-7in1.jpg\",\"contentUrl\":\"https:\\\/\\\/kidsplay.lt\\\/wp-content\\\/uploads\\\/2025\\\/10\\\/Viga-medinis-edukacinis-muzikinis-sensorinis-stalas-7in1.jpg\",\"width\":2560,\"height\":2560,\"caption\":\"Viga medinis edukacinis muzikinis sensorinis stalas 7in1\"},{\"@type\":\"BreadcrumbList\",\"@id\":\"https:\\\/\\\/kidsplay.lt\\\/produktas\\\/viga-medinis-edukacinis-muzikinis-sensorinis-stalas-7in1\\\/#breadcrumb\",\"itemListElement\":[{\"@type\":\"ListItem\",\"position\":1,\"name\":\"Pagrindinis\",\"item\":\"https:\\\/\\\/kidsplay.lt\\\/\"},{\"@type\":\"ListItem\",\"position\":2,\"name\":\"Parduotuv\u0117\",\"item\":\"https:\\\/\\\/kidsplay.lt\\\/parduotuve\\\/\"},{\"@type\":\"ListItem\",\"position\":3,\"name\":\"Viga medinis edukacinis muzikinis sensorinis stalas 7in1\"}]},{\"@type\":\"WebSite\",\"@id\":\"https:\\\/\\\/kidsplay.lt\\\/#website\",\"url\":\"https:\\\/\\\/kidsplay.lt\\\/\",\"name\":\"Kidsplay.lt\",\"description\":\"\u012evairios prek\u0117s vaikams\",\"publisher\":{\"@id\":\"https:\\\/\\\/kidsplay.lt\\\/#organization\"},\"alternateName\":\"Kidsplay\",\"potentialAction\":[{\"@type\":\"SearchAction\",\"target\":{\"@type\":\"EntryPoint\",\"urlTemplate\":\"https:\\\/\\\/kidsplay.lt\\\/?s={search_term_string}\"},\"query-input\":{\"@type\":\"PropertyValueSpecification\",\"valueRequired\":true,\"valueName\":\"search_term_string\"}}],\"inLanguage\":\"lv-LV\"},{\"@type\":\"Organization\",\"@id\":\"https:\\\/\\\/kidsplay.lt\\\/#organization\",\"name\":\"KidsPlay\",\"url\":\"https:\\\/\\\/kidsplay.lt\\\/\",\"logo\":{\"@type\":\"ImageObject\",\"inLanguage\":\"lv-LV\",\"@id\":\"https:\\\/\\\/kidsplay.lt\\\/#\\\/schema\\\/logo\\\/image\\\/\",\"url\":\"https:\\\/\\\/kidsplay.lt\\\/wp-content\\\/uploads\\\/2023\\\/07\\\/kidsplay-logo.png\",\"contentUrl\":\"https:\\\/\\\/kidsplay.lt\\\/wp-content\\\/uploads\\\/2023\\\/07\\\/kidsplay-logo.png\",\"width\":451,\"height\":98,\"caption\":\"KidsPlay\"},\"image\":{\"@id\":\"https:\\\/\\\/kidsplay.lt\\\/#\\\/schema\\\/logo\\\/image\\\/\"},\"sameAs\":[\"https:\\\/\\\/www.facebook.com\\\/www.kidsplay.lt\"]}]}<\/script>\n<!-- \/ Yoast SEO plugin. -->","yoast_head_json":{"title":"Viga koka izgl\u012btojo\u0161ais muzik\u0101lais sensoriskais galds 7in1","description":"Viga medinis edukacinis muzikinis sensorinis stalas 7in1 - KidsPlay. Did\u017eiausias vaik\u0173 \u017eaisl\u0173 pasirinkimas.","robots":{"index":"index","follow":"follow","max-snippet":"max-snippet:-1","max-image-preview":"max-image-preview:large","max-video-preview":"max-video-preview:-1"},"canonical":"https:\/\/kidsplay.lt\/lv\/products\/viga-medinis-edukacinis-muzikinis-sensorinis-stalas-7in1\/","og_locale":"lv_LV","og_type":"article","og_title":"Viga medinis edukacinis muzikinis sensorinis stalas 7in1","og_description":"Viga medinis edukacinis muzikinis sensorinis stalas 7in1 - KidsPlay. Did\u017eiausias vaik\u0173 \u017eaisl\u0173 pasirinkimas.","og_url":"https:\/\/kidsplay.lt\/lv\/products\/viga-medinis-edukacinis-muzikinis-sensorinis-stalas-7in1\/","og_site_name":"KidsPlay","article_publisher":"https:\/\/www.facebook.com\/www.kidsplay.lt","article_modified_time":"2026-04-07T07:13:22+00:00","og_image":[{"width":2560,"height":2560,"url":"https:\/\/kidsplay.lt\/wp-content\/uploads\/2025\/10\/Viga-medinis-edukacinis-muzikinis-sensorinis-stalas-7in1.jpg","type":"image\/jpeg"}],"twitter_card":"summary_large_image","twitter_misc":{"Est. reading time":"1 min\u016bte"},"schema":{"@context":"https:\/\/schema.org","@graph":[{"@type":"WebPage","@id":"https:\/\/kidsplay.lt\/produktas\/viga-medinis-edukacinis-muzikinis-sensorinis-stalas-7in1\/","url":"https:\/\/kidsplay.lt\/produktas\/viga-medinis-edukacinis-muzikinis-sensorinis-stalas-7in1\/","name":"Viga koka izgl\u012btojo\u0161ais muzik\u0101lais sensoriskais galds 7in1","isPartOf":{"@id":"https:\/\/kidsplay.lt\/#website"},"primaryImageOfPage":{"@id":"https:\/\/kidsplay.lt\/produktas\/viga-medinis-edukacinis-muzikinis-sensorinis-stalas-7in1\/#primaryimage"},"image":{"@id":"https:\/\/kidsplay.lt\/produktas\/viga-medinis-edukacinis-muzikinis-sensorinis-stalas-7in1\/#primaryimage"},"thumbnailUrl":"https:\/\/kidsplay.lt\/wp-content\/uploads\/2025\/10\/Viga-medinis-edukacinis-muzikinis-sensorinis-stalas-7in1.jpg","datePublished":"2025-10-23T10:53:37+00:00","dateModified":"2026-04-07T07:13:22+00:00","description":"Viga medinis edukacinis muzikinis sensorinis stalas 7in1 - KidsPlay. Did\u017eiausias vaik\u0173 \u017eaisl\u0173 pasirinkimas.","breadcrumb":{"@id":"https:\/\/kidsplay.lt\/produktas\/viga-medinis-edukacinis-muzikinis-sensorinis-stalas-7in1\/#breadcrumb"},"inLanguage":"lv-LV","potentialAction":[{"@type":"ReadAction","target":["https:\/\/kidsplay.lt\/produktas\/viga-medinis-edukacinis-muzikinis-sensorinis-stalas-7in1\/"]}]},{"@type":"ImageObject","inLanguage":"lv-LV","@id":"https:\/\/kidsplay.lt\/produktas\/viga-medinis-edukacinis-muzikinis-sensorinis-stalas-7in1\/#primaryimage","url":"https:\/\/kidsplay.lt\/wp-content\/uploads\/2025\/10\/Viga-medinis-edukacinis-muzikinis-sensorinis-stalas-7in1.jpg","contentUrl":"https:\/\/kidsplay.lt\/wp-content\/uploads\/2025\/10\/Viga-medinis-edukacinis-muzikinis-sensorinis-stalas-7in1.jpg","width":2560,"height":2560,"caption":"Viga medinis edukacinis muzikinis sensorinis stalas 7in1"},{"@type":"BreadcrumbList","@id":"https:\/\/kidsplay.lt\/produktas\/viga-medinis-edukacinis-muzikinis-sensorinis-stalas-7in1\/#breadcrumb","itemListElement":[{"@type":"ListItem","position":1,"name":"Pagrindinis","item":"https:\/\/kidsplay.lt\/"},{"@type":"ListItem","position":2,"name":"Parduotuv\u0117","item":"https:\/\/kidsplay.lt\/parduotuve\/"},{"@type":"ListItem","position":3,"name":"Viga medinis edukacinis muzikinis sensorinis stalas 7in1"}]},{"@type":"WebSite","@id":"https:\/\/kidsplay.lt\/#website","url":"https:\/\/kidsplay.lt\/","name":"B\u0113rnu sp\u0113les.lv","description":"\u012evairios prek\u0117s vaikams","publisher":{"@id":"https:\/\/kidsplay.lt\/#organization"},"alternateName":"Kidsplay","potentialAction":[{"@type":"SearchAction","target":{"@type":"EntryPoint","urlTemplate":"https:\/\/kidsplay.lt\/?s={search_term_string}"},"query-input":{"@type":"PropertyValueSpecification","valueRequired":true,"valueName":"search_term_string"}}],"inLanguage":"lv-LV"},{"@type":"Organization","@id":"https:\/\/kidsplay.lt\/#organization","name":"B\u0113rnu sp\u0113le","url":"https:\/\/kidsplay.lt\/","logo":{"@type":"ImageObject","inLanguage":"lv-LV","@id":"https:\/\/kidsplay.lt\/#\/schema\/logo\/image\/","url":"https:\/\/kidsplay.lt\/wp-content\/uploads\/2023\/07\/kidsplay-logo.png","contentUrl":"https:\/\/kidsplay.lt\/wp-content\/uploads\/2023\/07\/kidsplay-logo.png","width":451,"height":98,"caption":"KidsPlay"},"image":{"@id":"https:\/\/kidsplay.lt\/#\/schema\/logo\/image\/"},"sameAs":["https:\/\/www.facebook.com\/www.kidsplay.lt"]}]}},"_links":{"self":[{"href":"https:\/\/kidsplay.lt\/lv\/wp-json\/wp\/v2\/product\/77970","targetHints":{"allow":["GET"]}}],"collection":[{"href":"https:\/\/kidsplay.lt\/lv\/wp-json\/wp\/v2\/product"}],"about":[{"href":"https:\/\/kidsplay.lt\/lv\/wp-json\/wp\/v2\/types\/product"}],"version-history":[{"count":1,"href":"https:\/\/kidsplay.lt\/lv\/wp-json\/wp\/v2\/product\/77970\/revisions"}],"predecessor-version":[{"id":77971,"href":"https:\/\/kidsplay.lt\/lv\/wp-json\/wp\/v2\/product\/77970\/revisions\/77971"}],"wp:featuredmedia":[{"embeddable":true,"href":"https:\/\/kidsplay.lt\/lv\/wp-json\/wp\/v2\/media\/77972"}],"wp:attachment":[{"href":"https:\/\/kidsplay.lt\/lv\/wp-json\/wp\/v2\/media?parent=77970"}],"wp:term":[{"taxonomy":"product_brand","embeddable":true,"href":"https:\/\/kidsplay.lt\/lv\/wp-json\/wp\/v2\/product_brand?post=77970"},{"taxonomy":"product_cat","embeddable":true,"href":"https:\/\/kidsplay.lt\/lv\/wp-json\/wp\/v2\/product_cat?post=77970"},{"taxonomy":"product_tag","embeddable":true,"href":"https:\/\/kidsplay.lt\/lv\/wp-json\/wp\/v2\/product_tag?post=77970"}],"curies":[{"name":"wp","href":"https:\/\/api.w.org\/{rel}","templated":true}]}}