{"id":77975,"date":"2025-10-23T13:53:50","date_gmt":"2025-10-23T10:53:50","guid":{"rendered":"https:\/\/kidsplay.lt\/produktas\/woopie-baby-pirmasis-puodukas-vaikams-su-muzika-3in1-kedes-laiptelis\/"},"modified":"2026-04-07T10:13:29","modified_gmt":"2026-04-07T07:13:29","slug":"woopie-baby-pirmasis-puodukas-vaikams-su-muzika-3in1-kedes-laiptelis","status":"publish","type":"product","link":"https:\/\/kidsplay.lt\/lv\/products\/woopie-baby-pirmasis-puodukas-vaikams-su-muzika-3in1-kedes-laiptelis\/","title":{"rendered":"WOOPIE BABY pirmasis puodukas vaikams su muzika 3in1 k\u0117d\u0117s laiptelis"},"content":{"rendered":"<p>WOOPIE\u00a0dainuojantis\u00a0puodukas\u00a0paspartins j\u016bs\u0173 vaiko\u00a0mokym\u0105si\u00a0savaranki\u0161kai naudotis puoduku! Plati,\u00a0ergonomi\u0161ka\u00a0s\u0117dyn\u0117, \u0161onin\u0117s rankenos ir stabilus pagrindas idealiai tinka vaikams. \u012emontuotos\u00a0melodijos\u00a0, kurias galima bet kada \u012fjungti ir i\u0161jungti, u\u017etikrins j\u016bs\u0173 vaiko pramog\u0105. Jis sukurtas\u00a0galvojant apie t\u0117vus , nes\u00a0puoduko\u00a0i\u0161tu\u0161tinimas trunka vos kelias akimirkas! Sulankstytas puodukas taip pat gali b\u016bti naudojamas kaip\u00a0s\u0117dyn\u0117\u00a0arba\u00a0laiptelis\u00a0prie kriaukl\u0117s. \u0160is auk\u0161\u010diausios kokyb\u0117s produktas pagamintas i\u0161 geriausi\u0173 ir saugiausi\u0173 med\u017eiag\u0173.<\/p>\n<p>Rakstur\u012bgs:<\/p>\n<p> \t&#8211; \u017eaislas\u00a0nuo 18 m\u0117nesi\u0173 am\u017eiaus,<br \/>\n \t&#8211;\u00a03 viename\u00a0&#8211; tualetas, laiptelis, k\u0117d\u0117,<br \/>\n \t&#8211;\u00a0garso funkcijos\u00a0&#8211; melodijos (galima bet kada \u012fjungti ir i\u0161jungti),<br \/>\n \t&#8211; karali\u0161kas dizainas,<br \/>\n \t&#8211;\u00a0patogu\u00a0vaikui &#8211; plati, ergonomi\u0161ka s\u0117dyn\u0117 ir rankenos \u0161one,<br \/>\n \t&#8211; tvirtas plastikas,<br \/>\n \t&#8211; lengva i\u0161tu\u0161tinti,<br \/>\n \t&#8211; pagaminta i\u0161 auk\u0161\u010diausios kokyb\u0117s med\u017eiag\u0173,<br \/>\n \t&#8211;\u00a0Reikalingos baterijos:\u00a02 x 1,5 AA (nepridedamos).<\/p>","protected":false},"excerpt":{"rendered":"<p>WOOPIE\u00a0dainuojantis\u00a0puodukas\u00a0paspartins j\u016bs\u0173 vaiko\u00a0mokym\u0105si\u00a0savaranki\u0161kai naudotis puoduku! Plati,\u00a0ergonomi\u0161ka\u00a0s\u0117dyn\u0117, \u0161onin\u0117s rankenos ir stabilus pagrindas idealiai tinka vaikams. \u012emontuotos\u00a0melodijos\u00a0, kurias galima bet kada \u012fjungti<\/p>","protected":false},"featured_media":77977,"template":"","meta":{"_acf_changed":false,"_glsr_average":0,"_glsr_ranking":0,"_glsr_reviews":0},"product_brand":[],"product_cat":[303,284],"product_tag":[],"class_list":{"0":"post-77975","1":"product","2":"type-product","3":"status-publish","4":"has-post-thumbnail","6":"product_cat-naktipuodziai","7":"product_cat-vonios-reikmenys","8":"\"style=\"background-color: #2ecc711c;\"","10":"first","11":"instock","12":"purchasable","13":"product-type-simple"},"acf":[],"yoast_head":"<!-- This site is optimized with the Yoast SEO plugin v27.3 - https:\/\/yoast.com\/product\/yoast-seo-wordpress\/ -->\n<title>WOOPIE BABY pirmasis puodukas vaikams su muzika 3in1 k\u0117d\u0117s laiptelis<\/title>\n<meta name=\"description\" content=\"WOOPIE BABY pirmasis puodukas vaikams su muzika 3in1 k\u0117d\u0117s laiptelis - KidsPlay. Did\u017eiausias vaik\u0173 \u017eaisl\u0173 pasirinkimas.\" \/>\n<meta name=\"robots\" content=\"index, follow, max-snippet:-1, max-image-preview:large, max-video-preview:-1\" \/>\n<link rel=\"canonical\" href=\"https:\/\/kidsplay.lt\/lv\/products\/woopie-baby-pirmasis-puodukas-vaikams-su-muzika-3in1-kedes-laiptelis\/\" \/>\n<meta property=\"og:locale\" content=\"lv_LV\" \/>\n<meta property=\"og:type\" content=\"article\" \/>\n<meta property=\"og:title\" content=\"WOOPIE BABY pirmasis puodukas vaikams su muzika 3in1 k\u0117d\u0117s laiptelis\" \/>\n<meta property=\"og:description\" content=\"WOOPIE BABY pirmasis puodukas vaikams su muzika 3in1 k\u0117d\u0117s laiptelis - KidsPlay. Did\u017eiausias vaik\u0173 \u017eaisl\u0173 pasirinkimas.\" \/>\n<meta property=\"og:url\" content=\"https:\/\/kidsplay.lt\/lv\/products\/woopie-baby-pirmasis-puodukas-vaikams-su-muzika-3in1-kedes-laiptelis\/\" \/>\n<meta property=\"og:site_name\" content=\"KidsPlay\" \/>\n<meta property=\"article:publisher\" content=\"https:\/\/www.facebook.com\/www.kidsplay.lt\" \/>\n<meta property=\"article:modified_time\" content=\"2026-04-07T07:13:29+00:00\" \/>\n<meta property=\"og:image\" content=\"https:\/\/kidsplay.lt\/wp-content\/uploads\/2025\/10\/WOOPIE-BABY-pirmasis-puodukas-vaikams-su-muzika-3in1-kedes-laiptelis.jpg\" \/>\n\t<meta property=\"og:image:width\" content=\"2560\" \/>\n\t<meta property=\"og:image:height\" content=\"2560\" \/>\n\t<meta property=\"og:image:type\" content=\"image\/jpeg\" \/>\n<meta name=\"twitter:card\" content=\"summary_large_image\" \/>\n<meta name=\"twitter:label1\" content=\"Est. reading time\" \/>\n\t<meta name=\"twitter:data1\" content=\"1 min\u016bte\" \/>\n<script type=\"application\/ld+json\" class=\"yoast-schema-graph\">{\"@context\":\"https:\\\/\\\/schema.org\",\"@graph\":[{\"@type\":\"WebPage\",\"@id\":\"https:\\\/\\\/kidsplay.lt\\\/produktas\\\/woopie-baby-pirmasis-puodukas-vaikams-su-muzika-3in1-kedes-laiptelis\\\/\",\"url\":\"https:\\\/\\\/kidsplay.lt\\\/produktas\\\/woopie-baby-pirmasis-puodukas-vaikams-su-muzika-3in1-kedes-laiptelis\\\/\",\"name\":\"WOOPIE BABY pirmasis puodukas vaikams su muzika 3in1 k\u0117d\u0117s laiptelis\",\"isPartOf\":{\"@id\":\"https:\\\/\\\/kidsplay.lt\\\/#website\"},\"primaryImageOfPage\":{\"@id\":\"https:\\\/\\\/kidsplay.lt\\\/produktas\\\/woopie-baby-pirmasis-puodukas-vaikams-su-muzika-3in1-kedes-laiptelis\\\/#primaryimage\"},\"image\":{\"@id\":\"https:\\\/\\\/kidsplay.lt\\\/produktas\\\/woopie-baby-pirmasis-puodukas-vaikams-su-muzika-3in1-kedes-laiptelis\\\/#primaryimage\"},\"thumbnailUrl\":\"https:\\\/\\\/kidsplay.lt\\\/wp-content\\\/uploads\\\/2025\\\/10\\\/WOOPIE-BABY-pirmasis-puodukas-vaikams-su-muzika-3in1-kedes-laiptelis.jpg\",\"datePublished\":\"2025-10-23T10:53:50+00:00\",\"dateModified\":\"2026-04-07T07:13:29+00:00\",\"description\":\"WOOPIE BABY pirmasis puodukas vaikams su muzika 3in1 k\u0117d\u0117s laiptelis - KidsPlay. Did\u017eiausias vaik\u0173 \u017eaisl\u0173 pasirinkimas.\",\"breadcrumb\":{\"@id\":\"https:\\\/\\\/kidsplay.lt\\\/produktas\\\/woopie-baby-pirmasis-puodukas-vaikams-su-muzika-3in1-kedes-laiptelis\\\/#breadcrumb\"},\"inLanguage\":\"lv-LV\",\"potentialAction\":[{\"@type\":\"ReadAction\",\"target\":[\"https:\\\/\\\/kidsplay.lt\\\/produktas\\\/woopie-baby-pirmasis-puodukas-vaikams-su-muzika-3in1-kedes-laiptelis\\\/\"]}]},{\"@type\":\"ImageObject\",\"inLanguage\":\"lv-LV\",\"@id\":\"https:\\\/\\\/kidsplay.lt\\\/produktas\\\/woopie-baby-pirmasis-puodukas-vaikams-su-muzika-3in1-kedes-laiptelis\\\/#primaryimage\",\"url\":\"https:\\\/\\\/kidsplay.lt\\\/wp-content\\\/uploads\\\/2025\\\/10\\\/WOOPIE-BABY-pirmasis-puodukas-vaikams-su-muzika-3in1-kedes-laiptelis.jpg\",\"contentUrl\":\"https:\\\/\\\/kidsplay.lt\\\/wp-content\\\/uploads\\\/2025\\\/10\\\/WOOPIE-BABY-pirmasis-puodukas-vaikams-su-muzika-3in1-kedes-laiptelis.jpg\",\"width\":2560,\"height\":2560,\"caption\":\"WOOPIE BABY pirmasis puodukas vaikams su muzika 3in1 k\u0117d\u0117s laiptelis\"},{\"@type\":\"BreadcrumbList\",\"@id\":\"https:\\\/\\\/kidsplay.lt\\\/produktas\\\/woopie-baby-pirmasis-puodukas-vaikams-su-muzika-3in1-kedes-laiptelis\\\/#breadcrumb\",\"itemListElement\":[{\"@type\":\"ListItem\",\"position\":1,\"name\":\"Pagrindinis\",\"item\":\"https:\\\/\\\/kidsplay.lt\\\/\"},{\"@type\":\"ListItem\",\"position\":2,\"name\":\"Parduotuv\u0117\",\"item\":\"https:\\\/\\\/kidsplay.lt\\\/parduotuve\\\/\"},{\"@type\":\"ListItem\",\"position\":3,\"name\":\"WOOPIE BABY pirmasis puodukas vaikams su muzika 3in1 k\u0117d\u0117s laiptelis\"}]},{\"@type\":\"WebSite\",\"@id\":\"https:\\\/\\\/kidsplay.lt\\\/#website\",\"url\":\"https:\\\/\\\/kidsplay.lt\\\/\",\"name\":\"Kidsplay.lt\",\"description\":\"\u012evairios prek\u0117s vaikams\",\"publisher\":{\"@id\":\"https:\\\/\\\/kidsplay.lt\\\/#organization\"},\"alternateName\":\"Kidsplay\",\"potentialAction\":[{\"@type\":\"SearchAction\",\"target\":{\"@type\":\"EntryPoint\",\"urlTemplate\":\"https:\\\/\\\/kidsplay.lt\\\/?s={search_term_string}\"},\"query-input\":{\"@type\":\"PropertyValueSpecification\",\"valueRequired\":true,\"valueName\":\"search_term_string\"}}],\"inLanguage\":\"lv-LV\"},{\"@type\":\"Organization\",\"@id\":\"https:\\\/\\\/kidsplay.lt\\\/#organization\",\"name\":\"KidsPlay\",\"url\":\"https:\\\/\\\/kidsplay.lt\\\/\",\"logo\":{\"@type\":\"ImageObject\",\"inLanguage\":\"lv-LV\",\"@id\":\"https:\\\/\\\/kidsplay.lt\\\/#\\\/schema\\\/logo\\\/image\\\/\",\"url\":\"https:\\\/\\\/kidsplay.lt\\\/wp-content\\\/uploads\\\/2023\\\/07\\\/kidsplay-logo.png\",\"contentUrl\":\"https:\\\/\\\/kidsplay.lt\\\/wp-content\\\/uploads\\\/2023\\\/07\\\/kidsplay-logo.png\",\"width\":451,\"height\":98,\"caption\":\"KidsPlay\"},\"image\":{\"@id\":\"https:\\\/\\\/kidsplay.lt\\\/#\\\/schema\\\/logo\\\/image\\\/\"},\"sameAs\":[\"https:\\\/\\\/www.facebook.com\\\/www.kidsplay.lt\"]}]}<\/script>\n<!-- \/ Yoast SEO plugin. -->","yoast_head_json":{"title":"WOOPIE BABY pirmasis puodukas vaikams su muzika 3in1 k\u0117d\u0117s laiptelis","description":"WOOPIE BABY pirmasis puodukas vaikams su muzika 3in1 k\u0117d\u0117s laiptelis - KidsPlay. Did\u017eiausias vaik\u0173 \u017eaisl\u0173 pasirinkimas.","robots":{"index":"index","follow":"follow","max-snippet":"max-snippet:-1","max-image-preview":"max-image-preview:large","max-video-preview":"max-video-preview:-1"},"canonical":"https:\/\/kidsplay.lt\/lv\/products\/woopie-baby-pirmasis-puodukas-vaikams-su-muzika-3in1-kedes-laiptelis\/","og_locale":"lv_LV","og_type":"article","og_title":"WOOPIE BABY pirmasis puodukas vaikams su muzika 3in1 k\u0117d\u0117s laiptelis","og_description":"WOOPIE BABY pirmasis puodukas vaikams su muzika 3in1 k\u0117d\u0117s laiptelis - KidsPlay. Did\u017eiausias vaik\u0173 \u017eaisl\u0173 pasirinkimas.","og_url":"https:\/\/kidsplay.lt\/lv\/products\/woopie-baby-pirmasis-puodukas-vaikams-su-muzika-3in1-kedes-laiptelis\/","og_site_name":"KidsPlay","article_publisher":"https:\/\/www.facebook.com\/www.kidsplay.lt","article_modified_time":"2026-04-07T07:13:29+00:00","og_image":[{"width":2560,"height":2560,"url":"https:\/\/kidsplay.lt\/wp-content\/uploads\/2025\/10\/WOOPIE-BABY-pirmasis-puodukas-vaikams-su-muzika-3in1-kedes-laiptelis.jpg","type":"image\/jpeg"}],"twitter_card":"summary_large_image","twitter_misc":{"Est. reading time":"1 min\u016bte"},"schema":{"@context":"https:\/\/schema.org","@graph":[{"@type":"WebPage","@id":"https:\/\/kidsplay.lt\/produktas\/woopie-baby-pirmasis-puodukas-vaikams-su-muzika-3in1-kedes-laiptelis\/","url":"https:\/\/kidsplay.lt\/produktas\/woopie-baby-pirmasis-puodukas-vaikams-su-muzika-3in1-kedes-laiptelis\/","name":"WOOPIE BABY pirmasis puodukas vaikams su muzika 3in1 k\u0117d\u0117s laiptelis","isPartOf":{"@id":"https:\/\/kidsplay.lt\/#website"},"primaryImageOfPage":{"@id":"https:\/\/kidsplay.lt\/produktas\/woopie-baby-pirmasis-puodukas-vaikams-su-muzika-3in1-kedes-laiptelis\/#primaryimage"},"image":{"@id":"https:\/\/kidsplay.lt\/produktas\/woopie-baby-pirmasis-puodukas-vaikams-su-muzika-3in1-kedes-laiptelis\/#primaryimage"},"thumbnailUrl":"https:\/\/kidsplay.lt\/wp-content\/uploads\/2025\/10\/WOOPIE-BABY-pirmasis-puodukas-vaikams-su-muzika-3in1-kedes-laiptelis.jpg","datePublished":"2025-10-23T10:53:50+00:00","dateModified":"2026-04-07T07:13:29+00:00","description":"WOOPIE BABY pirmasis puodukas vaikams su muzika 3in1 k\u0117d\u0117s laiptelis - KidsPlay. Did\u017eiausias vaik\u0173 \u017eaisl\u0173 pasirinkimas.","breadcrumb":{"@id":"https:\/\/kidsplay.lt\/produktas\/woopie-baby-pirmasis-puodukas-vaikams-su-muzika-3in1-kedes-laiptelis\/#breadcrumb"},"inLanguage":"lv-LV","potentialAction":[{"@type":"ReadAction","target":["https:\/\/kidsplay.lt\/produktas\/woopie-baby-pirmasis-puodukas-vaikams-su-muzika-3in1-kedes-laiptelis\/"]}]},{"@type":"ImageObject","inLanguage":"lv-LV","@id":"https:\/\/kidsplay.lt\/produktas\/woopie-baby-pirmasis-puodukas-vaikams-su-muzika-3in1-kedes-laiptelis\/#primaryimage","url":"https:\/\/kidsplay.lt\/wp-content\/uploads\/2025\/10\/WOOPIE-BABY-pirmasis-puodukas-vaikams-su-muzika-3in1-kedes-laiptelis.jpg","contentUrl":"https:\/\/kidsplay.lt\/wp-content\/uploads\/2025\/10\/WOOPIE-BABY-pirmasis-puodukas-vaikams-su-muzika-3in1-kedes-laiptelis.jpg","width":2560,"height":2560,"caption":"WOOPIE BABY pirmasis puodukas vaikams su muzika 3in1 k\u0117d\u0117s laiptelis"},{"@type":"BreadcrumbList","@id":"https:\/\/kidsplay.lt\/produktas\/woopie-baby-pirmasis-puodukas-vaikams-su-muzika-3in1-kedes-laiptelis\/#breadcrumb","itemListElement":[{"@type":"ListItem","position":1,"name":"Pagrindinis","item":"https:\/\/kidsplay.lt\/"},{"@type":"ListItem","position":2,"name":"Parduotuv\u0117","item":"https:\/\/kidsplay.lt\/parduotuve\/"},{"@type":"ListItem","position":3,"name":"WOOPIE BABY pirmasis puodukas vaikams su muzika 3in1 k\u0117d\u0117s laiptelis"}]},{"@type":"WebSite","@id":"https:\/\/kidsplay.lt\/#website","url":"https:\/\/kidsplay.lt\/","name":"B\u0113rnu sp\u0113les.lv","description":"\u012evairios prek\u0117s vaikams","publisher":{"@id":"https:\/\/kidsplay.lt\/#organization"},"alternateName":"Kidsplay","potentialAction":[{"@type":"SearchAction","target":{"@type":"EntryPoint","urlTemplate":"https:\/\/kidsplay.lt\/?s={search_term_string}"},"query-input":{"@type":"PropertyValueSpecification","valueRequired":true,"valueName":"search_term_string"}}],"inLanguage":"lv-LV"},{"@type":"Organization","@id":"https:\/\/kidsplay.lt\/#organization","name":"B\u0113rnu sp\u0113le","url":"https:\/\/kidsplay.lt\/","logo":{"@type":"ImageObject","inLanguage":"lv-LV","@id":"https:\/\/kidsplay.lt\/#\/schema\/logo\/image\/","url":"https:\/\/kidsplay.lt\/wp-content\/uploads\/2023\/07\/kidsplay-logo.png","contentUrl":"https:\/\/kidsplay.lt\/wp-content\/uploads\/2023\/07\/kidsplay-logo.png","width":451,"height":98,"caption":"KidsPlay"},"image":{"@id":"https:\/\/kidsplay.lt\/#\/schema\/logo\/image\/"},"sameAs":["https:\/\/www.facebook.com\/www.kidsplay.lt"]}]}},"_links":{"self":[{"href":"https:\/\/kidsplay.lt\/lv\/wp-json\/wp\/v2\/product\/77975","targetHints":{"allow":["GET"]}}],"collection":[{"href":"https:\/\/kidsplay.lt\/lv\/wp-json\/wp\/v2\/product"}],"about":[{"href":"https:\/\/kidsplay.lt\/lv\/wp-json\/wp\/v2\/types\/product"}],"version-history":[{"count":1,"href":"https:\/\/kidsplay.lt\/lv\/wp-json\/wp\/v2\/product\/77975\/revisions"}],"predecessor-version":[{"id":77976,"href":"https:\/\/kidsplay.lt\/lv\/wp-json\/wp\/v2\/product\/77975\/revisions\/77976"}],"wp:featuredmedia":[{"embeddable":true,"href":"https:\/\/kidsplay.lt\/lv\/wp-json\/wp\/v2\/media\/77977"}],"wp:attachment":[{"href":"https:\/\/kidsplay.lt\/lv\/wp-json\/wp\/v2\/media?parent=77975"}],"wp:term":[{"taxonomy":"product_brand","embeddable":true,"href":"https:\/\/kidsplay.lt\/lv\/wp-json\/wp\/v2\/product_brand?post=77975"},{"taxonomy":"product_cat","embeddable":true,"href":"https:\/\/kidsplay.lt\/lv\/wp-json\/wp\/v2\/product_cat?post=77975"},{"taxonomy":"product_tag","embeddable":true,"href":"https:\/\/kidsplay.lt\/lv\/wp-json\/wp\/v2\/product_tag?post=77975"}],"curies":[{"name":"wp","href":"https:\/\/api.w.org\/{rel}","templated":true}]}}