{"id":78000,"date":"2025-10-26T11:59:03","date_gmt":"2025-10-26T09:59:03","guid":{"rendered":"https:\/\/kidsplay.lt\/produktas\/step2-vaiku-virtuve-pramogos-su-draugais\/"},"modified":"2026-04-07T10:00:30","modified_gmt":"2026-04-07T07:00:30","slug":"step2-vaiku-virtuve-pramogos-su-draugais","status":"publish","type":"product","link":"https:\/\/kidsplay.lt\/lv\/products\/step2-vaiku-virtuve-pramogos-su-draugais\/","title":{"rendered":"2. solis. B\u0113rnu virtuves jautr\u012bba ar draugiem"},"content":{"rendered":"<p>Nuostabus\u00a0virtuv\u0117s kampelis \u201ePramogos su draugais\u201c\u00a0i\u0161 Amerikos prek\u0117s \u017eenklo\u00a02 \u017eingsnis\u00a0tai puiki vieta vaikams \u017eaisti. \u012erengta virtuv\u0117 su\u00a0garso efektai\u00a0ir\u00a0\u0161vie\u010diantis\u00a0ir daugelis aksesuar\u0173 suteiks vaikams valand\u0173 linksmybes. D\u0117l didelio dyd\u017eio virtuve gali naudotis ne vienas vaikas; tokia virtuv\u0117 d\u017eiugins kiekvien\u0105 ma\u017e\u0105 vir\u0117j\u0105 ir paskatins\u00a0k\u016brybi\u0161kas linksmumas.<\/p>\n<p>Raksturojums:<\/p>\n<p> \t&#8211;\u00a0Reikalingos baterijos: 2xAA (ne\u012ftraukta).<br \/>\n \t&#8211; Nustatyti \u012f\u00a0savaranki\u0161kas surinkimas.<br \/>\n \t&#8211; Gausu\u00a0pakabinami sand\u0117liavimo skyriai\u00a0tai leid\u017eia jums laikyti kulinarin\u0119 \u012frang\u0105 po ranka ir suformuota\u00a0ind\u0173 stovasich leid\u017eia palaikyti tvark\u0105.<br \/>\n \t&#8211; Papildomas saugojimas palengvina valym\u0105 spausdintomis lentynomis ir konteineri\u0173 zona, tod\u0117l b\u016btiniausi virtuv\u0117s reikmenys visada bus po ranka.<\/p>\n<p>Virtuv\u0117je \u012frengta<\/p>\n<p> \t&#8211; elektroninis degiklis su virimo garsais ir ap\u0161vietimo efektais<br \/>\n \t&#8211; ranken\u0117l\u0117 atidaroma orkait\u0117<br \/>\n \t&#8211; anga, didelis \u0161aldytuvas<br \/>\n \t&#8211; mikrobang\u0173 krosnel\u0117s atidarymas su nuotolinio valdymo pultu<br \/>\n \t&#8211; kapsulinis kavos aparatas<br \/>\n \t&#8211; kriaukl\u0117 su judan\u010diu \u010diaupu<br \/>\n \t&#8211; talpios lentynos<br \/>\n \t&#8211; 2 konteineriai vaisiams ir dar\u017eov\u0117ms<br \/>\n \t&#8211; plok\u0161teli\u0173 lentyna<br \/>\n \t&#8211; pakabos, ant kuri\u0173 galite pakabinti priedus<\/p>","protected":false},"excerpt":{"rendered":"<p>Nuostabus\u00a0virtuv\u0117s kampelis \u201ePramogos su draugais\u201c\u00a0i\u0161 Amerikos prek\u0117s \u017eenklo\u00a02 \u017eingsnis\u00a0tai puiki vieta vaikams \u017eaisti. \u012erengta virtuv\u0117 su\u00a0garso efektai\u00a0ir\u00a0\u0161vie\u010diantis\u00a0ir daugelis aksesuar\u0173 suteiks<\/p>","protected":false},"featured_media":78002,"template":"","meta":{"_acf_changed":false,"_glsr_average":0,"_glsr_ranking":0,"_glsr_reviews":0},"product_brand":[],"product_cat":[399,229],"product_tag":[],"class_list":{"0":"post-78000","1":"product","2":"type-product","3":"status-publish","4":"has-post-thumbnail","6":"product_cat-vaidmenu-zaidimai-2","7":"product_cat-zaislai-vaikams","8":"\"style=\"background-color: #2ecc711c;\"","10":"first","11":"instock","12":"purchasable","13":"product-type-simple"},"acf":[],"yoast_head":"<!-- This site is optimized with the Yoast SEO plugin v27.3 - https:\/\/yoast.com\/product\/yoast-seo-wordpress\/ -->\n<title>Step2 Vaik\u0173 virtuv\u0117 Pramogos su draugais<\/title>\n<meta name=\"description\" content=\"Step2 Vaik\u0173 virtuv\u0117 Pramogos su draugais - KidsPlay. Did\u017eiausias vaik\u0173 \u017eaisl\u0173 pasirinkimas.\" \/>\n<meta name=\"robots\" content=\"index, follow, max-snippet:-1, max-image-preview:large, max-video-preview:-1\" \/>\n<link rel=\"canonical\" href=\"https:\/\/kidsplay.lt\/lv\/products\/step2-vaiku-virtuve-pramogos-su-draugais\/\" \/>\n<meta property=\"og:locale\" content=\"lv_LV\" \/>\n<meta property=\"og:type\" content=\"article\" \/>\n<meta property=\"og:title\" content=\"Step2 Vaik\u0173 virtuv\u0117 Pramogos su draugais\" \/>\n<meta property=\"og:description\" content=\"Step2 Vaik\u0173 virtuv\u0117 Pramogos su draugais - KidsPlay. Did\u017eiausias vaik\u0173 \u017eaisl\u0173 pasirinkimas.\" \/>\n<meta property=\"og:url\" content=\"https:\/\/kidsplay.lt\/lv\/products\/step2-vaiku-virtuve-pramogos-su-draugais\/\" \/>\n<meta property=\"og:site_name\" content=\"KidsPlay\" \/>\n<meta property=\"article:publisher\" content=\"https:\/\/www.facebook.com\/www.kidsplay.lt\" \/>\n<meta property=\"article:modified_time\" content=\"2026-04-07T07:00:30+00:00\" \/>\n<meta property=\"og:image\" content=\"https:\/\/kidsplay.lt\/wp-content\/uploads\/2025\/10\/Step2-Vaiku-virtuve-Pramogos-su-draugais-800x800.jpg\" \/>\n\t<meta property=\"og:image:width\" content=\"800\" \/>\n\t<meta property=\"og:image:height\" content=\"800\" \/>\n\t<meta property=\"og:image:type\" content=\"image\/jpeg\" \/>\n<meta name=\"twitter:card\" content=\"summary_large_image\" \/>\n<meta name=\"twitter:label1\" content=\"Est. reading time\" \/>\n\t<meta name=\"twitter:data1\" content=\"1 min\u016bte\" \/>\n<script type=\"application\/ld+json\" class=\"yoast-schema-graph\">{\"@context\":\"https:\\\/\\\/schema.org\",\"@graph\":[{\"@type\":\"WebPage\",\"@id\":\"https:\\\/\\\/kidsplay.lt\\\/produktas\\\/step2-vaiku-virtuve-pramogos-su-draugais\\\/\",\"url\":\"https:\\\/\\\/kidsplay.lt\\\/produktas\\\/step2-vaiku-virtuve-pramogos-su-draugais\\\/\",\"name\":\"Step2 Vaik\u0173 virtuv\u0117 Pramogos su draugais\",\"isPartOf\":{\"@id\":\"https:\\\/\\\/kidsplay.lt\\\/#website\"},\"primaryImageOfPage\":{\"@id\":\"https:\\\/\\\/kidsplay.lt\\\/produktas\\\/step2-vaiku-virtuve-pramogos-su-draugais\\\/#primaryimage\"},\"image\":{\"@id\":\"https:\\\/\\\/kidsplay.lt\\\/produktas\\\/step2-vaiku-virtuve-pramogos-su-draugais\\\/#primaryimage\"},\"thumbnailUrl\":\"https:\\\/\\\/kidsplay.lt\\\/wp-content\\\/uploads\\\/2025\\\/10\\\/Step2-Vaiku-virtuve-Pramogos-su-draugais.jpg\",\"datePublished\":\"2025-10-26T09:59:03+00:00\",\"dateModified\":\"2026-04-07T07:00:30+00:00\",\"description\":\"Step2 Vaik\u0173 virtuv\u0117 Pramogos su draugais - KidsPlay. Did\u017eiausias vaik\u0173 \u017eaisl\u0173 pasirinkimas.\",\"breadcrumb\":{\"@id\":\"https:\\\/\\\/kidsplay.lt\\\/produktas\\\/step2-vaiku-virtuve-pramogos-su-draugais\\\/#breadcrumb\"},\"inLanguage\":\"lv-LV\",\"potentialAction\":[{\"@type\":\"ReadAction\",\"target\":[\"https:\\\/\\\/kidsplay.lt\\\/produktas\\\/step2-vaiku-virtuve-pramogos-su-draugais\\\/\"]}]},{\"@type\":\"ImageObject\",\"inLanguage\":\"lv-LV\",\"@id\":\"https:\\\/\\\/kidsplay.lt\\\/produktas\\\/step2-vaiku-virtuve-pramogos-su-draugais\\\/#primaryimage\",\"url\":\"https:\\\/\\\/kidsplay.lt\\\/wp-content\\\/uploads\\\/2025\\\/10\\\/Step2-Vaiku-virtuve-Pramogos-su-draugais.jpg\",\"contentUrl\":\"https:\\\/\\\/kidsplay.lt\\\/wp-content\\\/uploads\\\/2025\\\/10\\\/Step2-Vaiku-virtuve-Pramogos-su-draugais.jpg\",\"width\":2560,\"height\":2560,\"caption\":\"Step2 Vaik\u0173 virtuv\u0117 Pramogos su draugais\"},{\"@type\":\"BreadcrumbList\",\"@id\":\"https:\\\/\\\/kidsplay.lt\\\/produktas\\\/step2-vaiku-virtuve-pramogos-su-draugais\\\/#breadcrumb\",\"itemListElement\":[{\"@type\":\"ListItem\",\"position\":1,\"name\":\"Pagrindinis\",\"item\":\"https:\\\/\\\/kidsplay.lt\\\/\"},{\"@type\":\"ListItem\",\"position\":2,\"name\":\"Parduotuv\u0117\",\"item\":\"https:\\\/\\\/kidsplay.lt\\\/parduotuve\\\/\"},{\"@type\":\"ListItem\",\"position\":3,\"name\":\"Step2 Vaik\u0173 virtuv\u0117 Pramogos su draugais\"}]},{\"@type\":\"WebSite\",\"@id\":\"https:\\\/\\\/kidsplay.lt\\\/#website\",\"url\":\"https:\\\/\\\/kidsplay.lt\\\/\",\"name\":\"Kidsplay.lt\",\"description\":\"\u012evairios prek\u0117s vaikams\",\"publisher\":{\"@id\":\"https:\\\/\\\/kidsplay.lt\\\/#organization\"},\"alternateName\":\"Kidsplay\",\"potentialAction\":[{\"@type\":\"SearchAction\",\"target\":{\"@type\":\"EntryPoint\",\"urlTemplate\":\"https:\\\/\\\/kidsplay.lt\\\/?s={search_term_string}\"},\"query-input\":{\"@type\":\"PropertyValueSpecification\",\"valueRequired\":true,\"valueName\":\"search_term_string\"}}],\"inLanguage\":\"lv-LV\"},{\"@type\":\"Organization\",\"@id\":\"https:\\\/\\\/kidsplay.lt\\\/#organization\",\"name\":\"KidsPlay\",\"url\":\"https:\\\/\\\/kidsplay.lt\\\/\",\"logo\":{\"@type\":\"ImageObject\",\"inLanguage\":\"lv-LV\",\"@id\":\"https:\\\/\\\/kidsplay.lt\\\/#\\\/schema\\\/logo\\\/image\\\/\",\"url\":\"https:\\\/\\\/kidsplay.lt\\\/wp-content\\\/uploads\\\/2023\\\/07\\\/kidsplay-logo.png\",\"contentUrl\":\"https:\\\/\\\/kidsplay.lt\\\/wp-content\\\/uploads\\\/2023\\\/07\\\/kidsplay-logo.png\",\"width\":451,\"height\":98,\"caption\":\"KidsPlay\"},\"image\":{\"@id\":\"https:\\\/\\\/kidsplay.lt\\\/#\\\/schema\\\/logo\\\/image\\\/\"},\"sameAs\":[\"https:\\\/\\\/www.facebook.com\\\/www.kidsplay.lt\"]}]}<\/script>\n<!-- \/ Yoast SEO plugin. -->","yoast_head_json":{"title":"2. solis. B\u0113rnu virtuves jautr\u012bba ar draugiem","description":"Step2 Vaik\u0173 virtuv\u0117 Pramogos su draugais - KidsPlay. Did\u017eiausias vaik\u0173 \u017eaisl\u0173 pasirinkimas.","robots":{"index":"index","follow":"follow","max-snippet":"max-snippet:-1","max-image-preview":"max-image-preview:large","max-video-preview":"max-video-preview:-1"},"canonical":"https:\/\/kidsplay.lt\/lv\/products\/step2-vaiku-virtuve-pramogos-su-draugais\/","og_locale":"lv_LV","og_type":"article","og_title":"Step2 Vaik\u0173 virtuv\u0117 Pramogos su draugais","og_description":"Step2 Vaik\u0173 virtuv\u0117 Pramogos su draugais - KidsPlay. Did\u017eiausias vaik\u0173 \u017eaisl\u0173 pasirinkimas.","og_url":"https:\/\/kidsplay.lt\/lv\/products\/step2-vaiku-virtuve-pramogos-su-draugais\/","og_site_name":"KidsPlay","article_publisher":"https:\/\/www.facebook.com\/www.kidsplay.lt","article_modified_time":"2026-04-07T07:00:30+00:00","og_image":[{"width":800,"height":800,"url":"https:\/\/kidsplay.lt\/wp-content\/uploads\/2025\/10\/Step2-Vaiku-virtuve-Pramogos-su-draugais-800x800.jpg","type":"image\/jpeg"}],"twitter_card":"summary_large_image","twitter_misc":{"Est. reading time":"1 min\u016bte"},"schema":{"@context":"https:\/\/schema.org","@graph":[{"@type":"WebPage","@id":"https:\/\/kidsplay.lt\/produktas\/step2-vaiku-virtuve-pramogos-su-draugais\/","url":"https:\/\/kidsplay.lt\/produktas\/step2-vaiku-virtuve-pramogos-su-draugais\/","name":"2. solis. B\u0113rnu virtuves jautr\u012bba ar draugiem","isPartOf":{"@id":"https:\/\/kidsplay.lt\/#website"},"primaryImageOfPage":{"@id":"https:\/\/kidsplay.lt\/produktas\/step2-vaiku-virtuve-pramogos-su-draugais\/#primaryimage"},"image":{"@id":"https:\/\/kidsplay.lt\/produktas\/step2-vaiku-virtuve-pramogos-su-draugais\/#primaryimage"},"thumbnailUrl":"https:\/\/kidsplay.lt\/wp-content\/uploads\/2025\/10\/Step2-Vaiku-virtuve-Pramogos-su-draugais.jpg","datePublished":"2025-10-26T09:59:03+00:00","dateModified":"2026-04-07T07:00:30+00:00","description":"Step2 Vaik\u0173 virtuv\u0117 Pramogos su draugais - KidsPlay. Did\u017eiausias vaik\u0173 \u017eaisl\u0173 pasirinkimas.","breadcrumb":{"@id":"https:\/\/kidsplay.lt\/produktas\/step2-vaiku-virtuve-pramogos-su-draugais\/#breadcrumb"},"inLanguage":"lv-LV","potentialAction":[{"@type":"ReadAction","target":["https:\/\/kidsplay.lt\/produktas\/step2-vaiku-virtuve-pramogos-su-draugais\/"]}]},{"@type":"ImageObject","inLanguage":"lv-LV","@id":"https:\/\/kidsplay.lt\/produktas\/step2-vaiku-virtuve-pramogos-su-draugais\/#primaryimage","url":"https:\/\/kidsplay.lt\/wp-content\/uploads\/2025\/10\/Step2-Vaiku-virtuve-Pramogos-su-draugais.jpg","contentUrl":"https:\/\/kidsplay.lt\/wp-content\/uploads\/2025\/10\/Step2-Vaiku-virtuve-Pramogos-su-draugais.jpg","width":2560,"height":2560,"caption":"Step2 Vaik\u0173 virtuv\u0117 Pramogos su draugais"},{"@type":"BreadcrumbList","@id":"https:\/\/kidsplay.lt\/produktas\/step2-vaiku-virtuve-pramogos-su-draugais\/#breadcrumb","itemListElement":[{"@type":"ListItem","position":1,"name":"Pagrindinis","item":"https:\/\/kidsplay.lt\/"},{"@type":"ListItem","position":2,"name":"Parduotuv\u0117","item":"https:\/\/kidsplay.lt\/parduotuve\/"},{"@type":"ListItem","position":3,"name":"Step2 Vaik\u0173 virtuv\u0117 Pramogos su draugais"}]},{"@type":"WebSite","@id":"https:\/\/kidsplay.lt\/#website","url":"https:\/\/kidsplay.lt\/","name":"B\u0113rnu sp\u0113les.lv","description":"\u012evairios prek\u0117s vaikams","publisher":{"@id":"https:\/\/kidsplay.lt\/#organization"},"alternateName":"Kidsplay","potentialAction":[{"@type":"SearchAction","target":{"@type":"EntryPoint","urlTemplate":"https:\/\/kidsplay.lt\/?s={search_term_string}"},"query-input":{"@type":"PropertyValueSpecification","valueRequired":true,"valueName":"search_term_string"}}],"inLanguage":"lv-LV"},{"@type":"Organization","@id":"https:\/\/kidsplay.lt\/#organization","name":"B\u0113rnu sp\u0113le","url":"https:\/\/kidsplay.lt\/","logo":{"@type":"ImageObject","inLanguage":"lv-LV","@id":"https:\/\/kidsplay.lt\/#\/schema\/logo\/image\/","url":"https:\/\/kidsplay.lt\/wp-content\/uploads\/2023\/07\/kidsplay-logo.png","contentUrl":"https:\/\/kidsplay.lt\/wp-content\/uploads\/2023\/07\/kidsplay-logo.png","width":451,"height":98,"caption":"KidsPlay"},"image":{"@id":"https:\/\/kidsplay.lt\/#\/schema\/logo\/image\/"},"sameAs":["https:\/\/www.facebook.com\/www.kidsplay.lt"]}]}},"_links":{"self":[{"href":"https:\/\/kidsplay.lt\/lv\/wp-json\/wp\/v2\/product\/78000","targetHints":{"allow":["GET"]}}],"collection":[{"href":"https:\/\/kidsplay.lt\/lv\/wp-json\/wp\/v2\/product"}],"about":[{"href":"https:\/\/kidsplay.lt\/lv\/wp-json\/wp\/v2\/types\/product"}],"version-history":[{"count":1,"href":"https:\/\/kidsplay.lt\/lv\/wp-json\/wp\/v2\/product\/78000\/revisions"}],"predecessor-version":[{"id":78001,"href":"https:\/\/kidsplay.lt\/lv\/wp-json\/wp\/v2\/product\/78000\/revisions\/78001"}],"wp:featuredmedia":[{"embeddable":true,"href":"https:\/\/kidsplay.lt\/lv\/wp-json\/wp\/v2\/media\/78002"}],"wp:attachment":[{"href":"https:\/\/kidsplay.lt\/lv\/wp-json\/wp\/v2\/media?parent=78000"}],"wp:term":[{"taxonomy":"product_brand","embeddable":true,"href":"https:\/\/kidsplay.lt\/lv\/wp-json\/wp\/v2\/product_brand?post=78000"},{"taxonomy":"product_cat","embeddable":true,"href":"https:\/\/kidsplay.lt\/lv\/wp-json\/wp\/v2\/product_cat?post=78000"},{"taxonomy":"product_tag","embeddable":true,"href":"https:\/\/kidsplay.lt\/lv\/wp-json\/wp\/v2\/product_tag?post=78000"}],"curies":[{"name":"wp","href":"https:\/\/api.w.org\/{rel}","templated":true}]}}