{"id":78005,"date":"2025-10-26T11:59:21","date_gmt":"2025-10-26T09:59:21","guid":{"rendered":"https:\/\/kidsplay.lt\/produktas\/step2-stilinga-vaiku-virtuve-elegantiskas-krastas-su-aksesuarais\/"},"modified":"2026-04-07T10:00:34","modified_gmt":"2026-04-07T07:00:34","slug":"step2-stilinga-vaiku-virtuve-elegantiskas-krastas-su-aksesuarais","status":"publish","type":"product","link":"https:\/\/kidsplay.lt\/lv\/products\/step2-stilinga-vaiku-virtuve-elegantiskas-krastas-su-aksesuarais\/","title":{"rendered":"STEP2 Stilinga vaik\u0173 virtuv\u0117 Eleganti\u0161kas kra\u0161tas su aksesuarais"},"content":{"rendered":"<p>Tokios virtuv\u0117s pavyd\u0117s net suaugusieji! Gra\u017eus, tvirtas\u00a0eleganti\u0161kas Edge Virtuv\u0117\u00a0jis buvo pagamintas m\u00a0modernus\u00a0ir\u00a0eleganti\u0161kas stilius\u00a0su stiklu ap\u0161viestu \u0161aldytuvu ir didele orkaite, kuri tikrai tinka \u0161iuolaikiniam \u0161iuolaikini\u0173 virtuvi\u0173 dekorui.<\/p>\n<p>Buvo pagaminti valdikliai, tokie kaip ranken\u0117l\u0117s\u00a0pagaminta i\u0161 auk\u0161\u010diausios kokyb\u0117s med\u017eiag\u0173\u201e. Ma\u017eieji vir\u0117jai gali parodyti savo kulinarinius \u012fg\u016bd\u017eius \u201evirdami\u201c ant stiling\u0173 virtuv\u0117s degikli\u0173 su didel\u0117mis spustel\u0117jimo ranken\u0117l\u0117mis, o po linksmybi\u0173 patiekalai gali b\u016bti pasl\u0117pti spintel\u0117se.<\/p>\n<p>Produkto savyb\u0117s:<\/p>\n<p>&#8211;\u00a0Didel\u0117 Orkait\u0117\u00a0ir\u00a0\u0161aldytuvas\u00a0juose yra foninis ap\u0161vietimas ir skaidr\u016bs \u012fd\u0117klai, leid\u017eiantys vaikams pa\u017evelgti \u012f vid\u0173<br \/>\n&#8211;\u00a0Didel\u0117 kriaukl\u0117\u00a0prakti\u0161ku, kont\u016briniu \u010diaupu tikrai bus lengviau \u201ei\u0161plauti\u201c indus<br \/>\n&#8211; \u0160vyt\u0117jimas\u00a0degiklis\u00a0tai prideda realisti\u0161k\u0105 ir modern\u0173 charakter\u012f visai virtuvei<br \/>\n&#8211;\u00a0Virtuv\u0117s sienos\u00a0jie baigti stilingomis \u201eplytel\u0117mis\u201c su akmens tekst\u016bra<br \/>\n&#8211; \u012etraukta\u00a078 priedai\u00a0virtuv\u0117<br \/>\n&#8211; B\u016btina\u00a0montavimas suaugusiojo<\/p>","protected":false},"excerpt":{"rendered":"<p>Tokios virtuv\u0117s pavyd\u0117s net suaugusieji! Gra\u017eus, tvirtas\u00a0eleganti\u0161kas Edge Virtuv\u0117\u00a0jis buvo pagamintas m\u00a0modernus\u00a0ir\u00a0eleganti\u0161kas stilius\u00a0su stiklu ap\u0161viestu \u0161aldytuvu ir didele orkaite, kuri<\/p>","protected":false},"featured_media":78007,"template":"","meta":{"_acf_changed":false,"_glsr_average":0,"_glsr_ranking":0,"_glsr_reviews":0},"product_brand":[],"product_cat":[673,229],"product_tag":[],"class_list":{"0":"post-78005","1":"product","2":"type-product","3":"status-publish","4":"has-post-thumbnail","6":"product_cat-ugdomosios-priemones","7":"product_cat-zaislai-vaikams","8":"\"style=\"background-color: #2ecc711c;\"","10":"first","11":"instock","12":"purchasable","13":"product-type-simple"},"acf":[],"yoast_head":"<!-- This site is optimized with the Yoast SEO plugin v27.3 - https:\/\/yoast.com\/product\/yoast-seo-wordpress\/ -->\n<title>STEP2 Stilinga vaik\u0173 virtuv\u0117 Eleganti\u0161kas kra\u0161tas su aksesuarais<\/title>\n<meta name=\"description\" content=\"STEP2 Stilinga vaik\u0173 virtuv\u0117 Eleganti\u0161kas kra\u0161tas su aksesuarais - KidsPlay. Did\u017eiausias vaik\u0173 \u017eaisl\u0173 pasirinkimas.\" \/>\n<meta name=\"robots\" content=\"index, follow, max-snippet:-1, max-image-preview:large, max-video-preview:-1\" \/>\n<link rel=\"canonical\" href=\"https:\/\/kidsplay.lt\/lv\/products\/step2-stilinga-vaiku-virtuve-elegantiskas-krastas-su-aksesuarais\/\" \/>\n<meta property=\"og:locale\" content=\"lv_LV\" \/>\n<meta property=\"og:type\" content=\"article\" \/>\n<meta property=\"og:title\" content=\"STEP2 Stilinga vaik\u0173 virtuv\u0117 Eleganti\u0161kas kra\u0161tas su aksesuarais\" \/>\n<meta property=\"og:description\" content=\"STEP2 Stilinga vaik\u0173 virtuv\u0117 Eleganti\u0161kas kra\u0161tas su aksesuarais - KidsPlay. Did\u017eiausias vaik\u0173 \u017eaisl\u0173 pasirinkimas.\" \/>\n<meta property=\"og:url\" content=\"https:\/\/kidsplay.lt\/lv\/products\/step2-stilinga-vaiku-virtuve-elegantiskas-krastas-su-aksesuarais\/\" \/>\n<meta property=\"og:site_name\" content=\"KidsPlay\" \/>\n<meta property=\"article:publisher\" content=\"https:\/\/www.facebook.com\/www.kidsplay.lt\" \/>\n<meta property=\"article:modified_time\" content=\"2026-04-07T07:00:34+00:00\" \/>\n<meta property=\"og:image\" content=\"https:\/\/kidsplay.lt\/wp-content\/uploads\/2025\/10\/STEP2-Stilinga-vaiku-virtuve-Elegantiskas-krastas-su-aksesuarais.jpg\" \/>\n\t<meta property=\"og:image:width\" content=\"2560\" \/>\n\t<meta property=\"og:image:height\" content=\"2560\" \/>\n\t<meta property=\"og:image:type\" content=\"image\/jpeg\" \/>\n<meta name=\"twitter:card\" content=\"summary_large_image\" \/>\n<meta name=\"twitter:label1\" content=\"Est. reading time\" \/>\n\t<meta name=\"twitter:data1\" content=\"1 min\u016bte\" \/>\n<script type=\"application\/ld+json\" class=\"yoast-schema-graph\">{\"@context\":\"https:\\\/\\\/schema.org\",\"@graph\":[{\"@type\":\"WebPage\",\"@id\":\"https:\\\/\\\/kidsplay.lt\\\/produktas\\\/step2-stilinga-vaiku-virtuve-elegantiskas-krastas-su-aksesuarais\\\/\",\"url\":\"https:\\\/\\\/kidsplay.lt\\\/produktas\\\/step2-stilinga-vaiku-virtuve-elegantiskas-krastas-su-aksesuarais\\\/\",\"name\":\"STEP2 Stilinga vaik\u0173 virtuv\u0117 Eleganti\u0161kas kra\u0161tas su aksesuarais\",\"isPartOf\":{\"@id\":\"https:\\\/\\\/kidsplay.lt\\\/#website\"},\"primaryImageOfPage\":{\"@id\":\"https:\\\/\\\/kidsplay.lt\\\/produktas\\\/step2-stilinga-vaiku-virtuve-elegantiskas-krastas-su-aksesuarais\\\/#primaryimage\"},\"image\":{\"@id\":\"https:\\\/\\\/kidsplay.lt\\\/produktas\\\/step2-stilinga-vaiku-virtuve-elegantiskas-krastas-su-aksesuarais\\\/#primaryimage\"},\"thumbnailUrl\":\"https:\\\/\\\/kidsplay.lt\\\/wp-content\\\/uploads\\\/2025\\\/10\\\/STEP2-Stilinga-vaiku-virtuve-Elegantiskas-krastas-su-aksesuarais.jpg\",\"datePublished\":\"2025-10-26T09:59:21+00:00\",\"dateModified\":\"2026-04-07T07:00:34+00:00\",\"description\":\"STEP2 Stilinga vaik\u0173 virtuv\u0117 Eleganti\u0161kas kra\u0161tas su aksesuarais - KidsPlay. Did\u017eiausias vaik\u0173 \u017eaisl\u0173 pasirinkimas.\",\"breadcrumb\":{\"@id\":\"https:\\\/\\\/kidsplay.lt\\\/produktas\\\/step2-stilinga-vaiku-virtuve-elegantiskas-krastas-su-aksesuarais\\\/#breadcrumb\"},\"inLanguage\":\"lv-LV\",\"potentialAction\":[{\"@type\":\"ReadAction\",\"target\":[\"https:\\\/\\\/kidsplay.lt\\\/produktas\\\/step2-stilinga-vaiku-virtuve-elegantiskas-krastas-su-aksesuarais\\\/\"]}]},{\"@type\":\"ImageObject\",\"inLanguage\":\"lv-LV\",\"@id\":\"https:\\\/\\\/kidsplay.lt\\\/produktas\\\/step2-stilinga-vaiku-virtuve-elegantiskas-krastas-su-aksesuarais\\\/#primaryimage\",\"url\":\"https:\\\/\\\/kidsplay.lt\\\/wp-content\\\/uploads\\\/2025\\\/10\\\/STEP2-Stilinga-vaiku-virtuve-Elegantiskas-krastas-su-aksesuarais.jpg\",\"contentUrl\":\"https:\\\/\\\/kidsplay.lt\\\/wp-content\\\/uploads\\\/2025\\\/10\\\/STEP2-Stilinga-vaiku-virtuve-Elegantiskas-krastas-su-aksesuarais.jpg\",\"width\":2560,\"height\":2560,\"caption\":\"STEP2 Stilinga vaik\u0173 virtuv\u0117 Eleganti\u0161kas kra\u0161tas su aksesuarais\"},{\"@type\":\"BreadcrumbList\",\"@id\":\"https:\\\/\\\/kidsplay.lt\\\/produktas\\\/step2-stilinga-vaiku-virtuve-elegantiskas-krastas-su-aksesuarais\\\/#breadcrumb\",\"itemListElement\":[{\"@type\":\"ListItem\",\"position\":1,\"name\":\"Pagrindinis\",\"item\":\"https:\\\/\\\/kidsplay.lt\\\/\"},{\"@type\":\"ListItem\",\"position\":2,\"name\":\"Parduotuv\u0117\",\"item\":\"https:\\\/\\\/kidsplay.lt\\\/parduotuve\\\/\"},{\"@type\":\"ListItem\",\"position\":3,\"name\":\"STEP2 Stilinga vaik\u0173 virtuv\u0117 Eleganti\u0161kas kra\u0161tas su aksesuarais\"}]},{\"@type\":\"WebSite\",\"@id\":\"https:\\\/\\\/kidsplay.lt\\\/#website\",\"url\":\"https:\\\/\\\/kidsplay.lt\\\/\",\"name\":\"Kidsplay.lt\",\"description\":\"\u012evairios prek\u0117s vaikams\",\"publisher\":{\"@id\":\"https:\\\/\\\/kidsplay.lt\\\/#organization\"},\"alternateName\":\"Kidsplay\",\"potentialAction\":[{\"@type\":\"SearchAction\",\"target\":{\"@type\":\"EntryPoint\",\"urlTemplate\":\"https:\\\/\\\/kidsplay.lt\\\/?s={search_term_string}\"},\"query-input\":{\"@type\":\"PropertyValueSpecification\",\"valueRequired\":true,\"valueName\":\"search_term_string\"}}],\"inLanguage\":\"lv-LV\"},{\"@type\":\"Organization\",\"@id\":\"https:\\\/\\\/kidsplay.lt\\\/#organization\",\"name\":\"KidsPlay\",\"url\":\"https:\\\/\\\/kidsplay.lt\\\/\",\"logo\":{\"@type\":\"ImageObject\",\"inLanguage\":\"lv-LV\",\"@id\":\"https:\\\/\\\/kidsplay.lt\\\/#\\\/schema\\\/logo\\\/image\\\/\",\"url\":\"https:\\\/\\\/kidsplay.lt\\\/wp-content\\\/uploads\\\/2023\\\/07\\\/kidsplay-logo.png\",\"contentUrl\":\"https:\\\/\\\/kidsplay.lt\\\/wp-content\\\/uploads\\\/2023\\\/07\\\/kidsplay-logo.png\",\"width\":451,\"height\":98,\"caption\":\"KidsPlay\"},\"image\":{\"@id\":\"https:\\\/\\\/kidsplay.lt\\\/#\\\/schema\\\/logo\\\/image\\\/\"},\"sameAs\":[\"https:\\\/\\\/www.facebook.com\\\/www.kidsplay.lt\"]}]}<\/script>\n<!-- \/ Yoast SEO plugin. -->","yoast_head_json":{"title":"STEP2 Stilinga vaik\u0173 virtuv\u0117 Eleganti\u0161kas kra\u0161tas su aksesuarais","description":"STEP2 Stilinga vaik\u0173 virtuv\u0117 Eleganti\u0161kas kra\u0161tas su aksesuarais - KidsPlay. Did\u017eiausias vaik\u0173 \u017eaisl\u0173 pasirinkimas.","robots":{"index":"index","follow":"follow","max-snippet":"max-snippet:-1","max-image-preview":"max-image-preview:large","max-video-preview":"max-video-preview:-1"},"canonical":"https:\/\/kidsplay.lt\/lv\/products\/step2-stilinga-vaiku-virtuve-elegantiskas-krastas-su-aksesuarais\/","og_locale":"lv_LV","og_type":"article","og_title":"STEP2 Stilinga vaik\u0173 virtuv\u0117 Eleganti\u0161kas kra\u0161tas su aksesuarais","og_description":"STEP2 Stilinga vaik\u0173 virtuv\u0117 Eleganti\u0161kas kra\u0161tas su aksesuarais - KidsPlay. Did\u017eiausias vaik\u0173 \u017eaisl\u0173 pasirinkimas.","og_url":"https:\/\/kidsplay.lt\/lv\/products\/step2-stilinga-vaiku-virtuve-elegantiskas-krastas-su-aksesuarais\/","og_site_name":"KidsPlay","article_publisher":"https:\/\/www.facebook.com\/www.kidsplay.lt","article_modified_time":"2026-04-07T07:00:34+00:00","og_image":[{"width":2560,"height":2560,"url":"https:\/\/kidsplay.lt\/wp-content\/uploads\/2025\/10\/STEP2-Stilinga-vaiku-virtuve-Elegantiskas-krastas-su-aksesuarais.jpg","type":"image\/jpeg"}],"twitter_card":"summary_large_image","twitter_misc":{"Est. reading time":"1 min\u016bte"},"schema":{"@context":"https:\/\/schema.org","@graph":[{"@type":"WebPage","@id":"https:\/\/kidsplay.lt\/produktas\/step2-stilinga-vaiku-virtuve-elegantiskas-krastas-su-aksesuarais\/","url":"https:\/\/kidsplay.lt\/produktas\/step2-stilinga-vaiku-virtuve-elegantiskas-krastas-su-aksesuarais\/","name":"STEP2 Stilinga vaik\u0173 virtuv\u0117 Eleganti\u0161kas kra\u0161tas su aksesuarais","isPartOf":{"@id":"https:\/\/kidsplay.lt\/#website"},"primaryImageOfPage":{"@id":"https:\/\/kidsplay.lt\/produktas\/step2-stilinga-vaiku-virtuve-elegantiskas-krastas-su-aksesuarais\/#primaryimage"},"image":{"@id":"https:\/\/kidsplay.lt\/produktas\/step2-stilinga-vaiku-virtuve-elegantiskas-krastas-su-aksesuarais\/#primaryimage"},"thumbnailUrl":"https:\/\/kidsplay.lt\/wp-content\/uploads\/2025\/10\/STEP2-Stilinga-vaiku-virtuve-Elegantiskas-krastas-su-aksesuarais.jpg","datePublished":"2025-10-26T09:59:21+00:00","dateModified":"2026-04-07T07:00:34+00:00","description":"STEP2 Stilinga vaik\u0173 virtuv\u0117 Eleganti\u0161kas kra\u0161tas su aksesuarais - KidsPlay. Did\u017eiausias vaik\u0173 \u017eaisl\u0173 pasirinkimas.","breadcrumb":{"@id":"https:\/\/kidsplay.lt\/produktas\/step2-stilinga-vaiku-virtuve-elegantiskas-krastas-su-aksesuarais\/#breadcrumb"},"inLanguage":"lv-LV","potentialAction":[{"@type":"ReadAction","target":["https:\/\/kidsplay.lt\/produktas\/step2-stilinga-vaiku-virtuve-elegantiskas-krastas-su-aksesuarais\/"]}]},{"@type":"ImageObject","inLanguage":"lv-LV","@id":"https:\/\/kidsplay.lt\/produktas\/step2-stilinga-vaiku-virtuve-elegantiskas-krastas-su-aksesuarais\/#primaryimage","url":"https:\/\/kidsplay.lt\/wp-content\/uploads\/2025\/10\/STEP2-Stilinga-vaiku-virtuve-Elegantiskas-krastas-su-aksesuarais.jpg","contentUrl":"https:\/\/kidsplay.lt\/wp-content\/uploads\/2025\/10\/STEP2-Stilinga-vaiku-virtuve-Elegantiskas-krastas-su-aksesuarais.jpg","width":2560,"height":2560,"caption":"STEP2 Stilinga vaik\u0173 virtuv\u0117 Eleganti\u0161kas kra\u0161tas su aksesuarais"},{"@type":"BreadcrumbList","@id":"https:\/\/kidsplay.lt\/produktas\/step2-stilinga-vaiku-virtuve-elegantiskas-krastas-su-aksesuarais\/#breadcrumb","itemListElement":[{"@type":"ListItem","position":1,"name":"Pagrindinis","item":"https:\/\/kidsplay.lt\/"},{"@type":"ListItem","position":2,"name":"Parduotuv\u0117","item":"https:\/\/kidsplay.lt\/parduotuve\/"},{"@type":"ListItem","position":3,"name":"STEP2 Stilinga vaik\u0173 virtuv\u0117 Eleganti\u0161kas kra\u0161tas su aksesuarais"}]},{"@type":"WebSite","@id":"https:\/\/kidsplay.lt\/#website","url":"https:\/\/kidsplay.lt\/","name":"B\u0113rnu sp\u0113les.lv","description":"\u012evairios prek\u0117s vaikams","publisher":{"@id":"https:\/\/kidsplay.lt\/#organization"},"alternateName":"Kidsplay","potentialAction":[{"@type":"SearchAction","target":{"@type":"EntryPoint","urlTemplate":"https:\/\/kidsplay.lt\/?s={search_term_string}"},"query-input":{"@type":"PropertyValueSpecification","valueRequired":true,"valueName":"search_term_string"}}],"inLanguage":"lv-LV"},{"@type":"Organization","@id":"https:\/\/kidsplay.lt\/#organization","name":"B\u0113rnu sp\u0113le","url":"https:\/\/kidsplay.lt\/","logo":{"@type":"ImageObject","inLanguage":"lv-LV","@id":"https:\/\/kidsplay.lt\/#\/schema\/logo\/image\/","url":"https:\/\/kidsplay.lt\/wp-content\/uploads\/2023\/07\/kidsplay-logo.png","contentUrl":"https:\/\/kidsplay.lt\/wp-content\/uploads\/2023\/07\/kidsplay-logo.png","width":451,"height":98,"caption":"KidsPlay"},"image":{"@id":"https:\/\/kidsplay.lt\/#\/schema\/logo\/image\/"},"sameAs":["https:\/\/www.facebook.com\/www.kidsplay.lt"]}]}},"_links":{"self":[{"href":"https:\/\/kidsplay.lt\/lv\/wp-json\/wp\/v2\/product\/78005","targetHints":{"allow":["GET"]}}],"collection":[{"href":"https:\/\/kidsplay.lt\/lv\/wp-json\/wp\/v2\/product"}],"about":[{"href":"https:\/\/kidsplay.lt\/lv\/wp-json\/wp\/v2\/types\/product"}],"version-history":[{"count":2,"href":"https:\/\/kidsplay.lt\/lv\/wp-json\/wp\/v2\/product\/78005\/revisions"}],"predecessor-version":[{"id":82733,"href":"https:\/\/kidsplay.lt\/lv\/wp-json\/wp\/v2\/product\/78005\/revisions\/82733"}],"wp:featuredmedia":[{"embeddable":true,"href":"https:\/\/kidsplay.lt\/lv\/wp-json\/wp\/v2\/media\/78007"}],"wp:attachment":[{"href":"https:\/\/kidsplay.lt\/lv\/wp-json\/wp\/v2\/media?parent=78005"}],"wp:term":[{"taxonomy":"product_brand","embeddable":true,"href":"https:\/\/kidsplay.lt\/lv\/wp-json\/wp\/v2\/product_brand?post=78005"},{"taxonomy":"product_cat","embeddable":true,"href":"https:\/\/kidsplay.lt\/lv\/wp-json\/wp\/v2\/product_cat?post=78005"},{"taxonomy":"product_tag","embeddable":true,"href":"https:\/\/kidsplay.lt\/lv\/wp-json\/wp\/v2\/product_tag?post=78005"}],"curies":[{"name":"wp","href":"https:\/\/api.w.org\/{rel}","templated":true}]}}