{"id":78020,"date":"2025-10-26T12:00:16","date_gmt":"2025-10-26T10:00:16","guid":{"rendered":"https:\/\/kidsplay.lt\/produktas\/smoby-kudikiu-slaugytoja-gilus-vezimelis-su-plastikiniu-baldakimu\/"},"modified":"2026-04-07T10:00:37","modified_gmt":"2026-04-07T07:00:37","slug":"smoby-kudikiu-slaugytoja-gilus-vezimelis-su-plastikiniu-baldakimu","status":"publish","type":"product","link":"https:\/\/kidsplay.lt\/lv\/product\/smoby-kudikiu-slaugytoja-gilus-vezimelis-su-plastikiniu-baldakimu\/","title":{"rendered":"SMOBY K\u016bdiki\u0173 slaugytoja Gilus ve\u017eim\u0117lis su plastikiniu baldakimu"},"content":{"rendered":"<p>Kiekviena ma\u017ea mergait\u0117 svajoja vaik\u0161\u010dioti su savo mylima l\u0117le\u00a0kaip tikra mama!\u00a0\u00a0K\u016bdikis Slaugytoja\u00a0\u2013\u00a0Gilus ve\u017eim\u0117lis su skydeliu\u00a0tai saugus ir stilingas \u017eaislas, leid\u017eiantis \u017eaisti kasdienes l\u0117li\u0173 prie\u017ei\u016bros scenas. Plastikin\u0117 gondola su med\u017eiaginiu u\u017evalkalu su pasteliniais ta\u0161keliais ir patogiu stogu u\u017etikrina komfort\u0105 \u017eaid\u017eiant.\u00a0Tyl\u016bs ratai\u00a0ir\u00a0ergonomi\u0161kas\u00a0rankena\u00a0jie leid\u017eia lengvai vairuoti ve\u017eim\u0117l\u012f, o po gondola yra prakti\u0161ka saugykla smulkiems daiktams. \u017daislas idealiai tinka ma\u017eesn\u0117ms merginoms ir lavina vaizduot\u0119 bei empatij\u0105 maloniose, vertingose pramogose.<\/p>\n<p>Raksturojums<\/p>\n<p> \t&#8211; Gilus l\u0117li\u0173 ve\u017eim\u0117lis su plastikine nacele<br \/>\n \t&#8211; Plastikinis skydelis ir med\u017eiaginis u\u017evalkalas su pasteliniais ta\u0161keliais<br \/>\n \t&#8211; Tyl\u016bs ratai patogiam valdymui<br \/>\n \t&#8211; Ergonomi\u0161ka rankena ma\u017eoms rankoms<br \/>\n \t&#8211; Prakti\u0161kas smulki\u0173 daikt\u0173 laikymas po gondola<br \/>\n \t&#8211; Saugi, tvirta konstrukcija<br \/>\n \t&#8211; Pagaminta Pranc\u016bzijoje<br \/>\n \t&#8211; Skirta l\u0117l\u0117ms\u00a0iki 42 cm<br \/>\n \t&#8211; Rinkinyje n\u0117ra l\u0117l\u0117s<\/p>\n<p>Komplekta saturs<\/p>\n<p> \t&#8211; L\u0117l\u0117s giliai ve\u017eim\u0117lis<br \/>\n \t&#8211; Plastikinis skydelis<br \/>\n \t&#8211; Pastelinis-ta\u0161kinis audinio u\u017evalkalas<br \/>\n \t&#8211; Smulkmena saugykla<\/p>","protected":false},"excerpt":{"rendered":"<p>Kiekviena ma\u017ea mergait\u0117 svajoja vaik\u0161\u010dioti su savo mylima l\u0117le\u00a0kaip tikra mama!\u00a0\u00a0K\u016bdikis Slaugytoja\u00a0\u2013\u00a0Gilus ve\u017eim\u0117lis su skydeliu\u00a0tai saugus ir stilingas \u017eaislas, leid\u017eiantis<\/p>","protected":false},"featured_media":78022,"template":"","meta":{"_acf_changed":false,"_glsr_average":0,"_glsr_ranking":0,"_glsr_reviews":0},"product_brand":[],"product_cat":[443,229],"product_tag":[],"class_list":{"0":"post-78020","1":"product","2":"type-product","3":"status-publish","4":"has-post-thumbnail","6":"product_cat-leles-ir-priedai","7":"product_cat-zaislai-vaikams","8":"\"style=\"background-color: #2ecc711c;\"","10":"first","11":"instock","12":"purchasable","13":"product-type-simple"},"acf":[],"yoast_head":"<!-- This site is optimized with the Yoast SEO plugin v27.3 - https:\/\/yoast.com\/product\/yoast-seo-wordpress\/ -->\n<title>SMOBY K\u016bdiki\u0173 slaugytoja Gilus ve\u017eim\u0117lis su plastikiniu baldakimu<\/title>\n<meta name=\"description\" content=\"SMOBY K\u016bdiki\u0173 slaugytoja Gilus ve\u017eim\u0117lis su plastikiniu baldakimu - KidsPlay. Did\u017eiausias vaik\u0173 \u017eaisl\u0173 pasirinkimas.\" \/>\n<meta name=\"robots\" content=\"index, follow, max-snippet:-1, max-image-preview:large, max-video-preview:-1\" \/>\n<link rel=\"canonical\" href=\"https:\/\/kidsplay.lt\/lv\/product\/smoby-kudikiu-slaugytoja-gilus-vezimelis-su-plastikiniu-baldakimu\/\" \/>\n<meta property=\"og:locale\" content=\"lv_LV\" \/>\n<meta property=\"og:type\" content=\"article\" \/>\n<meta property=\"og:title\" content=\"SMOBY K\u016bdiki\u0173 slaugytoja Gilus ve\u017eim\u0117lis su plastikiniu baldakimu\" \/>\n<meta property=\"og:description\" content=\"SMOBY K\u016bdiki\u0173 slaugytoja Gilus ve\u017eim\u0117lis su plastikiniu baldakimu - KidsPlay. Did\u017eiausias vaik\u0173 \u017eaisl\u0173 pasirinkimas.\" \/>\n<meta property=\"og:url\" content=\"https:\/\/kidsplay.lt\/lv\/product\/smoby-kudikiu-slaugytoja-gilus-vezimelis-su-plastikiniu-baldakimu\/\" \/>\n<meta property=\"og:site_name\" content=\"KidsPlay\" \/>\n<meta property=\"article:publisher\" content=\"https:\/\/www.facebook.com\/www.kidsplay.lt\" \/>\n<meta property=\"article:modified_time\" content=\"2026-04-07T07:00:37+00:00\" \/>\n<meta property=\"og:image\" content=\"https:\/\/kidsplay.lt\/wp-content\/uploads\/2025\/10\/SMOBY-Kudikiu-slaugytoja-Gilus-vezimelis-su-plastikiniu-baldakimu.jpg\" \/>\n\t<meta property=\"og:image:width\" content=\"1000\" \/>\n\t<meta property=\"og:image:height\" content=\"1000\" \/>\n\t<meta property=\"og:image:type\" content=\"image\/jpeg\" \/>\n<meta name=\"twitter:card\" content=\"summary_large_image\" \/>\n<meta name=\"twitter:label1\" content=\"Est. reading time\" \/>\n\t<meta name=\"twitter:data1\" content=\"1 min\u016bte\" \/>\n<script type=\"application\/ld+json\" class=\"yoast-schema-graph\">{\"@context\":\"https:\\\/\\\/schema.org\",\"@graph\":[{\"@type\":\"WebPage\",\"@id\":\"https:\\\/\\\/kidsplay.lt\\\/produktas\\\/smoby-kudikiu-slaugytoja-gilus-vezimelis-su-plastikiniu-baldakimu\\\/\",\"url\":\"https:\\\/\\\/kidsplay.lt\\\/produktas\\\/smoby-kudikiu-slaugytoja-gilus-vezimelis-su-plastikiniu-baldakimu\\\/\",\"name\":\"SMOBY K\u016bdiki\u0173 slaugytoja Gilus ve\u017eim\u0117lis su plastikiniu baldakimu\",\"isPartOf\":{\"@id\":\"https:\\\/\\\/kidsplay.lt\\\/#website\"},\"primaryImageOfPage\":{\"@id\":\"https:\\\/\\\/kidsplay.lt\\\/produktas\\\/smoby-kudikiu-slaugytoja-gilus-vezimelis-su-plastikiniu-baldakimu\\\/#primaryimage\"},\"image\":{\"@id\":\"https:\\\/\\\/kidsplay.lt\\\/produktas\\\/smoby-kudikiu-slaugytoja-gilus-vezimelis-su-plastikiniu-baldakimu\\\/#primaryimage\"},\"thumbnailUrl\":\"https:\\\/\\\/kidsplay.lt\\\/wp-content\\\/uploads\\\/2025\\\/10\\\/SMOBY-Kudikiu-slaugytoja-Gilus-vezimelis-su-plastikiniu-baldakimu.jpg\",\"datePublished\":\"2025-10-26T10:00:16+00:00\",\"dateModified\":\"2026-04-07T07:00:37+00:00\",\"description\":\"SMOBY K\u016bdiki\u0173 slaugytoja Gilus ve\u017eim\u0117lis su plastikiniu baldakimu - KidsPlay. Did\u017eiausias vaik\u0173 \u017eaisl\u0173 pasirinkimas.\",\"breadcrumb\":{\"@id\":\"https:\\\/\\\/kidsplay.lt\\\/produktas\\\/smoby-kudikiu-slaugytoja-gilus-vezimelis-su-plastikiniu-baldakimu\\\/#breadcrumb\"},\"inLanguage\":\"lv-LV\",\"potentialAction\":[{\"@type\":\"ReadAction\",\"target\":[\"https:\\\/\\\/kidsplay.lt\\\/produktas\\\/smoby-kudikiu-slaugytoja-gilus-vezimelis-su-plastikiniu-baldakimu\\\/\"]}]},{\"@type\":\"ImageObject\",\"inLanguage\":\"lv-LV\",\"@id\":\"https:\\\/\\\/kidsplay.lt\\\/produktas\\\/smoby-kudikiu-slaugytoja-gilus-vezimelis-su-plastikiniu-baldakimu\\\/#primaryimage\",\"url\":\"https:\\\/\\\/kidsplay.lt\\\/wp-content\\\/uploads\\\/2025\\\/10\\\/SMOBY-Kudikiu-slaugytoja-Gilus-vezimelis-su-plastikiniu-baldakimu.jpg\",\"contentUrl\":\"https:\\\/\\\/kidsplay.lt\\\/wp-content\\\/uploads\\\/2025\\\/10\\\/SMOBY-Kudikiu-slaugytoja-Gilus-vezimelis-su-plastikiniu-baldakimu.jpg\",\"width\":1000,\"height\":1000,\"caption\":\"SMOBY K\u016bdiki\u0173 slaugytoja Gilus ve\u017eim\u0117lis su plastikiniu baldakimu\"},{\"@type\":\"BreadcrumbList\",\"@id\":\"https:\\\/\\\/kidsplay.lt\\\/produktas\\\/smoby-kudikiu-slaugytoja-gilus-vezimelis-su-plastikiniu-baldakimu\\\/#breadcrumb\",\"itemListElement\":[{\"@type\":\"ListItem\",\"position\":1,\"name\":\"Pagrindinis\",\"item\":\"https:\\\/\\\/kidsplay.lt\\\/\"},{\"@type\":\"ListItem\",\"position\":2,\"name\":\"Parduotuv\u0117\",\"item\":\"https:\\\/\\\/kidsplay.lt\\\/parduotuve\\\/\"},{\"@type\":\"ListItem\",\"position\":3,\"name\":\"SMOBY K\u016bdiki\u0173 slaugytoja Gilus ve\u017eim\u0117lis su plastikiniu baldakimu\"}]},{\"@type\":\"WebSite\",\"@id\":\"https:\\\/\\\/kidsplay.lt\\\/#website\",\"url\":\"https:\\\/\\\/kidsplay.lt\\\/\",\"name\":\"Kidsplay.lt\",\"description\":\"\u012evairios prek\u0117s vaikams\",\"publisher\":{\"@id\":\"https:\\\/\\\/kidsplay.lt\\\/#organization\"},\"alternateName\":\"Kidsplay\",\"potentialAction\":[{\"@type\":\"SearchAction\",\"target\":{\"@type\":\"EntryPoint\",\"urlTemplate\":\"https:\\\/\\\/kidsplay.lt\\\/?s={search_term_string}\"},\"query-input\":{\"@type\":\"PropertyValueSpecification\",\"valueRequired\":true,\"valueName\":\"search_term_string\"}}],\"inLanguage\":\"lv-LV\"},{\"@type\":\"Organization\",\"@id\":\"https:\\\/\\\/kidsplay.lt\\\/#organization\",\"name\":\"KidsPlay\",\"url\":\"https:\\\/\\\/kidsplay.lt\\\/\",\"logo\":{\"@type\":\"ImageObject\",\"inLanguage\":\"lv-LV\",\"@id\":\"https:\\\/\\\/kidsplay.lt\\\/#\\\/schema\\\/logo\\\/image\\\/\",\"url\":\"https:\\\/\\\/kidsplay.lt\\\/wp-content\\\/uploads\\\/2023\\\/07\\\/kidsplay-logo.png\",\"contentUrl\":\"https:\\\/\\\/kidsplay.lt\\\/wp-content\\\/uploads\\\/2023\\\/07\\\/kidsplay-logo.png\",\"width\":451,\"height\":98,\"caption\":\"KidsPlay\"},\"image\":{\"@id\":\"https:\\\/\\\/kidsplay.lt\\\/#\\\/schema\\\/logo\\\/image\\\/\"},\"sameAs\":[\"https:\\\/\\\/www.facebook.com\\\/www.kidsplay.lt\"]}]}<\/script>\n<!-- \/ Yoast SEO plugin. -->","yoast_head_json":{"title":"SMOBY K\u016bdiki\u0173 slaugytoja Gilus ve\u017eim\u0117lis su plastikiniu baldakimu","description":"SMOBY K\u016bdiki\u0173 slaugytoja Gilus ve\u017eim\u0117lis su plastikiniu baldakimu - KidsPlay. Did\u017eiausias vaik\u0173 \u017eaisl\u0173 pasirinkimas.","robots":{"index":"index","follow":"follow","max-snippet":"max-snippet:-1","max-image-preview":"max-image-preview:large","max-video-preview":"max-video-preview:-1"},"canonical":"https:\/\/kidsplay.lt\/lv\/product\/smoby-kudikiu-slaugytoja-gilus-vezimelis-su-plastikiniu-baldakimu\/","og_locale":"lv_LV","og_type":"article","og_title":"SMOBY K\u016bdiki\u0173 slaugytoja Gilus ve\u017eim\u0117lis su plastikiniu baldakimu","og_description":"SMOBY K\u016bdiki\u0173 slaugytoja Gilus ve\u017eim\u0117lis su plastikiniu baldakimu - KidsPlay. Did\u017eiausias vaik\u0173 \u017eaisl\u0173 pasirinkimas.","og_url":"https:\/\/kidsplay.lt\/lv\/product\/smoby-kudikiu-slaugytoja-gilus-vezimelis-su-plastikiniu-baldakimu\/","og_site_name":"KidsPlay","article_publisher":"https:\/\/www.facebook.com\/www.kidsplay.lt","article_modified_time":"2026-04-07T07:00:37+00:00","og_image":[{"width":1000,"height":1000,"url":"https:\/\/kidsplay.lt\/wp-content\/uploads\/2025\/10\/SMOBY-Kudikiu-slaugytoja-Gilus-vezimelis-su-plastikiniu-baldakimu.jpg","type":"image\/jpeg"}],"twitter_card":"summary_large_image","twitter_misc":{"Est. reading time":"1 min\u016bte"},"schema":{"@context":"https:\/\/schema.org","@graph":[{"@type":"WebPage","@id":"https:\/\/kidsplay.lt\/produktas\/smoby-kudikiu-slaugytoja-gilus-vezimelis-su-plastikiniu-baldakimu\/","url":"https:\/\/kidsplay.lt\/produktas\/smoby-kudikiu-slaugytoja-gilus-vezimelis-su-plastikiniu-baldakimu\/","name":"SMOBY K\u016bdiki\u0173 slaugytoja Gilus ve\u017eim\u0117lis su plastikiniu baldakimu","isPartOf":{"@id":"https:\/\/kidsplay.lt\/#website"},"primaryImageOfPage":{"@id":"https:\/\/kidsplay.lt\/produktas\/smoby-kudikiu-slaugytoja-gilus-vezimelis-su-plastikiniu-baldakimu\/#primaryimage"},"image":{"@id":"https:\/\/kidsplay.lt\/produktas\/smoby-kudikiu-slaugytoja-gilus-vezimelis-su-plastikiniu-baldakimu\/#primaryimage"},"thumbnailUrl":"https:\/\/kidsplay.lt\/wp-content\/uploads\/2025\/10\/SMOBY-Kudikiu-slaugytoja-Gilus-vezimelis-su-plastikiniu-baldakimu.jpg","datePublished":"2025-10-26T10:00:16+00:00","dateModified":"2026-04-07T07:00:37+00:00","description":"SMOBY K\u016bdiki\u0173 slaugytoja Gilus ve\u017eim\u0117lis su plastikiniu baldakimu - KidsPlay. Did\u017eiausias vaik\u0173 \u017eaisl\u0173 pasirinkimas.","breadcrumb":{"@id":"https:\/\/kidsplay.lt\/produktas\/smoby-kudikiu-slaugytoja-gilus-vezimelis-su-plastikiniu-baldakimu\/#breadcrumb"},"inLanguage":"lv-LV","potentialAction":[{"@type":"ReadAction","target":["https:\/\/kidsplay.lt\/produktas\/smoby-kudikiu-slaugytoja-gilus-vezimelis-su-plastikiniu-baldakimu\/"]}]},{"@type":"ImageObject","inLanguage":"lv-LV","@id":"https:\/\/kidsplay.lt\/produktas\/smoby-kudikiu-slaugytoja-gilus-vezimelis-su-plastikiniu-baldakimu\/#primaryimage","url":"https:\/\/kidsplay.lt\/wp-content\/uploads\/2025\/10\/SMOBY-Kudikiu-slaugytoja-Gilus-vezimelis-su-plastikiniu-baldakimu.jpg","contentUrl":"https:\/\/kidsplay.lt\/wp-content\/uploads\/2025\/10\/SMOBY-Kudikiu-slaugytoja-Gilus-vezimelis-su-plastikiniu-baldakimu.jpg","width":1000,"height":1000,"caption":"SMOBY K\u016bdiki\u0173 slaugytoja Gilus ve\u017eim\u0117lis su plastikiniu baldakimu"},{"@type":"BreadcrumbList","@id":"https:\/\/kidsplay.lt\/produktas\/smoby-kudikiu-slaugytoja-gilus-vezimelis-su-plastikiniu-baldakimu\/#breadcrumb","itemListElement":[{"@type":"ListItem","position":1,"name":"Pagrindinis","item":"https:\/\/kidsplay.lt\/"},{"@type":"ListItem","position":2,"name":"Parduotuv\u0117","item":"https:\/\/kidsplay.lt\/parduotuve\/"},{"@type":"ListItem","position":3,"name":"SMOBY K\u016bdiki\u0173 slaugytoja Gilus ve\u017eim\u0117lis su plastikiniu baldakimu"}]},{"@type":"WebSite","@id":"https:\/\/kidsplay.lt\/#website","url":"https:\/\/kidsplay.lt\/","name":"B\u0113rnu sp\u0113les.lv","description":"\u012evairios prek\u0117s vaikams","publisher":{"@id":"https:\/\/kidsplay.lt\/#organization"},"alternateName":"Kidsplay","potentialAction":[{"@type":"SearchAction","target":{"@type":"EntryPoint","urlTemplate":"https:\/\/kidsplay.lt\/?s={search_term_string}"},"query-input":{"@type":"PropertyValueSpecification","valueRequired":true,"valueName":"search_term_string"}}],"inLanguage":"lv-LV"},{"@type":"Organization","@id":"https:\/\/kidsplay.lt\/#organization","name":"B\u0113rnu sp\u0113le","url":"https:\/\/kidsplay.lt\/","logo":{"@type":"ImageObject","inLanguage":"lv-LV","@id":"https:\/\/kidsplay.lt\/#\/schema\/logo\/image\/","url":"https:\/\/kidsplay.lt\/wp-content\/uploads\/2023\/07\/kidsplay-logo.png","contentUrl":"https:\/\/kidsplay.lt\/wp-content\/uploads\/2023\/07\/kidsplay-logo.png","width":451,"height":98,"caption":"KidsPlay"},"image":{"@id":"https:\/\/kidsplay.lt\/#\/schema\/logo\/image\/"},"sameAs":["https:\/\/www.facebook.com\/www.kidsplay.lt"]}]}},"_links":{"self":[{"href":"https:\/\/kidsplay.lt\/lv\/wp-json\/wp\/v2\/product\/78020","targetHints":{"allow":["GET"]}}],"collection":[{"href":"https:\/\/kidsplay.lt\/lv\/wp-json\/wp\/v2\/product"}],"about":[{"href":"https:\/\/kidsplay.lt\/lv\/wp-json\/wp\/v2\/types\/product"}],"version-history":[{"count":1,"href":"https:\/\/kidsplay.lt\/lv\/wp-json\/wp\/v2\/product\/78020\/revisions"}],"predecessor-version":[{"id":78021,"href":"https:\/\/kidsplay.lt\/lv\/wp-json\/wp\/v2\/product\/78020\/revisions\/78021"}],"wp:featuredmedia":[{"embeddable":true,"href":"https:\/\/kidsplay.lt\/lv\/wp-json\/wp\/v2\/media\/78022"}],"wp:attachment":[{"href":"https:\/\/kidsplay.lt\/lv\/wp-json\/wp\/v2\/media?parent=78020"}],"wp:term":[{"taxonomy":"product_brand","embeddable":true,"href":"https:\/\/kidsplay.lt\/lv\/wp-json\/wp\/v2\/product_brand?post=78020"},{"taxonomy":"product_cat","embeddable":true,"href":"https:\/\/kidsplay.lt\/lv\/wp-json\/wp\/v2\/product_cat?post=78020"},{"taxonomy":"product_tag","embeddable":true,"href":"https:\/\/kidsplay.lt\/lv\/wp-json\/wp\/v2\/product_tag?post=78020"}],"curies":[{"name":"wp","href":"https:\/\/api.w.org\/{rel}","templated":true}]}}