{"id":78048,"date":"2025-10-26T12:03:09","date_gmt":"2025-10-26T10:03:09","guid":{"rendered":"https:\/\/kidsplay.lt\/produktas\/smoby-kudikio-slaugytojo-lopsys-su-stogeliu\/"},"modified":"2026-04-13T14:21:56","modified_gmt":"2026-04-13T11:21:56","slug":"smoby-kudikio-slaugytojo-lopsys-su-stogeliu","status":"publish","type":"product","link":"https:\/\/kidsplay.lt\/lv\/products\/smoby-kudikio-slaugytojo-lopsys-su-stogeliu\/","title":{"rendered":"Smoby b\u0113rnu z\u012bd\u012b\u0161anas \u0161\u016bpulis ar jumti\u0146u"},"content":{"rendered":"<p>Lop\u0161in\u0117 \u201eBaby Nurse Canopy\u201c\u00a0yra puikus aksesuaras bet kuriam ma\u017eajam glob\u0117jui! \u017daidimas su k\u016bdikiu leid\u017eia j\u016bs\u0173 vaikui u\u017emigdyti l\u0117l\u0119 ir supti lop\u0161\u012f, lavinant empatij\u0105 ir vaizduot\u0119. Gra\u017eus med\u017eiaginis baldakimas su subtiliu ra\u0161tu ir mergaiti\u0161komis spalvomis paver\u010dia lop\u0161\u012f dekoratyviu j\u0173 kambario akcentu. Auk\u0161tos kokyb\u0117s med\u017eiagos ir apvalios formos u\u017etikrina \u017eaislo saugum\u0105 ir patvarum\u0105. \u0160is rinkinys padeda j\u016bs\u0173 vaikui lavinti k\u016brybin\u012f m\u0105stym\u0105, atsakomyb\u0119 ir savaranki\u0161kum\u0105 per malon\u0173 ir prasming\u0105 \u017eaidim\u0105.<\/p>\n<p>B\u016bdingas<\/p>\n<p> \t&#8211; Ma\u017edaug 42 cm auk\u0161\u010dio l\u0117l\u0117ms<br \/>\n \t&#8211; Rinkinyje n\u0117ra l\u0117l\u0117s<br \/>\n \t&#8211; Apval\u016bs kra\u0161tai u\u017etikrina saugum\u0105<br \/>\n \t&#8211; Gra\u017eios, mergaiti\u0161kos spalvos<br \/>\n \t&#8211; Audinio baldakimas su smulkiu ra\u0161tu<br \/>\n \t&#8211; Surinkti turi suaug\u0119s asmuo<br \/>\n \t&#8211; K\u016bdiki\u0173 slaugytoj\u0173 kolekcija<br \/>\n \t&#8211; Pagaminta Pranc\u016bzijoje<br \/>\n \t&#8211; Matmenys: apytiksliai 69 x 47 x 28 cm<\/p>","protected":false},"excerpt":{"rendered":"<p>Lop\u0161in\u0117 \u201eBaby Nurse Canopy\u201c\u00a0yra puikus aksesuaras bet kuriam ma\u017eajam glob\u0117jui! \u017daidimas su k\u016bdikiu leid\u017eia j\u016bs\u0173 vaikui u\u017emigdyti l\u0117l\u0119 ir supti<\/p>","protected":false},"featured_media":78050,"template":"","meta":{"_acf_changed":false,"_glsr_average":0,"_glsr_ranking":0,"_glsr_reviews":0},"product_brand":[],"product_cat":[443,229],"product_tag":[],"class_list":{"0":"post-78048","1":"product","2":"type-product","3":"status-publish","4":"has-post-thumbnail","6":"product_cat-leles-ir-priedai","7":"product_cat-zaislai-vaikams","8":"\"style=\"background-color: #2ecc711c;\"","10":"first","11":"instock","12":"purchasable","13":"product-type-simple"},"acf":[],"yoast_head":"<!-- This site is optimized with the Yoast SEO plugin v27.3 - https:\/\/yoast.com\/product\/yoast-seo-wordpress\/ -->\n<title>Smoby k\u016bdikio slaugytojo lop\u0161ys su stogeliu<\/title>\n<meta name=\"description\" content=\"Smoby k\u016bdikio slaugytojo lop\u0161ys su stogeliu - KidsPlay. Did\u017eiausias vaik\u0173 \u017eaisl\u0173 pasirinkimas.\" \/>\n<meta name=\"robots\" content=\"index, follow, max-snippet:-1, max-image-preview:large, max-video-preview:-1\" \/>\n<link rel=\"canonical\" href=\"https:\/\/kidsplay.lt\/lv\/products\/smoby-kudikio-slaugytojo-lopsys-su-stogeliu\/\" \/>\n<meta property=\"og:locale\" content=\"lv_LV\" \/>\n<meta property=\"og:type\" content=\"article\" \/>\n<meta property=\"og:title\" content=\"Smoby k\u016bdikio slaugytojo lop\u0161ys su stogeliu\" \/>\n<meta property=\"og:description\" content=\"Smoby k\u016bdikio slaugytojo lop\u0161ys su stogeliu - KidsPlay. Did\u017eiausias vaik\u0173 \u017eaisl\u0173 pasirinkimas.\" \/>\n<meta property=\"og:url\" content=\"https:\/\/kidsplay.lt\/lv\/products\/smoby-kudikio-slaugytojo-lopsys-su-stogeliu\/\" \/>\n<meta property=\"og:site_name\" content=\"KidsPlay\" \/>\n<meta property=\"article:publisher\" content=\"https:\/\/www.facebook.com\/www.kidsplay.lt\" \/>\n<meta property=\"article:modified_time\" content=\"2026-04-13T11:21:56+00:00\" \/>\n<meta property=\"og:image\" content=\"https:\/\/kidsplay.lt\/wp-content\/uploads\/2025\/10\/Smoby-kudikio-slaugytojo-lopsys-su-stogeliu.jpg\" \/>\n\t<meta property=\"og:image:width\" content=\"2560\" \/>\n\t<meta property=\"og:image:height\" content=\"2560\" \/>\n\t<meta property=\"og:image:type\" content=\"image\/jpeg\" \/>\n<meta name=\"twitter:card\" content=\"summary_large_image\" \/>\n<meta name=\"twitter:label1\" content=\"Est. reading time\" \/>\n\t<meta name=\"twitter:data1\" content=\"1 min\u016bte\" \/>\n<script type=\"application\/ld+json\" class=\"yoast-schema-graph\">{\"@context\":\"https:\\\/\\\/schema.org\",\"@graph\":[{\"@type\":\"WebPage\",\"@id\":\"https:\\\/\\\/kidsplay.lt\\\/produktas\\\/smoby-kudikio-slaugytojo-lopsys-su-stogeliu\\\/\",\"url\":\"https:\\\/\\\/kidsplay.lt\\\/produktas\\\/smoby-kudikio-slaugytojo-lopsys-su-stogeliu\\\/\",\"name\":\"Smoby k\u016bdikio slaugytojo lop\u0161ys su stogeliu\",\"isPartOf\":{\"@id\":\"https:\\\/\\\/kidsplay.lt\\\/#website\"},\"primaryImageOfPage\":{\"@id\":\"https:\\\/\\\/kidsplay.lt\\\/produktas\\\/smoby-kudikio-slaugytojo-lopsys-su-stogeliu\\\/#primaryimage\"},\"image\":{\"@id\":\"https:\\\/\\\/kidsplay.lt\\\/produktas\\\/smoby-kudikio-slaugytojo-lopsys-su-stogeliu\\\/#primaryimage\"},\"thumbnailUrl\":\"https:\\\/\\\/kidsplay.lt\\\/wp-content\\\/uploads\\\/2025\\\/10\\\/Smoby-kudikio-slaugytojo-lopsys-su-stogeliu.jpg\",\"datePublished\":\"2025-10-26T10:03:09+00:00\",\"dateModified\":\"2026-04-13T11:21:56+00:00\",\"description\":\"Smoby k\u016bdikio slaugytojo lop\u0161ys su stogeliu - KidsPlay. Did\u017eiausias vaik\u0173 \u017eaisl\u0173 pasirinkimas.\",\"breadcrumb\":{\"@id\":\"https:\\\/\\\/kidsplay.lt\\\/produktas\\\/smoby-kudikio-slaugytojo-lopsys-su-stogeliu\\\/#breadcrumb\"},\"inLanguage\":\"lv-LV\",\"potentialAction\":[{\"@type\":\"ReadAction\",\"target\":[\"https:\\\/\\\/kidsplay.lt\\\/produktas\\\/smoby-kudikio-slaugytojo-lopsys-su-stogeliu\\\/\"]}]},{\"@type\":\"ImageObject\",\"inLanguage\":\"lv-LV\",\"@id\":\"https:\\\/\\\/kidsplay.lt\\\/produktas\\\/smoby-kudikio-slaugytojo-lopsys-su-stogeliu\\\/#primaryimage\",\"url\":\"https:\\\/\\\/kidsplay.lt\\\/wp-content\\\/uploads\\\/2025\\\/10\\\/Smoby-kudikio-slaugytojo-lopsys-su-stogeliu.jpg\",\"contentUrl\":\"https:\\\/\\\/kidsplay.lt\\\/wp-content\\\/uploads\\\/2025\\\/10\\\/Smoby-kudikio-slaugytojo-lopsys-su-stogeliu.jpg\",\"width\":2560,\"height\":2560,\"caption\":\"Smoby k\u016bdikio slaugytojo lop\u0161ys su stogeliu\"},{\"@type\":\"BreadcrumbList\",\"@id\":\"https:\\\/\\\/kidsplay.lt\\\/produktas\\\/smoby-kudikio-slaugytojo-lopsys-su-stogeliu\\\/#breadcrumb\",\"itemListElement\":[{\"@type\":\"ListItem\",\"position\":1,\"name\":\"Pagrindinis\",\"item\":\"https:\\\/\\\/kidsplay.lt\\\/\"},{\"@type\":\"ListItem\",\"position\":2,\"name\":\"Parduotuv\u0117\",\"item\":\"https:\\\/\\\/kidsplay.lt\\\/parduotuve\\\/\"},{\"@type\":\"ListItem\",\"position\":3,\"name\":\"Smoby k\u016bdikio slaugytojo lop\u0161ys su stogeliu\"}]},{\"@type\":\"WebSite\",\"@id\":\"https:\\\/\\\/kidsplay.lt\\\/#website\",\"url\":\"https:\\\/\\\/kidsplay.lt\\\/\",\"name\":\"Kidsplay.lt\",\"description\":\"\u012evairios prek\u0117s vaikams\",\"publisher\":{\"@id\":\"https:\\\/\\\/kidsplay.lt\\\/#organization\"},\"alternateName\":\"Kidsplay\",\"potentialAction\":[{\"@type\":\"SearchAction\",\"target\":{\"@type\":\"EntryPoint\",\"urlTemplate\":\"https:\\\/\\\/kidsplay.lt\\\/?s={search_term_string}\"},\"query-input\":{\"@type\":\"PropertyValueSpecification\",\"valueRequired\":true,\"valueName\":\"search_term_string\"}}],\"inLanguage\":\"lv-LV\"},{\"@type\":\"Organization\",\"@id\":\"https:\\\/\\\/kidsplay.lt\\\/#organization\",\"name\":\"KidsPlay\",\"url\":\"https:\\\/\\\/kidsplay.lt\\\/\",\"logo\":{\"@type\":\"ImageObject\",\"inLanguage\":\"lv-LV\",\"@id\":\"https:\\\/\\\/kidsplay.lt\\\/#\\\/schema\\\/logo\\\/image\\\/\",\"url\":\"https:\\\/\\\/kidsplay.lt\\\/wp-content\\\/uploads\\\/2023\\\/07\\\/kidsplay-logo.png\",\"contentUrl\":\"https:\\\/\\\/kidsplay.lt\\\/wp-content\\\/uploads\\\/2023\\\/07\\\/kidsplay-logo.png\",\"width\":451,\"height\":98,\"caption\":\"KidsPlay\"},\"image\":{\"@id\":\"https:\\\/\\\/kidsplay.lt\\\/#\\\/schema\\\/logo\\\/image\\\/\"},\"sameAs\":[\"https:\\\/\\\/www.facebook.com\\\/www.kidsplay.lt\"]}]}<\/script>\n<!-- \/ Yoast SEO plugin. -->","yoast_head_json":{"title":"Smoby b\u0113rnu z\u012bd\u012b\u0161anas \u0161\u016bpulis ar jumti\u0146u","description":"Smoby k\u016bdikio slaugytojo lop\u0161ys su stogeliu - KidsPlay. Did\u017eiausias vaik\u0173 \u017eaisl\u0173 pasirinkimas.","robots":{"index":"index","follow":"follow","max-snippet":"max-snippet:-1","max-image-preview":"max-image-preview:large","max-video-preview":"max-video-preview:-1"},"canonical":"https:\/\/kidsplay.lt\/lv\/products\/smoby-kudikio-slaugytojo-lopsys-su-stogeliu\/","og_locale":"lv_LV","og_type":"article","og_title":"Smoby k\u016bdikio slaugytojo lop\u0161ys su stogeliu","og_description":"Smoby k\u016bdikio slaugytojo lop\u0161ys su stogeliu - KidsPlay. Did\u017eiausias vaik\u0173 \u017eaisl\u0173 pasirinkimas.","og_url":"https:\/\/kidsplay.lt\/lv\/products\/smoby-kudikio-slaugytojo-lopsys-su-stogeliu\/","og_site_name":"KidsPlay","article_publisher":"https:\/\/www.facebook.com\/www.kidsplay.lt","article_modified_time":"2026-04-13T11:21:56+00:00","og_image":[{"width":2560,"height":2560,"url":"https:\/\/kidsplay.lt\/wp-content\/uploads\/2025\/10\/Smoby-kudikio-slaugytojo-lopsys-su-stogeliu.jpg","type":"image\/jpeg"}],"twitter_card":"summary_large_image","twitter_misc":{"Est. reading time":"1 min\u016bte"},"schema":{"@context":"https:\/\/schema.org","@graph":[{"@type":"WebPage","@id":"https:\/\/kidsplay.lt\/produktas\/smoby-kudikio-slaugytojo-lopsys-su-stogeliu\/","url":"https:\/\/kidsplay.lt\/produktas\/smoby-kudikio-slaugytojo-lopsys-su-stogeliu\/","name":"Smoby b\u0113rnu z\u012bd\u012b\u0161anas \u0161\u016bpulis ar jumti\u0146u","isPartOf":{"@id":"https:\/\/kidsplay.lt\/#website"},"primaryImageOfPage":{"@id":"https:\/\/kidsplay.lt\/produktas\/smoby-kudikio-slaugytojo-lopsys-su-stogeliu\/#primaryimage"},"image":{"@id":"https:\/\/kidsplay.lt\/produktas\/smoby-kudikio-slaugytojo-lopsys-su-stogeliu\/#primaryimage"},"thumbnailUrl":"https:\/\/kidsplay.lt\/wp-content\/uploads\/2025\/10\/Smoby-kudikio-slaugytojo-lopsys-su-stogeliu.jpg","datePublished":"2025-10-26T10:03:09+00:00","dateModified":"2026-04-13T11:21:56+00:00","description":"Smoby k\u016bdikio slaugytojo lop\u0161ys su stogeliu - KidsPlay. Did\u017eiausias vaik\u0173 \u017eaisl\u0173 pasirinkimas.","breadcrumb":{"@id":"https:\/\/kidsplay.lt\/produktas\/smoby-kudikio-slaugytojo-lopsys-su-stogeliu\/#breadcrumb"},"inLanguage":"lv-LV","potentialAction":[{"@type":"ReadAction","target":["https:\/\/kidsplay.lt\/produktas\/smoby-kudikio-slaugytojo-lopsys-su-stogeliu\/"]}]},{"@type":"ImageObject","inLanguage":"lv-LV","@id":"https:\/\/kidsplay.lt\/produktas\/smoby-kudikio-slaugytojo-lopsys-su-stogeliu\/#primaryimage","url":"https:\/\/kidsplay.lt\/wp-content\/uploads\/2025\/10\/Smoby-kudikio-slaugytojo-lopsys-su-stogeliu.jpg","contentUrl":"https:\/\/kidsplay.lt\/wp-content\/uploads\/2025\/10\/Smoby-kudikio-slaugytojo-lopsys-su-stogeliu.jpg","width":2560,"height":2560,"caption":"Smoby k\u016bdikio slaugytojo lop\u0161ys su stogeliu"},{"@type":"BreadcrumbList","@id":"https:\/\/kidsplay.lt\/produktas\/smoby-kudikio-slaugytojo-lopsys-su-stogeliu\/#breadcrumb","itemListElement":[{"@type":"ListItem","position":1,"name":"Pagrindinis","item":"https:\/\/kidsplay.lt\/"},{"@type":"ListItem","position":2,"name":"Parduotuv\u0117","item":"https:\/\/kidsplay.lt\/parduotuve\/"},{"@type":"ListItem","position":3,"name":"Smoby k\u016bdikio slaugytojo lop\u0161ys su stogeliu"}]},{"@type":"WebSite","@id":"https:\/\/kidsplay.lt\/#website","url":"https:\/\/kidsplay.lt\/","name":"B\u0113rnu sp\u0113les.lv","description":"\u012evairios prek\u0117s vaikams","publisher":{"@id":"https:\/\/kidsplay.lt\/#organization"},"alternateName":"Kidsplay","potentialAction":[{"@type":"SearchAction","target":{"@type":"EntryPoint","urlTemplate":"https:\/\/kidsplay.lt\/?s={search_term_string}"},"query-input":{"@type":"PropertyValueSpecification","valueRequired":true,"valueName":"search_term_string"}}],"inLanguage":"lv-LV"},{"@type":"Organization","@id":"https:\/\/kidsplay.lt\/#organization","name":"B\u0113rnu sp\u0113le","url":"https:\/\/kidsplay.lt\/","logo":{"@type":"ImageObject","inLanguage":"lv-LV","@id":"https:\/\/kidsplay.lt\/#\/schema\/logo\/image\/","url":"https:\/\/kidsplay.lt\/wp-content\/uploads\/2023\/07\/kidsplay-logo.png","contentUrl":"https:\/\/kidsplay.lt\/wp-content\/uploads\/2023\/07\/kidsplay-logo.png","width":451,"height":98,"caption":"KidsPlay"},"image":{"@id":"https:\/\/kidsplay.lt\/#\/schema\/logo\/image\/"},"sameAs":["https:\/\/www.facebook.com\/www.kidsplay.lt"]}]}},"_links":{"self":[{"href":"https:\/\/kidsplay.lt\/lv\/wp-json\/wp\/v2\/product\/78048","targetHints":{"allow":["GET"]}}],"collection":[{"href":"https:\/\/kidsplay.lt\/lv\/wp-json\/wp\/v2\/product"}],"about":[{"href":"https:\/\/kidsplay.lt\/lv\/wp-json\/wp\/v2\/types\/product"}],"version-history":[{"count":1,"href":"https:\/\/kidsplay.lt\/lv\/wp-json\/wp\/v2\/product\/78048\/revisions"}],"predecessor-version":[{"id":78049,"href":"https:\/\/kidsplay.lt\/lv\/wp-json\/wp\/v2\/product\/78048\/revisions\/78049"}],"wp:featuredmedia":[{"embeddable":true,"href":"https:\/\/kidsplay.lt\/lv\/wp-json\/wp\/v2\/media\/78050"}],"wp:attachment":[{"href":"https:\/\/kidsplay.lt\/lv\/wp-json\/wp\/v2\/media?parent=78048"}],"wp:term":[{"taxonomy":"product_brand","embeddable":true,"href":"https:\/\/kidsplay.lt\/lv\/wp-json\/wp\/v2\/product_brand?post=78048"},{"taxonomy":"product_cat","embeddable":true,"href":"https:\/\/kidsplay.lt\/lv\/wp-json\/wp\/v2\/product_cat?post=78048"},{"taxonomy":"product_tag","embeddable":true,"href":"https:\/\/kidsplay.lt\/lv\/wp-json\/wp\/v2\/product_tag?post=78048"}],"curies":[{"name":"wp","href":"https:\/\/api.w.org\/{rel}","templated":true}]}}