{"id":78058,"date":"2025-10-26T12:03:44","date_gmt":"2025-10-26T10:03:44","guid":{"rendered":"https:\/\/kidsplay.lt\/produktas\/smoby-aukles-maitinimo-kedute\/"},"modified":"2026-04-07T10:00:51","modified_gmt":"2026-04-07T07:00:51","slug":"smoby-aukles-maitinimo-kedute","status":"publish","type":"product","link":"https:\/\/kidsplay.lt\/lv\/product\/smoby-aukles-maitinimo-kedute\/","title":{"rendered":"SMOBY aukl\u012btes baro\u0161anas kr\u0113sli\u0146\u0161"},"content":{"rendered":"<p>Kiekviena ma\u017ea mergait\u0117 svajoja r\u016bpintis savo l\u0117le kaip tikra mama!\u00a0\u00a0 \u201eBaby Nurse\u201c\u00a0maitinimo k\u0117dut\u0117\u00a0leid\u017eia\u00a0m\u0117gautis kasdiene prie\u017ei\u016bra, moko empatijos ir atsakomyb\u0117s. Maitinimo k\u0117dut\u0117 pasi\u017eymi moderniu dizainu ir gra\u017eiomis, mergaiti\u0161komis spalvomis, kurios prad\u017eiugins kiekvien\u0105 \u201ema\u017e\u0105j\u0105 mam\u0105\u201c. \u017daislas turi prakti\u0161k\u0105 lentyn\u0117l\u0119 ir prie stalo pritvirtint\u0105 \u017eaisl\u0105, o rinkinyje taip pat yra l\u0117k\u0161t\u0117 ir \u0161auk\u0161telis. Maitinimo k\u0117dut\u0117 idealiai tinka l\u0117l\u0117ms\u00a0iki 42 cm,\u00a0o \u017eaidimas lavina k\u016brybi\u0161kum\u0105, vaizduot\u0119 ir ankstyvuosius socialinius \u012fg\u016bd\u017eius.<\/p>\n<p>B\u016bdingas<\/p>\n<p> \t&#8211; Auk\u0161ta k\u0117dut\u0117 l\u0117lei maitinti ir \u017eaisti su ja<br \/>\n \t&#8211; Gra\u017eios, mergaiti\u0161kos spalvos ir modernus dizainas<br \/>\n \t&#8211; Prakti\u0161ka lentyna po k\u0117de<br \/>\n \t&#8211; Auk\u0161tis nuo \u017eem\u0117s iki stalo: apie 50 cm<br \/>\n \t&#8211; Bendras k\u0117d\u0117s auk\u0161tis: apie 65 cm<br \/>\n \t&#8211; Skirta l\u0117l\u0117ms iki 42 cm dyd\u017eio<br \/>\n \t&#8211; Rinkinyje n\u0117ra l\u0117l\u0117s<\/p>\n<p>Komplekta saturs<\/p>\n<p> \t&#8211; Auk\u0161ta k\u0117dut\u0117 maitinimui ir \u017eaidimams<br \/>\n \t&#8211; L\u0117k\u0161t\u0117<br \/>\n \t&#8211; Arbatinis \u0161auk\u0161telis<\/p>\n<p>\u017daislas vystosi.<\/p>\n<p> \t&#8211; Geb\u0117jimas r\u016bpintis kitais ir u\u017ejausti juos<br \/>\n \t&#8211; Vaiko k\u016brybi\u0161kumas ir vaizduot\u0117<br \/>\n \t&#8211; Motorikos koordinacija ir rankiniai \u012fg\u016bd\u017eiai<br \/>\n \t&#8211; Pirmoji patirtis \u017eaid\u017eiant kasdienius \u017eaidimus nam\u0173 gyvenime<br \/>\n \t&#8211; Socialinio elgesio ir \u012fpro\u010di\u0173 suvokimas<\/p>","protected":false},"excerpt":{"rendered":"<p>Kiekviena ma\u017ea mergait\u0117 svajoja r\u016bpintis savo l\u0117le kaip tikra mama!\u00a0\u00a0 \u201eBaby Nurse\u201c\u00a0maitinimo k\u0117dut\u0117\u00a0leid\u017eia\u00a0m\u0117gautis kasdiene prie\u017ei\u016bra, moko empatijos ir atsakomyb\u0117s. Maitinimo<\/p>","protected":false},"featured_media":78060,"template":"","meta":{"_acf_changed":false,"_glsr_average":0,"_glsr_ranking":0,"_glsr_reviews":0},"product_brand":[],"product_cat":[443,229],"product_tag":[],"class_list":{"0":"post-78058","1":"product","2":"type-product","3":"status-publish","4":"has-post-thumbnail","6":"product_cat-leles-ir-priedai","7":"product_cat-zaislai-vaikams","8":"\"style=\"background-color: #2ecc711c;\"","10":"first","11":"instock","12":"purchasable","13":"product-type-simple"},"acf":[],"yoast_head":"<!-- This site is optimized with the Yoast SEO plugin v27.3 - https:\/\/yoast.com\/product\/yoast-seo-wordpress\/ -->\n<title>SMOBY Aukl\u0117s maitinimo k\u0117dut\u0117<\/title>\n<meta name=\"description\" content=\"SMOBY Aukl\u0117s maitinimo k\u0117dut\u0117 - KidsPlay. Did\u017eiausias vaik\u0173 \u017eaisl\u0173 pasirinkimas.\" \/>\n<meta name=\"robots\" content=\"index, follow, max-snippet:-1, max-image-preview:large, max-video-preview:-1\" \/>\n<link rel=\"canonical\" href=\"https:\/\/kidsplay.lt\/lv\/product\/smoby-aukles-maitinimo-kedute\/\" \/>\n<meta property=\"og:locale\" content=\"lv_LV\" \/>\n<meta property=\"og:type\" content=\"article\" \/>\n<meta property=\"og:title\" content=\"SMOBY Aukl\u0117s maitinimo k\u0117dut\u0117\" \/>\n<meta property=\"og:description\" content=\"SMOBY Aukl\u0117s maitinimo k\u0117dut\u0117 - KidsPlay. Did\u017eiausias vaik\u0173 \u017eaisl\u0173 pasirinkimas.\" \/>\n<meta property=\"og:url\" content=\"https:\/\/kidsplay.lt\/lv\/product\/smoby-aukles-maitinimo-kedute\/\" \/>\n<meta property=\"og:site_name\" content=\"KidsPlay\" \/>\n<meta property=\"article:publisher\" content=\"https:\/\/www.facebook.com\/www.kidsplay.lt\" \/>\n<meta property=\"article:modified_time\" content=\"2026-04-07T07:00:51+00:00\" \/>\n<meta property=\"og:image\" content=\"https:\/\/kidsplay.lt\/wp-content\/uploads\/2025\/10\/SMOBY-Aukles-maitinimo-kedute-800x800.jpg\" \/>\n\t<meta property=\"og:image:width\" content=\"800\" \/>\n\t<meta property=\"og:image:height\" content=\"800\" \/>\n\t<meta property=\"og:image:type\" content=\"image\/jpeg\" \/>\n<meta name=\"twitter:card\" content=\"summary_large_image\" \/>\n<meta name=\"twitter:label1\" content=\"Est. reading time\" \/>\n\t<meta name=\"twitter:data1\" content=\"1 min\u016bte\" \/>\n<script type=\"application\/ld+json\" class=\"yoast-schema-graph\">{\"@context\":\"https:\\\/\\\/schema.org\",\"@graph\":[{\"@type\":\"WebPage\",\"@id\":\"https:\\\/\\\/kidsplay.lt\\\/produktas\\\/smoby-aukles-maitinimo-kedute\\\/\",\"url\":\"https:\\\/\\\/kidsplay.lt\\\/produktas\\\/smoby-aukles-maitinimo-kedute\\\/\",\"name\":\"SMOBY Aukl\u0117s maitinimo k\u0117dut\u0117\",\"isPartOf\":{\"@id\":\"https:\\\/\\\/kidsplay.lt\\\/#website\"},\"primaryImageOfPage\":{\"@id\":\"https:\\\/\\\/kidsplay.lt\\\/produktas\\\/smoby-aukles-maitinimo-kedute\\\/#primaryimage\"},\"image\":{\"@id\":\"https:\\\/\\\/kidsplay.lt\\\/produktas\\\/smoby-aukles-maitinimo-kedute\\\/#primaryimage\"},\"thumbnailUrl\":\"https:\\\/\\\/kidsplay.lt\\\/wp-content\\\/uploads\\\/2025\\\/10\\\/SMOBY-Aukles-maitinimo-kedute.jpg\",\"datePublished\":\"2025-10-26T10:03:44+00:00\",\"dateModified\":\"2026-04-07T07:00:51+00:00\",\"description\":\"SMOBY Aukl\u0117s maitinimo k\u0117dut\u0117 - KidsPlay. Did\u017eiausias vaik\u0173 \u017eaisl\u0173 pasirinkimas.\",\"breadcrumb\":{\"@id\":\"https:\\\/\\\/kidsplay.lt\\\/produktas\\\/smoby-aukles-maitinimo-kedute\\\/#breadcrumb\"},\"inLanguage\":\"lv-LV\",\"potentialAction\":[{\"@type\":\"ReadAction\",\"target\":[\"https:\\\/\\\/kidsplay.lt\\\/produktas\\\/smoby-aukles-maitinimo-kedute\\\/\"]}]},{\"@type\":\"ImageObject\",\"inLanguage\":\"lv-LV\",\"@id\":\"https:\\\/\\\/kidsplay.lt\\\/produktas\\\/smoby-aukles-maitinimo-kedute\\\/#primaryimage\",\"url\":\"https:\\\/\\\/kidsplay.lt\\\/wp-content\\\/uploads\\\/2025\\\/10\\\/SMOBY-Aukles-maitinimo-kedute.jpg\",\"contentUrl\":\"https:\\\/\\\/kidsplay.lt\\\/wp-content\\\/uploads\\\/2025\\\/10\\\/SMOBY-Aukles-maitinimo-kedute.jpg\",\"width\":2560,\"height\":2560,\"caption\":\"SMOBY Aukl\u0117s maitinimo k\u0117dut\u0117\"},{\"@type\":\"BreadcrumbList\",\"@id\":\"https:\\\/\\\/kidsplay.lt\\\/produktas\\\/smoby-aukles-maitinimo-kedute\\\/#breadcrumb\",\"itemListElement\":[{\"@type\":\"ListItem\",\"position\":1,\"name\":\"Pagrindinis\",\"item\":\"https:\\\/\\\/kidsplay.lt\\\/\"},{\"@type\":\"ListItem\",\"position\":2,\"name\":\"Parduotuv\u0117\",\"item\":\"https:\\\/\\\/kidsplay.lt\\\/parduotuve\\\/\"},{\"@type\":\"ListItem\",\"position\":3,\"name\":\"SMOBY Aukl\u0117s maitinimo k\u0117dut\u0117\"}]},{\"@type\":\"WebSite\",\"@id\":\"https:\\\/\\\/kidsplay.lt\\\/#website\",\"url\":\"https:\\\/\\\/kidsplay.lt\\\/\",\"name\":\"Kidsplay.lt\",\"description\":\"\u012evairios prek\u0117s vaikams\",\"publisher\":{\"@id\":\"https:\\\/\\\/kidsplay.lt\\\/#organization\"},\"alternateName\":\"Kidsplay\",\"potentialAction\":[{\"@type\":\"SearchAction\",\"target\":{\"@type\":\"EntryPoint\",\"urlTemplate\":\"https:\\\/\\\/kidsplay.lt\\\/?s={search_term_string}\"},\"query-input\":{\"@type\":\"PropertyValueSpecification\",\"valueRequired\":true,\"valueName\":\"search_term_string\"}}],\"inLanguage\":\"lv-LV\"},{\"@type\":\"Organization\",\"@id\":\"https:\\\/\\\/kidsplay.lt\\\/#organization\",\"name\":\"KidsPlay\",\"url\":\"https:\\\/\\\/kidsplay.lt\\\/\",\"logo\":{\"@type\":\"ImageObject\",\"inLanguage\":\"lv-LV\",\"@id\":\"https:\\\/\\\/kidsplay.lt\\\/#\\\/schema\\\/logo\\\/image\\\/\",\"url\":\"https:\\\/\\\/kidsplay.lt\\\/wp-content\\\/uploads\\\/2023\\\/07\\\/kidsplay-logo.png\",\"contentUrl\":\"https:\\\/\\\/kidsplay.lt\\\/wp-content\\\/uploads\\\/2023\\\/07\\\/kidsplay-logo.png\",\"width\":451,\"height\":98,\"caption\":\"KidsPlay\"},\"image\":{\"@id\":\"https:\\\/\\\/kidsplay.lt\\\/#\\\/schema\\\/logo\\\/image\\\/\"},\"sameAs\":[\"https:\\\/\\\/www.facebook.com\\\/www.kidsplay.lt\"]}]}<\/script>\n<!-- \/ Yoast SEO plugin. -->","yoast_head_json":{"title":"SMOBY aukl\u012btes baro\u0161anas kr\u0113sli\u0146\u0161","description":"SMOBY Aukl\u0117s maitinimo k\u0117dut\u0117 - KidsPlay. Did\u017eiausias vaik\u0173 \u017eaisl\u0173 pasirinkimas.","robots":{"index":"index","follow":"follow","max-snippet":"max-snippet:-1","max-image-preview":"max-image-preview:large","max-video-preview":"max-video-preview:-1"},"canonical":"https:\/\/kidsplay.lt\/lv\/product\/smoby-aukles-maitinimo-kedute\/","og_locale":"lv_LV","og_type":"article","og_title":"SMOBY Aukl\u0117s maitinimo k\u0117dut\u0117","og_description":"SMOBY Aukl\u0117s maitinimo k\u0117dut\u0117 - KidsPlay. Did\u017eiausias vaik\u0173 \u017eaisl\u0173 pasirinkimas.","og_url":"https:\/\/kidsplay.lt\/lv\/product\/smoby-aukles-maitinimo-kedute\/","og_site_name":"KidsPlay","article_publisher":"https:\/\/www.facebook.com\/www.kidsplay.lt","article_modified_time":"2026-04-07T07:00:51+00:00","og_image":[{"width":800,"height":800,"url":"https:\/\/kidsplay.lt\/wp-content\/uploads\/2025\/10\/SMOBY-Aukles-maitinimo-kedute-800x800.jpg","type":"image\/jpeg"}],"twitter_card":"summary_large_image","twitter_misc":{"Est. reading time":"1 min\u016bte"},"schema":{"@context":"https:\/\/schema.org","@graph":[{"@type":"WebPage","@id":"https:\/\/kidsplay.lt\/produktas\/smoby-aukles-maitinimo-kedute\/","url":"https:\/\/kidsplay.lt\/produktas\/smoby-aukles-maitinimo-kedute\/","name":"SMOBY aukl\u012btes baro\u0161anas kr\u0113sli\u0146\u0161","isPartOf":{"@id":"https:\/\/kidsplay.lt\/#website"},"primaryImageOfPage":{"@id":"https:\/\/kidsplay.lt\/produktas\/smoby-aukles-maitinimo-kedute\/#primaryimage"},"image":{"@id":"https:\/\/kidsplay.lt\/produktas\/smoby-aukles-maitinimo-kedute\/#primaryimage"},"thumbnailUrl":"https:\/\/kidsplay.lt\/wp-content\/uploads\/2025\/10\/SMOBY-Aukles-maitinimo-kedute.jpg","datePublished":"2025-10-26T10:03:44+00:00","dateModified":"2026-04-07T07:00:51+00:00","description":"SMOBY Aukl\u0117s maitinimo k\u0117dut\u0117 - KidsPlay. Did\u017eiausias vaik\u0173 \u017eaisl\u0173 pasirinkimas.","breadcrumb":{"@id":"https:\/\/kidsplay.lt\/produktas\/smoby-aukles-maitinimo-kedute\/#breadcrumb"},"inLanguage":"lv-LV","potentialAction":[{"@type":"ReadAction","target":["https:\/\/kidsplay.lt\/produktas\/smoby-aukles-maitinimo-kedute\/"]}]},{"@type":"ImageObject","inLanguage":"lv-LV","@id":"https:\/\/kidsplay.lt\/produktas\/smoby-aukles-maitinimo-kedute\/#primaryimage","url":"https:\/\/kidsplay.lt\/wp-content\/uploads\/2025\/10\/SMOBY-Aukles-maitinimo-kedute.jpg","contentUrl":"https:\/\/kidsplay.lt\/wp-content\/uploads\/2025\/10\/SMOBY-Aukles-maitinimo-kedute.jpg","width":2560,"height":2560,"caption":"SMOBY Aukl\u0117s maitinimo k\u0117dut\u0117"},{"@type":"BreadcrumbList","@id":"https:\/\/kidsplay.lt\/produktas\/smoby-aukles-maitinimo-kedute\/#breadcrumb","itemListElement":[{"@type":"ListItem","position":1,"name":"Pagrindinis","item":"https:\/\/kidsplay.lt\/"},{"@type":"ListItem","position":2,"name":"Parduotuv\u0117","item":"https:\/\/kidsplay.lt\/parduotuve\/"},{"@type":"ListItem","position":3,"name":"SMOBY Aukl\u0117s maitinimo k\u0117dut\u0117"}]},{"@type":"WebSite","@id":"https:\/\/kidsplay.lt\/#website","url":"https:\/\/kidsplay.lt\/","name":"B\u0113rnu sp\u0113les.lv","description":"\u012evairios prek\u0117s vaikams","publisher":{"@id":"https:\/\/kidsplay.lt\/#organization"},"alternateName":"Kidsplay","potentialAction":[{"@type":"SearchAction","target":{"@type":"EntryPoint","urlTemplate":"https:\/\/kidsplay.lt\/?s={search_term_string}"},"query-input":{"@type":"PropertyValueSpecification","valueRequired":true,"valueName":"search_term_string"}}],"inLanguage":"lv-LV"},{"@type":"Organization","@id":"https:\/\/kidsplay.lt\/#organization","name":"B\u0113rnu sp\u0113le","url":"https:\/\/kidsplay.lt\/","logo":{"@type":"ImageObject","inLanguage":"lv-LV","@id":"https:\/\/kidsplay.lt\/#\/schema\/logo\/image\/","url":"https:\/\/kidsplay.lt\/wp-content\/uploads\/2023\/07\/kidsplay-logo.png","contentUrl":"https:\/\/kidsplay.lt\/wp-content\/uploads\/2023\/07\/kidsplay-logo.png","width":451,"height":98,"caption":"KidsPlay"},"image":{"@id":"https:\/\/kidsplay.lt\/#\/schema\/logo\/image\/"},"sameAs":["https:\/\/www.facebook.com\/www.kidsplay.lt"]}]}},"_links":{"self":[{"href":"https:\/\/kidsplay.lt\/lv\/wp-json\/wp\/v2\/product\/78058","targetHints":{"allow":["GET"]}}],"collection":[{"href":"https:\/\/kidsplay.lt\/lv\/wp-json\/wp\/v2\/product"}],"about":[{"href":"https:\/\/kidsplay.lt\/lv\/wp-json\/wp\/v2\/types\/product"}],"version-history":[{"count":1,"href":"https:\/\/kidsplay.lt\/lv\/wp-json\/wp\/v2\/product\/78058\/revisions"}],"predecessor-version":[{"id":78059,"href":"https:\/\/kidsplay.lt\/lv\/wp-json\/wp\/v2\/product\/78058\/revisions\/78059"}],"wp:featuredmedia":[{"embeddable":true,"href":"https:\/\/kidsplay.lt\/lv\/wp-json\/wp\/v2\/media\/78060"}],"wp:attachment":[{"href":"https:\/\/kidsplay.lt\/lv\/wp-json\/wp\/v2\/media?parent=78058"}],"wp:term":[{"taxonomy":"product_brand","embeddable":true,"href":"https:\/\/kidsplay.lt\/lv\/wp-json\/wp\/v2\/product_brand?post=78058"},{"taxonomy":"product_cat","embeddable":true,"href":"https:\/\/kidsplay.lt\/lv\/wp-json\/wp\/v2\/product_cat?post=78058"},{"taxonomy":"product_tag","embeddable":true,"href":"https:\/\/kidsplay.lt\/lv\/wp-json\/wp\/v2\/product_tag?post=78058"}],"curies":[{"name":"wp","href":"https:\/\/api.w.org\/{rel}","templated":true}]}}