{"id":78073,"date":"2025-10-26T12:04:32","date_gmt":"2025-10-26T10:04:32","guid":{"rendered":"https:\/\/kidsplay.lt\/produktas\/rolly-toys-rollyfarmtrac-john-deere-7930-pedalinis-traktorius-su-saukstu\/"},"modified":"2026-04-07T10:00:53","modified_gmt":"2026-04-07T07:00:53","slug":"rolly-toys-rollyfarmtrac-john-deere-7930-pedalinis-traktorius-su-saukstu","status":"publish","type":"product","link":"https:\/\/kidsplay.lt\/lv\/products\/rolly-toys-rollyfarmtrac-john-deere-7930-pedalinis-traktorius-su-saukstu\/","title":{"rendered":"Rolly Toys rollyFarmtrac John Deere 7930 \u2013 ped\u0101\u013cu traktors ar kausu"},"content":{"rendered":"<p>Pedalinis traktorius\u00a0rollyFarmtrac John Deere 7930\u00a0i\u0161 prek\u0117s \u017eenklo Rolly Toys jis yra ne tik patvarus, bet ir lengvai \u0161varus, tod\u0117l yra puikus kompanionas pramogoms\u00a0lauke ir namuose\u201e.\u00a0Traktoriuje taip pat sumontuotas rankinis stabdys, leid\u017eiantis vaikams pasijusti tikrais vairuotojais. Geb\u0117jimas stabdyti save prideda realizmo ir jaudulio \u017eaid\u017eiant, tuo pa\u010diu mokant savo ma\u017eylius pagrindini\u0173 saugaus eismo taisykli\u0173.\u00a0Papildomai traktoriuje gali b\u016bti \u012frengta:\u00a0nuimama priekaba, o tai suteikia dar daugiau galimybi\u0173 k\u016brybi\u0161kai pramogauti. Vaikai gali gabenti savo m\u0117gstamus \u017eaislus ir pad\u0117ti atlikti sodo darbus, kurie juos lavina\u00a0vaizduot\u0117\u00a0ir\u00a0\u012fg\u016bd\u017eiai\u00a0variklis\u201e.\u00a0Negalime pamir\u0161ti apie kilnojam\u0105, nuimam\u0105 kau\u0161\u0105 i\u0161 ekskavatoriaus, kuris yra dar vienas elementas, kuris suteikia traktoriui funkcionalumo ir patrauklumo. Jo d\u0117ka vaikai gali \u017eaisti ma\u017eus statybininkus, pildami sm\u0117l\u012f, grunt\u0105 ar kitas med\u017eiagas, o tai suteikia begal\u0119 galimybi\u0173 pramogauti.\u00a0Pagrindin\u0117 \u0161io traktoriaus atrakcija yra jo\u00a0va\u017eiuokl\u0117, kuris veikia dvira\u010di\u0173 pavar\u0173 perjungikli\u0173 principu, si\u016blantis dvi pavaras ir laisvo rato funkcij\u0105. To d\u0117ka traktoriaus vairavimas yra sklandus ir pritaikytas smulki\u0173j\u0173 vairuotoj\u0173 \u012fg\u016bd\u017eiams, o grandininis transmisijos mechanizmas \u012fgalina saugiai ir lengvai valdyti net ir patiems ma\u017eiausiems. Visa mechanin\u0117 sistema yra kruop\u0161\u010diai \u012fmontuota, kuri u\u017etikrina, kad vaikas netur\u0117t\u0173 prieigos prie jos, u\u017etikrinant\u00a0visi\u0161kas saugumas \u017eaid\u017eiant\u201e.<br \/>\nCHARAKTERISTIKOS:<\/p>\n<p>&#8211; \u017daislas nuo 3 met\u0173 am\u017eiaus<br \/>\n&#8211; Pavara &#8211; dvi pavaros, kurios veikia kaip dvira\u010dio pavar\u0173 perjungikliai + laisvas ratas<br \/>\n&#8211;\u00a0Rankinis stabdys\u00a0&#8211; j\u016bs\u0173 vaikas jausis kaip tikras vairuotojas!<br \/>\n&#8211; Galimyb\u0117 \u012fsigyti nuimam\u0105 priekab\u0105<br \/>\n&#8211; Kilnojamas,\u00a0i\u0161imamas \u0161auk\u0161tas\u00a0i\u0161 ekskavatoriaus<br \/>\n&#8211;\u00a0Kilnojamasis\u00a0fotelis, kuris auga kartu su j\u016bs\u0173 vaiku<\/p>","protected":false},"excerpt":{"rendered":"<p>Pedalinis traktorius\u00a0rollyFarmtrac John Deere 7930\u00a0i\u0161 prek\u0117s \u017eenklo Rolly Toys jis yra ne tik patvarus, bet ir lengvai \u0161varus, tod\u0117l yra<\/p>","protected":false},"featured_media":78075,"template":"","meta":{"_acf_changed":false,"_glsr_average":0,"_glsr_ranking":0,"_glsr_reviews":0},"product_brand":[],"product_cat":[237,393],"product_tag":[],"class_list":{"0":"post-78073","1":"product","2":"type-product","3":"status-publish","4":"has-post-thumbnail","6":"product_cat-judejimo-priemones","7":"product_cat-zaisliniai-traktoriai","8":"\"style=\"background-color: #2ecc711c;\"","10":"first","11":"instock","12":"sale","13":"purchasable","14":"product-type-simple"},"acf":[],"yoast_head":"<!-- This site is optimized with the Yoast SEO plugin v27.3 - https:\/\/yoast.com\/product\/yoast-seo-wordpress\/ -->\n<title>Rolly Toys rollyFarmtrac John Deere 7930 \u2013 Pedalinis traktorius su \u0161auk\u0161tu<\/title>\n<meta name=\"description\" content=\"Rolly Toys rollyFarmtrac John Deere 7930 \u2013 Pedalinis traktorius su \u0161auk\u0161tu - KidsPlay. Did\u017eiausias vaik\u0173 \u017eaisl\u0173 pasirinkimas.\" \/>\n<meta name=\"robots\" content=\"index, follow, max-snippet:-1, max-image-preview:large, max-video-preview:-1\" \/>\n<link rel=\"canonical\" href=\"https:\/\/kidsplay.lt\/lv\/products\/rolly-toys-rollyfarmtrac-john-deere-7930-pedalinis-traktorius-su-saukstu\/\" \/>\n<meta property=\"og:locale\" content=\"lv_LV\" \/>\n<meta property=\"og:type\" content=\"article\" \/>\n<meta property=\"og:title\" content=\"Rolly Toys rollyFarmtrac John Deere 7930 \u2013 Pedalinis traktorius su \u0161auk\u0161tu\" \/>\n<meta property=\"og:description\" content=\"Rolly Toys rollyFarmtrac John Deere 7930 \u2013 Pedalinis traktorius su \u0161auk\u0161tu - KidsPlay. Did\u017eiausias vaik\u0173 \u017eaisl\u0173 pasirinkimas.\" \/>\n<meta property=\"og:url\" content=\"https:\/\/kidsplay.lt\/lv\/products\/rolly-toys-rollyfarmtrac-john-deere-7930-pedalinis-traktorius-su-saukstu\/\" \/>\n<meta property=\"og:site_name\" content=\"KidsPlay\" \/>\n<meta property=\"article:publisher\" content=\"https:\/\/www.facebook.com\/www.kidsplay.lt\" \/>\n<meta property=\"article:modified_time\" content=\"2026-04-07T07:00:53+00:00\" \/>\n<meta property=\"og:image\" content=\"https:\/\/kidsplay.lt\/wp-content\/uploads\/2025\/10\/Rolly-Toys-rollyFarmtrac-John-Deere-7930-8211-Pedalinis-traktorius-su-saukstu.jpg\" \/>\n\t<meta property=\"og:image:width\" content=\"2560\" \/>\n\t<meta property=\"og:image:height\" content=\"2560\" \/>\n\t<meta property=\"og:image:type\" content=\"image\/jpeg\" \/>\n<meta name=\"twitter:card\" content=\"summary_large_image\" \/>\n<meta name=\"twitter:label1\" content=\"Est. reading time\" \/>\n\t<meta name=\"twitter:data1\" content=\"2 min\u016btes\" \/>\n<script type=\"application\/ld+json\" class=\"yoast-schema-graph\">{\"@context\":\"https:\\\/\\\/schema.org\",\"@graph\":[{\"@type\":\"WebPage\",\"@id\":\"https:\\\/\\\/kidsplay.lt\\\/produktas\\\/rolly-toys-rollyfarmtrac-john-deere-7930-pedalinis-traktorius-su-saukstu\\\/\",\"url\":\"https:\\\/\\\/kidsplay.lt\\\/produktas\\\/rolly-toys-rollyfarmtrac-john-deere-7930-pedalinis-traktorius-su-saukstu\\\/\",\"name\":\"Rolly Toys rollyFarmtrac John Deere 7930 \u2013 Pedalinis traktorius su \u0161auk\u0161tu\",\"isPartOf\":{\"@id\":\"https:\\\/\\\/kidsplay.lt\\\/#website\"},\"primaryImageOfPage\":{\"@id\":\"https:\\\/\\\/kidsplay.lt\\\/produktas\\\/rolly-toys-rollyfarmtrac-john-deere-7930-pedalinis-traktorius-su-saukstu\\\/#primaryimage\"},\"image\":{\"@id\":\"https:\\\/\\\/kidsplay.lt\\\/produktas\\\/rolly-toys-rollyfarmtrac-john-deere-7930-pedalinis-traktorius-su-saukstu\\\/#primaryimage\"},\"thumbnailUrl\":\"https:\\\/\\\/kidsplay.lt\\\/wp-content\\\/uploads\\\/2025\\\/10\\\/Rolly-Toys-rollyFarmtrac-John-Deere-7930-8211-Pedalinis-traktorius-su-saukstu.jpg\",\"datePublished\":\"2025-10-26T10:04:32+00:00\",\"dateModified\":\"2026-04-07T07:00:53+00:00\",\"description\":\"Rolly Toys rollyFarmtrac John Deere 7930 \u2013 Pedalinis traktorius su \u0161auk\u0161tu - KidsPlay. Did\u017eiausias vaik\u0173 \u017eaisl\u0173 pasirinkimas.\",\"breadcrumb\":{\"@id\":\"https:\\\/\\\/kidsplay.lt\\\/produktas\\\/rolly-toys-rollyfarmtrac-john-deere-7930-pedalinis-traktorius-su-saukstu\\\/#breadcrumb\"},\"inLanguage\":\"lv-LV\",\"potentialAction\":[{\"@type\":\"ReadAction\",\"target\":[\"https:\\\/\\\/kidsplay.lt\\\/produktas\\\/rolly-toys-rollyfarmtrac-john-deere-7930-pedalinis-traktorius-su-saukstu\\\/\"]}]},{\"@type\":\"ImageObject\",\"inLanguage\":\"lv-LV\",\"@id\":\"https:\\\/\\\/kidsplay.lt\\\/produktas\\\/rolly-toys-rollyfarmtrac-john-deere-7930-pedalinis-traktorius-su-saukstu\\\/#primaryimage\",\"url\":\"https:\\\/\\\/kidsplay.lt\\\/wp-content\\\/uploads\\\/2025\\\/10\\\/Rolly-Toys-rollyFarmtrac-John-Deere-7930-8211-Pedalinis-traktorius-su-saukstu.jpg\",\"contentUrl\":\"https:\\\/\\\/kidsplay.lt\\\/wp-content\\\/uploads\\\/2025\\\/10\\\/Rolly-Toys-rollyFarmtrac-John-Deere-7930-8211-Pedalinis-traktorius-su-saukstu.jpg\",\"width\":2560,\"height\":2560,\"caption\":\"Rolly Toys rollyFarmtrac John Deere 7930 &#8211; Pedalinis traktorius su \u0161auk\u0161tu\"},{\"@type\":\"BreadcrumbList\",\"@id\":\"https:\\\/\\\/kidsplay.lt\\\/produktas\\\/rolly-toys-rollyfarmtrac-john-deere-7930-pedalinis-traktorius-su-saukstu\\\/#breadcrumb\",\"itemListElement\":[{\"@type\":\"ListItem\",\"position\":1,\"name\":\"Pagrindinis\",\"item\":\"https:\\\/\\\/kidsplay.lt\\\/\"},{\"@type\":\"ListItem\",\"position\":2,\"name\":\"Parduotuv\u0117\",\"item\":\"https:\\\/\\\/kidsplay.lt\\\/parduotuve\\\/\"},{\"@type\":\"ListItem\",\"position\":3,\"name\":\"Rolly Toys rollyFarmtrac John Deere 7930 \u2013 Pedalinis traktorius su \u0161auk\u0161tu\"}]},{\"@type\":\"WebSite\",\"@id\":\"https:\\\/\\\/kidsplay.lt\\\/#website\",\"url\":\"https:\\\/\\\/kidsplay.lt\\\/\",\"name\":\"Kidsplay.lt\",\"description\":\"\u012evairios prek\u0117s vaikams\",\"publisher\":{\"@id\":\"https:\\\/\\\/kidsplay.lt\\\/#organization\"},\"alternateName\":\"Kidsplay\",\"potentialAction\":[{\"@type\":\"SearchAction\",\"target\":{\"@type\":\"EntryPoint\",\"urlTemplate\":\"https:\\\/\\\/kidsplay.lt\\\/?s={search_term_string}\"},\"query-input\":{\"@type\":\"PropertyValueSpecification\",\"valueRequired\":true,\"valueName\":\"search_term_string\"}}],\"inLanguage\":\"lv-LV\"},{\"@type\":\"Organization\",\"@id\":\"https:\\\/\\\/kidsplay.lt\\\/#organization\",\"name\":\"KidsPlay\",\"url\":\"https:\\\/\\\/kidsplay.lt\\\/\",\"logo\":{\"@type\":\"ImageObject\",\"inLanguage\":\"lv-LV\",\"@id\":\"https:\\\/\\\/kidsplay.lt\\\/#\\\/schema\\\/logo\\\/image\\\/\",\"url\":\"https:\\\/\\\/kidsplay.lt\\\/wp-content\\\/uploads\\\/2023\\\/07\\\/kidsplay-logo.png\",\"contentUrl\":\"https:\\\/\\\/kidsplay.lt\\\/wp-content\\\/uploads\\\/2023\\\/07\\\/kidsplay-logo.png\",\"width\":451,\"height\":98,\"caption\":\"KidsPlay\"},\"image\":{\"@id\":\"https:\\\/\\\/kidsplay.lt\\\/#\\\/schema\\\/logo\\\/image\\\/\"},\"sameAs\":[\"https:\\\/\\\/www.facebook.com\\\/www.kidsplay.lt\"]}]}<\/script>\n<!-- \/ Yoast SEO plugin. -->","yoast_head_json":{"title":"Rolly Toys rollyFarmtrac John Deere 7930 \u2013 ped\u0101\u013cu traktors ar kausu","description":"Rolly Toys rollyFarmtrac John Deere 7930 \u2013 Pedalinis traktorius su \u0161auk\u0161tu - KidsPlay. Did\u017eiausias vaik\u0173 \u017eaisl\u0173 pasirinkimas.","robots":{"index":"index","follow":"follow","max-snippet":"max-snippet:-1","max-image-preview":"max-image-preview:large","max-video-preview":"max-video-preview:-1"},"canonical":"https:\/\/kidsplay.lt\/lv\/products\/rolly-toys-rollyfarmtrac-john-deere-7930-pedalinis-traktorius-su-saukstu\/","og_locale":"lv_LV","og_type":"article","og_title":"Rolly Toys rollyFarmtrac John Deere 7930 \u2013 Pedalinis traktorius su \u0161auk\u0161tu","og_description":"Rolly Toys rollyFarmtrac John Deere 7930 \u2013 Pedalinis traktorius su \u0161auk\u0161tu - KidsPlay. Did\u017eiausias vaik\u0173 \u017eaisl\u0173 pasirinkimas.","og_url":"https:\/\/kidsplay.lt\/lv\/products\/rolly-toys-rollyfarmtrac-john-deere-7930-pedalinis-traktorius-su-saukstu\/","og_site_name":"KidsPlay","article_publisher":"https:\/\/www.facebook.com\/www.kidsplay.lt","article_modified_time":"2026-04-07T07:00:53+00:00","og_image":[{"width":2560,"height":2560,"url":"https:\/\/kidsplay.lt\/wp-content\/uploads\/2025\/10\/Rolly-Toys-rollyFarmtrac-John-Deere-7930-8211-Pedalinis-traktorius-su-saukstu.jpg","type":"image\/jpeg"}],"twitter_card":"summary_large_image","twitter_misc":{"Est. reading time":"2 min\u016btes"},"schema":{"@context":"https:\/\/schema.org","@graph":[{"@type":"WebPage","@id":"https:\/\/kidsplay.lt\/produktas\/rolly-toys-rollyfarmtrac-john-deere-7930-pedalinis-traktorius-su-saukstu\/","url":"https:\/\/kidsplay.lt\/produktas\/rolly-toys-rollyfarmtrac-john-deere-7930-pedalinis-traktorius-su-saukstu\/","name":"Rolly Toys rollyFarmtrac John Deere 7930 \u2013 ped\u0101\u013cu traktors ar kausu","isPartOf":{"@id":"https:\/\/kidsplay.lt\/#website"},"primaryImageOfPage":{"@id":"https:\/\/kidsplay.lt\/produktas\/rolly-toys-rollyfarmtrac-john-deere-7930-pedalinis-traktorius-su-saukstu\/#primaryimage"},"image":{"@id":"https:\/\/kidsplay.lt\/produktas\/rolly-toys-rollyfarmtrac-john-deere-7930-pedalinis-traktorius-su-saukstu\/#primaryimage"},"thumbnailUrl":"https:\/\/kidsplay.lt\/wp-content\/uploads\/2025\/10\/Rolly-Toys-rollyFarmtrac-John-Deere-7930-8211-Pedalinis-traktorius-su-saukstu.jpg","datePublished":"2025-10-26T10:04:32+00:00","dateModified":"2026-04-07T07:00:53+00:00","description":"Rolly Toys rollyFarmtrac John Deere 7930 \u2013 Pedalinis traktorius su \u0161auk\u0161tu - KidsPlay. Did\u017eiausias vaik\u0173 \u017eaisl\u0173 pasirinkimas.","breadcrumb":{"@id":"https:\/\/kidsplay.lt\/produktas\/rolly-toys-rollyfarmtrac-john-deere-7930-pedalinis-traktorius-su-saukstu\/#breadcrumb"},"inLanguage":"lv-LV","potentialAction":[{"@type":"ReadAction","target":["https:\/\/kidsplay.lt\/produktas\/rolly-toys-rollyfarmtrac-john-deere-7930-pedalinis-traktorius-su-saukstu\/"]}]},{"@type":"ImageObject","inLanguage":"lv-LV","@id":"https:\/\/kidsplay.lt\/produktas\/rolly-toys-rollyfarmtrac-john-deere-7930-pedalinis-traktorius-su-saukstu\/#primaryimage","url":"https:\/\/kidsplay.lt\/wp-content\/uploads\/2025\/10\/Rolly-Toys-rollyFarmtrac-John-Deere-7930-8211-Pedalinis-traktorius-su-saukstu.jpg","contentUrl":"https:\/\/kidsplay.lt\/wp-content\/uploads\/2025\/10\/Rolly-Toys-rollyFarmtrac-John-Deere-7930-8211-Pedalinis-traktorius-su-saukstu.jpg","width":2560,"height":2560,"caption":"Rolly Toys rollyFarmtrac John Deere 7930 &#8211; Pedalinis traktorius su \u0161auk\u0161tu"},{"@type":"BreadcrumbList","@id":"https:\/\/kidsplay.lt\/produktas\/rolly-toys-rollyfarmtrac-john-deere-7930-pedalinis-traktorius-su-saukstu\/#breadcrumb","itemListElement":[{"@type":"ListItem","position":1,"name":"Pagrindinis","item":"https:\/\/kidsplay.lt\/"},{"@type":"ListItem","position":2,"name":"Parduotuv\u0117","item":"https:\/\/kidsplay.lt\/parduotuve\/"},{"@type":"ListItem","position":3,"name":"Rolly Toys rollyFarmtrac John Deere 7930 \u2013 Pedalinis traktorius su \u0161auk\u0161tu"}]},{"@type":"WebSite","@id":"https:\/\/kidsplay.lt\/#website","url":"https:\/\/kidsplay.lt\/","name":"B\u0113rnu sp\u0113les.lv","description":"\u012evairios prek\u0117s vaikams","publisher":{"@id":"https:\/\/kidsplay.lt\/#organization"},"alternateName":"Kidsplay","potentialAction":[{"@type":"SearchAction","target":{"@type":"EntryPoint","urlTemplate":"https:\/\/kidsplay.lt\/?s={search_term_string}"},"query-input":{"@type":"PropertyValueSpecification","valueRequired":true,"valueName":"search_term_string"}}],"inLanguage":"lv-LV"},{"@type":"Organization","@id":"https:\/\/kidsplay.lt\/#organization","name":"B\u0113rnu sp\u0113le","url":"https:\/\/kidsplay.lt\/","logo":{"@type":"ImageObject","inLanguage":"lv-LV","@id":"https:\/\/kidsplay.lt\/#\/schema\/logo\/image\/","url":"https:\/\/kidsplay.lt\/wp-content\/uploads\/2023\/07\/kidsplay-logo.png","contentUrl":"https:\/\/kidsplay.lt\/wp-content\/uploads\/2023\/07\/kidsplay-logo.png","width":451,"height":98,"caption":"KidsPlay"},"image":{"@id":"https:\/\/kidsplay.lt\/#\/schema\/logo\/image\/"},"sameAs":["https:\/\/www.facebook.com\/www.kidsplay.lt"]}]}},"_links":{"self":[{"href":"https:\/\/kidsplay.lt\/lv\/wp-json\/wp\/v2\/product\/78073","targetHints":{"allow":["GET"]}}],"collection":[{"href":"https:\/\/kidsplay.lt\/lv\/wp-json\/wp\/v2\/product"}],"about":[{"href":"https:\/\/kidsplay.lt\/lv\/wp-json\/wp\/v2\/types\/product"}],"version-history":[{"count":2,"href":"https:\/\/kidsplay.lt\/lv\/wp-json\/wp\/v2\/product\/78073\/revisions"}],"predecessor-version":[{"id":88461,"href":"https:\/\/kidsplay.lt\/lv\/wp-json\/wp\/v2\/product\/78073\/revisions\/88461"}],"wp:featuredmedia":[{"embeddable":true,"href":"https:\/\/kidsplay.lt\/lv\/wp-json\/wp\/v2\/media\/78075"}],"wp:attachment":[{"href":"https:\/\/kidsplay.lt\/lv\/wp-json\/wp\/v2\/media?parent=78073"}],"wp:term":[{"taxonomy":"product_brand","embeddable":true,"href":"https:\/\/kidsplay.lt\/lv\/wp-json\/wp\/v2\/product_brand?post=78073"},{"taxonomy":"product_cat","embeddable":true,"href":"https:\/\/kidsplay.lt\/lv\/wp-json\/wp\/v2\/product_cat?post=78073"},{"taxonomy":"product_tag","embeddable":true,"href":"https:\/\/kidsplay.lt\/lv\/wp-json\/wp\/v2\/product_tag?post=78073"}],"curies":[{"name":"wp","href":"https:\/\/api.w.org\/{rel}","templated":true}]}}