{"id":78078,"date":"2025-10-26T12:04:49","date_gmt":"2025-10-26T10:04:49","guid":{"rendered":"https:\/\/kidsplay.lt\/produktas\/rolly-toys-john-deere-przyczepka-rollytrailer-farmotwierane-burty\/"},"modified":"2026-03-30T19:21:53","modified_gmt":"2026-03-30T16:21:53","slug":"rolly-toys-john-deere-przyczepka-rollytrailer-farmotwierane-burty","status":"publish","type":"product","link":"https:\/\/kidsplay.lt\/lv\/products\/rolly-toys-john-deere-przyczepka-rollytrailer-farmotwierane-burty\/","title":{"rendered":"Rolly Toys John Deere Przyczepka rollyTrailer FarmOtwierane Burty"},"content":{"rendered":"<p>Rolly Toys priekaba puikiai tinka \u012fvairiems daiktams ve\u017eti vaikui.\u00a0Tvirta konstrukcija\u00a0ir\u00a0tikrovi\u0161kas \u017evilgsnis\u00a0tai padarys linksmybes \u012fdomias! John Deere roller Farm priekaba suteikia vaikams jausm\u0105 dirbti kaip tikrame \u016bkyje. Kokybi\u0161kas apdirbimas ir patvarios med\u017eiagos u\u017etikrina\u00a0ilgas\u00a0priekabos gyvenimas privers m\u016bs\u0173 vaikus tuo m\u0117gautis daugel\u012f met\u0173. \u017dalios geltonos John Deere priekabos d\u0117ka j\u016bs\u0173 vaikas smagiame \u017eaidime gal\u0117s \u017eaisti be galo daug scenarij\u0173\u00a0i\u0161ple\u010dia\u00a0j\u0173\u00a0vaizduot\u0117.<\/p>\n<p>CHARAKTERISTIKOS:<\/p>\n<p> \t&#8211; \u017eaislas nuo 2 met\u0173 am\u017eiaus<br \/>\n \t&#8211; turi\u00a0atidaromas galines duris<br \/>\n \t&#8211; priekaba\u00a0vienaa\u0161is<br \/>\n \t&#8211; matmenys &#8211; 62 x 46 x 37 cm<\/p>","protected":false},"excerpt":{"rendered":"<p>Rolly Toys priekaba puikiai tinka \u012fvairiems daiktams ve\u017eti vaikui.\u00a0Tvirta konstrukcija\u00a0ir\u00a0tikrovi\u0161kas \u017evilgsnis\u00a0tai padarys linksmybes \u012fdomias! John Deere roller Farm priekaba suteikia<\/p>","protected":false},"featured_media":78080,"template":"","meta":{"_acf_changed":false,"_glsr_average":0,"_glsr_ranking":0,"_glsr_reviews":0},"product_brand":[],"product_cat":[237,433],"product_tag":[],"class_list":{"0":"post-78078","1":"product","2":"type-product","3":"status-publish","4":"has-post-thumbnail","6":"product_cat-judejimo-priemones","7":"product_cat-priedai-judejimo-priemones","8":"\"style=\"background-color: #2ecc711c;\"","10":"first","11":"outofstock","12":"purchasable","13":"product-type-simple"},"acf":[],"yoast_head":"<!-- This site is optimized with the Yoast SEO plugin v27.4 - https:\/\/yoast.com\/product\/yoast-seo-wordpress\/ -->\n<title>Rolly Toys John Deere Przyczepka rollyTrailer FarmOtwierane Burty<\/title>\n<meta name=\"description\" content=\"Rolly Toys John Deere Przyczepka rollyTrailer FarmOtwierane Burty - KidsPlay. Did\u017eiausias vaik\u0173 \u017eaisl\u0173 pasirinkimas.\" \/>\n<meta name=\"robots\" content=\"index, follow, max-snippet:-1, max-image-preview:large, max-video-preview:-1\" \/>\n<link rel=\"canonical\" href=\"https:\/\/kidsplay.lt\/lv\/products\/rolly-toys-john-deere-przyczepka-rollytrailer-farmotwierane-burty\/\" \/>\n<meta property=\"og:locale\" content=\"lv_LV\" \/>\n<meta property=\"og:type\" content=\"article\" \/>\n<meta property=\"og:title\" content=\"Rolly Toys John Deere Przyczepka rollyTrailer FarmOtwierane Burty\" \/>\n<meta property=\"og:description\" content=\"Rolly Toys John Deere Przyczepka rollyTrailer FarmOtwierane Burty - KidsPlay. Did\u017eiausias vaik\u0173 \u017eaisl\u0173 pasirinkimas.\" \/>\n<meta property=\"og:url\" content=\"https:\/\/kidsplay.lt\/lv\/products\/rolly-toys-john-deere-przyczepka-rollytrailer-farmotwierane-burty\/\" \/>\n<meta property=\"og:site_name\" content=\"KidsPlay\" \/>\n<meta property=\"article:publisher\" content=\"https:\/\/www.facebook.com\/www.kidsplay.lt\" \/>\n<meta property=\"article:modified_time\" content=\"2026-03-30T16:21:53+00:00\" \/>\n<meta property=\"og:image\" content=\"https:\/\/kidsplay.lt\/wp-content\/uploads\/2025\/10\/Rolly-Toys-John-Deere-Przyczepka-rollyTrailer-FarmOtwierane-Burty.jpg\" \/>\n\t<meta property=\"og:image:width\" content=\"1280\" \/>\n\t<meta property=\"og:image:height\" content=\"905\" \/>\n\t<meta property=\"og:image:type\" content=\"image\/jpeg\" \/>\n<meta name=\"twitter:card\" content=\"summary_large_image\" \/>\n<script type=\"application\/ld+json\" class=\"yoast-schema-graph\">{\"@context\":\"https:\\\/\\\/schema.org\",\"@graph\":[{\"@type\":\"WebPage\",\"@id\":\"https:\\\/\\\/kidsplay.lt\\\/produktas\\\/rolly-toys-john-deere-przyczepka-rollytrailer-farmotwierane-burty\\\/\",\"url\":\"https:\\\/\\\/kidsplay.lt\\\/produktas\\\/rolly-toys-john-deere-przyczepka-rollytrailer-farmotwierane-burty\\\/\",\"name\":\"Rolly Toys John Deere Przyczepka rollyTrailer FarmOtwierane Burty\",\"isPartOf\":{\"@id\":\"https:\\\/\\\/kidsplay.lt\\\/#website\"},\"primaryImageOfPage\":{\"@id\":\"https:\\\/\\\/kidsplay.lt\\\/produktas\\\/rolly-toys-john-deere-przyczepka-rollytrailer-farmotwierane-burty\\\/#primaryimage\"},\"image\":{\"@id\":\"https:\\\/\\\/kidsplay.lt\\\/produktas\\\/rolly-toys-john-deere-przyczepka-rollytrailer-farmotwierane-burty\\\/#primaryimage\"},\"thumbnailUrl\":\"https:\\\/\\\/kidsplay.lt\\\/wp-content\\\/uploads\\\/2025\\\/10\\\/Rolly-Toys-John-Deere-Przyczepka-rollyTrailer-FarmOtwierane-Burty.jpg\",\"datePublished\":\"2025-10-26T10:04:49+00:00\",\"dateModified\":\"2026-03-30T16:21:53+00:00\",\"description\":\"Rolly Toys John Deere Przyczepka rollyTrailer FarmOtwierane Burty - KidsPlay. Did\u017eiausias vaik\u0173 \u017eaisl\u0173 pasirinkimas.\",\"breadcrumb\":{\"@id\":\"https:\\\/\\\/kidsplay.lt\\\/produktas\\\/rolly-toys-john-deere-przyczepka-rollytrailer-farmotwierane-burty\\\/#breadcrumb\"},\"inLanguage\":\"lv-LV\",\"potentialAction\":[{\"@type\":\"ReadAction\",\"target\":[\"https:\\\/\\\/kidsplay.lt\\\/produktas\\\/rolly-toys-john-deere-przyczepka-rollytrailer-farmotwierane-burty\\\/\"]}]},{\"@type\":\"ImageObject\",\"inLanguage\":\"lv-LV\",\"@id\":\"https:\\\/\\\/kidsplay.lt\\\/produktas\\\/rolly-toys-john-deere-przyczepka-rollytrailer-farmotwierane-burty\\\/#primaryimage\",\"url\":\"https:\\\/\\\/kidsplay.lt\\\/wp-content\\\/uploads\\\/2025\\\/10\\\/Rolly-Toys-John-Deere-Przyczepka-rollyTrailer-FarmOtwierane-Burty.jpg\",\"contentUrl\":\"https:\\\/\\\/kidsplay.lt\\\/wp-content\\\/uploads\\\/2025\\\/10\\\/Rolly-Toys-John-Deere-Przyczepka-rollyTrailer-FarmOtwierane-Burty.jpg\",\"width\":1280,\"height\":905,\"caption\":\"Rolly Toys John Deere Przyczepka rollyTrailer FarmOtwierane Burty\"},{\"@type\":\"BreadcrumbList\",\"@id\":\"https:\\\/\\\/kidsplay.lt\\\/produktas\\\/rolly-toys-john-deere-przyczepka-rollytrailer-farmotwierane-burty\\\/#breadcrumb\",\"itemListElement\":[{\"@type\":\"ListItem\",\"position\":1,\"name\":\"Pagrindinis\",\"item\":\"https:\\\/\\\/kidsplay.lt\\\/\"},{\"@type\":\"ListItem\",\"position\":2,\"name\":\"Parduotuv\u0117\",\"item\":\"https:\\\/\\\/kidsplay.lt\\\/parduotuve\\\/\"},{\"@type\":\"ListItem\",\"position\":3,\"name\":\"Rolly Toys John Deere Przyczepka rollyTrailer FarmOtwierane Burty\"}]},{\"@type\":\"WebSite\",\"@id\":\"https:\\\/\\\/kidsplay.lt\\\/#website\",\"url\":\"https:\\\/\\\/kidsplay.lt\\\/\",\"name\":\"Kidsplay.lt\",\"description\":\"\u012evairios prek\u0117s vaikams\",\"publisher\":{\"@id\":\"https:\\\/\\\/kidsplay.lt\\\/#organization\"},\"alternateName\":\"Kidsplay\",\"potentialAction\":[{\"@type\":\"SearchAction\",\"target\":{\"@type\":\"EntryPoint\",\"urlTemplate\":\"https:\\\/\\\/kidsplay.lt\\\/?s={search_term_string}\"},\"query-input\":{\"@type\":\"PropertyValueSpecification\",\"valueRequired\":true,\"valueName\":\"search_term_string\"}}],\"inLanguage\":\"lv-LV\"},{\"@type\":\"Organization\",\"@id\":\"https:\\\/\\\/kidsplay.lt\\\/#organization\",\"name\":\"KidsPlay\",\"url\":\"https:\\\/\\\/kidsplay.lt\\\/\",\"logo\":{\"@type\":\"ImageObject\",\"inLanguage\":\"lv-LV\",\"@id\":\"https:\\\/\\\/kidsplay.lt\\\/#\\\/schema\\\/logo\\\/image\\\/\",\"url\":\"https:\\\/\\\/kidsplay.lt\\\/wp-content\\\/uploads\\\/2023\\\/07\\\/kidsplay-logo.png\",\"contentUrl\":\"https:\\\/\\\/kidsplay.lt\\\/wp-content\\\/uploads\\\/2023\\\/07\\\/kidsplay-logo.png\",\"width\":451,\"height\":98,\"caption\":\"KidsPlay\"},\"image\":{\"@id\":\"https:\\\/\\\/kidsplay.lt\\\/#\\\/schema\\\/logo\\\/image\\\/\"},\"sameAs\":[\"https:\\\/\\\/www.facebook.com\\\/www.kidsplay.lt\"]}]}<\/script>\n<!-- \/ Yoast SEO plugin. -->","yoast_head_json":{"title":"Rolly Toys John Deere Przyczepka rollyTrailer FarmOtwierane Burty","description":"Rolly Toys John Deere Przyczepka rollyTrailer FarmOtwierane Burty - KidsPlay. Did\u017eiausias vaik\u0173 \u017eaisl\u0173 pasirinkimas.","robots":{"index":"index","follow":"follow","max-snippet":"max-snippet:-1","max-image-preview":"max-image-preview:large","max-video-preview":"max-video-preview:-1"},"canonical":"https:\/\/kidsplay.lt\/lv\/products\/rolly-toys-john-deere-przyczepka-rollytrailer-farmotwierane-burty\/","og_locale":"lv_LV","og_type":"article","og_title":"Rolly Toys John Deere Przyczepka rollyTrailer FarmOtwierane Burty","og_description":"Rolly Toys John Deere Przyczepka rollyTrailer FarmOtwierane Burty - KidsPlay. Did\u017eiausias vaik\u0173 \u017eaisl\u0173 pasirinkimas.","og_url":"https:\/\/kidsplay.lt\/lv\/products\/rolly-toys-john-deere-przyczepka-rollytrailer-farmotwierane-burty\/","og_site_name":"KidsPlay","article_publisher":"https:\/\/www.facebook.com\/www.kidsplay.lt","article_modified_time":"2026-03-30T16:21:53+00:00","og_image":[{"width":1280,"height":905,"url":"https:\/\/kidsplay.lt\/wp-content\/uploads\/2025\/10\/Rolly-Toys-John-Deere-Przyczepka-rollyTrailer-FarmOtwierane-Burty.jpg","type":"image\/jpeg"}],"twitter_card":"summary_large_image","schema":{"@context":"https:\/\/schema.org","@graph":[{"@type":"WebPage","@id":"https:\/\/kidsplay.lt\/produktas\/rolly-toys-john-deere-przyczepka-rollytrailer-farmotwierane-burty\/","url":"https:\/\/kidsplay.lt\/produktas\/rolly-toys-john-deere-przyczepka-rollytrailer-farmotwierane-burty\/","name":"Rolly Toys John Deere Przyczepka rollyTrailer FarmOtwierane Burty","isPartOf":{"@id":"https:\/\/kidsplay.lt\/#website"},"primaryImageOfPage":{"@id":"https:\/\/kidsplay.lt\/produktas\/rolly-toys-john-deere-przyczepka-rollytrailer-farmotwierane-burty\/#primaryimage"},"image":{"@id":"https:\/\/kidsplay.lt\/produktas\/rolly-toys-john-deere-przyczepka-rollytrailer-farmotwierane-burty\/#primaryimage"},"thumbnailUrl":"https:\/\/kidsplay.lt\/wp-content\/uploads\/2025\/10\/Rolly-Toys-John-Deere-Przyczepka-rollyTrailer-FarmOtwierane-Burty.jpg","datePublished":"2025-10-26T10:04:49+00:00","dateModified":"2026-03-30T16:21:53+00:00","description":"Rolly Toys John Deere Przyczepka rollyTrailer FarmOtwierane Burty - KidsPlay. Did\u017eiausias vaik\u0173 \u017eaisl\u0173 pasirinkimas.","breadcrumb":{"@id":"https:\/\/kidsplay.lt\/produktas\/rolly-toys-john-deere-przyczepka-rollytrailer-farmotwierane-burty\/#breadcrumb"},"inLanguage":"lv-LV","potentialAction":[{"@type":"ReadAction","target":["https:\/\/kidsplay.lt\/produktas\/rolly-toys-john-deere-przyczepka-rollytrailer-farmotwierane-burty\/"]}]},{"@type":"ImageObject","inLanguage":"lv-LV","@id":"https:\/\/kidsplay.lt\/produktas\/rolly-toys-john-deere-przyczepka-rollytrailer-farmotwierane-burty\/#primaryimage","url":"https:\/\/kidsplay.lt\/wp-content\/uploads\/2025\/10\/Rolly-Toys-John-Deere-Przyczepka-rollyTrailer-FarmOtwierane-Burty.jpg","contentUrl":"https:\/\/kidsplay.lt\/wp-content\/uploads\/2025\/10\/Rolly-Toys-John-Deere-Przyczepka-rollyTrailer-FarmOtwierane-Burty.jpg","width":1280,"height":905,"caption":"Rolly Toys John Deere Przyczepka rollyTrailer FarmOtwierane Burty"},{"@type":"BreadcrumbList","@id":"https:\/\/kidsplay.lt\/produktas\/rolly-toys-john-deere-przyczepka-rollytrailer-farmotwierane-burty\/#breadcrumb","itemListElement":[{"@type":"ListItem","position":1,"name":"Pagrindinis","item":"https:\/\/kidsplay.lt\/"},{"@type":"ListItem","position":2,"name":"Parduotuv\u0117","item":"https:\/\/kidsplay.lt\/parduotuve\/"},{"@type":"ListItem","position":3,"name":"Rolly Toys John Deere Przyczepka rollyTrailer FarmOtwierane Burty"}]},{"@type":"WebSite","@id":"https:\/\/kidsplay.lt\/#website","url":"https:\/\/kidsplay.lt\/","name":"B\u0113rnu sp\u0113les.lv","description":"\u012evairios prek\u0117s vaikams","publisher":{"@id":"https:\/\/kidsplay.lt\/#organization"},"alternateName":"Kidsplay","potentialAction":[{"@type":"SearchAction","target":{"@type":"EntryPoint","urlTemplate":"https:\/\/kidsplay.lt\/?s={search_term_string}"},"query-input":{"@type":"PropertyValueSpecification","valueRequired":true,"valueName":"search_term_string"}}],"inLanguage":"lv-LV"},{"@type":"Organization","@id":"https:\/\/kidsplay.lt\/#organization","name":"B\u0113rnu sp\u0113le","url":"https:\/\/kidsplay.lt\/","logo":{"@type":"ImageObject","inLanguage":"lv-LV","@id":"https:\/\/kidsplay.lt\/#\/schema\/logo\/image\/","url":"https:\/\/kidsplay.lt\/wp-content\/uploads\/2023\/07\/kidsplay-logo.png","contentUrl":"https:\/\/kidsplay.lt\/wp-content\/uploads\/2023\/07\/kidsplay-logo.png","width":451,"height":98,"caption":"KidsPlay"},"image":{"@id":"https:\/\/kidsplay.lt\/#\/schema\/logo\/image\/"},"sameAs":["https:\/\/www.facebook.com\/www.kidsplay.lt"]}]}},"_links":{"self":[{"href":"https:\/\/kidsplay.lt\/lv\/wp-json\/wp\/v2\/product\/78078","targetHints":{"allow":["GET"]}}],"collection":[{"href":"https:\/\/kidsplay.lt\/lv\/wp-json\/wp\/v2\/product"}],"about":[{"href":"https:\/\/kidsplay.lt\/lv\/wp-json\/wp\/v2\/types\/product"}],"version-history":[{"count":1,"href":"https:\/\/kidsplay.lt\/lv\/wp-json\/wp\/v2\/product\/78078\/revisions"}],"predecessor-version":[{"id":78079,"href":"https:\/\/kidsplay.lt\/lv\/wp-json\/wp\/v2\/product\/78078\/revisions\/78079"}],"wp:featuredmedia":[{"embeddable":true,"href":"https:\/\/kidsplay.lt\/lv\/wp-json\/wp\/v2\/media\/78080"}],"wp:attachment":[{"href":"https:\/\/kidsplay.lt\/lv\/wp-json\/wp\/v2\/media?parent=78078"}],"wp:term":[{"taxonomy":"product_brand","embeddable":true,"href":"https:\/\/kidsplay.lt\/lv\/wp-json\/wp\/v2\/product_brand?post=78078"},{"taxonomy":"product_cat","embeddable":true,"href":"https:\/\/kidsplay.lt\/lv\/wp-json\/wp\/v2\/product_cat?post=78078"},{"taxonomy":"product_tag","embeddable":true,"href":"https:\/\/kidsplay.lt\/lv\/wp-json\/wp\/v2\/product_tag?post=78078"}],"curies":[{"name":"wp","href":"https:\/\/api.w.org\/{rel}","templated":true}]}}