{"id":78082,"date":"2025-10-26T12:05:00","date_gmt":"2025-10-26T10:05:00","guid":{"rendered":"https:\/\/kidsplay.lt\/produktas\/rolly-toys-ritininis-tanklaivis-john-deere-dvieju-asiu-tanklaivis-siurblys\/"},"modified":"2026-03-15T07:35:44","modified_gmt":"2026-03-15T05:35:44","slug":"rolly-toys-ritininis-tanklaivis-john-deere-dvieju-asiu-tanklaivis-siurblys","status":"publish","type":"product","link":"https:\/\/kidsplay.lt\/lv\/products\/rolly-toys-ritininis-tanklaivis-john-deere-dvieju-asiu-tanklaivis-siurblys\/","title":{"rendered":"Rolly Toys ritininis tanklaivis John Deere dviej\u0173 a\u0161i\u0173 tanklaivis + siurblys"},"content":{"rendered":"<p>Puikus \u017eaislas sodininkui ir valytojui! Puikus papildymas bet kokiam Rolly Toys traktoriui. Kruop\u0161\u010diai padaryta, atkreipiant d\u0117mes\u012f \u012f smulkiausi\u0105 detal\u0119.<\/p>\n<p>Tanklaiv\u012f galima u\u017epildyti vandeniu, o tada sod\u0105 ar va\u017eiuojam\u0105j\u0105 dal\u012f laistyti srove arba purk\u0161tuvu, sukuriant reikiam\u0105 sl\u0117g\u012f naudojant rankin\u012f siurbl\u012f.<\/p>\n<p>\u0160i priekaba tinka visiems ROLLY TOYS vilkikams. Tai John Deere licencijuotas tanklaivis, dviej\u0173 a\u0161i\u0173, kur\u012f galima u\u017epildyti vandeniu, o tada purk\u0161ti naudojant purk\u0161tuv\u0105 ir siurbl\u012f.<\/p>\n<p>Talpa &#8211; 30l<\/p>","protected":false},"excerpt":{"rendered":"<p>Puikus \u017eaislas sodininkui ir valytojui! Puikus papildymas bet kokiam Rolly Toys traktoriui. Kruop\u0161\u010diai padaryta, atkreipiant d\u0117mes\u012f \u012f smulkiausi\u0105 detal\u0119. Tanklaiv\u012f<\/p>","protected":false},"featured_media":78084,"template":"","meta":{"_acf_changed":false,"_glsr_average":0,"_glsr_ranking":0,"_glsr_reviews":0},"product_brand":[],"product_cat":[237,433],"product_tag":[],"class_list":{"0":"post-78082","1":"product","2":"type-product","3":"status-publish","4":"has-post-thumbnail","6":"product_cat-judejimo-priemones","7":"product_cat-priedai-judejimo-priemones","8":"\"style=\"background-color: #2ecc711c;\"","10":"first","11":"outofstock","12":"purchasable","13":"product-type-simple"},"acf":[],"yoast_head":"<!-- This site is optimized with the Yoast SEO plugin v27.3 - https:\/\/yoast.com\/product\/yoast-seo-wordpress\/ -->\n<title>Rolly Toys ritininis tanklaivis John Deere dviej\u0173 a\u0161i\u0173 tanklaivis + siurblys<\/title>\n<meta name=\"description\" content=\"Rolly Toys ritininis tanklaivis John Deere dviej\u0173 a\u0161i\u0173 tanklaivis + siurblys - KidsPlay. Did\u017eiausias vaik\u0173 \u017eaisl\u0173 pasirinkimas.\" \/>\n<meta name=\"robots\" content=\"index, follow, max-snippet:-1, max-image-preview:large, max-video-preview:-1\" \/>\n<link rel=\"canonical\" href=\"https:\/\/kidsplay.lt\/lv\/products\/rolly-toys-ritininis-tanklaivis-john-deere-dvieju-asiu-tanklaivis-siurblys\/\" \/>\n<meta property=\"og:locale\" content=\"lv_LV\" \/>\n<meta property=\"og:type\" content=\"article\" \/>\n<meta property=\"og:title\" content=\"Rolly Toys ritininis tanklaivis John Deere dviej\u0173 a\u0161i\u0173 tanklaivis + siurblys\" \/>\n<meta property=\"og:description\" content=\"Rolly Toys ritininis tanklaivis John Deere dviej\u0173 a\u0161i\u0173 tanklaivis + siurblys - KidsPlay. Did\u017eiausias vaik\u0173 \u017eaisl\u0173 pasirinkimas.\" \/>\n<meta property=\"og:url\" content=\"https:\/\/kidsplay.lt\/lv\/products\/rolly-toys-ritininis-tanklaivis-john-deere-dvieju-asiu-tanklaivis-siurblys\/\" \/>\n<meta property=\"og:site_name\" content=\"KidsPlay\" \/>\n<meta property=\"article:publisher\" content=\"https:\/\/www.facebook.com\/www.kidsplay.lt\" \/>\n<meta property=\"article:modified_time\" content=\"2026-03-15T05:35:44+00:00\" \/>\n<meta property=\"og:image\" content=\"https:\/\/kidsplay.lt\/wp-content\/uploads\/2025\/10\/Rolly-Toys-ritininis-tanklaivis-John-Deere-dvieju-asiu-tanklaivis-siurblys.jpg\" \/>\n\t<meta property=\"og:image:width\" content=\"2560\" \/>\n\t<meta property=\"og:image:height\" content=\"2560\" \/>\n\t<meta property=\"og:image:type\" content=\"image\/jpeg\" \/>\n<meta name=\"twitter:card\" content=\"summary_large_image\" \/>\n<script type=\"application\/ld+json\" class=\"yoast-schema-graph\">{\"@context\":\"https:\\\/\\\/schema.org\",\"@graph\":[{\"@type\":\"WebPage\",\"@id\":\"https:\\\/\\\/kidsplay.lt\\\/produktas\\\/rolly-toys-ritininis-tanklaivis-john-deere-dvieju-asiu-tanklaivis-siurblys\\\/\",\"url\":\"https:\\\/\\\/kidsplay.lt\\\/produktas\\\/rolly-toys-ritininis-tanklaivis-john-deere-dvieju-asiu-tanklaivis-siurblys\\\/\",\"name\":\"Rolly Toys ritininis tanklaivis John Deere dviej\u0173 a\u0161i\u0173 tanklaivis + siurblys\",\"isPartOf\":{\"@id\":\"https:\\\/\\\/kidsplay.lt\\\/#website\"},\"primaryImageOfPage\":{\"@id\":\"https:\\\/\\\/kidsplay.lt\\\/produktas\\\/rolly-toys-ritininis-tanklaivis-john-deere-dvieju-asiu-tanklaivis-siurblys\\\/#primaryimage\"},\"image\":{\"@id\":\"https:\\\/\\\/kidsplay.lt\\\/produktas\\\/rolly-toys-ritininis-tanklaivis-john-deere-dvieju-asiu-tanklaivis-siurblys\\\/#primaryimage\"},\"thumbnailUrl\":\"https:\\\/\\\/kidsplay.lt\\\/wp-content\\\/uploads\\\/2025\\\/10\\\/Rolly-Toys-ritininis-tanklaivis-John-Deere-dvieju-asiu-tanklaivis-siurblys.jpg\",\"datePublished\":\"2025-10-26T10:05:00+00:00\",\"dateModified\":\"2026-03-15T05:35:44+00:00\",\"description\":\"Rolly Toys ritininis tanklaivis John Deere dviej\u0173 a\u0161i\u0173 tanklaivis + siurblys - KidsPlay. Did\u017eiausias vaik\u0173 \u017eaisl\u0173 pasirinkimas.\",\"breadcrumb\":{\"@id\":\"https:\\\/\\\/kidsplay.lt\\\/produktas\\\/rolly-toys-ritininis-tanklaivis-john-deere-dvieju-asiu-tanklaivis-siurblys\\\/#breadcrumb\"},\"inLanguage\":\"lv-LV\",\"potentialAction\":[{\"@type\":\"ReadAction\",\"target\":[\"https:\\\/\\\/kidsplay.lt\\\/produktas\\\/rolly-toys-ritininis-tanklaivis-john-deere-dvieju-asiu-tanklaivis-siurblys\\\/\"]}]},{\"@type\":\"ImageObject\",\"inLanguage\":\"lv-LV\",\"@id\":\"https:\\\/\\\/kidsplay.lt\\\/produktas\\\/rolly-toys-ritininis-tanklaivis-john-deere-dvieju-asiu-tanklaivis-siurblys\\\/#primaryimage\",\"url\":\"https:\\\/\\\/kidsplay.lt\\\/wp-content\\\/uploads\\\/2025\\\/10\\\/Rolly-Toys-ritininis-tanklaivis-John-Deere-dvieju-asiu-tanklaivis-siurblys.jpg\",\"contentUrl\":\"https:\\\/\\\/kidsplay.lt\\\/wp-content\\\/uploads\\\/2025\\\/10\\\/Rolly-Toys-ritininis-tanklaivis-John-Deere-dvieju-asiu-tanklaivis-siurblys.jpg\",\"width\":2560,\"height\":2560,\"caption\":\"Rolly Toys ritininis tanklaivis John Deere dviej\u0173 a\u0161i\u0173 tanklaivis + siurblys\"},{\"@type\":\"BreadcrumbList\",\"@id\":\"https:\\\/\\\/kidsplay.lt\\\/produktas\\\/rolly-toys-ritininis-tanklaivis-john-deere-dvieju-asiu-tanklaivis-siurblys\\\/#breadcrumb\",\"itemListElement\":[{\"@type\":\"ListItem\",\"position\":1,\"name\":\"Pagrindinis\",\"item\":\"https:\\\/\\\/kidsplay.lt\\\/\"},{\"@type\":\"ListItem\",\"position\":2,\"name\":\"Parduotuv\u0117\",\"item\":\"https:\\\/\\\/kidsplay.lt\\\/parduotuve\\\/\"},{\"@type\":\"ListItem\",\"position\":3,\"name\":\"Rolly Toys ritininis tanklaivis John Deere dviej\u0173 a\u0161i\u0173 tanklaivis + siurblys\"}]},{\"@type\":\"WebSite\",\"@id\":\"https:\\\/\\\/kidsplay.lt\\\/#website\",\"url\":\"https:\\\/\\\/kidsplay.lt\\\/\",\"name\":\"Kidsplay.lt\",\"description\":\"\u012evairios prek\u0117s vaikams\",\"publisher\":{\"@id\":\"https:\\\/\\\/kidsplay.lt\\\/#organization\"},\"alternateName\":\"Kidsplay\",\"potentialAction\":[{\"@type\":\"SearchAction\",\"target\":{\"@type\":\"EntryPoint\",\"urlTemplate\":\"https:\\\/\\\/kidsplay.lt\\\/?s={search_term_string}\"},\"query-input\":{\"@type\":\"PropertyValueSpecification\",\"valueRequired\":true,\"valueName\":\"search_term_string\"}}],\"inLanguage\":\"lv-LV\"},{\"@type\":\"Organization\",\"@id\":\"https:\\\/\\\/kidsplay.lt\\\/#organization\",\"name\":\"KidsPlay\",\"url\":\"https:\\\/\\\/kidsplay.lt\\\/\",\"logo\":{\"@type\":\"ImageObject\",\"inLanguage\":\"lv-LV\",\"@id\":\"https:\\\/\\\/kidsplay.lt\\\/#\\\/schema\\\/logo\\\/image\\\/\",\"url\":\"https:\\\/\\\/kidsplay.lt\\\/wp-content\\\/uploads\\\/2023\\\/07\\\/kidsplay-logo.png\",\"contentUrl\":\"https:\\\/\\\/kidsplay.lt\\\/wp-content\\\/uploads\\\/2023\\\/07\\\/kidsplay-logo.png\",\"width\":451,\"height\":98,\"caption\":\"KidsPlay\"},\"image\":{\"@id\":\"https:\\\/\\\/kidsplay.lt\\\/#\\\/schema\\\/logo\\\/image\\\/\"},\"sameAs\":[\"https:\\\/\\\/www.facebook.com\\\/www.kidsplay.lt\"]}]}<\/script>\n<!-- \/ Yoast SEO plugin. -->","yoast_head_json":{"title":"Rolly Toys ritininis tanklaivis John Deere dviej\u0173 a\u0161i\u0173 tanklaivis + siurblys","description":"Rolly Toys ritininis tanklaivis John Deere dviej\u0173 a\u0161i\u0173 tanklaivis + siurblys - KidsPlay. Did\u017eiausias vaik\u0173 \u017eaisl\u0173 pasirinkimas.","robots":{"index":"index","follow":"follow","max-snippet":"max-snippet:-1","max-image-preview":"max-image-preview:large","max-video-preview":"max-video-preview:-1"},"canonical":"https:\/\/kidsplay.lt\/lv\/products\/rolly-toys-ritininis-tanklaivis-john-deere-dvieju-asiu-tanklaivis-siurblys\/","og_locale":"lv_LV","og_type":"article","og_title":"Rolly Toys ritininis tanklaivis John Deere dviej\u0173 a\u0161i\u0173 tanklaivis + siurblys","og_description":"Rolly Toys ritininis tanklaivis John Deere dviej\u0173 a\u0161i\u0173 tanklaivis + siurblys - KidsPlay. Did\u017eiausias vaik\u0173 \u017eaisl\u0173 pasirinkimas.","og_url":"https:\/\/kidsplay.lt\/lv\/products\/rolly-toys-ritininis-tanklaivis-john-deere-dvieju-asiu-tanklaivis-siurblys\/","og_site_name":"KidsPlay","article_publisher":"https:\/\/www.facebook.com\/www.kidsplay.lt","article_modified_time":"2026-03-15T05:35:44+00:00","og_image":[{"width":2560,"height":2560,"url":"https:\/\/kidsplay.lt\/wp-content\/uploads\/2025\/10\/Rolly-Toys-ritininis-tanklaivis-John-Deere-dvieju-asiu-tanklaivis-siurblys.jpg","type":"image\/jpeg"}],"twitter_card":"summary_large_image","schema":{"@context":"https:\/\/schema.org","@graph":[{"@type":"WebPage","@id":"https:\/\/kidsplay.lt\/produktas\/rolly-toys-ritininis-tanklaivis-john-deere-dvieju-asiu-tanklaivis-siurblys\/","url":"https:\/\/kidsplay.lt\/produktas\/rolly-toys-ritininis-tanklaivis-john-deere-dvieju-asiu-tanklaivis-siurblys\/","name":"Rolly Toys ritininis tanklaivis John Deere dviej\u0173 a\u0161i\u0173 tanklaivis + siurblys","isPartOf":{"@id":"https:\/\/kidsplay.lt\/#website"},"primaryImageOfPage":{"@id":"https:\/\/kidsplay.lt\/produktas\/rolly-toys-ritininis-tanklaivis-john-deere-dvieju-asiu-tanklaivis-siurblys\/#primaryimage"},"image":{"@id":"https:\/\/kidsplay.lt\/produktas\/rolly-toys-ritininis-tanklaivis-john-deere-dvieju-asiu-tanklaivis-siurblys\/#primaryimage"},"thumbnailUrl":"https:\/\/kidsplay.lt\/wp-content\/uploads\/2025\/10\/Rolly-Toys-ritininis-tanklaivis-John-Deere-dvieju-asiu-tanklaivis-siurblys.jpg","datePublished":"2025-10-26T10:05:00+00:00","dateModified":"2026-03-15T05:35:44+00:00","description":"Rolly Toys ritininis tanklaivis John Deere dviej\u0173 a\u0161i\u0173 tanklaivis + siurblys - KidsPlay. Did\u017eiausias vaik\u0173 \u017eaisl\u0173 pasirinkimas.","breadcrumb":{"@id":"https:\/\/kidsplay.lt\/produktas\/rolly-toys-ritininis-tanklaivis-john-deere-dvieju-asiu-tanklaivis-siurblys\/#breadcrumb"},"inLanguage":"lv-LV","potentialAction":[{"@type":"ReadAction","target":["https:\/\/kidsplay.lt\/produktas\/rolly-toys-ritininis-tanklaivis-john-deere-dvieju-asiu-tanklaivis-siurblys\/"]}]},{"@type":"ImageObject","inLanguage":"lv-LV","@id":"https:\/\/kidsplay.lt\/produktas\/rolly-toys-ritininis-tanklaivis-john-deere-dvieju-asiu-tanklaivis-siurblys\/#primaryimage","url":"https:\/\/kidsplay.lt\/wp-content\/uploads\/2025\/10\/Rolly-Toys-ritininis-tanklaivis-John-Deere-dvieju-asiu-tanklaivis-siurblys.jpg","contentUrl":"https:\/\/kidsplay.lt\/wp-content\/uploads\/2025\/10\/Rolly-Toys-ritininis-tanklaivis-John-Deere-dvieju-asiu-tanklaivis-siurblys.jpg","width":2560,"height":2560,"caption":"Rolly Toys ritininis tanklaivis John Deere dviej\u0173 a\u0161i\u0173 tanklaivis + siurblys"},{"@type":"BreadcrumbList","@id":"https:\/\/kidsplay.lt\/produktas\/rolly-toys-ritininis-tanklaivis-john-deere-dvieju-asiu-tanklaivis-siurblys\/#breadcrumb","itemListElement":[{"@type":"ListItem","position":1,"name":"Pagrindinis","item":"https:\/\/kidsplay.lt\/"},{"@type":"ListItem","position":2,"name":"Parduotuv\u0117","item":"https:\/\/kidsplay.lt\/parduotuve\/"},{"@type":"ListItem","position":3,"name":"Rolly Toys ritininis tanklaivis John Deere dviej\u0173 a\u0161i\u0173 tanklaivis + siurblys"}]},{"@type":"WebSite","@id":"https:\/\/kidsplay.lt\/#website","url":"https:\/\/kidsplay.lt\/","name":"B\u0113rnu sp\u0113les.lv","description":"\u012evairios prek\u0117s vaikams","publisher":{"@id":"https:\/\/kidsplay.lt\/#organization"},"alternateName":"Kidsplay","potentialAction":[{"@type":"SearchAction","target":{"@type":"EntryPoint","urlTemplate":"https:\/\/kidsplay.lt\/?s={search_term_string}"},"query-input":{"@type":"PropertyValueSpecification","valueRequired":true,"valueName":"search_term_string"}}],"inLanguage":"lv-LV"},{"@type":"Organization","@id":"https:\/\/kidsplay.lt\/#organization","name":"B\u0113rnu sp\u0113le","url":"https:\/\/kidsplay.lt\/","logo":{"@type":"ImageObject","inLanguage":"lv-LV","@id":"https:\/\/kidsplay.lt\/#\/schema\/logo\/image\/","url":"https:\/\/kidsplay.lt\/wp-content\/uploads\/2023\/07\/kidsplay-logo.png","contentUrl":"https:\/\/kidsplay.lt\/wp-content\/uploads\/2023\/07\/kidsplay-logo.png","width":451,"height":98,"caption":"KidsPlay"},"image":{"@id":"https:\/\/kidsplay.lt\/#\/schema\/logo\/image\/"},"sameAs":["https:\/\/www.facebook.com\/www.kidsplay.lt"]}]}},"_links":{"self":[{"href":"https:\/\/kidsplay.lt\/lv\/wp-json\/wp\/v2\/product\/78082","targetHints":{"allow":["GET"]}}],"collection":[{"href":"https:\/\/kidsplay.lt\/lv\/wp-json\/wp\/v2\/product"}],"about":[{"href":"https:\/\/kidsplay.lt\/lv\/wp-json\/wp\/v2\/types\/product"}],"version-history":[{"count":1,"href":"https:\/\/kidsplay.lt\/lv\/wp-json\/wp\/v2\/product\/78082\/revisions"}],"predecessor-version":[{"id":78083,"href":"https:\/\/kidsplay.lt\/lv\/wp-json\/wp\/v2\/product\/78082\/revisions\/78083"}],"wp:featuredmedia":[{"embeddable":true,"href":"https:\/\/kidsplay.lt\/lv\/wp-json\/wp\/v2\/media\/78084"}],"wp:attachment":[{"href":"https:\/\/kidsplay.lt\/lv\/wp-json\/wp\/v2\/media?parent=78082"}],"wp:term":[{"taxonomy":"product_brand","embeddable":true,"href":"https:\/\/kidsplay.lt\/lv\/wp-json\/wp\/v2\/product_brand?post=78082"},{"taxonomy":"product_cat","embeddable":true,"href":"https:\/\/kidsplay.lt\/lv\/wp-json\/wp\/v2\/product_cat?post=78082"},{"taxonomy":"product_tag","embeddable":true,"href":"https:\/\/kidsplay.lt\/lv\/wp-json\/wp\/v2\/product_tag?post=78082"}],"curies":[{"name":"wp","href":"https:\/\/api.w.org\/{rel}","templated":true}]}}