{"id":78108,"date":"2025-10-26T12:47:19","date_gmt":"2025-10-26T10:47:19","guid":{"rendered":"https:\/\/kidsplay.lt\/produktas\/woopie-virtuves-kriaukle-vaikams-rozine\/"},"modified":"2026-04-13T14:31:04","modified_gmt":"2026-04-13T11:31:04","slug":"woopie-virtuves-kriaukle-vaikams-rozine","status":"publish","type":"product","link":"https:\/\/kidsplay.lt\/lv\/products\/woopie-virtuves-kriaukle-vaikams-rozine\/","title":{"rendered":"WOOPIE virtuves izlietne b\u0113rniem, roz\u0101"},"content":{"rendered":"<p>WOOPIE\u00a02 viename virtuv\u0117s kriaukl\u0117 ir virykl\u0117\u00a0leis\u00a0vaikams gaminti maist\u0105 ir plauti indus lygiai taip pat, kaip j\u0173 t\u0117vai \u2013 m\u0117gd\u017eiojant juos nuo ma\u017eens! \u0160is \u017eaislas yra\u00a0tobulai atkartotas\u00a0, suteikiantis vaikams \u012fsp\u016bd\u012f, kad jie atlieka tikrus virtuv\u0117s darbus. Jame yra\u00a0judan\u010di\u0173 dali\u0173,\u00a0toki\u0173 kaip virykl\u0117s \u010diaupai ir \u010diaupelis, i\u0161 kurio tryk\u0161ta\u00a0tikras vanduo\u00a0. Tiesiog \u012fpilkite vandens \u012f duben\u012f ir steb\u0117kite, kaip j\u016bs\u0173 vaikas \u017eaid\u017eia, o kai baigs, tiesiog i\u0161tu\u0161tinkite apatin\u012f duben\u012f. Rinkinyje taip pat yra daug pried\u0173, toki\u0173 kaip\u00a0puodai\u00a0ir\u00a0keptuv\u0117s . \u017daidimas gaminant maist\u0105, plaunant indus ir atliekant pana\u0161ias u\u017eduotis padeda vaikams ugdyti\u00a0atsakomyb\u0117s\u00a0ir\u00a0savaranki\u0161kumo\u00a0jausm\u0105\u00a0.<\/p>\n<p>Rakstur\u012bgs:<\/p>\n<p> \t\u2013 rota\u013clieta no 3 gadu vecuma,<br \/>\n \t&#8211;\u00a0realisti\u0161kas produktas\u00a0&#8211; yra tikras\u00a0vandens ciklas,<br \/>\n \t&#8211;\u00a0paspaudus\u00a0\u012fmontuot\u0105 vandens siurbl\u012f,\u00a0i\u0161 \u010diaupo i\u0161leid\u017eiamas vanduo,<br \/>\n \t&#8211; vaikai gali naudoti kriaukl\u0119 pridedamiems priedams laikyti,<br \/>\n \t&#8211;\u00a0moko\u00a0per\u00a0\u017eaidim\u0105\u00a0!<br \/>\n \t&#8211;\u00a0Reikalingos baterijos:\u00a04x &#8222;AA&#8221; 1,5 V (nepridedamos)<\/p>\n<p>Komplekt\u0101 ietilpst:<\/p>\n<p> \t&#8211; kriaukl\u0117 su ind\u0173 d\u017eiovykle ir \u010diaupu su tikru vandeniu,<br \/>\n \t&#8211; kriaukl\u0117s kam\u0161tis,<br \/>\n \t&#8211; aksesuar\u0173 pakabos,<br \/>\n \t&#8211; \u0161luost\u0117 indams valyti,<br \/>\n \t&#8211; l\u0117k\u0161t\u0117,<br \/>\n \t&#8211; duben\u0117lis,<br \/>\n \t&#8211; puodelis,<br \/>\n \t&#8211; 2 puodeliai,<br \/>\n \t&#8211; ind\u0173 ploviklis,<br \/>\n \t&#8211; ind\u0173 \u0161epetys,<br \/>\n \t&#8211; indaplov\u0117,<br \/>\n \t&#8211; \u0161akut\u0117,<br \/>\n \t&#8211; \u0161auk\u0161tas,<br \/>\n \t&#8211; peilis,<br \/>\n \t&#8211; agurkas,<br \/>\n \t&#8211; morka,<br \/>\n \t&#8211; bulv\u0117,<br \/>\n \t&#8211; bananas,<br \/>\n \t&#8211; brokoliai,<br \/>\n \t&#8211; kriau\u0161\u0117,<br \/>\n \t&#8211; kukur\u016bzai,<br \/>\n \t&#8211; lipdukai.<\/p>\n<p>Rota\u013clieta att\u012bst\u0101s:<\/p>\n<p> \tatsakomyb\u0117,<br \/>\n \tnepriklausomyb\u0117 veiksme,<br \/>\n \ts\u0105moningumas.<\/p>","protected":false},"excerpt":{"rendered":"<p>WOOPIE\u00a02 viename virtuv\u0117s kriaukl\u0117 ir virykl\u0117\u00a0leis\u00a0vaikams gaminti maist\u0105 ir plauti indus lygiai taip pat, kaip j\u0173 t\u0117vai \u2013 m\u0117gd\u017eiojant juos<\/p>","protected":false},"featured_media":78110,"template":"","meta":{"_acf_changed":false,"_glsr_average":0,"_glsr_ranking":0,"_glsr_reviews":0},"product_brand":[],"product_cat":[399,229],"product_tag":[],"class_list":{"0":"post-78108","1":"product","2":"type-product","3":"status-publish","4":"has-post-thumbnail","6":"product_cat-vaidmenu-zaidimai-2","7":"product_cat-zaislai-vaikams","8":"\"style=\"background-color: #2ecc711c;\"","10":"first","11":"instock","12":"purchasable","13":"product-type-simple"},"acf":[],"yoast_head":"<!-- This site is optimized with the Yoast SEO plugin v27.4 - https:\/\/yoast.com\/product\/yoast-seo-wordpress\/ -->\n<title>WOOPIE virtuv\u0117s kriaukl\u0117 vaikams, ro\u017ein\u0117<\/title>\n<meta name=\"description\" content=\"WOOPIE virtuv\u0117s kriaukl\u0117 vaikams, ro\u017ein\u0117 - KidsPlay. Did\u017eiausias vaik\u0173 \u017eaisl\u0173 pasirinkimas.\" \/>\n<meta name=\"robots\" content=\"index, follow, max-snippet:-1, max-image-preview:large, max-video-preview:-1\" \/>\n<link rel=\"canonical\" href=\"https:\/\/kidsplay.lt\/lv\/products\/woopie-virtuves-kriaukle-vaikams-rozine\/\" \/>\n<meta property=\"og:locale\" content=\"lv_LV\" \/>\n<meta property=\"og:type\" content=\"article\" \/>\n<meta property=\"og:title\" content=\"WOOPIE virtuv\u0117s kriaukl\u0117 vaikams, ro\u017ein\u0117\" \/>\n<meta property=\"og:description\" content=\"WOOPIE virtuv\u0117s kriaukl\u0117 vaikams, ro\u017ein\u0117 - KidsPlay. Did\u017eiausias vaik\u0173 \u017eaisl\u0173 pasirinkimas.\" \/>\n<meta property=\"og:url\" content=\"https:\/\/kidsplay.lt\/lv\/products\/woopie-virtuves-kriaukle-vaikams-rozine\/\" \/>\n<meta property=\"og:site_name\" content=\"KidsPlay\" \/>\n<meta property=\"article:publisher\" content=\"https:\/\/www.facebook.com\/www.kidsplay.lt\" \/>\n<meta property=\"article:modified_time\" content=\"2026-04-13T11:31:04+00:00\" \/>\n<meta property=\"og:image\" content=\"https:\/\/kidsplay.lt\/wp-content\/uploads\/2025\/10\/WOOPIE-virtuves-kriaukle-vaikams-rozine.jpg\" \/>\n\t<meta property=\"og:image:width\" content=\"2500\" \/>\n\t<meta property=\"og:image:height\" content=\"2500\" \/>\n\t<meta property=\"og:image:type\" content=\"image\/jpeg\" \/>\n<meta name=\"twitter:card\" content=\"summary_large_image\" \/>\n<meta name=\"twitter:label1\" content=\"Est. reading time\" \/>\n\t<meta name=\"twitter:data1\" content=\"1 min\u016bte\" \/>\n<script type=\"application\/ld+json\" class=\"yoast-schema-graph\">{\"@context\":\"https:\\\/\\\/schema.org\",\"@graph\":[{\"@type\":\"WebPage\",\"@id\":\"https:\\\/\\\/kidsplay.lt\\\/produktas\\\/woopie-virtuves-kriaukle-vaikams-rozine\\\/\",\"url\":\"https:\\\/\\\/kidsplay.lt\\\/produktas\\\/woopie-virtuves-kriaukle-vaikams-rozine\\\/\",\"name\":\"WOOPIE virtuv\u0117s kriaukl\u0117 vaikams, ro\u017ein\u0117\",\"isPartOf\":{\"@id\":\"https:\\\/\\\/kidsplay.lt\\\/#website\"},\"primaryImageOfPage\":{\"@id\":\"https:\\\/\\\/kidsplay.lt\\\/produktas\\\/woopie-virtuves-kriaukle-vaikams-rozine\\\/#primaryimage\"},\"image\":{\"@id\":\"https:\\\/\\\/kidsplay.lt\\\/produktas\\\/woopie-virtuves-kriaukle-vaikams-rozine\\\/#primaryimage\"},\"thumbnailUrl\":\"https:\\\/\\\/kidsplay.lt\\\/wp-content\\\/uploads\\\/2025\\\/10\\\/WOOPIE-virtuves-kriaukle-vaikams-rozine.jpg\",\"datePublished\":\"2025-10-26T10:47:19+00:00\",\"dateModified\":\"2026-04-13T11:31:04+00:00\",\"description\":\"WOOPIE virtuv\u0117s kriaukl\u0117 vaikams, ro\u017ein\u0117 - KidsPlay. Did\u017eiausias vaik\u0173 \u017eaisl\u0173 pasirinkimas.\",\"breadcrumb\":{\"@id\":\"https:\\\/\\\/kidsplay.lt\\\/produktas\\\/woopie-virtuves-kriaukle-vaikams-rozine\\\/#breadcrumb\"},\"inLanguage\":\"lv-LV\",\"potentialAction\":[{\"@type\":\"ReadAction\",\"target\":[\"https:\\\/\\\/kidsplay.lt\\\/produktas\\\/woopie-virtuves-kriaukle-vaikams-rozine\\\/\"]}]},{\"@type\":\"ImageObject\",\"inLanguage\":\"lv-LV\",\"@id\":\"https:\\\/\\\/kidsplay.lt\\\/produktas\\\/woopie-virtuves-kriaukle-vaikams-rozine\\\/#primaryimage\",\"url\":\"https:\\\/\\\/kidsplay.lt\\\/wp-content\\\/uploads\\\/2025\\\/10\\\/WOOPIE-virtuves-kriaukle-vaikams-rozine.jpg\",\"contentUrl\":\"https:\\\/\\\/kidsplay.lt\\\/wp-content\\\/uploads\\\/2025\\\/10\\\/WOOPIE-virtuves-kriaukle-vaikams-rozine.jpg\",\"width\":2500,\"height\":2500,\"caption\":\"WOOPIE virtuv\u0117s kriaukl\u0117 vaikams\"},{\"@type\":\"BreadcrumbList\",\"@id\":\"https:\\\/\\\/kidsplay.lt\\\/produktas\\\/woopie-virtuves-kriaukle-vaikams-rozine\\\/#breadcrumb\",\"itemListElement\":[{\"@type\":\"ListItem\",\"position\":1,\"name\":\"Pagrindinis\",\"item\":\"https:\\\/\\\/kidsplay.lt\\\/\"},{\"@type\":\"ListItem\",\"position\":2,\"name\":\"Parduotuv\u0117\",\"item\":\"https:\\\/\\\/kidsplay.lt\\\/parduotuve\\\/\"},{\"@type\":\"ListItem\",\"position\":3,\"name\":\"WOOPIE virtuv\u0117s kriaukl\u0117 vaikams, ro\u017ein\u0117\"}]},{\"@type\":\"WebSite\",\"@id\":\"https:\\\/\\\/kidsplay.lt\\\/#website\",\"url\":\"https:\\\/\\\/kidsplay.lt\\\/\",\"name\":\"Kidsplay.lt\",\"description\":\"\u012evairios prek\u0117s vaikams\",\"publisher\":{\"@id\":\"https:\\\/\\\/kidsplay.lt\\\/#organization\"},\"alternateName\":\"Kidsplay\",\"potentialAction\":[{\"@type\":\"SearchAction\",\"target\":{\"@type\":\"EntryPoint\",\"urlTemplate\":\"https:\\\/\\\/kidsplay.lt\\\/?s={search_term_string}\"},\"query-input\":{\"@type\":\"PropertyValueSpecification\",\"valueRequired\":true,\"valueName\":\"search_term_string\"}}],\"inLanguage\":\"lv-LV\"},{\"@type\":\"Organization\",\"@id\":\"https:\\\/\\\/kidsplay.lt\\\/#organization\",\"name\":\"KidsPlay\",\"url\":\"https:\\\/\\\/kidsplay.lt\\\/\",\"logo\":{\"@type\":\"ImageObject\",\"inLanguage\":\"lv-LV\",\"@id\":\"https:\\\/\\\/kidsplay.lt\\\/#\\\/schema\\\/logo\\\/image\\\/\",\"url\":\"https:\\\/\\\/kidsplay.lt\\\/wp-content\\\/uploads\\\/2023\\\/07\\\/kidsplay-logo.png\",\"contentUrl\":\"https:\\\/\\\/kidsplay.lt\\\/wp-content\\\/uploads\\\/2023\\\/07\\\/kidsplay-logo.png\",\"width\":451,\"height\":98,\"caption\":\"KidsPlay\"},\"image\":{\"@id\":\"https:\\\/\\\/kidsplay.lt\\\/#\\\/schema\\\/logo\\\/image\\\/\"},\"sameAs\":[\"https:\\\/\\\/www.facebook.com\\\/www.kidsplay.lt\"]}]}<\/script>\n<!-- \/ Yoast SEO plugin. -->","yoast_head_json":{"title":"WOOPIE virtuves izlietne b\u0113rniem, roz\u0101","description":"WOOPIE virtuv\u0117s kriaukl\u0117 vaikams, ro\u017ein\u0117 - KidsPlay. Did\u017eiausias vaik\u0173 \u017eaisl\u0173 pasirinkimas.","robots":{"index":"index","follow":"follow","max-snippet":"max-snippet:-1","max-image-preview":"max-image-preview:large","max-video-preview":"max-video-preview:-1"},"canonical":"https:\/\/kidsplay.lt\/lv\/products\/woopie-virtuves-kriaukle-vaikams-rozine\/","og_locale":"lv_LV","og_type":"article","og_title":"WOOPIE virtuv\u0117s kriaukl\u0117 vaikams, ro\u017ein\u0117","og_description":"WOOPIE virtuv\u0117s kriaukl\u0117 vaikams, ro\u017ein\u0117 - KidsPlay. Did\u017eiausias vaik\u0173 \u017eaisl\u0173 pasirinkimas.","og_url":"https:\/\/kidsplay.lt\/lv\/products\/woopie-virtuves-kriaukle-vaikams-rozine\/","og_site_name":"KidsPlay","article_publisher":"https:\/\/www.facebook.com\/www.kidsplay.lt","article_modified_time":"2026-04-13T11:31:04+00:00","og_image":[{"width":2500,"height":2500,"url":"https:\/\/kidsplay.lt\/wp-content\/uploads\/2025\/10\/WOOPIE-virtuves-kriaukle-vaikams-rozine.jpg","type":"image\/jpeg"}],"twitter_card":"summary_large_image","twitter_misc":{"Est. reading time":"1 min\u016bte"},"schema":{"@context":"https:\/\/schema.org","@graph":[{"@type":"WebPage","@id":"https:\/\/kidsplay.lt\/produktas\/woopie-virtuves-kriaukle-vaikams-rozine\/","url":"https:\/\/kidsplay.lt\/produktas\/woopie-virtuves-kriaukle-vaikams-rozine\/","name":"WOOPIE virtuves izlietne b\u0113rniem, roz\u0101","isPartOf":{"@id":"https:\/\/kidsplay.lt\/#website"},"primaryImageOfPage":{"@id":"https:\/\/kidsplay.lt\/produktas\/woopie-virtuves-kriaukle-vaikams-rozine\/#primaryimage"},"image":{"@id":"https:\/\/kidsplay.lt\/produktas\/woopie-virtuves-kriaukle-vaikams-rozine\/#primaryimage"},"thumbnailUrl":"https:\/\/kidsplay.lt\/wp-content\/uploads\/2025\/10\/WOOPIE-virtuves-kriaukle-vaikams-rozine.jpg","datePublished":"2025-10-26T10:47:19+00:00","dateModified":"2026-04-13T11:31:04+00:00","description":"WOOPIE virtuv\u0117s kriaukl\u0117 vaikams, ro\u017ein\u0117 - KidsPlay. Did\u017eiausias vaik\u0173 \u017eaisl\u0173 pasirinkimas.","breadcrumb":{"@id":"https:\/\/kidsplay.lt\/produktas\/woopie-virtuves-kriaukle-vaikams-rozine\/#breadcrumb"},"inLanguage":"lv-LV","potentialAction":[{"@type":"ReadAction","target":["https:\/\/kidsplay.lt\/produktas\/woopie-virtuves-kriaukle-vaikams-rozine\/"]}]},{"@type":"ImageObject","inLanguage":"lv-LV","@id":"https:\/\/kidsplay.lt\/produktas\/woopie-virtuves-kriaukle-vaikams-rozine\/#primaryimage","url":"https:\/\/kidsplay.lt\/wp-content\/uploads\/2025\/10\/WOOPIE-virtuves-kriaukle-vaikams-rozine.jpg","contentUrl":"https:\/\/kidsplay.lt\/wp-content\/uploads\/2025\/10\/WOOPIE-virtuves-kriaukle-vaikams-rozine.jpg","width":2500,"height":2500,"caption":"WOOPIE virtuv\u0117s kriaukl\u0117 vaikams"},{"@type":"BreadcrumbList","@id":"https:\/\/kidsplay.lt\/produktas\/woopie-virtuves-kriaukle-vaikams-rozine\/#breadcrumb","itemListElement":[{"@type":"ListItem","position":1,"name":"Pagrindinis","item":"https:\/\/kidsplay.lt\/"},{"@type":"ListItem","position":2,"name":"Parduotuv\u0117","item":"https:\/\/kidsplay.lt\/parduotuve\/"},{"@type":"ListItem","position":3,"name":"WOOPIE virtuv\u0117s kriaukl\u0117 vaikams, ro\u017ein\u0117"}]},{"@type":"WebSite","@id":"https:\/\/kidsplay.lt\/#website","url":"https:\/\/kidsplay.lt\/","name":"B\u0113rnu sp\u0113les.lv","description":"\u012evairios prek\u0117s vaikams","publisher":{"@id":"https:\/\/kidsplay.lt\/#organization"},"alternateName":"Kidsplay","potentialAction":[{"@type":"SearchAction","target":{"@type":"EntryPoint","urlTemplate":"https:\/\/kidsplay.lt\/?s={search_term_string}"},"query-input":{"@type":"PropertyValueSpecification","valueRequired":true,"valueName":"search_term_string"}}],"inLanguage":"lv-LV"},{"@type":"Organization","@id":"https:\/\/kidsplay.lt\/#organization","name":"B\u0113rnu sp\u0113le","url":"https:\/\/kidsplay.lt\/","logo":{"@type":"ImageObject","inLanguage":"lv-LV","@id":"https:\/\/kidsplay.lt\/#\/schema\/logo\/image\/","url":"https:\/\/kidsplay.lt\/wp-content\/uploads\/2023\/07\/kidsplay-logo.png","contentUrl":"https:\/\/kidsplay.lt\/wp-content\/uploads\/2023\/07\/kidsplay-logo.png","width":451,"height":98,"caption":"KidsPlay"},"image":{"@id":"https:\/\/kidsplay.lt\/#\/schema\/logo\/image\/"},"sameAs":["https:\/\/www.facebook.com\/www.kidsplay.lt"]}]}},"_links":{"self":[{"href":"https:\/\/kidsplay.lt\/lv\/wp-json\/wp\/v2\/product\/78108","targetHints":{"allow":["GET"]}}],"collection":[{"href":"https:\/\/kidsplay.lt\/lv\/wp-json\/wp\/v2\/product"}],"about":[{"href":"https:\/\/kidsplay.lt\/lv\/wp-json\/wp\/v2\/types\/product"}],"version-history":[{"count":1,"href":"https:\/\/kidsplay.lt\/lv\/wp-json\/wp\/v2\/product\/78108\/revisions"}],"predecessor-version":[{"id":78109,"href":"https:\/\/kidsplay.lt\/lv\/wp-json\/wp\/v2\/product\/78108\/revisions\/78109"}],"wp:featuredmedia":[{"embeddable":true,"href":"https:\/\/kidsplay.lt\/lv\/wp-json\/wp\/v2\/media\/78110"}],"wp:attachment":[{"href":"https:\/\/kidsplay.lt\/lv\/wp-json\/wp\/v2\/media?parent=78108"}],"wp:term":[{"taxonomy":"product_brand","embeddable":true,"href":"https:\/\/kidsplay.lt\/lv\/wp-json\/wp\/v2\/product_brand?post=78108"},{"taxonomy":"product_cat","embeddable":true,"href":"https:\/\/kidsplay.lt\/lv\/wp-json\/wp\/v2\/product_cat?post=78108"},{"taxonomy":"product_tag","embeddable":true,"href":"https:\/\/kidsplay.lt\/lv\/wp-json\/wp\/v2\/product_tag?post=78108"}],"curies":[{"name":"wp","href":"https:\/\/api.w.org\/{rel}","templated":true}]}}