{"id":78113,"date":"2025-10-26T12:48:07","date_gmt":"2025-10-26T10:48:07","guid":{"rendered":"https:\/\/kidsplay.lt\/produktas\/smoby-gamtos-namelis-su-virtuvele-17-priedu\/"},"modified":"2026-04-07T10:10:53","modified_gmt":"2026-04-07T07:10:53","slug":"smoby-gamtos-namelis-su-virtuvele-17-priedu","status":"publish","type":"product","link":"https:\/\/kidsplay.lt\/lv\/products\/smoby-gamtos-namelis-su-virtuvele-17-priedu\/","title":{"rendered":"\u201eSmoby dabas m\u0101ji\u0146a ar virtuv\u012bti + 17 aksesu\u0101riem"},"content":{"rendered":"<p>\u201eSmoby Nature\u201c sodo \u017eaidim\u0173 namelis su virtuve\u00a0\u2013 puiki vieta \u017eaidimams lauke. D\u0117l erdvaus dizaino vaikai gali pasikviesti draugus ir m\u0117gautis \u017eaidimais kartu sode. Prislopintos spalvos puikiai tinka bet kokiai erdvei ir sukuria harmoning\u0105 atmosfer\u0105 j\u016bs\u0173 sode.<br \/>\nRakstur\u012bgs:<\/p>\n<p> \t\u00a0&#8211;\u00a0Am\u017eius:2 metai<br \/>\n \t\u00a0&#8211;\u00a0ANTI-UV danga\u2013 apsauga nuo spalvos blukimo.<br \/>\n \t\u00a0&#8211;\u00a0Mini virtuv\u0117l\u0117su griliu, kriaukle (netikru) irvirtuv\u0117spried\u0173(stiklin\u0117s, l\u0117k\u0161t\u0117s, stalo \u012frankiai, puodas, de\u0161rel\u0117s).<br \/>\n \t\u00a0&#8211;\u00a0Dekoratyvinis reljefas\u2013 stogo \u010derpi\u0173, med\u017eio, plyt\u0173 imitacijos, taip pat g\u0117li\u0173 ir gyv\u016bn\u0173 motyvai.<br \/>\n \t\u00a0&#8211;\u00a0Ekologi\u0161ka \u201eSmoby Life\u201c linija\u201357 %med\u017eiagos yra perdirbta.<\/p>\n<p>Namams tinkami aksesuarai\u00a0:<\/p>\n<p> \t\u00a0&#8211;\u00a0grindys\u00a0(810907),<br \/>\n \t\u00a0&#8211;\u00a0sm\u0117lio d\u0117\u017e\u0117\u00a0(850208).<br \/>\n \tDerantys priedai:<br \/>\n \t&#8211;\u00a0oro s\u0105lyg\u0173 rinkinys\u00a0(810922),<br \/>\n \t&#8211;\u00a0g\u0117li\u0173 vazonas\u00a0(810915),<br \/>\n \t&#8211;\u00a0purk\u0161tuvas\u00a0(810914),<br \/>\n \t&#8211;\u00a0varpas\u00a0(810917).<\/p>\n<p>Rota\u013clieta att\u012bst\u0101s:<\/p>\n<p> \t\u00a0&#8211;\u00a0K\u016brybi\u0161kumas ir vaizduot\u0117\u2013 vaikai gali vaidinti \u012fvairius scenarijus, lavindami savo vaizduot\u0119.<br \/>\n \t\u00a0&#8211;\u00a0Socialiniai \u012fg\u016bd\u017eiai\u2013 galimyb\u0117 \u017eaisti kartu su broliais ir seserimis bei draugais moko bendradarbiavimo ir bendravimo.<br \/>\n \t\u00a0&#8211;\u00a0Savaranki\u0161kumas\u2013 vaikai i\u0161moksta patys organizuoti savo erdv\u0119 ir priimti pirmuosius sprendimus.<br \/>\n \t\u00a0&#8211;\u00a0Fizinis aktyvumas\u2013 \u017eaidimai namuose skatina jud\u0117jim\u0105 ir laiko praleidim\u0105 lauke.<\/p>","protected":false},"excerpt":{"rendered":"<p>\u201eSmoby Nature\u201c sodo \u017eaidim\u0173 namelis su virtuve\u00a0\u2013 puiki vieta \u017eaidimams lauke. D\u0117l erdvaus dizaino vaikai gali pasikviesti draugus ir m\u0117gautis<\/p>","protected":false},"featured_media":78115,"template":"","meta":{"_acf_changed":false,"_glsr_average":0,"_glsr_ranking":0,"_glsr_reviews":0},"product_brand":[],"product_cat":[233,234],"product_tag":[],"class_list":{"0":"post-78113","1":"product","2":"type-product","3":"status-publish","4":"has-post-thumbnail","6":"product_cat-lauko-pramogos","7":"product_cat-vaikiski-nameliai","8":"\"style=\"background-color: #2ecc711c;\"","10":"first","11":"instock","12":"purchasable","13":"product-type-simple"},"acf":[],"yoast_head":"<!-- This site is optimized with the Yoast SEO plugin v27.3 - https:\/\/yoast.com\/product\/yoast-seo-wordpress\/ -->\n<title>\u201eSmoby\u201c gamtos namelis su virtuv\u0117le + 17 pried\u0173<\/title>\n<meta name=\"description\" content=\"\u201eSmoby\u201c gamtos namelis su virtuv\u0117le + 17 pried\u0173 - KidsPlay. Did\u017eiausias vaik\u0173 \u017eaisl\u0173 pasirinkimas.\" \/>\n<meta name=\"robots\" content=\"index, follow, max-snippet:-1, max-image-preview:large, max-video-preview:-1\" \/>\n<link rel=\"canonical\" href=\"https:\/\/kidsplay.lt\/lv\/products\/smoby-gamtos-namelis-su-virtuvele-17-priedu\/\" \/>\n<meta property=\"og:locale\" content=\"lv_LV\" \/>\n<meta property=\"og:type\" content=\"article\" \/>\n<meta property=\"og:title\" content=\"\u201eSmoby\u201c gamtos namelis su virtuv\u0117le + 17 pried\u0173\" \/>\n<meta property=\"og:description\" content=\"\u201eSmoby\u201c gamtos namelis su virtuv\u0117le + 17 pried\u0173 - KidsPlay. Did\u017eiausias vaik\u0173 \u017eaisl\u0173 pasirinkimas.\" \/>\n<meta property=\"og:url\" content=\"https:\/\/kidsplay.lt\/lv\/products\/smoby-gamtos-namelis-su-virtuvele-17-priedu\/\" \/>\n<meta property=\"og:site_name\" content=\"KidsPlay\" \/>\n<meta property=\"article:publisher\" content=\"https:\/\/www.facebook.com\/www.kidsplay.lt\" \/>\n<meta property=\"article:modified_time\" content=\"2026-04-07T07:10:53+00:00\" \/>\n<meta property=\"og:image\" content=\"https:\/\/kidsplay.lt\/wp-content\/uploads\/2025\/10\/\u201eSmoby-gamtos-namelis-su-virtuvele-17-priedu.jpg\" \/>\n\t<meta property=\"og:image:width\" content=\"2362\" \/>\n\t<meta property=\"og:image:height\" content=\"2362\" \/>\n\t<meta property=\"og:image:type\" content=\"image\/jpeg\" \/>\n<meta name=\"twitter:card\" content=\"summary_large_image\" \/>\n<meta name=\"twitter:label1\" content=\"Est. reading time\" \/>\n\t<meta name=\"twitter:data1\" content=\"1 min\u016bte\" \/>\n<script type=\"application\/ld+json\" class=\"yoast-schema-graph\">{\"@context\":\"https:\\\/\\\/schema.org\",\"@graph\":[{\"@type\":\"WebPage\",\"@id\":\"https:\\\/\\\/kidsplay.lt\\\/produktas\\\/smoby-gamtos-namelis-su-virtuvele-17-priedu\\\/\",\"url\":\"https:\\\/\\\/kidsplay.lt\\\/produktas\\\/smoby-gamtos-namelis-su-virtuvele-17-priedu\\\/\",\"name\":\"\u201eSmoby\u201c gamtos namelis su virtuv\u0117le + 17 pried\u0173\",\"isPartOf\":{\"@id\":\"https:\\\/\\\/kidsplay.lt\\\/#website\"},\"primaryImageOfPage\":{\"@id\":\"https:\\\/\\\/kidsplay.lt\\\/produktas\\\/smoby-gamtos-namelis-su-virtuvele-17-priedu\\\/#primaryimage\"},\"image\":{\"@id\":\"https:\\\/\\\/kidsplay.lt\\\/produktas\\\/smoby-gamtos-namelis-su-virtuvele-17-priedu\\\/#primaryimage\"},\"thumbnailUrl\":\"https:\\\/\\\/kidsplay.lt\\\/wp-content\\\/uploads\\\/2025\\\/10\\\/\u201eSmoby-gamtos-namelis-su-virtuvele-17-priedu.jpg\",\"datePublished\":\"2025-10-26T10:48:07+00:00\",\"dateModified\":\"2026-04-07T07:10:53+00:00\",\"description\":\"\u201eSmoby\u201c gamtos namelis su virtuv\u0117le + 17 pried\u0173 - KidsPlay. Did\u017eiausias vaik\u0173 \u017eaisl\u0173 pasirinkimas.\",\"breadcrumb\":{\"@id\":\"https:\\\/\\\/kidsplay.lt\\\/produktas\\\/smoby-gamtos-namelis-su-virtuvele-17-priedu\\\/#breadcrumb\"},\"inLanguage\":\"lv-LV\",\"potentialAction\":[{\"@type\":\"ReadAction\",\"target\":[\"https:\\\/\\\/kidsplay.lt\\\/produktas\\\/smoby-gamtos-namelis-su-virtuvele-17-priedu\\\/\"]}]},{\"@type\":\"ImageObject\",\"inLanguage\":\"lv-LV\",\"@id\":\"https:\\\/\\\/kidsplay.lt\\\/produktas\\\/smoby-gamtos-namelis-su-virtuvele-17-priedu\\\/#primaryimage\",\"url\":\"https:\\\/\\\/kidsplay.lt\\\/wp-content\\\/uploads\\\/2025\\\/10\\\/\u201eSmoby-gamtos-namelis-su-virtuvele-17-priedu.jpg\",\"contentUrl\":\"https:\\\/\\\/kidsplay.lt\\\/wp-content\\\/uploads\\\/2025\\\/10\\\/\u201eSmoby-gamtos-namelis-su-virtuvele-17-priedu.jpg\",\"width\":2362,\"height\":2362,\"caption\":\"\u201eSmoby\u201c gamtos namelis su virtuv\u0117le + 17 pried\u0173\"},{\"@type\":\"BreadcrumbList\",\"@id\":\"https:\\\/\\\/kidsplay.lt\\\/produktas\\\/smoby-gamtos-namelis-su-virtuvele-17-priedu\\\/#breadcrumb\",\"itemListElement\":[{\"@type\":\"ListItem\",\"position\":1,\"name\":\"Pagrindinis\",\"item\":\"https:\\\/\\\/kidsplay.lt\\\/\"},{\"@type\":\"ListItem\",\"position\":2,\"name\":\"Parduotuv\u0117\",\"item\":\"https:\\\/\\\/kidsplay.lt\\\/parduotuve\\\/\"},{\"@type\":\"ListItem\",\"position\":3,\"name\":\"\u201eSmoby\u201c gamtos namelis su virtuv\u0117le + 17 pried\u0173\"}]},{\"@type\":\"WebSite\",\"@id\":\"https:\\\/\\\/kidsplay.lt\\\/#website\",\"url\":\"https:\\\/\\\/kidsplay.lt\\\/\",\"name\":\"Kidsplay.lt\",\"description\":\"\u012evairios prek\u0117s vaikams\",\"publisher\":{\"@id\":\"https:\\\/\\\/kidsplay.lt\\\/#organization\"},\"alternateName\":\"Kidsplay\",\"potentialAction\":[{\"@type\":\"SearchAction\",\"target\":{\"@type\":\"EntryPoint\",\"urlTemplate\":\"https:\\\/\\\/kidsplay.lt\\\/?s={search_term_string}\"},\"query-input\":{\"@type\":\"PropertyValueSpecification\",\"valueRequired\":true,\"valueName\":\"search_term_string\"}}],\"inLanguage\":\"lv-LV\"},{\"@type\":\"Organization\",\"@id\":\"https:\\\/\\\/kidsplay.lt\\\/#organization\",\"name\":\"KidsPlay\",\"url\":\"https:\\\/\\\/kidsplay.lt\\\/\",\"logo\":{\"@type\":\"ImageObject\",\"inLanguage\":\"lv-LV\",\"@id\":\"https:\\\/\\\/kidsplay.lt\\\/#\\\/schema\\\/logo\\\/image\\\/\",\"url\":\"https:\\\/\\\/kidsplay.lt\\\/wp-content\\\/uploads\\\/2023\\\/07\\\/kidsplay-logo.png\",\"contentUrl\":\"https:\\\/\\\/kidsplay.lt\\\/wp-content\\\/uploads\\\/2023\\\/07\\\/kidsplay-logo.png\",\"width\":451,\"height\":98,\"caption\":\"KidsPlay\"},\"image\":{\"@id\":\"https:\\\/\\\/kidsplay.lt\\\/#\\\/schema\\\/logo\\\/image\\\/\"},\"sameAs\":[\"https:\\\/\\\/www.facebook.com\\\/www.kidsplay.lt\"]}]}<\/script>\n<!-- \/ Yoast SEO plugin. -->","yoast_head_json":{"title":"\u201eSmoby dabas m\u0101ji\u0146a ar virtuv\u012bti + 17 aksesu\u0101riem","description":"\u201eSmoby\u201c gamtos namelis su virtuv\u0117le + 17 pried\u0173 - KidsPlay. Did\u017eiausias vaik\u0173 \u017eaisl\u0173 pasirinkimas.","robots":{"index":"index","follow":"follow","max-snippet":"max-snippet:-1","max-image-preview":"max-image-preview:large","max-video-preview":"max-video-preview:-1"},"canonical":"https:\/\/kidsplay.lt\/lv\/products\/smoby-gamtos-namelis-su-virtuvele-17-priedu\/","og_locale":"lv_LV","og_type":"article","og_title":"\u201eSmoby\u201c gamtos namelis su virtuv\u0117le + 17 pried\u0173","og_description":"\u201eSmoby\u201c gamtos namelis su virtuv\u0117le + 17 pried\u0173 - KidsPlay. Did\u017eiausias vaik\u0173 \u017eaisl\u0173 pasirinkimas.","og_url":"https:\/\/kidsplay.lt\/lv\/products\/smoby-gamtos-namelis-su-virtuvele-17-priedu\/","og_site_name":"KidsPlay","article_publisher":"https:\/\/www.facebook.com\/www.kidsplay.lt","article_modified_time":"2026-04-07T07:10:53+00:00","og_image":[{"width":2362,"height":2362,"url":"https:\/\/kidsplay.lt\/wp-content\/uploads\/2025\/10\/\u201eSmoby-gamtos-namelis-su-virtuvele-17-priedu.jpg","type":"image\/jpeg"}],"twitter_card":"summary_large_image","twitter_misc":{"Est. reading time":"1 min\u016bte"},"schema":{"@context":"https:\/\/schema.org","@graph":[{"@type":"WebPage","@id":"https:\/\/kidsplay.lt\/produktas\/smoby-gamtos-namelis-su-virtuvele-17-priedu\/","url":"https:\/\/kidsplay.lt\/produktas\/smoby-gamtos-namelis-su-virtuvele-17-priedu\/","name":"\u201eSmoby dabas m\u0101ji\u0146a ar virtuv\u012bti + 17 aksesu\u0101riem","isPartOf":{"@id":"https:\/\/kidsplay.lt\/#website"},"primaryImageOfPage":{"@id":"https:\/\/kidsplay.lt\/produktas\/smoby-gamtos-namelis-su-virtuvele-17-priedu\/#primaryimage"},"image":{"@id":"https:\/\/kidsplay.lt\/produktas\/smoby-gamtos-namelis-su-virtuvele-17-priedu\/#primaryimage"},"thumbnailUrl":"https:\/\/kidsplay.lt\/wp-content\/uploads\/2025\/10\/\u201eSmoby-gamtos-namelis-su-virtuvele-17-priedu.jpg","datePublished":"2025-10-26T10:48:07+00:00","dateModified":"2026-04-07T07:10:53+00:00","description":"\u201eSmoby\u201c gamtos namelis su virtuv\u0117le + 17 pried\u0173 - KidsPlay. Did\u017eiausias vaik\u0173 \u017eaisl\u0173 pasirinkimas.","breadcrumb":{"@id":"https:\/\/kidsplay.lt\/produktas\/smoby-gamtos-namelis-su-virtuvele-17-priedu\/#breadcrumb"},"inLanguage":"lv-LV","potentialAction":[{"@type":"ReadAction","target":["https:\/\/kidsplay.lt\/produktas\/smoby-gamtos-namelis-su-virtuvele-17-priedu\/"]}]},{"@type":"ImageObject","inLanguage":"lv-LV","@id":"https:\/\/kidsplay.lt\/produktas\/smoby-gamtos-namelis-su-virtuvele-17-priedu\/#primaryimage","url":"https:\/\/kidsplay.lt\/wp-content\/uploads\/2025\/10\/\u201eSmoby-gamtos-namelis-su-virtuvele-17-priedu.jpg","contentUrl":"https:\/\/kidsplay.lt\/wp-content\/uploads\/2025\/10\/\u201eSmoby-gamtos-namelis-su-virtuvele-17-priedu.jpg","width":2362,"height":2362,"caption":"\u201eSmoby\u201c gamtos namelis su virtuv\u0117le + 17 pried\u0173"},{"@type":"BreadcrumbList","@id":"https:\/\/kidsplay.lt\/produktas\/smoby-gamtos-namelis-su-virtuvele-17-priedu\/#breadcrumb","itemListElement":[{"@type":"ListItem","position":1,"name":"Pagrindinis","item":"https:\/\/kidsplay.lt\/"},{"@type":"ListItem","position":2,"name":"Parduotuv\u0117","item":"https:\/\/kidsplay.lt\/parduotuve\/"},{"@type":"ListItem","position":3,"name":"\u201eSmoby\u201c gamtos namelis su virtuv\u0117le + 17 pried\u0173"}]},{"@type":"WebSite","@id":"https:\/\/kidsplay.lt\/#website","url":"https:\/\/kidsplay.lt\/","name":"B\u0113rnu sp\u0113les.lv","description":"\u012evairios prek\u0117s vaikams","publisher":{"@id":"https:\/\/kidsplay.lt\/#organization"},"alternateName":"Kidsplay","potentialAction":[{"@type":"SearchAction","target":{"@type":"EntryPoint","urlTemplate":"https:\/\/kidsplay.lt\/?s={search_term_string}"},"query-input":{"@type":"PropertyValueSpecification","valueRequired":true,"valueName":"search_term_string"}}],"inLanguage":"lv-LV"},{"@type":"Organization","@id":"https:\/\/kidsplay.lt\/#organization","name":"B\u0113rnu sp\u0113le","url":"https:\/\/kidsplay.lt\/","logo":{"@type":"ImageObject","inLanguage":"lv-LV","@id":"https:\/\/kidsplay.lt\/#\/schema\/logo\/image\/","url":"https:\/\/kidsplay.lt\/wp-content\/uploads\/2023\/07\/kidsplay-logo.png","contentUrl":"https:\/\/kidsplay.lt\/wp-content\/uploads\/2023\/07\/kidsplay-logo.png","width":451,"height":98,"caption":"KidsPlay"},"image":{"@id":"https:\/\/kidsplay.lt\/#\/schema\/logo\/image\/"},"sameAs":["https:\/\/www.facebook.com\/www.kidsplay.lt"]}]}},"_links":{"self":[{"href":"https:\/\/kidsplay.lt\/lv\/wp-json\/wp\/v2\/product\/78113","targetHints":{"allow":["GET"]}}],"collection":[{"href":"https:\/\/kidsplay.lt\/lv\/wp-json\/wp\/v2\/product"}],"about":[{"href":"https:\/\/kidsplay.lt\/lv\/wp-json\/wp\/v2\/types\/product"}],"version-history":[{"count":1,"href":"https:\/\/kidsplay.lt\/lv\/wp-json\/wp\/v2\/product\/78113\/revisions"}],"predecessor-version":[{"id":78114,"href":"https:\/\/kidsplay.lt\/lv\/wp-json\/wp\/v2\/product\/78113\/revisions\/78114"}],"wp:featuredmedia":[{"embeddable":true,"href":"https:\/\/kidsplay.lt\/lv\/wp-json\/wp\/v2\/media\/78115"}],"wp:attachment":[{"href":"https:\/\/kidsplay.lt\/lv\/wp-json\/wp\/v2\/media?parent=78113"}],"wp:term":[{"taxonomy":"product_brand","embeddable":true,"href":"https:\/\/kidsplay.lt\/lv\/wp-json\/wp\/v2\/product_brand?post=78113"},{"taxonomy":"product_cat","embeddable":true,"href":"https:\/\/kidsplay.lt\/lv\/wp-json\/wp\/v2\/product_cat?post=78113"},{"taxonomy":"product_tag","embeddable":true,"href":"https:\/\/kidsplay.lt\/lv\/wp-json\/wp\/v2\/product_tag?post=78113"}],"curies":[{"name":"wp","href":"https:\/\/api.w.org\/{rel}","templated":true}]}}