{"id":78128,"date":"2025-10-26T12:55:31","date_gmt":"2025-10-26T10:55:31","guid":{"rendered":"https:\/\/kidsplay.lt\/produktas\/woopie-medicinos-rinkinys-lagamine-su-sviesos-ir-garso-efektais\/"},"modified":"2026-04-13T14:34:35","modified_gmt":"2026-04-13T11:34:35","slug":"woopie-medicinos-rinkinys-lagamine-su-sviesos-ir-garso-efektais","status":"publish","type":"product","link":"https:\/\/kidsplay.lt\/lv\/products\/woopie-medicinos-rinkinys-lagamine-su-sviesos-ir-garso-efektais\/","title":{"rendered":"WOOPIE medic\u012bnas komplekts kofer\u012b ar gaismas un ska\u0146as efektiem"},"content":{"rendered":"<p>\u201e Woopie\u00a0\u201c\u00a0ma\u017eojo gydytojo rinkinys\u00a0\u2013 kiekvieno ma\u017eo vaiko, norin\u010dio tapti gydytoju, svajon\u0117! Rinkin\u012f sudaro daugyb\u0117 gydymo priemoni\u0173, \u012fskaitant\u00a0stetoskop\u0105\u00a0,\u00a0kraujosp\u016bd\u017eio matuokl\u012f\u00a0,\u00a0termometr\u0105\u00a0ir daugyb\u0119 kit\u0173 pried\u0173. Kiekvienas rinkinys turi\u00a0speciali\u0105 funkcij\u0105\u00a0, kuri leis j\u016bs\u0173 vaikui pasijusti\u00a0tikru gydytoju\u00a0. Stetoskopas turi\u00a0pla\u010dias\u00a0,\u00a0patogias\u00a0ausines ir\u00a0\u0161viesel\u0119\u00a0, kuri\u00a0pulsuoja tyrimo metu ir\u00a0skleid\u017eia\u00a0\u0161irdies plakimo gars\u0105.\u00a0Kraujosp\u016bd\u017eio matuoklis\u00a0rodo tris matavimus ir turi\u00a0ap\u0161vie\u010diam\u0105 ekran\u0105\u00a0.\u00a0Termometras\u00a0rodo vien\u0105 i\u0161 trij\u0173 temperat\u016br\u0173 (reguliuojama ratuku) ir\u00a0pary\u0161kina rezultat\u0105\u00a0, o otoskopas ir rankinis veidrod\u0117lis turi\u00a0\u0161vieseles\u00a0. Visa tai supakuota patogiame\u00a0ne\u0161iojimo\u00a0d\u0117kle\u00a0su rankena. Vaikai gali\u00a0i\u0161laisvinti savo vaizduot\u0119\u00a0ir prisiimti gydytojo ar paciento vaidmen\u012f!<\/p>\n<p>Rakstur\u012bgs:<\/p>\n<p> \t&#8211; vaikams\u00a0nuo 3 met\u0173 am\u017eiaus<br \/>\n \t&#8211; \u017eaisti\u00a0\u201edaktar\u0105\u201c\u00a0&#8211;\u00a0vaidmen\u0173 \u017eaidimas<br \/>\n \t&#8211; patogi rankena\u00a0lengvam ne\u0161iojimui<br \/>\n \t&#8211; lagamino funkcija\u00a0&#8211; visus priedus galima patogiai laikyti<br \/>\n \t&#8211; prietaisai\u00a0tinka vaiko rankai\u00a0&#8211; ilgis apie\u00a011\u201312 cm<br \/>\n \t&#8211; gra\u017eios turkio ir raudonos spalvos<br \/>\n \t&#8211; pagaminta i\u0161\u00a0auk\u0161tos kokyb\u0117s med\u017eiag\u0173,\u00a0saugi\u0173 vaikams<br \/>\n \t&#8211; maitinimo \u0161altinis: 2 x AG13 ir 8 x AG10 baterijos (pridedamos)<\/p>\n<p>Komplekt\u0101 ietilpst:<\/p>\n<p> \t&#8211; stetoskopas<br \/>\n \t&#8211; kraujosp\u016bd\u017eio matuoklis<br \/>\n \t&#8211; termometras<br \/>\n \t&#8211; otoskopas<br \/>\n \t&#8211; \u201eveidrodis\u201c<br \/>\n \t&#8211; plastikin\u0117 paciento kortel\u0117<br \/>\n \t&#8211; medicininiai akiniai<br \/>\n \t&#8211; plaktukas<br \/>\n \t&#8211; tablet\u0117s<br \/>\n \t&#8211; lagaminas<\/p>\n<p>Rota\u013clieta att\u012bst\u0101s:<\/p>\n<p> \t&#8211; vaizduot\u0119 ir k\u016brybi\u0161kum\u0105<br \/>\n \t&#8211; empatija ir r\u016bpestis kitais<br \/>\n \t&#8211; socialiniai \u012fg\u016bd\u017eiai ir vaidmen\u0173 \u017eaidimai<br \/>\n \t&#8211; padeda \u012fveikti baim\u0119 lankytis pas gydytoj\u0105<\/p>","protected":false},"excerpt":{"rendered":"<p>\u201e Woopie\u00a0\u201c\u00a0ma\u017eojo gydytojo rinkinys\u00a0\u2013 kiekvieno ma\u017eo vaiko, norin\u010dio tapti gydytoju, svajon\u0117! Rinkin\u012f sudaro daugyb\u0117 gydymo priemoni\u0173, \u012fskaitant\u00a0stetoskop\u0105\u00a0,\u00a0kraujosp\u016bd\u017eio matuokl\u012f\u00a0,\u00a0termometr\u0105\u00a0ir daugyb\u0119 kit\u0173<\/p>","protected":false},"featured_media":56494,"template":"","meta":{"_acf_changed":false,"_glsr_average":0,"_glsr_ranking":0,"_glsr_reviews":0},"product_brand":[],"product_cat":[904,399,229],"product_tag":[],"class_list":{"0":"post-78128","1":"product","2":"type-product","3":"status-publish","4":"has-post-thumbnail","6":"product_cat-gydytojai","7":"product_cat-vaidmenu-zaidimai-2","8":"product_cat-zaislai-vaikams","9":"\"style=\"background-color: #2ecc711c;\"","11":"first","12":"instock","13":"purchasable","14":"product-type-simple"},"acf":[],"yoast_head":"<!-- This site is optimized with the Yoast SEO plugin v27.4 - https:\/\/yoast.com\/product\/yoast-seo-wordpress\/ -->\n<title>WOOPIE medicinos rinkinys lagamine su \u0161viesos ir garso efektais<\/title>\n<meta name=\"description\" content=\"WOOPIE medicinos rinkinys lagamine su \u0161viesos ir garso efektais - KidsPlay. Did\u017eiausias vaik\u0173 \u017eaisl\u0173 pasirinkimas.\" \/>\n<meta name=\"robots\" content=\"index, follow, max-snippet:-1, max-image-preview:large, max-video-preview:-1\" \/>\n<link rel=\"canonical\" href=\"https:\/\/kidsplay.lt\/lv\/products\/woopie-medicinos-rinkinys-lagamine-su-sviesos-ir-garso-efektais\/\" \/>\n<meta property=\"og:locale\" content=\"lv_LV\" \/>\n<meta property=\"og:type\" content=\"article\" \/>\n<meta property=\"og:title\" content=\"WOOPIE medicinos rinkinys lagamine su \u0161viesos ir garso efektais\" \/>\n<meta property=\"og:description\" content=\"WOOPIE medicinos rinkinys lagamine su \u0161viesos ir garso efektais - KidsPlay. Did\u017eiausias vaik\u0173 \u017eaisl\u0173 pasirinkimas.\" \/>\n<meta property=\"og:url\" content=\"https:\/\/kidsplay.lt\/lv\/products\/woopie-medicinos-rinkinys-lagamine-su-sviesos-ir-garso-efektais\/\" \/>\n<meta property=\"og:site_name\" content=\"KidsPlay\" \/>\n<meta property=\"article:publisher\" content=\"https:\/\/www.facebook.com\/www.kidsplay.lt\" \/>\n<meta property=\"article:modified_time\" content=\"2026-04-13T11:34:35+00:00\" \/>\n<meta property=\"og:image\" content=\"https:\/\/kidsplay.lt\/wp-content\/uploads\/2024\/09\/Daktaras-lagaminu-Sviesus-garsas-priedai.jpg\" \/>\n\t<meta property=\"og:image:width\" content=\"2560\" \/>\n\t<meta property=\"og:image:height\" content=\"2500\" \/>\n\t<meta property=\"og:image:type\" content=\"image\/jpeg\" \/>\n<meta name=\"twitter:card\" content=\"summary_large_image\" \/>\n<meta name=\"twitter:label1\" content=\"Est. reading time\" \/>\n\t<meta name=\"twitter:data1\" content=\"1 min\u016bte\" \/>\n<script type=\"application\/ld+json\" class=\"yoast-schema-graph\">{\"@context\":\"https:\\\/\\\/schema.org\",\"@graph\":[{\"@type\":\"WebPage\",\"@id\":\"https:\\\/\\\/kidsplay.lt\\\/produktas\\\/woopie-medicinos-rinkinys-lagamine-su-sviesos-ir-garso-efektais\\\/\",\"url\":\"https:\\\/\\\/kidsplay.lt\\\/produktas\\\/woopie-medicinos-rinkinys-lagamine-su-sviesos-ir-garso-efektais\\\/\",\"name\":\"WOOPIE medicinos rinkinys lagamine su \u0161viesos ir garso efektais\",\"isPartOf\":{\"@id\":\"https:\\\/\\\/kidsplay.lt\\\/#website\"},\"primaryImageOfPage\":{\"@id\":\"https:\\\/\\\/kidsplay.lt\\\/produktas\\\/woopie-medicinos-rinkinys-lagamine-su-sviesos-ir-garso-efektais\\\/#primaryimage\"},\"image\":{\"@id\":\"https:\\\/\\\/kidsplay.lt\\\/produktas\\\/woopie-medicinos-rinkinys-lagamine-su-sviesos-ir-garso-efektais\\\/#primaryimage\"},\"thumbnailUrl\":\"https:\\\/\\\/kidsplay.lt\\\/wp-content\\\/uploads\\\/2024\\\/09\\\/Daktaras-lagaminu-Sviesus-garsas-priedai.jpg\",\"datePublished\":\"2025-10-26T10:55:31+00:00\",\"dateModified\":\"2026-04-13T11:34:35+00:00\",\"description\":\"WOOPIE medicinos rinkinys lagamine su \u0161viesos ir garso efektais - KidsPlay. Did\u017eiausias vaik\u0173 \u017eaisl\u0173 pasirinkimas.\",\"breadcrumb\":{\"@id\":\"https:\\\/\\\/kidsplay.lt\\\/produktas\\\/woopie-medicinos-rinkinys-lagamine-su-sviesos-ir-garso-efektais\\\/#breadcrumb\"},\"inLanguage\":\"lv-LV\",\"potentialAction\":[{\"@type\":\"ReadAction\",\"target\":[\"https:\\\/\\\/kidsplay.lt\\\/produktas\\\/woopie-medicinos-rinkinys-lagamine-su-sviesos-ir-garso-efektais\\\/\"]}]},{\"@type\":\"ImageObject\",\"inLanguage\":\"lv-LV\",\"@id\":\"https:\\\/\\\/kidsplay.lt\\\/produktas\\\/woopie-medicinos-rinkinys-lagamine-su-sviesos-ir-garso-efektais\\\/#primaryimage\",\"url\":\"https:\\\/\\\/kidsplay.lt\\\/wp-content\\\/uploads\\\/2024\\\/09\\\/Daktaras-lagaminu-Sviesus-garsas-priedai.jpg\",\"contentUrl\":\"https:\\\/\\\/kidsplay.lt\\\/wp-content\\\/uploads\\\/2024\\\/09\\\/Daktaras-lagaminu-Sviesus-garsas-priedai.jpg\",\"width\":2560,\"height\":2500,\"caption\":\"WOOPIE medicinos rinkinys lagamine su \u0161viesos ir garso efektais\"},{\"@type\":\"BreadcrumbList\",\"@id\":\"https:\\\/\\\/kidsplay.lt\\\/produktas\\\/woopie-medicinos-rinkinys-lagamine-su-sviesos-ir-garso-efektais\\\/#breadcrumb\",\"itemListElement\":[{\"@type\":\"ListItem\",\"position\":1,\"name\":\"Pagrindinis\",\"item\":\"https:\\\/\\\/kidsplay.lt\\\/\"},{\"@type\":\"ListItem\",\"position\":2,\"name\":\"Parduotuv\u0117\",\"item\":\"https:\\\/\\\/kidsplay.lt\\\/parduotuve\\\/\"},{\"@type\":\"ListItem\",\"position\":3,\"name\":\"WOOPIE medicinos rinkinys lagamine su \u0161viesos ir garso efektais\"}]},{\"@type\":\"WebSite\",\"@id\":\"https:\\\/\\\/kidsplay.lt\\\/#website\",\"url\":\"https:\\\/\\\/kidsplay.lt\\\/\",\"name\":\"Kidsplay.lt\",\"description\":\"\u012evairios prek\u0117s vaikams\",\"publisher\":{\"@id\":\"https:\\\/\\\/kidsplay.lt\\\/#organization\"},\"alternateName\":\"Kidsplay\",\"potentialAction\":[{\"@type\":\"SearchAction\",\"target\":{\"@type\":\"EntryPoint\",\"urlTemplate\":\"https:\\\/\\\/kidsplay.lt\\\/?s={search_term_string}\"},\"query-input\":{\"@type\":\"PropertyValueSpecification\",\"valueRequired\":true,\"valueName\":\"search_term_string\"}}],\"inLanguage\":\"lv-LV\"},{\"@type\":\"Organization\",\"@id\":\"https:\\\/\\\/kidsplay.lt\\\/#organization\",\"name\":\"KidsPlay\",\"url\":\"https:\\\/\\\/kidsplay.lt\\\/\",\"logo\":{\"@type\":\"ImageObject\",\"inLanguage\":\"lv-LV\",\"@id\":\"https:\\\/\\\/kidsplay.lt\\\/#\\\/schema\\\/logo\\\/image\\\/\",\"url\":\"https:\\\/\\\/kidsplay.lt\\\/wp-content\\\/uploads\\\/2023\\\/07\\\/kidsplay-logo.png\",\"contentUrl\":\"https:\\\/\\\/kidsplay.lt\\\/wp-content\\\/uploads\\\/2023\\\/07\\\/kidsplay-logo.png\",\"width\":451,\"height\":98,\"caption\":\"KidsPlay\"},\"image\":{\"@id\":\"https:\\\/\\\/kidsplay.lt\\\/#\\\/schema\\\/logo\\\/image\\\/\"},\"sameAs\":[\"https:\\\/\\\/www.facebook.com\\\/www.kidsplay.lt\"]}]}<\/script>\n<!-- \/ Yoast SEO plugin. -->","yoast_head_json":{"title":"WOOPIE medic\u012bnas komplekts kofer\u012b ar gaismas un ska\u0146as efektiem","description":"WOOPIE medicinos rinkinys lagamine su \u0161viesos ir garso efektais - KidsPlay. Did\u017eiausias vaik\u0173 \u017eaisl\u0173 pasirinkimas.","robots":{"index":"index","follow":"follow","max-snippet":"max-snippet:-1","max-image-preview":"max-image-preview:large","max-video-preview":"max-video-preview:-1"},"canonical":"https:\/\/kidsplay.lt\/lv\/products\/woopie-medicinos-rinkinys-lagamine-su-sviesos-ir-garso-efektais\/","og_locale":"lv_LV","og_type":"article","og_title":"WOOPIE medicinos rinkinys lagamine su \u0161viesos ir garso efektais","og_description":"WOOPIE medicinos rinkinys lagamine su \u0161viesos ir garso efektais - KidsPlay. Did\u017eiausias vaik\u0173 \u017eaisl\u0173 pasirinkimas.","og_url":"https:\/\/kidsplay.lt\/lv\/products\/woopie-medicinos-rinkinys-lagamine-su-sviesos-ir-garso-efektais\/","og_site_name":"KidsPlay","article_publisher":"https:\/\/www.facebook.com\/www.kidsplay.lt","article_modified_time":"2026-04-13T11:34:35+00:00","og_image":[{"width":2560,"height":2500,"url":"https:\/\/kidsplay.lt\/wp-content\/uploads\/2024\/09\/Daktaras-lagaminu-Sviesus-garsas-priedai.jpg","type":"image\/jpeg"}],"twitter_card":"summary_large_image","twitter_misc":{"Est. reading time":"1 min\u016bte"},"schema":{"@context":"https:\/\/schema.org","@graph":[{"@type":"WebPage","@id":"https:\/\/kidsplay.lt\/produktas\/woopie-medicinos-rinkinys-lagamine-su-sviesos-ir-garso-efektais\/","url":"https:\/\/kidsplay.lt\/produktas\/woopie-medicinos-rinkinys-lagamine-su-sviesos-ir-garso-efektais\/","name":"WOOPIE medic\u012bnas komplekts kofer\u012b ar gaismas un ska\u0146as efektiem","isPartOf":{"@id":"https:\/\/kidsplay.lt\/#website"},"primaryImageOfPage":{"@id":"https:\/\/kidsplay.lt\/produktas\/woopie-medicinos-rinkinys-lagamine-su-sviesos-ir-garso-efektais\/#primaryimage"},"image":{"@id":"https:\/\/kidsplay.lt\/produktas\/woopie-medicinos-rinkinys-lagamine-su-sviesos-ir-garso-efektais\/#primaryimage"},"thumbnailUrl":"https:\/\/kidsplay.lt\/wp-content\/uploads\/2024\/09\/Daktaras-lagaminu-Sviesus-garsas-priedai.jpg","datePublished":"2025-10-26T10:55:31+00:00","dateModified":"2026-04-13T11:34:35+00:00","description":"WOOPIE medicinos rinkinys lagamine su \u0161viesos ir garso efektais - KidsPlay. Did\u017eiausias vaik\u0173 \u017eaisl\u0173 pasirinkimas.","breadcrumb":{"@id":"https:\/\/kidsplay.lt\/produktas\/woopie-medicinos-rinkinys-lagamine-su-sviesos-ir-garso-efektais\/#breadcrumb"},"inLanguage":"lv-LV","potentialAction":[{"@type":"ReadAction","target":["https:\/\/kidsplay.lt\/produktas\/woopie-medicinos-rinkinys-lagamine-su-sviesos-ir-garso-efektais\/"]}]},{"@type":"ImageObject","inLanguage":"lv-LV","@id":"https:\/\/kidsplay.lt\/produktas\/woopie-medicinos-rinkinys-lagamine-su-sviesos-ir-garso-efektais\/#primaryimage","url":"https:\/\/kidsplay.lt\/wp-content\/uploads\/2024\/09\/Daktaras-lagaminu-Sviesus-garsas-priedai.jpg","contentUrl":"https:\/\/kidsplay.lt\/wp-content\/uploads\/2024\/09\/Daktaras-lagaminu-Sviesus-garsas-priedai.jpg","width":2560,"height":2500,"caption":"WOOPIE medicinos rinkinys lagamine su \u0161viesos ir garso efektais"},{"@type":"BreadcrumbList","@id":"https:\/\/kidsplay.lt\/produktas\/woopie-medicinos-rinkinys-lagamine-su-sviesos-ir-garso-efektais\/#breadcrumb","itemListElement":[{"@type":"ListItem","position":1,"name":"Pagrindinis","item":"https:\/\/kidsplay.lt\/"},{"@type":"ListItem","position":2,"name":"Parduotuv\u0117","item":"https:\/\/kidsplay.lt\/parduotuve\/"},{"@type":"ListItem","position":3,"name":"WOOPIE medicinos rinkinys lagamine su \u0161viesos ir garso efektais"}]},{"@type":"WebSite","@id":"https:\/\/kidsplay.lt\/#website","url":"https:\/\/kidsplay.lt\/","name":"B\u0113rnu sp\u0113les.lv","description":"\u012evairios prek\u0117s vaikams","publisher":{"@id":"https:\/\/kidsplay.lt\/#organization"},"alternateName":"Kidsplay","potentialAction":[{"@type":"SearchAction","target":{"@type":"EntryPoint","urlTemplate":"https:\/\/kidsplay.lt\/?s={search_term_string}"},"query-input":{"@type":"PropertyValueSpecification","valueRequired":true,"valueName":"search_term_string"}}],"inLanguage":"lv-LV"},{"@type":"Organization","@id":"https:\/\/kidsplay.lt\/#organization","name":"B\u0113rnu sp\u0113le","url":"https:\/\/kidsplay.lt\/","logo":{"@type":"ImageObject","inLanguage":"lv-LV","@id":"https:\/\/kidsplay.lt\/#\/schema\/logo\/image\/","url":"https:\/\/kidsplay.lt\/wp-content\/uploads\/2023\/07\/kidsplay-logo.png","contentUrl":"https:\/\/kidsplay.lt\/wp-content\/uploads\/2023\/07\/kidsplay-logo.png","width":451,"height":98,"caption":"KidsPlay"},"image":{"@id":"https:\/\/kidsplay.lt\/#\/schema\/logo\/image\/"},"sameAs":["https:\/\/www.facebook.com\/www.kidsplay.lt"]}]}},"_links":{"self":[{"href":"https:\/\/kidsplay.lt\/lv\/wp-json\/wp\/v2\/product\/78128","targetHints":{"allow":["GET"]}}],"collection":[{"href":"https:\/\/kidsplay.lt\/lv\/wp-json\/wp\/v2\/product"}],"about":[{"href":"https:\/\/kidsplay.lt\/lv\/wp-json\/wp\/v2\/types\/product"}],"version-history":[{"count":1,"href":"https:\/\/kidsplay.lt\/lv\/wp-json\/wp\/v2\/product\/78128\/revisions"}],"predecessor-version":[{"id":78129,"href":"https:\/\/kidsplay.lt\/lv\/wp-json\/wp\/v2\/product\/78128\/revisions\/78129"}],"wp:featuredmedia":[{"embeddable":true,"href":"https:\/\/kidsplay.lt\/lv\/wp-json\/wp\/v2\/media\/56494"}],"wp:attachment":[{"href":"https:\/\/kidsplay.lt\/lv\/wp-json\/wp\/v2\/media?parent=78128"}],"wp:term":[{"taxonomy":"product_brand","embeddable":true,"href":"https:\/\/kidsplay.lt\/lv\/wp-json\/wp\/v2\/product_brand?post=78128"},{"taxonomy":"product_cat","embeddable":true,"href":"https:\/\/kidsplay.lt\/lv\/wp-json\/wp\/v2\/product_cat?post=78128"},{"taxonomy":"product_tag","embeddable":true,"href":"https:\/\/kidsplay.lt\/lv\/wp-json\/wp\/v2\/product_tag?post=78128"}],"curies":[{"name":"wp","href":"https:\/\/api.w.org\/{rel}","templated":true}]}}