{"id":78198,"date":"2025-10-26T19:21:14","date_gmt":"2025-10-26T17:21:14","guid":{"rendered":"https:\/\/kidsplay.lt\/?post_type=product&#038;p=78198"},"modified":"2026-03-23T19:41:50","modified_gmt":"2026-03-23T17:41:50","slug":"fisher-price-migdukas-udryte","status":"publish","type":"product","link":"https:\/\/kidsplay.lt\/lv\/products\/fisher-price-migdukas-udryte\/","title":{"rendered":"FISHER PRICE gu\u013cammaiss \u016bdrs"},"content":{"rendered":"<p><span dir=\"auto\">\u201eFisher-Price FXC66 Sleeping Otter\u201c \u2013 kv\u0117puojantis \u010diulptukas \u2013 yra unikalus pliu\u0161inis \u017eaislas, kuris nuramins j\u016bs\u0173 k\u016bdik\u012f. Jo mink\u0161tas pilvukas ritmi\u0161kai kyla ir leid\u017eiasi, primindamas kv\u0117pavim\u0105, nat\u016braliai ramindamas j\u016bs\u0173 ma\u017eyl\u012f. Jis taip pat 30 minu\u010di\u0173 groja raminan\u010di\u0105 muzik\u0105 ir kitus garsus (pvz., \u0161irdies plakim\u0105, sald\u0173 knarkim\u0105 ir balt\u0105 triuk\u0161m\u0105) ir \u0161vie\u010dia \u0161velnia \u0161viesa. Su savo mielu snuku\u010diu, mink\u0161tu audiniu ir atlasine uodega \u0161i kv\u0117puojanti \u016bdra yra puikus \u017eaislas prie\u0161 mieg\u0105 j\u016bs\u0173 ma\u017eyliui. Smagi ir \u012ftraukianti patirtis. Sensoriniai: mink\u0161tos med\u017eiagos, raminanti muzika ir \u0161viesos bei ritmi\u0161ki judesiai lavina lyt\u0117jimo, regos ir klausos poj\u016b\u010dius, tuo pa\u010diu atpalaiduodami j\u016bs\u0173 k\u016bdik\u012f. Geri \u012fpro\u010diai: \u0161is \u017eavingas \u017eaislas gali tapti j\u016bs\u0173 k\u016bdikio miegojimo rutinos dalimi, pad\u0117damas sukurti miegojimo rutin\u0105. Saugumas ir pasitenkinimas: su savo mielu snuku\u010diu, raminan\u010diais judesiais ir \u0161velnia muzika \u016bdra pad\u0117s nuraminti j\u016bs\u0173 k\u016bdik\u012f ir suteiks jam saugumo jausm\u0105.<\/span><\/p>\n<p><b><span dir=\"auto\">Produkta \u012bpa\u0161\u012bbas:<\/span><\/b><\/p>\n<ul>\n<li><span dir=\"auto\">Raminantis muzikinis pliu\u0161inis \u017eaisliukas \u2013 vaikams nuo pirm\u0173j\u0173 gyvenimo dien\u0173 \u2013 kv\u0117puodamas skleid\u017eia garsus ir judesius kaip pliu\u0161in\u0117 \u016bdra.<\/span><\/li>\n<li><span dir=\"auto\">11 funkcij\u0173, kurios stimuliuos reg\u0117jim\u0105, klaus\u0105 ir lyt\u0117jim\u0105<\/span><\/li>\n<li><span dir=\"auto\">\u016adra imituoja raminan\u010dius kv\u0117pavimo judesius, kurie nat\u016braliai nuramina k\u016bdik\u012f<\/span><\/li>\n<li><span dir=\"auto\">Pritaikomi nustatymai: iki 30 minu\u010di\u0173 muzikos, baltas triuk\u0161mas, garsai ir \u0161velni \u0161viesa<\/span><\/li>\n<li><span dir=\"auto\">Ypa\u010d mink\u0161ti audiniai \u2013 galima skalbti skalbimo ma\u0161inoje i\u0161\u0117mus elektronik\u0105<\/span><\/li>\n<\/ul>","protected":false},"excerpt":{"rendered":"<p>\u201eFisher-Price FXC66 Sleeping Otter\u201c \u2013 kv\u0117puojantis \u010diulptukas \u2013 yra unikalus pliu\u0161inis \u017eaislas, kuris nuramins j\u016bs\u0173 k\u016bdik\u012f. Jo mink\u0161tas pilvukas ritmi\u0161kai<\/p>","protected":false},"featured_media":78199,"template":"","meta":{"_acf_changed":false,"_glsr_average":0,"_glsr_ranking":0,"_glsr_reviews":0},"product_brand":[],"product_cat":[72,458],"product_tag":[],"class_list":{"0":"post-78198","1":"product","2":"type-product","3":"status-publish","4":"has-post-thumbnail","6":"product_cat-ispardavimas","7":"product_cat-ramiam-uzmigimui","8":"\"style=\"background-color: #2ecc711c;\"","10":"first","11":"instock","12":"sale","13":"shipping-taxable","14":"purchasable","15":"product-type-simple"},"acf":[],"yoast_head":"<!-- This site is optimized with the Yoast SEO plugin v27.4 - https:\/\/yoast.com\/product\/yoast-seo-wordpress\/ -->\n<title>FISHER PRICE migdukas udryt\u0117 - KidsPlay<\/title>\n<meta name=\"description\" content=\"FISHER PRICE \u017eaislas \u016bdra - KidsPlay. Did\u017eiausias vaik\u0173 \u017eaisl\u0173 pasirinkimas.\" \/>\n<meta name=\"robots\" content=\"index, follow, max-snippet:-1, max-image-preview:large, max-video-preview:-1\" \/>\n<link rel=\"canonical\" href=\"https:\/\/kidsplay.lt\/lv\/products\/fisher-price-migdukas-udryte\/\" \/>\n<meta property=\"og:locale\" content=\"lv_LV\" \/>\n<meta property=\"og:type\" content=\"article\" \/>\n<meta property=\"og:title\" content=\"FISHER PRICE migdukas udryt\u0117 - KidsPlay\" \/>\n<meta property=\"og:description\" content=\"FISHER PRICE \u017eaislas \u016bdra - KidsPlay. Did\u017eiausias vaik\u0173 \u017eaisl\u0173 pasirinkimas.\" \/>\n<meta property=\"og:url\" content=\"https:\/\/kidsplay.lt\/lv\/products\/fisher-price-migdukas-udryte\/\" \/>\n<meta property=\"og:site_name\" content=\"KidsPlay\" \/>\n<meta property=\"article:publisher\" content=\"https:\/\/www.facebook.com\/www.kidsplay.lt\" \/>\n<meta property=\"article:modified_time\" content=\"2026-03-23T17:41:50+00:00\" \/>\n<meta property=\"og:image\" content=\"https:\/\/kidsplay.lt\/wp-content\/uploads\/2025\/10\/Screenshot_485-1.png\" \/>\n\t<meta property=\"og:image:width\" content=\"361\" \/>\n\t<meta property=\"og:image:height\" content=\"521\" \/>\n\t<meta property=\"og:image:type\" content=\"image\/png\" \/>\n<meta name=\"twitter:card\" content=\"summary_large_image\" \/>\n<meta name=\"twitter:label1\" content=\"Est. reading time\" \/>\n\t<meta name=\"twitter:data1\" content=\"2 min\u016btes\" \/>\n<script type=\"application\/ld+json\" class=\"yoast-schema-graph\">{\"@context\":\"https:\\\/\\\/schema.org\",\"@graph\":[{\"@type\":\"WebPage\",\"@id\":\"https:\\\/\\\/kidsplay.lt\\\/produktas\\\/fisher-price-migdukas-udryte\\\/\",\"url\":\"https:\\\/\\\/kidsplay.lt\\\/produktas\\\/fisher-price-migdukas-udryte\\\/\",\"name\":\"FISHER PRICE migdukas udryt\u0117 - KidsPlay\",\"isPartOf\":{\"@id\":\"https:\\\/\\\/kidsplay.lt\\\/#website\"},\"primaryImageOfPage\":{\"@id\":\"https:\\\/\\\/kidsplay.lt\\\/produktas\\\/fisher-price-migdukas-udryte\\\/#primaryimage\"},\"image\":{\"@id\":\"https:\\\/\\\/kidsplay.lt\\\/produktas\\\/fisher-price-migdukas-udryte\\\/#primaryimage\"},\"thumbnailUrl\":\"https:\\\/\\\/kidsplay.lt\\\/wp-content\\\/uploads\\\/2025\\\/10\\\/Screenshot_485-1.png\",\"datePublished\":\"2025-10-26T17:21:14+00:00\",\"dateModified\":\"2026-03-23T17:41:50+00:00\",\"description\":\"FISHER PRICE \u017eaislas \u016bdra - KidsPlay. Did\u017eiausias vaik\u0173 \u017eaisl\u0173 pasirinkimas.\",\"breadcrumb\":{\"@id\":\"https:\\\/\\\/kidsplay.lt\\\/produktas\\\/fisher-price-migdukas-udryte\\\/#breadcrumb\"},\"inLanguage\":\"lv-LV\",\"potentialAction\":[{\"@type\":\"ReadAction\",\"target\":[\"https:\\\/\\\/kidsplay.lt\\\/produktas\\\/fisher-price-migdukas-udryte\\\/\"]}]},{\"@type\":\"ImageObject\",\"inLanguage\":\"lv-LV\",\"@id\":\"https:\\\/\\\/kidsplay.lt\\\/produktas\\\/fisher-price-migdukas-udryte\\\/#primaryimage\",\"url\":\"https:\\\/\\\/kidsplay.lt\\\/wp-content\\\/uploads\\\/2025\\\/10\\\/Screenshot_485-1.png\",\"contentUrl\":\"https:\\\/\\\/kidsplay.lt\\\/wp-content\\\/uploads\\\/2025\\\/10\\\/Screenshot_485-1.png\",\"width\":361,\"height\":521},{\"@type\":\"BreadcrumbList\",\"@id\":\"https:\\\/\\\/kidsplay.lt\\\/produktas\\\/fisher-price-migdukas-udryte\\\/#breadcrumb\",\"itemListElement\":[{\"@type\":\"ListItem\",\"position\":1,\"name\":\"Pagrindinis\",\"item\":\"https:\\\/\\\/kidsplay.lt\\\/\"},{\"@type\":\"ListItem\",\"position\":2,\"name\":\"Parduotuv\u0117\",\"item\":\"https:\\\/\\\/kidsplay.lt\\\/parduotuve\\\/\"},{\"@type\":\"ListItem\",\"position\":3,\"name\":\"FISHER PRICE migdukas udryt\u0117\"}]},{\"@type\":\"WebSite\",\"@id\":\"https:\\\/\\\/kidsplay.lt\\\/#website\",\"url\":\"https:\\\/\\\/kidsplay.lt\\\/\",\"name\":\"Kidsplay.lt\",\"description\":\"\u012evairios prek\u0117s vaikams\",\"publisher\":{\"@id\":\"https:\\\/\\\/kidsplay.lt\\\/#organization\"},\"alternateName\":\"Kidsplay\",\"potentialAction\":[{\"@type\":\"SearchAction\",\"target\":{\"@type\":\"EntryPoint\",\"urlTemplate\":\"https:\\\/\\\/kidsplay.lt\\\/?s={search_term_string}\"},\"query-input\":{\"@type\":\"PropertyValueSpecification\",\"valueRequired\":true,\"valueName\":\"search_term_string\"}}],\"inLanguage\":\"lv-LV\"},{\"@type\":\"Organization\",\"@id\":\"https:\\\/\\\/kidsplay.lt\\\/#organization\",\"name\":\"KidsPlay\",\"url\":\"https:\\\/\\\/kidsplay.lt\\\/\",\"logo\":{\"@type\":\"ImageObject\",\"inLanguage\":\"lv-LV\",\"@id\":\"https:\\\/\\\/kidsplay.lt\\\/#\\\/schema\\\/logo\\\/image\\\/\",\"url\":\"https:\\\/\\\/kidsplay.lt\\\/wp-content\\\/uploads\\\/2023\\\/07\\\/kidsplay-logo.png\",\"contentUrl\":\"https:\\\/\\\/kidsplay.lt\\\/wp-content\\\/uploads\\\/2023\\\/07\\\/kidsplay-logo.png\",\"width\":451,\"height\":98,\"caption\":\"KidsPlay\"},\"image\":{\"@id\":\"https:\\\/\\\/kidsplay.lt\\\/#\\\/schema\\\/logo\\\/image\\\/\"},\"sameAs\":[\"https:\\\/\\\/www.facebook.com\\\/www.kidsplay.lt\"]}]}<\/script>\n<!-- \/ Yoast SEO plugin. -->","yoast_head_json":{"title":"FISHER PRICE migdukas udryt\u0117 - KidsPlay","description":"FISHER PRICE \u017eaislas \u016bdra - KidsPlay. Did\u017eiausias vaik\u0173 \u017eaisl\u0173 pasirinkimas.","robots":{"index":"index","follow":"follow","max-snippet":"max-snippet:-1","max-image-preview":"max-image-preview:large","max-video-preview":"max-video-preview:-1"},"canonical":"https:\/\/kidsplay.lt\/lv\/products\/fisher-price-migdukas-udryte\/","og_locale":"lv_LV","og_type":"article","og_title":"FISHER PRICE migdukas udryt\u0117 - KidsPlay","og_description":"FISHER PRICE \u017eaislas \u016bdra - KidsPlay. Did\u017eiausias vaik\u0173 \u017eaisl\u0173 pasirinkimas.","og_url":"https:\/\/kidsplay.lt\/lv\/products\/fisher-price-migdukas-udryte\/","og_site_name":"KidsPlay","article_publisher":"https:\/\/www.facebook.com\/www.kidsplay.lt","article_modified_time":"2026-03-23T17:41:50+00:00","og_image":[{"width":361,"height":521,"url":"https:\/\/kidsplay.lt\/wp-content\/uploads\/2025\/10\/Screenshot_485-1.png","type":"image\/png"}],"twitter_card":"summary_large_image","twitter_misc":{"Est. reading time":"2 min\u016btes"},"schema":{"@context":"https:\/\/schema.org","@graph":[{"@type":"WebPage","@id":"https:\/\/kidsplay.lt\/produktas\/fisher-price-migdukas-udryte\/","url":"https:\/\/kidsplay.lt\/produktas\/fisher-price-migdukas-udryte\/","name":"FISHER PRICE migdukas udryt\u0117 - KidsPlay","isPartOf":{"@id":"https:\/\/kidsplay.lt\/#website"},"primaryImageOfPage":{"@id":"https:\/\/kidsplay.lt\/produktas\/fisher-price-migdukas-udryte\/#primaryimage"},"image":{"@id":"https:\/\/kidsplay.lt\/produktas\/fisher-price-migdukas-udryte\/#primaryimage"},"thumbnailUrl":"https:\/\/kidsplay.lt\/wp-content\/uploads\/2025\/10\/Screenshot_485-1.png","datePublished":"2025-10-26T17:21:14+00:00","dateModified":"2026-03-23T17:41:50+00:00","description":"FISHER PRICE \u017eaislas \u016bdra - KidsPlay. Did\u017eiausias vaik\u0173 \u017eaisl\u0173 pasirinkimas.","breadcrumb":{"@id":"https:\/\/kidsplay.lt\/produktas\/fisher-price-migdukas-udryte\/#breadcrumb"},"inLanguage":"lv-LV","potentialAction":[{"@type":"ReadAction","target":["https:\/\/kidsplay.lt\/produktas\/fisher-price-migdukas-udryte\/"]}]},{"@type":"ImageObject","inLanguage":"lv-LV","@id":"https:\/\/kidsplay.lt\/produktas\/fisher-price-migdukas-udryte\/#primaryimage","url":"https:\/\/kidsplay.lt\/wp-content\/uploads\/2025\/10\/Screenshot_485-1.png","contentUrl":"https:\/\/kidsplay.lt\/wp-content\/uploads\/2025\/10\/Screenshot_485-1.png","width":361,"height":521},{"@type":"BreadcrumbList","@id":"https:\/\/kidsplay.lt\/produktas\/fisher-price-migdukas-udryte\/#breadcrumb","itemListElement":[{"@type":"ListItem","position":1,"name":"Pagrindinis","item":"https:\/\/kidsplay.lt\/"},{"@type":"ListItem","position":2,"name":"Parduotuv\u0117","item":"https:\/\/kidsplay.lt\/parduotuve\/"},{"@type":"ListItem","position":3,"name":"FISHER PRICE migdukas udryt\u0117"}]},{"@type":"WebSite","@id":"https:\/\/kidsplay.lt\/#website","url":"https:\/\/kidsplay.lt\/","name":"B\u0113rnu sp\u0113les.lv","description":"\u012evairios prek\u0117s vaikams","publisher":{"@id":"https:\/\/kidsplay.lt\/#organization"},"alternateName":"Kidsplay","potentialAction":[{"@type":"SearchAction","target":{"@type":"EntryPoint","urlTemplate":"https:\/\/kidsplay.lt\/?s={search_term_string}"},"query-input":{"@type":"PropertyValueSpecification","valueRequired":true,"valueName":"search_term_string"}}],"inLanguage":"lv-LV"},{"@type":"Organization","@id":"https:\/\/kidsplay.lt\/#organization","name":"B\u0113rnu sp\u0113le","url":"https:\/\/kidsplay.lt\/","logo":{"@type":"ImageObject","inLanguage":"lv-LV","@id":"https:\/\/kidsplay.lt\/#\/schema\/logo\/image\/","url":"https:\/\/kidsplay.lt\/wp-content\/uploads\/2023\/07\/kidsplay-logo.png","contentUrl":"https:\/\/kidsplay.lt\/wp-content\/uploads\/2023\/07\/kidsplay-logo.png","width":451,"height":98,"caption":"KidsPlay"},"image":{"@id":"https:\/\/kidsplay.lt\/#\/schema\/logo\/image\/"},"sameAs":["https:\/\/www.facebook.com\/www.kidsplay.lt"]}]}},"_links":{"self":[{"href":"https:\/\/kidsplay.lt\/lv\/wp-json\/wp\/v2\/product\/78198","targetHints":{"allow":["GET"]}}],"collection":[{"href":"https:\/\/kidsplay.lt\/lv\/wp-json\/wp\/v2\/product"}],"about":[{"href":"https:\/\/kidsplay.lt\/lv\/wp-json\/wp\/v2\/types\/product"}],"version-history":[{"count":2,"href":"https:\/\/kidsplay.lt\/lv\/wp-json\/wp\/v2\/product\/78198\/revisions"}],"predecessor-version":[{"id":96234,"href":"https:\/\/kidsplay.lt\/lv\/wp-json\/wp\/v2\/product\/78198\/revisions\/96234"}],"wp:featuredmedia":[{"embeddable":true,"href":"https:\/\/kidsplay.lt\/lv\/wp-json\/wp\/v2\/media\/78199"}],"wp:attachment":[{"href":"https:\/\/kidsplay.lt\/lv\/wp-json\/wp\/v2\/media?parent=78198"}],"wp:term":[{"taxonomy":"product_brand","embeddable":true,"href":"https:\/\/kidsplay.lt\/lv\/wp-json\/wp\/v2\/product_brand?post=78198"},{"taxonomy":"product_cat","embeddable":true,"href":"https:\/\/kidsplay.lt\/lv\/wp-json\/wp\/v2\/product_cat?post=78198"},{"taxonomy":"product_tag","embeddable":true,"href":"https:\/\/kidsplay.lt\/lv\/wp-json\/wp\/v2\/product_tag?post=78198"}],"curies":[{"name":"wp","href":"https:\/\/api.w.org\/{rel}","templated":true}]}}