{"id":78223,"date":"2025-10-26T19:33:10","date_gmt":"2025-10-26T17:33:10","guid":{"rendered":"https:\/\/kidsplay.lt\/?post_type=product&#038;p=78223"},"modified":"2026-01-21T18:37:55","modified_gmt":"2026-01-21T16:37:55","slug":"fisher-price-muzikine-tinginiu-pagalve-kudikiams-nuo-0-men","status":"publish","type":"product","link":"https:\/\/kidsplay.lt\/lv\/products\/fisher-price-muzikine-tinginiu-pagalve-kudikiams-nuo-0-men\/","title":{"rendered":"FISHER PRICE MUZIKIN\u0116 TINGINI\u0172 PAGALV\u0116 k\u016bdikiams nuo 0 m\u0117n."},"content":{"rendered":"<div class=\"mpof_ki myre_zn myre_8v_l m389_6m_l\">\n<div class=\"mp4t_16_s mryx_16_s mr3m_1 mli2_1 mh85_56 mh85_0_l\">\n<div class=\"mgn2_16 _0d3bd_am0a-\">\n<p><b><span dir=\"auto\">GAMINTOJAS<\/span><\/b><span dir=\"auto\">\u00a0: FISHER PRICE<\/span><\/p>\n<p><b><span dir=\"auto\">VAIKO AM\u017dIUS<\/span><\/b><span dir=\"auto\">\u00a0: +0 M\u0116NESI\u0172<\/span><\/p>\n<p><b><span dir=\"auto\">PAKUOT\u0116S MATMENYS<\/span><\/b><span dir=\"auto\">\u00a0: 8,89 x 33,02 x 27,94 CM<\/span><\/p>\n<\/div>\n<\/div>\n<\/div>\n<div class=\"mpof_ki myre_zn myre_8v_l m389_6m_l\">\n<div class=\"mp4t_16_s mryx_16_s mr3m_1 mli2_1 mh85_56 mh85_0_l\">\n<div class=\"mgn2_16 _0d3bd_am0a-\">\n<p><b><span dir=\"auto\">Patogi atrama ir raminan\u010dios vibracijos \u017eaid\u017eiant ant pilvuko!<\/span><\/b><\/p>\n<p><span dir=\"auto\">Laikas ant pilvuko gali b\u016bti dar patogesnis su spalvinga pusm\u0117nulio formos pagalve!<\/span><\/p>\n<p><span dir=\"auto\">Raminan\u010dios vibracijos ir atpalaiduojanti muzika padeda nuraminti ma\u017eyl\u012f, jam \u0161okin\u0117jant ant pagalv\u0117s, kai jis guli ant pilvuko. 10 minu\u010di\u0173 linksmos muzikos ir du \u017eaislai \u2013 lapo formos kramtukas be BPA ir spalvingi karoliukai \u2013 pad\u0117s j\u016bs\u0173 k\u016bdikiui b\u016bti linksmam.<\/span><\/p>\n<p><span dir=\"auto\">Vaikui augant, galite keisti \u017eaisl\u0173 pad\u0117t\u012f \u2013 mink\u0161ta pagalv\u0117l\u0117 taip pat tarnauja kaip atrama s\u0117dintiems vaikams!<\/span><\/p>\n<p><span dir=\"auto\">Galima skalbti skalbimo ma\u0161inoje nu\u0117mus elektrinius komponentus.<\/span><\/p>\n<\/div>\n<\/div>\n<\/div>\n<div class=\"mpof_ki myre_zn myre_8v_l m389_6m_l\">\n<div class=\"mp4t_16_s mryx_16_s mr3m_1 mli2_1 mh85_56 mh85_0_l\">\n<div class=\"mgn2_16 _0d3bd_am0a-\">\n<ul>\n<li><span dir=\"auto\">Patogi pagalv\u0117s formos pagalv\u0117l\u0117, kuri \u201eauga\u201c kartu su j\u016bs\u0173 vaiku<\/span><\/li>\n<li><span dir=\"auto\">Suteikia tinkam\u0105 atram\u0105 \u017eaid\u017eiant ant pilvuko ir s\u0117dint<\/span><\/li>\n<li><span dir=\"auto\">Visi pritvirtinti \u017eaislai yra vaikui pasiekiamoje vietoje<\/span><\/li>\n<li><span dir=\"auto\">Lavina k\u016bdikio motorinius \u012fg\u016bd\u017eius, kai ma\u017eylis stumdosi ant pagalv\u0117s \u017eaisdamas ant pilvuko<\/span><\/li>\n<li><span dir=\"auto\">Padeda nuraminti arba linksminti ma\u017eyl\u012f namuose ar kelyje<\/span><\/li>\n<li><span dir=\"auto\">Ry\u0161kios spalvos ir \u012fvairios tekst\u016bros stimuliuoja vaiko poj\u016b\u010dius<\/span><\/li>\n<li><span dir=\"auto\">Papildomos kilpos (prid\u0117kite savo pritvirtinamus \u017eaislus!)<\/span><\/li>\n<li><span dir=\"auto\">Galima skalbti skalbimo ma\u0161inoje (i\u0161montavus elektrinius komponentus)<\/span><\/li>\n<li><span dir=\"auto\">Reikalingos 3 AA baterijos<\/span><\/li>\n<\/ul>\n<\/div>\n<\/div>\n<\/div>\n<div class=\"mpof_ki myre_zn myre_8v_l m389_6m_l\">\n<div class=\"mp4t_16_s mryx_16_s mr3m_1 mli2_1 mh85_56 mh85_0_l\">\n<div class=\"mg9e_8 mj7a_8 mg9e_0_s mvrt_0_s mj7a_0_s mh36_0_s mzmg_6m munh_16_l m3h2_16_l\">\n<div class=\"mp4t_0 mryx_0 munh_56 m3h2_56\">\n<div class=\"mp7g_oh\"><button class=\"mg9e_0 mvrt_0 mj7a_0 mh36_0 mp4t_0 m3h2_0 mryx_0 munh_0 mqen_m6 mpof_z0 mx7m_0 m7er_k4 mse2_k4 msts_pt\" data-analytics-interaction=\"true\" data-analytics-interaction-label=\"zoomable-image-open\" aria-disabled=\"true\"><img decoding=\"async\" class=\"msub_k4 mupj_5k mjru_k4 mse2_k4 mp7g_f6 mq1m_0 mj7u_0 m7er_k4 mqen_m6 m31c_d8 m0ux_fp lazyloaded\" src=\"https:\/\/a.allegroimg.com\/original\/112d93\/516034b544a788d2519faf26aaed\/FISHER-PRICE-MUZYCZNA-PODUSZKA-do-zabawy-LENIWIEC-dla-maluszka-0m-Marka-Fisher-Price\" sizes=\"100vw\" srcset=\"https:\/\/a.allegroimg.com\/s360\/112d93\/516034b544a788d2519faf26aaed\/FISHER-PRICE-MUZYCZNA-PODUSZKA-do-zabawy-LENIWIEC-dla-maluszka-0m-Marka-Fisher-Price 360w,https:\/\/a.allegroimg.com\/s720\/112d93\/516034b544a788d2519faf26aaed\/FISHER-PRICE-MUZYCZNA-PODUSZKA-do-zabawy-LENIWIEC-dla-maluszka-0m-Marka-Fisher-Price 720w,https:\/\/a.allegroimg.com\/s1024\/112d93\/516034b544a788d2519faf26aaed\/FISHER-PRICE-MUZYCZNA-PODUSZKA-do-zabawy-LENIWIEC-dla-maluszka-0m-Marka-Fisher-Price 1024w,https:\/\/a.allegroimg.com\/original\/112d93\/516034b544a788d2519faf26aaed\/FISHER-PRICE-MUZYCZNA-PODUSZKA-do-zabawy-LENIWIEC-dla-maluszka-0m-Marka-Fisher-Price 1024w\" alt=\"FISHER PRICE MUZIKIN\u0116 TINGINI\u0172 PAGALV\u0116 k\u016bdikiams nuo 0 m\u0117n. Fisher-Price prek\u0117s \u017eenklas\" width=\"1024px\" data-srcset=\"\" \/><\/button><\/div>\n<\/div>\n<\/div>\n<\/div>\n<\/div>\n<div class=\"mpof_ki myre_zn myre_8v_l m389_6m_l\">\n<div class=\"mp4t_16_s mryx_16_s mr3m_1 mli2_1 mh85_56 mh85_0_l\">\n<div class=\"mg9e_8 mj7a_8 mg9e_0_s mvrt_0_s mj7a_0_s mh36_0_s mzmg_6m munh_16_l m3h2_16_l\">\n<div class=\"mp4t_0 mryx_0 munh_56 m3h2_56\">\n<div class=\"mp7g_oh\"><button class=\"mg9e_0 mvrt_0 mj7a_0 mh36_0 mp4t_0 m3h2_0 mryx_0 munh_0 mqen_m6 mpof_z0 mx7m_0 m7er_k4 mse2_k4 msts_pt\" data-analytics-interaction=\"true\" data-analytics-interaction-label=\"zoomable-image-open\" aria-disabled=\"true\"><img decoding=\"async\" class=\"msub_k4 mupj_5k mjru_k4 mse2_k4 mp7g_f6 mq1m_0 mj7u_0 m7er_k4 mqen_m6 m31c_d8 m0ux_fp lazyloaded\" src=\"https:\/\/a.allegroimg.com\/original\/11acc7\/1fe3cda64802a0fdf813e79e6517\/FISHER-PRICE-MUZYCZNA-PODUSZKA-do-zabawy-LENIWIEC-dla-maluszka-0m-Rodzaj-pluszaki-interaktywne\" sizes=\"100vw\" srcset=\"https:\/\/a.allegroimg.com\/s360\/11acc7\/1fe3cda64802a0fdf813e79e6517\/FISHER-PRICE-MUZYCZNA-PODUSZKA-do-zabawy-LENIWIEC-dla-maluszka-0m-Rodzaj-pluszaki-interaktywne 360w,https:\/\/a.allegroimg.com\/s720\/11acc7\/1fe3cda64802a0fdf813e79e6517\/FISHER-PRICE-MUZYCZNA-PODUSZKA-do-zabawy-LENIWIEC-dla-maluszka-0m-Rodzaj-pluszaki-interaktywne 720w,https:\/\/a.allegroimg.com\/s1024\/11acc7\/1fe3cda64802a0fdf813e79e6517\/FISHER-PRICE-MUZYCZNA-PODUSZKA-do-zabawy-LENIWIEC-dla-maluszka-0m-Rodzaj-pluszaki-interaktywne 1024w,https:\/\/a.allegroimg.com\/original\/11acc7\/1fe3cda64802a0fdf813e79e6517\/FISHER-PRICE-MUZYCZNA-PODUSZKA-do-zabawy-LENIWIEC-dla-maluszka-0m-Rodzaj-pluszaki-interaktywne 1024w\" alt=\"FISHER PRICE MUZIKIN\u0116 TINGINI\u0172 PAGALV\u0116 k\u016bdikiams nuo 0 m\u0117n. Tipas: interaktyv\u016bs pliu\u0161iniai \u017eaislai\" width=\"1024px\" data-srcset=\"\" \/><\/button><\/div>\n<\/div>\n<\/div>\n<\/div>\n<\/div>\n<div class=\"mpof_ki myre_zn myre_8v_l m389_6m_l\">\n<div class=\"mp4t_16_s mryx_16_s mr3m_1 mli2_1 mh85_56 mh85_0_l\">\n<div class=\"mg9e_8 mj7a_8 mg9e_0_s mvrt_0_s mj7a_0_s mh36_0_s mzmg_6m munh_16_l m3h2_16_l\">\n<div class=\"mp4t_0 mryx_0 munh_56 m3h2_56\">\n<div class=\"mp7g_oh\"><button class=\"mg9e_0 mvrt_0 mj7a_0 mh36_0 mp4t_0 m3h2_0 mryx_0 munh_0 mqen_m6 mpof_z0 mx7m_0 m7er_k4 mse2_k4 msts_pt\" data-analytics-interaction=\"true\" data-analytics-interaction-label=\"zoomable-image-open\" aria-disabled=\"true\"><img decoding=\"async\" class=\"msub_k4 mupj_5k mjru_k4 mse2_k4 mp7g_f6 mq1m_0 mj7u_0 m7er_k4 mqen_m6 m31c_d8 m0ux_fp lazyloaded\" src=\"https:\/\/a.allegroimg.com\/original\/112785\/5046721647b083d4f1763000ec56\/FISHER-PRICE-MUZYCZNA-PODUSZKA-do-zabawy-LENIWIEC-dla-maluszka-0m-Bohater-Bajka-brak\" sizes=\"100vw\" srcset=\"https:\/\/a.allegroimg.com\/s360\/112785\/5046721647b083d4f1763000ec56\/FISHER-PRICE-MUZYCZNA-PODUSZKA-do-zabawy-LENIWIEC-dla-maluszka-0m-Bohater-Bajka-brak 360w,https:\/\/a.allegroimg.com\/s720\/112785\/5046721647b083d4f1763000ec56\/FISHER-PRICE-MUZYCZNA-PODUSZKA-do-zabawy-LENIWIEC-dla-maluszka-0m-Bohater-Bajka-brak 720w,https:\/\/a.allegroimg.com\/s1024\/112785\/5046721647b083d4f1763000ec56\/FISHER-PRICE-MUZYCZNA-PODUSZKA-do-zabawy-LENIWIEC-dla-maluszka-0m-Bohater-Bajka-brak 1024w,https:\/\/a.allegroimg.com\/original\/112785\/5046721647b083d4f1763000ec56\/FISHER-PRICE-MUZYCZNA-PODUSZKA-do-zabawy-LENIWIEC-dla-maluszka-0m-Bohater-Bajka-brak 1024w\" alt=\"FISHER PRICE MUZIKIN\u0116 TINGINYNO PAGALV\u0116 k\u016bdikiui +0 m\u0117n. Ding\u0119s herojus \/ pasaka\" width=\"1024px\" data-srcset=\"\" \/><\/button><\/div>\n<\/div>\n<\/div>\n<\/div>\n<\/div>\n<div class=\"mpof_ki myre_zn myre_8v_l m389_6m_l\">\n<div class=\"mp4t_16_s mryx_16_s mr3m_1 mli2_1 mh85_56 mh85_0_l\">\n<div class=\"mg9e_8 mj7a_8 mg9e_0_s mvrt_0_s mj7a_0_s mh36_0_s mzmg_6m munh_16_l m3h2_16_l\">\n<div class=\"mp4t_0 mryx_0 munh_56 m3h2_56\">\n<div class=\"mp7g_oh\"><button class=\"mg9e_0 mvrt_0 mj7a_0 mh36_0 mp4t_0 m3h2_0 mryx_0 munh_0 mqen_m6 mpof_z0 mx7m_0 m7er_k4 mse2_k4 msts_pt\" data-analytics-interaction=\"true\" data-analytics-interaction-label=\"zoomable-image-open\" aria-disabled=\"true\"><img decoding=\"async\" class=\"msub_k4 mupj_5k mjru_k4 mse2_k4 mp7g_f6 mq1m_0 mj7u_0 m7er_k4 mqen_m6 m31c_d8 m0ux_fp lazyloaded\" src=\"https:\/\/a.allegroimg.com\/original\/117adc\/9cd008da4f4e83198ed45941f166\/FISHER-PRICE-MUZYCZNA-PODUSZKA-do-zabawy-LENIWIEC-dla-maluszka-0m-Plec-chlopcy-dziewczynki-unisex\" sizes=\"100vw\" srcset=\"https:\/\/a.allegroimg.com\/s360\/117adc\/9cd008da4f4e83198ed45941f166\/FISHER-PRICE-MUZYCZNA-PODUSZKA-do-zabawy-LENIWIEC-dla-maluszka-0m-Plec-chlopcy-dziewczynki-unisex 360w,https:\/\/a.allegroimg.com\/s720\/117adc\/9cd008da4f4e83198ed45941f166\/FISHER-PRICE-MUZYCZNA-PODUSZKA-do-zabawy-LENIWIEC-dla-maluszka-0m-Plec-chlopcy-dziewczynki-unisex 720w,https:\/\/a.allegroimg.com\/s1024\/117adc\/9cd008da4f4e83198ed45941f166\/FISHER-PRICE-MUZYCZNA-PODUSZKA-do-zabawy-LENIWIEC-dla-maluszka-0m-Plec-chlopcy-dziewczynki-unisex 1024w,https:\/\/a.allegroimg.com\/original\/117adc\/9cd008da4f4e83198ed45941f166\/FISHER-PRICE-MUZYCZNA-PODUSZKA-do-zabawy-LENIWIEC-dla-maluszka-0m-Plec-chlopcy-dziewczynki-unisex 1024w\" alt=\"FISHER PRICE MUZIKIN\u0116 TINGINYN\u0116 PAGALV\u0116 k\u016bdikiams +0 m\u0117n. Lytis berniukams mergait\u0117ms unisex\" width=\"1024px\" data-srcset=\"\" \/><\/button><\/div>\n<\/div>\n<\/div>\n<\/div>\n<\/div>\n<div class=\"mpof_ki myre_zn myre_8v_l m389_6m_l\">\n<div class=\"mp4t_16_s mryx_16_s mr3m_1 mli2_1 mh85_56 mh85_0_l\">\n<div class=\"mg9e_8 mj7a_8 mg9e_0_s mvrt_0_s mj7a_0_s mh36_0_s mzmg_6m munh_16_l m3h2_16_l\">\n<div class=\"mp4t_0 mryx_0 munh_56 m3h2_56\">\n<div class=\"mp7g_oh\"><button class=\"mg9e_0 mvrt_0 mj7a_0 mh36_0 mp4t_0 m3h2_0 mryx_0 munh_0 mqen_m6 mpof_z0 mx7m_0 m7er_k4 mse2_k4 msts_pt\" data-analytics-interaction=\"true\" data-analytics-interaction-label=\"zoomable-image-open\" aria-disabled=\"true\"><img decoding=\"async\" class=\"msub_k4 mupj_5k mjru_k4 mse2_k4 mp7g_f6 mq1m_0 mj7u_0 m7er_k4 mqen_m6 m31c_d8 m0ux_fp lazyloaded\" src=\"https:\/\/a.allegroimg.com\/original\/111fe5\/a399b34c44198654e7f8393687a5\/FISHER-PRICE-MUZYCZNA-PODUSZKA-do-zabawy-LENIWIEC-dla-maluszka-0m-Material-plastik-tkanina\" sizes=\"100vw\" srcset=\"https:\/\/a.allegroimg.com\/s360\/111fe5\/a399b34c44198654e7f8393687a5\/FISHER-PRICE-MUZYCZNA-PODUSZKA-do-zabawy-LENIWIEC-dla-maluszka-0m-Material-plastik-tkanina 360w,https:\/\/a.allegroimg.com\/s720\/111fe5\/a399b34c44198654e7f8393687a5\/FISHER-PRICE-MUZYCZNA-PODUSZKA-do-zabawy-LENIWIEC-dla-maluszka-0m-Material-plastik-tkanina 720w,https:\/\/a.allegroimg.com\/s1024\/111fe5\/a399b34c44198654e7f8393687a5\/FISHER-PRICE-MUZYCZNA-PODUSZKA-do-zabawy-LENIWIEC-dla-maluszka-0m-Material-plastik-tkanina 1024w,https:\/\/a.allegroimg.com\/original\/111fe5\/a399b34c44198654e7f8393687a5\/FISHER-PRICE-MUZYCZNA-PODUSZKA-do-zabawy-LENIWIEC-dla-maluszka-0m-Material-plastik-tkanina 1024w\" alt=\"FISHER PRICE MUZIKIN\u0116 TINGINI\u0172 PAGALV\u0116 k\u016bdikiams +0 m\u0117n. Med\u017eiaga: plastikas, audinys\" width=\"1024px\" data-srcset=\"\" \/><\/button><\/div>\n<\/div>\n<\/div>\n<\/div>\n<\/div>","protected":false},"excerpt":{"rendered":"<p>GAMINTOJAS\u00a0: FISHER PRICE VAIKO AM\u017dIUS\u00a0: +0 M\u0116NESI\u0172 PAKUOT\u0116S MATMENYS\u00a0: 8,89 x 33,02 x 27,94 CM Patogi atrama ir raminan\u010dios vibracijos<\/p>","protected":false},"featured_media":78224,"template":"","meta":{"_acf_changed":false,"_glsr_average":0,"_glsr_ranking":0,"_glsr_reviews":0},"product_brand":[],"product_cat":[396,229],"product_tag":[],"class_list":{"0":"post-78223","1":"product","2":"type-product","3":"status-publish","4":"has-post-thumbnail","6":"product_cat-kudikiu-zaislai-vaikams2","7":"product_cat-zaislai-vaikams","8":"\"style=\"background-color: #2ecc711c;\"","10":"first","11":"instock","12":"shipping-taxable","13":"purchasable","14":"product-type-simple"},"acf":[],"yoast_head":"<!-- This site is optimized with the Yoast SEO plugin v27.3 - https:\/\/yoast.com\/product\/yoast-seo-wordpress\/ -->\n<title>FISHER PRICE MUZIKIN\u0116 TINGINI\u0172 PAGALV\u0116 k\u016bdikiams nuo 0 m\u0117n. - KidsPlay<\/title>\n<meta name=\"description\" content=\"FISHER PRICE MUZIKIN\u0116 TINGINI\u0172 PAGALV\u0116 k\u016bdikiams nuo 0 m\u0117n. - KidsPlay. Did\u017eiausias vaik\u0173 \u017eaisl\u0173 pasirinkimas.\" \/>\n<meta name=\"robots\" content=\"index, follow, max-snippet:-1, max-image-preview:large, max-video-preview:-1\" \/>\n<link rel=\"canonical\" href=\"https:\/\/kidsplay.lt\/lv\/products\/fisher-price-muzikine-tinginiu-pagalve-kudikiams-nuo-0-men\/\" \/>\n<meta property=\"og:locale\" content=\"lv_LV\" \/>\n<meta property=\"og:type\" content=\"article\" \/>\n<meta property=\"og:title\" content=\"FISHER PRICE MUZIKIN\u0116 TINGINI\u0172 PAGALV\u0116 k\u016bdikiams nuo 0 m\u0117n. - KidsPlay\" \/>\n<meta property=\"og:description\" content=\"FISHER PRICE MUZIKIN\u0116 TINGINI\u0172 PAGALV\u0116 k\u016bdikiams nuo 0 m\u0117n. - KidsPlay. Did\u017eiausias vaik\u0173 \u017eaisl\u0173 pasirinkimas.\" \/>\n<meta property=\"og:url\" content=\"https:\/\/kidsplay.lt\/lv\/products\/fisher-price-muzikine-tinginiu-pagalve-kudikiams-nuo-0-men\/\" \/>\n<meta property=\"og:site_name\" content=\"KidsPlay\" \/>\n<meta property=\"article:publisher\" content=\"https:\/\/www.facebook.com\/www.kidsplay.lt\" \/>\n<meta property=\"article:modified_time\" content=\"2026-01-21T16:37:55+00:00\" \/>\n<meta property=\"og:image\" content=\"https:\/\/kidsplay.lt\/wp-content\/uploads\/2025\/10\/Screenshot_502-1.png\" \/>\n\t<meta property=\"og:image:width\" content=\"557\" \/>\n\t<meta property=\"og:image:height\" content=\"494\" \/>\n\t<meta property=\"og:image:type\" content=\"image\/png\" \/>\n<meta name=\"twitter:card\" content=\"summary_large_image\" \/>\n<meta name=\"twitter:label1\" content=\"Est. reading time\" \/>\n\t<meta name=\"twitter:data1\" content=\"3 min\u016btes\" \/>\n<script type=\"application\/ld+json\" class=\"yoast-schema-graph\">{\"@context\":\"https:\\\/\\\/schema.org\",\"@graph\":[{\"@type\":\"WebPage\",\"@id\":\"https:\\\/\\\/kidsplay.lt\\\/produktas\\\/fisher-price-muzikine-tinginiu-pagalve-kudikiams-nuo-0-men\\\/\",\"url\":\"https:\\\/\\\/kidsplay.lt\\\/produktas\\\/fisher-price-muzikine-tinginiu-pagalve-kudikiams-nuo-0-men\\\/\",\"name\":\"FISHER PRICE MUZIKIN\u0116 TINGINI\u0172 PAGALV\u0116 k\u016bdikiams nuo 0 m\u0117n. - KidsPlay\",\"isPartOf\":{\"@id\":\"https:\\\/\\\/kidsplay.lt\\\/#website\"},\"primaryImageOfPage\":{\"@id\":\"https:\\\/\\\/kidsplay.lt\\\/produktas\\\/fisher-price-muzikine-tinginiu-pagalve-kudikiams-nuo-0-men\\\/#primaryimage\"},\"image\":{\"@id\":\"https:\\\/\\\/kidsplay.lt\\\/produktas\\\/fisher-price-muzikine-tinginiu-pagalve-kudikiams-nuo-0-men\\\/#primaryimage\"},\"thumbnailUrl\":\"https:\\\/\\\/kidsplay.lt\\\/wp-content\\\/uploads\\\/2025\\\/10\\\/Screenshot_502-1.png\",\"datePublished\":\"2025-10-26T17:33:10+00:00\",\"dateModified\":\"2026-01-21T16:37:55+00:00\",\"description\":\"FISHER PRICE MUZIKIN\u0116 TINGINI\u0172 PAGALV\u0116 k\u016bdikiams nuo 0 m\u0117n. - KidsPlay. Did\u017eiausias vaik\u0173 \u017eaisl\u0173 pasirinkimas.\",\"breadcrumb\":{\"@id\":\"https:\\\/\\\/kidsplay.lt\\\/produktas\\\/fisher-price-muzikine-tinginiu-pagalve-kudikiams-nuo-0-men\\\/#breadcrumb\"},\"inLanguage\":\"lv-LV\",\"potentialAction\":[{\"@type\":\"ReadAction\",\"target\":[\"https:\\\/\\\/kidsplay.lt\\\/produktas\\\/fisher-price-muzikine-tinginiu-pagalve-kudikiams-nuo-0-men\\\/\"]}]},{\"@type\":\"ImageObject\",\"inLanguage\":\"lv-LV\",\"@id\":\"https:\\\/\\\/kidsplay.lt\\\/produktas\\\/fisher-price-muzikine-tinginiu-pagalve-kudikiams-nuo-0-men\\\/#primaryimage\",\"url\":\"https:\\\/\\\/kidsplay.lt\\\/wp-content\\\/uploads\\\/2025\\\/10\\\/Screenshot_502-1.png\",\"contentUrl\":\"https:\\\/\\\/kidsplay.lt\\\/wp-content\\\/uploads\\\/2025\\\/10\\\/Screenshot_502-1.png\",\"width\":557,\"height\":494},{\"@type\":\"BreadcrumbList\",\"@id\":\"https:\\\/\\\/kidsplay.lt\\\/produktas\\\/fisher-price-muzikine-tinginiu-pagalve-kudikiams-nuo-0-men\\\/#breadcrumb\",\"itemListElement\":[{\"@type\":\"ListItem\",\"position\":1,\"name\":\"Pagrindinis\",\"item\":\"https:\\\/\\\/kidsplay.lt\\\/\"},{\"@type\":\"ListItem\",\"position\":2,\"name\":\"Parduotuv\u0117\",\"item\":\"https:\\\/\\\/kidsplay.lt\\\/parduotuve\\\/\"},{\"@type\":\"ListItem\",\"position\":3,\"name\":\"FISHER PRICE MUZIKIN\u0116 TINGINI\u0172 PAGALV\u0116 k\u016bdikiams nuo 0 m\u0117n.\"}]},{\"@type\":\"WebSite\",\"@id\":\"https:\\\/\\\/kidsplay.lt\\\/#website\",\"url\":\"https:\\\/\\\/kidsplay.lt\\\/\",\"name\":\"Kidsplay.lt\",\"description\":\"\u012evairios prek\u0117s vaikams\",\"publisher\":{\"@id\":\"https:\\\/\\\/kidsplay.lt\\\/#organization\"},\"alternateName\":\"Kidsplay\",\"potentialAction\":[{\"@type\":\"SearchAction\",\"target\":{\"@type\":\"EntryPoint\",\"urlTemplate\":\"https:\\\/\\\/kidsplay.lt\\\/?s={search_term_string}\"},\"query-input\":{\"@type\":\"PropertyValueSpecification\",\"valueRequired\":true,\"valueName\":\"search_term_string\"}}],\"inLanguage\":\"lv-LV\"},{\"@type\":\"Organization\",\"@id\":\"https:\\\/\\\/kidsplay.lt\\\/#organization\",\"name\":\"KidsPlay\",\"url\":\"https:\\\/\\\/kidsplay.lt\\\/\",\"logo\":{\"@type\":\"ImageObject\",\"inLanguage\":\"lv-LV\",\"@id\":\"https:\\\/\\\/kidsplay.lt\\\/#\\\/schema\\\/logo\\\/image\\\/\",\"url\":\"https:\\\/\\\/kidsplay.lt\\\/wp-content\\\/uploads\\\/2023\\\/07\\\/kidsplay-logo.png\",\"contentUrl\":\"https:\\\/\\\/kidsplay.lt\\\/wp-content\\\/uploads\\\/2023\\\/07\\\/kidsplay-logo.png\",\"width\":451,\"height\":98,\"caption\":\"KidsPlay\"},\"image\":{\"@id\":\"https:\\\/\\\/kidsplay.lt\\\/#\\\/schema\\\/logo\\\/image\\\/\"},\"sameAs\":[\"https:\\\/\\\/www.facebook.com\\\/www.kidsplay.lt\"]}]}<\/script>\n<!-- \/ Yoast SEO plugin. -->","yoast_head_json":{"title":"FISHER PRICE MUZIKIN\u0116 TINGINI\u0172 PAGALV\u0116 k\u016bdikiams nuo 0 m\u0117n. - KidsPlay","description":"FISHER PRICE MUZIKIN\u0116 TINGINI\u0172 PAGALV\u0116 k\u016bdikiams nuo 0 m\u0117n. - KidsPlay. Did\u017eiausias vaik\u0173 \u017eaisl\u0173 pasirinkimas.","robots":{"index":"index","follow":"follow","max-snippet":"max-snippet:-1","max-image-preview":"max-image-preview:large","max-video-preview":"max-video-preview:-1"},"canonical":"https:\/\/kidsplay.lt\/lv\/products\/fisher-price-muzikine-tinginiu-pagalve-kudikiams-nuo-0-men\/","og_locale":"lv_LV","og_type":"article","og_title":"FISHER PRICE MUZIKIN\u0116 TINGINI\u0172 PAGALV\u0116 k\u016bdikiams nuo 0 m\u0117n. - KidsPlay","og_description":"FISHER PRICE MUZIKIN\u0116 TINGINI\u0172 PAGALV\u0116 k\u016bdikiams nuo 0 m\u0117n. - KidsPlay. Did\u017eiausias vaik\u0173 \u017eaisl\u0173 pasirinkimas.","og_url":"https:\/\/kidsplay.lt\/lv\/products\/fisher-price-muzikine-tinginiu-pagalve-kudikiams-nuo-0-men\/","og_site_name":"KidsPlay","article_publisher":"https:\/\/www.facebook.com\/www.kidsplay.lt","article_modified_time":"2026-01-21T16:37:55+00:00","og_image":[{"width":557,"height":494,"url":"https:\/\/kidsplay.lt\/wp-content\/uploads\/2025\/10\/Screenshot_502-1.png","type":"image\/png"}],"twitter_card":"summary_large_image","twitter_misc":{"Est. reading time":"3 min\u016btes"},"schema":{"@context":"https:\/\/schema.org","@graph":[{"@type":"WebPage","@id":"https:\/\/kidsplay.lt\/produktas\/fisher-price-muzikine-tinginiu-pagalve-kudikiams-nuo-0-men\/","url":"https:\/\/kidsplay.lt\/produktas\/fisher-price-muzikine-tinginiu-pagalve-kudikiams-nuo-0-men\/","name":"FISHER PRICE MUZIKIN\u0116 TINGINI\u0172 PAGALV\u0116 k\u016bdikiams nuo 0 m\u0117n. - KidsPlay","isPartOf":{"@id":"https:\/\/kidsplay.lt\/#website"},"primaryImageOfPage":{"@id":"https:\/\/kidsplay.lt\/produktas\/fisher-price-muzikine-tinginiu-pagalve-kudikiams-nuo-0-men\/#primaryimage"},"image":{"@id":"https:\/\/kidsplay.lt\/produktas\/fisher-price-muzikine-tinginiu-pagalve-kudikiams-nuo-0-men\/#primaryimage"},"thumbnailUrl":"https:\/\/kidsplay.lt\/wp-content\/uploads\/2025\/10\/Screenshot_502-1.png","datePublished":"2025-10-26T17:33:10+00:00","dateModified":"2026-01-21T16:37:55+00:00","description":"FISHER PRICE MUZIKIN\u0116 TINGINI\u0172 PAGALV\u0116 k\u016bdikiams nuo 0 m\u0117n. - KidsPlay. Did\u017eiausias vaik\u0173 \u017eaisl\u0173 pasirinkimas.","breadcrumb":{"@id":"https:\/\/kidsplay.lt\/produktas\/fisher-price-muzikine-tinginiu-pagalve-kudikiams-nuo-0-men\/#breadcrumb"},"inLanguage":"lv-LV","potentialAction":[{"@type":"ReadAction","target":["https:\/\/kidsplay.lt\/produktas\/fisher-price-muzikine-tinginiu-pagalve-kudikiams-nuo-0-men\/"]}]},{"@type":"ImageObject","inLanguage":"lv-LV","@id":"https:\/\/kidsplay.lt\/produktas\/fisher-price-muzikine-tinginiu-pagalve-kudikiams-nuo-0-men\/#primaryimage","url":"https:\/\/kidsplay.lt\/wp-content\/uploads\/2025\/10\/Screenshot_502-1.png","contentUrl":"https:\/\/kidsplay.lt\/wp-content\/uploads\/2025\/10\/Screenshot_502-1.png","width":557,"height":494},{"@type":"BreadcrumbList","@id":"https:\/\/kidsplay.lt\/produktas\/fisher-price-muzikine-tinginiu-pagalve-kudikiams-nuo-0-men\/#breadcrumb","itemListElement":[{"@type":"ListItem","position":1,"name":"Pagrindinis","item":"https:\/\/kidsplay.lt\/"},{"@type":"ListItem","position":2,"name":"Parduotuv\u0117","item":"https:\/\/kidsplay.lt\/parduotuve\/"},{"@type":"ListItem","position":3,"name":"FISHER PRICE MUZIKIN\u0116 TINGINI\u0172 PAGALV\u0116 k\u016bdikiams nuo 0 m\u0117n."}]},{"@type":"WebSite","@id":"https:\/\/kidsplay.lt\/#website","url":"https:\/\/kidsplay.lt\/","name":"B\u0113rnu sp\u0113les.lv","description":"\u012evairios prek\u0117s vaikams","publisher":{"@id":"https:\/\/kidsplay.lt\/#organization"},"alternateName":"Kidsplay","potentialAction":[{"@type":"SearchAction","target":{"@type":"EntryPoint","urlTemplate":"https:\/\/kidsplay.lt\/?s={search_term_string}"},"query-input":{"@type":"PropertyValueSpecification","valueRequired":true,"valueName":"search_term_string"}}],"inLanguage":"lv-LV"},{"@type":"Organization","@id":"https:\/\/kidsplay.lt\/#organization","name":"B\u0113rnu sp\u0113le","url":"https:\/\/kidsplay.lt\/","logo":{"@type":"ImageObject","inLanguage":"lv-LV","@id":"https:\/\/kidsplay.lt\/#\/schema\/logo\/image\/","url":"https:\/\/kidsplay.lt\/wp-content\/uploads\/2023\/07\/kidsplay-logo.png","contentUrl":"https:\/\/kidsplay.lt\/wp-content\/uploads\/2023\/07\/kidsplay-logo.png","width":451,"height":98,"caption":"KidsPlay"},"image":{"@id":"https:\/\/kidsplay.lt\/#\/schema\/logo\/image\/"},"sameAs":["https:\/\/www.facebook.com\/www.kidsplay.lt"]}]}},"_links":{"self":[{"href":"https:\/\/kidsplay.lt\/lv\/wp-json\/wp\/v2\/product\/78223","targetHints":{"allow":["GET"]}}],"collection":[{"href":"https:\/\/kidsplay.lt\/lv\/wp-json\/wp\/v2\/product"}],"about":[{"href":"https:\/\/kidsplay.lt\/lv\/wp-json\/wp\/v2\/types\/product"}],"version-history":[{"count":1,"href":"https:\/\/kidsplay.lt\/lv\/wp-json\/wp\/v2\/product\/78223\/revisions"}],"predecessor-version":[{"id":78228,"href":"https:\/\/kidsplay.lt\/lv\/wp-json\/wp\/v2\/product\/78223\/revisions\/78228"}],"wp:featuredmedia":[{"embeddable":true,"href":"https:\/\/kidsplay.lt\/lv\/wp-json\/wp\/v2\/media\/78224"}],"wp:attachment":[{"href":"https:\/\/kidsplay.lt\/lv\/wp-json\/wp\/v2\/media?parent=78223"}],"wp:term":[{"taxonomy":"product_brand","embeddable":true,"href":"https:\/\/kidsplay.lt\/lv\/wp-json\/wp\/v2\/product_brand?post=78223"},{"taxonomy":"product_cat","embeddable":true,"href":"https:\/\/kidsplay.lt\/lv\/wp-json\/wp\/v2\/product_cat?post=78223"},{"taxonomy":"product_tag","embeddable":true,"href":"https:\/\/kidsplay.lt\/lv\/wp-json\/wp\/v2\/product_tag?post=78223"}],"curies":[{"name":"wp","href":"https:\/\/api.w.org\/{rel}","templated":true}]}}