{"id":78234,"date":"2025-10-26T19:37:45","date_gmt":"2025-10-26T17:37:45","guid":{"rendered":"https:\/\/kidsplay.lt\/?post_type=product&#038;p=78234"},"modified":"2025-10-26T19:37:45","modified_gmt":"2025-10-26T17:37:45","slug":"fisher-price-edukacine-kedute-interaktyvus-zaislas-mazyliams-nuo-12-menesiu","status":"publish","type":"product","link":"https:\/\/kidsplay.lt\/lv\/products\/fisher-price-edukacine-kedute-interaktyvus-zaislas-mazyliams-nuo-12-menesiu\/","title":{"rendered":"\u201eFisher-Price\u201c edukacin\u0117 k\u0117dut\u0117 interaktyvus \u017eaislas ma\u017eyliams nuo 12 m\u0117nesi\u0173"},"content":{"rendered":"<div class=\"mpof_ki myre_zn myre_8v_l m389_6m_l\">\n<div class=\"mp4t_16_s mryx_16_s mr3m_1 mli2_1 mh85_56 mh85_0_l\">\n<div class=\"mg9e_8 mj7a_8 mg9e_0_s mvrt_0_s mj7a_0_s mh36_0_s mzmg_6m munh_16_l m3h2_16_l\">\n<div class=\"mp4t_0 mryx_0 munh_56 m3h2_56\">\n<div class=\"mp7g_oh\"><button class=\"mg9e_0 mvrt_0 mj7a_0 mh36_0 mp4t_0 m3h2_0 mryx_0 munh_0 mqen_m6 mpof_z0 mx7m_0 m7er_k4 mse2_k4 msts_pt\" data-analytics-interaction=\"true\" data-analytics-interaction-label=\"zoomable-image-open\" aria-disabled=\"true\"><img decoding=\"async\" class=\"msub_k4 mupj_5k mjru_k4 mse2_k4 mp7g_f6 mq1m_0 mj7u_0 m7er_k4 mqen_m6 m31c_d8 m0ux_fp lazyloaded\" src=\"https:\/\/a.allegroimg.com\/original\/116eb9\/f8017f5f43d0a7d1b5aedf0f472e\/Fisher-Price-Edukacyjny-Fotel-Malucha-Zabawka-interaktywna-12m-HYR95-PL-EAN-GTIN-194735254736\" sizes=\"(min-width: 1200px) 560px, (min-width: 992px) 50vw, 100vw\" srcset=\"https:\/\/a.allegroimg.com\/s360\/116eb9\/f8017f5f43d0a7d1b5aedf0f472e\/Fisher-Price-Edukacyjny-Fotel-Malucha-Zabawka-interaktywna-12m-HYR95-PL-EAN-GTIN-194735254736 360w,https:\/\/a.allegroimg.com\/s720\/116eb9\/f8017f5f43d0a7d1b5aedf0f472e\/Fisher-Price-Edukacyjny-Fotel-Malucha-Zabawka-interaktywna-12m-HYR95-PL-EAN-GTIN-194735254736 720w,https:\/\/a.allegroimg.com\/s1024\/116eb9\/f8017f5f43d0a7d1b5aedf0f472e\/Fisher-Price-Edukacyjny-Fotel-Malucha-Zabawka-interaktywna-12m-HYR95-PL-EAN-GTIN-194735254736 1024w,https:\/\/a.allegroimg.com\/s1440\/116eb9\/f8017f5f43d0a7d1b5aedf0f472e\/Fisher-Price-Edukacyjny-Fotel-Malucha-Zabawka-interaktywna-12m-HYR95-PL-EAN-GTIN-194735254736 1440w,https:\/\/a.allegroimg.com\/original\/116eb9\/f8017f5f43d0a7d1b5aedf0f472e\/Fisher-Price-Edukacyjny-Fotel-Malucha-Zabawka-interaktywna-12m-HYR95-PL-EAN-GTIN-194735254736 1920w\" alt=\"\u201eFisher-Price\u201c edukacin\u0117 k\u0117dut\u0117-interaktyvus \u017eaislas ma\u017eyliams nuo 12 m\u0117n. HYR95 PL EAN (GTIN) 194735254736\" width=\"1920px\" data-srcset=\"\" \/><\/button><\/div>\n<\/div>\n<\/div>\n<\/div>\n<div class=\"mp4t_16_s mryx_16_s mr3m_1 mli2_1 mh85_56 mh85_0_l\">\n<div class=\"mgn2_16 _0d3bd_am0a-\">\n<p><b><span dir=\"auto\">Interaktyvi k\u0117dut\u0117<\/span><\/b><span dir=\"auto\">\u00a0atpa\u017e\u012fsta, kada j\u016bs\u0173 ma\u017eylis atsis\u0117da ir atsistoja, ir reaguoja linksmomis dainel\u0117mis bei fraz\u0117mis.<\/span><\/p>\n<p><span dir=\"auto\">Vaikai \u010dia ras\u00a0<\/span><b><span dir=\"auto\">daug puiki\u0173 veiklos element\u0173<\/span><\/b><span dir=\"auto\">\u00a0, toki\u0173 kaip \u0161vie\u010diantis nuotolinio valdymo pultas su mygtukais, kuriuose pavaizduoti skai\u010diai ir formos, iliustruota knygel\u0117 ir pakeliama s\u0117dyn\u0117 su pasl\u0117ptomis staigmenomis apa\u010dioje.<\/span><\/p>\n<p><b><span dir=\"auto\">Trys mokymosi lygiai<\/span><\/b><span dir=\"auto\">\u00a0si\u016blo daugiau nei\u00a0<\/span><b><span dir=\"auto\">120 aktyvacij\u0173:<\/span><\/b><span dir=\"auto\">\u00a0garsus, dainas ir frazes, kurios \u017eaid\u017eiant supa\u017eindina su raid\u0117mis, formomis, skai\u010diais, skai\u010diavimu ir prie\u0161yb\u0117mis.<\/span><\/p>\n<p><b><span dir=\"auto\">Paspauskite gaublio mygtuk\u0105, kad pasirinktum\u0117te kalb\u0105: lenk\u0173<\/span><\/b><span dir=\"auto\">\u00a0, vengr\u0173, \u010dek\u0173, slovak\u0173 arba angl\u0173. Spalvos ir dekoratyviniai elementai gali skirtis.<\/span><\/p>\n<\/div>\n<\/div>\n<\/div>\n<div class=\"mpof_ki myre_zn myre_8v_l m389_6m_l\">\n<div class=\"mp4t_16_s mryx_16_s mr3m_1 mli2_1 mh85_56 mh85_0_l\">\n<div class=\"mg9e_8 mj7a_8 mg9e_0_s mvrt_0_s mj7a_0_s mh36_0_s mzmg_6m munh_16_l m3h2_16_l\">\n<div class=\"mp4t_0 mryx_0 munh_56 m3h2_56\">\n<div class=\"mp7g_oh\"><button class=\"mg9e_0 mvrt_0 mj7a_0 mh36_0 mp4t_0 m3h2_0 mryx_0 munh_0 mqen_m6 mpof_z0 mx7m_0 m7er_k4 mse2_k4 msts_pt\" data-analytics-interaction=\"true\" data-analytics-interaction-label=\"zoomable-image-open\" aria-disabled=\"true\"><img decoding=\"async\" class=\"msub_k4 mupj_5k mjru_k4 mse2_k4 mp7g_f6 mq1m_0 mj7u_0 m7er_k4 mqen_m6 m31c_d8 m0ux_fp lazyloaded\" src=\"https:\/\/a.allegroimg.com\/original\/1160a0\/b8a4f2514053999cb9b56d47a74d\/Fisher-Price-Edukacyjny-Fotel-Malucha-Zabawka-interaktywna-12m-HYR95-PL-Marka-Fisher-Price\" sizes=\"(min-width: 1200px) 560px, (min-width: 992px) 50vw, 100vw\" srcset=\"https:\/\/a.allegroimg.com\/s360\/1160a0\/b8a4f2514053999cb9b56d47a74d\/Fisher-Price-Edukacyjny-Fotel-Malucha-Zabawka-interaktywna-12m-HYR95-PL-Marka-Fisher-Price 360w,https:\/\/a.allegroimg.com\/s720\/1160a0\/b8a4f2514053999cb9b56d47a74d\/Fisher-Price-Edukacyjny-Fotel-Malucha-Zabawka-interaktywna-12m-HYR95-PL-Marka-Fisher-Price 720w,https:\/\/a.allegroimg.com\/s1024\/1160a0\/b8a4f2514053999cb9b56d47a74d\/Fisher-Price-Edukacyjny-Fotel-Malucha-Zabawka-interaktywna-12m-HYR95-PL-Marka-Fisher-Price 1024w,https:\/\/a.allegroimg.com\/s1440\/1160a0\/b8a4f2514053999cb9b56d47a74d\/Fisher-Price-Edukacyjny-Fotel-Malucha-Zabawka-interaktywna-12m-HYR95-PL-Marka-Fisher-Price 1440w,https:\/\/a.allegroimg.com\/original\/1160a0\/b8a4f2514053999cb9b56d47a74d\/Fisher-Price-Edukacyjny-Fotel-Malucha-Zabawka-interaktywna-12m-HYR95-PL-Marka-Fisher-Price 1920w\" alt=\"\u201eFisher-Price\u201c edukacin\u0117 k\u0117dut\u0117 interaktyvus \u017eaislas ma\u017eyliams nuo 12 m\u0117n. HYR95 PL \u201eFisher-Price\u201c prek\u0117s \u017eenklas\" width=\"1920px\" data-srcset=\"\" \/><\/button><\/div>\n<\/div>\n<\/div>\n<\/div>\n<div class=\"mp4t_16_s mryx_16_s mr3m_1 mli2_1 mh85_56 mh85_0_l\">\n<div class=\"mgn2_16 _0d3bd_am0a-\">\n<p><b><span dir=\"auto\">Raksturojums:<\/span><\/b><\/p>\n<ul>\n<li><span dir=\"auto\">Interaktyvi k\u0117dut\u0117 groja muzik\u0105 ir frazes, kai ma\u017eylis atsis\u0117da ir atsistoja.<\/span><\/li>\n<\/ul>\n<ul>\n<li><span dir=\"auto\">Edukacinis \u017eaislas: 3 mokymosi lygiai supa\u017eindina vaikus su raid\u017ei\u0173, spalv\u0173, form\u0173, skai\u010di\u0173, skai\u010diavimo ir prie\u0161ybi\u0173 pasauliu. Paspauskite gaublio mygtuk\u0105, kad pasirinktum\u0117te kalb\u0105: lenk\u0173, vengr\u0173, \u010dek\u0173, slovak\u0173 arba angl\u0173.<\/span><\/li>\n<\/ul>\n<\/div>\n<\/div>\n<\/div>\n<div class=\"mpof_ki myre_zn myre_8v_l m389_6m_l\">\n<div class=\"mp4t_16_s mryx_16_s mr3m_1 mli2_1 mh85_56 mh85_0_l\">\n<div class=\"mgn2_16 _0d3bd_am0a-\">\n<ul>\n<li><span dir=\"auto\">Aktyvavimo elementai yra iliustruota bro\u0161i\u016bra, ap\u0161viestas nuotolinio valdymo pultas ir pakeliama s\u0117dyn\u0117 su netik\u0117tais paveiksl\u0117liais apa\u010dioje.<\/span><\/li>\n<\/ul>\n<ul>\n<li><span dir=\"auto\">\u0160is \u017eaislas berniukams ir mergait\u0117ms padeda lavinti miklum\u0105 ir motorinius \u012fg\u016bd\u017eius bei supa\u017eindina vaikus nuo 1 met\u0173 am\u017eiaus su prie\u017easties ir pasekm\u0117s principais. (Maksimalus vaiko svoris: 25 kg).<\/span><\/li>\n<\/ul>\n<ul>\n<li><span dir=\"auto\">\u0160is lavinamasis interaktyvus \u017eaislas yra puiki dovana pirmojo gimtadienio proga, 2 met\u0173 ar 3 met\u0173 vaikui \u2013 gimtadienio, Vaik\u0173 dienos ar Kal\u0117d\u0173 proga.<\/span><\/li>\n<\/ul>\n<\/div>\n<\/div>\n<\/div>\n<div class=\"mpof_ki myre_zn myre_8v_l m389_6m_l\">\n<div class=\"mp4t_16_s mryx_16_s mr3m_1 mli2_1 mh85_56 mh85_0_l\">\n<div class=\"mg9e_8 mj7a_8 mg9e_0_s mvrt_0_s mj7a_0_s mh36_0_s mzmg_6m munh_16_l m3h2_16_l\">\n<div class=\"mp4t_0 mryx_0 munh_56 m3h2_56\">\n<div class=\"mp7g_oh\"><button class=\"mg9e_0 mvrt_0 mj7a_0 mh36_0 mp4t_0 m3h2_0 mryx_0 munh_0 mqen_m6 mpof_z0 mx7m_0 m7er_k4 mse2_k4 msts_pt\" data-analytics-interaction=\"true\" data-analytics-interaction-label=\"zoomable-image-open\" aria-disabled=\"true\"><img decoding=\"async\" class=\"msub_k4 mupj_5k mjru_k4 mse2_k4 mp7g_f6 mq1m_0 mj7u_0 m7er_k4 mqen_m6 m31c_d8 m0ux_fp lazyloaded\" src=\"https:\/\/a.allegroimg.com\/original\/1160a0\/b8a4f2514053999cb9b56d47a74d\/Fisher-Price-Edukacyjny-Fotel-Malucha-Zabawka-interaktywna-12m-HYR95-PL-Marka-Fisher-Price\" sizes=\"(min-width: 1200px) 560px, (min-width: 992px) 50vw, 100vw\" srcset=\"https:\/\/a.allegroimg.com\/s360\/1160a0\/b8a4f2514053999cb9b56d47a74d\/Fisher-Price-Edukacyjny-Fotel-Malucha-Zabawka-interaktywna-12m-HYR95-PL-Marka-Fisher-Price 360w,https:\/\/a.allegroimg.com\/s720\/1160a0\/b8a4f2514053999cb9b56d47a74d\/Fisher-Price-Edukacyjny-Fotel-Malucha-Zabawka-interaktywna-12m-HYR95-PL-Marka-Fisher-Price 720w,https:\/\/a.allegroimg.com\/s1024\/1160a0\/b8a4f2514053999cb9b56d47a74d\/Fisher-Price-Edukacyjny-Fotel-Malucha-Zabawka-interaktywna-12m-HYR95-PL-Marka-Fisher-Price 1024w,https:\/\/a.allegroimg.com\/s1440\/1160a0\/b8a4f2514053999cb9b56d47a74d\/Fisher-Price-Edukacyjny-Fotel-Malucha-Zabawka-interaktywna-12m-HYR95-PL-Marka-Fisher-Price 1440w,https:\/\/a.allegroimg.com\/original\/1160a0\/b8a4f2514053999cb9b56d47a74d\/Fisher-Price-Edukacyjny-Fotel-Malucha-Zabawka-interaktywna-12m-HYR95-PL-Marka-Fisher-Price 1920w\" alt=\"\u201eFisher-Price\u201c edukacin\u0117 k\u0117dut\u0117 interaktyvus \u017eaislas ma\u017eyliams nuo 12 m\u0117n. HYR95 PL \u201eFisher-Price\u201c prek\u0117s \u017eenklas\" width=\"1920px\" data-srcset=\"\" \/><\/button><\/div>\n<\/div>\n<\/div>\n<\/div>\n<div class=\"mp4t_16_s mryx_16_s mr3m_1 mli2_1 mh85_56 mh85_0_l\">\n<div class=\"mgn2_16 _0d3bd_am0a-\">\n<p><span dir=\"auto\">Am\u017eius\u00a0\u00a0<\/span><b><span dir=\"auto\">12M+<\/span><\/b><\/p>\n<p><span dir=\"auto\">Reikalingos baterijos\u00a0<\/span><b><span dir=\"auto\">TAIP<\/span><\/b><\/p>\n<p><span dir=\"auto\">Baterijos pridedamos\u00a0<\/span><b><span dir=\"auto\">NE<\/span><\/b><\/p>\n<p><span dir=\"auto\">Baterij\u0173 skai\u010dius:\u00a0\u00a0<\/span><b><span dir=\"auto\">3<\/span><\/b><\/p>\n<p><span dir=\"auto\">Baterijos tipas\u00a0\u00a0<\/span><b><span dir=\"auto\">AA (LR6) \u0161armin\u0117<\/span><\/b><\/p>\n<p><span dir=\"auto\">Iepakojuma saturs:\u00a0<\/span><b><span dir=\"auto\">1 \u017eaislas.<\/span><\/b><\/p>\n<\/div>\n<\/div>\n<\/div>\n<div class=\"mpof_ki myre_zn myre_8v_l m389_6m_l\">\n<div class=\"mp4t_16_s mryx_16_s mr3m_1 mli2_1 mh85_56 mh85_0_l\">\n<div class=\"mg9e_8 mj7a_8 mg9e_0_s mvrt_0_s mj7a_0_s mh36_0_s mzmg_6m munh_16_l m3h2_16_l\">\n<div class=\"mp4t_0 mryx_0 munh_56 m3h2_56\">\n<div class=\"mp7g_oh\"><button class=\"mg9e_0 mvrt_0 mj7a_0 mh36_0 mp4t_0 m3h2_0 mryx_0 munh_0 mqen_m6 mpof_z0 mx7m_0 m7er_k4 mse2_k4 msts_pt\" data-analytics-interaction=\"true\" data-analytics-interaction-label=\"zoomable-image-open\" aria-disabled=\"true\"><img decoding=\"async\" class=\"msub_k4 mupj_5k mjru_k4 mse2_k4 mp7g_f6 mq1m_0 mj7u_0 m7er_k4 mqen_m6 m31c_d8 m0ux_fp lazyloaded\" src=\"https:\/\/a.allegroimg.com\/original\/112434\/93f72dc34159b4d5b7cd66a8ed17\/Fisher-Price-Edukacyjny-Fotel-Malucha-Zabawka-interaktywna-12m-HYR95-PL-Wiek-dziecka-12-m\" sizes=\"100vw\" srcset=\"https:\/\/a.allegroimg.com\/s360\/112434\/93f72dc34159b4d5b7cd66a8ed17\/Fisher-Price-Edukacyjny-Fotel-Malucha-Zabawka-interaktywna-12m-HYR95-PL-Wiek-dziecka-12-m 360w,https:\/\/a.allegroimg.com\/s720\/112434\/93f72dc34159b4d5b7cd66a8ed17\/Fisher-Price-Edukacyjny-Fotel-Malucha-Zabawka-interaktywna-12m-HYR95-PL-Wiek-dziecka-12-m 720w,https:\/\/a.allegroimg.com\/s1024\/112434\/93f72dc34159b4d5b7cd66a8ed17\/Fisher-Price-Edukacyjny-Fotel-Malucha-Zabawka-interaktywna-12m-HYR95-PL-Wiek-dziecka-12-m 1024w,https:\/\/a.allegroimg.com\/s1440\/112434\/93f72dc34159b4d5b7cd66a8ed17\/Fisher-Price-Edukacyjny-Fotel-Malucha-Zabawka-interaktywna-12m-HYR95-PL-Wiek-dziecka-12-m 1440w,https:\/\/a.allegroimg.com\/original\/112434\/93f72dc34159b4d5b7cd66a8ed17\/Fisher-Price-Edukacyjny-Fotel-Malucha-Zabawka-interaktywna-12m-HYR95-PL-Wiek-dziecka-12-m 2560w\" alt=\"\u201eFisher-Price\u201c edukacin\u0117 k\u0117dut\u0117 interaktyvus \u017eaislas ma\u017eyliams nuo 12 m\u0117n. HYR95 PL Vaiko am\u017eius 12 m\u0117n.+\" width=\"2560px\" data-srcset=\"\" \/><\/button><\/div>\n<\/div>\n<\/div>\n<\/div>\n<\/div>","protected":false},"excerpt":{"rendered":"<p>Interaktyvi k\u0117dut\u0117\u00a0atpa\u017e\u012fsta, kada j\u016bs\u0173 ma\u017eylis atsis\u0117da ir atsistoja, ir reaguoja linksmomis dainel\u0117mis bei fraz\u0117mis. Vaikai \u010dia ras\u00a0daug puiki\u0173 veiklos element\u0173\u00a0,<\/p>","protected":false},"featured_media":78235,"template":"","meta":{"_acf_changed":false,"_glsr_average":0,"_glsr_ranking":0,"_glsr_reviews":0},"product_brand":[],"product_cat":[396,229],"product_tag":[],"class_list":{"0":"post-78234","1":"product","2":"type-product","3":"status-publish","4":"has-post-thumbnail","6":"product_cat-kudikiu-zaislai-vaikams2","7":"product_cat-zaislai-vaikams","8":"\"style=\"background-color: #2ecc711c;\"","10":"first","11":"instock","12":"shipping-taxable","13":"purchasable","14":"product-type-simple"},"acf":[],"yoast_head":"<!-- This site is optimized with the Yoast SEO plugin v27.3 - https:\/\/yoast.com\/product\/yoast-seo-wordpress\/ -->\n<title>\u201eFisher-Price\u201c edukacin\u0117 k\u0117dut\u0117 interaktyvus \u017eaislas ma\u017eyliams nuo 12 m\u0117nesi\u0173 - KidsPlay<\/title>\n<meta name=\"description\" content=\"\u201eFisher-Price\u201c edukacin\u0117 k\u0117dut\u0117 interaktyvus \u017eaislas ma\u017eyliams nuo 12 m\u0117nesi\u0173 - KidsPlay. Did\u017eiausias vaik\u0173 \u017eaisl\u0173 pasirinkimas.\" \/>\n<meta name=\"robots\" content=\"index, follow, max-snippet:-1, max-image-preview:large, max-video-preview:-1\" \/>\n<link rel=\"canonical\" href=\"https:\/\/kidsplay.lt\/lv\/products\/fisher-price-edukacine-kedute-interaktyvus-zaislas-mazyliams-nuo-12-menesiu\/\" \/>\n<meta property=\"og:locale\" content=\"lv_LV\" \/>\n<meta property=\"og:type\" content=\"article\" \/>\n<meta property=\"og:title\" content=\"\u201eFisher-Price\u201c edukacin\u0117 k\u0117dut\u0117 interaktyvus \u017eaislas ma\u017eyliams nuo 12 m\u0117nesi\u0173 - KidsPlay\" \/>\n<meta property=\"og:description\" content=\"\u201eFisher-Price\u201c edukacin\u0117 k\u0117dut\u0117 interaktyvus \u017eaislas ma\u017eyliams nuo 12 m\u0117nesi\u0173 - KidsPlay. Did\u017eiausias vaik\u0173 \u017eaisl\u0173 pasirinkimas.\" \/>\n<meta property=\"og:url\" content=\"https:\/\/kidsplay.lt\/lv\/products\/fisher-price-edukacine-kedute-interaktyvus-zaislas-mazyliams-nuo-12-menesiu\/\" \/>\n<meta property=\"og:site_name\" content=\"KidsPlay\" \/>\n<meta property=\"article:publisher\" content=\"https:\/\/www.facebook.com\/www.kidsplay.lt\" \/>\n<meta property=\"og:image\" content=\"https:\/\/kidsplay.lt\/wp-content\/uploads\/2025\/10\/Screenshot_509-1.png\" \/>\n\t<meta property=\"og:image:width\" content=\"626\" \/>\n\t<meta property=\"og:image:height\" content=\"482\" \/>\n\t<meta property=\"og:image:type\" content=\"image\/png\" \/>\n<meta name=\"twitter:card\" content=\"summary_large_image\" \/>\n<meta name=\"twitter:label1\" content=\"Est. reading time\" \/>\n\t<meta name=\"twitter:data1\" content=\"3 min\u016btes\" \/>\n<script type=\"application\/ld+json\" class=\"yoast-schema-graph\">{\"@context\":\"https:\\\/\\\/schema.org\",\"@graph\":[{\"@type\":\"WebPage\",\"@id\":\"https:\\\/\\\/kidsplay.lt\\\/produktas\\\/fisher-price-edukacine-kedute-interaktyvus-zaislas-mazyliams-nuo-12-menesiu\\\/\",\"url\":\"https:\\\/\\\/kidsplay.lt\\\/produktas\\\/fisher-price-edukacine-kedute-interaktyvus-zaislas-mazyliams-nuo-12-menesiu\\\/\",\"name\":\"\u201eFisher-Price\u201c edukacin\u0117 k\u0117dut\u0117 interaktyvus \u017eaislas ma\u017eyliams nuo 12 m\u0117nesi\u0173 - KidsPlay\",\"isPartOf\":{\"@id\":\"https:\\\/\\\/kidsplay.lt\\\/#website\"},\"primaryImageOfPage\":{\"@id\":\"https:\\\/\\\/kidsplay.lt\\\/produktas\\\/fisher-price-edukacine-kedute-interaktyvus-zaislas-mazyliams-nuo-12-menesiu\\\/#primaryimage\"},\"image\":{\"@id\":\"https:\\\/\\\/kidsplay.lt\\\/produktas\\\/fisher-price-edukacine-kedute-interaktyvus-zaislas-mazyliams-nuo-12-menesiu\\\/#primaryimage\"},\"thumbnailUrl\":\"https:\\\/\\\/kidsplay.lt\\\/wp-content\\\/uploads\\\/2025\\\/10\\\/Screenshot_509-1.png\",\"datePublished\":\"2025-10-26T17:37:45+00:00\",\"description\":\"\u201eFisher-Price\u201c edukacin\u0117 k\u0117dut\u0117 interaktyvus \u017eaislas ma\u017eyliams nuo 12 m\u0117nesi\u0173 - KidsPlay. Did\u017eiausias vaik\u0173 \u017eaisl\u0173 pasirinkimas.\",\"breadcrumb\":{\"@id\":\"https:\\\/\\\/kidsplay.lt\\\/produktas\\\/fisher-price-edukacine-kedute-interaktyvus-zaislas-mazyliams-nuo-12-menesiu\\\/#breadcrumb\"},\"inLanguage\":\"lv-LV\",\"potentialAction\":[{\"@type\":\"ReadAction\",\"target\":[\"https:\\\/\\\/kidsplay.lt\\\/produktas\\\/fisher-price-edukacine-kedute-interaktyvus-zaislas-mazyliams-nuo-12-menesiu\\\/\"]}]},{\"@type\":\"ImageObject\",\"inLanguage\":\"lv-LV\",\"@id\":\"https:\\\/\\\/kidsplay.lt\\\/produktas\\\/fisher-price-edukacine-kedute-interaktyvus-zaislas-mazyliams-nuo-12-menesiu\\\/#primaryimage\",\"url\":\"https:\\\/\\\/kidsplay.lt\\\/wp-content\\\/uploads\\\/2025\\\/10\\\/Screenshot_509-1.png\",\"contentUrl\":\"https:\\\/\\\/kidsplay.lt\\\/wp-content\\\/uploads\\\/2025\\\/10\\\/Screenshot_509-1.png\",\"width\":626,\"height\":482},{\"@type\":\"BreadcrumbList\",\"@id\":\"https:\\\/\\\/kidsplay.lt\\\/produktas\\\/fisher-price-edukacine-kedute-interaktyvus-zaislas-mazyliams-nuo-12-menesiu\\\/#breadcrumb\",\"itemListElement\":[{\"@type\":\"ListItem\",\"position\":1,\"name\":\"Pagrindinis\",\"item\":\"https:\\\/\\\/kidsplay.lt\\\/\"},{\"@type\":\"ListItem\",\"position\":2,\"name\":\"Parduotuv\u0117\",\"item\":\"https:\\\/\\\/kidsplay.lt\\\/parduotuve\\\/\"},{\"@type\":\"ListItem\",\"position\":3,\"name\":\"\u201eFisher-Price\u201c edukacin\u0117 k\u0117dut\u0117 interaktyvus \u017eaislas ma\u017eyliams nuo 12 m\u0117nesi\u0173\"}]},{\"@type\":\"WebSite\",\"@id\":\"https:\\\/\\\/kidsplay.lt\\\/#website\",\"url\":\"https:\\\/\\\/kidsplay.lt\\\/\",\"name\":\"Kidsplay.lt\",\"description\":\"\u012evairios prek\u0117s vaikams\",\"publisher\":{\"@id\":\"https:\\\/\\\/kidsplay.lt\\\/#organization\"},\"alternateName\":\"Kidsplay\",\"potentialAction\":[{\"@type\":\"SearchAction\",\"target\":{\"@type\":\"EntryPoint\",\"urlTemplate\":\"https:\\\/\\\/kidsplay.lt\\\/?s={search_term_string}\"},\"query-input\":{\"@type\":\"PropertyValueSpecification\",\"valueRequired\":true,\"valueName\":\"search_term_string\"}}],\"inLanguage\":\"lv-LV\"},{\"@type\":\"Organization\",\"@id\":\"https:\\\/\\\/kidsplay.lt\\\/#organization\",\"name\":\"KidsPlay\",\"url\":\"https:\\\/\\\/kidsplay.lt\\\/\",\"logo\":{\"@type\":\"ImageObject\",\"inLanguage\":\"lv-LV\",\"@id\":\"https:\\\/\\\/kidsplay.lt\\\/#\\\/schema\\\/logo\\\/image\\\/\",\"url\":\"https:\\\/\\\/kidsplay.lt\\\/wp-content\\\/uploads\\\/2023\\\/07\\\/kidsplay-logo.png\",\"contentUrl\":\"https:\\\/\\\/kidsplay.lt\\\/wp-content\\\/uploads\\\/2023\\\/07\\\/kidsplay-logo.png\",\"width\":451,\"height\":98,\"caption\":\"KidsPlay\"},\"image\":{\"@id\":\"https:\\\/\\\/kidsplay.lt\\\/#\\\/schema\\\/logo\\\/image\\\/\"},\"sameAs\":[\"https:\\\/\\\/www.facebook.com\\\/www.kidsplay.lt\"]}]}<\/script>\n<!-- \/ Yoast SEO plugin. -->","yoast_head_json":{"title":"\u201eFisher-Price\u201c edukacin\u0117 k\u0117dut\u0117 interaktyvus \u017eaislas ma\u017eyliams nuo 12 m\u0117nesi\u0173 - KidsPlay","description":"\u201eFisher-Price\u201c edukacin\u0117 k\u0117dut\u0117 interaktyvus \u017eaislas ma\u017eyliams nuo 12 m\u0117nesi\u0173 - KidsPlay. Did\u017eiausias vaik\u0173 \u017eaisl\u0173 pasirinkimas.","robots":{"index":"index","follow":"follow","max-snippet":"max-snippet:-1","max-image-preview":"max-image-preview:large","max-video-preview":"max-video-preview:-1"},"canonical":"https:\/\/kidsplay.lt\/lv\/products\/fisher-price-edukacine-kedute-interaktyvus-zaislas-mazyliams-nuo-12-menesiu\/","og_locale":"lv_LV","og_type":"article","og_title":"\u201eFisher-Price\u201c edukacin\u0117 k\u0117dut\u0117 interaktyvus \u017eaislas ma\u017eyliams nuo 12 m\u0117nesi\u0173 - KidsPlay","og_description":"\u201eFisher-Price\u201c edukacin\u0117 k\u0117dut\u0117 interaktyvus \u017eaislas ma\u017eyliams nuo 12 m\u0117nesi\u0173 - KidsPlay. Did\u017eiausias vaik\u0173 \u017eaisl\u0173 pasirinkimas.","og_url":"https:\/\/kidsplay.lt\/lv\/products\/fisher-price-edukacine-kedute-interaktyvus-zaislas-mazyliams-nuo-12-menesiu\/","og_site_name":"KidsPlay","article_publisher":"https:\/\/www.facebook.com\/www.kidsplay.lt","og_image":[{"width":626,"height":482,"url":"https:\/\/kidsplay.lt\/wp-content\/uploads\/2025\/10\/Screenshot_509-1.png","type":"image\/png"}],"twitter_card":"summary_large_image","twitter_misc":{"Est. reading time":"3 min\u016btes"},"schema":{"@context":"https:\/\/schema.org","@graph":[{"@type":"WebPage","@id":"https:\/\/kidsplay.lt\/produktas\/fisher-price-edukacine-kedute-interaktyvus-zaislas-mazyliams-nuo-12-menesiu\/","url":"https:\/\/kidsplay.lt\/produktas\/fisher-price-edukacine-kedute-interaktyvus-zaislas-mazyliams-nuo-12-menesiu\/","name":"\u201eFisher-Price\u201c edukacin\u0117 k\u0117dut\u0117 interaktyvus \u017eaislas ma\u017eyliams nuo 12 m\u0117nesi\u0173 - KidsPlay","isPartOf":{"@id":"https:\/\/kidsplay.lt\/#website"},"primaryImageOfPage":{"@id":"https:\/\/kidsplay.lt\/produktas\/fisher-price-edukacine-kedute-interaktyvus-zaislas-mazyliams-nuo-12-menesiu\/#primaryimage"},"image":{"@id":"https:\/\/kidsplay.lt\/produktas\/fisher-price-edukacine-kedute-interaktyvus-zaislas-mazyliams-nuo-12-menesiu\/#primaryimage"},"thumbnailUrl":"https:\/\/kidsplay.lt\/wp-content\/uploads\/2025\/10\/Screenshot_509-1.png","datePublished":"2025-10-26T17:37:45+00:00","description":"\u201eFisher-Price\u201c edukacin\u0117 k\u0117dut\u0117 interaktyvus \u017eaislas ma\u017eyliams nuo 12 m\u0117nesi\u0173 - KidsPlay. Did\u017eiausias vaik\u0173 \u017eaisl\u0173 pasirinkimas.","breadcrumb":{"@id":"https:\/\/kidsplay.lt\/produktas\/fisher-price-edukacine-kedute-interaktyvus-zaislas-mazyliams-nuo-12-menesiu\/#breadcrumb"},"inLanguage":"lv-LV","potentialAction":[{"@type":"ReadAction","target":["https:\/\/kidsplay.lt\/produktas\/fisher-price-edukacine-kedute-interaktyvus-zaislas-mazyliams-nuo-12-menesiu\/"]}]},{"@type":"ImageObject","inLanguage":"lv-LV","@id":"https:\/\/kidsplay.lt\/produktas\/fisher-price-edukacine-kedute-interaktyvus-zaislas-mazyliams-nuo-12-menesiu\/#primaryimage","url":"https:\/\/kidsplay.lt\/wp-content\/uploads\/2025\/10\/Screenshot_509-1.png","contentUrl":"https:\/\/kidsplay.lt\/wp-content\/uploads\/2025\/10\/Screenshot_509-1.png","width":626,"height":482},{"@type":"BreadcrumbList","@id":"https:\/\/kidsplay.lt\/produktas\/fisher-price-edukacine-kedute-interaktyvus-zaislas-mazyliams-nuo-12-menesiu\/#breadcrumb","itemListElement":[{"@type":"ListItem","position":1,"name":"Pagrindinis","item":"https:\/\/kidsplay.lt\/"},{"@type":"ListItem","position":2,"name":"Parduotuv\u0117","item":"https:\/\/kidsplay.lt\/parduotuve\/"},{"@type":"ListItem","position":3,"name":"\u201eFisher-Price\u201c edukacin\u0117 k\u0117dut\u0117 interaktyvus \u017eaislas ma\u017eyliams nuo 12 m\u0117nesi\u0173"}]},{"@type":"WebSite","@id":"https:\/\/kidsplay.lt\/#website","url":"https:\/\/kidsplay.lt\/","name":"B\u0113rnu sp\u0113les.lv","description":"\u012evairios prek\u0117s vaikams","publisher":{"@id":"https:\/\/kidsplay.lt\/#organization"},"alternateName":"Kidsplay","potentialAction":[{"@type":"SearchAction","target":{"@type":"EntryPoint","urlTemplate":"https:\/\/kidsplay.lt\/?s={search_term_string}"},"query-input":{"@type":"PropertyValueSpecification","valueRequired":true,"valueName":"search_term_string"}}],"inLanguage":"lv-LV"},{"@type":"Organization","@id":"https:\/\/kidsplay.lt\/#organization","name":"B\u0113rnu sp\u0113le","url":"https:\/\/kidsplay.lt\/","logo":{"@type":"ImageObject","inLanguage":"lv-LV","@id":"https:\/\/kidsplay.lt\/#\/schema\/logo\/image\/","url":"https:\/\/kidsplay.lt\/wp-content\/uploads\/2023\/07\/kidsplay-logo.png","contentUrl":"https:\/\/kidsplay.lt\/wp-content\/uploads\/2023\/07\/kidsplay-logo.png","width":451,"height":98,"caption":"KidsPlay"},"image":{"@id":"https:\/\/kidsplay.lt\/#\/schema\/logo\/image\/"},"sameAs":["https:\/\/www.facebook.com\/www.kidsplay.lt"]}]}},"_links":{"self":[{"href":"https:\/\/kidsplay.lt\/lv\/wp-json\/wp\/v2\/product\/78234","targetHints":{"allow":["GET"]}}],"collection":[{"href":"https:\/\/kidsplay.lt\/lv\/wp-json\/wp\/v2\/product"}],"about":[{"href":"https:\/\/kidsplay.lt\/lv\/wp-json\/wp\/v2\/types\/product"}],"version-history":[{"count":1,"href":"https:\/\/kidsplay.lt\/lv\/wp-json\/wp\/v2\/product\/78234\/revisions"}],"predecessor-version":[{"id":78240,"href":"https:\/\/kidsplay.lt\/lv\/wp-json\/wp\/v2\/product\/78234\/revisions\/78240"}],"wp:featuredmedia":[{"embeddable":true,"href":"https:\/\/kidsplay.lt\/lv\/wp-json\/wp\/v2\/media\/78235"}],"wp:attachment":[{"href":"https:\/\/kidsplay.lt\/lv\/wp-json\/wp\/v2\/media?parent=78234"}],"wp:term":[{"taxonomy":"product_brand","embeddable":true,"href":"https:\/\/kidsplay.lt\/lv\/wp-json\/wp\/v2\/product_brand?post=78234"},{"taxonomy":"product_cat","embeddable":true,"href":"https:\/\/kidsplay.lt\/lv\/wp-json\/wp\/v2\/product_cat?post=78234"},{"taxonomy":"product_tag","embeddable":true,"href":"https:\/\/kidsplay.lt\/lv\/wp-json\/wp\/v2\/product_tag?post=78234"}],"curies":[{"name":"wp","href":"https:\/\/api.w.org\/{rel}","templated":true}]}}