{"id":78304,"date":"2025-10-26T20:07:06","date_gmt":"2025-10-26T18:07:06","guid":{"rendered":"https:\/\/kidsplay.lt\/?post_type=product&#038;p=78304"},"modified":"2025-12-30T09:18:24","modified_gmt":"2025-12-30T07:18:24","slug":"kinderplay-leliu-vezimelis","status":"publish","type":"product","link":"https:\/\/kidsplay.lt\/lv\/products\/kinderplay-leliu-vezimelis\/","title":{"rendered":"KINDERPLAY L\u0116LI\u0172 VE\u017dIM\u0116LIS"},"content":{"rendered":"<h1><span dir=\"auto\">Ve\u017eim\u0117lis l\u0117li\u0173 \u017eaidimui<\/span><\/h1>\n<ul>\n<li><span dir=\"auto\">Katalogo numeris: KP0260S<\/span><\/li>\n<\/ul>\n<h2><span dir=\"auto\">Svarbiausi privalumai:<\/span><\/h2>\n<ul>\n<li><b><span dir=\"auto\">lengvas<\/span><\/b><span dir=\"auto\">\u00a0un\u00a0<\/span><b><span dir=\"auto\">stabilus dizainas<\/span><\/b><span dir=\"auto\">\u00a0(aliuminio ve\u017eim\u0117lio vamzd\u017eiai)<\/span><\/li>\n<li><b><span dir=\"auto\">putplas\u010dio gumos ratukai<\/span><\/b><span dir=\"auto\">\u00a0(nesubrai\u017eantys grind\u0173)<\/span><\/li>\n<li><b><span dir=\"auto\">greitas sulankstymas<\/span><\/b><\/li>\n<li><b><span dir=\"auto\">rankena su mink\u0161ta<\/span><\/b><span dir=\"auto\">\u00a0rankena (maloni liesti)<\/span><\/li>\n<\/ul>\n<p><b><\/b><b><span dir=\"auto\">\u201eKinderplay\u201c<\/span><\/b><span dir=\"auto\">\u00a0l\u0117li\u0173\u00a0<b>ve\u017eim\u0117lis<\/b>\u00a0yra\u00a0<\/span><b><span dir=\"auto\">gra\u017eus \u017eaislas,<\/span><\/b><span dir=\"auto\">\u00a0kuris tikrai patiks\u00a0<\/span><b><span dir=\"auto\">kiekvienai mergaitei<\/span><\/b><span dir=\"auto\">\u00a0. I\u0161laikytas tradiciniu stiliumi ir patraukliomis spalvomis.\u00a0<\/span><b><span dir=\"auto\">Tvirtas<\/span><\/b><span dir=\"auto\">\u00a0ve\u017eim\u0117lio r\u0117mas pagamintas i\u0161 aliuminio.\u00a0<\/span><b><span dir=\"auto\">Rankena su mink\u0161ta danga<\/span><\/b><span dir=\"auto\">\u00a0u\u017etikrins\u00a0<\/span><b><span dir=\"auto\">patog\u0173 ve\u017eim\u0117lio valdym\u0105<\/span><\/b><span dir=\"auto\">\u00a0.<\/span><\/p>","protected":false},"excerpt":{"rendered":"<p>Ve\u017eim\u0117lis l\u0117li\u0173 \u017eaidimui Katalogo numeris: KP0260S Svarbiausi privalumai: lengvas\u00a0ir\u00a0stabilus dizainas\u00a0(aliuminio ve\u017eim\u0117lio vamzd\u017eiai) putplas\u010dio gumos ratukai\u00a0(nesubrai\u017eantys grind\u0173) greitas sulankstymas rankena su<\/p>","protected":false},"featured_media":78305,"template":"","meta":{"_acf_changed":false,"_glsr_average":0,"_glsr_ranking":0,"_glsr_reviews":0},"product_brand":[],"product_cat":[443,295,229],"product_tag":[],"class_list":{"0":"post-78304","1":"product","2":"type-product","3":"status-publish","4":"has-post-thumbnail","6":"product_cat-leles-ir-priedai","7":"product_cat-vezimeliai-lelems","8":"product_cat-zaislai-vaikams","9":"\"style=\"background-color: #2ecc711c;\"","11":"first","12":"instock","13":"shipping-taxable","14":"purchasable","15":"product-type-simple"},"acf":[],"yoast_head":"<!-- This site is optimized with the Yoast SEO plugin v27.3 - https:\/\/yoast.com\/product\/yoast-seo-wordpress\/ -->\n<title>KINDERPLAY L\u0116LI\u0172 VE\u017dIM\u0116LIS - KidsPlay<\/title>\n<meta name=\"description\" content=\"KINDERPLAY L\u0116LI\u0172 VE\u017dIM\u0116LIS - KidsPlay. Did\u017eiausias vaik\u0173 \u017eaisl\u0173 pasirinkimas.\" \/>\n<meta name=\"robots\" content=\"index, follow, max-snippet:-1, max-image-preview:large, max-video-preview:-1\" \/>\n<link rel=\"canonical\" href=\"https:\/\/kidsplay.lt\/lv\/products\/kinderplay-leliu-vezimelis\/\" \/>\n<meta property=\"og:locale\" content=\"lv_LV\" \/>\n<meta property=\"og:type\" content=\"article\" \/>\n<meta property=\"og:title\" content=\"KINDERPLAY L\u0116LI\u0172 VE\u017dIM\u0116LIS - KidsPlay\" \/>\n<meta property=\"og:description\" content=\"KINDERPLAY L\u0116LI\u0172 VE\u017dIM\u0116LIS - KidsPlay. Did\u017eiausias vaik\u0173 \u017eaisl\u0173 pasirinkimas.\" \/>\n<meta property=\"og:url\" content=\"https:\/\/kidsplay.lt\/lv\/products\/kinderplay-leliu-vezimelis\/\" \/>\n<meta property=\"og:site_name\" content=\"KidsPlay\" \/>\n<meta property=\"article:publisher\" content=\"https:\/\/www.facebook.com\/www.kidsplay.lt\" \/>\n<meta property=\"article:modified_time\" content=\"2025-12-30T07:18:24+00:00\" \/>\n<meta property=\"og:image\" content=\"https:\/\/kidsplay.lt\/wp-content\/uploads\/2025\/10\/Screenshot_555-1.png\" \/>\n\t<meta property=\"og:image:width\" content=\"591\" \/>\n\t<meta property=\"og:image:height\" content=\"544\" \/>\n\t<meta property=\"og:image:type\" content=\"image\/png\" \/>\n<meta name=\"twitter:card\" content=\"summary_large_image\" \/>\n<meta name=\"twitter:label1\" content=\"Est. reading time\" \/>\n\t<meta name=\"twitter:data1\" content=\"1 min\u016bte\" \/>\n<script type=\"application\/ld+json\" class=\"yoast-schema-graph\">{\"@context\":\"https:\\\/\\\/schema.org\",\"@graph\":[{\"@type\":\"WebPage\",\"@id\":\"https:\\\/\\\/kidsplay.lt\\\/produktas\\\/kinderplay-leliu-vezimelis\\\/\",\"url\":\"https:\\\/\\\/kidsplay.lt\\\/produktas\\\/kinderplay-leliu-vezimelis\\\/\",\"name\":\"KINDERPLAY L\u0116LI\u0172 VE\u017dIM\u0116LIS - KidsPlay\",\"isPartOf\":{\"@id\":\"https:\\\/\\\/kidsplay.lt\\\/#website\"},\"primaryImageOfPage\":{\"@id\":\"https:\\\/\\\/kidsplay.lt\\\/produktas\\\/kinderplay-leliu-vezimelis\\\/#primaryimage\"},\"image\":{\"@id\":\"https:\\\/\\\/kidsplay.lt\\\/produktas\\\/kinderplay-leliu-vezimelis\\\/#primaryimage\"},\"thumbnailUrl\":\"https:\\\/\\\/kidsplay.lt\\\/wp-content\\\/uploads\\\/2025\\\/10\\\/Screenshot_555-1.png\",\"datePublished\":\"2025-10-26T18:07:06+00:00\",\"dateModified\":\"2025-12-30T07:18:24+00:00\",\"description\":\"KINDERPLAY L\u0116LI\u0172 VE\u017dIM\u0116LIS - KidsPlay. Did\u017eiausias vaik\u0173 \u017eaisl\u0173 pasirinkimas.\",\"breadcrumb\":{\"@id\":\"https:\\\/\\\/kidsplay.lt\\\/produktas\\\/kinderplay-leliu-vezimelis\\\/#breadcrumb\"},\"inLanguage\":\"lv-LV\",\"potentialAction\":[{\"@type\":\"ReadAction\",\"target\":[\"https:\\\/\\\/kidsplay.lt\\\/produktas\\\/kinderplay-leliu-vezimelis\\\/\"]}]},{\"@type\":\"ImageObject\",\"inLanguage\":\"lv-LV\",\"@id\":\"https:\\\/\\\/kidsplay.lt\\\/produktas\\\/kinderplay-leliu-vezimelis\\\/#primaryimage\",\"url\":\"https:\\\/\\\/kidsplay.lt\\\/wp-content\\\/uploads\\\/2025\\\/10\\\/Screenshot_555-1.png\",\"contentUrl\":\"https:\\\/\\\/kidsplay.lt\\\/wp-content\\\/uploads\\\/2025\\\/10\\\/Screenshot_555-1.png\",\"width\":591,\"height\":544},{\"@type\":\"BreadcrumbList\",\"@id\":\"https:\\\/\\\/kidsplay.lt\\\/produktas\\\/kinderplay-leliu-vezimelis\\\/#breadcrumb\",\"itemListElement\":[{\"@type\":\"ListItem\",\"position\":1,\"name\":\"Pagrindinis\",\"item\":\"https:\\\/\\\/kidsplay.lt\\\/\"},{\"@type\":\"ListItem\",\"position\":2,\"name\":\"Parduotuv\u0117\",\"item\":\"https:\\\/\\\/kidsplay.lt\\\/parduotuve\\\/\"},{\"@type\":\"ListItem\",\"position\":3,\"name\":\"KINDERPLAY L\u0116LI\u0172 VE\u017dIM\u0116LIS\"}]},{\"@type\":\"WebSite\",\"@id\":\"https:\\\/\\\/kidsplay.lt\\\/#website\",\"url\":\"https:\\\/\\\/kidsplay.lt\\\/\",\"name\":\"Kidsplay.lt\",\"description\":\"\u012evairios prek\u0117s vaikams\",\"publisher\":{\"@id\":\"https:\\\/\\\/kidsplay.lt\\\/#organization\"},\"alternateName\":\"Kidsplay\",\"potentialAction\":[{\"@type\":\"SearchAction\",\"target\":{\"@type\":\"EntryPoint\",\"urlTemplate\":\"https:\\\/\\\/kidsplay.lt\\\/?s={search_term_string}\"},\"query-input\":{\"@type\":\"PropertyValueSpecification\",\"valueRequired\":true,\"valueName\":\"search_term_string\"}}],\"inLanguage\":\"lv-LV\"},{\"@type\":\"Organization\",\"@id\":\"https:\\\/\\\/kidsplay.lt\\\/#organization\",\"name\":\"KidsPlay\",\"url\":\"https:\\\/\\\/kidsplay.lt\\\/\",\"logo\":{\"@type\":\"ImageObject\",\"inLanguage\":\"lv-LV\",\"@id\":\"https:\\\/\\\/kidsplay.lt\\\/#\\\/schema\\\/logo\\\/image\\\/\",\"url\":\"https:\\\/\\\/kidsplay.lt\\\/wp-content\\\/uploads\\\/2023\\\/07\\\/kidsplay-logo.png\",\"contentUrl\":\"https:\\\/\\\/kidsplay.lt\\\/wp-content\\\/uploads\\\/2023\\\/07\\\/kidsplay-logo.png\",\"width\":451,\"height\":98,\"caption\":\"KidsPlay\"},\"image\":{\"@id\":\"https:\\\/\\\/kidsplay.lt\\\/#\\\/schema\\\/logo\\\/image\\\/\"},\"sameAs\":[\"https:\\\/\\\/www.facebook.com\\\/www.kidsplay.lt\"]}]}<\/script>\n<!-- \/ Yoast SEO plugin. -->","yoast_head_json":{"title":"KINDERPLAY L\u0116LI\u0172 VE\u017dIM\u0116LIS - KidsPlay","description":"KINDERPLAY L\u0116LI\u0172 VE\u017dIM\u0116LIS - KidsPlay. Did\u017eiausias vaik\u0173 \u017eaisl\u0173 pasirinkimas.","robots":{"index":"index","follow":"follow","max-snippet":"max-snippet:-1","max-image-preview":"max-image-preview:large","max-video-preview":"max-video-preview:-1"},"canonical":"https:\/\/kidsplay.lt\/lv\/products\/kinderplay-leliu-vezimelis\/","og_locale":"lv_LV","og_type":"article","og_title":"KINDERPLAY L\u0116LI\u0172 VE\u017dIM\u0116LIS - KidsPlay","og_description":"KINDERPLAY L\u0116LI\u0172 VE\u017dIM\u0116LIS - KidsPlay. Did\u017eiausias vaik\u0173 \u017eaisl\u0173 pasirinkimas.","og_url":"https:\/\/kidsplay.lt\/lv\/products\/kinderplay-leliu-vezimelis\/","og_site_name":"KidsPlay","article_publisher":"https:\/\/www.facebook.com\/www.kidsplay.lt","article_modified_time":"2025-12-30T07:18:24+00:00","og_image":[{"width":591,"height":544,"url":"https:\/\/kidsplay.lt\/wp-content\/uploads\/2025\/10\/Screenshot_555-1.png","type":"image\/png"}],"twitter_card":"summary_large_image","twitter_misc":{"Est. reading time":"1 min\u016bte"},"schema":{"@context":"https:\/\/schema.org","@graph":[{"@type":"WebPage","@id":"https:\/\/kidsplay.lt\/produktas\/kinderplay-leliu-vezimelis\/","url":"https:\/\/kidsplay.lt\/produktas\/kinderplay-leliu-vezimelis\/","name":"KINDERPLAY L\u0116LI\u0172 VE\u017dIM\u0116LIS - KidsPlay","isPartOf":{"@id":"https:\/\/kidsplay.lt\/#website"},"primaryImageOfPage":{"@id":"https:\/\/kidsplay.lt\/produktas\/kinderplay-leliu-vezimelis\/#primaryimage"},"image":{"@id":"https:\/\/kidsplay.lt\/produktas\/kinderplay-leliu-vezimelis\/#primaryimage"},"thumbnailUrl":"https:\/\/kidsplay.lt\/wp-content\/uploads\/2025\/10\/Screenshot_555-1.png","datePublished":"2025-10-26T18:07:06+00:00","dateModified":"2025-12-30T07:18:24+00:00","description":"KINDERPLAY L\u0116LI\u0172 VE\u017dIM\u0116LIS - KidsPlay. Did\u017eiausias vaik\u0173 \u017eaisl\u0173 pasirinkimas.","breadcrumb":{"@id":"https:\/\/kidsplay.lt\/produktas\/kinderplay-leliu-vezimelis\/#breadcrumb"},"inLanguage":"lv-LV","potentialAction":[{"@type":"ReadAction","target":["https:\/\/kidsplay.lt\/produktas\/kinderplay-leliu-vezimelis\/"]}]},{"@type":"ImageObject","inLanguage":"lv-LV","@id":"https:\/\/kidsplay.lt\/produktas\/kinderplay-leliu-vezimelis\/#primaryimage","url":"https:\/\/kidsplay.lt\/wp-content\/uploads\/2025\/10\/Screenshot_555-1.png","contentUrl":"https:\/\/kidsplay.lt\/wp-content\/uploads\/2025\/10\/Screenshot_555-1.png","width":591,"height":544},{"@type":"BreadcrumbList","@id":"https:\/\/kidsplay.lt\/produktas\/kinderplay-leliu-vezimelis\/#breadcrumb","itemListElement":[{"@type":"ListItem","position":1,"name":"Pagrindinis","item":"https:\/\/kidsplay.lt\/"},{"@type":"ListItem","position":2,"name":"Parduotuv\u0117","item":"https:\/\/kidsplay.lt\/parduotuve\/"},{"@type":"ListItem","position":3,"name":"KINDERPLAY L\u0116LI\u0172 VE\u017dIM\u0116LIS"}]},{"@type":"WebSite","@id":"https:\/\/kidsplay.lt\/#website","url":"https:\/\/kidsplay.lt\/","name":"B\u0113rnu sp\u0113les.lv","description":"\u012evairios prek\u0117s vaikams","publisher":{"@id":"https:\/\/kidsplay.lt\/#organization"},"alternateName":"Kidsplay","potentialAction":[{"@type":"SearchAction","target":{"@type":"EntryPoint","urlTemplate":"https:\/\/kidsplay.lt\/?s={search_term_string}"},"query-input":{"@type":"PropertyValueSpecification","valueRequired":true,"valueName":"search_term_string"}}],"inLanguage":"lv-LV"},{"@type":"Organization","@id":"https:\/\/kidsplay.lt\/#organization","name":"B\u0113rnu sp\u0113le","url":"https:\/\/kidsplay.lt\/","logo":{"@type":"ImageObject","inLanguage":"lv-LV","@id":"https:\/\/kidsplay.lt\/#\/schema\/logo\/image\/","url":"https:\/\/kidsplay.lt\/wp-content\/uploads\/2023\/07\/kidsplay-logo.png","contentUrl":"https:\/\/kidsplay.lt\/wp-content\/uploads\/2023\/07\/kidsplay-logo.png","width":451,"height":98,"caption":"KidsPlay"},"image":{"@id":"https:\/\/kidsplay.lt\/#\/schema\/logo\/image\/"},"sameAs":["https:\/\/www.facebook.com\/www.kidsplay.lt"]}]}},"_links":{"self":[{"href":"https:\/\/kidsplay.lt\/lv\/wp-json\/wp\/v2\/product\/78304","targetHints":{"allow":["GET"]}}],"collection":[{"href":"https:\/\/kidsplay.lt\/lv\/wp-json\/wp\/v2\/product"}],"about":[{"href":"https:\/\/kidsplay.lt\/lv\/wp-json\/wp\/v2\/types\/product"}],"version-history":[{"count":1,"href":"https:\/\/kidsplay.lt\/lv\/wp-json\/wp\/v2\/product\/78304\/revisions"}],"predecessor-version":[{"id":78309,"href":"https:\/\/kidsplay.lt\/lv\/wp-json\/wp\/v2\/product\/78304\/revisions\/78309"}],"wp:featuredmedia":[{"embeddable":true,"href":"https:\/\/kidsplay.lt\/lv\/wp-json\/wp\/v2\/media\/78305"}],"wp:attachment":[{"href":"https:\/\/kidsplay.lt\/lv\/wp-json\/wp\/v2\/media?parent=78304"}],"wp:term":[{"taxonomy":"product_brand","embeddable":true,"href":"https:\/\/kidsplay.lt\/lv\/wp-json\/wp\/v2\/product_brand?post=78304"},{"taxonomy":"product_cat","embeddable":true,"href":"https:\/\/kidsplay.lt\/lv\/wp-json\/wp\/v2\/product_cat?post=78304"},{"taxonomy":"product_tag","embeddable":true,"href":"https:\/\/kidsplay.lt\/lv\/wp-json\/wp\/v2\/product_tag?post=78304"}],"curies":[{"name":"wp","href":"https:\/\/api.w.org\/{rel}","templated":true}]}}