{"id":78323,"date":"2025-10-27T05:08:28","date_gmt":"2025-10-27T03:08:28","guid":{"rendered":"https:\/\/kidsplay.lt\/?post_type=product&#038;p=78323"},"modified":"2025-12-02T21:00:17","modified_gmt":"2025-12-02T19:00:17","slug":"clementoni-super-chemijos-eksperimentu-rinkinys","status":"publish","type":"product","link":"https:\/\/kidsplay.lt\/lv\/product\/clementoni-super-chemijos-eksperimentu-rinkinys\/","title":{"rendered":"Clementoni super chemijos eksperiment\u0173 rinkinys"},"content":{"rendered":"<h1><span dir=\"auto\">RINKINYS SUPER CHEMIJA CLEMENTONI 50805 PATIRTIS<\/span><\/h1>\n<p><span dir=\"auto\">Visi tikro mokslininko \u012frankiai pad\u0117s atgaivinti susidom\u0117jim\u0105 \u0161ia nepaprasta mokslo sritimi. Unikalus ir funkcionalus \u012franki\u0173, skirt\u0173 eksperimentams atlikti, dizainas. Skyrius, skirtas tirpalams ir filtravimui, stovas matavimams ir svoriams bei stovas chemin\u0117ms reakcijoms atlikti. \u012esp\u016bdinga naudojimo instrukcija palaipsniui supa\u017eindins jus su kitais \u012fvadiniais etapais \u2013 nuo \u200b\u200bpaprast\u0173 patir\u010di\u0173 iki daugiapakopi\u0173 eksperiment\u0173.<\/span><\/p>\n<p><b><span dir=\"auto\">Komplekta saturs:<\/span><\/b><\/p>\n<ul>\n<li><span dir=\"auto\">apsauginiai akiniai,<\/span><\/li>\n<li><span dir=\"auto\">lipdukai,<\/span><\/li>\n<li><span dir=\"auto\">pir\u0161tin\u0117s,<\/span><\/li>\n<li><span dir=\"auto\">filtravimo popierius,<\/span><\/li>\n<li><span dir=\"auto\">balionai,<\/span><\/li>\n<li><span dir=\"auto\">Petri l\u0117k\u0161tel\u0117,<\/span><\/li>\n<li><span dir=\"auto\">dideli m\u0117gintuv\u0117liai,<\/span><\/li>\n<li><span dir=\"auto\">\u0161virk\u0161tai,<\/span><\/li>\n<li><span dir=\"auto\">pincetai,<\/span><\/li>\n<li><span dir=\"auto\">mentel\u0117<\/span><\/li>\n<li><span dir=\"auto\">mai\u0161iklis,<\/span><\/li>\n<li><span dir=\"auto\">piltuv\u0117lis<\/span><\/li>\n<li><span dir=\"auto\">graduoti puodeliai,<\/span><\/li>\n<li><span dir=\"auto\">skaidrus vamzdelis,<\/span><\/li>\n<li><span dir=\"auto\">pipet\u0117 su gradacija,<\/span><\/li>\n<li><span dir=\"auto\">saugos raktai,<\/span><\/li>\n<li><span dir=\"auto\">trij\u0173 kryp\u010di\u0173 skirstytuvas,<\/span><\/li>\n<li><span dir=\"auto\">da\u017eikliai tablet\u0117se,<\/span><\/li>\n<li><span dir=\"auto\">kortel\u0117s su i\u0161\u0161\u016bkiais,<\/span><\/li>\n<li><span dir=\"auto\">chemikalai,<\/span><\/li>\n<li><span dir=\"auto\">sienos,<\/span><\/li>\n<li><span dir=\"auto\">Iliustruotos instrukcijos.<\/span><\/li>\n<\/ul>\n<p><b><span dir=\"auto\">Pakuot\u0117s matmenys:<\/span><\/b><span dir=\"auto\">\u00a045x31x7cm<\/span><\/p>\n<p><b><span dir=\"auto\">Am\u017eius:<\/span><\/b><span dir=\"auto\">\u00a08+<\/span><\/p>","protected":false},"excerpt":{"rendered":"<p>RINKINYS SUPER CHEMIJA CLEMENTONI 50805 PATIRTIS Visi tikro mokslininko \u012frankiai pad\u0117s atgaivinti susidom\u0117jim\u0105 \u0161ia nepaprasta mokslo sritimi. Unikalus ir funkcionalus<\/p>","protected":false},"featured_media":78324,"template":"","meta":{"_acf_changed":false,"_glsr_average":0,"_glsr_ranking":0,"_glsr_reviews":0},"product_brand":[],"product_cat":[810,229],"product_tag":[],"class_list":{"0":"post-78323","1":"product","2":"type-product","3":"status-publish","4":"has-post-thumbnail","6":"product_cat-kurybiniai-rinkiniai","7":"product_cat-zaislai-vaikams","8":"\"style=\"background-color: #2ecc711c;\"","10":"first","11":"instock","12":"shipping-taxable","13":"purchasable","14":"product-type-simple"},"acf":[],"yoast_head":"<!-- This site is optimized with the Yoast SEO plugin v27.3 - https:\/\/yoast.com\/product\/yoast-seo-wordpress\/ -->\n<title>Clementoni super chemijos eksperiment\u0173 rinkinys - KidsPlay<\/title>\n<meta name=\"description\" content=\"Clementoni super chemijos eksperiment\u0173 rinkinys - KidsPlay. Did\u017eiausias vaik\u0173 \u017eaisl\u0173 pasirinkimas.\" \/>\n<meta name=\"robots\" content=\"index, follow, max-snippet:-1, max-image-preview:large, max-video-preview:-1\" \/>\n<link rel=\"canonical\" href=\"https:\/\/kidsplay.lt\/lv\/product\/clementoni-super-chemijos-eksperimentu-rinkinys\/\" \/>\n<meta property=\"og:locale\" content=\"lv_LV\" \/>\n<meta property=\"og:type\" content=\"article\" \/>\n<meta property=\"og:title\" content=\"Clementoni super chemijos eksperiment\u0173 rinkinys - KidsPlay\" \/>\n<meta property=\"og:description\" content=\"Clementoni super chemijos eksperiment\u0173 rinkinys - KidsPlay. Did\u017eiausias vaik\u0173 \u017eaisl\u0173 pasirinkimas.\" \/>\n<meta property=\"og:url\" content=\"https:\/\/kidsplay.lt\/lv\/product\/clementoni-super-chemijos-eksperimentu-rinkinys\/\" \/>\n<meta property=\"og:site_name\" content=\"KidsPlay\" \/>\n<meta property=\"article:publisher\" content=\"https:\/\/www.facebook.com\/www.kidsplay.lt\" \/>\n<meta property=\"article:modified_time\" content=\"2025-12-02T19:00:17+00:00\" \/>\n<meta property=\"og:image\" content=\"https:\/\/kidsplay.lt\/wp-content\/uploads\/2025\/10\/Screenshot_568-1.png\" \/>\n\t<meta property=\"og:image:width\" content=\"561\" \/>\n\t<meta property=\"og:image:height\" content=\"384\" \/>\n\t<meta property=\"og:image:type\" content=\"image\/png\" \/>\n<meta name=\"twitter:card\" content=\"summary_large_image\" \/>\n<meta name=\"twitter:label1\" content=\"Est. reading time\" \/>\n\t<meta name=\"twitter:data1\" content=\"1 min\u016bte\" \/>\n<script type=\"application\/ld+json\" class=\"yoast-schema-graph\">{\"@context\":\"https:\\\/\\\/schema.org\",\"@graph\":[{\"@type\":\"WebPage\",\"@id\":\"https:\\\/\\\/kidsplay.lt\\\/produktas\\\/clementoni-super-chemijos-eksperimentu-rinkinys\\\/\",\"url\":\"https:\\\/\\\/kidsplay.lt\\\/produktas\\\/clementoni-super-chemijos-eksperimentu-rinkinys\\\/\",\"name\":\"Clementoni super chemijos eksperiment\u0173 rinkinys - KidsPlay\",\"isPartOf\":{\"@id\":\"https:\\\/\\\/kidsplay.lt\\\/#website\"},\"primaryImageOfPage\":{\"@id\":\"https:\\\/\\\/kidsplay.lt\\\/produktas\\\/clementoni-super-chemijos-eksperimentu-rinkinys\\\/#primaryimage\"},\"image\":{\"@id\":\"https:\\\/\\\/kidsplay.lt\\\/produktas\\\/clementoni-super-chemijos-eksperimentu-rinkinys\\\/#primaryimage\"},\"thumbnailUrl\":\"https:\\\/\\\/kidsplay.lt\\\/wp-content\\\/uploads\\\/2025\\\/10\\\/Screenshot_568-1.png\",\"datePublished\":\"2025-10-27T03:08:28+00:00\",\"dateModified\":\"2025-12-02T19:00:17+00:00\",\"description\":\"Clementoni super chemijos eksperiment\u0173 rinkinys - KidsPlay. Did\u017eiausias vaik\u0173 \u017eaisl\u0173 pasirinkimas.\",\"breadcrumb\":{\"@id\":\"https:\\\/\\\/kidsplay.lt\\\/produktas\\\/clementoni-super-chemijos-eksperimentu-rinkinys\\\/#breadcrumb\"},\"inLanguage\":\"lv-LV\",\"potentialAction\":[{\"@type\":\"ReadAction\",\"target\":[\"https:\\\/\\\/kidsplay.lt\\\/produktas\\\/clementoni-super-chemijos-eksperimentu-rinkinys\\\/\"]}]},{\"@type\":\"ImageObject\",\"inLanguage\":\"lv-LV\",\"@id\":\"https:\\\/\\\/kidsplay.lt\\\/produktas\\\/clementoni-super-chemijos-eksperimentu-rinkinys\\\/#primaryimage\",\"url\":\"https:\\\/\\\/kidsplay.lt\\\/wp-content\\\/uploads\\\/2025\\\/10\\\/Screenshot_568-1.png\",\"contentUrl\":\"https:\\\/\\\/kidsplay.lt\\\/wp-content\\\/uploads\\\/2025\\\/10\\\/Screenshot_568-1.png\",\"width\":561,\"height\":384},{\"@type\":\"BreadcrumbList\",\"@id\":\"https:\\\/\\\/kidsplay.lt\\\/produktas\\\/clementoni-super-chemijos-eksperimentu-rinkinys\\\/#breadcrumb\",\"itemListElement\":[{\"@type\":\"ListItem\",\"position\":1,\"name\":\"Pagrindinis\",\"item\":\"https:\\\/\\\/kidsplay.lt\\\/\"},{\"@type\":\"ListItem\",\"position\":2,\"name\":\"Parduotuv\u0117\",\"item\":\"https:\\\/\\\/kidsplay.lt\\\/parduotuve\\\/\"},{\"@type\":\"ListItem\",\"position\":3,\"name\":\"Clementoni super chemijos eksperiment\u0173 rinkinys\"}]},{\"@type\":\"WebSite\",\"@id\":\"https:\\\/\\\/kidsplay.lt\\\/#website\",\"url\":\"https:\\\/\\\/kidsplay.lt\\\/\",\"name\":\"Kidsplay.lt\",\"description\":\"\u012evairios prek\u0117s vaikams\",\"publisher\":{\"@id\":\"https:\\\/\\\/kidsplay.lt\\\/#organization\"},\"alternateName\":\"Kidsplay\",\"potentialAction\":[{\"@type\":\"SearchAction\",\"target\":{\"@type\":\"EntryPoint\",\"urlTemplate\":\"https:\\\/\\\/kidsplay.lt\\\/?s={search_term_string}\"},\"query-input\":{\"@type\":\"PropertyValueSpecification\",\"valueRequired\":true,\"valueName\":\"search_term_string\"}}],\"inLanguage\":\"lv-LV\"},{\"@type\":\"Organization\",\"@id\":\"https:\\\/\\\/kidsplay.lt\\\/#organization\",\"name\":\"KidsPlay\",\"url\":\"https:\\\/\\\/kidsplay.lt\\\/\",\"logo\":{\"@type\":\"ImageObject\",\"inLanguage\":\"lv-LV\",\"@id\":\"https:\\\/\\\/kidsplay.lt\\\/#\\\/schema\\\/logo\\\/image\\\/\",\"url\":\"https:\\\/\\\/kidsplay.lt\\\/wp-content\\\/uploads\\\/2023\\\/07\\\/kidsplay-logo.png\",\"contentUrl\":\"https:\\\/\\\/kidsplay.lt\\\/wp-content\\\/uploads\\\/2023\\\/07\\\/kidsplay-logo.png\",\"width\":451,\"height\":98,\"caption\":\"KidsPlay\"},\"image\":{\"@id\":\"https:\\\/\\\/kidsplay.lt\\\/#\\\/schema\\\/logo\\\/image\\\/\"},\"sameAs\":[\"https:\\\/\\\/www.facebook.com\\\/www.kidsplay.lt\"]}]}<\/script>\n<!-- \/ Yoast SEO plugin. -->","yoast_head_json":{"title":"Clementoni super chemijos eksperiment\u0173 rinkinys - KidsPlay","description":"Clementoni super chemijos eksperiment\u0173 rinkinys - KidsPlay. Did\u017eiausias vaik\u0173 \u017eaisl\u0173 pasirinkimas.","robots":{"index":"index","follow":"follow","max-snippet":"max-snippet:-1","max-image-preview":"max-image-preview:large","max-video-preview":"max-video-preview:-1"},"canonical":"https:\/\/kidsplay.lt\/lv\/product\/clementoni-super-chemijos-eksperimentu-rinkinys\/","og_locale":"lv_LV","og_type":"article","og_title":"Clementoni super chemijos eksperiment\u0173 rinkinys - KidsPlay","og_description":"Clementoni super chemijos eksperiment\u0173 rinkinys - KidsPlay. Did\u017eiausias vaik\u0173 \u017eaisl\u0173 pasirinkimas.","og_url":"https:\/\/kidsplay.lt\/lv\/product\/clementoni-super-chemijos-eksperimentu-rinkinys\/","og_site_name":"KidsPlay","article_publisher":"https:\/\/www.facebook.com\/www.kidsplay.lt","article_modified_time":"2025-12-02T19:00:17+00:00","og_image":[{"width":561,"height":384,"url":"https:\/\/kidsplay.lt\/wp-content\/uploads\/2025\/10\/Screenshot_568-1.png","type":"image\/png"}],"twitter_card":"summary_large_image","twitter_misc":{"Est. reading time":"1 min\u016bte"},"schema":{"@context":"https:\/\/schema.org","@graph":[{"@type":"WebPage","@id":"https:\/\/kidsplay.lt\/produktas\/clementoni-super-chemijos-eksperimentu-rinkinys\/","url":"https:\/\/kidsplay.lt\/produktas\/clementoni-super-chemijos-eksperimentu-rinkinys\/","name":"Clementoni super chemijos eksperiment\u0173 rinkinys - KidsPlay","isPartOf":{"@id":"https:\/\/kidsplay.lt\/#website"},"primaryImageOfPage":{"@id":"https:\/\/kidsplay.lt\/produktas\/clementoni-super-chemijos-eksperimentu-rinkinys\/#primaryimage"},"image":{"@id":"https:\/\/kidsplay.lt\/produktas\/clementoni-super-chemijos-eksperimentu-rinkinys\/#primaryimage"},"thumbnailUrl":"https:\/\/kidsplay.lt\/wp-content\/uploads\/2025\/10\/Screenshot_568-1.png","datePublished":"2025-10-27T03:08:28+00:00","dateModified":"2025-12-02T19:00:17+00:00","description":"Clementoni super chemijos eksperiment\u0173 rinkinys - KidsPlay. Did\u017eiausias vaik\u0173 \u017eaisl\u0173 pasirinkimas.","breadcrumb":{"@id":"https:\/\/kidsplay.lt\/produktas\/clementoni-super-chemijos-eksperimentu-rinkinys\/#breadcrumb"},"inLanguage":"lv-LV","potentialAction":[{"@type":"ReadAction","target":["https:\/\/kidsplay.lt\/produktas\/clementoni-super-chemijos-eksperimentu-rinkinys\/"]}]},{"@type":"ImageObject","inLanguage":"lv-LV","@id":"https:\/\/kidsplay.lt\/produktas\/clementoni-super-chemijos-eksperimentu-rinkinys\/#primaryimage","url":"https:\/\/kidsplay.lt\/wp-content\/uploads\/2025\/10\/Screenshot_568-1.png","contentUrl":"https:\/\/kidsplay.lt\/wp-content\/uploads\/2025\/10\/Screenshot_568-1.png","width":561,"height":384},{"@type":"BreadcrumbList","@id":"https:\/\/kidsplay.lt\/produktas\/clementoni-super-chemijos-eksperimentu-rinkinys\/#breadcrumb","itemListElement":[{"@type":"ListItem","position":1,"name":"Pagrindinis","item":"https:\/\/kidsplay.lt\/"},{"@type":"ListItem","position":2,"name":"Parduotuv\u0117","item":"https:\/\/kidsplay.lt\/parduotuve\/"},{"@type":"ListItem","position":3,"name":"Clementoni super chemijos eksperiment\u0173 rinkinys"}]},{"@type":"WebSite","@id":"https:\/\/kidsplay.lt\/#website","url":"https:\/\/kidsplay.lt\/","name":"B\u0113rnu sp\u0113les.lv","description":"\u012evairios prek\u0117s vaikams","publisher":{"@id":"https:\/\/kidsplay.lt\/#organization"},"alternateName":"Kidsplay","potentialAction":[{"@type":"SearchAction","target":{"@type":"EntryPoint","urlTemplate":"https:\/\/kidsplay.lt\/?s={search_term_string}"},"query-input":{"@type":"PropertyValueSpecification","valueRequired":true,"valueName":"search_term_string"}}],"inLanguage":"lv-LV"},{"@type":"Organization","@id":"https:\/\/kidsplay.lt\/#organization","name":"B\u0113rnu sp\u0113le","url":"https:\/\/kidsplay.lt\/","logo":{"@type":"ImageObject","inLanguage":"lv-LV","@id":"https:\/\/kidsplay.lt\/#\/schema\/logo\/image\/","url":"https:\/\/kidsplay.lt\/wp-content\/uploads\/2023\/07\/kidsplay-logo.png","contentUrl":"https:\/\/kidsplay.lt\/wp-content\/uploads\/2023\/07\/kidsplay-logo.png","width":451,"height":98,"caption":"KidsPlay"},"image":{"@id":"https:\/\/kidsplay.lt\/#\/schema\/logo\/image\/"},"sameAs":["https:\/\/www.facebook.com\/www.kidsplay.lt"]}]}},"_links":{"self":[{"href":"https:\/\/kidsplay.lt\/lv\/wp-json\/wp\/v2\/product\/78323","targetHints":{"allow":["GET"]}}],"collection":[{"href":"https:\/\/kidsplay.lt\/lv\/wp-json\/wp\/v2\/product"}],"about":[{"href":"https:\/\/kidsplay.lt\/lv\/wp-json\/wp\/v2\/types\/product"}],"version-history":[{"count":1,"href":"https:\/\/kidsplay.lt\/lv\/wp-json\/wp\/v2\/product\/78323\/revisions"}],"predecessor-version":[{"id":78328,"href":"https:\/\/kidsplay.lt\/lv\/wp-json\/wp\/v2\/product\/78323\/revisions\/78328"}],"wp:featuredmedia":[{"embeddable":true,"href":"https:\/\/kidsplay.lt\/lv\/wp-json\/wp\/v2\/media\/78324"}],"wp:attachment":[{"href":"https:\/\/kidsplay.lt\/lv\/wp-json\/wp\/v2\/media?parent=78323"}],"wp:term":[{"taxonomy":"product_brand","embeddable":true,"href":"https:\/\/kidsplay.lt\/lv\/wp-json\/wp\/v2\/product_brand?post=78323"},{"taxonomy":"product_cat","embeddable":true,"href":"https:\/\/kidsplay.lt\/lv\/wp-json\/wp\/v2\/product_cat?post=78323"},{"taxonomy":"product_tag","embeddable":true,"href":"https:\/\/kidsplay.lt\/lv\/wp-json\/wp\/v2\/product_tag?post=78323"}],"curies":[{"name":"wp","href":"https:\/\/api.w.org\/{rel}","templated":true}]}}