{"id":78346,"date":"2025-10-27T05:19:33","date_gmt":"2025-10-27T03:19:33","guid":{"rendered":"https:\/\/kidsplay.lt\/?post_type=product&#038;p=78346"},"modified":"2025-10-27T05:19:33","modified_gmt":"2025-10-27T03:19:33","slug":"vaikiskas-namelis-pilis","status":"publish","type":"product","link":"https:\/\/kidsplay.lt\/lv\/products\/vaikiskas-namelis-pilis\/","title":{"rendered":"B\u0113rnu nams - pils"},"content":{"rendered":"<div class=\"mpof_ki myre_zn myre_8v_l m389_6m_l\">\n<div class=\"mp4t_16_s mryx_16_s mr3m_1 mli2_1 mh85_56 mh85_0_l\">\n<div class=\"mgn2_16 _0d3bd_am0a-\">\n<h1><span dir=\"auto\">VAIKI\u0160KA PALAPIN\u0116 NAMELIUI, PILIES R\u016aMAI NAMAMS, SODUI, KAMBARIUI + LED RO\u017d\u0116S \u0160VIESOS<\/span><\/h1>\n<\/div>\n<\/div>\n<\/div>\n<div class=\"mpof_ki myre_zn myre_8v_l m389_6m_l\">\n<div class=\"mp4t_16_s mryx_16_s mr3m_1 mli2_1 mh85_56 mh85_0_l\">\n<div class=\"mgn2_16 _0d3bd_am0a-\">\n<p><b><span dir=\"auto\">\u2747 Vaiki\u0161ka palapin\u0117 \u2013 puikus b\u016bdas smagiai praleisti valandas!<\/span><\/b><span dir=\"auto\">\u00a0\u0160is med\u017eiaginis namelis yra puiki dovana bet kuriam ma\u017eyliui, m\u0117gstan\u010diam kurti savo stebuklingas erdves. \u012erengtas\u00a0<\/span><b><span dir=\"auto\">dviem smulkiais tinklelio langais<\/span><\/b><span dir=\"auto\">\u00a0un\u00a0<\/span><b><span dir=\"auto\">patogiu \u012f\u0117jimu<\/span><\/b><span dir=\"auto\">\u00a0, jis u\u017etikrina komfort\u0105 ir kv\u0117puoja.<\/span><\/p>\n<p><b><span dir=\"auto\">\u2747 Tai puiki vieta pasisl\u0117pti su m\u0117gstamiausiais \u017eaislais ir leisti savo vaizduotei lietis laisvai!<\/span><\/b><span dir=\"auto\">\u00a0Palapin\u0117 puikiai tiks tiek namuose, tiek lauke \u2013 sode, terasoje, i\u0161kylos metu ar net papl\u016bdimyje<\/span><\/p>\n<\/div>\n<\/div>\n<\/div>\n<div class=\"mpof_ki myre_zn myre_8v_l m389_6m_l\">\n<div class=\"mp4t_16_s mryx_16_s mr3m_1 mli2_1 mh85_56 mh85_0_l\">\n<div class=\"mg9e_8 mj7a_8 mg9e_0_s mvrt_0_s mj7a_0_s mh36_0_s mzmg_6m munh_16_l m3h2_16_l\">\n<div class=\"mp4t_0 mryx_0 munh_56 m3h2_56\">\n<div class=\"mp7g_oh\"><button class=\"mg9e_0 mvrt_0 mj7a_0 mh36_0 mp4t_0 m3h2_0 mryx_0 munh_0 mqen_m6 mpof_z0 mx7m_0 m7er_k4 mse2_k4 msts_pt\" data-analytics-interaction=\"true\" data-analytics-interaction-label=\"zoomable-image-open\" aria-disabled=\"true\"><img decoding=\"async\" class=\"msub_k4 mupj_5k mjru_k4 mse2_k4 mp7g_f6 mq1m_0 mj7u_0 m7er_k4 mqen_m6 m31c_d8 m0ux_fp lazyloaded\" src=\"https:\/\/a.allegroimg.com\/original\/114852\/d0e2fddd4d3f996fca557925cced\" sizes=\"(min-width: 1200px) 560px, (min-width: 992px) 50vw, 100vw\" srcset=\"https:\/\/a.allegroimg.com\/s360\/114852\/d0e2fddd4d3f996fca557925cced 360w,https:\/\/a.allegroimg.com\/s720\/114852\/d0e2fddd4d3f996fca557925cced 720w,https:\/\/a.allegroimg.com\/s1024\/114852\/d0e2fddd4d3f996fca557925cced 1024w,https:\/\/a.allegroimg.com\/s1440\/114852\/d0e2fddd4d3f996fca557925cced 1440w,https:\/\/a.allegroimg.com\/original\/114852\/d0e2fddd4d3f996fca557925cced 1600w\" alt=\"\" width=\"1600px\" data-srcset=\"\" \/><\/button><\/div>\n<\/div>\n<\/div>\n<\/div>\n<div class=\"mp4t_16_s mryx_16_s mr3m_1 mli2_1 mh85_56 mh85_0_l\">\n<div class=\"mgn2_16 _0d3bd_am0a-\">\n<h2><span dir=\"auto\">\u2198 Produkto savyb\u0117s:<\/span><\/h2>\n<ul>\n<li><b><span dir=\"auto\">KIEKVIENOS MERGAI\u010cIOS SVAJON\u0116<\/span><\/b><span dir=\"auto\">\u00a0\u2013 vaiki\u0161ka palapin\u0117 \u2013 puiki pramoga ilgoms valandoms. Med\u017eiagin\u0117 vaiki\u0161ka palapin\u0117 namelio formos \u2013 tai svajoni\u0173 dovana bet kuriam vaikui.\u00a0<\/span><b><span dir=\"auto\">Vaiki\u0161kame namelyje yra\u00a0<\/span><\/b><b><span dir=\"auto\">2\u00a0<\/span><\/b><b><span dir=\"auto\">smulk\u016bs langeliai ir patogus \u012f\u0117jimas.<\/span><\/b><span dir=\"auto\">\u00a0Jame galite pasisl\u0117pti su savo m\u0117gstamiausiais \u017eaislais ir leisti savo vaizduotei lietis laisvai. Vaiki\u0161ki r\u016bmai bus ideali vieta emocingam ir vaizduot\u0119 lavinan\u010diam \u017eaidimui tiek namuose, tiek lauke \u2013 pvz., sode, i\u0161kyloje, terasoje ar papl\u016bdimyje.<\/span><\/li>\n<li><b><span dir=\"auto\">IDEALIAI TINKA NAMAMS IR SODUI<\/span><\/b><span dir=\"auto\">\u00a0\u2013 \u0161i eleganti\u0161ka vaiki\u0161ka palapin\u0117 tikrai patiks kiekvienai mergaitei, svajojan\u010diai apie savo namel\u012f. Ji gali b\u016bti naudojama kaip \u017eaisl\u0173 laikymo vieta ir kaip\u00a0<\/span><b><span dir=\"auto\">palapin\u0117 \u017eaidimams lauke<\/span><\/b><span dir=\"auto\">\u00a0. Ji papuo\u0161 j\u016bs\u0173 vaiko kambar\u012f ir sukurs jame unikali\u0105 atmosfer\u0105.<\/span><\/li>\n<li><b><span dir=\"auto\">SAUGU<\/span><\/b><span dir=\"auto\">\u00a0\u2013 palapin\u0117 pagaminta i\u0161 auk\u0161tos kokyb\u0117s sintetin\u0117s med\u017eiagos, atsparios pa\u017eeidimams. Be to, ji turi stabil\u0173 r\u0117m\u0105, kuris leis j\u016bs\u0173 vaikui \u017eaisti saugiai. Ji turi grindis.<\/span><\/li>\n<li><b><span dir=\"auto\">LEMPUT\u0116S<\/span><\/b><span dir=\"auto\">\u00a0\u2013 palapin\u0117 komplektuojama su \u201evatos kamuoliukais\u201c, maitinamais 2 AA baterijomis (nepridedamos), tai leid\u017eia juos naudoti tiek palapin\u0117s viduje, tiek lauke, nes nereikia ie\u0161koti vietos su elektros tiekimu. Lempu\u010di\u0173 spalvos yra rausvos ir baltos. Visum\u0105 sudaro\u00a0<\/span><b><span dir=\"auto\">20 lempu\u010di\u0173<\/span><\/b><span dir=\"auto\">\u00a0.\u00a0<\/span><b><span dir=\"auto\">Lempu\u010di\u0173 girlianda yra 2 m ilgio.<\/span><\/b><\/li>\n<\/ul>\n<\/div>\n<\/div>\n<\/div>\n<div class=\"mpof_ki myre_zn myre_8v_l m389_6m_l\">\n<div class=\"mp4t_16_s mryx_16_s mr3m_1 mli2_1 mh85_56 mh85_0_l\">\n<div class=\"mg9e_8 mj7a_8 mg9e_0_s mvrt_0_s mj7a_0_s mh36_0_s mzmg_6m munh_16_l m3h2_16_l\">\n<div class=\"mp4t_0 mryx_0 munh_56 m3h2_56\">\n<div class=\"mp7g_oh\"><button class=\"mg9e_0 mvrt_0 mj7a_0 mh36_0 mp4t_0 m3h2_0 mryx_0 munh_0 mqen_m6 mpof_z0 mx7m_0 m7er_k4 mse2_k4 msts_pt\" data-analytics-interaction=\"true\" data-analytics-interaction-label=\"zoomable-image-open\" aria-disabled=\"true\"><img decoding=\"async\" class=\"msub_k4 mupj_5k mjru_k4 mse2_k4 mp7g_f6 mq1m_0 mj7u_0 m7er_k4 mqen_m6 m31c_d8 m0ux_fp lazyloaded\" src=\"https:\/\/a.allegroimg.com\/original\/115b8e\/3a8087a3481e92d0c8da2e8d6b37\" sizes=\"(min-width: 1200px) 560px, (min-width: 992px) 50vw, 100vw\" srcset=\"https:\/\/a.allegroimg.com\/s360\/115b8e\/3a8087a3481e92d0c8da2e8d6b37 345w,https:\/\/a.allegroimg.com\/s720\/115b8e\/3a8087a3481e92d0c8da2e8d6b37 691w,https:\/\/a.allegroimg.com\/s1024\/115b8e\/3a8087a3481e92d0c8da2e8d6b37 747w,https:\/\/a.allegroimg.com\/original\/115b8e\/3a8087a3481e92d0c8da2e8d6b37 747w\" alt=\"\" width=\"747px\" data-srcset=\"\" \/><\/button><\/div>\n<\/div>\n<\/div>\n<\/div>\n<div class=\"mp4t_16_s mryx_16_s mr3m_1 mli2_1 mh85_56 mh85_0_l\">\n<div class=\"mgn2_16 _0d3bd_am0a-\">\n<h2><span dir=\"auto\">\u2699 Techniniai duomenys:<\/span><\/h2>\n<ul>\n<li><b><span dir=\"auto\">Kr\u0101sa:<\/span><\/b><span dir=\"auto\">\u00a0ro\u017ein\u0117, pilka, balta<\/span><\/li>\n<li><b><span dir=\"auto\">Materi\u0101ls:<\/span><\/b><span dir=\"auto\">\u00a0Oksfordas<\/span><\/li>\n<li><b><span dir=\"auto\">R\u0117mas:<\/span><\/b><span dir=\"auto\">\u00a0plastikas<\/span><\/li>\n<li><b><span dir=\"auto\">\u0160viesos spalva:<\/span><\/b><span dir=\"auto\">\u00a0\u0161iltai balta<\/span><\/li>\n<li><b><span dir=\"auto\">Lemp\u0173 girliandos ilgis:<\/span><\/b><span dir=\"auto\">\u00a03 m<\/span><\/li>\n<li><b><span dir=\"auto\">Izm\u0113ri:<\/span><\/b><span dir=\"auto\">\u00a0130 x 100 x 115 x cm<\/span><\/li>\n<li><b><span dir=\"auto\">Palapin\u0117s svoris:<\/span><\/b><span dir=\"auto\">\u00a01339 kg<\/span><\/li>\n<li><b><span dir=\"auto\">Svoris vienai pakuotei:<\/span><\/b><span dir=\"auto\">\u00a01408 kg<\/span><\/li>\n<\/ul>\n<p><b><span dir=\"auto\">\u012eskai\u010diuota:<\/span><\/b><\/p>\n<ul>\n<li><span dir=\"auto\">Palapin\u0117<\/span><\/li>\n<li><span dir=\"auto\">Montavimo vamzd\u017eiai<\/span><\/li>\n<li><span dir=\"auto\">Lampas<\/span><\/li>\n<li><span dir=\"auto\">Byla<\/span><\/li>\n<\/ul>\n<\/div>\n<\/div>\n<\/div>\n<div class=\"mpof_ki myre_zn myre_8v_l m389_6m_l\">\n<div class=\"mp4t_16_s mryx_16_s mr3m_1 mli2_1 mh85_56 mh85_0_l\">\n<div class=\"mg9e_8 mj7a_8 mg9e_0_s mvrt_0_s mj7a_0_s mh36_0_s mzmg_6m munh_16_l m3h2_16_l\">\n<div class=\"mp4t_0 mryx_0 munh_56 m3h2_56\">\n<div class=\"mp7g_oh\"><button class=\"mg9e_0 mvrt_0 mj7a_0 mh36_0 mp4t_0 m3h2_0 mryx_0 munh_0 mqen_m6 mpof_z0 mx7m_0 m7er_k4 mse2_k4 msts_pt\" data-analytics-interaction=\"true\" data-analytics-interaction-label=\"zoomable-image-open\" aria-disabled=\"true\"><img decoding=\"async\" class=\"msub_k4 mupj_5k mjru_k4 mse2_k4 mp7g_f6 mq1m_0 mj7u_0 m7er_k4 mqen_m6 m31c_d8 m0ux_fp lazyloaded\" src=\"https:\/\/a.allegroimg.com\/original\/112ac0\/0ea133b84eb1b5c81291e31792c2\/TENT-COTTAGE-FOR-CHILDREN-CASTLE-PALACE-FOR-THE-GARDEN-ROOM-OF-THE-HOUSE-LED-ROSE-LIGHTS-EAN-GTIN-5905832179724\" sizes=\"(min-width: 1200px) 560px, (min-width: 992px) 50vw, 100vw\" srcset=\"https:\/\/a.allegroimg.com\/s360\/112ac0\/0ea133b84eb1b5c81291e31792c2\/TENT-COTTAGE-FOR-CHILDREN-CASTLE-PALACE-FOR-THE-GARDEN-ROOM-OF-THE-HOUSE-LED-ROSE-LIGHTS-EAN-GTIN-5905832179724 314w,https:\/\/a.allegroimg.com\/s720\/112ac0\/0ea133b84eb1b5c81291e31792c2\/TENT-COTTAGE-FOR-CHILDREN-CASTLE-PALACE-FOR-THE-GARDEN-ROOM-OF-THE-HOUSE-LED-ROSE-LIGHTS-EAN-GTIN-5905832179724 417w,https:\/\/a.allegroimg.com\/original\/112ac0\/0ea133b84eb1b5c81291e31792c2\/TENT-COTTAGE-FOR-CHILDREN-CASTLE-PALACE-FOR-THE-GARDEN-ROOM-OF-THE-HOUSE-LED-ROSE-LIGHTS-EAN-GTIN-5905832179724 417w\" alt=\"VAIK\u0172 PALAPIN\u0116 NAMELIS, PILIS, R\u016aMAI, SODO KAMBARYS + LED RO\u017d\u0116S EAN (GTIN) 5905832179724\" width=\"417px\" data-srcset=\"\" \/><\/button><\/div>\n<\/div>\n<\/div>\n<\/div>\n<div class=\"mp4t_16_s mryx_16_s mr3m_1 mli2_1 mh85_56 mh85_0_l\">\n<div class=\"mg9e_8 mj7a_8 mg9e_0_s mvrt_0_s mj7a_0_s mh36_0_s mzmg_6m munh_16_l m3h2_16_l\">\n<div class=\"mp4t_0 mryx_0 munh_56 m3h2_56\">\n<div class=\"mp7g_oh\"><button class=\"mg9e_0 mvrt_0 mj7a_0 mh36_0 mp4t_0 m3h2_0 mryx_0 munh_0 mqen_m6 mpof_z0 mx7m_0 m7er_k4 mse2_k4 msts_pt\" data-analytics-interaction=\"true\" data-analytics-interaction-label=\"zoomable-image-open\" aria-disabled=\"true\"><img decoding=\"async\" class=\"msub_k4 mupj_5k mjru_k4 mse2_k4 mp7g_f6 mq1m_0 mj7u_0 m7er_k4 mqen_m6 m31c_d8 m0ux_fp lazyloaded\" src=\"https:\/\/a.allegroimg.com\/original\/11986f\/cacb901e4fffa8e1511c16fb88a5\/TENT-COTTAGE-FOR-CHILDREN-CASTLE-PALACE-FOR-THE-GARDEN-ROOM-OF-THE-HOUSE-LED-ROSE-LIGHTS-Manufacturer-code-568-76\" sizes=\"(min-width: 1200px) 560px, (min-width: 992px) 50vw, 100vw\" srcset=\"https:\/\/a.allegroimg.com\/s360\/11986f\/cacb901e4fffa8e1511c16fb88a5\/TENT-COTTAGE-FOR-CHILDREN-CASTLE-PALACE-FOR-THE-GARDEN-ROOM-OF-THE-HOUSE-LED-ROSE-LIGHTS-Manufacturer-code-568-76 357w,https:\/\/a.allegroimg.com\/s720\/11986f\/cacb901e4fffa8e1511c16fb88a5\/TENT-COTTAGE-FOR-CHILDREN-CASTLE-PALACE-FOR-THE-GARDEN-ROOM-OF-THE-HOUSE-LED-ROSE-LIGHTS-Manufacturer-code-568-76 715w,https:\/\/a.allegroimg.com\/s1024\/11986f\/cacb901e4fffa8e1511c16fb88a5\/TENT-COTTAGE-FOR-CHILDREN-CASTLE-PALACE-FOR-THE-GARDEN-ROOM-OF-THE-HOUSE-LED-ROSE-LIGHTS-Manufacturer-code-568-76 820w,https:\/\/a.allegroimg.com\/original\/11986f\/cacb901e4fffa8e1511c16fb88a5\/TENT-COTTAGE-FOR-CHILDREN-CASTLE-PALACE-FOR-THE-GARDEN-ROOM-OF-THE-HOUSE-LED-ROSE-LIGHTS-Manufacturer-code-568-76 820w\" alt=\"VAIK\u0172 PALAPIN\u0116 NAMELIS PILIS R\u016aMAI SODO KAMBARIUI + LED RO\u017d\u0116S \u017dIBINTAI Gamintojo kodas 568-76\" width=\"820px\" data-srcset=\"\" \/><\/button><\/div>\n<\/div>\n<\/div>\n<\/div>\n<\/div>\n<div class=\"mpof_ki myre_zn myre_8v_l m389_6m_l\">\n<div class=\"mp4t_16_s mryx_16_s mr3m_1 mli2_1 mh85_56 mh85_0_l\">\n<div class=\"mg9e_8 mj7a_8 mg9e_0_s mvrt_0_s mj7a_0_s mh36_0_s mzmg_6m munh_16_l m3h2_16_l\">\n<div class=\"mp4t_0 mryx_0 munh_56 m3h2_56\">\n<div class=\"mp7g_oh\"><button class=\"mg9e_0 mvrt_0 mj7a_0 mh36_0 mp4t_0 m3h2_0 mryx_0 munh_0 mqen_m6 mpof_z0 mx7m_0 m7er_k4 mse2_k4 msts_pt\" data-analytics-interaction=\"true\" data-analytics-interaction-label=\"zoomable-image-open\" aria-disabled=\"true\"><img decoding=\"async\" class=\"msub_k4 mupj_5k mjru_k4 mse2_k4 mp7g_f6 mq1m_0 mj7u_0 m7er_k4 mqen_m6 m31c_d8 m0ux_fp lazyloaded\" src=\"https:\/\/a.allegroimg.com\/original\/116ccf\/46d06b214f87857ab8ac979adbfe\/TENT-COTTAGE-FOR-CHILDREN-CASTLE-PALACE-FOR-THE-GARDEN-ROOM-OF-THE-HOUSE-LED-ROSE-LIGHTS-Kind-cottage\" sizes=\"(min-width: 1200px) 560px, (min-width: 992px) 50vw, 100vw\" srcset=\"https:\/\/a.allegroimg.com\/s360\/116ccf\/46d06b214f87857ab8ac979adbfe\/TENT-COTTAGE-FOR-CHILDREN-CASTLE-PALACE-FOR-THE-GARDEN-ROOM-OF-THE-HOUSE-LED-ROSE-LIGHTS-Kind-cottage 352w,https:\/\/a.allegroimg.com\/s720\/116ccf\/46d06b214f87857ab8ac979adbfe\/TENT-COTTAGE-FOR-CHILDREN-CASTLE-PALACE-FOR-THE-GARDEN-ROOM-OF-THE-HOUSE-LED-ROSE-LIGHTS-Kind-cottage 705w,https:\/\/a.allegroimg.com\/s1024\/116ccf\/46d06b214f87857ab8ac979adbfe\/TENT-COTTAGE-FOR-CHILDREN-CASTLE-PALACE-FOR-THE-GARDEN-ROOM-OF-THE-HOUSE-LED-ROSE-LIGHTS-Kind-cottage 709w,https:\/\/a.allegroimg.com\/original\/116ccf\/46d06b214f87857ab8ac979adbfe\/TENT-COTTAGE-FOR-CHILDREN-CASTLE-PALACE-FOR-THE-GARDEN-ROOM-OF-THE-HOUSE-LED-ROSE-LIGHTS-Kind-cottage 709w\" alt=\"VAIKAMS SKIRTAS PALAPIN\u0116S NAMELIS, PILIS, R\u016aMAI, SODO KAMBARYS + LED RO\u017d\u0116S \u0160VIESOS, Malonus namelis\" width=\"709px\" data-srcset=\"\" \/><\/button><\/div>\n<\/div>\n<\/div>\n<\/div>\n<div class=\"mp4t_16_s mryx_16_s mr3m_1 mli2_1 mh85_56 mh85_0_l\">\n<div class=\"mg9e_8 mj7a_8 mg9e_0_s mvrt_0_s mj7a_0_s mh36_0_s mzmg_6m munh_16_l m3h2_16_l\">\n<div class=\"mp4t_0 mryx_0 munh_56 m3h2_56\">\n<div class=\"mp7g_oh\"><button class=\"mg9e_0 mvrt_0 mj7a_0 mh36_0 mp4t_0 m3h2_0 mryx_0 munh_0 mqen_m6 mpof_z0 mx7m_0 m7er_k4 mse2_k4 msts_pt\" data-analytics-interaction=\"true\" data-analytics-interaction-label=\"zoomable-image-open\" aria-disabled=\"true\"><img decoding=\"async\" class=\"msub_k4 mupj_5k mjru_k4 mse2_k4 mp7g_f6 mq1m_0 mj7u_0 m7er_k4 mqen_m6 m31c_d8 m0ux_fp lazyloaded\" src=\"https:\/\/a.allegroimg.com\/original\/11f5e1\/d10dcb9f44ab9ebf3501d858d6b9\" sizes=\"(min-width: 1200px) 560px, (min-width: 992px) 50vw, 100vw\" srcset=\"https:\/\/a.allegroimg.com\/s360\/11f5e1\/d10dcb9f44ab9ebf3501d858d6b9 345w,https:\/\/a.allegroimg.com\/s720\/11f5e1\/d10dcb9f44ab9ebf3501d858d6b9 634w,https:\/\/a.allegroimg.com\/original\/11f5e1\/d10dcb9f44ab9ebf3501d858d6b9 634w\" alt=\"\" width=\"634px\" data-srcset=\"\" \/><\/button><\/div>\n<\/div>\n<\/div>\n<\/div>\n<\/div>\n<div class=\"mpof_ki myre_zn myre_8v_l m389_6m_l\">\n<div class=\"mp4t_16_s mryx_16_s mr3m_1 mli2_1 mh85_56 mh85_0_l\">\n<div class=\"mg9e_8 mj7a_8 mg9e_0_s mvrt_0_s mj7a_0_s mh36_0_s mzmg_6m munh_16_l m3h2_16_l\">\n<div class=\"mp4t_0 mryx_0 munh_56 m3h2_56\">\n<div class=\"mp7g_oh\"><button class=\"mg9e_0 mvrt_0 mj7a_0 mh36_0 mp4t_0 m3h2_0 mryx_0 munh_0 mqen_m6 mpof_z0 mx7m_0 m7er_k4 mse2_k4 msts_pt\" data-analytics-interaction=\"true\" data-analytics-interaction-label=\"zoomable-image-open\" aria-disabled=\"true\"><img decoding=\"async\" class=\"msub_k4 mupj_5k mjru_k4 mse2_k4 mp7g_f6 mq1m_0 mj7u_0 m7er_k4 mqen_m6 m31c_d8 m0ux_fp lazyloaded\" src=\"https:\/\/a.allegroimg.com\/original\/111de1\/7eebf2724932a869ea4ff9ef67d4\" sizes=\"(min-width: 1200px) 560px, (min-width: 992px) 50vw, 100vw\" srcset=\"https:\/\/a.allegroimg.com\/s360\/111de1\/7eebf2724932a869ea4ff9ef67d4 360w,https:\/\/a.allegroimg.com\/s720\/111de1\/7eebf2724932a869ea4ff9ef67d4 654w,https:\/\/a.allegroimg.com\/original\/111de1\/7eebf2724932a869ea4ff9ef67d4 654w\" alt=\"\" width=\"654px\" data-srcset=\"\" \/><\/button><\/div>\n<\/div>\n<\/div>\n<\/div>\n<div class=\"mp4t_16_s mryx_16_s mr3m_1 mli2_1 mh85_56 mh85_0_l\">\n<div class=\"mg9e_8 mj7a_8 mg9e_0_s mvrt_0_s mj7a_0_s mh36_0_s mzmg_6m munh_16_l m3h2_16_l\">\n<div class=\"mp4t_0 mryx_0 munh_56 m3h2_56\">\n<div class=\"mp7g_oh\"><button class=\"mg9e_0 mvrt_0 mj7a_0 mh36_0 mp4t_0 m3h2_0 mryx_0 munh_0 mqen_m6 mpof_z0 mx7m_0 m7er_k4 mse2_k4 msts_pt\" data-analytics-interaction=\"true\" data-analytics-interaction-label=\"zoomable-image-open\" aria-disabled=\"true\"><img decoding=\"async\" class=\"msub_k4 mupj_5k mjru_k4 mse2_k4 mp7g_f6 mq1m_0 mj7u_0 m7er_k4 mqen_m6 m31c_d8 m0ux_fp lazyloaded\" src=\"https:\/\/a.allegroimg.com\/original\/11df31\/046f79b9428db0a2498112fef078\" sizes=\"(min-width: 1200px) 560px, (min-width: 992px) 50vw, 100vw\" srcset=\"https:\/\/a.allegroimg.com\/s360\/11df31\/046f79b9428db0a2498112fef078 360w,https:\/\/a.allegroimg.com\/s720\/11df31\/046f79b9428db0a2498112fef078 720w,https:\/\/a.allegroimg.com\/s1024\/11df31\/046f79b9428db0a2498112fef078 794w,https:\/\/a.allegroimg.com\/original\/11df31\/046f79b9428db0a2498112fef078 794w\" alt=\"\" width=\"794px\" data-srcset=\"\" \/><\/button><\/div>\n<\/div>\n<\/div>\n<\/div>\n<\/div>","protected":false},"excerpt":{"rendered":"<p>VAIKI\u0160KA PALAPIN\u0116 NAMELIUI, PILIES R\u016aMAI NAMAMS, SODUI, KAMBARIUI + LED RO\u017d\u0116S \u0160VIESOS \u2747 Vaiki\u0161ka palapin\u0117 \u2013 puikus b\u016bdas smagiai praleisti<\/p>","protected":false},"featured_media":78347,"template":"","meta":{"_acf_changed":false,"_glsr_average":0,"_glsr_ranking":0,"_glsr_reviews":0},"product_brand":[],"product_cat":[236,254],"product_tag":[],"class_list":{"0":"post-78346","1":"product","2":"type-product","3":"status-publish","4":"has-post-thumbnail","6":"product_cat-vaikiskos-palapines","7":"product_cat-vaiko-kambarys","8":"\"style=\"background-color: #2ecc711c;\"","10":"first","11":"instock","12":"shipping-taxable","13":"purchasable","14":"product-type-simple"},"acf":[],"yoast_head":"<!-- This site is optimized with the Yoast SEO plugin v27.3 - https:\/\/yoast.com\/product\/yoast-seo-wordpress\/ -->\n<title>Vaiki\u0161kas namelis - pilis - KidsPlay<\/title>\n<meta name=\"description\" content=\"Vaiki\u0161kas namelis - pilis - KidsPlay. Did\u017eiausias vaik\u0173 \u017eaisl\u0173 pasirinkimas.\" \/>\n<meta name=\"robots\" content=\"index, follow, max-snippet:-1, max-image-preview:large, max-video-preview:-1\" \/>\n<link rel=\"canonical\" href=\"https:\/\/kidsplay.lt\/lv\/products\/vaikiskas-namelis-pilis\/\" \/>\n<meta property=\"og:locale\" content=\"lv_LV\" \/>\n<meta property=\"og:type\" content=\"article\" \/>\n<meta property=\"og:title\" content=\"Vaiki\u0161kas namelis - pilis - KidsPlay\" \/>\n<meta property=\"og:description\" content=\"Vaiki\u0161kas namelis - pilis - KidsPlay. Did\u017eiausias vaik\u0173 \u017eaisl\u0173 pasirinkimas.\" \/>\n<meta property=\"og:url\" content=\"https:\/\/kidsplay.lt\/lv\/products\/vaikiskas-namelis-pilis\/\" \/>\n<meta property=\"og:site_name\" content=\"KidsPlay\" \/>\n<meta property=\"article:publisher\" content=\"https:\/\/www.facebook.com\/www.kidsplay.lt\" \/>\n<meta property=\"og:image\" content=\"https:\/\/kidsplay.lt\/wp-content\/uploads\/2025\/10\/Screenshot_584-1.png\" \/>\n\t<meta property=\"og:image:width\" content=\"661\" \/>\n\t<meta property=\"og:image:height\" content=\"510\" \/>\n\t<meta property=\"og:image:type\" content=\"image\/png\" \/>\n<meta name=\"twitter:card\" content=\"summary_large_image\" \/>\n<meta name=\"twitter:label1\" content=\"Est. reading time\" \/>\n\t<meta name=\"twitter:data1\" content=\"4 min\u016btes\" \/>\n<script type=\"application\/ld+json\" class=\"yoast-schema-graph\">{\"@context\":\"https:\\\/\\\/schema.org\",\"@graph\":[{\"@type\":\"WebPage\",\"@id\":\"https:\\\/\\\/kidsplay.lt\\\/produktas\\\/vaikiskas-namelis-pilis\\\/\",\"url\":\"https:\\\/\\\/kidsplay.lt\\\/produktas\\\/vaikiskas-namelis-pilis\\\/\",\"name\":\"Vaiki\u0161kas namelis - pilis - KidsPlay\",\"isPartOf\":{\"@id\":\"https:\\\/\\\/kidsplay.lt\\\/#website\"},\"primaryImageOfPage\":{\"@id\":\"https:\\\/\\\/kidsplay.lt\\\/produktas\\\/vaikiskas-namelis-pilis\\\/#primaryimage\"},\"image\":{\"@id\":\"https:\\\/\\\/kidsplay.lt\\\/produktas\\\/vaikiskas-namelis-pilis\\\/#primaryimage\"},\"thumbnailUrl\":\"https:\\\/\\\/kidsplay.lt\\\/wp-content\\\/uploads\\\/2025\\\/10\\\/Screenshot_584-1.png\",\"datePublished\":\"2025-10-27T03:19:33+00:00\",\"description\":\"Vaiki\u0161kas namelis - pilis - KidsPlay. Did\u017eiausias vaik\u0173 \u017eaisl\u0173 pasirinkimas.\",\"breadcrumb\":{\"@id\":\"https:\\\/\\\/kidsplay.lt\\\/produktas\\\/vaikiskas-namelis-pilis\\\/#breadcrumb\"},\"inLanguage\":\"lv-LV\",\"potentialAction\":[{\"@type\":\"ReadAction\",\"target\":[\"https:\\\/\\\/kidsplay.lt\\\/produktas\\\/vaikiskas-namelis-pilis\\\/\"]}]},{\"@type\":\"ImageObject\",\"inLanguage\":\"lv-LV\",\"@id\":\"https:\\\/\\\/kidsplay.lt\\\/produktas\\\/vaikiskas-namelis-pilis\\\/#primaryimage\",\"url\":\"https:\\\/\\\/kidsplay.lt\\\/wp-content\\\/uploads\\\/2025\\\/10\\\/Screenshot_584-1.png\",\"contentUrl\":\"https:\\\/\\\/kidsplay.lt\\\/wp-content\\\/uploads\\\/2025\\\/10\\\/Screenshot_584-1.png\",\"width\":661,\"height\":510},{\"@type\":\"BreadcrumbList\",\"@id\":\"https:\\\/\\\/kidsplay.lt\\\/produktas\\\/vaikiskas-namelis-pilis\\\/#breadcrumb\",\"itemListElement\":[{\"@type\":\"ListItem\",\"position\":1,\"name\":\"Pagrindinis\",\"item\":\"https:\\\/\\\/kidsplay.lt\\\/\"},{\"@type\":\"ListItem\",\"position\":2,\"name\":\"Parduotuv\u0117\",\"item\":\"https:\\\/\\\/kidsplay.lt\\\/parduotuve\\\/\"},{\"@type\":\"ListItem\",\"position\":3,\"name\":\"Vaiki\u0161kas namelis &#8211; pilis\"}]},{\"@type\":\"WebSite\",\"@id\":\"https:\\\/\\\/kidsplay.lt\\\/#website\",\"url\":\"https:\\\/\\\/kidsplay.lt\\\/\",\"name\":\"Kidsplay.lt\",\"description\":\"\u012evairios prek\u0117s vaikams\",\"publisher\":{\"@id\":\"https:\\\/\\\/kidsplay.lt\\\/#organization\"},\"alternateName\":\"Kidsplay\",\"potentialAction\":[{\"@type\":\"SearchAction\",\"target\":{\"@type\":\"EntryPoint\",\"urlTemplate\":\"https:\\\/\\\/kidsplay.lt\\\/?s={search_term_string}\"},\"query-input\":{\"@type\":\"PropertyValueSpecification\",\"valueRequired\":true,\"valueName\":\"search_term_string\"}}],\"inLanguage\":\"lv-LV\"},{\"@type\":\"Organization\",\"@id\":\"https:\\\/\\\/kidsplay.lt\\\/#organization\",\"name\":\"KidsPlay\",\"url\":\"https:\\\/\\\/kidsplay.lt\\\/\",\"logo\":{\"@type\":\"ImageObject\",\"inLanguage\":\"lv-LV\",\"@id\":\"https:\\\/\\\/kidsplay.lt\\\/#\\\/schema\\\/logo\\\/image\\\/\",\"url\":\"https:\\\/\\\/kidsplay.lt\\\/wp-content\\\/uploads\\\/2023\\\/07\\\/kidsplay-logo.png\",\"contentUrl\":\"https:\\\/\\\/kidsplay.lt\\\/wp-content\\\/uploads\\\/2023\\\/07\\\/kidsplay-logo.png\",\"width\":451,\"height\":98,\"caption\":\"KidsPlay\"},\"image\":{\"@id\":\"https:\\\/\\\/kidsplay.lt\\\/#\\\/schema\\\/logo\\\/image\\\/\"},\"sameAs\":[\"https:\\\/\\\/www.facebook.com\\\/www.kidsplay.lt\"]}]}<\/script>\n<!-- \/ Yoast SEO plugin. -->","yoast_head_json":{"title":"Vaiki\u0161kas namelis - pilis - KidsPlay","description":"Vaiki\u0161kas namelis - pilis - KidsPlay. Did\u017eiausias vaik\u0173 \u017eaisl\u0173 pasirinkimas.","robots":{"index":"index","follow":"follow","max-snippet":"max-snippet:-1","max-image-preview":"max-image-preview:large","max-video-preview":"max-video-preview:-1"},"canonical":"https:\/\/kidsplay.lt\/lv\/products\/vaikiskas-namelis-pilis\/","og_locale":"lv_LV","og_type":"article","og_title":"Vaiki\u0161kas namelis - pilis - KidsPlay","og_description":"Vaiki\u0161kas namelis - pilis - KidsPlay. Did\u017eiausias vaik\u0173 \u017eaisl\u0173 pasirinkimas.","og_url":"https:\/\/kidsplay.lt\/lv\/products\/vaikiskas-namelis-pilis\/","og_site_name":"KidsPlay","article_publisher":"https:\/\/www.facebook.com\/www.kidsplay.lt","og_image":[{"width":661,"height":510,"url":"https:\/\/kidsplay.lt\/wp-content\/uploads\/2025\/10\/Screenshot_584-1.png","type":"image\/png"}],"twitter_card":"summary_large_image","twitter_misc":{"Est. reading time":"4 min\u016btes"},"schema":{"@context":"https:\/\/schema.org","@graph":[{"@type":"WebPage","@id":"https:\/\/kidsplay.lt\/produktas\/vaikiskas-namelis-pilis\/","url":"https:\/\/kidsplay.lt\/produktas\/vaikiskas-namelis-pilis\/","name":"Vaiki\u0161kas namelis - pilis - KidsPlay","isPartOf":{"@id":"https:\/\/kidsplay.lt\/#website"},"primaryImageOfPage":{"@id":"https:\/\/kidsplay.lt\/produktas\/vaikiskas-namelis-pilis\/#primaryimage"},"image":{"@id":"https:\/\/kidsplay.lt\/produktas\/vaikiskas-namelis-pilis\/#primaryimage"},"thumbnailUrl":"https:\/\/kidsplay.lt\/wp-content\/uploads\/2025\/10\/Screenshot_584-1.png","datePublished":"2025-10-27T03:19:33+00:00","description":"Vaiki\u0161kas namelis - pilis - KidsPlay. Did\u017eiausias vaik\u0173 \u017eaisl\u0173 pasirinkimas.","breadcrumb":{"@id":"https:\/\/kidsplay.lt\/produktas\/vaikiskas-namelis-pilis\/#breadcrumb"},"inLanguage":"lv-LV","potentialAction":[{"@type":"ReadAction","target":["https:\/\/kidsplay.lt\/produktas\/vaikiskas-namelis-pilis\/"]}]},{"@type":"ImageObject","inLanguage":"lv-LV","@id":"https:\/\/kidsplay.lt\/produktas\/vaikiskas-namelis-pilis\/#primaryimage","url":"https:\/\/kidsplay.lt\/wp-content\/uploads\/2025\/10\/Screenshot_584-1.png","contentUrl":"https:\/\/kidsplay.lt\/wp-content\/uploads\/2025\/10\/Screenshot_584-1.png","width":661,"height":510},{"@type":"BreadcrumbList","@id":"https:\/\/kidsplay.lt\/produktas\/vaikiskas-namelis-pilis\/#breadcrumb","itemListElement":[{"@type":"ListItem","position":1,"name":"Pagrindinis","item":"https:\/\/kidsplay.lt\/"},{"@type":"ListItem","position":2,"name":"Parduotuv\u0117","item":"https:\/\/kidsplay.lt\/parduotuve\/"},{"@type":"ListItem","position":3,"name":"Vaiki\u0161kas namelis &#8211; pilis"}]},{"@type":"WebSite","@id":"https:\/\/kidsplay.lt\/#website","url":"https:\/\/kidsplay.lt\/","name":"B\u0113rnu sp\u0113les.lv","description":"\u012evairios prek\u0117s vaikams","publisher":{"@id":"https:\/\/kidsplay.lt\/#organization"},"alternateName":"Kidsplay","potentialAction":[{"@type":"SearchAction","target":{"@type":"EntryPoint","urlTemplate":"https:\/\/kidsplay.lt\/?s={search_term_string}"},"query-input":{"@type":"PropertyValueSpecification","valueRequired":true,"valueName":"search_term_string"}}],"inLanguage":"lv-LV"},{"@type":"Organization","@id":"https:\/\/kidsplay.lt\/#organization","name":"B\u0113rnu sp\u0113le","url":"https:\/\/kidsplay.lt\/","logo":{"@type":"ImageObject","inLanguage":"lv-LV","@id":"https:\/\/kidsplay.lt\/#\/schema\/logo\/image\/","url":"https:\/\/kidsplay.lt\/wp-content\/uploads\/2023\/07\/kidsplay-logo.png","contentUrl":"https:\/\/kidsplay.lt\/wp-content\/uploads\/2023\/07\/kidsplay-logo.png","width":451,"height":98,"caption":"KidsPlay"},"image":{"@id":"https:\/\/kidsplay.lt\/#\/schema\/logo\/image\/"},"sameAs":["https:\/\/www.facebook.com\/www.kidsplay.lt"]}]}},"_links":{"self":[{"href":"https:\/\/kidsplay.lt\/lv\/wp-json\/wp\/v2\/product\/78346","targetHints":{"allow":["GET"]}}],"collection":[{"href":"https:\/\/kidsplay.lt\/lv\/wp-json\/wp\/v2\/product"}],"about":[{"href":"https:\/\/kidsplay.lt\/lv\/wp-json\/wp\/v2\/types\/product"}],"version-history":[{"count":1,"href":"https:\/\/kidsplay.lt\/lv\/wp-json\/wp\/v2\/product\/78346\/revisions"}],"predecessor-version":[{"id":78354,"href":"https:\/\/kidsplay.lt\/lv\/wp-json\/wp\/v2\/product\/78346\/revisions\/78354"}],"wp:featuredmedia":[{"embeddable":true,"href":"https:\/\/kidsplay.lt\/lv\/wp-json\/wp\/v2\/media\/78347"}],"wp:attachment":[{"href":"https:\/\/kidsplay.lt\/lv\/wp-json\/wp\/v2\/media?parent=78346"}],"wp:term":[{"taxonomy":"product_brand","embeddable":true,"href":"https:\/\/kidsplay.lt\/lv\/wp-json\/wp\/v2\/product_brand?post=78346"},{"taxonomy":"product_cat","embeddable":true,"href":"https:\/\/kidsplay.lt\/lv\/wp-json\/wp\/v2\/product_cat?post=78346"},{"taxonomy":"product_tag","embeddable":true,"href":"https:\/\/kidsplay.lt\/lv\/wp-json\/wp\/v2\/product_tag?post=78346"}],"curies":[{"name":"wp","href":"https:\/\/api.w.org\/{rel}","templated":true}]}}