{"id":78430,"date":"2025-10-27T05:51:50","date_gmt":"2025-10-27T03:51:50","guid":{"rendered":"https:\/\/kidsplay.lt\/?post_type=product&#038;p=78430"},"modified":"2025-10-27T05:51:50","modified_gmt":"2025-10-27T03:51:50","slug":"sausas-kamuoliuku-baseinas-90x40-welox","status":"publish","type":"product","link":"https:\/\/kidsplay.lt\/lv\/products\/sausas-kamuoliuku-baseinas-90x40-welox\/","title":{"rendered":"Sauso bumbu baseins 90X40 Welox"},"content":{"rendered":"<div class=\"mpof_ki myre_zn myre_8v_l m389_6m_l\">\n<div class=\"mp4t_16_s mryx_16_s mr3m_1 mli2_1 mh85_56 mh85_0_l\">\n<div class=\"mgn2_16 _0d3bd_am0a-\">\n<h2><span dir=\"auto\">Welox\u00ae baseinas 90x40cm 200 kamuoliuk\u0173<\/span><\/h2>\n<p><span dir=\"auto\">Pristatome\u00a0<\/span><b><span dir=\"auto\">saus\u0105 put\u0173 basein\u0105 su kamuoliukais<\/span><\/b><span dir=\"auto\">\u00a0\u2013 gamin\u012f, kuris suteikia daug ner\u016bpestingo malonumo ir palaiko sensorin\u012f bei motorin\u012f vystym\u0105si.<\/span><\/p>\n<p><span dir=\"auto\">Baseine pilna spalving\u0173 plastikini\u0173 kamuoliuk\u0173, kurie lavina ma\u017eyli\u0173 regimuosius, motorinius ir rankinius \u012fg\u016bd\u017eius.\u00a0<\/span><b><span dir=\"auto\">Tai leid\u017eia j\u016bs\u0173 vaikui \u017eaisti ir kartu lavinti pagrindinius \u012fg\u016bd\u017eius.<\/span><\/b><span dir=\"auto\">\u00a0Tai puiki vieta ma\u017eiesiems i\u0161mokti atskirti ir \u012fvardyti spalvas, semtis d\u017eiaugsmo ir mokytis k\u016brybi\u0161kai \u017eaid\u017eiant.<\/span><\/p>\n<\/div>\n<\/div>\n<div class=\"mp4t_16_s mryx_16_s mr3m_1 mli2_1 mh85_56 mh85_0_l\">\n<div class=\"mg9e_8 mj7a_8 mg9e_0_s mvrt_0_s mj7a_0_s mh36_0_s mzmg_6m munh_16_l m3h2_16_l\">\n<div class=\"mp4t_0 mryx_0 munh_56 m3h2_56\">\n<div class=\"mp7g_oh\"><button class=\"mg9e_0 mvrt_0 mj7a_0 mh36_0 mp4t_0 m3h2_0 mryx_0 munh_0 mqen_m6 mpof_z0 mx7m_0 m7er_k4 mse2_k4 msts_pt\" data-analytics-interaction=\"true\" data-analytics-interaction-label=\"zoomable-image-open\" aria-disabled=\"true\"><img decoding=\"async\" class=\"msub_k4 mupj_5k mjru_k4 mse2_k4 mp7g_f6 mq1m_0 mj7u_0 m7er_k4 mqen_m6 m31c_d8 m0ux_fp lazyloaded\" src=\"https:\/\/a.allegroimg.com\/original\/111149\/553780cb461888702039d43e6ba4\/Dry-Pool-with-Balls-90x40-200-balls-pool-with-balls-WELOX\" sizes=\"(min-width: 1200px) 560px, (min-width: 992px) 50vw, 100vw\" srcset=\"https:\/\/a.allegroimg.com\/s360\/111149\/553780cb461888702039d43e6ba4\/Dry-Pool-with-Balls-90x40-200-balls-pool-with-balls-WELOX 360w,https:\/\/a.allegroimg.com\/s720\/111149\/553780cb461888702039d43e6ba4\/Dry-Pool-with-Balls-90x40-200-balls-pool-with-balls-WELOX 720w,https:\/\/a.allegroimg.com\/s1024\/111149\/553780cb461888702039d43e6ba4\/Dry-Pool-with-Balls-90x40-200-balls-pool-with-balls-WELOX 1024w,https:\/\/a.allegroimg.com\/s1440\/111149\/553780cb461888702039d43e6ba4\/Dry-Pool-with-Balls-90x40-200-balls-pool-with-balls-WELOX 1440w,https:\/\/a.allegroimg.com\/original\/111149\/553780cb461888702039d43e6ba4\/Dry-Pool-with-Balls-90x40-200-balls-pool-with-balls-WELOX 2560w\" alt=\"Sausas baseinas su kamuoliukais 90x40 200 kamuoliuk\u0173 - baseinas su kamuoliukais WELOX\" width=\"2560px\" data-srcset=\"\" \/><\/button><\/div>\n<\/div>\n<\/div>\n<\/div>\n<\/div>\n<div class=\"mpof_ki myre_zn myre_8v_l m389_6m_l\">\n<div class=\"mp4t_16_s mryx_16_s mr3m_1 mli2_1 mh85_56 mh85_0_l\">\n<div class=\"mg9e_8 mj7a_8 mg9e_0_s mvrt_0_s mj7a_0_s mh36_0_s mzmg_6m munh_16_l m3h2_16_l\">\n<div class=\"mp4t_0 mryx_0 munh_56 m3h2_56\">\n<div class=\"mp7g_oh\"><button class=\"mg9e_0 mvrt_0 mj7a_0 mh36_0 mp4t_0 m3h2_0 mryx_0 munh_0 mqen_m6 mpof_z0 mx7m_0 m7er_k4 mse2_k4 msts_pt\" data-analytics-interaction=\"true\" data-analytics-interaction-label=\"zoomable-image-open\" aria-disabled=\"true\"><img decoding=\"async\" class=\"msub_k4 mupj_5k mjru_k4 mse2_k4 mp7g_f6 mq1m_0 mj7u_0 m7er_k4 mqen_m6 m31c_d8 m0ux_fp lazyloaded\" src=\"https:\/\/a.allegroimg.com\/original\/115eae\/fca97e774354b47482b54f826f0d\/Dry-Pool-with-Balls-90x40-200-balls-pool-with-balls-WELOX-Kid-s-age-0\" sizes=\"(min-width: 1200px) 560px, (min-width: 992px) 50vw, 100vw\" srcset=\"https:\/\/a.allegroimg.com\/s360\/115eae\/fca97e774354b47482b54f826f0d\/Dry-Pool-with-Balls-90x40-200-balls-pool-with-balls-WELOX-Kid-s-age-0 360w,https:\/\/a.allegroimg.com\/s720\/115eae\/fca97e774354b47482b54f826f0d\/Dry-Pool-with-Balls-90x40-200-balls-pool-with-balls-WELOX-Kid-s-age-0 720w,https:\/\/a.allegroimg.com\/s1024\/115eae\/fca97e774354b47482b54f826f0d\/Dry-Pool-with-Balls-90x40-200-balls-pool-with-balls-WELOX-Kid-s-age-0 1024w,https:\/\/a.allegroimg.com\/s1440\/115eae\/fca97e774354b47482b54f826f0d\/Dry-Pool-with-Balls-90x40-200-balls-pool-with-balls-WELOX-Kid-s-age-0 1440w,https:\/\/a.allegroimg.com\/original\/115eae\/fca97e774354b47482b54f826f0d\/Dry-Pool-with-Balls-90x40-200-balls-pool-with-balls-WELOX-Kid-s-age-0 2560w\" alt=\"Sausas baseinas su kamuoliukais 90x40 200 kamuoliuk\u0173 - baseinas su kamuoliukais WELOX vaikams nuo 0 met\u0173\" width=\"2560px\" data-srcset=\"\" \/><\/button><\/div>\n<\/div>\n<\/div>\n<\/div>\n<div class=\"mp4t_16_s mryx_16_s mr3m_1 mli2_1 mh85_56 mh85_0_l\">\n<div class=\"mgn2_16 _0d3bd_am0a-\">\n<p><b><span dir=\"auto\">M1\/R10\/K588\/AE6154<\/span><\/b><\/p>\n<p><span dir=\"auto\">&#8211; Skersmuo: 90 cm +\/- 2 cm<\/span><\/p>\n<p><span dir=\"auto\">&#8211; auk\u0161tis: 40 cm<\/span><\/p>\n<p><span dir=\"auto\">&#8211; sienos storis: 5 cm<\/span><\/p>\n<p><span dir=\"auto\">&#8211; grind\u0173 storis: 2,5 cm<\/span><\/p>\n<p><b><span dir=\"auto\">&#8211; Kamuolio skersmuo: 7 cm<\/span><\/b><\/p>\n<p><b><span dir=\"auto\">&#8211; kamuoliuk\u0173 skai\u010dius rinkinyje: 200 vnt.<\/span><\/b><\/p>\n<p><span dir=\"auto\">Nuotraukose produktas pavaizduotas su 400 kamuoliuk\u0173.<\/span><\/p>\n<\/div>\n<\/div>\n<\/div>\n<div class=\"mpof_ki myre_zn myre_8v_l m389_6m_l\">\n<div class=\"mp4t_16_s mryx_16_s mr3m_1 mli2_1 mh85_56 mh85_0_l\">\n<div class=\"mgn2_16 _0d3bd_am0a-\">\n<h2><span dir=\"auto\">Pasir\u016bpinome J\u016bs\u0173 vaiko patogumu ir saugumu.<\/span><\/h2>\n<p><b><span dir=\"auto\">\u201eWelox\u00ae<\/span><\/b><span dir=\"auto\">\u00a0Dry\u00a0Pool\u201c baseinas buvo kruop\u0161\u010diai sukurtas atsi\u017evelgiant \u012f j\u016bs\u0173 vaiko saugum\u0105. Spalvingi plastikiniai kamuoliukai baseine\u00a0<\/span><b><span dir=\"auto\">yra visi\u0161kai be BPA (bisfenolio A)<\/span><\/b><span dir=\"auto\">\u00a0. Galite b\u016bti ram\u016bs, kad j\u016bs\u0173 vaikas \u017eaid\u017eia \u0161variai ir saugiai, neveikdamas sav\u0119s kenksmingomis med\u017eiagomis. Baseinas pagamintas i\u0161 antialergini\u0173 put\u0173, u\u017etikrinan\u010di\u0173 komfort\u0105 \u017eaidimo metu. Subtilus, auk\u0161tos kokyb\u0117s aksomo u\u017evalkalas yra malonus liesti. J\u012f galite lengvai nuimti ir skalbti skalbimo ma\u0161inoje (\u00a0<\/span><b><span dir=\"auto\">30\u201345 \u00b0C),<\/span><\/b><span dir=\"auto\">\u00a0tod\u0117l \u017eaislas ilg\u0105 laik\u0105 i\u0161liks puikios b\u016bkl\u0117s. U\u017evalkal\u0173 spauda yra i\u0161bandyta 2000 skalbimo cikl\u0173!<\/span><\/p>\n<\/div>\n<\/div>\n<div class=\"mp4t_16_s mryx_16_s mr3m_1 mli2_1 mh85_56 mh85_0_l\">\n<div class=\"mg9e_8 mj7a_8 mg9e_0_s mvrt_0_s mj7a_0_s mh36_0_s mzmg_6m munh_16_l m3h2_16_l\">\n<div class=\"mp4t_0 mryx_0 munh_56 m3h2_56\">\n<div class=\"mp7g_oh\"><button class=\"mg9e_0 mvrt_0 mj7a_0 mh36_0 mp4t_0 m3h2_0 mryx_0 munh_0 mqen_m6 mpof_z0 mx7m_0 m7er_k4 mse2_k4 msts_pt\" data-analytics-interaction=\"true\" data-analytics-interaction-label=\"zoomable-image-open\" aria-disabled=\"true\"><img decoding=\"async\" class=\"msub_k4 mupj_5k mjru_k4 mse2_k4 mp7g_f6 mq1m_0 mj7u_0 m7er_k4 mqen_m6 m31c_d8 m0ux_fp lazyloaded\" src=\"https:\/\/a.allegroimg.com\/original\/111f5b\/a9a50cf84c74b165a39dbd74c509\/Dry-Pool-with-Balls-90x40-200-balls-pool-with-balls-WELOX-Brand-Welox\" sizes=\"(min-width: 1200px) 560px, (min-width: 992px) 50vw, 100vw\" srcset=\"https:\/\/a.allegroimg.com\/s360\/111f5b\/a9a50cf84c74b165a39dbd74c509\/Dry-Pool-with-Balls-90x40-200-balls-pool-with-balls-WELOX-Brand-Welox 360w,https:\/\/a.allegroimg.com\/s720\/111f5b\/a9a50cf84c74b165a39dbd74c509\/Dry-Pool-with-Balls-90x40-200-balls-pool-with-balls-WELOX-Brand-Welox 720w,https:\/\/a.allegroimg.com\/s1024\/111f5b\/a9a50cf84c74b165a39dbd74c509\/Dry-Pool-with-Balls-90x40-200-balls-pool-with-balls-WELOX-Brand-Welox 1024w,https:\/\/a.allegroimg.com\/s1440\/111f5b\/a9a50cf84c74b165a39dbd74c509\/Dry-Pool-with-Balls-90x40-200-balls-pool-with-balls-WELOX-Brand-Welox 1440w,https:\/\/a.allegroimg.com\/original\/111f5b\/a9a50cf84c74b165a39dbd74c509\/Dry-Pool-with-Balls-90x40-200-balls-pool-with-balls-WELOX-Brand-Welox 2560w\" alt=\"Sausas baseinas su kamuoliukais 90x40 200 kamuoliuk\u0173 - baseinas su kamuoliukais WELOX prek\u0117s \u017eenklas Welox\" width=\"2560px\" data-srcset=\"\" \/><\/button><\/div>\n<\/div>\n<\/div>\n<\/div>\n<\/div>\n<div class=\"mpof_ki myre_zn myre_8v_l m389_6m_l\">\n<div class=\"mp4t_16_s mryx_16_s mr3m_1 mli2_1 mh85_56 mh85_0_l\">\n<div class=\"mgn2_16 _0d3bd_am0a-\">\n<h2><span dir=\"auto\">KOD\u0116L VERTA \u2764<\/span><\/h2>\n<p><span dir=\"auto\">\u2714\u00a0<\/span><b><span dir=\"auto\">Vystymasis ir lavinimas:<\/span><\/b><span dir=\"auto\">\u00a0Kamuoliai teigiamai veikia ma\u017eylio regim\u0105j\u012f suvokim\u0105 ir rank\u0173 \u012fg\u016bd\u017eius. Jie padeda lavinti smulki\u0105j\u0105 motorik\u0105 ir aki\u0173 bei rank\u0173 koordinacij\u0105.<\/span><\/p>\n<p><span dir=\"auto\">\u2714\u00a0<\/span><b><span dir=\"auto\">Galimyb\u0117 \u017eaisti kartu:<\/span><\/b><span dir=\"auto\">\u00a0Baseinas suteikia puiki\u0105 galimyb\u0119 t\u0117vams \u017eaisti kartu su vaikais, stiprinant ry\u0161\u012f ir bendr\u0173 akimirk\u0173 d\u017eiaugsm\u0105.<\/span><\/p>\n<p><span dir=\"auto\">\u2714\u00a0<\/span><b><span dir=\"auto\">Akimirka t\u0117vams atsikv\u0117pti:<\/span><\/b><span dir=\"auto\">\u00a0t\u0117vai gali ramiai skirti akimirk\u0105 poilsiui ir atsipalaidavimui, \u012fsitikin\u0119, kad ma\u017eylis yra saugus ir \u017eavisi savo k\u016brybiniu \u017eaidimu \ud83d\ude09<\/span><\/p>\n<p><span dir=\"auto\">\u2714\u00a0<\/span><b><span dir=\"auto\">Patogumas ir saugumas:<\/span><\/b><span dir=\"auto\">\u00a0mink\u0161ta putplas\u010dio konstrukcija u\u017etikrina saugias ir patogias \u017eaidimo galimybes.\u00a0<\/span><b><span dir=\"auto\">\u201eWelox\u00ae\u201c<\/span><\/b><span dir=\"auto\">\u00a0yra vienintelis gamintojas Europoje, gav\u0119s OEKO-TEX I klas\u0117s sertifikat\u0105 (vaikams nuo 0 met\u0173).<\/span><\/p>\n<p><span dir=\"auto\">\u2714\u00a0<\/span><b><span dir=\"auto\">Prakti\u0161kas ir patvarus:<\/span><\/b><span dir=\"auto\">\u00a0u\u017edangalas pagamintas i\u0161 mink\u0161to aksomo, kur\u012f galima lengvai nuimti ir skalbti skalbimo ma\u0161inoje, tod\u0117l baseinas i\u0161lieka \u0161varus. Baseinas yra lengvas, tod\u0117l j\u012f lengva ne\u0161ti ir laikyti, tod\u0117l gal\u0117site \u017eaisti tiek viduje, tiek lauke, kai leid\u017eia oras.<\/span><\/p>\n<p><span dir=\"auto\">\u2714\u00a0<\/span><b><span dir=\"auto\">Auk\u0161\u010diausia kokyb\u0117:<\/span><\/b><span dir=\"auto\">\u00a0Produktas atitinka auk\u0161\u010diausius kokyb\u0117s ir saugos standartus, tod\u0117l t\u0117vai gali b\u016bti tikri, kad j\u0173 vaikas \u017eaid\u017eia geriausiomis s\u0105lygomis.<\/span><\/p>\n<p><span dir=\"auto\">\u2714\u00a0<\/span><b><span dir=\"auto\">Skirting\u0173 spalv\u0173 rinkiniai:<\/span><\/b><span dir=\"auto\">\u00a0Dangteliai ir kamuoliukai yra skirting\u0173 spalv\u0173 rinkini\u0173, tod\u0117l galite pasirinkti m\u0117gstamiausius derinius. Taip pat galite \u012fsigyti papildom\u0173 kamuoliuk\u0173 \u2013 juos turime atskirai.<\/span><\/p>\n<p><span dir=\"auto\">\u2714\u00a0<\/span><b><span dir=\"auto\">I\u0161radinga dovana:<\/span><\/b><span dir=\"auto\">\u00a0sausas put\u0173 baseinas su kamuoliukais \u2013 puiki dovanos id\u0117ja vaiko gimtadieniui, \u201ek\u016bdikio sutiktuvi\u0173\u201c ar \u201ebambos\u201c proga.<\/span><\/p>\n<p><span dir=\"auto\">\u2714\u00a0<\/span><b><span dir=\"auto\">Naudingas terapijoje:<\/span><\/b><span dir=\"auto\">\u00a0baseinas gali b\u016bti naudojamas ergoterapijoje, sensorin\u0117s integracijos terapijoje ir kitais terapiniais tikslais.<\/span><\/p>\n<\/div>\n<\/div>\n<div class=\"mp4t_16_s mryx_16_s mr3m_1 mli2_1 mh85_56 mh85_0_l\">\n<div class=\"mg9e_8 mj7a_8 mg9e_0_s mvrt_0_s mj7a_0_s mh36_0_s mzmg_6m munh_16_l m3h2_16_l\">\n<div class=\"mp4t_0 mryx_0 munh_56 m3h2_56\">\n<div class=\"mp7g_oh\"><button class=\"mg9e_0 mvrt_0 mj7a_0 mh36_0 mp4t_0 m3h2_0 mryx_0 munh_0 mqen_m6 mpof_z0 mx7m_0 m7er_k4 mse2_k4 msts_pt\" data-analytics-interaction=\"true\" data-analytics-interaction-label=\"zoomable-image-open\" aria-disabled=\"true\"><img decoding=\"async\" class=\"msub_k4 mupj_5k mjru_k4 mse2_k4 mp7g_f6 mq1m_0 mj7u_0 m7er_k4 mqen_m6 m31c_d8 m0ux_fp lazyloaded\" src=\"https:\/\/a.allegroimg.com\/original\/111126\/d28390274e418f88d5306a7f1178\/Dry-Pool-with-Balls-90x40-200-balls-pool-with-balls-WELOX-Product-width-90-cm\" sizes=\"(min-width: 1200px) 560px, (min-width: 992px) 50vw, 100vw\" srcset=\"https:\/\/a.allegroimg.com\/s360\/111126\/d28390274e418f88d5306a7f1178\/Dry-Pool-with-Balls-90x40-200-balls-pool-with-balls-WELOX-Product-width-90-cm 254w,https:\/\/a.allegroimg.com\/s720\/111126\/d28390274e418f88d5306a7f1178\/Dry-Pool-with-Balls-90x40-200-balls-pool-with-balls-WELOX-Product-width-90-cm 508w,https:\/\/a.allegroimg.com\/s1024\/111126\/d28390274e418f88d5306a7f1178\/Dry-Pool-with-Balls-90x40-200-balls-pool-with-balls-WELOX-Product-width-90-cm 723w,https:\/\/a.allegroimg.com\/s1440\/111126\/d28390274e418f88d5306a7f1178\/Dry-Pool-with-Balls-90x40-200-balls-pool-with-balls-WELOX-Product-width-90-cm 1017w,https:\/\/a.allegroimg.com\/original\/111126\/d28390274e418f88d5306a7f1178\/Dry-Pool-with-Balls-90x40-200-balls-pool-with-balls-WELOX-Product-width-90-cm 1239w\" alt=\"Sausas baseinas su kamuoliukais 90x40 200 kamuoliuk\u0173 - baseinas su kamuoliukais WELOX Gaminio plotis 90 cm\" width=\"1239px\" data-srcset=\"\" \/><\/button><\/div>\n<\/div>\n<\/div>\n<\/div>\n<\/div>","protected":false},"excerpt":{"rendered":"<p>Welox\u00ae baseinas 90x40cm 200 kamuoliuk\u0173 Pristatome\u00a0saus\u0105 put\u0173 basein\u0105 su kamuoliukais\u00a0\u2013 gamin\u012f, kuris suteikia daug ner\u016bpestingo malonumo ir palaiko sensorin\u012f bei<\/p>","protected":false},"featured_media":78431,"template":"","meta":{"_acf_changed":false,"_glsr_average":0,"_glsr_ranking":0,"_glsr_reviews":0},"product_brand":[],"product_cat":[339,254],"product_tag":[],"class_list":{"0":"post-78430","1":"product","2":"type-product","3":"status-publish","4":"has-post-thumbnail","6":"product_cat-kamuoliuku-baseinai","7":"product_cat-vaiko-kambarys","8":"\"style=\"background-color: #2ecc711c;\"","10":"first","11":"instock","12":"shipping-taxable","13":"purchasable","14":"product-type-simple"},"acf":[],"yoast_head":"<!-- This site is optimized with the Yoast SEO plugin v27.4 - https:\/\/yoast.com\/product\/yoast-seo-wordpress\/ -->\n<title>Sausas kamuoliuk\u0173 baseinas 90X40 Welox - KidsPlay<\/title>\n<meta name=\"description\" content=\"Sausas kamuoliuk\u0173 baseinas 90X40 Welox - KidsPlay. Did\u017eiausias vaik\u0173 \u017eaisl\u0173 pasirinkimas.\" \/>\n<meta name=\"robots\" content=\"index, follow, max-snippet:-1, max-image-preview:large, max-video-preview:-1\" \/>\n<link rel=\"canonical\" href=\"https:\/\/kidsplay.lt\/lv\/products\/sausas-kamuoliuku-baseinas-90x40-welox\/\" \/>\n<meta property=\"og:locale\" content=\"lv_LV\" \/>\n<meta property=\"og:type\" content=\"article\" \/>\n<meta property=\"og:title\" content=\"Sausas kamuoliuk\u0173 baseinas 90X40 Welox - KidsPlay\" \/>\n<meta property=\"og:description\" content=\"Sausas kamuoliuk\u0173 baseinas 90X40 Welox - KidsPlay. Did\u017eiausias vaik\u0173 \u017eaisl\u0173 pasirinkimas.\" \/>\n<meta property=\"og:url\" content=\"https:\/\/kidsplay.lt\/lv\/products\/sausas-kamuoliuku-baseinas-90x40-welox\/\" \/>\n<meta property=\"og:site_name\" content=\"KidsPlay\" \/>\n<meta property=\"article:publisher\" content=\"https:\/\/www.facebook.com\/www.kidsplay.lt\" \/>\n<meta property=\"og:image\" content=\"https:\/\/kidsplay.lt\/wp-content\/uploads\/2025\/10\/Screenshot_651-1.png\" \/>\n\t<meta property=\"og:image:width\" content=\"677\" \/>\n\t<meta property=\"og:image:height\" content=\"533\" \/>\n\t<meta property=\"og:image:type\" content=\"image\/png\" \/>\n<meta name=\"twitter:card\" content=\"summary_large_image\" \/>\n<meta name=\"twitter:label1\" content=\"Est. reading time\" \/>\n\t<meta name=\"twitter:data1\" content=\"4 min\u016btes\" \/>\n<script type=\"application\/ld+json\" class=\"yoast-schema-graph\">{\"@context\":\"https:\\\/\\\/schema.org\",\"@graph\":[{\"@type\":\"WebPage\",\"@id\":\"https:\\\/\\\/kidsplay.lt\\\/produktas\\\/sausas-kamuoliuku-baseinas-90x40-welox\\\/\",\"url\":\"https:\\\/\\\/kidsplay.lt\\\/produktas\\\/sausas-kamuoliuku-baseinas-90x40-welox\\\/\",\"name\":\"Sausas kamuoliuk\u0173 baseinas 90X40 Welox - KidsPlay\",\"isPartOf\":{\"@id\":\"https:\\\/\\\/kidsplay.lt\\\/#website\"},\"primaryImageOfPage\":{\"@id\":\"https:\\\/\\\/kidsplay.lt\\\/produktas\\\/sausas-kamuoliuku-baseinas-90x40-welox\\\/#primaryimage\"},\"image\":{\"@id\":\"https:\\\/\\\/kidsplay.lt\\\/produktas\\\/sausas-kamuoliuku-baseinas-90x40-welox\\\/#primaryimage\"},\"thumbnailUrl\":\"https:\\\/\\\/kidsplay.lt\\\/wp-content\\\/uploads\\\/2025\\\/10\\\/Screenshot_651-1.png\",\"datePublished\":\"2025-10-27T03:51:50+00:00\",\"description\":\"Sausas kamuoliuk\u0173 baseinas 90X40 Welox - KidsPlay. Did\u017eiausias vaik\u0173 \u017eaisl\u0173 pasirinkimas.\",\"breadcrumb\":{\"@id\":\"https:\\\/\\\/kidsplay.lt\\\/produktas\\\/sausas-kamuoliuku-baseinas-90x40-welox\\\/#breadcrumb\"},\"inLanguage\":\"lv-LV\",\"potentialAction\":[{\"@type\":\"ReadAction\",\"target\":[\"https:\\\/\\\/kidsplay.lt\\\/produktas\\\/sausas-kamuoliuku-baseinas-90x40-welox\\\/\"]}]},{\"@type\":\"ImageObject\",\"inLanguage\":\"lv-LV\",\"@id\":\"https:\\\/\\\/kidsplay.lt\\\/produktas\\\/sausas-kamuoliuku-baseinas-90x40-welox\\\/#primaryimage\",\"url\":\"https:\\\/\\\/kidsplay.lt\\\/wp-content\\\/uploads\\\/2025\\\/10\\\/Screenshot_651-1.png\",\"contentUrl\":\"https:\\\/\\\/kidsplay.lt\\\/wp-content\\\/uploads\\\/2025\\\/10\\\/Screenshot_651-1.png\",\"width\":677,\"height\":533},{\"@type\":\"BreadcrumbList\",\"@id\":\"https:\\\/\\\/kidsplay.lt\\\/produktas\\\/sausas-kamuoliuku-baseinas-90x40-welox\\\/#breadcrumb\",\"itemListElement\":[{\"@type\":\"ListItem\",\"position\":1,\"name\":\"Pagrindinis\",\"item\":\"https:\\\/\\\/kidsplay.lt\\\/\"},{\"@type\":\"ListItem\",\"position\":2,\"name\":\"Parduotuv\u0117\",\"item\":\"https:\\\/\\\/kidsplay.lt\\\/parduotuve\\\/\"},{\"@type\":\"ListItem\",\"position\":3,\"name\":\"Sausas kamuoliuk\u0173 baseinas 90X40 Welox\"}]},{\"@type\":\"WebSite\",\"@id\":\"https:\\\/\\\/kidsplay.lt\\\/#website\",\"url\":\"https:\\\/\\\/kidsplay.lt\\\/\",\"name\":\"Kidsplay.lt\",\"description\":\"\u012evairios prek\u0117s vaikams\",\"publisher\":{\"@id\":\"https:\\\/\\\/kidsplay.lt\\\/#organization\"},\"alternateName\":\"Kidsplay\",\"potentialAction\":[{\"@type\":\"SearchAction\",\"target\":{\"@type\":\"EntryPoint\",\"urlTemplate\":\"https:\\\/\\\/kidsplay.lt\\\/?s={search_term_string}\"},\"query-input\":{\"@type\":\"PropertyValueSpecification\",\"valueRequired\":true,\"valueName\":\"search_term_string\"}}],\"inLanguage\":\"lv-LV\"},{\"@type\":\"Organization\",\"@id\":\"https:\\\/\\\/kidsplay.lt\\\/#organization\",\"name\":\"KidsPlay\",\"url\":\"https:\\\/\\\/kidsplay.lt\\\/\",\"logo\":{\"@type\":\"ImageObject\",\"inLanguage\":\"lv-LV\",\"@id\":\"https:\\\/\\\/kidsplay.lt\\\/#\\\/schema\\\/logo\\\/image\\\/\",\"url\":\"https:\\\/\\\/kidsplay.lt\\\/wp-content\\\/uploads\\\/2023\\\/07\\\/kidsplay-logo.png\",\"contentUrl\":\"https:\\\/\\\/kidsplay.lt\\\/wp-content\\\/uploads\\\/2023\\\/07\\\/kidsplay-logo.png\",\"width\":451,\"height\":98,\"caption\":\"KidsPlay\"},\"image\":{\"@id\":\"https:\\\/\\\/kidsplay.lt\\\/#\\\/schema\\\/logo\\\/image\\\/\"},\"sameAs\":[\"https:\\\/\\\/www.facebook.com\\\/www.kidsplay.lt\"]}]}<\/script>\n<!-- \/ Yoast SEO plugin. -->","yoast_head_json":{"title":"Sausas kamuoliuk\u0173 baseinas 90X40 Welox - KidsPlay","description":"Sausas kamuoliuk\u0173 baseinas 90X40 Welox - KidsPlay. Did\u017eiausias vaik\u0173 \u017eaisl\u0173 pasirinkimas.","robots":{"index":"index","follow":"follow","max-snippet":"max-snippet:-1","max-image-preview":"max-image-preview:large","max-video-preview":"max-video-preview:-1"},"canonical":"https:\/\/kidsplay.lt\/lv\/products\/sausas-kamuoliuku-baseinas-90x40-welox\/","og_locale":"lv_LV","og_type":"article","og_title":"Sausas kamuoliuk\u0173 baseinas 90X40 Welox - KidsPlay","og_description":"Sausas kamuoliuk\u0173 baseinas 90X40 Welox - KidsPlay. Did\u017eiausias vaik\u0173 \u017eaisl\u0173 pasirinkimas.","og_url":"https:\/\/kidsplay.lt\/lv\/products\/sausas-kamuoliuku-baseinas-90x40-welox\/","og_site_name":"KidsPlay","article_publisher":"https:\/\/www.facebook.com\/www.kidsplay.lt","og_image":[{"width":677,"height":533,"url":"https:\/\/kidsplay.lt\/wp-content\/uploads\/2025\/10\/Screenshot_651-1.png","type":"image\/png"}],"twitter_card":"summary_large_image","twitter_misc":{"Est. reading time":"4 min\u016btes"},"schema":{"@context":"https:\/\/schema.org","@graph":[{"@type":"WebPage","@id":"https:\/\/kidsplay.lt\/produktas\/sausas-kamuoliuku-baseinas-90x40-welox\/","url":"https:\/\/kidsplay.lt\/produktas\/sausas-kamuoliuku-baseinas-90x40-welox\/","name":"Sausas kamuoliuk\u0173 baseinas 90X40 Welox - KidsPlay","isPartOf":{"@id":"https:\/\/kidsplay.lt\/#website"},"primaryImageOfPage":{"@id":"https:\/\/kidsplay.lt\/produktas\/sausas-kamuoliuku-baseinas-90x40-welox\/#primaryimage"},"image":{"@id":"https:\/\/kidsplay.lt\/produktas\/sausas-kamuoliuku-baseinas-90x40-welox\/#primaryimage"},"thumbnailUrl":"https:\/\/kidsplay.lt\/wp-content\/uploads\/2025\/10\/Screenshot_651-1.png","datePublished":"2025-10-27T03:51:50+00:00","description":"Sausas kamuoliuk\u0173 baseinas 90X40 Welox - KidsPlay. Did\u017eiausias vaik\u0173 \u017eaisl\u0173 pasirinkimas.","breadcrumb":{"@id":"https:\/\/kidsplay.lt\/produktas\/sausas-kamuoliuku-baseinas-90x40-welox\/#breadcrumb"},"inLanguage":"lv-LV","potentialAction":[{"@type":"ReadAction","target":["https:\/\/kidsplay.lt\/produktas\/sausas-kamuoliuku-baseinas-90x40-welox\/"]}]},{"@type":"ImageObject","inLanguage":"lv-LV","@id":"https:\/\/kidsplay.lt\/produktas\/sausas-kamuoliuku-baseinas-90x40-welox\/#primaryimage","url":"https:\/\/kidsplay.lt\/wp-content\/uploads\/2025\/10\/Screenshot_651-1.png","contentUrl":"https:\/\/kidsplay.lt\/wp-content\/uploads\/2025\/10\/Screenshot_651-1.png","width":677,"height":533},{"@type":"BreadcrumbList","@id":"https:\/\/kidsplay.lt\/produktas\/sausas-kamuoliuku-baseinas-90x40-welox\/#breadcrumb","itemListElement":[{"@type":"ListItem","position":1,"name":"Pagrindinis","item":"https:\/\/kidsplay.lt\/"},{"@type":"ListItem","position":2,"name":"Parduotuv\u0117","item":"https:\/\/kidsplay.lt\/parduotuve\/"},{"@type":"ListItem","position":3,"name":"Sausas kamuoliuk\u0173 baseinas 90X40 Welox"}]},{"@type":"WebSite","@id":"https:\/\/kidsplay.lt\/#website","url":"https:\/\/kidsplay.lt\/","name":"B\u0113rnu sp\u0113les.lv","description":"\u012evairios prek\u0117s vaikams","publisher":{"@id":"https:\/\/kidsplay.lt\/#organization"},"alternateName":"Kidsplay","potentialAction":[{"@type":"SearchAction","target":{"@type":"EntryPoint","urlTemplate":"https:\/\/kidsplay.lt\/?s={search_term_string}"},"query-input":{"@type":"PropertyValueSpecification","valueRequired":true,"valueName":"search_term_string"}}],"inLanguage":"lv-LV"},{"@type":"Organization","@id":"https:\/\/kidsplay.lt\/#organization","name":"B\u0113rnu sp\u0113le","url":"https:\/\/kidsplay.lt\/","logo":{"@type":"ImageObject","inLanguage":"lv-LV","@id":"https:\/\/kidsplay.lt\/#\/schema\/logo\/image\/","url":"https:\/\/kidsplay.lt\/wp-content\/uploads\/2023\/07\/kidsplay-logo.png","contentUrl":"https:\/\/kidsplay.lt\/wp-content\/uploads\/2023\/07\/kidsplay-logo.png","width":451,"height":98,"caption":"KidsPlay"},"image":{"@id":"https:\/\/kidsplay.lt\/#\/schema\/logo\/image\/"},"sameAs":["https:\/\/www.facebook.com\/www.kidsplay.lt"]}]}},"_links":{"self":[{"href":"https:\/\/kidsplay.lt\/lv\/wp-json\/wp\/v2\/product\/78430","targetHints":{"allow":["GET"]}}],"collection":[{"href":"https:\/\/kidsplay.lt\/lv\/wp-json\/wp\/v2\/product"}],"about":[{"href":"https:\/\/kidsplay.lt\/lv\/wp-json\/wp\/v2\/types\/product"}],"version-history":[{"count":1,"href":"https:\/\/kidsplay.lt\/lv\/wp-json\/wp\/v2\/product\/78430\/revisions"}],"predecessor-version":[{"id":78435,"href":"https:\/\/kidsplay.lt\/lv\/wp-json\/wp\/v2\/product\/78430\/revisions\/78435"}],"wp:featuredmedia":[{"embeddable":true,"href":"https:\/\/kidsplay.lt\/lv\/wp-json\/wp\/v2\/media\/78431"}],"wp:attachment":[{"href":"https:\/\/kidsplay.lt\/lv\/wp-json\/wp\/v2\/media?parent=78430"}],"wp:term":[{"taxonomy":"product_brand","embeddable":true,"href":"https:\/\/kidsplay.lt\/lv\/wp-json\/wp\/v2\/product_brand?post=78430"},{"taxonomy":"product_cat","embeddable":true,"href":"https:\/\/kidsplay.lt\/lv\/wp-json\/wp\/v2\/product_cat?post=78430"},{"taxonomy":"product_tag","embeddable":true,"href":"https:\/\/kidsplay.lt\/lv\/wp-json\/wp\/v2\/product_tag?post=78430"}],"curies":[{"name":"wp","href":"https:\/\/api.w.org\/{rel}","templated":true}]}}