{"id":78442,"date":"2025-10-27T05:57:31","date_gmt":"2025-10-27T03:57:31","guid":{"rendered":"https:\/\/kidsplay.lt\/?post_type=product&#038;p=78442"},"modified":"2026-02-25T15:48:57","modified_gmt":"2026-02-25T13:48:57","slug":"spalvingas-muzikinis-edukacinis-kilimelis-kudikiams","status":"publish","type":"product","link":"https:\/\/kidsplay.lt\/lv\/products\/spalvingas-muzikinis-edukacinis-kilimelis-kudikiams\/","title":{"rendered":"Spalvingas muzikinis edukacinis kilim\u0117lis k\u016bdikiams"},"content":{"rendered":"<div class=\"mpof_ki myre_zn myre_8v_l m389_6m_l\">\n<div class=\"mp4t_16_s mryx_16_s mr3m_1 mli2_1 mh85_56 mh85_0_l\">\n<div class=\"mgn2_16 _0d3bd_am0a-\">\n<p><span dir=\"auto\">Spalvingas muzikinis edukacinis kilim\u0117lis k\u016bdikiams<\/span><\/p>\n<p><span dir=\"auto\">Spalvingas, mink\u0161tas kilim\u0117lis ma\u017eiausiems yra ne tik smagus, bet ir ideali id\u0117ja palaikyti k\u016bdikio vystym\u0105si \u012fvairiais jo etapais. Kilim\u0117lis pad\u0117s lavinti j\u016bs\u0173 vaiko motorin\u0119 koordinacij\u0105 ir smulki\u0105j\u0105 motorik\u0105. Ma\u017eylis gali gul\u0117ti ant nugaros ir pilvuko, s\u0117d\u0117ti ir \u017eaisti kilim\u0117lyje. Gaminys taip pat turi garso funkcijas, kurios \u012fsijungia paspaudus atitinkam\u0105 mygtuk\u0105. Ry\u0161kios spalvos traukia ma\u017eylio ak\u012f ir lavina pa\u017eintinius \u012fg\u016bd\u017eius, papildomai stimuliuoja vaizduot\u0119, r\u016bpindamosi rank\u0173 miklumo ugdymu. Gaminys skirtas net ir patiems ma\u017eiausiems vaikams.<\/span><\/p>\n<ul>\n<li><span dir=\"auto\">Kilim\u0117lio matmenys i\u0161skleistus: 60 x 75 x 45 cm<\/span><\/li>\n<li><span dir=\"auto\">Maitinimo \u0161altinis: 2 x AA (baterijos nepridedamos)<\/span><\/li>\n<li><span dir=\"auto\">Produktas skirtas vaikams nuo 0 m\u0117nesi\u0173 am\u017eiaus<\/span><\/li>\n<li><span dir=\"auto\">Pakuot\u0117s matmenys: 50 x 9 x 37 cm<\/span><\/li>\n<\/ul>\n<\/div>\n<\/div>\n<\/div>\n<div class=\"mpof_ki myre_zn myre_8v_l m389_6m_l\">\n<div class=\"mp4t_16_s mryx_16_s mr3m_1 mli2_1 mh85_56 mh85_0_l\">\n<div class=\"mg9e_8 mj7a_8 mg9e_0_s mvrt_0_s mj7a_0_s mh36_0_s mzmg_6m munh_16_l m3h2_16_l\">\n<div class=\"mp4t_0 mryx_0 munh_56 m3h2_56\">\n<div class=\"mp7g_oh\"><button class=\"mg9e_0 mvrt_0 mj7a_0 mh36_0 mp4t_0 m3h2_0 mryx_0 munh_0 mqen_m6 mpof_z0 mx7m_0 m7er_k4 mse2_k4 msts_pt\" data-analytics-interaction=\"true\" data-analytics-interaction-label=\"zoomable-image-open\" aria-disabled=\"true\"><img decoding=\"async\" class=\"msub_k4 mupj_5k mjru_k4 mse2_k4 mp7g_f6 mq1m_0 mj7u_0 m7er_k4 mqen_m6 m31c_d8 m0ux_fp lazyloaded\" src=\"https:\/\/a.allegroimg.com\/original\/11bb0b\/0e3802c944fabdfa6d8b54d40272\/Colorful-musical-educational-mat-for-babies-Color-multicolor\" sizes=\"(min-width: 1200px) 560px, (min-width: 992px) 50vw, 100vw\" srcset=\"https:\/\/a.allegroimg.com\/s360\/11bb0b\/0e3802c944fabdfa6d8b54d40272\/Colorful-musical-educational-mat-for-babies-Color-multicolor 360w,https:\/\/a.allegroimg.com\/s720\/11bb0b\/0e3802c944fabdfa6d8b54d40272\/Colorful-musical-educational-mat-for-babies-Color-multicolor 720w,https:\/\/a.allegroimg.com\/s1024\/11bb0b\/0e3802c944fabdfa6d8b54d40272\/Colorful-musical-educational-mat-for-babies-Color-multicolor 1024w,https:\/\/a.allegroimg.com\/s1440\/11bb0b\/0e3802c944fabdfa6d8b54d40272\/Colorful-musical-educational-mat-for-babies-Color-multicolor 1440w,https:\/\/a.allegroimg.com\/original\/11bb0b\/0e3802c944fabdfa6d8b54d40272\/Colorful-musical-educational-mat-for-babies-Color-multicolor 1500w\" alt=\"Spalvingas muzikinis lavinamasis kilim\u0117lis k\u016bdikiams, daugiaspalvis\" width=\"1500px\" data-srcset=\"\" \/><\/button><\/div>\n<\/div>\n<\/div>\n<\/div>\n<div class=\"mp4t_16_s mryx_16_s mr3m_1 mli2_1 mh85_56 mh85_0_l\">\n<div class=\"mg9e_8 mj7a_8 mg9e_0_s mvrt_0_s mj7a_0_s mh36_0_s mzmg_6m munh_16_l m3h2_16_l\">\n<div class=\"mp4t_0 mryx_0 munh_56 m3h2_56\">\n<div class=\"mp7g_oh\"><button class=\"mg9e_0 mvrt_0 mj7a_0 mh36_0 mp4t_0 m3h2_0 mryx_0 munh_0 mqen_m6 mpof_z0 mx7m_0 m7er_k4 mse2_k4 msts_pt\" data-analytics-interaction=\"true\" data-analytics-interaction-label=\"zoomable-image-open\" aria-disabled=\"true\"><img decoding=\"async\" class=\"msub_k4 mupj_5k mjru_k4 mse2_k4 mp7g_f6 mq1m_0 mj7u_0 m7er_k4 mqen_m6 m31c_d8 m0ux_fp lazyloaded\" src=\"https:\/\/a.allegroimg.com\/original\/115312\/92057f5b4cfa9ff7781303dd8590\/Colorful-musical-educational-mat-for-babies-Packaging-status-original\" sizes=\"(min-width: 1200px) 560px, (min-width: 992px) 50vw, 100vw\" srcset=\"https:\/\/a.allegroimg.com\/s360\/115312\/92057f5b4cfa9ff7781303dd8590\/Colorful-musical-educational-mat-for-babies-Packaging-status-original 360w,https:\/\/a.allegroimg.com\/s720\/115312\/92057f5b4cfa9ff7781303dd8590\/Colorful-musical-educational-mat-for-babies-Packaging-status-original 720w,https:\/\/a.allegroimg.com\/s1024\/115312\/92057f5b4cfa9ff7781303dd8590\/Colorful-musical-educational-mat-for-babies-Packaging-status-original 1024w,https:\/\/a.allegroimg.com\/s1440\/115312\/92057f5b4cfa9ff7781303dd8590\/Colorful-musical-educational-mat-for-babies-Packaging-status-original 1440w,https:\/\/a.allegroimg.com\/original\/115312\/92057f5b4cfa9ff7781303dd8590\/Colorful-musical-educational-mat-for-babies-Packaging-status-original 2560w\" alt=\"Spalvingas muzikinis lavinamasis kilim\u0117lis k\u016bdikiams Originali pakuot\u0117\" width=\"2560px\" data-srcset=\"\" \/><\/button><\/div>\n<\/div>\n<\/div>\n<\/div>\n<\/div>\n<div class=\"mpof_ki myre_zn myre_8v_l m389_6m_l\">\n<div class=\"mp4t_16_s mryx_16_s mr3m_1 mli2_1 mh85_56 mh85_0_l\">\n<div class=\"mg9e_8 mj7a_8 mg9e_0_s mvrt_0_s mj7a_0_s mh36_0_s mzmg_6m munh_16_l m3h2_16_l\">\n<div class=\"mp4t_0 mryx_0 munh_56 m3h2_56\">\n<div class=\"mp7g_oh\"><button class=\"mg9e_0 mvrt_0 mj7a_0 mh36_0 mp4t_0 m3h2_0 mryx_0 munh_0 mqen_m6 mpof_z0 mx7m_0 m7er_k4 mse2_k4 msts_pt\" data-analytics-interaction=\"true\" data-analytics-interaction-label=\"zoomable-image-open\" aria-disabled=\"true\"><img decoding=\"async\" class=\"msub_k4 mupj_5k mjru_k4 mse2_k4 mp7g_f6 mq1m_0 mj7u_0 m7er_k4 mqen_m6 m31c_d8 m0ux_fp lazyloaded\" src=\"https:\/\/a.allegroimg.com\/original\/1179f0\/ab3be3ef43c4bd4855100aa271cc\/Colorful-musical-educational-mat-for-babies-Manufacturer-code-N-900-B\" sizes=\"(min-width: 1200px) 560px, (min-width: 992px) 50vw, 100vw\" srcset=\"https:\/\/a.allegroimg.com\/s360\/1179f0\/ab3be3ef43c4bd4855100aa271cc\/Colorful-musical-educational-mat-for-babies-Manufacturer-code-N-900-B 360w,https:\/\/a.allegroimg.com\/s720\/1179f0\/ab3be3ef43c4bd4855100aa271cc\/Colorful-musical-educational-mat-for-babies-Manufacturer-code-N-900-B 720w,https:\/\/a.allegroimg.com\/s1024\/1179f0\/ab3be3ef43c4bd4855100aa271cc\/Colorful-musical-educational-mat-for-babies-Manufacturer-code-N-900-B 1024w,https:\/\/a.allegroimg.com\/s1440\/1179f0\/ab3be3ef43c4bd4855100aa271cc\/Colorful-musical-educational-mat-for-babies-Manufacturer-code-N-900-B 1440w,https:\/\/a.allegroimg.com\/original\/1179f0\/ab3be3ef43c4bd4855100aa271cc\/Colorful-musical-educational-mat-for-babies-Manufacturer-code-N-900-B 1500w\" alt=\"Spalvingas muzikinis lavinamasis kilim\u0117lis k\u016bdikiams. Gamintojo kodas N-900 B.\" width=\"1500px\" data-srcset=\"\" \/><\/button><\/div>\n<\/div>\n<\/div>\n<\/div>\n<div class=\"mp4t_16_s mryx_16_s mr3m_1 mli2_1 mh85_56 mh85_0_l\">\n<div class=\"mg9e_8 mj7a_8 mg9e_0_s mvrt_0_s mj7a_0_s mh36_0_s mzmg_6m munh_16_l m3h2_16_l\">\n<div class=\"mp4t_0 mryx_0 munh_56 m3h2_56\">\n<div class=\"mp7g_oh\"><button class=\"mg9e_0 mvrt_0 mj7a_0 mh36_0 mp4t_0 m3h2_0 mryx_0 munh_0 mqen_m6 mpof_z0 mx7m_0 m7er_k4 mse2_k4 msts_pt\" data-analytics-interaction=\"true\" data-analytics-interaction-label=\"zoomable-image-open\" aria-disabled=\"true\"><img decoding=\"async\" class=\"msub_k4 mupj_5k mjru_k4 mse2_k4 mp7g_f6 mq1m_0 mj7u_0 m7er_k4 mqen_m6 m31c_d8 m0ux_fp lazyloaded\" src=\"https:\/\/a.allegroimg.com\/original\/11f7c6\/e7e669d04b308296e5eaccacc783\/Colorful-musical-educational-mat-for-babies\" sizes=\"(min-width: 1200px) 560px, (min-width: 992px) 50vw, 100vw\" srcset=\"https:\/\/a.allegroimg.com\/s360\/11f7c6\/e7e669d04b308296e5eaccacc783\/Colorful-musical-educational-mat-for-babies 360w,https:\/\/a.allegroimg.com\/s720\/11f7c6\/e7e669d04b308296e5eaccacc783\/Colorful-musical-educational-mat-for-babies 720w,https:\/\/a.allegroimg.com\/s1024\/11f7c6\/e7e669d04b308296e5eaccacc783\/Colorful-musical-educational-mat-for-babies 1024w,https:\/\/a.allegroimg.com\/s1440\/11f7c6\/e7e669d04b308296e5eaccacc783\/Colorful-musical-educational-mat-for-babies 1440w,https:\/\/a.allegroimg.com\/original\/11f7c6\/e7e669d04b308296e5eaccacc783\/Colorful-musical-educational-mat-for-babies 2560w\" alt=\"Spalvingas muzikinis edukacinis kilim\u0117lis k\u016bdikiams\" width=\"2560px\" data-srcset=\"\" \/><\/button><\/div>\n<\/div>\n<\/div>\n<\/div>\n<\/div>","protected":false},"excerpt":{"rendered":"<p>Spalvingas muzikinis edukacinis kilim\u0117lis k\u016bdikiams Spalvingas, mink\u0161tas kilim\u0117lis ma\u017eiausiems yra ne tik smagus, bet ir ideali id\u0117ja palaikyti k\u016bdikio vystym\u0105si<\/p>","protected":false},"featured_media":78443,"template":"","meta":{"_acf_changed":false,"_glsr_average":0,"_glsr_ranking":0,"_glsr_reviews":0},"product_brand":[],"product_cat":[887],"product_tag":[],"class_list":{"0":"post-78442","1":"product","2":"type-product","3":"status-publish","4":"has-post-thumbnail","6":"product_cat-sensoriniai-kilimeliai-kudikiams","7":"\"style=\"background-color: #2ecc711c;\"","9":"first","10":"instock","11":"shipping-taxable","12":"purchasable","13":"product-type-simple"},"acf":[],"yoast_head":"<!-- This site is optimized with the Yoast SEO plugin v27.3 - https:\/\/yoast.com\/product\/yoast-seo-wordpress\/ -->\n<title>Spalvingas muzikinis edukacinis kilim\u0117lis k\u016bdikiams - KidsPlay<\/title>\n<meta name=\"description\" content=\"Spalvingas muzikinis edukacinis kilim\u0117lis k\u016bdikiams - KidsPlay. Did\u017eiausias vaik\u0173 \u017eaisl\u0173 pasirinkimas.\" \/>\n<meta name=\"robots\" content=\"index, follow, max-snippet:-1, max-image-preview:large, max-video-preview:-1\" \/>\n<link rel=\"canonical\" href=\"https:\/\/kidsplay.lt\/lv\/products\/spalvingas-muzikinis-edukacinis-kilimelis-kudikiams\/\" \/>\n<meta property=\"og:locale\" content=\"lv_LV\" \/>\n<meta property=\"og:type\" content=\"article\" \/>\n<meta property=\"og:title\" content=\"Spalvingas muzikinis edukacinis kilim\u0117lis k\u016bdikiams - KidsPlay\" \/>\n<meta property=\"og:description\" content=\"Spalvingas muzikinis edukacinis kilim\u0117lis k\u016bdikiams - KidsPlay. Did\u017eiausias vaik\u0173 \u017eaisl\u0173 pasirinkimas.\" \/>\n<meta property=\"og:url\" content=\"https:\/\/kidsplay.lt\/lv\/products\/spalvingas-muzikinis-edukacinis-kilimelis-kudikiams\/\" \/>\n<meta property=\"og:site_name\" content=\"KidsPlay\" \/>\n<meta property=\"article:publisher\" content=\"https:\/\/www.facebook.com\/www.kidsplay.lt\" \/>\n<meta property=\"article:modified_time\" content=\"2026-02-25T13:48:57+00:00\" \/>\n<meta property=\"og:image\" content=\"https:\/\/kidsplay.lt\/wp-content\/uploads\/2025\/10\/Screenshot_659-1.png\" \/>\n\t<meta property=\"og:image:width\" content=\"560\" \/>\n\t<meta property=\"og:image:height\" content=\"539\" \/>\n\t<meta property=\"og:image:type\" content=\"image\/png\" \/>\n<meta name=\"twitter:card\" content=\"summary_large_image\" \/>\n<meta name=\"twitter:label1\" content=\"Est. reading time\" \/>\n\t<meta name=\"twitter:data1\" content=\"2 min\u016btes\" \/>\n<script type=\"application\/ld+json\" class=\"yoast-schema-graph\">{\"@context\":\"https:\\\/\\\/schema.org\",\"@graph\":[{\"@type\":\"WebPage\",\"@id\":\"https:\\\/\\\/kidsplay.lt\\\/produktas\\\/spalvingas-muzikinis-edukacinis-kilimelis-kudikiams\\\/\",\"url\":\"https:\\\/\\\/kidsplay.lt\\\/produktas\\\/spalvingas-muzikinis-edukacinis-kilimelis-kudikiams\\\/\",\"name\":\"Spalvingas muzikinis edukacinis kilim\u0117lis k\u016bdikiams - KidsPlay\",\"isPartOf\":{\"@id\":\"https:\\\/\\\/kidsplay.lt\\\/#website\"},\"primaryImageOfPage\":{\"@id\":\"https:\\\/\\\/kidsplay.lt\\\/produktas\\\/spalvingas-muzikinis-edukacinis-kilimelis-kudikiams\\\/#primaryimage\"},\"image\":{\"@id\":\"https:\\\/\\\/kidsplay.lt\\\/produktas\\\/spalvingas-muzikinis-edukacinis-kilimelis-kudikiams\\\/#primaryimage\"},\"thumbnailUrl\":\"https:\\\/\\\/kidsplay.lt\\\/wp-content\\\/uploads\\\/2025\\\/10\\\/Screenshot_659-1.png\",\"datePublished\":\"2025-10-27T03:57:31+00:00\",\"dateModified\":\"2026-02-25T13:48:57+00:00\",\"description\":\"Spalvingas muzikinis edukacinis kilim\u0117lis k\u016bdikiams - KidsPlay. Did\u017eiausias vaik\u0173 \u017eaisl\u0173 pasirinkimas.\",\"breadcrumb\":{\"@id\":\"https:\\\/\\\/kidsplay.lt\\\/produktas\\\/spalvingas-muzikinis-edukacinis-kilimelis-kudikiams\\\/#breadcrumb\"},\"inLanguage\":\"lv-LV\",\"potentialAction\":[{\"@type\":\"ReadAction\",\"target\":[\"https:\\\/\\\/kidsplay.lt\\\/produktas\\\/spalvingas-muzikinis-edukacinis-kilimelis-kudikiams\\\/\"]}]},{\"@type\":\"ImageObject\",\"inLanguage\":\"lv-LV\",\"@id\":\"https:\\\/\\\/kidsplay.lt\\\/produktas\\\/spalvingas-muzikinis-edukacinis-kilimelis-kudikiams\\\/#primaryimage\",\"url\":\"https:\\\/\\\/kidsplay.lt\\\/wp-content\\\/uploads\\\/2025\\\/10\\\/Screenshot_659-1.png\",\"contentUrl\":\"https:\\\/\\\/kidsplay.lt\\\/wp-content\\\/uploads\\\/2025\\\/10\\\/Screenshot_659-1.png\",\"width\":560,\"height\":539},{\"@type\":\"BreadcrumbList\",\"@id\":\"https:\\\/\\\/kidsplay.lt\\\/produktas\\\/spalvingas-muzikinis-edukacinis-kilimelis-kudikiams\\\/#breadcrumb\",\"itemListElement\":[{\"@type\":\"ListItem\",\"position\":1,\"name\":\"Pagrindinis\",\"item\":\"https:\\\/\\\/kidsplay.lt\\\/\"},{\"@type\":\"ListItem\",\"position\":2,\"name\":\"Parduotuv\u0117\",\"item\":\"https:\\\/\\\/kidsplay.lt\\\/parduotuve\\\/\"},{\"@type\":\"ListItem\",\"position\":3,\"name\":\"Spalvingas muzikinis edukacinis kilim\u0117lis k\u016bdikiams\"}]},{\"@type\":\"WebSite\",\"@id\":\"https:\\\/\\\/kidsplay.lt\\\/#website\",\"url\":\"https:\\\/\\\/kidsplay.lt\\\/\",\"name\":\"Kidsplay.lt\",\"description\":\"\u012evairios prek\u0117s vaikams\",\"publisher\":{\"@id\":\"https:\\\/\\\/kidsplay.lt\\\/#organization\"},\"alternateName\":\"Kidsplay\",\"potentialAction\":[{\"@type\":\"SearchAction\",\"target\":{\"@type\":\"EntryPoint\",\"urlTemplate\":\"https:\\\/\\\/kidsplay.lt\\\/?s={search_term_string}\"},\"query-input\":{\"@type\":\"PropertyValueSpecification\",\"valueRequired\":true,\"valueName\":\"search_term_string\"}}],\"inLanguage\":\"lv-LV\"},{\"@type\":\"Organization\",\"@id\":\"https:\\\/\\\/kidsplay.lt\\\/#organization\",\"name\":\"KidsPlay\",\"url\":\"https:\\\/\\\/kidsplay.lt\\\/\",\"logo\":{\"@type\":\"ImageObject\",\"inLanguage\":\"lv-LV\",\"@id\":\"https:\\\/\\\/kidsplay.lt\\\/#\\\/schema\\\/logo\\\/image\\\/\",\"url\":\"https:\\\/\\\/kidsplay.lt\\\/wp-content\\\/uploads\\\/2023\\\/07\\\/kidsplay-logo.png\",\"contentUrl\":\"https:\\\/\\\/kidsplay.lt\\\/wp-content\\\/uploads\\\/2023\\\/07\\\/kidsplay-logo.png\",\"width\":451,\"height\":98,\"caption\":\"KidsPlay\"},\"image\":{\"@id\":\"https:\\\/\\\/kidsplay.lt\\\/#\\\/schema\\\/logo\\\/image\\\/\"},\"sameAs\":[\"https:\\\/\\\/www.facebook.com\\\/www.kidsplay.lt\"]}]}<\/script>\n<!-- \/ Yoast SEO plugin. -->","yoast_head_json":{"title":"Spalvingas muzikinis edukacinis kilim\u0117lis k\u016bdikiams - KidsPlay","description":"Spalvingas muzikinis edukacinis kilim\u0117lis k\u016bdikiams - KidsPlay. Did\u017eiausias vaik\u0173 \u017eaisl\u0173 pasirinkimas.","robots":{"index":"index","follow":"follow","max-snippet":"max-snippet:-1","max-image-preview":"max-image-preview:large","max-video-preview":"max-video-preview:-1"},"canonical":"https:\/\/kidsplay.lt\/lv\/products\/spalvingas-muzikinis-edukacinis-kilimelis-kudikiams\/","og_locale":"lv_LV","og_type":"article","og_title":"Spalvingas muzikinis edukacinis kilim\u0117lis k\u016bdikiams - KidsPlay","og_description":"Spalvingas muzikinis edukacinis kilim\u0117lis k\u016bdikiams - KidsPlay. Did\u017eiausias vaik\u0173 \u017eaisl\u0173 pasirinkimas.","og_url":"https:\/\/kidsplay.lt\/lv\/products\/spalvingas-muzikinis-edukacinis-kilimelis-kudikiams\/","og_site_name":"KidsPlay","article_publisher":"https:\/\/www.facebook.com\/www.kidsplay.lt","article_modified_time":"2026-02-25T13:48:57+00:00","og_image":[{"width":560,"height":539,"url":"https:\/\/kidsplay.lt\/wp-content\/uploads\/2025\/10\/Screenshot_659-1.png","type":"image\/png"}],"twitter_card":"summary_large_image","twitter_misc":{"Est. reading time":"2 min\u016btes"},"schema":{"@context":"https:\/\/schema.org","@graph":[{"@type":"WebPage","@id":"https:\/\/kidsplay.lt\/produktas\/spalvingas-muzikinis-edukacinis-kilimelis-kudikiams\/","url":"https:\/\/kidsplay.lt\/produktas\/spalvingas-muzikinis-edukacinis-kilimelis-kudikiams\/","name":"Spalvingas muzikinis edukacinis kilim\u0117lis k\u016bdikiams - KidsPlay","isPartOf":{"@id":"https:\/\/kidsplay.lt\/#website"},"primaryImageOfPage":{"@id":"https:\/\/kidsplay.lt\/produktas\/spalvingas-muzikinis-edukacinis-kilimelis-kudikiams\/#primaryimage"},"image":{"@id":"https:\/\/kidsplay.lt\/produktas\/spalvingas-muzikinis-edukacinis-kilimelis-kudikiams\/#primaryimage"},"thumbnailUrl":"https:\/\/kidsplay.lt\/wp-content\/uploads\/2025\/10\/Screenshot_659-1.png","datePublished":"2025-10-27T03:57:31+00:00","dateModified":"2026-02-25T13:48:57+00:00","description":"Spalvingas muzikinis edukacinis kilim\u0117lis k\u016bdikiams - KidsPlay. Did\u017eiausias vaik\u0173 \u017eaisl\u0173 pasirinkimas.","breadcrumb":{"@id":"https:\/\/kidsplay.lt\/produktas\/spalvingas-muzikinis-edukacinis-kilimelis-kudikiams\/#breadcrumb"},"inLanguage":"lv-LV","potentialAction":[{"@type":"ReadAction","target":["https:\/\/kidsplay.lt\/produktas\/spalvingas-muzikinis-edukacinis-kilimelis-kudikiams\/"]}]},{"@type":"ImageObject","inLanguage":"lv-LV","@id":"https:\/\/kidsplay.lt\/produktas\/spalvingas-muzikinis-edukacinis-kilimelis-kudikiams\/#primaryimage","url":"https:\/\/kidsplay.lt\/wp-content\/uploads\/2025\/10\/Screenshot_659-1.png","contentUrl":"https:\/\/kidsplay.lt\/wp-content\/uploads\/2025\/10\/Screenshot_659-1.png","width":560,"height":539},{"@type":"BreadcrumbList","@id":"https:\/\/kidsplay.lt\/produktas\/spalvingas-muzikinis-edukacinis-kilimelis-kudikiams\/#breadcrumb","itemListElement":[{"@type":"ListItem","position":1,"name":"Pagrindinis","item":"https:\/\/kidsplay.lt\/"},{"@type":"ListItem","position":2,"name":"Parduotuv\u0117","item":"https:\/\/kidsplay.lt\/parduotuve\/"},{"@type":"ListItem","position":3,"name":"Spalvingas muzikinis edukacinis kilim\u0117lis k\u016bdikiams"}]},{"@type":"WebSite","@id":"https:\/\/kidsplay.lt\/#website","url":"https:\/\/kidsplay.lt\/","name":"B\u0113rnu sp\u0113les.lv","description":"\u012evairios prek\u0117s vaikams","publisher":{"@id":"https:\/\/kidsplay.lt\/#organization"},"alternateName":"Kidsplay","potentialAction":[{"@type":"SearchAction","target":{"@type":"EntryPoint","urlTemplate":"https:\/\/kidsplay.lt\/?s={search_term_string}"},"query-input":{"@type":"PropertyValueSpecification","valueRequired":true,"valueName":"search_term_string"}}],"inLanguage":"lv-LV"},{"@type":"Organization","@id":"https:\/\/kidsplay.lt\/#organization","name":"B\u0113rnu sp\u0113le","url":"https:\/\/kidsplay.lt\/","logo":{"@type":"ImageObject","inLanguage":"lv-LV","@id":"https:\/\/kidsplay.lt\/#\/schema\/logo\/image\/","url":"https:\/\/kidsplay.lt\/wp-content\/uploads\/2023\/07\/kidsplay-logo.png","contentUrl":"https:\/\/kidsplay.lt\/wp-content\/uploads\/2023\/07\/kidsplay-logo.png","width":451,"height":98,"caption":"KidsPlay"},"image":{"@id":"https:\/\/kidsplay.lt\/#\/schema\/logo\/image\/"},"sameAs":["https:\/\/www.facebook.com\/www.kidsplay.lt"]}]}},"_links":{"self":[{"href":"https:\/\/kidsplay.lt\/lv\/wp-json\/wp\/v2\/product\/78442","targetHints":{"allow":["GET"]}}],"collection":[{"href":"https:\/\/kidsplay.lt\/lv\/wp-json\/wp\/v2\/product"}],"about":[{"href":"https:\/\/kidsplay.lt\/lv\/wp-json\/wp\/v2\/types\/product"}],"version-history":[{"count":1,"href":"https:\/\/kidsplay.lt\/lv\/wp-json\/wp\/v2\/product\/78442\/revisions"}],"predecessor-version":[{"id":78447,"href":"https:\/\/kidsplay.lt\/lv\/wp-json\/wp\/v2\/product\/78442\/revisions\/78447"}],"wp:featuredmedia":[{"embeddable":true,"href":"https:\/\/kidsplay.lt\/lv\/wp-json\/wp\/v2\/media\/78443"}],"wp:attachment":[{"href":"https:\/\/kidsplay.lt\/lv\/wp-json\/wp\/v2\/media?parent=78442"}],"wp:term":[{"taxonomy":"product_brand","embeddable":true,"href":"https:\/\/kidsplay.lt\/lv\/wp-json\/wp\/v2\/product_brand?post=78442"},{"taxonomy":"product_cat","embeddable":true,"href":"https:\/\/kidsplay.lt\/lv\/wp-json\/wp\/v2\/product_cat?post=78442"},{"taxonomy":"product_tag","embeddable":true,"href":"https:\/\/kidsplay.lt\/lv\/wp-json\/wp\/v2\/product_tag?post=78442"}],"curies":[{"name":"wp","href":"https:\/\/api.w.org\/{rel}","templated":true}]}}