{"id":78475,"date":"2025-10-27T06:11:56","date_gmt":"2025-10-27T04:11:56","guid":{"rendered":"https:\/\/kidsplay.lt\/?post_type=product&#038;p=78475"},"modified":"2025-10-27T06:11:56","modified_gmt":"2025-10-27T04:11:56","slug":"sausas-melynu-kamuoliuku-baseinas-90x30cm","status":"publish","type":"product","link":"https:\/\/kidsplay.lt\/lv\/products\/sausas-melynu-kamuoliuku-baseinas-90x30cm\/","title":{"rendered":"Sausu zilu bumbu baseins 90x30cm"},"content":{"rendered":"<div class=\"mpof_ki myre_zn myre_8v_l m389_6m_l\">\n<div class=\"mp4t_16_s mryx_16_s mr3m_1 mli2_1 mh85_56 mh85_0_l\">\n<div class=\"mgn2_16 _0d3bd_am0a-\">\n<h1><span dir=\"auto\">SEL-OK30D-025 Selonis Dry apvalus baseinas su kamuoliukais, 6 cm, \u0161viesiai pilkas: perlin\u0117 pilka, skaidri, \u0161viesiai m\u0117lyna, m\u0117tin\u0117, 90 x 30 cm \/ 200 kamuoliuk\u0173 Putplas\u010dio baseino \u017eaislas<\/span><\/h1>\n<p>&nbsp;<\/p>\n<p><span dir=\"auto\">Sausas put\u0173 baseinas su kamuoliukais suteikia vaikui pramog\u0173 \u012fvairiais lygmenimis, lavina ir palaiko sensorin\u012f vystym\u0105si. Spalvingi plastikiniai kamuoliukai, pripildyti baseino, teigiamai veikia ma\u017eylio regos geb\u0117jimus ir motorinius \u012fg\u016bd\u017eius, stimuliuoja jo sukibim\u0105 ir lavina raumenis. \u017daidimas sausame baseine taip pat yra galimyb\u0117 i\u0161mokyti vaik\u0105 atskirti ir \u012fvardyti spalvas. Elastingos putos u\u017etikrins j\u016bs\u0173 saugum\u0105 ir komfort\u0105, o nuimamas u\u017edangalas leis t\u0117vams visapusi\u0161kai pasir\u016bpinti savo vaiko \u017eaisl\u0173 higiena. D\u0117l savo formos ir spalvos jis suteikia daug i\u0161d\u0117stymo galimybi\u0173. Jis tinka tiek moderniame, tiek klasikiniame interjere, vaiko kambaryje ir svetain\u0117je. Taip pat galite j\u012f saugiai eksponuoti terasoje ar sode, \u012fsigyti namams ir dar\u017eeliui.<\/span><\/p>\n<p>&nbsp;<\/p>\n<p>&nbsp;<\/p>\n<p><span dir=\"auto\">Sausas baseinas su kamuoliukais pigiai pakei\u010dia ir yra alternatyva kvadratiniams \u017eaislams. Jis puikiai tiks kaip saugus \u017eaidim\u0173 aptvaras net vieneri\u0173 met\u0173 vaikui. Nuo kokio am\u017eiaus tinka baseinas? Am\u017eius nesvarbu, jis tiks k\u016bdikiui, dvej\u0173 met\u0173 vaikui, bet ir suaugusiesiems. Tai taip pat puiki dovana vaikui, berniukui ir mergaitei, gimtadienio, met\u0173, vaiko dienos ar \u0161ven\u010di\u0173 proga. Jei svarstote, kok\u012f basein\u0105 pasirinkti \u2013 apval\u0173 ar kvadratin\u012f, be kamuoliuk\u0173 ar be kamuoliuk\u0173, per\u017ei\u016br\u0117kite m\u016bs\u0173 si\u016blom\u0105 spalv\u0173 \u012fvairov\u0119, nes baseinus galima derinti \u012f unikalius rinkinius. Teigiami Lenkijos gamintojo atsiliepimai, netoksi\u0161kos med\u017eiagos ar CE sertifikatas garantuoja j\u016bs\u0173 vaiko saugum\u0105.<\/span><\/p>\n<\/div>\n<\/div>\n<\/div>\n<div class=\"mpof_ki myre_zn myre_8v_l m389_6m_l\">\n<div class=\"mp4t_16_s mryx_16_s mr3m_1 mli2_1 mh85_56 mh85_0_l\">\n<div class=\"mg9e_8 mj7a_8 mg9e_0_s mvrt_0_s mj7a_0_s mh36_0_s mzmg_6m munh_16_l m3h2_16_l\">\n<div class=\"mp4t_0 mryx_0 munh_56 m3h2_56\">\n<div class=\"mp7g_oh\"><button class=\"mg9e_0 mvrt_0 mj7a_0 mh36_0 mp4t_0 m3h2_0 mryx_0 munh_0 mqen_m6 mpof_z0 mx7m_0 m7er_k4 mse2_k4 msts_pt\" data-analytics-interaction=\"true\" data-analytics-interaction-label=\"zoomable-image-open\" aria-disabled=\"true\"><img decoding=\"async\" class=\"msub_k4 mupj_5k mjru_k4 mse2_k4 mp7g_f6 mq1m_0 mj7u_0 m7er_k4 mqen_m6 m31c_d8 m0ux_fp lazyloaded\" src=\"https:\/\/a.allegroimg.com\/original\/112836\/2a9c493d426bbbad5ca4f8160262\/DRY-POOL-WITH-BALLS-FOR-CHILDREN-200-BALLS-Brand-Selonis\" sizes=\"100vw\" srcset=\"https:\/\/a.allegroimg.com\/s360\/112836\/2a9c493d426bbbad5ca4f8160262\/DRY-POOL-WITH-BALLS-FOR-CHILDREN-200-BALLS-Brand-Selonis 360w,https:\/\/a.allegroimg.com\/s720\/112836\/2a9c493d426bbbad5ca4f8160262\/DRY-POOL-WITH-BALLS-FOR-CHILDREN-200-BALLS-Brand-Selonis 720w,https:\/\/a.allegroimg.com\/s1024\/112836\/2a9c493d426bbbad5ca4f8160262\/DRY-POOL-WITH-BALLS-FOR-CHILDREN-200-BALLS-Brand-Selonis 1024w,https:\/\/a.allegroimg.com\/s1440\/112836\/2a9c493d426bbbad5ca4f8160262\/DRY-POOL-WITH-BALLS-FOR-CHILDREN-200-BALLS-Brand-Selonis 1440w,https:\/\/a.allegroimg.com\/original\/112836\/2a9c493d426bbbad5ca4f8160262\/DRY-POOL-WITH-BALLS-FOR-CHILDREN-200-BALLS-Brand-Selonis 1440w\" alt=\"SAUSAS BASEINAS SU KAMUOLIAI VAIKAMS 200 KAMUOLIAI Prek\u0117s \u017eenklas Selonis\" width=\"1440px\" data-srcset=\"\" \/><\/button><\/div>\n<\/div>\n<\/div>\n<\/div>\n<\/div>","protected":false},"excerpt":{"rendered":"<p>SEL-OK30D-025 Selonis Dry apvalus baseinas su kamuoliukais, 6 cm, \u0161viesiai pilkas: perlin\u0117 pilka, skaidri, \u0161viesiai m\u0117lyna, m\u0117tin\u0117, 90 x 30<\/p>","protected":false},"featured_media":78476,"template":"","meta":{"_acf_changed":false,"_glsr_average":0,"_glsr_ranking":0,"_glsr_reviews":0},"product_brand":[],"product_cat":[339,254],"product_tag":[],"class_list":{"0":"post-78475","1":"product","2":"type-product","3":"status-publish","4":"has-post-thumbnail","6":"product_cat-kamuoliuku-baseinai","7":"product_cat-vaiko-kambarys","8":"\"style=\"background-color: #2ecc711c;\"","10":"first","11":"instock","12":"shipping-taxable","13":"purchasable","14":"product-type-simple"},"acf":[],"yoast_head":"<!-- This site is optimized with the Yoast SEO plugin v27.3 - https:\/\/yoast.com\/product\/yoast-seo-wordpress\/ -->\n<title>Sausas m\u0117lyn\u0173 kamuoliuk\u0173 baseinas 90X30cm - KidsPlay<\/title>\n<meta name=\"description\" content=\"Sausas m\u0117lyn\u0173 kamuoliuk\u0173 baseinas 90X30cm - KidsPlay. Did\u017eiausias vaik\u0173 \u017eaisl\u0173 pasirinkimas.\" \/>\n<meta name=\"robots\" content=\"index, follow, max-snippet:-1, max-image-preview:large, max-video-preview:-1\" \/>\n<link rel=\"canonical\" href=\"https:\/\/kidsplay.lt\/lv\/products\/sausas-melynu-kamuoliuku-baseinas-90x30cm\/\" \/>\n<meta property=\"og:locale\" content=\"lv_LV\" \/>\n<meta property=\"og:type\" content=\"article\" \/>\n<meta property=\"og:title\" content=\"Sausas m\u0117lyn\u0173 kamuoliuk\u0173 baseinas 90X30cm - KidsPlay\" \/>\n<meta property=\"og:description\" content=\"Sausas m\u0117lyn\u0173 kamuoliuk\u0173 baseinas 90X30cm - KidsPlay. Did\u017eiausias vaik\u0173 \u017eaisl\u0173 pasirinkimas.\" \/>\n<meta property=\"og:url\" content=\"https:\/\/kidsplay.lt\/lv\/products\/sausas-melynu-kamuoliuku-baseinas-90x30cm\/\" \/>\n<meta property=\"og:site_name\" content=\"KidsPlay\" \/>\n<meta property=\"article:publisher\" content=\"https:\/\/www.facebook.com\/www.kidsplay.lt\" \/>\n<meta property=\"og:image\" content=\"https:\/\/kidsplay.lt\/wp-content\/uploads\/2025\/10\/Screenshot_682-1.png\" \/>\n\t<meta property=\"og:image:width\" content=\"707\" \/>\n\t<meta property=\"og:image:height\" content=\"534\" \/>\n\t<meta property=\"og:image:type\" content=\"image\/png\" \/>\n<meta name=\"twitter:card\" content=\"summary_large_image\" \/>\n<meta name=\"twitter:label1\" content=\"Est. reading time\" \/>\n\t<meta name=\"twitter:data1\" content=\"2 min\u016btes\" \/>\n<script type=\"application\/ld+json\" class=\"yoast-schema-graph\">{\"@context\":\"https:\\\/\\\/schema.org\",\"@graph\":[{\"@type\":\"WebPage\",\"@id\":\"https:\\\/\\\/kidsplay.lt\\\/produktas\\\/sausas-melynu-kamuoliuku-baseinas-90x30cm\\\/\",\"url\":\"https:\\\/\\\/kidsplay.lt\\\/produktas\\\/sausas-melynu-kamuoliuku-baseinas-90x30cm\\\/\",\"name\":\"Sausas m\u0117lyn\u0173 kamuoliuk\u0173 baseinas 90X30cm - KidsPlay\",\"isPartOf\":{\"@id\":\"https:\\\/\\\/kidsplay.lt\\\/#website\"},\"primaryImageOfPage\":{\"@id\":\"https:\\\/\\\/kidsplay.lt\\\/produktas\\\/sausas-melynu-kamuoliuku-baseinas-90x30cm\\\/#primaryimage\"},\"image\":{\"@id\":\"https:\\\/\\\/kidsplay.lt\\\/produktas\\\/sausas-melynu-kamuoliuku-baseinas-90x30cm\\\/#primaryimage\"},\"thumbnailUrl\":\"https:\\\/\\\/kidsplay.lt\\\/wp-content\\\/uploads\\\/2025\\\/10\\\/Screenshot_682-1.png\",\"datePublished\":\"2025-10-27T04:11:56+00:00\",\"description\":\"Sausas m\u0117lyn\u0173 kamuoliuk\u0173 baseinas 90X30cm - KidsPlay. Did\u017eiausias vaik\u0173 \u017eaisl\u0173 pasirinkimas.\",\"breadcrumb\":{\"@id\":\"https:\\\/\\\/kidsplay.lt\\\/produktas\\\/sausas-melynu-kamuoliuku-baseinas-90x30cm\\\/#breadcrumb\"},\"inLanguage\":\"lv-LV\",\"potentialAction\":[{\"@type\":\"ReadAction\",\"target\":[\"https:\\\/\\\/kidsplay.lt\\\/produktas\\\/sausas-melynu-kamuoliuku-baseinas-90x30cm\\\/\"]}]},{\"@type\":\"ImageObject\",\"inLanguage\":\"lv-LV\",\"@id\":\"https:\\\/\\\/kidsplay.lt\\\/produktas\\\/sausas-melynu-kamuoliuku-baseinas-90x30cm\\\/#primaryimage\",\"url\":\"https:\\\/\\\/kidsplay.lt\\\/wp-content\\\/uploads\\\/2025\\\/10\\\/Screenshot_682-1.png\",\"contentUrl\":\"https:\\\/\\\/kidsplay.lt\\\/wp-content\\\/uploads\\\/2025\\\/10\\\/Screenshot_682-1.png\",\"width\":707,\"height\":534},{\"@type\":\"BreadcrumbList\",\"@id\":\"https:\\\/\\\/kidsplay.lt\\\/produktas\\\/sausas-melynu-kamuoliuku-baseinas-90x30cm\\\/#breadcrumb\",\"itemListElement\":[{\"@type\":\"ListItem\",\"position\":1,\"name\":\"Pagrindinis\",\"item\":\"https:\\\/\\\/kidsplay.lt\\\/\"},{\"@type\":\"ListItem\",\"position\":2,\"name\":\"Parduotuv\u0117\",\"item\":\"https:\\\/\\\/kidsplay.lt\\\/parduotuve\\\/\"},{\"@type\":\"ListItem\",\"position\":3,\"name\":\"Sausas m\u0117lyn\u0173 kamuoliuk\u0173 baseinas 90X30cm\"}]},{\"@type\":\"WebSite\",\"@id\":\"https:\\\/\\\/kidsplay.lt\\\/#website\",\"url\":\"https:\\\/\\\/kidsplay.lt\\\/\",\"name\":\"Kidsplay.lt\",\"description\":\"\u012evairios prek\u0117s vaikams\",\"publisher\":{\"@id\":\"https:\\\/\\\/kidsplay.lt\\\/#organization\"},\"alternateName\":\"Kidsplay\",\"potentialAction\":[{\"@type\":\"SearchAction\",\"target\":{\"@type\":\"EntryPoint\",\"urlTemplate\":\"https:\\\/\\\/kidsplay.lt\\\/?s={search_term_string}\"},\"query-input\":{\"@type\":\"PropertyValueSpecification\",\"valueRequired\":true,\"valueName\":\"search_term_string\"}}],\"inLanguage\":\"lv-LV\"},{\"@type\":\"Organization\",\"@id\":\"https:\\\/\\\/kidsplay.lt\\\/#organization\",\"name\":\"KidsPlay\",\"url\":\"https:\\\/\\\/kidsplay.lt\\\/\",\"logo\":{\"@type\":\"ImageObject\",\"inLanguage\":\"lv-LV\",\"@id\":\"https:\\\/\\\/kidsplay.lt\\\/#\\\/schema\\\/logo\\\/image\\\/\",\"url\":\"https:\\\/\\\/kidsplay.lt\\\/wp-content\\\/uploads\\\/2023\\\/07\\\/kidsplay-logo.png\",\"contentUrl\":\"https:\\\/\\\/kidsplay.lt\\\/wp-content\\\/uploads\\\/2023\\\/07\\\/kidsplay-logo.png\",\"width\":451,\"height\":98,\"caption\":\"KidsPlay\"},\"image\":{\"@id\":\"https:\\\/\\\/kidsplay.lt\\\/#\\\/schema\\\/logo\\\/image\\\/\"},\"sameAs\":[\"https:\\\/\\\/www.facebook.com\\\/www.kidsplay.lt\"]}]}<\/script>\n<!-- \/ Yoast SEO plugin. -->","yoast_head_json":{"title":"Sausas m\u0117lyn\u0173 kamuoliuk\u0173 baseinas 90X30cm - KidsPlay","description":"Sausas m\u0117lyn\u0173 kamuoliuk\u0173 baseinas 90X30cm - KidsPlay. Did\u017eiausias vaik\u0173 \u017eaisl\u0173 pasirinkimas.","robots":{"index":"index","follow":"follow","max-snippet":"max-snippet:-1","max-image-preview":"max-image-preview:large","max-video-preview":"max-video-preview:-1"},"canonical":"https:\/\/kidsplay.lt\/lv\/products\/sausas-melynu-kamuoliuku-baseinas-90x30cm\/","og_locale":"lv_LV","og_type":"article","og_title":"Sausas m\u0117lyn\u0173 kamuoliuk\u0173 baseinas 90X30cm - KidsPlay","og_description":"Sausas m\u0117lyn\u0173 kamuoliuk\u0173 baseinas 90X30cm - KidsPlay. Did\u017eiausias vaik\u0173 \u017eaisl\u0173 pasirinkimas.","og_url":"https:\/\/kidsplay.lt\/lv\/products\/sausas-melynu-kamuoliuku-baseinas-90x30cm\/","og_site_name":"KidsPlay","article_publisher":"https:\/\/www.facebook.com\/www.kidsplay.lt","og_image":[{"width":707,"height":534,"url":"https:\/\/kidsplay.lt\/wp-content\/uploads\/2025\/10\/Screenshot_682-1.png","type":"image\/png"}],"twitter_card":"summary_large_image","twitter_misc":{"Est. reading time":"2 min\u016btes"},"schema":{"@context":"https:\/\/schema.org","@graph":[{"@type":"WebPage","@id":"https:\/\/kidsplay.lt\/produktas\/sausas-melynu-kamuoliuku-baseinas-90x30cm\/","url":"https:\/\/kidsplay.lt\/produktas\/sausas-melynu-kamuoliuku-baseinas-90x30cm\/","name":"Sausas m\u0117lyn\u0173 kamuoliuk\u0173 baseinas 90X30cm - KidsPlay","isPartOf":{"@id":"https:\/\/kidsplay.lt\/#website"},"primaryImageOfPage":{"@id":"https:\/\/kidsplay.lt\/produktas\/sausas-melynu-kamuoliuku-baseinas-90x30cm\/#primaryimage"},"image":{"@id":"https:\/\/kidsplay.lt\/produktas\/sausas-melynu-kamuoliuku-baseinas-90x30cm\/#primaryimage"},"thumbnailUrl":"https:\/\/kidsplay.lt\/wp-content\/uploads\/2025\/10\/Screenshot_682-1.png","datePublished":"2025-10-27T04:11:56+00:00","description":"Sausas m\u0117lyn\u0173 kamuoliuk\u0173 baseinas 90X30cm - KidsPlay. Did\u017eiausias vaik\u0173 \u017eaisl\u0173 pasirinkimas.","breadcrumb":{"@id":"https:\/\/kidsplay.lt\/produktas\/sausas-melynu-kamuoliuku-baseinas-90x30cm\/#breadcrumb"},"inLanguage":"lv-LV","potentialAction":[{"@type":"ReadAction","target":["https:\/\/kidsplay.lt\/produktas\/sausas-melynu-kamuoliuku-baseinas-90x30cm\/"]}]},{"@type":"ImageObject","inLanguage":"lv-LV","@id":"https:\/\/kidsplay.lt\/produktas\/sausas-melynu-kamuoliuku-baseinas-90x30cm\/#primaryimage","url":"https:\/\/kidsplay.lt\/wp-content\/uploads\/2025\/10\/Screenshot_682-1.png","contentUrl":"https:\/\/kidsplay.lt\/wp-content\/uploads\/2025\/10\/Screenshot_682-1.png","width":707,"height":534},{"@type":"BreadcrumbList","@id":"https:\/\/kidsplay.lt\/produktas\/sausas-melynu-kamuoliuku-baseinas-90x30cm\/#breadcrumb","itemListElement":[{"@type":"ListItem","position":1,"name":"Pagrindinis","item":"https:\/\/kidsplay.lt\/"},{"@type":"ListItem","position":2,"name":"Parduotuv\u0117","item":"https:\/\/kidsplay.lt\/parduotuve\/"},{"@type":"ListItem","position":3,"name":"Sausas m\u0117lyn\u0173 kamuoliuk\u0173 baseinas 90X30cm"}]},{"@type":"WebSite","@id":"https:\/\/kidsplay.lt\/#website","url":"https:\/\/kidsplay.lt\/","name":"B\u0113rnu sp\u0113les.lv","description":"\u012evairios prek\u0117s vaikams","publisher":{"@id":"https:\/\/kidsplay.lt\/#organization"},"alternateName":"Kidsplay","potentialAction":[{"@type":"SearchAction","target":{"@type":"EntryPoint","urlTemplate":"https:\/\/kidsplay.lt\/?s={search_term_string}"},"query-input":{"@type":"PropertyValueSpecification","valueRequired":true,"valueName":"search_term_string"}}],"inLanguage":"lv-LV"},{"@type":"Organization","@id":"https:\/\/kidsplay.lt\/#organization","name":"B\u0113rnu sp\u0113le","url":"https:\/\/kidsplay.lt\/","logo":{"@type":"ImageObject","inLanguage":"lv-LV","@id":"https:\/\/kidsplay.lt\/#\/schema\/logo\/image\/","url":"https:\/\/kidsplay.lt\/wp-content\/uploads\/2023\/07\/kidsplay-logo.png","contentUrl":"https:\/\/kidsplay.lt\/wp-content\/uploads\/2023\/07\/kidsplay-logo.png","width":451,"height":98,"caption":"KidsPlay"},"image":{"@id":"https:\/\/kidsplay.lt\/#\/schema\/logo\/image\/"},"sameAs":["https:\/\/www.facebook.com\/www.kidsplay.lt"]}]}},"_links":{"self":[{"href":"https:\/\/kidsplay.lt\/lv\/wp-json\/wp\/v2\/product\/78475","targetHints":{"allow":["GET"]}}],"collection":[{"href":"https:\/\/kidsplay.lt\/lv\/wp-json\/wp\/v2\/product"}],"about":[{"href":"https:\/\/kidsplay.lt\/lv\/wp-json\/wp\/v2\/types\/product"}],"version-history":[{"count":1,"href":"https:\/\/kidsplay.lt\/lv\/wp-json\/wp\/v2\/product\/78475\/revisions"}],"predecessor-version":[{"id":78478,"href":"https:\/\/kidsplay.lt\/lv\/wp-json\/wp\/v2\/product\/78475\/revisions\/78478"}],"wp:featuredmedia":[{"embeddable":true,"href":"https:\/\/kidsplay.lt\/lv\/wp-json\/wp\/v2\/media\/78476"}],"wp:attachment":[{"href":"https:\/\/kidsplay.lt\/lv\/wp-json\/wp\/v2\/media?parent=78475"}],"wp:term":[{"taxonomy":"product_brand","embeddable":true,"href":"https:\/\/kidsplay.lt\/lv\/wp-json\/wp\/v2\/product_brand?post=78475"},{"taxonomy":"product_cat","embeddable":true,"href":"https:\/\/kidsplay.lt\/lv\/wp-json\/wp\/v2\/product_cat?post=78475"},{"taxonomy":"product_tag","embeddable":true,"href":"https:\/\/kidsplay.lt\/lv\/wp-json\/wp\/v2\/product_tag?post=78475"}],"curies":[{"name":"wp","href":"https:\/\/api.w.org\/{rel}","templated":true}]}}