{"id":78491,"date":"2025-10-27T15:56:42","date_gmt":"2025-10-27T13:56:42","guid":{"rendered":"https:\/\/kidsplay.lt\/produktas\/medinis-kepsnines-rinkinys-bbq\/"},"modified":"2026-04-07T10:00:26","modified_gmt":"2026-04-07T07:00:26","slug":"medinis-kepsnines-rinkinys-bbq","status":"publish","type":"product","link":"https:\/\/kidsplay.lt\/lv\/products\/medinis-kepsnines-rinkinys-bbq\/","title":{"rendered":"Medinis kepsnin\u0117s rinkinys BBQ"},"content":{"rendered":"<p>U\u017edekite savo ma\u017eylio vaizduot\u0119 su \u0161iuo unikaliu VIGA kepsnin\u0117s rinkiniu\u00a0\u00a0!\u00a0Vaikai nuo\u00a018 m\u0117nesi\u0173\u00a0gali \u012fsivaizduoti ma\u017euosius vir\u0117jus ir m\u0117gautis kepimu ant groteli\u0173 kaip ir suaugusieji.\u00a0Ie\u0161meliai vartymui, prieskoniai pabarstymui\u00a0ir tikrovi\u0161ki priedai suteikia patir\u010diai ne\u012ftik\u0117tino autenti\u0161kumo.\u00a022 dalys leid\u017eia sukurti begal\u0119 skoni\u0173 derini\u0173 \u2013\u00a0nuo\u00a0\u00a0\u200b\u200bvi\u0161tienos ir \u017euvies iki spalving\u0173 dar\u017eovi\u0173. Tai puikus b\u016bdas\u00a0lavinti k\u016brybi\u0161kum\u0105, rank\u0173 \u012fg\u016bd\u017eius\u00a0ir\u00a0i\u0161mokti atpa\u017einti\u00a0maist\u0105 saugiu, mediniu b\u016bdu.<\/p>\n<p>B\u016bdingas<\/p>\n<p> \t&#8211;\u00a0Medinis kepsnin\u0117s\u00a0rinkinys i\u0161\u00a0\u201eViga\u00a0\u00a0PolarB\u201c<br \/>\n \t&#8211; Realisti\u0161kas\u00a0kepsnin\u0117s\u00a0dizainas \u2013 puikiai tinka \u017eaisti virtuv\u0117je ir parduotuv\u0117je<br \/>\n \t&#8211;\u00a0Ie\u0161meli\u0173 vartymas\u00a0ir\u00a0maisto pagardinimas\u00a0\u2013 interaktyvi pramoga<br \/>\n \t&#8211; Tvirtai pagaminta i\u0161 saugi\u0173 med\u017eiag\u0173 vaikams\u00a0nuo 18 m\u0117nesi\u0173<br \/>\n \t&#8211; Esteti\u0161ka, spalvinga pakuot\u0117 \u2013 puiki dovanos id\u0117ja<\/p>\n<p>Rinkinio turinys (22 dalys)<\/p>\n<p> \t&#8211; Medin\u0117 kepsnin\u0117 su grotel\u0117mis<br \/>\n \t&#8211; 2 ie\u0161meliai maisto gabal\u0117liams suverti<br \/>\n \t&#8211; Maisto produktai: vi\u0161tiena, \u017euvis, grybai, dar\u017eov\u0117s<br \/>\n \t&#8211; Prieskoniai (druska, pipirai)<br \/>\n \t&#8211; Virtuv\u0117s reikmenys \u2013 stalo \u012frankiai ir priedai<\/p>\n<p>\u017daislas vystosi.<\/p>\n<p> \t&#8211; K\u016brybi\u0161kumas ir vaizduot\u0117 per smag\u0173 maisto gaminim\u0105<br \/>\n \t&#8211; Rank\u0173 miklumas ir aki\u0173-rank\u0173 koordinacija<br \/>\n \t&#8211; Geb\u0117jimas atpa\u017einti skirtingus maisto produktus<br \/>\n \t&#8211; Mokymasis vaidmen\u0173 \u017eaidim\u0173 ir socialin\u0117s s\u0105veikos<br \/>\n \t&#8211; Savaranki\u0161kumas ir loginis m\u0105stymas<\/p>","protected":false},"excerpt":{"rendered":"<p>U\u017edekite savo ma\u017eylio vaizduot\u0119 su \u0161iuo unikaliu VIGA kepsnin\u0117s rinkiniu\u00a0\u00a0!\u00a0Vaikai nuo\u00a018 m\u0117nesi\u0173\u00a0gali \u012fsivaizduoti ma\u017euosius vir\u0117jus ir m\u0117gautis kepimu ant groteli\u0173<\/p>","protected":false},"featured_media":78493,"template":"","meta":{"_acf_changed":false,"_glsr_average":0,"_glsr_ranking":0,"_glsr_reviews":0},"product_brand":[],"product_cat":[399,229],"product_tag":[],"class_list":{"0":"post-78491","1":"product","2":"type-product","3":"status-publish","4":"has-post-thumbnail","6":"product_cat-vaidmenu-zaidimai-2","7":"product_cat-zaislai-vaikams","8":"\"style=\"background-color: #2ecc711c;\"","10":"first","11":"instock","12":"purchasable","13":"product-type-simple"},"acf":[],"yoast_head":"<!-- This site is optimized with the Yoast SEO plugin v27.3 - https:\/\/yoast.com\/product\/yoast-seo-wordpress\/ -->\n<title>Medinis kepsnin\u0117s rinkinys BBQ<\/title>\n<meta name=\"description\" content=\"Medinis kepsnin\u0117s rinkinys BBQ - KidsPlay. Did\u017eiausias vaik\u0173 \u017eaisl\u0173 pasirinkimas.\" \/>\n<meta name=\"robots\" content=\"index, follow, max-snippet:-1, max-image-preview:large, max-video-preview:-1\" \/>\n<link rel=\"canonical\" href=\"https:\/\/kidsplay.lt\/lv\/products\/medinis-kepsnines-rinkinys-bbq\/\" \/>\n<meta property=\"og:locale\" content=\"lv_LV\" \/>\n<meta property=\"og:type\" content=\"article\" \/>\n<meta property=\"og:title\" content=\"Medinis kepsnin\u0117s rinkinys BBQ\" \/>\n<meta property=\"og:description\" content=\"Medinis kepsnin\u0117s rinkinys BBQ - KidsPlay. Did\u017eiausias vaik\u0173 \u017eaisl\u0173 pasirinkimas.\" \/>\n<meta property=\"og:url\" content=\"https:\/\/kidsplay.lt\/lv\/products\/medinis-kepsnines-rinkinys-bbq\/\" \/>\n<meta property=\"og:site_name\" content=\"KidsPlay\" \/>\n<meta property=\"article:publisher\" content=\"https:\/\/www.facebook.com\/www.kidsplay.lt\" \/>\n<meta property=\"article:modified_time\" content=\"2026-04-07T07:00:26+00:00\" \/>\n<meta property=\"og:image\" content=\"https:\/\/kidsplay.lt\/wp-content\/uploads\/2025\/10\/Medinis-kepsnines-rinkinys-BBQ.jpg\" \/>\n\t<meta property=\"og:image:width\" content=\"1000\" \/>\n\t<meta property=\"og:image:height\" content=\"1000\" \/>\n\t<meta property=\"og:image:type\" content=\"image\/jpeg\" \/>\n<meta name=\"twitter:card\" content=\"summary_large_image\" \/>\n<meta name=\"twitter:label1\" content=\"Est. reading time\" \/>\n\t<meta name=\"twitter:data1\" content=\"1 min\u016bte\" \/>\n<script type=\"application\/ld+json\" class=\"yoast-schema-graph\">{\"@context\":\"https:\\\/\\\/schema.org\",\"@graph\":[{\"@type\":\"WebPage\",\"@id\":\"https:\\\/\\\/kidsplay.lt\\\/produktas\\\/medinis-kepsnines-rinkinys-bbq\\\/\",\"url\":\"https:\\\/\\\/kidsplay.lt\\\/produktas\\\/medinis-kepsnines-rinkinys-bbq\\\/\",\"name\":\"Medinis kepsnin\u0117s rinkinys BBQ\",\"isPartOf\":{\"@id\":\"https:\\\/\\\/kidsplay.lt\\\/#website\"},\"primaryImageOfPage\":{\"@id\":\"https:\\\/\\\/kidsplay.lt\\\/produktas\\\/medinis-kepsnines-rinkinys-bbq\\\/#primaryimage\"},\"image\":{\"@id\":\"https:\\\/\\\/kidsplay.lt\\\/produktas\\\/medinis-kepsnines-rinkinys-bbq\\\/#primaryimage\"},\"thumbnailUrl\":\"https:\\\/\\\/kidsplay.lt\\\/wp-content\\\/uploads\\\/2025\\\/10\\\/Medinis-kepsnines-rinkinys-BBQ.jpg\",\"datePublished\":\"2025-10-27T13:56:42+00:00\",\"dateModified\":\"2026-04-07T07:00:26+00:00\",\"description\":\"Medinis kepsnin\u0117s rinkinys BBQ - KidsPlay. Did\u017eiausias vaik\u0173 \u017eaisl\u0173 pasirinkimas.\",\"breadcrumb\":{\"@id\":\"https:\\\/\\\/kidsplay.lt\\\/produktas\\\/medinis-kepsnines-rinkinys-bbq\\\/#breadcrumb\"},\"inLanguage\":\"lv-LV\",\"potentialAction\":[{\"@type\":\"ReadAction\",\"target\":[\"https:\\\/\\\/kidsplay.lt\\\/produktas\\\/medinis-kepsnines-rinkinys-bbq\\\/\"]}]},{\"@type\":\"ImageObject\",\"inLanguage\":\"lv-LV\",\"@id\":\"https:\\\/\\\/kidsplay.lt\\\/produktas\\\/medinis-kepsnines-rinkinys-bbq\\\/#primaryimage\",\"url\":\"https:\\\/\\\/kidsplay.lt\\\/wp-content\\\/uploads\\\/2025\\\/10\\\/Medinis-kepsnines-rinkinys-BBQ.jpg\",\"contentUrl\":\"https:\\\/\\\/kidsplay.lt\\\/wp-content\\\/uploads\\\/2025\\\/10\\\/Medinis-kepsnines-rinkinys-BBQ.jpg\",\"width\":1000,\"height\":1000,\"caption\":\"Medinis kepsnin\u0117s rinkinys BBQ\"},{\"@type\":\"BreadcrumbList\",\"@id\":\"https:\\\/\\\/kidsplay.lt\\\/produktas\\\/medinis-kepsnines-rinkinys-bbq\\\/#breadcrumb\",\"itemListElement\":[{\"@type\":\"ListItem\",\"position\":1,\"name\":\"Pagrindinis\",\"item\":\"https:\\\/\\\/kidsplay.lt\\\/\"},{\"@type\":\"ListItem\",\"position\":2,\"name\":\"Parduotuv\u0117\",\"item\":\"https:\\\/\\\/kidsplay.lt\\\/parduotuve\\\/\"},{\"@type\":\"ListItem\",\"position\":3,\"name\":\"Medinis kepsnin\u0117s rinkinys BBQ\"}]},{\"@type\":\"WebSite\",\"@id\":\"https:\\\/\\\/kidsplay.lt\\\/#website\",\"url\":\"https:\\\/\\\/kidsplay.lt\\\/\",\"name\":\"Kidsplay.lt\",\"description\":\"\u012evairios prek\u0117s vaikams\",\"publisher\":{\"@id\":\"https:\\\/\\\/kidsplay.lt\\\/#organization\"},\"alternateName\":\"Kidsplay\",\"potentialAction\":[{\"@type\":\"SearchAction\",\"target\":{\"@type\":\"EntryPoint\",\"urlTemplate\":\"https:\\\/\\\/kidsplay.lt\\\/?s={search_term_string}\"},\"query-input\":{\"@type\":\"PropertyValueSpecification\",\"valueRequired\":true,\"valueName\":\"search_term_string\"}}],\"inLanguage\":\"lv-LV\"},{\"@type\":\"Organization\",\"@id\":\"https:\\\/\\\/kidsplay.lt\\\/#organization\",\"name\":\"KidsPlay\",\"url\":\"https:\\\/\\\/kidsplay.lt\\\/\",\"logo\":{\"@type\":\"ImageObject\",\"inLanguage\":\"lv-LV\",\"@id\":\"https:\\\/\\\/kidsplay.lt\\\/#\\\/schema\\\/logo\\\/image\\\/\",\"url\":\"https:\\\/\\\/kidsplay.lt\\\/wp-content\\\/uploads\\\/2023\\\/07\\\/kidsplay-logo.png\",\"contentUrl\":\"https:\\\/\\\/kidsplay.lt\\\/wp-content\\\/uploads\\\/2023\\\/07\\\/kidsplay-logo.png\",\"width\":451,\"height\":98,\"caption\":\"KidsPlay\"},\"image\":{\"@id\":\"https:\\\/\\\/kidsplay.lt\\\/#\\\/schema\\\/logo\\\/image\\\/\"},\"sameAs\":[\"https:\\\/\\\/www.facebook.com\\\/www.kidsplay.lt\"]}]}<\/script>\n<!-- \/ Yoast SEO plugin. -->","yoast_head_json":{"title":"Medinis kepsnin\u0117s rinkinys BBQ","description":"Medinis kepsnin\u0117s rinkinys BBQ - KidsPlay. Did\u017eiausias vaik\u0173 \u017eaisl\u0173 pasirinkimas.","robots":{"index":"index","follow":"follow","max-snippet":"max-snippet:-1","max-image-preview":"max-image-preview:large","max-video-preview":"max-video-preview:-1"},"canonical":"https:\/\/kidsplay.lt\/lv\/products\/medinis-kepsnines-rinkinys-bbq\/","og_locale":"lv_LV","og_type":"article","og_title":"Medinis kepsnin\u0117s rinkinys BBQ","og_description":"Medinis kepsnin\u0117s rinkinys BBQ - KidsPlay. Did\u017eiausias vaik\u0173 \u017eaisl\u0173 pasirinkimas.","og_url":"https:\/\/kidsplay.lt\/lv\/products\/medinis-kepsnines-rinkinys-bbq\/","og_site_name":"KidsPlay","article_publisher":"https:\/\/www.facebook.com\/www.kidsplay.lt","article_modified_time":"2026-04-07T07:00:26+00:00","og_image":[{"width":1000,"height":1000,"url":"https:\/\/kidsplay.lt\/wp-content\/uploads\/2025\/10\/Medinis-kepsnines-rinkinys-BBQ.jpg","type":"image\/jpeg"}],"twitter_card":"summary_large_image","twitter_misc":{"Est. reading time":"1 min\u016bte"},"schema":{"@context":"https:\/\/schema.org","@graph":[{"@type":"WebPage","@id":"https:\/\/kidsplay.lt\/produktas\/medinis-kepsnines-rinkinys-bbq\/","url":"https:\/\/kidsplay.lt\/produktas\/medinis-kepsnines-rinkinys-bbq\/","name":"Medinis kepsnin\u0117s rinkinys BBQ","isPartOf":{"@id":"https:\/\/kidsplay.lt\/#website"},"primaryImageOfPage":{"@id":"https:\/\/kidsplay.lt\/produktas\/medinis-kepsnines-rinkinys-bbq\/#primaryimage"},"image":{"@id":"https:\/\/kidsplay.lt\/produktas\/medinis-kepsnines-rinkinys-bbq\/#primaryimage"},"thumbnailUrl":"https:\/\/kidsplay.lt\/wp-content\/uploads\/2025\/10\/Medinis-kepsnines-rinkinys-BBQ.jpg","datePublished":"2025-10-27T13:56:42+00:00","dateModified":"2026-04-07T07:00:26+00:00","description":"Medinis kepsnin\u0117s rinkinys BBQ - KidsPlay. Did\u017eiausias vaik\u0173 \u017eaisl\u0173 pasirinkimas.","breadcrumb":{"@id":"https:\/\/kidsplay.lt\/produktas\/medinis-kepsnines-rinkinys-bbq\/#breadcrumb"},"inLanguage":"lv-LV","potentialAction":[{"@type":"ReadAction","target":["https:\/\/kidsplay.lt\/produktas\/medinis-kepsnines-rinkinys-bbq\/"]}]},{"@type":"ImageObject","inLanguage":"lv-LV","@id":"https:\/\/kidsplay.lt\/produktas\/medinis-kepsnines-rinkinys-bbq\/#primaryimage","url":"https:\/\/kidsplay.lt\/wp-content\/uploads\/2025\/10\/Medinis-kepsnines-rinkinys-BBQ.jpg","contentUrl":"https:\/\/kidsplay.lt\/wp-content\/uploads\/2025\/10\/Medinis-kepsnines-rinkinys-BBQ.jpg","width":1000,"height":1000,"caption":"Medinis kepsnin\u0117s rinkinys BBQ"},{"@type":"BreadcrumbList","@id":"https:\/\/kidsplay.lt\/produktas\/medinis-kepsnines-rinkinys-bbq\/#breadcrumb","itemListElement":[{"@type":"ListItem","position":1,"name":"Pagrindinis","item":"https:\/\/kidsplay.lt\/"},{"@type":"ListItem","position":2,"name":"Parduotuv\u0117","item":"https:\/\/kidsplay.lt\/parduotuve\/"},{"@type":"ListItem","position":3,"name":"Medinis kepsnin\u0117s rinkinys BBQ"}]},{"@type":"WebSite","@id":"https:\/\/kidsplay.lt\/#website","url":"https:\/\/kidsplay.lt\/","name":"B\u0113rnu sp\u0113les.lv","description":"\u012evairios prek\u0117s vaikams","publisher":{"@id":"https:\/\/kidsplay.lt\/#organization"},"alternateName":"Kidsplay","potentialAction":[{"@type":"SearchAction","target":{"@type":"EntryPoint","urlTemplate":"https:\/\/kidsplay.lt\/?s={search_term_string}"},"query-input":{"@type":"PropertyValueSpecification","valueRequired":true,"valueName":"search_term_string"}}],"inLanguage":"lv-LV"},{"@type":"Organization","@id":"https:\/\/kidsplay.lt\/#organization","name":"B\u0113rnu sp\u0113le","url":"https:\/\/kidsplay.lt\/","logo":{"@type":"ImageObject","inLanguage":"lv-LV","@id":"https:\/\/kidsplay.lt\/#\/schema\/logo\/image\/","url":"https:\/\/kidsplay.lt\/wp-content\/uploads\/2023\/07\/kidsplay-logo.png","contentUrl":"https:\/\/kidsplay.lt\/wp-content\/uploads\/2023\/07\/kidsplay-logo.png","width":451,"height":98,"caption":"KidsPlay"},"image":{"@id":"https:\/\/kidsplay.lt\/#\/schema\/logo\/image\/"},"sameAs":["https:\/\/www.facebook.com\/www.kidsplay.lt"]}]}},"_links":{"self":[{"href":"https:\/\/kidsplay.lt\/lv\/wp-json\/wp\/v2\/product\/78491","targetHints":{"allow":["GET"]}}],"collection":[{"href":"https:\/\/kidsplay.lt\/lv\/wp-json\/wp\/v2\/product"}],"about":[{"href":"https:\/\/kidsplay.lt\/lv\/wp-json\/wp\/v2\/types\/product"}],"version-history":[{"count":1,"href":"https:\/\/kidsplay.lt\/lv\/wp-json\/wp\/v2\/product\/78491\/revisions"}],"predecessor-version":[{"id":78492,"href":"https:\/\/kidsplay.lt\/lv\/wp-json\/wp\/v2\/product\/78491\/revisions\/78492"}],"wp:featuredmedia":[{"embeddable":true,"href":"https:\/\/kidsplay.lt\/lv\/wp-json\/wp\/v2\/media\/78493"}],"wp:attachment":[{"href":"https:\/\/kidsplay.lt\/lv\/wp-json\/wp\/v2\/media?parent=78491"}],"wp:term":[{"taxonomy":"product_brand","embeddable":true,"href":"https:\/\/kidsplay.lt\/lv\/wp-json\/wp\/v2\/product_brand?post=78491"},{"taxonomy":"product_cat","embeddable":true,"href":"https:\/\/kidsplay.lt\/lv\/wp-json\/wp\/v2\/product_cat?post=78491"},{"taxonomy":"product_tag","embeddable":true,"href":"https:\/\/kidsplay.lt\/lv\/wp-json\/wp\/v2\/product_tag?post=78491"}],"curies":[{"name":"wp","href":"https:\/\/api.w.org\/{rel}","templated":true}]}}