{"id":78496,"date":"2025-10-27T16:45:37","date_gmt":"2025-10-27T14:45:37","guid":{"rendered":"https:\/\/kidsplay.lt\/produktas\/smoby-namelis-ant-poliu-su-ciuozykla\/"},"modified":"2026-04-07T10:11:00","modified_gmt":"2026-04-07T07:11:00","slug":"smoby-namelis-ant-poliu-su-ciuozykla","status":"publish","type":"product","link":"https:\/\/kidsplay.lt\/lv\/products\/smoby-namelis-ant-poliu-su-ciuozykla\/","title":{"rendered":"Smoby m\u0101ja uz p\u0101\u013ciem ar slidkalni\u0146u"},"content":{"rendered":"<p>\u201eSmoby Life\u201c\u00a0\u017eaidim\u0173 namelis ant poli\u0173 su \u010diuo\u017eykla\u00a0\u2013 tai svajoni\u0173 \u017eaidim\u0173 erdv\u0117 vaikams nuo 2 met\u0173 am\u017eiaus. D\u0117l pakeltos konstrukcijos, \u010diuo\u017eyklos ir stiling\u0173 langini\u0173 vaikai gali aktyviai leisti laik\u0105, lavinti vaizduot\u0119 ir m\u0117gautis \u017eaidimais lauke. Tai puikus pasirinkimas \u017eaisti su broliais ir seserimis bei draugais. \u0160is \u017eaidim\u0173 namelis si\u016blo unikali\u0105 \u017eaidim\u0173 erdv\u0119, kurioje dera ekologi\u0161ka gamyba, estetinis patrauklumas ir daugyb\u0117 pramog\u0173 vaikams!<br \/>\nRakstur\u012bgs:<\/p>\n<p>&#8211; Am\u017eius: 2 metai<br \/>\n&#8211; Pakelta konstrukcija ant poli\u0173 (70 cm)\u00a0\u2013 namas pastatytas ant stabili\u0173 atram\u0173, o \u012f j\u012f galima patekti tvirtomis kop\u0117\u010diomis.<br \/>\n&#8211;\u00a0150 cm \u010diuo\u017eykla\u00a0\u2013 greiti ir smag\u016bs atrakcionai garantuoja daug pramog\u0173.<br \/>\n&#8211;\u00a0Pusin\u0117s durys ir stumdomos \u017ealiuz\u0117s\u00a0\u2013 suteikia \u012fdomi\u0105 erdv\u0119 \u017eaidimams, pastog\u0119 nuo saul\u0117s ir suteikia konstrukcijai \u017eavesio.<br \/>\n&#8211;\u00a0Realisti\u0161kas reljefas\u00a0\u2013 medien\u0105 imituojan\u010dios sienos ir stogo \u010derpes suteikia namui nat\u016brali\u0105, esteti\u0161k\u0105 i\u0161vaizd\u0105.<br \/>\n&#8211;\u00a0ANTI-UV danga\u00a0\u2013 apsaugo spalvas nuo blukimo, padidindama \u017eaislo patvarum\u0105.<br \/>\n&#8211;\u00a0Ekologi\u0161kos med\u017eiagos\u00a0\u2013 64 % plastiko gaunama i\u0161 perdirbto plastiko (\u201eSmoby Life\u201c linija).<br \/>\n&#8211;\u00a0Subtilios spalvos\u00a0\u2013 gamtos \u012fkv\u0117ptos spalvos puikiai dera su aplinkiniu sodu<\/p>\n<p>Rota\u013clieta att\u012bst\u0101s:<\/p>\n<p>&#8211;\u00a0Stambiosios motorikos lavinimas\u00a0\u2013 lipimas kop\u0117\u010diomis, nusileidimas \u010diuo\u017eykla ir b\u0117giojimas aplink nam\u0105 padeda palaikyti fizin\u012f pasirengim\u0105.<br \/>\n&#8211;\u00a0Vaizduot\u0117 ir k\u016brybi\u0161kumas\u00a0\u2013 \u017eaidim\u0173 namelis, vaidmen\u0173 \u017eaidimai ir savo scenarij\u0173 k\u016brimas lavina vaizduot\u0119.<br \/>\n&#8211;\u00a0Socialiniai \u012fg\u016bd\u017eiai\u00a0\u2013 \u017eaidimas kartu su broliais ir seserimis bei draugais moko bendradarbiavimo ir dalijimosi.<br \/>\n&#8211;\u00a0Savaranki\u0161kumas ir atsakomyb\u0117\u00a0\u2013 j\u0173 pa\u010di\u0173 namai yra erdv\u0117, kuri\u0105 vaikai gali susitvarkyti ir pri\u017ei\u016br\u0117ti pagal savo id\u0117jas.<\/p>","protected":false},"excerpt":{"rendered":"<p>\u201eSmoby Life\u201c\u00a0\u017eaidim\u0173 namelis ant poli\u0173 su \u010diuo\u017eykla\u00a0\u2013 tai svajoni\u0173 \u017eaidim\u0173 erdv\u0117 vaikams nuo 2 met\u0173 am\u017eiaus. D\u0117l pakeltos konstrukcijos, \u010diuo\u017eyklos<\/p>","protected":false},"featured_media":78498,"template":"","meta":{"_acf_changed":false,"_glsr_average":0,"_glsr_ranking":0,"_glsr_reviews":0},"product_brand":[],"product_cat":[233,234],"product_tag":[],"class_list":{"0":"post-78496","1":"product","2":"type-product","3":"status-publish","4":"has-post-thumbnail","6":"product_cat-lauko-pramogos","7":"product_cat-vaikiski-nameliai","8":"\"style=\"background-color: #2ecc711c;\"","10":"first","11":"instock","12":"sale","13":"purchasable","14":"product-type-simple"},"acf":[],"yoast_head":"<!-- This site is optimized with the Yoast SEO plugin v27.3 - https:\/\/yoast.com\/product\/yoast-seo-wordpress\/ -->\n<title>Smoby namelis ant poli\u0173 su \u010diuo\u017eykla<\/title>\n<meta name=\"description\" content=\"Smoby namelis ant poli\u0173 su \u010diuo\u017eykla - KidsPlay. Did\u017eiausias vaik\u0173 \u017eaisl\u0173 pasirinkimas.\" \/>\n<meta name=\"robots\" content=\"index, follow, max-snippet:-1, max-image-preview:large, max-video-preview:-1\" \/>\n<link rel=\"canonical\" href=\"https:\/\/kidsplay.lt\/lv\/products\/smoby-namelis-ant-poliu-su-ciuozykla\/\" \/>\n<meta property=\"og:locale\" content=\"lv_LV\" \/>\n<meta property=\"og:type\" content=\"article\" \/>\n<meta property=\"og:title\" content=\"Smoby namelis ant poli\u0173 su \u010diuo\u017eykla\" \/>\n<meta property=\"og:description\" content=\"Smoby namelis ant poli\u0173 su \u010diuo\u017eykla - KidsPlay. Did\u017eiausias vaik\u0173 \u017eaisl\u0173 pasirinkimas.\" \/>\n<meta property=\"og:url\" content=\"https:\/\/kidsplay.lt\/lv\/products\/smoby-namelis-ant-poliu-su-ciuozykla\/\" \/>\n<meta property=\"og:site_name\" content=\"KidsPlay\" \/>\n<meta property=\"article:publisher\" content=\"https:\/\/www.facebook.com\/www.kidsplay.lt\" \/>\n<meta property=\"article:modified_time\" content=\"2026-04-07T07:11:00+00:00\" \/>\n<meta property=\"og:image\" content=\"https:\/\/kidsplay.lt\/wp-content\/uploads\/2025\/10\/Smoby-namelis-ant-poliu-su-ciuozykla.jpg\" \/>\n\t<meta property=\"og:image:width\" content=\"2362\" \/>\n\t<meta property=\"og:image:height\" content=\"2197\" \/>\n\t<meta property=\"og:image:type\" content=\"image\/jpeg\" \/>\n<meta name=\"twitter:card\" content=\"summary_large_image\" \/>\n<meta name=\"twitter:label1\" content=\"Est. reading time\" \/>\n\t<meta name=\"twitter:data1\" content=\"2 min\u016btes\" \/>\n<script type=\"application\/ld+json\" class=\"yoast-schema-graph\">{\"@context\":\"https:\\\/\\\/schema.org\",\"@graph\":[{\"@type\":\"WebPage\",\"@id\":\"https:\\\/\\\/kidsplay.lt\\\/produktas\\\/smoby-namelis-ant-poliu-su-ciuozykla\\\/\",\"url\":\"https:\\\/\\\/kidsplay.lt\\\/produktas\\\/smoby-namelis-ant-poliu-su-ciuozykla\\\/\",\"name\":\"Smoby namelis ant poli\u0173 su \u010diuo\u017eykla\",\"isPartOf\":{\"@id\":\"https:\\\/\\\/kidsplay.lt\\\/#website\"},\"primaryImageOfPage\":{\"@id\":\"https:\\\/\\\/kidsplay.lt\\\/produktas\\\/smoby-namelis-ant-poliu-su-ciuozykla\\\/#primaryimage\"},\"image\":{\"@id\":\"https:\\\/\\\/kidsplay.lt\\\/produktas\\\/smoby-namelis-ant-poliu-su-ciuozykla\\\/#primaryimage\"},\"thumbnailUrl\":\"https:\\\/\\\/kidsplay.lt\\\/wp-content\\\/uploads\\\/2025\\\/10\\\/Smoby-namelis-ant-poliu-su-ciuozykla.jpg\",\"datePublished\":\"2025-10-27T14:45:37+00:00\",\"dateModified\":\"2026-04-07T07:11:00+00:00\",\"description\":\"Smoby namelis ant poli\u0173 su \u010diuo\u017eykla - KidsPlay. Did\u017eiausias vaik\u0173 \u017eaisl\u0173 pasirinkimas.\",\"breadcrumb\":{\"@id\":\"https:\\\/\\\/kidsplay.lt\\\/produktas\\\/smoby-namelis-ant-poliu-su-ciuozykla\\\/#breadcrumb\"},\"inLanguage\":\"lv-LV\",\"potentialAction\":[{\"@type\":\"ReadAction\",\"target\":[\"https:\\\/\\\/kidsplay.lt\\\/produktas\\\/smoby-namelis-ant-poliu-su-ciuozykla\\\/\"]}]},{\"@type\":\"ImageObject\",\"inLanguage\":\"lv-LV\",\"@id\":\"https:\\\/\\\/kidsplay.lt\\\/produktas\\\/smoby-namelis-ant-poliu-su-ciuozykla\\\/#primaryimage\",\"url\":\"https:\\\/\\\/kidsplay.lt\\\/wp-content\\\/uploads\\\/2025\\\/10\\\/Smoby-namelis-ant-poliu-su-ciuozykla.jpg\",\"contentUrl\":\"https:\\\/\\\/kidsplay.lt\\\/wp-content\\\/uploads\\\/2025\\\/10\\\/Smoby-namelis-ant-poliu-su-ciuozykla.jpg\",\"width\":2362,\"height\":2197,\"caption\":\"Smoby namelis ant poli\u0173 su \u010diuo\u017eykla\"},{\"@type\":\"BreadcrumbList\",\"@id\":\"https:\\\/\\\/kidsplay.lt\\\/produktas\\\/smoby-namelis-ant-poliu-su-ciuozykla\\\/#breadcrumb\",\"itemListElement\":[{\"@type\":\"ListItem\",\"position\":1,\"name\":\"Pagrindinis\",\"item\":\"https:\\\/\\\/kidsplay.lt\\\/\"},{\"@type\":\"ListItem\",\"position\":2,\"name\":\"Parduotuv\u0117\",\"item\":\"https:\\\/\\\/kidsplay.lt\\\/parduotuve\\\/\"},{\"@type\":\"ListItem\",\"position\":3,\"name\":\"Smoby namelis ant poli\u0173 su \u010diuo\u017eykla\"}]},{\"@type\":\"WebSite\",\"@id\":\"https:\\\/\\\/kidsplay.lt\\\/#website\",\"url\":\"https:\\\/\\\/kidsplay.lt\\\/\",\"name\":\"Kidsplay.lt\",\"description\":\"\u012evairios prek\u0117s vaikams\",\"publisher\":{\"@id\":\"https:\\\/\\\/kidsplay.lt\\\/#organization\"},\"alternateName\":\"Kidsplay\",\"potentialAction\":[{\"@type\":\"SearchAction\",\"target\":{\"@type\":\"EntryPoint\",\"urlTemplate\":\"https:\\\/\\\/kidsplay.lt\\\/?s={search_term_string}\"},\"query-input\":{\"@type\":\"PropertyValueSpecification\",\"valueRequired\":true,\"valueName\":\"search_term_string\"}}],\"inLanguage\":\"lv-LV\"},{\"@type\":\"Organization\",\"@id\":\"https:\\\/\\\/kidsplay.lt\\\/#organization\",\"name\":\"KidsPlay\",\"url\":\"https:\\\/\\\/kidsplay.lt\\\/\",\"logo\":{\"@type\":\"ImageObject\",\"inLanguage\":\"lv-LV\",\"@id\":\"https:\\\/\\\/kidsplay.lt\\\/#\\\/schema\\\/logo\\\/image\\\/\",\"url\":\"https:\\\/\\\/kidsplay.lt\\\/wp-content\\\/uploads\\\/2023\\\/07\\\/kidsplay-logo.png\",\"contentUrl\":\"https:\\\/\\\/kidsplay.lt\\\/wp-content\\\/uploads\\\/2023\\\/07\\\/kidsplay-logo.png\",\"width\":451,\"height\":98,\"caption\":\"KidsPlay\"},\"image\":{\"@id\":\"https:\\\/\\\/kidsplay.lt\\\/#\\\/schema\\\/logo\\\/image\\\/\"},\"sameAs\":[\"https:\\\/\\\/www.facebook.com\\\/www.kidsplay.lt\"]}]}<\/script>\n<!-- \/ Yoast SEO plugin. -->","yoast_head_json":{"title":"Smoby m\u0101ja uz p\u0101\u013ciem ar slidkalni\u0146u","description":"Smoby namelis ant poli\u0173 su \u010diuo\u017eykla - KidsPlay. Did\u017eiausias vaik\u0173 \u017eaisl\u0173 pasirinkimas.","robots":{"index":"index","follow":"follow","max-snippet":"max-snippet:-1","max-image-preview":"max-image-preview:large","max-video-preview":"max-video-preview:-1"},"canonical":"https:\/\/kidsplay.lt\/lv\/products\/smoby-namelis-ant-poliu-su-ciuozykla\/","og_locale":"lv_LV","og_type":"article","og_title":"Smoby namelis ant poli\u0173 su \u010diuo\u017eykla","og_description":"Smoby namelis ant poli\u0173 su \u010diuo\u017eykla - KidsPlay. Did\u017eiausias vaik\u0173 \u017eaisl\u0173 pasirinkimas.","og_url":"https:\/\/kidsplay.lt\/lv\/products\/smoby-namelis-ant-poliu-su-ciuozykla\/","og_site_name":"KidsPlay","article_publisher":"https:\/\/www.facebook.com\/www.kidsplay.lt","article_modified_time":"2026-04-07T07:11:00+00:00","og_image":[{"width":2362,"height":2197,"url":"https:\/\/kidsplay.lt\/wp-content\/uploads\/2025\/10\/Smoby-namelis-ant-poliu-su-ciuozykla.jpg","type":"image\/jpeg"}],"twitter_card":"summary_large_image","twitter_misc":{"Est. reading time":"2 min\u016btes"},"schema":{"@context":"https:\/\/schema.org","@graph":[{"@type":"WebPage","@id":"https:\/\/kidsplay.lt\/produktas\/smoby-namelis-ant-poliu-su-ciuozykla\/","url":"https:\/\/kidsplay.lt\/produktas\/smoby-namelis-ant-poliu-su-ciuozykla\/","name":"Smoby m\u0101ja uz p\u0101\u013ciem ar slidkalni\u0146u","isPartOf":{"@id":"https:\/\/kidsplay.lt\/#website"},"primaryImageOfPage":{"@id":"https:\/\/kidsplay.lt\/produktas\/smoby-namelis-ant-poliu-su-ciuozykla\/#primaryimage"},"image":{"@id":"https:\/\/kidsplay.lt\/produktas\/smoby-namelis-ant-poliu-su-ciuozykla\/#primaryimage"},"thumbnailUrl":"https:\/\/kidsplay.lt\/wp-content\/uploads\/2025\/10\/Smoby-namelis-ant-poliu-su-ciuozykla.jpg","datePublished":"2025-10-27T14:45:37+00:00","dateModified":"2026-04-07T07:11:00+00:00","description":"Smoby namelis ant poli\u0173 su \u010diuo\u017eykla - KidsPlay. Did\u017eiausias vaik\u0173 \u017eaisl\u0173 pasirinkimas.","breadcrumb":{"@id":"https:\/\/kidsplay.lt\/produktas\/smoby-namelis-ant-poliu-su-ciuozykla\/#breadcrumb"},"inLanguage":"lv-LV","potentialAction":[{"@type":"ReadAction","target":["https:\/\/kidsplay.lt\/produktas\/smoby-namelis-ant-poliu-su-ciuozykla\/"]}]},{"@type":"ImageObject","inLanguage":"lv-LV","@id":"https:\/\/kidsplay.lt\/produktas\/smoby-namelis-ant-poliu-su-ciuozykla\/#primaryimage","url":"https:\/\/kidsplay.lt\/wp-content\/uploads\/2025\/10\/Smoby-namelis-ant-poliu-su-ciuozykla.jpg","contentUrl":"https:\/\/kidsplay.lt\/wp-content\/uploads\/2025\/10\/Smoby-namelis-ant-poliu-su-ciuozykla.jpg","width":2362,"height":2197,"caption":"Smoby namelis ant poli\u0173 su \u010diuo\u017eykla"},{"@type":"BreadcrumbList","@id":"https:\/\/kidsplay.lt\/produktas\/smoby-namelis-ant-poliu-su-ciuozykla\/#breadcrumb","itemListElement":[{"@type":"ListItem","position":1,"name":"Pagrindinis","item":"https:\/\/kidsplay.lt\/"},{"@type":"ListItem","position":2,"name":"Parduotuv\u0117","item":"https:\/\/kidsplay.lt\/parduotuve\/"},{"@type":"ListItem","position":3,"name":"Smoby namelis ant poli\u0173 su \u010diuo\u017eykla"}]},{"@type":"WebSite","@id":"https:\/\/kidsplay.lt\/#website","url":"https:\/\/kidsplay.lt\/","name":"B\u0113rnu sp\u0113les.lv","description":"\u012evairios prek\u0117s vaikams","publisher":{"@id":"https:\/\/kidsplay.lt\/#organization"},"alternateName":"Kidsplay","potentialAction":[{"@type":"SearchAction","target":{"@type":"EntryPoint","urlTemplate":"https:\/\/kidsplay.lt\/?s={search_term_string}"},"query-input":{"@type":"PropertyValueSpecification","valueRequired":true,"valueName":"search_term_string"}}],"inLanguage":"lv-LV"},{"@type":"Organization","@id":"https:\/\/kidsplay.lt\/#organization","name":"B\u0113rnu sp\u0113le","url":"https:\/\/kidsplay.lt\/","logo":{"@type":"ImageObject","inLanguage":"lv-LV","@id":"https:\/\/kidsplay.lt\/#\/schema\/logo\/image\/","url":"https:\/\/kidsplay.lt\/wp-content\/uploads\/2023\/07\/kidsplay-logo.png","contentUrl":"https:\/\/kidsplay.lt\/wp-content\/uploads\/2023\/07\/kidsplay-logo.png","width":451,"height":98,"caption":"KidsPlay"},"image":{"@id":"https:\/\/kidsplay.lt\/#\/schema\/logo\/image\/"},"sameAs":["https:\/\/www.facebook.com\/www.kidsplay.lt"]}]}},"_links":{"self":[{"href":"https:\/\/kidsplay.lt\/lv\/wp-json\/wp\/v2\/product\/78496","targetHints":{"allow":["GET"]}}],"collection":[{"href":"https:\/\/kidsplay.lt\/lv\/wp-json\/wp\/v2\/product"}],"about":[{"href":"https:\/\/kidsplay.lt\/lv\/wp-json\/wp\/v2\/types\/product"}],"version-history":[{"count":3,"href":"https:\/\/kidsplay.lt\/lv\/wp-json\/wp\/v2\/product\/78496\/revisions"}],"predecessor-version":[{"id":86857,"href":"https:\/\/kidsplay.lt\/lv\/wp-json\/wp\/v2\/product\/78496\/revisions\/86857"}],"wp:featuredmedia":[{"embeddable":true,"href":"https:\/\/kidsplay.lt\/lv\/wp-json\/wp\/v2\/media\/78498"}],"wp:attachment":[{"href":"https:\/\/kidsplay.lt\/lv\/wp-json\/wp\/v2\/media?parent=78496"}],"wp:term":[{"taxonomy":"product_brand","embeddable":true,"href":"https:\/\/kidsplay.lt\/lv\/wp-json\/wp\/v2\/product_brand?post=78496"},{"taxonomy":"product_cat","embeddable":true,"href":"https:\/\/kidsplay.lt\/lv\/wp-json\/wp\/v2\/product_cat?post=78496"},{"taxonomy":"product_tag","embeddable":true,"href":"https:\/\/kidsplay.lt\/lv\/wp-json\/wp\/v2\/product_tag?post=78496"}],"curies":[{"name":"wp","href":"https:\/\/api.w.org\/{rel}","templated":true}]}}