{"id":78556,"date":"2025-10-27T16:57:08","date_gmt":"2025-10-27T14:57:08","guid":{"rendered":"https:\/\/kidsplay.lt\/produktas\/woopie-baby-spalvingu-gyvunu-rozinis-vilkelis-su-kamuoliukais-ir-karusele\/"},"modified":"2026-04-07T09:29:47","modified_gmt":"2026-04-07T06:29:47","slug":"woopie-baby-spalvingu-gyvunu-rozinis-vilkelis-su-kamuoliukais-ir-karusele","status":"publish","type":"product","link":"https:\/\/kidsplay.lt\/lv\/product\/woopie-baby-spalvingu-gyvunu-rozinis-vilkelis-su-kamuoliukais-ir-karusele\/","title":{"rendered":"WOOPIE BABY Spalving\u0173 gyv\u016bn\u0173 ro\u017einis vilkelis su kamuoliukais ir karusel\u0117"},"content":{"rendered":"<p>Spalvinga\u00a0interaktyvi\u00a0sraig\u0117s\/rutulio karusel\u0117 i\u0161\u00a0\u201eWoopie Baby\u201c\u00a0yra \u017eavingas \u017eaislas ma\u017eyliams nuo ma\u017edaug 6 m\u0117nesi\u0173 am\u017eiaus. Paspaudus mygtuk\u0105, gyv\u016bnai pradeda suktis, o spalvingi kamuoliukai vir\u0161uje \u0161okin\u0117ja, sukurdami mini karusel\u0117s iliuzij\u0105. Tai leid\u017eia j\u016bs\u0173 k\u016bdikiui steb\u0117ti\u00a0judesius\u00a0, gird\u0117ti\u00a0garsus\u00a0ir lavins\u00a0savo akis\u00a0bei rankytes. Pagamintas i\u0161 saugi\u0173, patvari\u0173 med\u017eiag\u0173, \u017eaislas yra tinkamas am\u017eiui ir lengvai naudojamas. Tai puiki dovanos id\u0117ja!<\/p>\n<p>Rakstur\u012bgs:<\/p>\n<p> \t&#8211; Numatytas am\u017eius:\u00a0nuo 6 m\u0117nesi\u0173 am\u017eiaus<br \/>\n \t&#8211; Spalvos\u00a0: ry\u0161kios, pastelin\u0117s spalvos su gyv\u016bn\u0173 motyvais<br \/>\n \t&#8211; Interaktyvi funkcija\u00a0: paspaudus mygtuk\u0105 \u2013 kamuoliukai juda ir \u0161okin\u0117ja<br \/>\n \t&#8211; Poveikis\u00a0: \u012fjungia reg\u0105 ir klaus\u0105, judan\u010dius elementus<\/p>\n<p>Rota\u013clieta att\u012bst\u0101s:<\/p>\n<p> \t&#8211; Vizualinis vystymasis<br \/>\n \t&#8211; Klausos vystymasis<br \/>\n \t&#8211; Rank\u0173 ir aki\u0173 koordinacija<br \/>\n \t&#8211; Manikiniai \u012fg\u016bd\u017eiai \/ smulkioji motorika<br \/>\n \t&#8211; Prie\u017easties ir pasekm\u0117s ry\u0161i\u0173 supratimas<\/p>","protected":false},"excerpt":{"rendered":"<p>Spalvinga\u00a0interaktyvi\u00a0sraig\u0117s\/rutulio karusel\u0117 i\u0161\u00a0\u201eWoopie Baby\u201c\u00a0yra \u017eavingas \u017eaislas ma\u017eyliams nuo ma\u017edaug 6 m\u0117nesi\u0173 am\u017eiaus. Paspaudus mygtuk\u0105, gyv\u016bnai pradeda suktis, o spalvingi kamuoliukai<\/p>","protected":false},"featured_media":78558,"template":"","meta":{"_acf_changed":false,"_glsr_average":0,"_glsr_ranking":0,"_glsr_reviews":0},"product_brand":[],"product_cat":[396,229],"product_tag":[],"class_list":{"0":"post-78556","1":"product","2":"type-product","3":"status-publish","4":"has-post-thumbnail","6":"product_cat-kudikiu-zaislai-vaikams2","7":"product_cat-zaislai-vaikams","8":"\"style=\"background-color: #2ecc711c;\"","10":"first","11":"instock","12":"purchasable","13":"product-type-simple"},"acf":[],"yoast_head":"<!-- This site is optimized with the Yoast SEO plugin v27.3 - https:\/\/yoast.com\/product\/yoast-seo-wordpress\/ -->\n<title>WOOPIE BABY Spalving\u0173 gyv\u016bn\u0173 ro\u017einis vilkelis su kamuoliukais ir karusel\u0117<\/title>\n<meta name=\"description\" content=\"WOOPIE BABY Spalving\u0173 gyv\u016bn\u0173 ro\u017einis vilkelis su kamuoliukais ir karusel\u0117 - KidsPlay. Did\u017eiausias vaik\u0173 \u017eaisl\u0173 pasirinkimas.\" \/>\n<meta name=\"robots\" content=\"index, follow, max-snippet:-1, max-image-preview:large, max-video-preview:-1\" \/>\n<link rel=\"canonical\" href=\"https:\/\/kidsplay.lt\/lv\/product\/woopie-baby-spalvingu-gyvunu-rozinis-vilkelis-su-kamuoliukais-ir-karusele\/\" \/>\n<meta property=\"og:locale\" content=\"lv_LV\" \/>\n<meta property=\"og:type\" content=\"article\" \/>\n<meta property=\"og:title\" content=\"WOOPIE BABY Spalving\u0173 gyv\u016bn\u0173 ro\u017einis vilkelis su kamuoliukais ir karusel\u0117\" \/>\n<meta property=\"og:description\" content=\"WOOPIE BABY Spalving\u0173 gyv\u016bn\u0173 ro\u017einis vilkelis su kamuoliukais ir karusel\u0117 - KidsPlay. Did\u017eiausias vaik\u0173 \u017eaisl\u0173 pasirinkimas.\" \/>\n<meta property=\"og:url\" content=\"https:\/\/kidsplay.lt\/lv\/product\/woopie-baby-spalvingu-gyvunu-rozinis-vilkelis-su-kamuoliukais-ir-karusele\/\" \/>\n<meta property=\"og:site_name\" content=\"KidsPlay\" \/>\n<meta property=\"article:publisher\" content=\"https:\/\/www.facebook.com\/www.kidsplay.lt\" \/>\n<meta property=\"article:modified_time\" content=\"2026-04-07T06:29:47+00:00\" \/>\n<meta property=\"og:image\" content=\"https:\/\/kidsplay.lt\/wp-content\/uploads\/2025\/10\/WOOPIE-BABY-Spalvingu-gyvunu-rozinis-vilkelis-su-kamuoliukais-ir-karusele.jpg\" \/>\n\t<meta property=\"og:image:width\" content=\"2500\" \/>\n\t<meta property=\"og:image:height\" content=\"2500\" \/>\n\t<meta property=\"og:image:type\" content=\"image\/jpeg\" \/>\n<meta name=\"twitter:card\" content=\"summary_large_image\" \/>\n<meta name=\"twitter:label1\" content=\"Est. reading time\" \/>\n\t<meta name=\"twitter:data1\" content=\"1 min\u016bte\" \/>\n<script type=\"application\/ld+json\" class=\"yoast-schema-graph\">{\"@context\":\"https:\\\/\\\/schema.org\",\"@graph\":[{\"@type\":\"WebPage\",\"@id\":\"https:\\\/\\\/kidsplay.lt\\\/produktas\\\/woopie-baby-spalvingu-gyvunu-rozinis-vilkelis-su-kamuoliukais-ir-karusele\\\/\",\"url\":\"https:\\\/\\\/kidsplay.lt\\\/produktas\\\/woopie-baby-spalvingu-gyvunu-rozinis-vilkelis-su-kamuoliukais-ir-karusele\\\/\",\"name\":\"WOOPIE BABY Spalving\u0173 gyv\u016bn\u0173 ro\u017einis vilkelis su kamuoliukais ir karusel\u0117\",\"isPartOf\":{\"@id\":\"https:\\\/\\\/kidsplay.lt\\\/#website\"},\"primaryImageOfPage\":{\"@id\":\"https:\\\/\\\/kidsplay.lt\\\/produktas\\\/woopie-baby-spalvingu-gyvunu-rozinis-vilkelis-su-kamuoliukais-ir-karusele\\\/#primaryimage\"},\"image\":{\"@id\":\"https:\\\/\\\/kidsplay.lt\\\/produktas\\\/woopie-baby-spalvingu-gyvunu-rozinis-vilkelis-su-kamuoliukais-ir-karusele\\\/#primaryimage\"},\"thumbnailUrl\":\"https:\\\/\\\/kidsplay.lt\\\/wp-content\\\/uploads\\\/2025\\\/10\\\/WOOPIE-BABY-Spalvingu-gyvunu-rozinis-vilkelis-su-kamuoliukais-ir-karusele.jpg\",\"datePublished\":\"2025-10-27T14:57:08+00:00\",\"dateModified\":\"2026-04-07T06:29:47+00:00\",\"description\":\"WOOPIE BABY Spalving\u0173 gyv\u016bn\u0173 ro\u017einis vilkelis su kamuoliukais ir karusel\u0117 - KidsPlay. Did\u017eiausias vaik\u0173 \u017eaisl\u0173 pasirinkimas.\",\"breadcrumb\":{\"@id\":\"https:\\\/\\\/kidsplay.lt\\\/produktas\\\/woopie-baby-spalvingu-gyvunu-rozinis-vilkelis-su-kamuoliukais-ir-karusele\\\/#breadcrumb\"},\"inLanguage\":\"lv-LV\",\"potentialAction\":[{\"@type\":\"ReadAction\",\"target\":[\"https:\\\/\\\/kidsplay.lt\\\/produktas\\\/woopie-baby-spalvingu-gyvunu-rozinis-vilkelis-su-kamuoliukais-ir-karusele\\\/\"]}]},{\"@type\":\"ImageObject\",\"inLanguage\":\"lv-LV\",\"@id\":\"https:\\\/\\\/kidsplay.lt\\\/produktas\\\/woopie-baby-spalvingu-gyvunu-rozinis-vilkelis-su-kamuoliukais-ir-karusele\\\/#primaryimage\",\"url\":\"https:\\\/\\\/kidsplay.lt\\\/wp-content\\\/uploads\\\/2025\\\/10\\\/WOOPIE-BABY-Spalvingu-gyvunu-rozinis-vilkelis-su-kamuoliukais-ir-karusele.jpg\",\"contentUrl\":\"https:\\\/\\\/kidsplay.lt\\\/wp-content\\\/uploads\\\/2025\\\/10\\\/WOOPIE-BABY-Spalvingu-gyvunu-rozinis-vilkelis-su-kamuoliukais-ir-karusele.jpg\",\"width\":2500,\"height\":2500,\"caption\":\"WOOPIE BABY Spalving\u0173 gyv\u016bn\u0173 ro\u017einis vilkelis su kamuoliukais ir karusel\u0117\"},{\"@type\":\"BreadcrumbList\",\"@id\":\"https:\\\/\\\/kidsplay.lt\\\/produktas\\\/woopie-baby-spalvingu-gyvunu-rozinis-vilkelis-su-kamuoliukais-ir-karusele\\\/#breadcrumb\",\"itemListElement\":[{\"@type\":\"ListItem\",\"position\":1,\"name\":\"Pagrindinis\",\"item\":\"https:\\\/\\\/kidsplay.lt\\\/\"},{\"@type\":\"ListItem\",\"position\":2,\"name\":\"Parduotuv\u0117\",\"item\":\"https:\\\/\\\/kidsplay.lt\\\/parduotuve\\\/\"},{\"@type\":\"ListItem\",\"position\":3,\"name\":\"WOOPIE BABY Spalving\u0173 gyv\u016bn\u0173 ro\u017einis vilkelis su kamuoliukais ir karusel\u0117\"}]},{\"@type\":\"WebSite\",\"@id\":\"https:\\\/\\\/kidsplay.lt\\\/#website\",\"url\":\"https:\\\/\\\/kidsplay.lt\\\/\",\"name\":\"Kidsplay.lt\",\"description\":\"\u012evairios prek\u0117s vaikams\",\"publisher\":{\"@id\":\"https:\\\/\\\/kidsplay.lt\\\/#organization\"},\"alternateName\":\"Kidsplay\",\"potentialAction\":[{\"@type\":\"SearchAction\",\"target\":{\"@type\":\"EntryPoint\",\"urlTemplate\":\"https:\\\/\\\/kidsplay.lt\\\/?s={search_term_string}\"},\"query-input\":{\"@type\":\"PropertyValueSpecification\",\"valueRequired\":true,\"valueName\":\"search_term_string\"}}],\"inLanguage\":\"lv-LV\"},{\"@type\":\"Organization\",\"@id\":\"https:\\\/\\\/kidsplay.lt\\\/#organization\",\"name\":\"KidsPlay\",\"url\":\"https:\\\/\\\/kidsplay.lt\\\/\",\"logo\":{\"@type\":\"ImageObject\",\"inLanguage\":\"lv-LV\",\"@id\":\"https:\\\/\\\/kidsplay.lt\\\/#\\\/schema\\\/logo\\\/image\\\/\",\"url\":\"https:\\\/\\\/kidsplay.lt\\\/wp-content\\\/uploads\\\/2023\\\/07\\\/kidsplay-logo.png\",\"contentUrl\":\"https:\\\/\\\/kidsplay.lt\\\/wp-content\\\/uploads\\\/2023\\\/07\\\/kidsplay-logo.png\",\"width\":451,\"height\":98,\"caption\":\"KidsPlay\"},\"image\":{\"@id\":\"https:\\\/\\\/kidsplay.lt\\\/#\\\/schema\\\/logo\\\/image\\\/\"},\"sameAs\":[\"https:\\\/\\\/www.facebook.com\\\/www.kidsplay.lt\"]}]}<\/script>\n<!-- \/ Yoast SEO plugin. -->","yoast_head_json":{"title":"WOOPIE BABY Spalving\u0173 gyv\u016bn\u0173 ro\u017einis vilkelis su kamuoliukais ir karusel\u0117","description":"WOOPIE BABY Spalving\u0173 gyv\u016bn\u0173 ro\u017einis vilkelis su kamuoliukais ir karusel\u0117 - KidsPlay. Did\u017eiausias vaik\u0173 \u017eaisl\u0173 pasirinkimas.","robots":{"index":"index","follow":"follow","max-snippet":"max-snippet:-1","max-image-preview":"max-image-preview:large","max-video-preview":"max-video-preview:-1"},"canonical":"https:\/\/kidsplay.lt\/lv\/product\/woopie-baby-spalvingu-gyvunu-rozinis-vilkelis-su-kamuoliukais-ir-karusele\/","og_locale":"lv_LV","og_type":"article","og_title":"WOOPIE BABY Spalving\u0173 gyv\u016bn\u0173 ro\u017einis vilkelis su kamuoliukais ir karusel\u0117","og_description":"WOOPIE BABY Spalving\u0173 gyv\u016bn\u0173 ro\u017einis vilkelis su kamuoliukais ir karusel\u0117 - KidsPlay. Did\u017eiausias vaik\u0173 \u017eaisl\u0173 pasirinkimas.","og_url":"https:\/\/kidsplay.lt\/lv\/product\/woopie-baby-spalvingu-gyvunu-rozinis-vilkelis-su-kamuoliukais-ir-karusele\/","og_site_name":"KidsPlay","article_publisher":"https:\/\/www.facebook.com\/www.kidsplay.lt","article_modified_time":"2026-04-07T06:29:47+00:00","og_image":[{"width":2500,"height":2500,"url":"https:\/\/kidsplay.lt\/wp-content\/uploads\/2025\/10\/WOOPIE-BABY-Spalvingu-gyvunu-rozinis-vilkelis-su-kamuoliukais-ir-karusele.jpg","type":"image\/jpeg"}],"twitter_card":"summary_large_image","twitter_misc":{"Est. reading time":"1 min\u016bte"},"schema":{"@context":"https:\/\/schema.org","@graph":[{"@type":"WebPage","@id":"https:\/\/kidsplay.lt\/produktas\/woopie-baby-spalvingu-gyvunu-rozinis-vilkelis-su-kamuoliukais-ir-karusele\/","url":"https:\/\/kidsplay.lt\/produktas\/woopie-baby-spalvingu-gyvunu-rozinis-vilkelis-su-kamuoliukais-ir-karusele\/","name":"WOOPIE BABY Spalving\u0173 gyv\u016bn\u0173 ro\u017einis vilkelis su kamuoliukais ir karusel\u0117","isPartOf":{"@id":"https:\/\/kidsplay.lt\/#website"},"primaryImageOfPage":{"@id":"https:\/\/kidsplay.lt\/produktas\/woopie-baby-spalvingu-gyvunu-rozinis-vilkelis-su-kamuoliukais-ir-karusele\/#primaryimage"},"image":{"@id":"https:\/\/kidsplay.lt\/produktas\/woopie-baby-spalvingu-gyvunu-rozinis-vilkelis-su-kamuoliukais-ir-karusele\/#primaryimage"},"thumbnailUrl":"https:\/\/kidsplay.lt\/wp-content\/uploads\/2025\/10\/WOOPIE-BABY-Spalvingu-gyvunu-rozinis-vilkelis-su-kamuoliukais-ir-karusele.jpg","datePublished":"2025-10-27T14:57:08+00:00","dateModified":"2026-04-07T06:29:47+00:00","description":"WOOPIE BABY Spalving\u0173 gyv\u016bn\u0173 ro\u017einis vilkelis su kamuoliukais ir karusel\u0117 - KidsPlay. Did\u017eiausias vaik\u0173 \u017eaisl\u0173 pasirinkimas.","breadcrumb":{"@id":"https:\/\/kidsplay.lt\/produktas\/woopie-baby-spalvingu-gyvunu-rozinis-vilkelis-su-kamuoliukais-ir-karusele\/#breadcrumb"},"inLanguage":"lv-LV","potentialAction":[{"@type":"ReadAction","target":["https:\/\/kidsplay.lt\/produktas\/woopie-baby-spalvingu-gyvunu-rozinis-vilkelis-su-kamuoliukais-ir-karusele\/"]}]},{"@type":"ImageObject","inLanguage":"lv-LV","@id":"https:\/\/kidsplay.lt\/produktas\/woopie-baby-spalvingu-gyvunu-rozinis-vilkelis-su-kamuoliukais-ir-karusele\/#primaryimage","url":"https:\/\/kidsplay.lt\/wp-content\/uploads\/2025\/10\/WOOPIE-BABY-Spalvingu-gyvunu-rozinis-vilkelis-su-kamuoliukais-ir-karusele.jpg","contentUrl":"https:\/\/kidsplay.lt\/wp-content\/uploads\/2025\/10\/WOOPIE-BABY-Spalvingu-gyvunu-rozinis-vilkelis-su-kamuoliukais-ir-karusele.jpg","width":2500,"height":2500,"caption":"WOOPIE BABY Spalving\u0173 gyv\u016bn\u0173 ro\u017einis vilkelis su kamuoliukais ir karusel\u0117"},{"@type":"BreadcrumbList","@id":"https:\/\/kidsplay.lt\/produktas\/woopie-baby-spalvingu-gyvunu-rozinis-vilkelis-su-kamuoliukais-ir-karusele\/#breadcrumb","itemListElement":[{"@type":"ListItem","position":1,"name":"Pagrindinis","item":"https:\/\/kidsplay.lt\/"},{"@type":"ListItem","position":2,"name":"Parduotuv\u0117","item":"https:\/\/kidsplay.lt\/parduotuve\/"},{"@type":"ListItem","position":3,"name":"WOOPIE BABY Spalving\u0173 gyv\u016bn\u0173 ro\u017einis vilkelis su kamuoliukais ir karusel\u0117"}]},{"@type":"WebSite","@id":"https:\/\/kidsplay.lt\/#website","url":"https:\/\/kidsplay.lt\/","name":"B\u0113rnu sp\u0113les.lv","description":"\u012evairios prek\u0117s vaikams","publisher":{"@id":"https:\/\/kidsplay.lt\/#organization"},"alternateName":"Kidsplay","potentialAction":[{"@type":"SearchAction","target":{"@type":"EntryPoint","urlTemplate":"https:\/\/kidsplay.lt\/?s={search_term_string}"},"query-input":{"@type":"PropertyValueSpecification","valueRequired":true,"valueName":"search_term_string"}}],"inLanguage":"lv-LV"},{"@type":"Organization","@id":"https:\/\/kidsplay.lt\/#organization","name":"B\u0113rnu sp\u0113le","url":"https:\/\/kidsplay.lt\/","logo":{"@type":"ImageObject","inLanguage":"lv-LV","@id":"https:\/\/kidsplay.lt\/#\/schema\/logo\/image\/","url":"https:\/\/kidsplay.lt\/wp-content\/uploads\/2023\/07\/kidsplay-logo.png","contentUrl":"https:\/\/kidsplay.lt\/wp-content\/uploads\/2023\/07\/kidsplay-logo.png","width":451,"height":98,"caption":"KidsPlay"},"image":{"@id":"https:\/\/kidsplay.lt\/#\/schema\/logo\/image\/"},"sameAs":["https:\/\/www.facebook.com\/www.kidsplay.lt"]}]}},"_links":{"self":[{"href":"https:\/\/kidsplay.lt\/lv\/wp-json\/wp\/v2\/product\/78556","targetHints":{"allow":["GET"]}}],"collection":[{"href":"https:\/\/kidsplay.lt\/lv\/wp-json\/wp\/v2\/product"}],"about":[{"href":"https:\/\/kidsplay.lt\/lv\/wp-json\/wp\/v2\/types\/product"}],"version-history":[{"count":1,"href":"https:\/\/kidsplay.lt\/lv\/wp-json\/wp\/v2\/product\/78556\/revisions"}],"predecessor-version":[{"id":78557,"href":"https:\/\/kidsplay.lt\/lv\/wp-json\/wp\/v2\/product\/78556\/revisions\/78557"}],"wp:featuredmedia":[{"embeddable":true,"href":"https:\/\/kidsplay.lt\/lv\/wp-json\/wp\/v2\/media\/78558"}],"wp:attachment":[{"href":"https:\/\/kidsplay.lt\/lv\/wp-json\/wp\/v2\/media?parent=78556"}],"wp:term":[{"taxonomy":"product_brand","embeddable":true,"href":"https:\/\/kidsplay.lt\/lv\/wp-json\/wp\/v2\/product_brand?post=78556"},{"taxonomy":"product_cat","embeddable":true,"href":"https:\/\/kidsplay.lt\/lv\/wp-json\/wp\/v2\/product_cat?post=78556"},{"taxonomy":"product_tag","embeddable":true,"href":"https:\/\/kidsplay.lt\/lv\/wp-json\/wp\/v2\/product_tag?post=78556"}],"curies":[{"name":"wp","href":"https:\/\/api.w.org\/{rel}","templated":true}]}}