{"id":78606,"date":"2025-10-27T17:06:17","date_gmt":"2025-10-27T15:06:17","guid":{"rendered":"https:\/\/kidsplay.lt\/produktas\/woopie-star-dvivietes-supynes-zalios\/"},"modified":"2026-03-30T19:39:19","modified_gmt":"2026-03-30T16:39:19","slug":"woopie-star-dvivietes-supynes-zalios","status":"publish","type":"product","link":"https:\/\/kidsplay.lt\/lv\/products\/woopie-star-dvivietes-supynes-zalios\/","title":{"rendered":"WOOPIE STAR dubult\u0101s \u0161\u016bpoles, za\u013cas"},"content":{"rendered":"<p>Dvivietis\u00a0\u017ealios supyn\u0117s\u00a0mark\u0117s\u00a0Woopie\u00a0tai ne tik suteikia daug d\u017eiaugsmo, bet ir palaiko fizin\u012f vaik\u0173 vystym\u0105si. Skirta\u00a01\u20132 vaikai, puikiai tinka abiem\u00a0namuose, kaip ir\u00a0sode\u201e. Jo\u00a0ergonomi\u0161ka forma\u201epatogios s\u0117dyn\u0117s ir laikymo rankenos ilg\u0105 laik\u0105 garantuoja saug\u0173 ir patog\u0173 linksmum\u0105. Produktas pagamintas i\u0161\u00a0patvari, atspari oro s\u0105lygoms med\u017eiaga&#8217;, kuris puikiai toleruoja intensyv\u0173 i\u0161naudojim\u0105. Tai puiki alternatyva klasikiniams \u2013 svingams ir rokeriams, j\u016bs\u0173 vaikas gali \u017eaisti vienas arba poroje mokydamasis\u00a0bendradarbiavimas ir pusiausvyra\u201e. Lengvas dizainas leid\u017eia lengvai perkelti gamin\u012f bet kur. Intensyvi \u017ealia spalva, derinama su geltonais akcentais ir linksmu atspaudu priekyje, patraukia vaik\u0173 d\u0117mes\u012f ir skatina aktyviai \u017eaisti!\u00a0S\u016bpyn\u0117s ant \u0161ios s\u016bpyn\u0117s yra ne tik puiki pramoga, bet ir nat\u016bralios gimnastikos forma, turinti teigiamos \u012ftakos stambiosios motorikos, pusiausvyros ir motorin\u0117s koordinacijos ugdymui.<\/p>\n<p>Raksturojums:<\/p>\n<p> \t&#8211;\u00a0Dvivietis \u2013 rokeris 1 arba 2 vaikams vienu metu<br \/>\n \t&#8211;\u00a0Saugios rankenos\u00a0geresniam sukibimui ir stabilizavimui<br \/>\n \t&#8211;\u00a0Neslystan\u010dios s\u0117dyn\u0117s\u00a0maksimaliam komfortui<br \/>\n \t&#8211;\u00a0Patvari ir lengva konstrukcija\u00a0pagaminta i\u0161 oro s\u0105lygoms atsparios med\u017eiagos<br \/>\n \t&#8211;\u00a0Suapvalinti kra\u0161tai\u00a0\u2013 n\u0117ra a\u0161tri\u0173 element\u0173<br \/>\n \t&#8211;\u00a0Puikiai tinka namams ir sodui\u00a0\u2013 universalus naudojimas<br \/>\n \t&#8211;\u00a0Spalvingas dizainas\u00a0su vaikams pritaikytu spaudiniu<br \/>\n \t&#8211;\u00a0Stabilus pagrindas\u00a0\u012fgalinantis skland\u0173 si\u016bbavim\u0105<\/p>","protected":false},"excerpt":{"rendered":"<p>Dvivietis\u00a0\u017ealios supyn\u0117s\u00a0mark\u0117s\u00a0Woopie\u00a0tai ne tik suteikia daug d\u017eiaugsmo, bet ir palaiko fizin\u012f vaik\u0173 vystym\u0105si. Skirta\u00a01\u20132 vaikai, puikiai tinka abiem\u00a0namuose, kaip ir\u00a0sode\u201e.<\/p>","protected":false},"featured_media":78608,"template":"","meta":{"_acf_changed":false,"_glsr_average":0,"_glsr_ranking":0,"_glsr_reviews":0},"product_brand":[],"product_cat":[233,232],"product_tag":[],"class_list":{"0":"post-78606","1":"product","2":"type-product","3":"status-publish","4":"has-post-thumbnail","6":"product_cat-lauko-pramogos","7":"product_cat-supynes","8":"\"style=\"background-color: #2ecc711c;\"","10":"first","11":"outofstock","12":"purchasable","13":"product-type-simple"},"acf":[],"yoast_head":"<!-- This site is optimized with the Yoast SEO plugin v27.3 - https:\/\/yoast.com\/product\/yoast-seo-wordpress\/ -->\n<title>WOOPIE STAR Dviviet\u0117s supyn\u0117s \u017dalios<\/title>\n<meta name=\"description\" content=\"WOOPIE STAR Dviviet\u0117s supyn\u0117s \u017dalios - KidsPlay. Did\u017eiausias vaik\u0173 \u017eaisl\u0173 pasirinkimas.\" \/>\n<meta name=\"robots\" content=\"index, follow, max-snippet:-1, max-image-preview:large, max-video-preview:-1\" \/>\n<link rel=\"canonical\" href=\"https:\/\/kidsplay.lt\/lv\/products\/woopie-star-dvivietes-supynes-zalios\/\" \/>\n<meta property=\"og:locale\" content=\"lv_LV\" \/>\n<meta property=\"og:type\" content=\"article\" \/>\n<meta property=\"og:title\" content=\"WOOPIE STAR Dviviet\u0117s supyn\u0117s \u017dalios\" \/>\n<meta property=\"og:description\" content=\"WOOPIE STAR Dviviet\u0117s supyn\u0117s \u017dalios - KidsPlay. Did\u017eiausias vaik\u0173 \u017eaisl\u0173 pasirinkimas.\" \/>\n<meta property=\"og:url\" content=\"https:\/\/kidsplay.lt\/lv\/products\/woopie-star-dvivietes-supynes-zalios\/\" \/>\n<meta property=\"og:site_name\" content=\"KidsPlay\" \/>\n<meta property=\"article:publisher\" content=\"https:\/\/www.facebook.com\/www.kidsplay.lt\" \/>\n<meta property=\"article:modified_time\" content=\"2026-03-30T16:39:19+00:00\" \/>\n<meta property=\"og:image\" content=\"https:\/\/kidsplay.lt\/wp-content\/uploads\/2025\/10\/WOOPIE-STAR-Dvivietes-supynes-Zalios.jpg\" \/>\n\t<meta property=\"og:image:width\" content=\"2560\" \/>\n\t<meta property=\"og:image:height\" content=\"2560\" \/>\n\t<meta property=\"og:image:type\" content=\"image\/jpeg\" \/>\n<meta name=\"twitter:card\" content=\"summary_large_image\" \/>\n<meta name=\"twitter:label1\" content=\"Est. reading time\" \/>\n\t<meta name=\"twitter:data1\" content=\"1 min\u016bte\" \/>\n<script type=\"application\/ld+json\" class=\"yoast-schema-graph\">{\"@context\":\"https:\\\/\\\/schema.org\",\"@graph\":[{\"@type\":\"WebPage\",\"@id\":\"https:\\\/\\\/kidsplay.lt\\\/produktas\\\/woopie-star-dvivietes-supynes-zalios\\\/\",\"url\":\"https:\\\/\\\/kidsplay.lt\\\/produktas\\\/woopie-star-dvivietes-supynes-zalios\\\/\",\"name\":\"WOOPIE STAR Dviviet\u0117s supyn\u0117s \u017dalios\",\"isPartOf\":{\"@id\":\"https:\\\/\\\/kidsplay.lt\\\/#website\"},\"primaryImageOfPage\":{\"@id\":\"https:\\\/\\\/kidsplay.lt\\\/produktas\\\/woopie-star-dvivietes-supynes-zalios\\\/#primaryimage\"},\"image\":{\"@id\":\"https:\\\/\\\/kidsplay.lt\\\/produktas\\\/woopie-star-dvivietes-supynes-zalios\\\/#primaryimage\"},\"thumbnailUrl\":\"https:\\\/\\\/kidsplay.lt\\\/wp-content\\\/uploads\\\/2025\\\/10\\\/WOOPIE-STAR-Dvivietes-supynes-Zalios.jpg\",\"datePublished\":\"2025-10-27T15:06:17+00:00\",\"dateModified\":\"2026-03-30T16:39:19+00:00\",\"description\":\"WOOPIE STAR Dviviet\u0117s supyn\u0117s \u017dalios - KidsPlay. Did\u017eiausias vaik\u0173 \u017eaisl\u0173 pasirinkimas.\",\"breadcrumb\":{\"@id\":\"https:\\\/\\\/kidsplay.lt\\\/produktas\\\/woopie-star-dvivietes-supynes-zalios\\\/#breadcrumb\"},\"inLanguage\":\"lv-LV\",\"potentialAction\":[{\"@type\":\"ReadAction\",\"target\":[\"https:\\\/\\\/kidsplay.lt\\\/produktas\\\/woopie-star-dvivietes-supynes-zalios\\\/\"]}]},{\"@type\":\"ImageObject\",\"inLanguage\":\"lv-LV\",\"@id\":\"https:\\\/\\\/kidsplay.lt\\\/produktas\\\/woopie-star-dvivietes-supynes-zalios\\\/#primaryimage\",\"url\":\"https:\\\/\\\/kidsplay.lt\\\/wp-content\\\/uploads\\\/2025\\\/10\\\/WOOPIE-STAR-Dvivietes-supynes-Zalios.jpg\",\"contentUrl\":\"https:\\\/\\\/kidsplay.lt\\\/wp-content\\\/uploads\\\/2025\\\/10\\\/WOOPIE-STAR-Dvivietes-supynes-Zalios.jpg\",\"width\":2560,\"height\":2560,\"caption\":\"WOOPIE STAR Dviviet\u0117s supyn\u0117s \u017dalios\"},{\"@type\":\"BreadcrumbList\",\"@id\":\"https:\\\/\\\/kidsplay.lt\\\/produktas\\\/woopie-star-dvivietes-supynes-zalios\\\/#breadcrumb\",\"itemListElement\":[{\"@type\":\"ListItem\",\"position\":1,\"name\":\"Pagrindinis\",\"item\":\"https:\\\/\\\/kidsplay.lt\\\/\"},{\"@type\":\"ListItem\",\"position\":2,\"name\":\"Parduotuv\u0117\",\"item\":\"https:\\\/\\\/kidsplay.lt\\\/parduotuve\\\/\"},{\"@type\":\"ListItem\",\"position\":3,\"name\":\"WOOPIE STAR Dviviet\u0117s supyn\u0117s \u017dalios\"}]},{\"@type\":\"WebSite\",\"@id\":\"https:\\\/\\\/kidsplay.lt\\\/#website\",\"url\":\"https:\\\/\\\/kidsplay.lt\\\/\",\"name\":\"Kidsplay.lt\",\"description\":\"\u012evairios prek\u0117s vaikams\",\"publisher\":{\"@id\":\"https:\\\/\\\/kidsplay.lt\\\/#organization\"},\"alternateName\":\"Kidsplay\",\"potentialAction\":[{\"@type\":\"SearchAction\",\"target\":{\"@type\":\"EntryPoint\",\"urlTemplate\":\"https:\\\/\\\/kidsplay.lt\\\/?s={search_term_string}\"},\"query-input\":{\"@type\":\"PropertyValueSpecification\",\"valueRequired\":true,\"valueName\":\"search_term_string\"}}],\"inLanguage\":\"lv-LV\"},{\"@type\":\"Organization\",\"@id\":\"https:\\\/\\\/kidsplay.lt\\\/#organization\",\"name\":\"KidsPlay\",\"url\":\"https:\\\/\\\/kidsplay.lt\\\/\",\"logo\":{\"@type\":\"ImageObject\",\"inLanguage\":\"lv-LV\",\"@id\":\"https:\\\/\\\/kidsplay.lt\\\/#\\\/schema\\\/logo\\\/image\\\/\",\"url\":\"https:\\\/\\\/kidsplay.lt\\\/wp-content\\\/uploads\\\/2023\\\/07\\\/kidsplay-logo.png\",\"contentUrl\":\"https:\\\/\\\/kidsplay.lt\\\/wp-content\\\/uploads\\\/2023\\\/07\\\/kidsplay-logo.png\",\"width\":451,\"height\":98,\"caption\":\"KidsPlay\"},\"image\":{\"@id\":\"https:\\\/\\\/kidsplay.lt\\\/#\\\/schema\\\/logo\\\/image\\\/\"},\"sameAs\":[\"https:\\\/\\\/www.facebook.com\\\/www.kidsplay.lt\"]}]}<\/script>\n<!-- \/ Yoast SEO plugin. -->","yoast_head_json":{"title":"WOOPIE STAR dubult\u0101s \u0161\u016bpoles, za\u013cas","description":"WOOPIE STAR Dviviet\u0117s supyn\u0117s \u017dalios - KidsPlay. Did\u017eiausias vaik\u0173 \u017eaisl\u0173 pasirinkimas.","robots":{"index":"index","follow":"follow","max-snippet":"max-snippet:-1","max-image-preview":"max-image-preview:large","max-video-preview":"max-video-preview:-1"},"canonical":"https:\/\/kidsplay.lt\/lv\/products\/woopie-star-dvivietes-supynes-zalios\/","og_locale":"lv_LV","og_type":"article","og_title":"WOOPIE STAR Dviviet\u0117s supyn\u0117s \u017dalios","og_description":"WOOPIE STAR Dviviet\u0117s supyn\u0117s \u017dalios - KidsPlay. Did\u017eiausias vaik\u0173 \u017eaisl\u0173 pasirinkimas.","og_url":"https:\/\/kidsplay.lt\/lv\/products\/woopie-star-dvivietes-supynes-zalios\/","og_site_name":"KidsPlay","article_publisher":"https:\/\/www.facebook.com\/www.kidsplay.lt","article_modified_time":"2026-03-30T16:39:19+00:00","og_image":[{"width":2560,"height":2560,"url":"https:\/\/kidsplay.lt\/wp-content\/uploads\/2025\/10\/WOOPIE-STAR-Dvivietes-supynes-Zalios.jpg","type":"image\/jpeg"}],"twitter_card":"summary_large_image","twitter_misc":{"Est. reading time":"1 min\u016bte"},"schema":{"@context":"https:\/\/schema.org","@graph":[{"@type":"WebPage","@id":"https:\/\/kidsplay.lt\/produktas\/woopie-star-dvivietes-supynes-zalios\/","url":"https:\/\/kidsplay.lt\/produktas\/woopie-star-dvivietes-supynes-zalios\/","name":"WOOPIE STAR dubult\u0101s \u0161\u016bpoles, za\u013cas","isPartOf":{"@id":"https:\/\/kidsplay.lt\/#website"},"primaryImageOfPage":{"@id":"https:\/\/kidsplay.lt\/produktas\/woopie-star-dvivietes-supynes-zalios\/#primaryimage"},"image":{"@id":"https:\/\/kidsplay.lt\/produktas\/woopie-star-dvivietes-supynes-zalios\/#primaryimage"},"thumbnailUrl":"https:\/\/kidsplay.lt\/wp-content\/uploads\/2025\/10\/WOOPIE-STAR-Dvivietes-supynes-Zalios.jpg","datePublished":"2025-10-27T15:06:17+00:00","dateModified":"2026-03-30T16:39:19+00:00","description":"WOOPIE STAR Dviviet\u0117s supyn\u0117s \u017dalios - KidsPlay. Did\u017eiausias vaik\u0173 \u017eaisl\u0173 pasirinkimas.","breadcrumb":{"@id":"https:\/\/kidsplay.lt\/produktas\/woopie-star-dvivietes-supynes-zalios\/#breadcrumb"},"inLanguage":"lv-LV","potentialAction":[{"@type":"ReadAction","target":["https:\/\/kidsplay.lt\/produktas\/woopie-star-dvivietes-supynes-zalios\/"]}]},{"@type":"ImageObject","inLanguage":"lv-LV","@id":"https:\/\/kidsplay.lt\/produktas\/woopie-star-dvivietes-supynes-zalios\/#primaryimage","url":"https:\/\/kidsplay.lt\/wp-content\/uploads\/2025\/10\/WOOPIE-STAR-Dvivietes-supynes-Zalios.jpg","contentUrl":"https:\/\/kidsplay.lt\/wp-content\/uploads\/2025\/10\/WOOPIE-STAR-Dvivietes-supynes-Zalios.jpg","width":2560,"height":2560,"caption":"WOOPIE STAR Dviviet\u0117s supyn\u0117s \u017dalios"},{"@type":"BreadcrumbList","@id":"https:\/\/kidsplay.lt\/produktas\/woopie-star-dvivietes-supynes-zalios\/#breadcrumb","itemListElement":[{"@type":"ListItem","position":1,"name":"Pagrindinis","item":"https:\/\/kidsplay.lt\/"},{"@type":"ListItem","position":2,"name":"Parduotuv\u0117","item":"https:\/\/kidsplay.lt\/parduotuve\/"},{"@type":"ListItem","position":3,"name":"WOOPIE STAR Dviviet\u0117s supyn\u0117s \u017dalios"}]},{"@type":"WebSite","@id":"https:\/\/kidsplay.lt\/#website","url":"https:\/\/kidsplay.lt\/","name":"B\u0113rnu sp\u0113les.lv","description":"\u012evairios prek\u0117s vaikams","publisher":{"@id":"https:\/\/kidsplay.lt\/#organization"},"alternateName":"Kidsplay","potentialAction":[{"@type":"SearchAction","target":{"@type":"EntryPoint","urlTemplate":"https:\/\/kidsplay.lt\/?s={search_term_string}"},"query-input":{"@type":"PropertyValueSpecification","valueRequired":true,"valueName":"search_term_string"}}],"inLanguage":"lv-LV"},{"@type":"Organization","@id":"https:\/\/kidsplay.lt\/#organization","name":"B\u0113rnu sp\u0113le","url":"https:\/\/kidsplay.lt\/","logo":{"@type":"ImageObject","inLanguage":"lv-LV","@id":"https:\/\/kidsplay.lt\/#\/schema\/logo\/image\/","url":"https:\/\/kidsplay.lt\/wp-content\/uploads\/2023\/07\/kidsplay-logo.png","contentUrl":"https:\/\/kidsplay.lt\/wp-content\/uploads\/2023\/07\/kidsplay-logo.png","width":451,"height":98,"caption":"KidsPlay"},"image":{"@id":"https:\/\/kidsplay.lt\/#\/schema\/logo\/image\/"},"sameAs":["https:\/\/www.facebook.com\/www.kidsplay.lt"]}]}},"_links":{"self":[{"href":"https:\/\/kidsplay.lt\/lv\/wp-json\/wp\/v2\/product\/78606","targetHints":{"allow":["GET"]}}],"collection":[{"href":"https:\/\/kidsplay.lt\/lv\/wp-json\/wp\/v2\/product"}],"about":[{"href":"https:\/\/kidsplay.lt\/lv\/wp-json\/wp\/v2\/types\/product"}],"version-history":[{"count":1,"href":"https:\/\/kidsplay.lt\/lv\/wp-json\/wp\/v2\/product\/78606\/revisions"}],"predecessor-version":[{"id":78607,"href":"https:\/\/kidsplay.lt\/lv\/wp-json\/wp\/v2\/product\/78606\/revisions\/78607"}],"wp:featuredmedia":[{"embeddable":true,"href":"https:\/\/kidsplay.lt\/lv\/wp-json\/wp\/v2\/media\/78608"}],"wp:attachment":[{"href":"https:\/\/kidsplay.lt\/lv\/wp-json\/wp\/v2\/media?parent=78606"}],"wp:term":[{"taxonomy":"product_brand","embeddable":true,"href":"https:\/\/kidsplay.lt\/lv\/wp-json\/wp\/v2\/product_brand?post=78606"},{"taxonomy":"product_cat","embeddable":true,"href":"https:\/\/kidsplay.lt\/lv\/wp-json\/wp\/v2\/product_cat?post=78606"},{"taxonomy":"product_tag","embeddable":true,"href":"https:\/\/kidsplay.lt\/lv\/wp-json\/wp\/v2\/product_tag?post=78606"}],"curies":[{"name":"wp","href":"https:\/\/api.w.org\/{rel}","templated":true}]}}