{"id":78626,"date":"2025-10-27T17:07:23","date_gmt":"2025-10-27T15:07:23","guid":{"rendered":"https:\/\/kidsplay.lt\/produktas\/woopie-mazosios-gelininkes-komplektas\/"},"modified":"2026-04-13T14:37:07","modified_gmt":"2026-04-13T11:37:07","slug":"woopie-mazosios-gelininkes-komplektas","status":"publish","type":"product","link":"https:\/\/kidsplay.lt\/lv\/products\/woopie-mazosios-gelininkes-komplektas\/","title":{"rendered":"WOOPIE mazais floristu komplekts"},"content":{"rendered":"<p>Spalvingas Ma\u017eas Sodininkas Komplektas su vienaragio motyvu\u00a0i\u0161 Mark\u00a0Woopie\u00a0tai puikus b\u016bdas paskatinti vaikus k\u016brybi\u0161kai \u017eaisti lauke. Prakti\u0161k\u0173 ir saugi\u0173 priemoni\u0173 d\u0117ka ma\u017ei vaikai\u00a0jie gali sodinti augalus,\u00a0pasir\u016bpinkite savo ma\u017euoju sodu\u00a0ir\u00a0atraskite gamtos paslaptis\u201e. Spalvinga prijuost\u0117 su \u017eaviu vienaragio ra\u0161tu apsaugo drabu\u017eius ir daro vaik\u0105 dar labiau norint\u012f atlikti sodininko vaidmen\u012f. Komplektas taip pat puikiai tiks namuose, balkone, papl\u016bdimyje ar \u0161eimos kelioni\u0173 metu. Tai tobula dovana, nuo ma\u017eens lavinanti vaizduot\u0119, atsakomyb\u0119 ir meil\u0119 gamtai.<br \/>\nRaksturojums:<\/p>\n<p> \t&#8211; Vaikams nuo\u00a03 metai\u00a0gyvenimas<br \/>\n \t&#8211; Saug\u016bs ir lengvi \u012frankiai, pritaikyti ma\u017eoms rankoms<br \/>\n \t&#8211; Auk\u0161tos kokyb\u0117s plastikas, metalas ir mediena \u2013 patvarus ir draugi\u0161kas vaikams<br \/>\n \t&#8211; Spalvinga vienaragio tematikos prijuost\u0117 \u2013 apsauga ir linksmyb\u0117s viename<br \/>\n \t&#8211; \u012eranki\u0173 krep\u0161ys su skyriais leid\u017eia lengvai tvarkyti reikalus<br \/>\n \t&#8211; Daugiafunkcinis rinkinys \u2013 sodas, balkonas, sm\u0117lio d\u0117\u017e\u0117, papl\u016bdimys<br \/>\n \t&#8211; Ry\u0161kios pastelin\u0117s spalvos pritraukia d\u0117mes\u012f ir skatina \u017eaisti<\/p>\n<p>Komplekt\u0101 ietilpst:<\/p>\n<p> \t&#8211; Vienaragio tematikos sodininko prijuost\u0117<br \/>\n \t&#8211; \u012eranki\u0173 mai\u0161elis su ki\u0161en\u0117mis<br \/>\n \t&#8211; Apsaugin\u0117s pir\u0161tin\u0117s<br \/>\n \t&#8211; Sodininkyst\u0117s kastuvas<br \/>\n \t&#8211; Skopas<br \/>\n \t&#8211; Grabki<br \/>\n \t&#8211; Purk\u0161tuvas\/pur\u0161kimas<br \/>\n \t&#8211; 3 spalvingi puodai<br \/>\n \t&#8211; 6 augal\u0173 \u017eymekliai<br \/>\n \t&#8211; Augal\u0173 persodinimo kilim\u0117lis<br \/>\n \t&#8211; Vienaragio fig\u016br\u0117l\u0117<\/p>","protected":false},"excerpt":{"rendered":"<p>Spalvingas Ma\u017eas Sodininkas Komplektas su vienaragio motyvu\u00a0i\u0161 Mark\u00a0Woopie\u00a0tai puikus b\u016bdas paskatinti vaikus k\u016brybi\u0161kai \u017eaisti lauke. Prakti\u0161k\u0173 ir saugi\u0173 priemoni\u0173 d\u0117ka<\/p>","protected":false},"featured_media":78628,"template":"","meta":{"_acf_changed":false,"_glsr_average":0,"_glsr_ranking":0,"_glsr_reviews":0},"product_brand":[],"product_cat":[233,430],"product_tag":[],"class_list":{"0":"post-78626","1":"product","2":"type-product","3":"status-publish","4":"has-post-thumbnail","6":"product_cat-lauko-pramogos","7":"product_cat-zaidimai-ir-linksmybes","8":"\"style=\"background-color: #2ecc711c;\"","10":"first","11":"instock","12":"purchasable","13":"product-type-simple"},"acf":[],"yoast_head":"<!-- This site is optimized with the Yoast SEO plugin v27.4 - https:\/\/yoast.com\/product\/yoast-seo-wordpress\/ -->\n<title>WOOPIE Ma\u017eosios g\u0117linink\u0117s komplektas<\/title>\n<meta name=\"description\" content=\"WOOPIE Ma\u017eosios g\u0117linink\u0117s komplektas - KidsPlay. Did\u017eiausias vaik\u0173 \u017eaisl\u0173 pasirinkimas.\" \/>\n<meta name=\"robots\" content=\"index, follow, max-snippet:-1, max-image-preview:large, max-video-preview:-1\" \/>\n<link rel=\"canonical\" href=\"https:\/\/kidsplay.lt\/lv\/products\/woopie-mazosios-gelininkes-komplektas\/\" \/>\n<meta property=\"og:locale\" content=\"lv_LV\" \/>\n<meta property=\"og:type\" content=\"article\" \/>\n<meta property=\"og:title\" content=\"WOOPIE Ma\u017eosios g\u0117linink\u0117s komplektas\" \/>\n<meta property=\"og:description\" content=\"WOOPIE Ma\u017eosios g\u0117linink\u0117s komplektas - KidsPlay. Did\u017eiausias vaik\u0173 \u017eaisl\u0173 pasirinkimas.\" \/>\n<meta property=\"og:url\" content=\"https:\/\/kidsplay.lt\/lv\/products\/woopie-mazosios-gelininkes-komplektas\/\" \/>\n<meta property=\"og:site_name\" content=\"KidsPlay\" \/>\n<meta property=\"article:publisher\" content=\"https:\/\/www.facebook.com\/www.kidsplay.lt\" \/>\n<meta property=\"article:modified_time\" content=\"2026-04-13T11:37:07+00:00\" \/>\n<meta property=\"og:image\" content=\"https:\/\/kidsplay.lt\/wp-content\/uploads\/2025\/10\/WOOPIE-Mazosios-gelininkes-komplektas.jpg\" \/>\n\t<meta property=\"og:image:width\" content=\"1000\" \/>\n\t<meta property=\"og:image:height\" content=\"1000\" \/>\n\t<meta property=\"og:image:type\" content=\"image\/jpeg\" \/>\n<meta name=\"twitter:card\" content=\"summary_large_image\" \/>\n<meta name=\"twitter:label1\" content=\"Est. reading time\" \/>\n\t<meta name=\"twitter:data1\" content=\"1 min\u016bte\" \/>\n<script type=\"application\/ld+json\" class=\"yoast-schema-graph\">{\"@context\":\"https:\\\/\\\/schema.org\",\"@graph\":[{\"@type\":\"WebPage\",\"@id\":\"https:\\\/\\\/kidsplay.lt\\\/produktas\\\/woopie-mazosios-gelininkes-komplektas\\\/\",\"url\":\"https:\\\/\\\/kidsplay.lt\\\/produktas\\\/woopie-mazosios-gelininkes-komplektas\\\/\",\"name\":\"WOOPIE Ma\u017eosios g\u0117linink\u0117s komplektas\",\"isPartOf\":{\"@id\":\"https:\\\/\\\/kidsplay.lt\\\/#website\"},\"primaryImageOfPage\":{\"@id\":\"https:\\\/\\\/kidsplay.lt\\\/produktas\\\/woopie-mazosios-gelininkes-komplektas\\\/#primaryimage\"},\"image\":{\"@id\":\"https:\\\/\\\/kidsplay.lt\\\/produktas\\\/woopie-mazosios-gelininkes-komplektas\\\/#primaryimage\"},\"thumbnailUrl\":\"https:\\\/\\\/kidsplay.lt\\\/wp-content\\\/uploads\\\/2025\\\/10\\\/WOOPIE-Mazosios-gelininkes-komplektas.jpg\",\"datePublished\":\"2025-10-27T15:07:23+00:00\",\"dateModified\":\"2026-04-13T11:37:07+00:00\",\"description\":\"WOOPIE Ma\u017eosios g\u0117linink\u0117s komplektas - KidsPlay. Did\u017eiausias vaik\u0173 \u017eaisl\u0173 pasirinkimas.\",\"breadcrumb\":{\"@id\":\"https:\\\/\\\/kidsplay.lt\\\/produktas\\\/woopie-mazosios-gelininkes-komplektas\\\/#breadcrumb\"},\"inLanguage\":\"lv-LV\",\"potentialAction\":[{\"@type\":\"ReadAction\",\"target\":[\"https:\\\/\\\/kidsplay.lt\\\/produktas\\\/woopie-mazosios-gelininkes-komplektas\\\/\"]}]},{\"@type\":\"ImageObject\",\"inLanguage\":\"lv-LV\",\"@id\":\"https:\\\/\\\/kidsplay.lt\\\/produktas\\\/woopie-mazosios-gelininkes-komplektas\\\/#primaryimage\",\"url\":\"https:\\\/\\\/kidsplay.lt\\\/wp-content\\\/uploads\\\/2025\\\/10\\\/WOOPIE-Mazosios-gelininkes-komplektas.jpg\",\"contentUrl\":\"https:\\\/\\\/kidsplay.lt\\\/wp-content\\\/uploads\\\/2025\\\/10\\\/WOOPIE-Mazosios-gelininkes-komplektas.jpg\",\"width\":1000,\"height\":1000,\"caption\":\"WOOPIE Ma\u017eosios g\u0117linink\u0117s komplektas\"},{\"@type\":\"BreadcrumbList\",\"@id\":\"https:\\\/\\\/kidsplay.lt\\\/produktas\\\/woopie-mazosios-gelininkes-komplektas\\\/#breadcrumb\",\"itemListElement\":[{\"@type\":\"ListItem\",\"position\":1,\"name\":\"Pagrindinis\",\"item\":\"https:\\\/\\\/kidsplay.lt\\\/\"},{\"@type\":\"ListItem\",\"position\":2,\"name\":\"Parduotuv\u0117\",\"item\":\"https:\\\/\\\/kidsplay.lt\\\/parduotuve\\\/\"},{\"@type\":\"ListItem\",\"position\":3,\"name\":\"WOOPIE Ma\u017eosios g\u0117linink\u0117s komplektas\"}]},{\"@type\":\"WebSite\",\"@id\":\"https:\\\/\\\/kidsplay.lt\\\/#website\",\"url\":\"https:\\\/\\\/kidsplay.lt\\\/\",\"name\":\"Kidsplay.lt\",\"description\":\"\u012evairios prek\u0117s vaikams\",\"publisher\":{\"@id\":\"https:\\\/\\\/kidsplay.lt\\\/#organization\"},\"alternateName\":\"Kidsplay\",\"potentialAction\":[{\"@type\":\"SearchAction\",\"target\":{\"@type\":\"EntryPoint\",\"urlTemplate\":\"https:\\\/\\\/kidsplay.lt\\\/?s={search_term_string}\"},\"query-input\":{\"@type\":\"PropertyValueSpecification\",\"valueRequired\":true,\"valueName\":\"search_term_string\"}}],\"inLanguage\":\"lv-LV\"},{\"@type\":\"Organization\",\"@id\":\"https:\\\/\\\/kidsplay.lt\\\/#organization\",\"name\":\"KidsPlay\",\"url\":\"https:\\\/\\\/kidsplay.lt\\\/\",\"logo\":{\"@type\":\"ImageObject\",\"inLanguage\":\"lv-LV\",\"@id\":\"https:\\\/\\\/kidsplay.lt\\\/#\\\/schema\\\/logo\\\/image\\\/\",\"url\":\"https:\\\/\\\/kidsplay.lt\\\/wp-content\\\/uploads\\\/2023\\\/07\\\/kidsplay-logo.png\",\"contentUrl\":\"https:\\\/\\\/kidsplay.lt\\\/wp-content\\\/uploads\\\/2023\\\/07\\\/kidsplay-logo.png\",\"width\":451,\"height\":98,\"caption\":\"KidsPlay\"},\"image\":{\"@id\":\"https:\\\/\\\/kidsplay.lt\\\/#\\\/schema\\\/logo\\\/image\\\/\"},\"sameAs\":[\"https:\\\/\\\/www.facebook.com\\\/www.kidsplay.lt\"]}]}<\/script>\n<!-- \/ Yoast SEO plugin. -->","yoast_head_json":{"title":"WOOPIE mazais floristu komplekts","description":"WOOPIE Ma\u017eosios g\u0117linink\u0117s komplektas - KidsPlay. Did\u017eiausias vaik\u0173 \u017eaisl\u0173 pasirinkimas.","robots":{"index":"index","follow":"follow","max-snippet":"max-snippet:-1","max-image-preview":"max-image-preview:large","max-video-preview":"max-video-preview:-1"},"canonical":"https:\/\/kidsplay.lt\/lv\/products\/woopie-mazosios-gelininkes-komplektas\/","og_locale":"lv_LV","og_type":"article","og_title":"WOOPIE Ma\u017eosios g\u0117linink\u0117s komplektas","og_description":"WOOPIE Ma\u017eosios g\u0117linink\u0117s komplektas - KidsPlay. Did\u017eiausias vaik\u0173 \u017eaisl\u0173 pasirinkimas.","og_url":"https:\/\/kidsplay.lt\/lv\/products\/woopie-mazosios-gelininkes-komplektas\/","og_site_name":"KidsPlay","article_publisher":"https:\/\/www.facebook.com\/www.kidsplay.lt","article_modified_time":"2026-04-13T11:37:07+00:00","og_image":[{"width":1000,"height":1000,"url":"https:\/\/kidsplay.lt\/wp-content\/uploads\/2025\/10\/WOOPIE-Mazosios-gelininkes-komplektas.jpg","type":"image\/jpeg"}],"twitter_card":"summary_large_image","twitter_misc":{"Est. reading time":"1 min\u016bte"},"schema":{"@context":"https:\/\/schema.org","@graph":[{"@type":"WebPage","@id":"https:\/\/kidsplay.lt\/produktas\/woopie-mazosios-gelininkes-komplektas\/","url":"https:\/\/kidsplay.lt\/produktas\/woopie-mazosios-gelininkes-komplektas\/","name":"WOOPIE mazais floristu komplekts","isPartOf":{"@id":"https:\/\/kidsplay.lt\/#website"},"primaryImageOfPage":{"@id":"https:\/\/kidsplay.lt\/produktas\/woopie-mazosios-gelininkes-komplektas\/#primaryimage"},"image":{"@id":"https:\/\/kidsplay.lt\/produktas\/woopie-mazosios-gelininkes-komplektas\/#primaryimage"},"thumbnailUrl":"https:\/\/kidsplay.lt\/wp-content\/uploads\/2025\/10\/WOOPIE-Mazosios-gelininkes-komplektas.jpg","datePublished":"2025-10-27T15:07:23+00:00","dateModified":"2026-04-13T11:37:07+00:00","description":"WOOPIE Ma\u017eosios g\u0117linink\u0117s komplektas - KidsPlay. Did\u017eiausias vaik\u0173 \u017eaisl\u0173 pasirinkimas.","breadcrumb":{"@id":"https:\/\/kidsplay.lt\/produktas\/woopie-mazosios-gelininkes-komplektas\/#breadcrumb"},"inLanguage":"lv-LV","potentialAction":[{"@type":"ReadAction","target":["https:\/\/kidsplay.lt\/produktas\/woopie-mazosios-gelininkes-komplektas\/"]}]},{"@type":"ImageObject","inLanguage":"lv-LV","@id":"https:\/\/kidsplay.lt\/produktas\/woopie-mazosios-gelininkes-komplektas\/#primaryimage","url":"https:\/\/kidsplay.lt\/wp-content\/uploads\/2025\/10\/WOOPIE-Mazosios-gelininkes-komplektas.jpg","contentUrl":"https:\/\/kidsplay.lt\/wp-content\/uploads\/2025\/10\/WOOPIE-Mazosios-gelininkes-komplektas.jpg","width":1000,"height":1000,"caption":"WOOPIE Ma\u017eosios g\u0117linink\u0117s komplektas"},{"@type":"BreadcrumbList","@id":"https:\/\/kidsplay.lt\/produktas\/woopie-mazosios-gelininkes-komplektas\/#breadcrumb","itemListElement":[{"@type":"ListItem","position":1,"name":"Pagrindinis","item":"https:\/\/kidsplay.lt\/"},{"@type":"ListItem","position":2,"name":"Parduotuv\u0117","item":"https:\/\/kidsplay.lt\/parduotuve\/"},{"@type":"ListItem","position":3,"name":"WOOPIE Ma\u017eosios g\u0117linink\u0117s komplektas"}]},{"@type":"WebSite","@id":"https:\/\/kidsplay.lt\/#website","url":"https:\/\/kidsplay.lt\/","name":"B\u0113rnu sp\u0113les.lv","description":"\u012evairios prek\u0117s vaikams","publisher":{"@id":"https:\/\/kidsplay.lt\/#organization"},"alternateName":"Kidsplay","potentialAction":[{"@type":"SearchAction","target":{"@type":"EntryPoint","urlTemplate":"https:\/\/kidsplay.lt\/?s={search_term_string}"},"query-input":{"@type":"PropertyValueSpecification","valueRequired":true,"valueName":"search_term_string"}}],"inLanguage":"lv-LV"},{"@type":"Organization","@id":"https:\/\/kidsplay.lt\/#organization","name":"B\u0113rnu sp\u0113le","url":"https:\/\/kidsplay.lt\/","logo":{"@type":"ImageObject","inLanguage":"lv-LV","@id":"https:\/\/kidsplay.lt\/#\/schema\/logo\/image\/","url":"https:\/\/kidsplay.lt\/wp-content\/uploads\/2023\/07\/kidsplay-logo.png","contentUrl":"https:\/\/kidsplay.lt\/wp-content\/uploads\/2023\/07\/kidsplay-logo.png","width":451,"height":98,"caption":"KidsPlay"},"image":{"@id":"https:\/\/kidsplay.lt\/#\/schema\/logo\/image\/"},"sameAs":["https:\/\/www.facebook.com\/www.kidsplay.lt"]}]}},"_links":{"self":[{"href":"https:\/\/kidsplay.lt\/lv\/wp-json\/wp\/v2\/product\/78626","targetHints":{"allow":["GET"]}}],"collection":[{"href":"https:\/\/kidsplay.lt\/lv\/wp-json\/wp\/v2\/product"}],"about":[{"href":"https:\/\/kidsplay.lt\/lv\/wp-json\/wp\/v2\/types\/product"}],"version-history":[{"count":1,"href":"https:\/\/kidsplay.lt\/lv\/wp-json\/wp\/v2\/product\/78626\/revisions"}],"predecessor-version":[{"id":78627,"href":"https:\/\/kidsplay.lt\/lv\/wp-json\/wp\/v2\/product\/78626\/revisions\/78627"}],"wp:featuredmedia":[{"embeddable":true,"href":"https:\/\/kidsplay.lt\/lv\/wp-json\/wp\/v2\/media\/78628"}],"wp:attachment":[{"href":"https:\/\/kidsplay.lt\/lv\/wp-json\/wp\/v2\/media?parent=78626"}],"wp:term":[{"taxonomy":"product_brand","embeddable":true,"href":"https:\/\/kidsplay.lt\/lv\/wp-json\/wp\/v2\/product_brand?post=78626"},{"taxonomy":"product_cat","embeddable":true,"href":"https:\/\/kidsplay.lt\/lv\/wp-json\/wp\/v2\/product_cat?post=78626"},{"taxonomy":"product_tag","embeddable":true,"href":"https:\/\/kidsplay.lt\/lv\/wp-json\/wp\/v2\/product_tag?post=78626"}],"curies":[{"name":"wp","href":"https:\/\/api.w.org\/{rel}","templated":true}]}}