{"id":78631,"date":"2025-10-27T17:07:38","date_gmt":"2025-10-27T15:07:38","guid":{"rendered":"https:\/\/kidsplay.lt\/produktas\/woopie-mazojo-gelininko-komplektas\/"},"modified":"2026-04-07T10:16:22","modified_gmt":"2026-04-07T07:16:22","slug":"woopie-mazojo-gelininko-komplektas","status":"publish","type":"product","link":"https:\/\/kidsplay.lt\/lv\/products\/woopie-mazojo-gelininko-komplektas\/","title":{"rendered":"WOOPIE mazais floristu komplekts"},"content":{"rendered":"<p>Spalvingas Ma\u017eas Sodininkas Rinkinys\u00a0i\u0161\u00a0Woopie prek\u0117s \u017eenklai\u00a0tai idealus pasi\u016blymas vaikams i\u0161\u00a03 met\u0173 am\u017eiaus, kurie nori jaustis tikrais ma\u017eais sodininkais. A\u010di\u016b\u00a0saugus\u00a0ir\u00a0\u0161viesos \u012frankiai\u00a0ma\u017ei vaikai gali\u00a0augalas, vanduo\u00a0ir\u00a0prie\u017ei\u016bros augalai\u00a0in\u00a0sodas, balkone\u00a0ar\u00a0net papl\u016bdimyje.\u00a0Linksma prijuost\u0117 su dinozauro motyvu linksmybes padarys dar \u012fdomesnes ir k\u016brybi\u0161kesnes. Tai puikus b\u016bdas suderinti mokym\u0105si su linksmyb\u0117mis ir laiko praleidimu lauke. Nustatyti i\u0161ple\u010dia\u00a0vaizduot\u0117, atsakomyb\u0117\u00a0ir\u00a0jis moko sodininkyst\u0117s pagrindus d\u017eiaugsminga forma\u00a0linksmyb\u0117s.<\/p>\n<p>Raksturojums:<\/p>\n<p> \t&#8211; Vaikams nuo\u00a03 metai\u00a0gyvenimas<br \/>\n \t&#8211; Rinkinys i\u0161 metalo ir plastiko \u2013 patvarus ir saugus<br \/>\n \t&#8211; \u012erankiai su u\u017eapvalintais kra\u0161tais, pritaikyti ma\u017eoms rankyt\u0117ms<br \/>\n \t&#8211; Linksma dinozaur\u0173 tematikos prijuost\u0117 \u2013 apsauga ir linksmyb\u0117s viename<br \/>\n \t&#8211; Spalvingi gabalai atkreipia j\u016bs\u0173 k\u016bdikio d\u0117mes\u012f<br \/>\n \t&#8211; Galimyb\u0117 \u017eaisti sode, balkone, sm\u0117lio d\u0117\u017e\u0117je ir papl\u016bdimyje<\/p>\n<p>Komplekt\u0101 ietilpst:<\/p>\n<p> \t&#8211; G\u0117l\u0117s formos laistytuvas<br \/>\n \t&#8211; Sodo pir\u0161tin\u0117s<br \/>\n \t&#8211; Pir\u0161tin\u0117s<br \/>\n \t&#8211; Skopas<br \/>\n \t&#8211; Gr\u0117blys<br \/>\n \t&#8211; 2 vazonai oran\u017ein\u0117s ir geltonos spalvos<br \/>\n \t&#8211; Spalvingos augal\u0173 \u017eym\u0117s<br \/>\n \t&#8211; \u012eranki\u0173 mai\u0161elis<br \/>\n \t&#8211; Apsaugin\u0117 prijuost\u0117 su dinozaurais<\/p>","protected":false},"excerpt":{"rendered":"<p>Spalvingas Ma\u017eas Sodininkas Rinkinys\u00a0i\u0161\u00a0Woopie prek\u0117s \u017eenklai\u00a0tai idealus pasi\u016blymas vaikams i\u0161\u00a03 met\u0173 am\u017eiaus, kurie nori jaustis tikrais ma\u017eais sodininkais. A\u010di\u016b\u00a0saugus\u00a0ir\u00a0\u0161viesos \u012frankiai\u00a0ma\u017ei<\/p>","protected":false},"featured_media":78633,"template":"","meta":{"_acf_changed":false,"_glsr_average":0,"_glsr_ranking":0,"_glsr_reviews":0},"product_brand":[],"product_cat":[233,430],"product_tag":[],"class_list":{"0":"post-78631","1":"product","2":"type-product","3":"status-publish","4":"has-post-thumbnail","6":"product_cat-lauko-pramogos","7":"product_cat-zaidimai-ir-linksmybes","8":"\"style=\"background-color: #2ecc711c;\"","10":"first","11":"instock","12":"purchasable","13":"product-type-simple"},"acf":[],"yoast_head":"<!-- This site is optimized with the Yoast SEO plugin v27.3 - https:\/\/yoast.com\/product\/yoast-seo-wordpress\/ -->\n<title>WOOPIE Ma\u017eojo g\u0117lininko komplektas<\/title>\n<meta name=\"description\" content=\"WOOPIE Ma\u017eojo g\u0117lininko komplektas - KidsPlay. Did\u017eiausias vaik\u0173 \u017eaisl\u0173 pasirinkimas.\" \/>\n<meta name=\"robots\" content=\"index, follow, max-snippet:-1, max-image-preview:large, max-video-preview:-1\" \/>\n<link rel=\"canonical\" href=\"https:\/\/kidsplay.lt\/lv\/products\/woopie-mazojo-gelininko-komplektas\/\" \/>\n<meta property=\"og:locale\" content=\"lv_LV\" \/>\n<meta property=\"og:type\" content=\"article\" \/>\n<meta property=\"og:title\" content=\"WOOPIE Ma\u017eojo g\u0117lininko komplektas\" \/>\n<meta property=\"og:description\" content=\"WOOPIE Ma\u017eojo g\u0117lininko komplektas - KidsPlay. Did\u017eiausias vaik\u0173 \u017eaisl\u0173 pasirinkimas.\" \/>\n<meta property=\"og:url\" content=\"https:\/\/kidsplay.lt\/lv\/products\/woopie-mazojo-gelininko-komplektas\/\" \/>\n<meta property=\"og:site_name\" content=\"KidsPlay\" \/>\n<meta property=\"article:publisher\" content=\"https:\/\/www.facebook.com\/www.kidsplay.lt\" \/>\n<meta property=\"article:modified_time\" content=\"2026-04-07T07:16:22+00:00\" \/>\n<meta property=\"og:image\" content=\"https:\/\/kidsplay.lt\/wp-content\/uploads\/2025\/10\/WOOPIE-Mazojo-gelininko-komplektas.jpg\" \/>\n\t<meta property=\"og:image:width\" content=\"1000\" \/>\n\t<meta property=\"og:image:height\" content=\"1000\" \/>\n\t<meta property=\"og:image:type\" content=\"image\/jpeg\" \/>\n<meta name=\"twitter:card\" content=\"summary_large_image\" \/>\n<meta name=\"twitter:label1\" content=\"Est. reading time\" \/>\n\t<meta name=\"twitter:data1\" content=\"1 min\u016bte\" \/>\n<script type=\"application\/ld+json\" class=\"yoast-schema-graph\">{\"@context\":\"https:\\\/\\\/schema.org\",\"@graph\":[{\"@type\":\"WebPage\",\"@id\":\"https:\\\/\\\/kidsplay.lt\\\/produktas\\\/woopie-mazojo-gelininko-komplektas\\\/\",\"url\":\"https:\\\/\\\/kidsplay.lt\\\/produktas\\\/woopie-mazojo-gelininko-komplektas\\\/\",\"name\":\"WOOPIE Ma\u017eojo g\u0117lininko komplektas\",\"isPartOf\":{\"@id\":\"https:\\\/\\\/kidsplay.lt\\\/#website\"},\"primaryImageOfPage\":{\"@id\":\"https:\\\/\\\/kidsplay.lt\\\/produktas\\\/woopie-mazojo-gelininko-komplektas\\\/#primaryimage\"},\"image\":{\"@id\":\"https:\\\/\\\/kidsplay.lt\\\/produktas\\\/woopie-mazojo-gelininko-komplektas\\\/#primaryimage\"},\"thumbnailUrl\":\"https:\\\/\\\/kidsplay.lt\\\/wp-content\\\/uploads\\\/2025\\\/10\\\/WOOPIE-Mazojo-gelininko-komplektas.jpg\",\"datePublished\":\"2025-10-27T15:07:38+00:00\",\"dateModified\":\"2026-04-07T07:16:22+00:00\",\"description\":\"WOOPIE Ma\u017eojo g\u0117lininko komplektas - KidsPlay. Did\u017eiausias vaik\u0173 \u017eaisl\u0173 pasirinkimas.\",\"breadcrumb\":{\"@id\":\"https:\\\/\\\/kidsplay.lt\\\/produktas\\\/woopie-mazojo-gelininko-komplektas\\\/#breadcrumb\"},\"inLanguage\":\"lv-LV\",\"potentialAction\":[{\"@type\":\"ReadAction\",\"target\":[\"https:\\\/\\\/kidsplay.lt\\\/produktas\\\/woopie-mazojo-gelininko-komplektas\\\/\"]}]},{\"@type\":\"ImageObject\",\"inLanguage\":\"lv-LV\",\"@id\":\"https:\\\/\\\/kidsplay.lt\\\/produktas\\\/woopie-mazojo-gelininko-komplektas\\\/#primaryimage\",\"url\":\"https:\\\/\\\/kidsplay.lt\\\/wp-content\\\/uploads\\\/2025\\\/10\\\/WOOPIE-Mazojo-gelininko-komplektas.jpg\",\"contentUrl\":\"https:\\\/\\\/kidsplay.lt\\\/wp-content\\\/uploads\\\/2025\\\/10\\\/WOOPIE-Mazojo-gelininko-komplektas.jpg\",\"width\":1000,\"height\":1000,\"caption\":\"WOOPIE Ma\u017eojo g\u0117lininko komplektas\"},{\"@type\":\"BreadcrumbList\",\"@id\":\"https:\\\/\\\/kidsplay.lt\\\/produktas\\\/woopie-mazojo-gelininko-komplektas\\\/#breadcrumb\",\"itemListElement\":[{\"@type\":\"ListItem\",\"position\":1,\"name\":\"Pagrindinis\",\"item\":\"https:\\\/\\\/kidsplay.lt\\\/\"},{\"@type\":\"ListItem\",\"position\":2,\"name\":\"Parduotuv\u0117\",\"item\":\"https:\\\/\\\/kidsplay.lt\\\/parduotuve\\\/\"},{\"@type\":\"ListItem\",\"position\":3,\"name\":\"WOOPIE Ma\u017eojo g\u0117lininko komplektas\"}]},{\"@type\":\"WebSite\",\"@id\":\"https:\\\/\\\/kidsplay.lt\\\/#website\",\"url\":\"https:\\\/\\\/kidsplay.lt\\\/\",\"name\":\"Kidsplay.lt\",\"description\":\"\u012evairios prek\u0117s vaikams\",\"publisher\":{\"@id\":\"https:\\\/\\\/kidsplay.lt\\\/#organization\"},\"alternateName\":\"Kidsplay\",\"potentialAction\":[{\"@type\":\"SearchAction\",\"target\":{\"@type\":\"EntryPoint\",\"urlTemplate\":\"https:\\\/\\\/kidsplay.lt\\\/?s={search_term_string}\"},\"query-input\":{\"@type\":\"PropertyValueSpecification\",\"valueRequired\":true,\"valueName\":\"search_term_string\"}}],\"inLanguage\":\"lv-LV\"},{\"@type\":\"Organization\",\"@id\":\"https:\\\/\\\/kidsplay.lt\\\/#organization\",\"name\":\"KidsPlay\",\"url\":\"https:\\\/\\\/kidsplay.lt\\\/\",\"logo\":{\"@type\":\"ImageObject\",\"inLanguage\":\"lv-LV\",\"@id\":\"https:\\\/\\\/kidsplay.lt\\\/#\\\/schema\\\/logo\\\/image\\\/\",\"url\":\"https:\\\/\\\/kidsplay.lt\\\/wp-content\\\/uploads\\\/2023\\\/07\\\/kidsplay-logo.png\",\"contentUrl\":\"https:\\\/\\\/kidsplay.lt\\\/wp-content\\\/uploads\\\/2023\\\/07\\\/kidsplay-logo.png\",\"width\":451,\"height\":98,\"caption\":\"KidsPlay\"},\"image\":{\"@id\":\"https:\\\/\\\/kidsplay.lt\\\/#\\\/schema\\\/logo\\\/image\\\/\"},\"sameAs\":[\"https:\\\/\\\/www.facebook.com\\\/www.kidsplay.lt\"]}]}<\/script>\n<!-- \/ Yoast SEO plugin. -->","yoast_head_json":{"title":"WOOPIE mazais floristu komplekts","description":"WOOPIE Ma\u017eojo g\u0117lininko komplektas - KidsPlay. Did\u017eiausias vaik\u0173 \u017eaisl\u0173 pasirinkimas.","robots":{"index":"index","follow":"follow","max-snippet":"max-snippet:-1","max-image-preview":"max-image-preview:large","max-video-preview":"max-video-preview:-1"},"canonical":"https:\/\/kidsplay.lt\/lv\/products\/woopie-mazojo-gelininko-komplektas\/","og_locale":"lv_LV","og_type":"article","og_title":"WOOPIE Ma\u017eojo g\u0117lininko komplektas","og_description":"WOOPIE Ma\u017eojo g\u0117lininko komplektas - KidsPlay. Did\u017eiausias vaik\u0173 \u017eaisl\u0173 pasirinkimas.","og_url":"https:\/\/kidsplay.lt\/lv\/products\/woopie-mazojo-gelininko-komplektas\/","og_site_name":"KidsPlay","article_publisher":"https:\/\/www.facebook.com\/www.kidsplay.lt","article_modified_time":"2026-04-07T07:16:22+00:00","og_image":[{"width":1000,"height":1000,"url":"https:\/\/kidsplay.lt\/wp-content\/uploads\/2025\/10\/WOOPIE-Mazojo-gelininko-komplektas.jpg","type":"image\/jpeg"}],"twitter_card":"summary_large_image","twitter_misc":{"Est. reading time":"1 min\u016bte"},"schema":{"@context":"https:\/\/schema.org","@graph":[{"@type":"WebPage","@id":"https:\/\/kidsplay.lt\/produktas\/woopie-mazojo-gelininko-komplektas\/","url":"https:\/\/kidsplay.lt\/produktas\/woopie-mazojo-gelininko-komplektas\/","name":"WOOPIE mazais floristu komplekts","isPartOf":{"@id":"https:\/\/kidsplay.lt\/#website"},"primaryImageOfPage":{"@id":"https:\/\/kidsplay.lt\/produktas\/woopie-mazojo-gelininko-komplektas\/#primaryimage"},"image":{"@id":"https:\/\/kidsplay.lt\/produktas\/woopie-mazojo-gelininko-komplektas\/#primaryimage"},"thumbnailUrl":"https:\/\/kidsplay.lt\/wp-content\/uploads\/2025\/10\/WOOPIE-Mazojo-gelininko-komplektas.jpg","datePublished":"2025-10-27T15:07:38+00:00","dateModified":"2026-04-07T07:16:22+00:00","description":"WOOPIE Ma\u017eojo g\u0117lininko komplektas - KidsPlay. Did\u017eiausias vaik\u0173 \u017eaisl\u0173 pasirinkimas.","breadcrumb":{"@id":"https:\/\/kidsplay.lt\/produktas\/woopie-mazojo-gelininko-komplektas\/#breadcrumb"},"inLanguage":"lv-LV","potentialAction":[{"@type":"ReadAction","target":["https:\/\/kidsplay.lt\/produktas\/woopie-mazojo-gelininko-komplektas\/"]}]},{"@type":"ImageObject","inLanguage":"lv-LV","@id":"https:\/\/kidsplay.lt\/produktas\/woopie-mazojo-gelininko-komplektas\/#primaryimage","url":"https:\/\/kidsplay.lt\/wp-content\/uploads\/2025\/10\/WOOPIE-Mazojo-gelininko-komplektas.jpg","contentUrl":"https:\/\/kidsplay.lt\/wp-content\/uploads\/2025\/10\/WOOPIE-Mazojo-gelininko-komplektas.jpg","width":1000,"height":1000,"caption":"WOOPIE Ma\u017eojo g\u0117lininko komplektas"},{"@type":"BreadcrumbList","@id":"https:\/\/kidsplay.lt\/produktas\/woopie-mazojo-gelininko-komplektas\/#breadcrumb","itemListElement":[{"@type":"ListItem","position":1,"name":"Pagrindinis","item":"https:\/\/kidsplay.lt\/"},{"@type":"ListItem","position":2,"name":"Parduotuv\u0117","item":"https:\/\/kidsplay.lt\/parduotuve\/"},{"@type":"ListItem","position":3,"name":"WOOPIE Ma\u017eojo g\u0117lininko komplektas"}]},{"@type":"WebSite","@id":"https:\/\/kidsplay.lt\/#website","url":"https:\/\/kidsplay.lt\/","name":"B\u0113rnu sp\u0113les.lv","description":"\u012evairios prek\u0117s vaikams","publisher":{"@id":"https:\/\/kidsplay.lt\/#organization"},"alternateName":"Kidsplay","potentialAction":[{"@type":"SearchAction","target":{"@type":"EntryPoint","urlTemplate":"https:\/\/kidsplay.lt\/?s={search_term_string}"},"query-input":{"@type":"PropertyValueSpecification","valueRequired":true,"valueName":"search_term_string"}}],"inLanguage":"lv-LV"},{"@type":"Organization","@id":"https:\/\/kidsplay.lt\/#organization","name":"B\u0113rnu sp\u0113le","url":"https:\/\/kidsplay.lt\/","logo":{"@type":"ImageObject","inLanguage":"lv-LV","@id":"https:\/\/kidsplay.lt\/#\/schema\/logo\/image\/","url":"https:\/\/kidsplay.lt\/wp-content\/uploads\/2023\/07\/kidsplay-logo.png","contentUrl":"https:\/\/kidsplay.lt\/wp-content\/uploads\/2023\/07\/kidsplay-logo.png","width":451,"height":98,"caption":"KidsPlay"},"image":{"@id":"https:\/\/kidsplay.lt\/#\/schema\/logo\/image\/"},"sameAs":["https:\/\/www.facebook.com\/www.kidsplay.lt"]}]}},"_links":{"self":[{"href":"https:\/\/kidsplay.lt\/lv\/wp-json\/wp\/v2\/product\/78631","targetHints":{"allow":["GET"]}}],"collection":[{"href":"https:\/\/kidsplay.lt\/lv\/wp-json\/wp\/v2\/product"}],"about":[{"href":"https:\/\/kidsplay.lt\/lv\/wp-json\/wp\/v2\/types\/product"}],"version-history":[{"count":1,"href":"https:\/\/kidsplay.lt\/lv\/wp-json\/wp\/v2\/product\/78631\/revisions"}],"predecessor-version":[{"id":78632,"href":"https:\/\/kidsplay.lt\/lv\/wp-json\/wp\/v2\/product\/78631\/revisions\/78632"}],"wp:featuredmedia":[{"embeddable":true,"href":"https:\/\/kidsplay.lt\/lv\/wp-json\/wp\/v2\/media\/78633"}],"wp:attachment":[{"href":"https:\/\/kidsplay.lt\/lv\/wp-json\/wp\/v2\/media?parent=78631"}],"wp:term":[{"taxonomy":"product_brand","embeddable":true,"href":"https:\/\/kidsplay.lt\/lv\/wp-json\/wp\/v2\/product_brand?post=78631"},{"taxonomy":"product_cat","embeddable":true,"href":"https:\/\/kidsplay.lt\/lv\/wp-json\/wp\/v2\/product_cat?post=78631"},{"taxonomy":"product_tag","embeddable":true,"href":"https:\/\/kidsplay.lt\/lv\/wp-json\/wp\/v2\/product_tag?post=78631"}],"curies":[{"name":"wp","href":"https:\/\/api.w.org\/{rel}","templated":true}]}}