{"id":78641,"date":"2025-10-27T17:08:24","date_gmt":"2025-10-27T15:08:24","guid":{"rendered":"https:\/\/kidsplay.lt\/produktas\/viga-polarb-mediniu-mugiu-stendu-rinkinys-xxl-prekystaliu-priedu-parduotuve\/"},"modified":"2026-04-13T14:37:19","modified_gmt":"2026-04-13T11:37:19","slug":"viga-polarb-mediniu-mugiu-stendu-rinkinys-xxl-prekystaliu-priedu-parduotuve","status":"publish","type":"product","link":"https:\/\/kidsplay.lt\/lv\/products\/viga-polarb-mediniu-mugiu-stendu-rinkinys-xxl-prekystaliu-priedu-parduotuve\/","title":{"rendered":"VIGA PolarB koka tirdzniec\u012bbas izst\u0101\u017eu stenda komplekts XXl stenda aksesu\u0101ru veikals"},"content":{"rendered":"<p>Koka tirdzniec\u012bbas stends no z\u012bmola VIG\u0102, kas \u013caus jums p\u0101rdev\u0113ja lomu pacelt augst\u0101k\u0101 l\u012bmen\u012b. Izgatavots no mas\u012bvkoka, paste\u013cza\u013cos to\u0146os nokr\u0101sotais stends noteikti iepriecin\u0101s j\u016bsu b\u0113rnus un k\u013c\u016bs par vi\u0146u iecien\u012bt\u0101ko rota\u013cu st\u016br\u012bti. Tam ir divi plaukti, no kuriem aug\u0161\u0113jais ir sadal\u012bts tr\u012bs atsevi\u0161\u0137\u0101s da\u013c\u0101s, auduma nojume, neliela kr\u012bta t\u0101fele p\u0101rdo\u0161an\u0101 eso\u0161o pre\u010du aprakst\u012b\u0161anai un cenu ievad\u012b\u0161anai, k\u0101 ar\u012b mazs zvani\u0146i\u0146\u0161 klientu uzman\u012bbas piesaist\u012b\u0161anai. N\u0101k komplekt\u0101 ar 18 p\u0101rtikas produktiem, kas ne\u013caus \u0161im kioskam palikt tuk\u0161am.<\/p>\n<p>Raksturojums:<\/p>\n<p> \t- rota\u013clieta no 3 gadu vecuma<br \/>\n \t\u2013 komplekt\u0101 atrad\u012bsiet 18 p\u0101rtikas produktus<br \/>\n \t\u2013 neliela t\u0101fele produktu cenu saglab\u0101\u0161anai<br \/>\n \t\u2013 var\u0113tu k\u013c\u016bt par iecien\u012btu lomu sp\u0113\u013cu st\u016br\u012bti<br \/>\n \t\u2013 izgatavots no mas\u012bvkoka, kr\u0101sots ar netoksisku kr\u0101su<\/p>","protected":false},"excerpt":{"rendered":"<p>Medinis prekybos mug\u0117s stendas\u00a0i\u0161 mark\u0117s\u00a0VIG\u0104\u00a0tai leis jums imtis auk\u0161tesnio lygio \u012fdomus \u017eaisti pardav\u0117jo vaidmen\u012f. Pagaminta\u00a0pagaminta i\u0161 med\u017eio masyvo\u00a0pasteliniais \u017ealios spalvos<\/p>","protected":false},"featured_media":78643,"template":"","meta":{"_acf_changed":false,"_glsr_average":0,"_glsr_ranking":0,"_glsr_reviews":0},"product_brand":[],"product_cat":[893,399,229],"product_tag":[],"class_list":{"0":"post-78641","1":"product","2":"type-product","3":"status-publish","4":"has-post-thumbnail","6":"product_cat-parduotuves","7":"product_cat-vaidmenu-zaidimai-2","8":"product_cat-zaislai-vaikams","9":"\"style=\"background-color: #2ecc711c;\"","11":"first","12":"instock","13":"purchasable","14":"product-type-simple"},"acf":[],"yoast_head":"<!-- This site is optimized with the Yoast SEO plugin v27.3 - https:\/\/yoast.com\/product\/yoast-seo-wordpress\/ -->\n<title>VIGA PolarB medini\u0173 mugi\u0173 stend\u0173 rinkinys XXl prekystali\u0173 pried\u0173 parduotuv\u0117<\/title>\n<meta name=\"description\" content=\"VIGA PolarB medini\u0173 mugi\u0173 stend\u0173 rinkinys XXl prekystali\u0173 pried\u0173 parduotuv\u0117 - KidsPlay. Did\u017eiausias vaik\u0173 \u017eaisl\u0173 pasirinkimas.\" \/>\n<meta name=\"robots\" content=\"index, follow, max-snippet:-1, max-image-preview:large, max-video-preview:-1\" \/>\n<link rel=\"canonical\" href=\"https:\/\/kidsplay.lt\/lv\/products\/viga-polarb-mediniu-mugiu-stendu-rinkinys-xxl-prekystaliu-priedu-parduotuve\/\" \/>\n<meta property=\"og:locale\" content=\"lv_LV\" \/>\n<meta property=\"og:type\" content=\"article\" \/>\n<meta property=\"og:title\" content=\"VIGA PolarB medini\u0173 mugi\u0173 stend\u0173 rinkinys XXl prekystali\u0173 pried\u0173 parduotuv\u0117\" \/>\n<meta property=\"og:description\" content=\"VIGA PolarB medini\u0173 mugi\u0173 stend\u0173 rinkinys XXl prekystali\u0173 pried\u0173 parduotuv\u0117 - KidsPlay. Did\u017eiausias vaik\u0173 \u017eaisl\u0173 pasirinkimas.\" \/>\n<meta property=\"og:url\" content=\"https:\/\/kidsplay.lt\/lv\/products\/viga-polarb-mediniu-mugiu-stendu-rinkinys-xxl-prekystaliu-priedu-parduotuve\/\" \/>\n<meta property=\"og:site_name\" content=\"KidsPlay\" \/>\n<meta property=\"article:publisher\" content=\"https:\/\/www.facebook.com\/www.kidsplay.lt\" \/>\n<meta property=\"article:modified_time\" content=\"2026-04-13T11:37:19+00:00\" \/>\n<meta property=\"og:image\" content=\"https:\/\/kidsplay.lt\/wp-content\/uploads\/2025\/10\/VIGA-PolarB-mediniu-mugiu-stendu-rinkinys-XXl-prekystaliu-priedu-parduotuve.jpg\" \/>\n\t<meta property=\"og:image:width\" content=\"1600\" \/>\n\t<meta property=\"og:image:height\" content=\"2000\" \/>\n\t<meta property=\"og:image:type\" content=\"image\/jpeg\" \/>\n<meta name=\"twitter:card\" content=\"summary_large_image\" \/>\n<meta name=\"twitter:label1\" content=\"Est. reading time\" \/>\n\t<meta name=\"twitter:data1\" content=\"1 min\u016bte\" \/>\n<script type=\"application\/ld+json\" class=\"yoast-schema-graph\">{\"@context\":\"https:\\\/\\\/schema.org\",\"@graph\":[{\"@type\":\"WebPage\",\"@id\":\"https:\\\/\\\/kidsplay.lt\\\/produktas\\\/viga-polarb-mediniu-mugiu-stendu-rinkinys-xxl-prekystaliu-priedu-parduotuve\\\/\",\"url\":\"https:\\\/\\\/kidsplay.lt\\\/produktas\\\/viga-polarb-mediniu-mugiu-stendu-rinkinys-xxl-prekystaliu-priedu-parduotuve\\\/\",\"name\":\"VIGA PolarB medini\u0173 mugi\u0173 stend\u0173 rinkinys XXl prekystali\u0173 pried\u0173 parduotuv\u0117\",\"isPartOf\":{\"@id\":\"https:\\\/\\\/kidsplay.lt\\\/#website\"},\"primaryImageOfPage\":{\"@id\":\"https:\\\/\\\/kidsplay.lt\\\/produktas\\\/viga-polarb-mediniu-mugiu-stendu-rinkinys-xxl-prekystaliu-priedu-parduotuve\\\/#primaryimage\"},\"image\":{\"@id\":\"https:\\\/\\\/kidsplay.lt\\\/produktas\\\/viga-polarb-mediniu-mugiu-stendu-rinkinys-xxl-prekystaliu-priedu-parduotuve\\\/#primaryimage\"},\"thumbnailUrl\":\"https:\\\/\\\/kidsplay.lt\\\/wp-content\\\/uploads\\\/2025\\\/10\\\/VIGA-PolarB-mediniu-mugiu-stendu-rinkinys-XXl-prekystaliu-priedu-parduotuve.jpg\",\"datePublished\":\"2025-10-27T15:08:24+00:00\",\"dateModified\":\"2026-04-13T11:37:19+00:00\",\"description\":\"VIGA PolarB medini\u0173 mugi\u0173 stend\u0173 rinkinys XXl prekystali\u0173 pried\u0173 parduotuv\u0117 - KidsPlay. Did\u017eiausias vaik\u0173 \u017eaisl\u0173 pasirinkimas.\",\"breadcrumb\":{\"@id\":\"https:\\\/\\\/kidsplay.lt\\\/produktas\\\/viga-polarb-mediniu-mugiu-stendu-rinkinys-xxl-prekystaliu-priedu-parduotuve\\\/#breadcrumb\"},\"inLanguage\":\"lv-LV\",\"potentialAction\":[{\"@type\":\"ReadAction\",\"target\":[\"https:\\\/\\\/kidsplay.lt\\\/produktas\\\/viga-polarb-mediniu-mugiu-stendu-rinkinys-xxl-prekystaliu-priedu-parduotuve\\\/\"]}]},{\"@type\":\"ImageObject\",\"inLanguage\":\"lv-LV\",\"@id\":\"https:\\\/\\\/kidsplay.lt\\\/produktas\\\/viga-polarb-mediniu-mugiu-stendu-rinkinys-xxl-prekystaliu-priedu-parduotuve\\\/#primaryimage\",\"url\":\"https:\\\/\\\/kidsplay.lt\\\/wp-content\\\/uploads\\\/2025\\\/10\\\/VIGA-PolarB-mediniu-mugiu-stendu-rinkinys-XXl-prekystaliu-priedu-parduotuve.jpg\",\"contentUrl\":\"https:\\\/\\\/kidsplay.lt\\\/wp-content\\\/uploads\\\/2025\\\/10\\\/VIGA-PolarB-mediniu-mugiu-stendu-rinkinys-XXl-prekystaliu-priedu-parduotuve.jpg\",\"width\":1600,\"height\":2000,\"caption\":\"VIGA PolarB medini\u0173 mugi\u0173 stend\u0173 rinkinys XXl prekystali\u0173 pried\u0173 parduotuv\u0117\"},{\"@type\":\"BreadcrumbList\",\"@id\":\"https:\\\/\\\/kidsplay.lt\\\/produktas\\\/viga-polarb-mediniu-mugiu-stendu-rinkinys-xxl-prekystaliu-priedu-parduotuve\\\/#breadcrumb\",\"itemListElement\":[{\"@type\":\"ListItem\",\"position\":1,\"name\":\"Pagrindinis\",\"item\":\"https:\\\/\\\/kidsplay.lt\\\/\"},{\"@type\":\"ListItem\",\"position\":2,\"name\":\"Parduotuv\u0117\",\"item\":\"https:\\\/\\\/kidsplay.lt\\\/parduotuve\\\/\"},{\"@type\":\"ListItem\",\"position\":3,\"name\":\"VIGA PolarB medini\u0173 mugi\u0173 stend\u0173 rinkinys XXl prekystali\u0173 pried\u0173 parduotuv\u0117\"}]},{\"@type\":\"WebSite\",\"@id\":\"https:\\\/\\\/kidsplay.lt\\\/#website\",\"url\":\"https:\\\/\\\/kidsplay.lt\\\/\",\"name\":\"Kidsplay.lt\",\"description\":\"\u012evairios prek\u0117s vaikams\",\"publisher\":{\"@id\":\"https:\\\/\\\/kidsplay.lt\\\/#organization\"},\"alternateName\":\"Kidsplay\",\"potentialAction\":[{\"@type\":\"SearchAction\",\"target\":{\"@type\":\"EntryPoint\",\"urlTemplate\":\"https:\\\/\\\/kidsplay.lt\\\/?s={search_term_string}\"},\"query-input\":{\"@type\":\"PropertyValueSpecification\",\"valueRequired\":true,\"valueName\":\"search_term_string\"}}],\"inLanguage\":\"lv-LV\"},{\"@type\":\"Organization\",\"@id\":\"https:\\\/\\\/kidsplay.lt\\\/#organization\",\"name\":\"KidsPlay\",\"url\":\"https:\\\/\\\/kidsplay.lt\\\/\",\"logo\":{\"@type\":\"ImageObject\",\"inLanguage\":\"lv-LV\",\"@id\":\"https:\\\/\\\/kidsplay.lt\\\/#\\\/schema\\\/logo\\\/image\\\/\",\"url\":\"https:\\\/\\\/kidsplay.lt\\\/wp-content\\\/uploads\\\/2023\\\/07\\\/kidsplay-logo.png\",\"contentUrl\":\"https:\\\/\\\/kidsplay.lt\\\/wp-content\\\/uploads\\\/2023\\\/07\\\/kidsplay-logo.png\",\"width\":451,\"height\":98,\"caption\":\"KidsPlay\"},\"image\":{\"@id\":\"https:\\\/\\\/kidsplay.lt\\\/#\\\/schema\\\/logo\\\/image\\\/\"},\"sameAs\":[\"https:\\\/\\\/www.facebook.com\\\/www.kidsplay.lt\"]}]}<\/script>\n<!-- \/ Yoast SEO plugin. -->","yoast_head_json":{"title":"VIGA PolarB koka tirdzniec\u012bbas izst\u0101\u017eu stenda komplekts XXl stenda aksesu\u0101ru veikals","description":"VIGA PolarB medini\u0173 mugi\u0173 stend\u0173 rinkinys XXl prekystali\u0173 pried\u0173 parduotuv\u0117 - KidsPlay. Did\u017eiausias vaik\u0173 \u017eaisl\u0173 pasirinkimas.","robots":{"index":"index","follow":"follow","max-snippet":"max-snippet:-1","max-image-preview":"max-image-preview:large","max-video-preview":"max-video-preview:-1"},"canonical":"https:\/\/kidsplay.lt\/lv\/products\/viga-polarb-mediniu-mugiu-stendu-rinkinys-xxl-prekystaliu-priedu-parduotuve\/","og_locale":"lv_LV","og_type":"article","og_title":"VIGA PolarB medini\u0173 mugi\u0173 stend\u0173 rinkinys XXl prekystali\u0173 pried\u0173 parduotuv\u0117","og_description":"VIGA PolarB medini\u0173 mugi\u0173 stend\u0173 rinkinys XXl prekystali\u0173 pried\u0173 parduotuv\u0117 - KidsPlay. Did\u017eiausias vaik\u0173 \u017eaisl\u0173 pasirinkimas.","og_url":"https:\/\/kidsplay.lt\/lv\/products\/viga-polarb-mediniu-mugiu-stendu-rinkinys-xxl-prekystaliu-priedu-parduotuve\/","og_site_name":"KidsPlay","article_publisher":"https:\/\/www.facebook.com\/www.kidsplay.lt","article_modified_time":"2026-04-13T11:37:19+00:00","og_image":[{"width":1600,"height":2000,"url":"https:\/\/kidsplay.lt\/wp-content\/uploads\/2025\/10\/VIGA-PolarB-mediniu-mugiu-stendu-rinkinys-XXl-prekystaliu-priedu-parduotuve.jpg","type":"image\/jpeg"}],"twitter_card":"summary_large_image","twitter_misc":{"Est. reading time":"1 min\u016bte"},"schema":{"@context":"https:\/\/schema.org","@graph":[{"@type":"WebPage","@id":"https:\/\/kidsplay.lt\/produktas\/viga-polarb-mediniu-mugiu-stendu-rinkinys-xxl-prekystaliu-priedu-parduotuve\/","url":"https:\/\/kidsplay.lt\/produktas\/viga-polarb-mediniu-mugiu-stendu-rinkinys-xxl-prekystaliu-priedu-parduotuve\/","name":"VIGA PolarB koka tirdzniec\u012bbas izst\u0101\u017eu stenda komplekts XXl stenda aksesu\u0101ru veikals","isPartOf":{"@id":"https:\/\/kidsplay.lt\/#website"},"primaryImageOfPage":{"@id":"https:\/\/kidsplay.lt\/produktas\/viga-polarb-mediniu-mugiu-stendu-rinkinys-xxl-prekystaliu-priedu-parduotuve\/#primaryimage"},"image":{"@id":"https:\/\/kidsplay.lt\/produktas\/viga-polarb-mediniu-mugiu-stendu-rinkinys-xxl-prekystaliu-priedu-parduotuve\/#primaryimage"},"thumbnailUrl":"https:\/\/kidsplay.lt\/wp-content\/uploads\/2025\/10\/VIGA-PolarB-mediniu-mugiu-stendu-rinkinys-XXl-prekystaliu-priedu-parduotuve.jpg","datePublished":"2025-10-27T15:08:24+00:00","dateModified":"2026-04-13T11:37:19+00:00","description":"VIGA PolarB medini\u0173 mugi\u0173 stend\u0173 rinkinys XXl prekystali\u0173 pried\u0173 parduotuv\u0117 - KidsPlay. Did\u017eiausias vaik\u0173 \u017eaisl\u0173 pasirinkimas.","breadcrumb":{"@id":"https:\/\/kidsplay.lt\/produktas\/viga-polarb-mediniu-mugiu-stendu-rinkinys-xxl-prekystaliu-priedu-parduotuve\/#breadcrumb"},"inLanguage":"lv-LV","potentialAction":[{"@type":"ReadAction","target":["https:\/\/kidsplay.lt\/produktas\/viga-polarb-mediniu-mugiu-stendu-rinkinys-xxl-prekystaliu-priedu-parduotuve\/"]}]},{"@type":"ImageObject","inLanguage":"lv-LV","@id":"https:\/\/kidsplay.lt\/produktas\/viga-polarb-mediniu-mugiu-stendu-rinkinys-xxl-prekystaliu-priedu-parduotuve\/#primaryimage","url":"https:\/\/kidsplay.lt\/wp-content\/uploads\/2025\/10\/VIGA-PolarB-mediniu-mugiu-stendu-rinkinys-XXl-prekystaliu-priedu-parduotuve.jpg","contentUrl":"https:\/\/kidsplay.lt\/wp-content\/uploads\/2025\/10\/VIGA-PolarB-mediniu-mugiu-stendu-rinkinys-XXl-prekystaliu-priedu-parduotuve.jpg","width":1600,"height":2000,"caption":"VIGA PolarB medini\u0173 mugi\u0173 stend\u0173 rinkinys XXl prekystali\u0173 pried\u0173 parduotuv\u0117"},{"@type":"BreadcrumbList","@id":"https:\/\/kidsplay.lt\/produktas\/viga-polarb-mediniu-mugiu-stendu-rinkinys-xxl-prekystaliu-priedu-parduotuve\/#breadcrumb","itemListElement":[{"@type":"ListItem","position":1,"name":"Pagrindinis","item":"https:\/\/kidsplay.lt\/"},{"@type":"ListItem","position":2,"name":"Parduotuv\u0117","item":"https:\/\/kidsplay.lt\/parduotuve\/"},{"@type":"ListItem","position":3,"name":"VIGA PolarB medini\u0173 mugi\u0173 stend\u0173 rinkinys XXl prekystali\u0173 pried\u0173 parduotuv\u0117"}]},{"@type":"WebSite","@id":"https:\/\/kidsplay.lt\/#website","url":"https:\/\/kidsplay.lt\/","name":"B\u0113rnu sp\u0113les.lv","description":"\u012evairios prek\u0117s vaikams","publisher":{"@id":"https:\/\/kidsplay.lt\/#organization"},"alternateName":"Kidsplay","potentialAction":[{"@type":"SearchAction","target":{"@type":"EntryPoint","urlTemplate":"https:\/\/kidsplay.lt\/?s={search_term_string}"},"query-input":{"@type":"PropertyValueSpecification","valueRequired":true,"valueName":"search_term_string"}}],"inLanguage":"lv-LV"},{"@type":"Organization","@id":"https:\/\/kidsplay.lt\/#organization","name":"B\u0113rnu sp\u0113le","url":"https:\/\/kidsplay.lt\/","logo":{"@type":"ImageObject","inLanguage":"lv-LV","@id":"https:\/\/kidsplay.lt\/#\/schema\/logo\/image\/","url":"https:\/\/kidsplay.lt\/wp-content\/uploads\/2023\/07\/kidsplay-logo.png","contentUrl":"https:\/\/kidsplay.lt\/wp-content\/uploads\/2023\/07\/kidsplay-logo.png","width":451,"height":98,"caption":"KidsPlay"},"image":{"@id":"https:\/\/kidsplay.lt\/#\/schema\/logo\/image\/"},"sameAs":["https:\/\/www.facebook.com\/www.kidsplay.lt"]}]}},"_links":{"self":[{"href":"https:\/\/kidsplay.lt\/lv\/wp-json\/wp\/v2\/product\/78641","targetHints":{"allow":["GET"]}}],"collection":[{"href":"https:\/\/kidsplay.lt\/lv\/wp-json\/wp\/v2\/product"}],"about":[{"href":"https:\/\/kidsplay.lt\/lv\/wp-json\/wp\/v2\/types\/product"}],"version-history":[{"count":1,"href":"https:\/\/kidsplay.lt\/lv\/wp-json\/wp\/v2\/product\/78641\/revisions"}],"predecessor-version":[{"id":78642,"href":"https:\/\/kidsplay.lt\/lv\/wp-json\/wp\/v2\/product\/78641\/revisions\/78642"}],"wp:featuredmedia":[{"embeddable":true,"href":"https:\/\/kidsplay.lt\/lv\/wp-json\/wp\/v2\/media\/78643"}],"wp:attachment":[{"href":"https:\/\/kidsplay.lt\/lv\/wp-json\/wp\/v2\/media?parent=78641"}],"wp:term":[{"taxonomy":"product_brand","embeddable":true,"href":"https:\/\/kidsplay.lt\/lv\/wp-json\/wp\/v2\/product_brand?post=78641"},{"taxonomy":"product_cat","embeddable":true,"href":"https:\/\/kidsplay.lt\/lv\/wp-json\/wp\/v2\/product_cat?post=78641"},{"taxonomy":"product_tag","embeddable":true,"href":"https:\/\/kidsplay.lt\/lv\/wp-json\/wp\/v2\/product_tag?post=78641"}],"curies":[{"name":"wp","href":"https:\/\/api.w.org\/{rel}","templated":true}]}}